{"id":26259,"date":"2026-04-27T08:51:05","date_gmt":"2026-04-27T08:51:05","guid":{"rendered":"https:\/\/nauti-parts.com\/?post_type=product&#038;p=26259"},"modified":"2026-04-27T09:30:46","modified_gmt":"2026-04-27T09:30:46","slug":"waydoo-subnado-seascooter-copy","status":"publish","type":"product","link":"https:\/\/nauti-parts.com\/es\/shop\/tablas-y-esquis\/e-foils\/waydoo\/waydoo-subnado-seascooter-copy\/","title":{"rendered":"Waydoo Subnado Plus Seascooter"},"content":{"rendered":"<div id=\"model-response-message-contentr_90fe792d02e382e1\" class=\"markdown markdown-main-panel enable-updated-hr-color\" dir=\"ltr\">\n<h3 data-path-to-node=\"2\">Waydoo Subnado Plus &#8211; El Scooter Subacu\u00e1tico Compacto Definitivo<\/h3>\n<hr>\n<p id=\"p-rc_eb981c058b35f9f5-31\" data-path-to-node=\"3\"><b data-path-to-node=\"3\" data-index-in-node=\"0\">Experimenta el siguiente nivel de propulsi\u00f3n subacu\u00e1tica.  <span class=\"citation-27\">M\u00e1s potencia, m\u00e1s velocidad y mayor autonom\u00eda en un dise\u00f1o ultraport\u00e1til.<\/span><\/b><\/p>\n<p id=\"p-rc_eb981c058b35f9f5-32\" data-path-to-node=\"4\">El Waydoo Subnado Plus es la actualizaci\u00f3n de alto rendimiento del patinete subacu\u00e1tico m\u00e1s peque\u00f1o del mundo.  <span class=\"citation-26 citation-end-26\">Dise\u00f1ada para buceadores, buceadores con tubo y entusiastas de los deportes acu\u00e1ticos que exigen un empuje extra, la versi\u00f3n Plus ofrece una impresionante potencia de 800 W, que te permite deslizarte por el agua con gracia y sin esfuerzo.<\/span>  Tanto si est\u00e1s explorando arrecifes de coral, impulsando tu SUP o filmando secuencias subacu\u00e1ticas cinematogr\u00e1ficas, el Subnado Plus es tu compa\u00f1ero acu\u00e1tico perfecto.<\/p>\n<hr>\n<h3 data-path-to-node=\"5\">Caracter\u00edsticas principales:<\/h3>\n<ul data-path-to-node=\"6\">\n<li>\n<p id=\"p-rc_eb981c058b35f9f5-33\" data-path-to-node=\"6,0,0\"><b data-path-to-node=\"6,0,0\" data-index-in-node=\"0\">Motor mejorado de 800 W:<\/b><span class=\"citation-25 citation-end-25\"> Proporciona hasta 9,3 kg de empuje, alcanzando velocidades de 1,7 m\/s (unidad \u00fanica) o unos asombrosos 2,4 m\/s en configuraci\u00f3n de unidad doble.<\/span><\/p>\n<\/li>\n<li>\n<p id=\"p-rc_eb981c058b35f9f5-34\" data-path-to-node=\"6,1,0\"><b data-path-to-node=\"6,1,0\" data-index-in-node=\"0\">Aprobada por las aerol\u00edneas:<\/b><span class=\"citation-24 citation-end-24\"> A pesar de su mayor potencia, la bater\u00eda de 144 Wh est\u00e1 dise\u00f1ada para viajar, lo que la convierte en la compa\u00f1era de equipaje de mano definitiva para tus aventuras globales.<\/span><\/p>\n<\/li>\n<li>\n<p id=\"p-rc_eb981c058b35f9f5-35\" data-path-to-node=\"6,2,0\"><b data-path-to-node=\"6,2,0\" data-index-in-node=\"0\"><span class=\"citation-23\">Sistema de montaje de liberaci\u00f3n r\u00e1pida:<\/span><\/b><span class=\"citation-23 citation-end-23\"> Un ecosistema vers\u00e1til que te permite montar el Subnado en tus brazos, piernas o incluso en tu tabla de surf y SUP.<\/span><\/p>\n<\/li>\n<li>\n<p id=\"p-rc_eb981c058b35f9f5-36\" data-path-to-node=\"6,3,0\"><b data-path-to-node=\"6,3,0\" data-index-in-node=\"0\">Carga r\u00e1pida y modo banco de energ\u00eda:<\/b><span class=\"citation-22 citation-end-22\"> Dispone de carga r\u00e1pida bidireccional PD3.1 de 140 W (0-100% en aprox.<\/span> 1,2 horas) y puede cargar incluso tu GoPro o smartphone.<\/p>\n<\/li>\n<li>\n<p id=\"p-rc_eb981c058b35f9f5-37\" data-path-to-node=\"6,4,0\"><b data-path-to-node=\"6,4,0\" data-index-in-node=\"0\"><span class=\"citation-21\">Control intuitivo:<\/span><\/b><span class=\"citation-21 citation-end-21\"> Incluye un mando con cable para el pulgar para gestionar con precisi\u00f3n la velocidad y un mando con anillo para el dedo para una aut\u00e9ntica exploraci\u00f3n manos libres.<\/span><\/p>\n<\/li>\n<\/ul>\n<hr>\n<h3 data-path-to-node=\"7\">Sum\u00e9rgete m\u00e1s, explora m\u00e1s<\/h3>\n<p id=\"p-rc_eb981c058b35f9f5-38\" data-path-to-node=\"8\"><span class=\"citation-20\">El Subnado Plus est\u00e1 fabricado con aluminio robusto de calidad aeron\u00e1utica y es sumergible hasta <\/span><b data-path-to-node=\"8\" data-index-in-node=\"89\"><span class=\"citation-20\">60 metros (197 pies)<\/span><\/b><span class=\"citation-20 citation-end-20\">.<\/span> <span class=\"citation-19 citation-end-19\">Su exclusivo sistema de propulsi\u00f3n a chorro est\u00e1 optimizado para ser eficiente, proporcionando un desplazamiento suave y silencioso que no molestar\u00e1 a la vida marina.<\/span> <span class=\"citation-18 citation-end-18\">Con tres ajustes de marcha, puedes elegir entre un crucero tranquilo o una r\u00e1faga de alta velocidad &#8220;Super Gear&#8221; para cuando necesites un impulso extra.<\/span><\/p>\n<hr data-path-to-node=\"9\">\n<h3 data-path-to-node=\"10\">Especificaciones t\u00e9cnicas:<\/h3>\n<table data-path-to-node=\"11\">\n<thead>\n<tr>\n<td><strong>Caracter\u00edstica<\/strong><\/td>\n<td><strong>Especificaci\u00f3n<\/strong><\/td>\n<\/tr>\n<\/thead>\n<tbody>\n<tr>\n<td><span data-path-to-node=\"11,1,0,0\"><b data-path-to-node=\"11,1,0,0\" data-index-in-node=\"0\">Potencia del motor<\/b><\/span><\/td>\n<td><span data-path-to-node=\"11,1,1,0\">800W<\/span><\/td>\n<\/tr>\n<tr>\n<td><span data-path-to-node=\"11,2,0,0\"><b data-path-to-node=\"11,2,0,0\" data-index-in-node=\"0\">Empuje m\u00e1ximo<\/b><\/span><\/td>\n<td><span data-path-to-node=\"11,2,1,0\">9,3 kg (20,5 lbs)<\/span><\/td>\n<\/tr>\n<tr>\n<td><span data-path-to-node=\"11,3,0,0\"><b data-path-to-node=\"11,3,0,0\" data-index-in-node=\"0\">Velocidad m\u00e1xima<\/b><\/span><\/td>\n<td><span data-path-to-node=\"11,3,1,0\">1,7 m\/s (Simple) \/ 2,4 m\/s (Doble)<\/span><\/td>\n<\/tr>\n<tr>\n<td><span data-path-to-node=\"11,4,0,0\"><b data-path-to-node=\"11,4,0,0\" data-index-in-node=\"0\">Profundidad m\u00e1xima<\/b><\/span><\/td>\n<td><span data-path-to-node=\"11,4,1,0\">60 metros (197 pies)<\/span><\/td>\n<\/tr>\n<tr>\n<td><span data-path-to-node=\"11,5,0,0\"><b data-path-to-node=\"11,5,0,0\" data-index-in-node=\"0\">Autonom\u00eda m\u00e1xima<\/b><\/span><\/td>\n<td><span data-path-to-node=\"11,5,1,0\">Hasta 60 minutos<\/span><\/td>\n<\/tr>\n<tr>\n<td><span data-path-to-node=\"11,6,0,0\"><b data-path-to-node=\"11,6,0,0\" data-index-in-node=\"0\">Capacidad de la bater\u00eda<\/b><\/span><\/td>\n<td><span data-path-to-node=\"11,6,1,0\">144Wh Li-ion (homologada para aerol\u00edneas)<\/span><\/td>\n<\/tr>\n<tr>\n<td><span data-path-to-node=\"11,7,0,0\"><b data-path-to-node=\"11,7,0,0\" data-index-in-node=\"0\">Tiempo de carga<\/b><\/span><\/td>\n<td><span data-path-to-node=\"11,7,1,0\">~1,2 horas (mediante carga r\u00e1pida PD3.1 de 140 W)<\/span><\/td>\n<\/tr>\n<tr>\n<td><span data-path-to-node=\"11,8,0,0\"><b data-path-to-node=\"11,8,0,0\" data-index-in-node=\"0\">Peso<\/b><\/span><\/td>\n<td><span data-path-to-node=\"11,8,1,0\">1,8 kg (4,0 libras)<\/span><\/td>\n<\/tr>\n<tr>\n<td><span data-path-to-node=\"11,9,0,0\"><b data-path-to-node=\"11,9,0,0\" data-index-in-node=\"0\">Dimensiones<\/b><\/span><\/td>\n<td><span data-path-to-node=\"11,9,1,0\">397 x 70 x 70 mm<\/span><\/td>\n<\/tr>\n<tr>\n<td><span data-path-to-node=\"11,10,0,0\"><b data-path-to-node=\"11,10,0,0\" data-index-in-node=\"0\">Materiales<\/b><\/span><\/td>\n<td><span data-path-to-node=\"11,10,1,0\">Aleaci\u00f3n de aluminio, espuma EPP, resina<\/span><\/td>\n<\/tr>\n<tr>\n<td><span data-path-to-node=\"11,11,0,0\"><b data-path-to-node=\"11,11,0,0\" data-index-in-node=\"0\">Conectividad<\/b><\/span><\/td>\n<td><span data-path-to-node=\"11,11,1,0\">USB-C (bidireccional)<\/span><\/td>\n<\/tr>\n<tr>\n<td><span data-path-to-node=\"11,12,0,0\"><b data-path-to-node=\"11,12,0,0\" data-index-in-node=\"0\">Montaje<\/b><\/span><\/td>\n<td><span data-path-to-node=\"11,12,1,0\">Tornillo 1\/4-20 UNC (Compatible con GoPro)<\/span><\/td>\n<\/tr>\n<\/tbody>\n<\/table>\n<p>&nbsp;<\/p>\n<hr>\n<h3 data-path-to-node=\"12\">\u00bfQu\u00e9 hay en la caja?<\/h3>\n<ul data-path-to-node=\"13\">\n<li>\n<p data-path-to-node=\"13,0,0\">1x Unidad principal Waydoo Subnado Plus<\/p>\n<\/li>\n<li>\n<p id=\"p-rc_eb981c058b35f9f5-39\" data-path-to-node=\"13,1,0\"><span class=\"citation-17 citation-end-17\">1x Mando con cable para el pulgar (est\u00e1ndar)<\/span><\/p>\n<\/li>\n<li>\n<p data-path-to-node=\"13,2,0\">1x Soporte de asa Subnado Plus<\/p>\n<\/li>\n<li>\n<p id=\"p-rc_eb981c058b35f9f5-40\" data-path-to-node=\"13,3,0\"><span class=\"citation-16 citation-end-16\">1x Soporte de brazo y correas<\/span><\/p>\n<\/li>\n<li>\n<p id=\"p-rc_eb981c058b35f9f5-41\" data-path-to-node=\"13,4,0\"><span class=\"citation-15 citation-end-15\">1x Cable de carga USB-C<\/span><\/p>\n<\/li>\n<li>\n<p id=\"p-rc_eb981c058b35f9f5-42\" data-path-to-node=\"13,5,0\"><span class=\"citation-14 citation-end-14\">Juntas t\u00f3ricas de repuesto y pasador de h\u00e9lice<\/span><\/p>\n<\/li>\n<\/ul>\n<\/div>\n","protected":false},"excerpt":{"rendered":"<h2 class=\"h1 appear-delay\">Potencia duradera &#8211; Diversi\u00f3n sin l\u00edmites<\/h2>\n<div class=\"rte appear-delay-1\">\n<p>Hasta 60 minutos de autonom\u00eda para una exploraci\u00f3n subacu\u00e1tica inmersiva.<\/p>\n<\/div>\n<p>Los precios incluyen IVA y Entrega (25\u20ac)<\/p>\n","protected":false},"featured_media":26275,"comment_status":"open","ping_status":"closed","template":"","meta":{"_acf_changed":false},"product_brand":[],"product_cat":[208,226,383],"product_tag":[],"class_list":{"0":"post-26259","1":"product","2":"type-product","3":"status-publish","4":"has-post-thumbnail","6":"product_cat-juguetes-acuaticos","7":"product_cat-seascooter","8":"product_cat-waydoo","9":"repupress_customize_woocommerce_productom_class","11":"first","12":"instock","13":"taxable","14":"shipping-taxable","15":"purchasable","16":"product-type-simple"},"acf":[],"yoast_head":"<!-- This site is optimized with the Yoast SEO plugin v27.5 - https:\/\/yoast.com\/product\/yoast-seo-wordpress\/ -->\n<title>Waydoo Subnado Plus Seascooter | Nauti Parts<\/title>\n<meta name=\"robots\" content=\"index, follow, max-snippet:-1, max-image-preview:large, max-video-preview:-1\" \/>\n<link rel=\"canonical\" href=\"https:\/\/nauti-parts.com\/es\/shop\/tablas-y-esquis\/e-foils\/waydoo\/waydoo-subnado-seascooter-copy\/\" \/>\n<meta property=\"og:locale\" content=\"es_ES\" \/>\n<meta property=\"og:type\" content=\"article\" \/>\n<meta property=\"og:title\" content=\"Waydoo Subnado Plus Seascooter | Nauti Parts\" \/>\n<meta property=\"og:description\" content=\"Potencia duradera - Diversi\u00f3n sin l\u00edmites  Hasta 60 minutos de autonom\u00eda para una exploraci\u00f3n subacu\u00e1tica inmersiva.  Los precios incluyen IVA y Entrega (25\u20ac)\" \/>\n<meta property=\"og:url\" content=\"https:\/\/nauti-parts.com\/es\/shop\/tablas-y-esquis\/e-foils\/waydoo\/waydoo-subnado-seascooter-copy\/\" \/>\n<meta property=\"og:site_name\" content=\"Nauti Parts\" \/>\n<meta property=\"article:publisher\" content=\"https:\/\/www.facebook.com\/nautipartsspain\/\" \/>\n<meta property=\"article:modified_time\" content=\"2026-04-27T09:30:46+00:00\" \/>\n<meta property=\"og:image\" content=\"https:\/\/nauti-parts.com\/wp-content\/uploads\/2026\/04\/waydoo-subnado-plus--1.webp\" \/>\n\t<meta property=\"og:image:width\" content=\"1500\" \/>\n\t<meta property=\"og:image:height\" content=\"1500\" \/>\n\t<meta property=\"og:image:type\" content=\"image\/webp\" \/>\n<meta name=\"twitter:card\" content=\"summary_large_image\" \/>\n<meta name=\"twitter:label1\" content=\"Tiempo de lectura\" \/>\n\t<meta name=\"twitter:data1\" content=\"2 minutos\" \/>\n<script type=\"application\/ld+json\" class=\"yoast-schema-graph\">{\"@context\":\"https:\\\/\\\/schema.org\",\"@graph\":[{\"@type\":\"WebPage\",\"@id\":\"https:\\\/\\\/nauti-parts.com\\\/es\\\/shop\\\/tablas-y-esquis\\\/e-foils\\\/waydoo\\\/waydoo-subnado-seascooter-copy\\\/\",\"url\":\"https:\\\/\\\/nauti-parts.com\\\/es\\\/shop\\\/tablas-y-esquis\\\/e-foils\\\/waydoo\\\/waydoo-subnado-seascooter-copy\\\/\",\"name\":\"Waydoo Subnado Plus Seascooter | Nauti Parts\",\"isPartOf\":{\"@id\":\"https:\\\/\\\/nauti-parts.com\\\/es\\\/#website\"},\"primaryImageOfPage\":{\"@id\":\"https:\\\/\\\/nauti-parts.com\\\/es\\\/shop\\\/tablas-y-esquis\\\/e-foils\\\/waydoo\\\/waydoo-subnado-seascooter-copy\\\/#primaryimage\"},\"image\":{\"@id\":\"https:\\\/\\\/nauti-parts.com\\\/es\\\/shop\\\/tablas-y-esquis\\\/e-foils\\\/waydoo\\\/waydoo-subnado-seascooter-copy\\\/#primaryimage\"},\"thumbnailUrl\":\"https:\\\/\\\/nauti-parts.com\\\/wp-content\\\/uploads\\\/2026\\\/04\\\/waydoo-subnado-plus--1.webp\",\"datePublished\":\"2026-04-27T08:51:05+00:00\",\"dateModified\":\"2026-04-27T09:30:46+00:00\",\"breadcrumb\":{\"@id\":\"https:\\\/\\\/nauti-parts.com\\\/es\\\/shop\\\/tablas-y-esquis\\\/e-foils\\\/waydoo\\\/waydoo-subnado-seascooter-copy\\\/#breadcrumb\"},\"inLanguage\":\"es\",\"potentialAction\":[{\"@type\":\"ReadAction\",\"target\":[\"https:\\\/\\\/nauti-parts.com\\\/es\\\/shop\\\/tablas-y-esquis\\\/e-foils\\\/waydoo\\\/waydoo-subnado-seascooter-copy\\\/\"]}]},{\"@type\":\"ImageObject\",\"inLanguage\":\"es\",\"@id\":\"https:\\\/\\\/nauti-parts.com\\\/es\\\/shop\\\/tablas-y-esquis\\\/e-foils\\\/waydoo\\\/waydoo-subnado-seascooter-copy\\\/#primaryimage\",\"url\":\"https:\\\/\\\/nauti-parts.com\\\/wp-content\\\/uploads\\\/2026\\\/04\\\/waydoo-subnado-plus--1.webp\",\"contentUrl\":\"https:\\\/\\\/nauti-parts.com\\\/wp-content\\\/uploads\\\/2026\\\/04\\\/waydoo-subnado-plus--1.webp\",\"width\":1500,\"height\":1500},{\"@type\":\"BreadcrumbList\",\"@id\":\"https:\\\/\\\/nauti-parts.com\\\/es\\\/shop\\\/tablas-y-esquis\\\/e-foils\\\/waydoo\\\/waydoo-subnado-seascooter-copy\\\/#breadcrumb\",\"itemListElement\":[{\"@type\":\"ListItem\",\"position\":1,\"name\":\"Tienda\",\"item\":\"https:\\\/\\\/nauti-parts.com\\\/es\\\/tienda\\\/\"},{\"@type\":\"ListItem\",\"position\":2,\"name\":\"Waydoo Subnado Plus Seascooter\"}]},{\"@type\":\"WebSite\",\"@id\":\"https:\\\/\\\/nauti-parts.com\\\/es\\\/#website\",\"url\":\"https:\\\/\\\/nauti-parts.com\\\/es\\\/\",\"name\":\"Nauti Parts\",\"description\":\"Sea-Doo Jet Ski - Seabob Dealer and Rentals | Water Toys Mallorca\",\"publisher\":{\"@id\":\"https:\\\/\\\/nauti-parts.com\\\/es\\\/#organization\"},\"potentialAction\":[{\"@type\":\"SearchAction\",\"target\":{\"@type\":\"EntryPoint\",\"urlTemplate\":\"https:\\\/\\\/nauti-parts.com\\\/es\\\/?s={search_term_string}\"},\"query-input\":{\"@type\":\"PropertyValueSpecification\",\"valueRequired\":true,\"valueName\":\"search_term_string\"}}],\"inLanguage\":\"es\"},{\"@type\":\"Organization\",\"@id\":\"https:\\\/\\\/nauti-parts.com\\\/es\\\/#organization\",\"name\":\"Piezas Nauti\",\"url\":\"https:\\\/\\\/nauti-parts.com\\\/es\\\/\",\"logo\":{\"@type\":\"ImageObject\",\"inLanguage\":\"es\",\"@id\":\"https:\\\/\\\/nauti-parts.com\\\/es\\\/#\\\/schema\\\/logo\\\/image\\\/\",\"url\":\"https:\\\/\\\/nauti-parts.com\\\/wp-content\\\/uploads\\\/2023\\\/10\\\/np-logo-black.png\",\"contentUrl\":\"https:\\\/\\\/nauti-parts.com\\\/wp-content\\\/uploads\\\/2023\\\/10\\\/np-logo-black.png\",\"width\":253,\"height\":100,\"caption\":\"Piezas Nauti\"},\"image\":{\"@id\":\"https:\\\/\\\/nauti-parts.com\\\/es\\\/#\\\/schema\\\/logo\\\/image\\\/\"},\"sameAs\":[\"https:\\\/\\\/www.facebook.com\\\/nautipartsspain\\\/\",\"https:\\\/\\\/www.instagram.com\\\/nautiparts\\\/\"]}]}<\/script>\n<!-- \/ Yoast SEO plugin. -->","yoast_head_json":{"title":"Waydoo Subnado Plus Seascooter | Nauti Parts","robots":{"index":"index","follow":"follow","max-snippet":"max-snippet:-1","max-image-preview":"max-image-preview:large","max-video-preview":"max-video-preview:-1"},"canonical":"https:\/\/nauti-parts.com\/es\/shop\/tablas-y-esquis\/e-foils\/waydoo\/waydoo-subnado-seascooter-copy\/","og_locale":"es_ES","og_type":"article","og_title":"Waydoo Subnado Plus Seascooter | Nauti Parts","og_description":"Potencia duradera - Diversi\u00f3n sin l\u00edmites  Hasta 60 minutos de autonom\u00eda para una exploraci\u00f3n subacu\u00e1tica inmersiva.  Los precios incluyen IVA y Entrega (25\u20ac)","og_url":"https:\/\/nauti-parts.com\/es\/shop\/tablas-y-esquis\/e-foils\/waydoo\/waydoo-subnado-seascooter-copy\/","og_site_name":"Nauti Parts","article_publisher":"https:\/\/www.facebook.com\/nautipartsspain\/","article_modified_time":"2026-04-27T09:30:46+00:00","og_image":[{"width":1500,"height":1500,"url":"https:\/\/nauti-parts.com\/wp-content\/uploads\/2026\/04\/waydoo-subnado-plus--1.webp","type":"image\/webp"}],"twitter_card":"summary_large_image","twitter_misc":{"Tiempo de lectura":"2 minutos"},"schema":{"@context":"https:\/\/schema.org","@graph":[{"@type":"WebPage","@id":"https:\/\/nauti-parts.com\/es\/shop\/tablas-y-esquis\/e-foils\/waydoo\/waydoo-subnado-seascooter-copy\/","url":"https:\/\/nauti-parts.com\/es\/shop\/tablas-y-esquis\/e-foils\/waydoo\/waydoo-subnado-seascooter-copy\/","name":"Waydoo Subnado Plus Seascooter | Nauti Parts","isPartOf":{"@id":"https:\/\/nauti-parts.com\/es\/#website"},"primaryImageOfPage":{"@id":"https:\/\/nauti-parts.com\/es\/shop\/tablas-y-esquis\/e-foils\/waydoo\/waydoo-subnado-seascooter-copy\/#primaryimage"},"image":{"@id":"https:\/\/nauti-parts.com\/es\/shop\/tablas-y-esquis\/e-foils\/waydoo\/waydoo-subnado-seascooter-copy\/#primaryimage"},"thumbnailUrl":"https:\/\/nauti-parts.com\/wp-content\/uploads\/2026\/04\/waydoo-subnado-plus--1.webp","datePublished":"2026-04-27T08:51:05+00:00","dateModified":"2026-04-27T09:30:46+00:00","breadcrumb":{"@id":"https:\/\/nauti-parts.com\/es\/shop\/tablas-y-esquis\/e-foils\/waydoo\/waydoo-subnado-seascooter-copy\/#breadcrumb"},"inLanguage":"es","potentialAction":[{"@type":"ReadAction","target":["https:\/\/nauti-parts.com\/es\/shop\/tablas-y-esquis\/e-foils\/waydoo\/waydoo-subnado-seascooter-copy\/"]}]},{"@type":"ImageObject","inLanguage":"es","@id":"https:\/\/nauti-parts.com\/es\/shop\/tablas-y-esquis\/e-foils\/waydoo\/waydoo-subnado-seascooter-copy\/#primaryimage","url":"https:\/\/nauti-parts.com\/wp-content\/uploads\/2026\/04\/waydoo-subnado-plus--1.webp","contentUrl":"https:\/\/nauti-parts.com\/wp-content\/uploads\/2026\/04\/waydoo-subnado-plus--1.webp","width":1500,"height":1500},{"@type":"BreadcrumbList","@id":"https:\/\/nauti-parts.com\/es\/shop\/tablas-y-esquis\/e-foils\/waydoo\/waydoo-subnado-seascooter-copy\/#breadcrumb","itemListElement":[{"@type":"ListItem","position":1,"name":"Tienda","item":"https:\/\/nauti-parts.com\/es\/tienda\/"},{"@type":"ListItem","position":2,"name":"Waydoo Subnado Plus Seascooter"}]},{"@type":"WebSite","@id":"https:\/\/nauti-parts.com\/es\/#website","url":"https:\/\/nauti-parts.com\/es\/","name":"Nauti Parts","description":"Sea-Doo Jet Ski - Seabob Dealer and Rentals | Water Toys Mallorca","publisher":{"@id":"https:\/\/nauti-parts.com\/es\/#organization"},"potentialAction":[{"@type":"SearchAction","target":{"@type":"EntryPoint","urlTemplate":"https:\/\/nauti-parts.com\/es\/?s={search_term_string}"},"query-input":{"@type":"PropertyValueSpecification","valueRequired":true,"valueName":"search_term_string"}}],"inLanguage":"es"},{"@type":"Organization","@id":"https:\/\/nauti-parts.com\/es\/#organization","name":"Piezas Nauti","url":"https:\/\/nauti-parts.com\/es\/","logo":{"@type":"ImageObject","inLanguage":"es","@id":"https:\/\/nauti-parts.com\/es\/#\/schema\/logo\/image\/","url":"https:\/\/nauti-parts.com\/wp-content\/uploads\/2023\/10\/np-logo-black.png","contentUrl":"https:\/\/nauti-parts.com\/wp-content\/uploads\/2023\/10\/np-logo-black.png","width":253,"height":100,"caption":"Piezas Nauti"},"image":{"@id":"https:\/\/nauti-parts.com\/es\/#\/schema\/logo\/image\/"},"sameAs":["https:\/\/www.facebook.com\/nautipartsspain\/","https:\/\/www.instagram.com\/nautiparts\/"]}]}},"_links":{"self":[{"href":"https:\/\/nauti-parts.com\/es\/wp-json\/wp\/v2\/product\/26259","targetHints":{"allow":["GET"]}}],"collection":[{"href":"https:\/\/nauti-parts.com\/es\/wp-json\/wp\/v2\/product"}],"about":[{"href":"https:\/\/nauti-parts.com\/es\/wp-json\/wp\/v2\/types\/product"}],"replies":[{"embeddable":true,"href":"https:\/\/nauti-parts.com\/es\/wp-json\/wp\/v2\/comments?post=26259"}],"wp:featuredmedia":[{"embeddable":true,"href":"https:\/\/nauti-parts.com\/es\/wp-json\/wp\/v2\/media\/26275"}],"wp:attachment":[{"href":"https:\/\/nauti-parts.com\/es\/wp-json\/wp\/v2\/media?parent=26259"}],"wp:term":[{"taxonomy":"product_brand","embeddable":true,"href":"https:\/\/nauti-parts.com\/es\/wp-json\/wp\/v2\/product_brand?post=26259"},{"taxonomy":"product_cat","embeddable":true,"href":"https:\/\/nauti-parts.com\/es\/wp-json\/wp\/v2\/product_cat?post=26259"},{"taxonomy":"product_tag","embeddable":true,"href":"https:\/\/nauti-parts.com\/es\/wp-json\/wp\/v2\/product_tag?post=26259"}],"curies":[{"name":"wp","href":"https:\/\/api.w.org\/{rel}","templated":true}]}}