{"id":25887,"date":"2024-01-31T11:14:33","date_gmt":"2024-01-31T11:14:33","guid":{"rendered":"https:\/\/nauti-parts.com\/shop\/sin categor\u00eda\/yachtbeach-muelle-para-motos-acuaticas-41-m-x-3-m\/"},"modified":"2024-01-31T11:14:33","modified_gmt":"2024-01-31T11:14:33","slug":"yachtbeach-muelle-para-motos-acuaticas-41-m-x-3-m","status":"publish","type":"product","link":"https:\/\/nauti-parts.com\/es\/shop\/hinchables\/playa-del-yate\/yachtbeach-muelle-para-motos-acuaticas-41-m-x-3-m\/","title":{"rendered":"YachtBeach Muelle para motos acu\u00e1ticas 4,1 m x 3 m"},"content":{"rendered":"<p>En el segmento <strong>premium<\/strong>, Yachtbeach lanza el nuevo muelle de <strong>lujo<\/strong> para motos acu\u00e1ticas. Aparca f\u00e1cilmente hasta 2 motos acu\u00e1ticas grandes con el resto de su equipamiento para deportes acu\u00e1ticos en el Muelle para Motos Acu\u00e1ticas. La superficie de espuma <strong>\u00f3ptica<\/strong> de EVA endurecida llama la atenci\u00f3n por s\u00ed misma e invita a darse un ba\u00f1o o descansar un rato. Cabe destacar que puedes combinar f\u00e1cilmente el Muelle para motos acu\u00e1ticas Yachtbeach con todas las <strong>plataformas<\/strong> comunes Yachtbeach <strong>4.1 &amp; 3.0 &amp; 2.05<\/strong> y hacer una gran variedad de combinaciones posibles. El Muelle para motos acu\u00e1ticas tiene brazos divididos m\u00e1s largos para que las motos acu\u00e1ticas no choquen y est\u00e9n mejor protegidas. Los brazos divididos tienen cada uno 200 cm de largo y 55 cm de ancho; el brazo del departamento central tiene una anchura de 40 cm.     <\/p>\n<p><strong>Medidas:<\/strong><\/p>\n<p>410cm x 300cm &#8211; 13,5&#8217;x10?<br \/>\nPeso aprox. 37,5 kg &#8211; 83 lbs<br \/>\nTama\u00f1o del paquete: 200 x 35x 30 <\/p>\n<p>&#8216; 10 asas de sujeci\u00f3n, montaje y transporte de alta calidad que son<br \/>\nf\u00e1ciles de combinar con todos los dem\u00e1s productos Yacht Beach<\/p>\n<p>&#8216; 2 v\u00e1lvulas de alta presi\u00f3n que permiten un llenado r\u00e1pido y f\u00e1cil, y la v\u00e1lvula limitadora de presi\u00f3n garantiza siempre la presi\u00f3n correcta.<\/p>\n<p><strong>Grosor del material:<\/strong><br \/>\nPunto de gota reforzado con 20 cm de grosor, PVC reforzado con 0,9 mm de grosor<\/p>\n<p><strong>Tapa de espuma:<br \/>\n<\/strong>recubierta de teca artificial flexible<\/p>\n","protected":false},"excerpt":{"rendered":"<p>El nuevo muelle de <strong>lujo<\/strong> para motos acu\u00e1ticas. Aparca f\u00e1cilmente hasta 2 motos acu\u00e1ticas grandes con el resto de su equipamiento para deportes acu\u00e1ticos en el Muelle de Motos Acu\u00e1ticas. <\/p>\n","protected":false},"featured_media":17645,"comment_status":"open","ping_status":"closed","template":"","meta":{"_acf_changed":false},"product_brand":[],"product_cat":[224,232,225],"product_tag":[],"class_list":{"0":"post-25887","1":"product","2":"type-product","3":"status-publish","4":"has-post-thumbnail","6":"product_cat-hinchables","7":"product_cat-plataformas","8":"product_cat-playa-del-yate","9":"repupress_customize_woocommerce_productom_class","11":"first","12":"instock","13":"taxable","14":"shipping-taxable","15":"purchasable","16":"product-type-simple"},"acf":[],"yoast_head":"<!-- This site is optimized with the Yoast SEO plugin v27.5 - https:\/\/yoast.com\/product\/yoast-seo-wordpress\/ -->\n<title>YachtBeach Muelle para motos acu\u00e1ticas 4,1 m x 3 m | Nauti Parts<\/title>\n<meta name=\"robots\" content=\"index, follow, max-snippet:-1, max-image-preview:large, max-video-preview:-1\" \/>\n<link rel=\"canonical\" href=\"https:\/\/nauti-parts.com\/es\/shop\/hinchables\/playa-del-yate\/yachtbeach-muelle-para-motos-acuaticas-41-m-x-3-m\/\" \/>\n<meta property=\"og:locale\" content=\"es_ES\" \/>\n<meta property=\"og:type\" content=\"article\" \/>\n<meta property=\"og:title\" content=\"YachtBeach Muelle para motos acu\u00e1ticas 4,1 m x 3 m | Nauti Parts\" \/>\n<meta property=\"og:description\" content=\"El nuevo muelle de lujo para motos acu\u00e1ticas. Aparca f\u00e1cilmente hasta 2 motos acu\u00e1ticas grandes con el resto de su equipamiento para deportes acu\u00e1ticos en el Muelle de Motos Acu\u00e1ticas.\" \/>\n<meta property=\"og:url\" content=\"https:\/\/nauti-parts.com\/es\/shop\/hinchables\/playa-del-yate\/yachtbeach-muelle-para-motos-acuaticas-41-m-x-3-m\/\" \/>\n<meta property=\"og:site_name\" content=\"Nauti Parts\" \/>\n<meta property=\"article:publisher\" content=\"https:\/\/www.facebook.com\/nautipartsspain\/\" \/>\n<meta property=\"og:image\" content=\"https:\/\/nauti-parts.com\/wp-content\/uploads\/2024\/01\/19743-03-yachtbeach-jetski-dock-1920x1080-1.png\" \/>\n\t<meta property=\"og:image:width\" content=\"1920\" \/>\n\t<meta property=\"og:image:height\" content=\"1080\" \/>\n\t<meta property=\"og:image:type\" content=\"image\/png\" \/>\n<meta name=\"twitter:card\" content=\"summary_large_image\" \/>\n<meta name=\"twitter:label1\" content=\"Tiempo de lectura\" \/>\n\t<meta name=\"twitter:data1\" content=\"1 minuto\" \/>\n<script type=\"application\/ld+json\" class=\"yoast-schema-graph\">{\"@context\":\"https:\\\/\\\/schema.org\",\"@graph\":[{\"@type\":\"WebPage\",\"@id\":\"https:\\\/\\\/nauti-parts.com\\\/es\\\/shop\\\/hinchables\\\/playa-del-yate\\\/yachtbeach-muelle-para-motos-acuaticas-41-m-x-3-m\\\/\",\"url\":\"https:\\\/\\\/nauti-parts.com\\\/es\\\/shop\\\/hinchables\\\/playa-del-yate\\\/yachtbeach-muelle-para-motos-acuaticas-41-m-x-3-m\\\/\",\"name\":\"YachtBeach Muelle para motos acu\u00e1ticas 4,1 m x 3 m | Nauti Parts\",\"isPartOf\":{\"@id\":\"https:\\\/\\\/nauti-parts.com\\\/es\\\/#website\"},\"primaryImageOfPage\":{\"@id\":\"https:\\\/\\\/nauti-parts.com\\\/es\\\/shop\\\/hinchables\\\/playa-del-yate\\\/yachtbeach-muelle-para-motos-acuaticas-41-m-x-3-m\\\/#primaryimage\"},\"image\":{\"@id\":\"https:\\\/\\\/nauti-parts.com\\\/es\\\/shop\\\/hinchables\\\/playa-del-yate\\\/yachtbeach-muelle-para-motos-acuaticas-41-m-x-3-m\\\/#primaryimage\"},\"thumbnailUrl\":\"https:\\\/\\\/nauti-parts.com\\\/wp-content\\\/uploads\\\/2024\\\/01\\\/19743-03-yachtbeach-jetski-dock-1920x1080-1.png\",\"datePublished\":\"2024-01-31T11:14:33+00:00\",\"breadcrumb\":{\"@id\":\"https:\\\/\\\/nauti-parts.com\\\/es\\\/shop\\\/hinchables\\\/playa-del-yate\\\/yachtbeach-muelle-para-motos-acuaticas-41-m-x-3-m\\\/#breadcrumb\"},\"inLanguage\":\"es\",\"potentialAction\":[{\"@type\":\"ReadAction\",\"target\":[\"https:\\\/\\\/nauti-parts.com\\\/es\\\/shop\\\/hinchables\\\/playa-del-yate\\\/yachtbeach-muelle-para-motos-acuaticas-41-m-x-3-m\\\/\"]}]},{\"@type\":\"ImageObject\",\"inLanguage\":\"es\",\"@id\":\"https:\\\/\\\/nauti-parts.com\\\/es\\\/shop\\\/hinchables\\\/playa-del-yate\\\/yachtbeach-muelle-para-motos-acuaticas-41-m-x-3-m\\\/#primaryimage\",\"url\":\"https:\\\/\\\/nauti-parts.com\\\/wp-content\\\/uploads\\\/2024\\\/01\\\/19743-03-yachtbeach-jetski-dock-1920x1080-1.png\",\"contentUrl\":\"https:\\\/\\\/nauti-parts.com\\\/wp-content\\\/uploads\\\/2024\\\/01\\\/19743-03-yachtbeach-jetski-dock-1920x1080-1.png\",\"width\":1920,\"height\":1080},{\"@type\":\"BreadcrumbList\",\"@id\":\"https:\\\/\\\/nauti-parts.com\\\/es\\\/shop\\\/hinchables\\\/playa-del-yate\\\/yachtbeach-muelle-para-motos-acuaticas-41-m-x-3-m\\\/#breadcrumb\",\"itemListElement\":[{\"@type\":\"ListItem\",\"position\":1,\"name\":\"Tienda\",\"item\":\"https:\\\/\\\/nauti-parts.com\\\/es\\\/tienda\\\/\"},{\"@type\":\"ListItem\",\"position\":2,\"name\":\"YachtBeach Muelle para motos acu\u00e1ticas 4,1 m x 3 m\"}]},{\"@type\":\"WebSite\",\"@id\":\"https:\\\/\\\/nauti-parts.com\\\/es\\\/#website\",\"url\":\"https:\\\/\\\/nauti-parts.com\\\/es\\\/\",\"name\":\"Nauti Parts\",\"description\":\"Sea-Doo Jet Ski - Seabob Dealer and Rentals | Water Toys Mallorca\",\"publisher\":{\"@id\":\"https:\\\/\\\/nauti-parts.com\\\/es\\\/#organization\"},\"potentialAction\":[{\"@type\":\"SearchAction\",\"target\":{\"@type\":\"EntryPoint\",\"urlTemplate\":\"https:\\\/\\\/nauti-parts.com\\\/es\\\/?s={search_term_string}\"},\"query-input\":{\"@type\":\"PropertyValueSpecification\",\"valueRequired\":true,\"valueName\":\"search_term_string\"}}],\"inLanguage\":\"es\"},{\"@type\":\"Organization\",\"@id\":\"https:\\\/\\\/nauti-parts.com\\\/es\\\/#organization\",\"name\":\"Piezas Nauti\",\"url\":\"https:\\\/\\\/nauti-parts.com\\\/es\\\/\",\"logo\":{\"@type\":\"ImageObject\",\"inLanguage\":\"es\",\"@id\":\"https:\\\/\\\/nauti-parts.com\\\/es\\\/#\\\/schema\\\/logo\\\/image\\\/\",\"url\":\"https:\\\/\\\/nauti-parts.com\\\/wp-content\\\/uploads\\\/2023\\\/10\\\/np-logo-black.png\",\"contentUrl\":\"https:\\\/\\\/nauti-parts.com\\\/wp-content\\\/uploads\\\/2023\\\/10\\\/np-logo-black.png\",\"width\":253,\"height\":100,\"caption\":\"Piezas Nauti\"},\"image\":{\"@id\":\"https:\\\/\\\/nauti-parts.com\\\/es\\\/#\\\/schema\\\/logo\\\/image\\\/\"},\"sameAs\":[\"https:\\\/\\\/www.facebook.com\\\/nautipartsspain\\\/\",\"https:\\\/\\\/www.instagram.com\\\/nautiparts\\\/\"]}]}<\/script>\n<!-- \/ Yoast SEO plugin. -->","yoast_head_json":{"title":"YachtBeach Muelle para motos acu\u00e1ticas 4,1 m x 3 m | Nauti Parts","robots":{"index":"index","follow":"follow","max-snippet":"max-snippet:-1","max-image-preview":"max-image-preview:large","max-video-preview":"max-video-preview:-1"},"canonical":"https:\/\/nauti-parts.com\/es\/shop\/hinchables\/playa-del-yate\/yachtbeach-muelle-para-motos-acuaticas-41-m-x-3-m\/","og_locale":"es_ES","og_type":"article","og_title":"YachtBeach Muelle para motos acu\u00e1ticas 4,1 m x 3 m | Nauti Parts","og_description":"El nuevo muelle de lujo para motos acu\u00e1ticas. Aparca f\u00e1cilmente hasta 2 motos acu\u00e1ticas grandes con el resto de su equipamiento para deportes acu\u00e1ticos en el Muelle de Motos Acu\u00e1ticas.","og_url":"https:\/\/nauti-parts.com\/es\/shop\/hinchables\/playa-del-yate\/yachtbeach-muelle-para-motos-acuaticas-41-m-x-3-m\/","og_site_name":"Nauti Parts","article_publisher":"https:\/\/www.facebook.com\/nautipartsspain\/","og_image":[{"width":1920,"height":1080,"url":"https:\/\/nauti-parts.com\/wp-content\/uploads\/2024\/01\/19743-03-yachtbeach-jetski-dock-1920x1080-1.png","type":"image\/png"}],"twitter_card":"summary_large_image","twitter_misc":{"Tiempo de lectura":"1 minuto"},"schema":{"@context":"https:\/\/schema.org","@graph":[{"@type":"WebPage","@id":"https:\/\/nauti-parts.com\/es\/shop\/hinchables\/playa-del-yate\/yachtbeach-muelle-para-motos-acuaticas-41-m-x-3-m\/","url":"https:\/\/nauti-parts.com\/es\/shop\/hinchables\/playa-del-yate\/yachtbeach-muelle-para-motos-acuaticas-41-m-x-3-m\/","name":"YachtBeach Muelle para motos acu\u00e1ticas 4,1 m x 3 m | Nauti Parts","isPartOf":{"@id":"https:\/\/nauti-parts.com\/es\/#website"},"primaryImageOfPage":{"@id":"https:\/\/nauti-parts.com\/es\/shop\/hinchables\/playa-del-yate\/yachtbeach-muelle-para-motos-acuaticas-41-m-x-3-m\/#primaryimage"},"image":{"@id":"https:\/\/nauti-parts.com\/es\/shop\/hinchables\/playa-del-yate\/yachtbeach-muelle-para-motos-acuaticas-41-m-x-3-m\/#primaryimage"},"thumbnailUrl":"https:\/\/nauti-parts.com\/wp-content\/uploads\/2024\/01\/19743-03-yachtbeach-jetski-dock-1920x1080-1.png","datePublished":"2024-01-31T11:14:33+00:00","breadcrumb":{"@id":"https:\/\/nauti-parts.com\/es\/shop\/hinchables\/playa-del-yate\/yachtbeach-muelle-para-motos-acuaticas-41-m-x-3-m\/#breadcrumb"},"inLanguage":"es","potentialAction":[{"@type":"ReadAction","target":["https:\/\/nauti-parts.com\/es\/shop\/hinchables\/playa-del-yate\/yachtbeach-muelle-para-motos-acuaticas-41-m-x-3-m\/"]}]},{"@type":"ImageObject","inLanguage":"es","@id":"https:\/\/nauti-parts.com\/es\/shop\/hinchables\/playa-del-yate\/yachtbeach-muelle-para-motos-acuaticas-41-m-x-3-m\/#primaryimage","url":"https:\/\/nauti-parts.com\/wp-content\/uploads\/2024\/01\/19743-03-yachtbeach-jetski-dock-1920x1080-1.png","contentUrl":"https:\/\/nauti-parts.com\/wp-content\/uploads\/2024\/01\/19743-03-yachtbeach-jetski-dock-1920x1080-1.png","width":1920,"height":1080},{"@type":"BreadcrumbList","@id":"https:\/\/nauti-parts.com\/es\/shop\/hinchables\/playa-del-yate\/yachtbeach-muelle-para-motos-acuaticas-41-m-x-3-m\/#breadcrumb","itemListElement":[{"@type":"ListItem","position":1,"name":"Tienda","item":"https:\/\/nauti-parts.com\/es\/tienda\/"},{"@type":"ListItem","position":2,"name":"YachtBeach Muelle para motos acu\u00e1ticas 4,1 m x 3 m"}]},{"@type":"WebSite","@id":"https:\/\/nauti-parts.com\/es\/#website","url":"https:\/\/nauti-parts.com\/es\/","name":"Nauti Parts","description":"Sea-Doo Jet Ski - Seabob Dealer and Rentals | Water Toys Mallorca","publisher":{"@id":"https:\/\/nauti-parts.com\/es\/#organization"},"potentialAction":[{"@type":"SearchAction","target":{"@type":"EntryPoint","urlTemplate":"https:\/\/nauti-parts.com\/es\/?s={search_term_string}"},"query-input":{"@type":"PropertyValueSpecification","valueRequired":true,"valueName":"search_term_string"}}],"inLanguage":"es"},{"@type":"Organization","@id":"https:\/\/nauti-parts.com\/es\/#organization","name":"Piezas Nauti","url":"https:\/\/nauti-parts.com\/es\/","logo":{"@type":"ImageObject","inLanguage":"es","@id":"https:\/\/nauti-parts.com\/es\/#\/schema\/logo\/image\/","url":"https:\/\/nauti-parts.com\/wp-content\/uploads\/2023\/10\/np-logo-black.png","contentUrl":"https:\/\/nauti-parts.com\/wp-content\/uploads\/2023\/10\/np-logo-black.png","width":253,"height":100,"caption":"Piezas Nauti"},"image":{"@id":"https:\/\/nauti-parts.com\/es\/#\/schema\/logo\/image\/"},"sameAs":["https:\/\/www.facebook.com\/nautipartsspain\/","https:\/\/www.instagram.com\/nautiparts\/"]}]}},"_links":{"self":[{"href":"https:\/\/nauti-parts.com\/es\/wp-json\/wp\/v2\/product\/25887","targetHints":{"allow":["GET"]}}],"collection":[{"href":"https:\/\/nauti-parts.com\/es\/wp-json\/wp\/v2\/product"}],"about":[{"href":"https:\/\/nauti-parts.com\/es\/wp-json\/wp\/v2\/types\/product"}],"replies":[{"embeddable":true,"href":"https:\/\/nauti-parts.com\/es\/wp-json\/wp\/v2\/comments?post=25887"}],"wp:featuredmedia":[{"embeddable":true,"href":"https:\/\/nauti-parts.com\/es\/wp-json\/wp\/v2\/media\/17645"}],"wp:attachment":[{"href":"https:\/\/nauti-parts.com\/es\/wp-json\/wp\/v2\/media?parent=25887"}],"wp:term":[{"taxonomy":"product_brand","embeddable":true,"href":"https:\/\/nauti-parts.com\/es\/wp-json\/wp\/v2\/product_brand?post=25887"},{"taxonomy":"product_cat","embeddable":true,"href":"https:\/\/nauti-parts.com\/es\/wp-json\/wp\/v2\/product_cat?post=25887"},{"taxonomy":"product_tag","embeddable":true,"href":"https:\/\/nauti-parts.com\/es\/wp-json\/wp\/v2\/product_tag?post=25887"}],"curies":[{"name":"wp","href":"https:\/\/api.w.org\/{rel}","templated":true}]}}