{"id":25864,"date":"2021-03-29T11:05:08","date_gmt":"2021-03-29T11:05:08","guid":{"rendered":"https:\/\/nauti-parts.com\/shop\/sin categor\u00eda\/defensas-hinchables-jobe-infinity-defender-2m-para-embarcaciones\/"},"modified":"2021-03-29T11:05:08","modified_gmt":"2021-03-29T11:05:08","slug":"defensas-hinchables-jobe-infinity-defender-2m-para-embarcaciones","status":"publish","type":"product","link":"https:\/\/nauti-parts.com\/es\/shop\/juguetes-acuaticos\/jobe-infinito\/defensas-hinchables-jobe-infinity-defender-2m-para-embarcaciones\/","title":{"rendered":"Defensas hinchables Jobe Infinity Defender 2m para embarcaciones"},"content":{"rendered":"<ul class=\"checkListSmall\">\n<li>V\u00e1lvula Halkey Roberts<\/li>\n<li>S\u00f3lo puede inflarse con una conexi\u00f3n a la V\u00e1lvula Halkey Roberts<\/li>\n<li>Peso: 3,2kg | 7lbs<\/li>\n<li>Dimensiones inflado: \u00d819&#8243; x 6,5&#8243; | \u00d848 x 200cm<\/li>\n<li>Dimensiones: 320 x 81,3 x 15 cm | 320 x 81,3 x 15cm<\/li>\n<\/ul>\n","protected":false},"excerpt":{"rendered":"<p>\u00a1La seguridad ante todo! Los Defensores Jobe Infinity est\u00e1n aqu\u00ed para proteger tu embarcaci\u00f3n. Fijando el Defensor al muelle, preocuparse por el atraque es cosa del pasado  <\/p>\n","protected":false},"featured_media":16279,"comment_status":"open","ping_status":"closed","template":"","meta":{"_acf_changed":false},"product_brand":[],"product_cat":[262,208],"product_tag":[],"class_list":{"0":"post-25864","1":"product","2":"type-product","3":"status-publish","4":"has-post-thumbnail","6":"product_cat-jobe-infinito","7":"product_cat-juguetes-acuaticos","8":"repupress_customize_woocommerce_productom_class","10":"first","11":"instock","12":"taxable","13":"shipping-taxable","14":"purchasable","15":"product-type-simple"},"acf":[],"yoast_head":"<!-- This site is optimized with the Yoast SEO plugin v27.2 - https:\/\/yoast.com\/product\/yoast-seo-wordpress\/ -->\n<title>Defensas hinchables Jobe Infinity Defender 2m para embarcaciones | Nauti Parts<\/title>\n<meta name=\"robots\" content=\"index, follow, max-snippet:-1, max-image-preview:large, max-video-preview:-1\" \/>\n<link rel=\"canonical\" href=\"https:\/\/nauti-parts.com\/es\/shop\/juguetes-acuaticos\/jobe-infinito\/defensas-hinchables-jobe-infinity-defender-2m-para-embarcaciones\/\" \/>\n<meta property=\"og:locale\" content=\"es_ES\" \/>\n<meta property=\"og:type\" content=\"article\" \/>\n<meta property=\"og:title\" content=\"Defensas hinchables Jobe Infinity Defender 2m para embarcaciones | Nauti Parts\" \/>\n<meta property=\"og:description\" content=\"\u00a1La seguridad ante todo! Los Defensores Jobe Infinity est\u00e1n aqu\u00ed para proteger tu embarcaci\u00f3n. Fijando el Defensor al muelle, preocuparse por el atraque es cosa del pasado\" \/>\n<meta property=\"og:url\" content=\"https:\/\/nauti-parts.com\/es\/shop\/juguetes-acuaticos\/jobe-infinito\/defensas-hinchables-jobe-infinity-defender-2m-para-embarcaciones\/\" \/>\n<meta property=\"og:site_name\" content=\"Nauti Parts\" \/>\n<meta property=\"article:publisher\" content=\"https:\/\/www.facebook.com\/nautipartsspain\/\" \/>\n<meta property=\"og:image\" content=\"https:\/\/nauti-parts.com\/wp-content\/uploads\/2021\/03\/jobe-ifinity-defender-2.jpeg\" \/>\n\t<meta property=\"og:image:width\" content=\"960\" \/>\n\t<meta property=\"og:image:height\" content=\"1200\" \/>\n\t<meta property=\"og:image:type\" content=\"image\/jpeg\" \/>\n<meta name=\"twitter:card\" content=\"summary_large_image\" \/>\n<script type=\"application\/ld+json\" class=\"yoast-schema-graph\">{\"@context\":\"https:\/\/schema.org\",\"@graph\":[{\"@type\":\"WebPage\",\"@id\":\"https:\/\/nauti-parts.com\/es\/shop\/juguetes-acuaticos\/jobe-infinito\/defensas-hinchables-jobe-infinity-defender-2m-para-embarcaciones\/\",\"url\":\"https:\/\/nauti-parts.com\/es\/shop\/juguetes-acuaticos\/jobe-infinito\/defensas-hinchables-jobe-infinity-defender-2m-para-embarcaciones\/\",\"name\":\"Defensas hinchables Jobe Infinity Defender 2m para embarcaciones | Nauti Parts\",\"isPartOf\":{\"@id\":\"https:\/\/nauti-parts.com\/es\/#website\"},\"primaryImageOfPage\":{\"@id\":\"https:\/\/nauti-parts.com\/es\/shop\/juguetes-acuaticos\/jobe-infinito\/defensas-hinchables-jobe-infinity-defender-2m-para-embarcaciones\/#primaryimage\"},\"image\":{\"@id\":\"https:\/\/nauti-parts.com\/es\/shop\/juguetes-acuaticos\/jobe-infinito\/defensas-hinchables-jobe-infinity-defender-2m-para-embarcaciones\/#primaryimage\"},\"thumbnailUrl\":\"https:\/\/nauti-parts.com\/wp-content\/uploads\/2021\/03\/jobe-ifinity-defender-2.jpeg\",\"datePublished\":\"2021-03-29T11:05:08+00:00\",\"breadcrumb\":{\"@id\":\"https:\/\/nauti-parts.com\/es\/shop\/juguetes-acuaticos\/jobe-infinito\/defensas-hinchables-jobe-infinity-defender-2m-para-embarcaciones\/#breadcrumb\"},\"inLanguage\":\"es\",\"potentialAction\":[{\"@type\":\"ReadAction\",\"target\":[\"https:\/\/nauti-parts.com\/es\/shop\/juguetes-acuaticos\/jobe-infinito\/defensas-hinchables-jobe-infinity-defender-2m-para-embarcaciones\/\"]}]},{\"@type\":\"ImageObject\",\"inLanguage\":\"es\",\"@id\":\"https:\/\/nauti-parts.com\/es\/shop\/juguetes-acuaticos\/jobe-infinito\/defensas-hinchables-jobe-infinity-defender-2m-para-embarcaciones\/#primaryimage\",\"url\":\"https:\/\/nauti-parts.com\/wp-content\/uploads\/2021\/03\/jobe-ifinity-defender-2.jpeg\",\"contentUrl\":\"https:\/\/nauti-parts.com\/wp-content\/uploads\/2021\/03\/jobe-ifinity-defender-2.jpeg\",\"width\":960,\"height\":1200,\"caption\":\"Jobe Infinity Defender 2m\"},{\"@type\":\"BreadcrumbList\",\"@id\":\"https:\/\/nauti-parts.com\/es\/shop\/juguetes-acuaticos\/jobe-infinito\/defensas-hinchables-jobe-infinity-defender-2m-para-embarcaciones\/#breadcrumb\",\"itemListElement\":[{\"@type\":\"ListItem\",\"position\":1,\"name\":\"Tienda\",\"item\":\"https:\/\/nauti-parts.com\/es\/tienda\/\"},{\"@type\":\"ListItem\",\"position\":2,\"name\":\"Defensas hinchables Jobe Infinity Defender 2m para embarcaciones\"}]},{\"@type\":\"WebSite\",\"@id\":\"https:\/\/nauti-parts.com\/es\/#website\",\"url\":\"https:\/\/nauti-parts.com\/es\/\",\"name\":\"Nauti Parts\",\"description\":\"Sea-Doo Jet Ski - Seabob Dealer and Rentals | Water Toys Mallorca\",\"publisher\":{\"@id\":\"https:\/\/nauti-parts.com\/es\/#organization\"},\"potentialAction\":[{\"@type\":\"SearchAction\",\"target\":{\"@type\":\"EntryPoint\",\"urlTemplate\":\"https:\/\/nauti-parts.com\/es\/?s={search_term_string}\"},\"query-input\":{\"@type\":\"PropertyValueSpecification\",\"valueRequired\":true,\"valueName\":\"search_term_string\"}}],\"inLanguage\":\"es\"},{\"@type\":\"Organization\",\"@id\":\"https:\/\/nauti-parts.com\/es\/#organization\",\"name\":\"Piezas Nauti\",\"url\":\"https:\/\/nauti-parts.com\/es\/\",\"logo\":{\"@type\":\"ImageObject\",\"inLanguage\":\"es\",\"@id\":\"https:\/\/nauti-parts.com\/es\/#\/schema\/logo\/image\/\",\"url\":\"https:\/\/nauti-parts.com\/wp-content\/uploads\/2023\/10\/np-logo-black.png\",\"contentUrl\":\"https:\/\/nauti-parts.com\/wp-content\/uploads\/2023\/10\/np-logo-black.png\",\"width\":253,\"height\":100,\"caption\":\"Piezas Nauti\"},\"image\":{\"@id\":\"https:\/\/nauti-parts.com\/es\/#\/schema\/logo\/image\/\"},\"sameAs\":[\"https:\/\/www.facebook.com\/nautipartsspain\/\",\"https:\/\/www.instagram.com\/nautiparts\/\"]}]}<\/script>\n<!-- \/ Yoast SEO plugin. -->","yoast_head_json":{"title":"Defensas hinchables Jobe Infinity Defender 2m para embarcaciones | Nauti Parts","robots":{"index":"index","follow":"follow","max-snippet":"max-snippet:-1","max-image-preview":"max-image-preview:large","max-video-preview":"max-video-preview:-1"},"canonical":"https:\/\/nauti-parts.com\/es\/shop\/juguetes-acuaticos\/jobe-infinito\/defensas-hinchables-jobe-infinity-defender-2m-para-embarcaciones\/","og_locale":"es_ES","og_type":"article","og_title":"Defensas hinchables Jobe Infinity Defender 2m para embarcaciones | Nauti Parts","og_description":"\u00a1La seguridad ante todo! Los Defensores Jobe Infinity est\u00e1n aqu\u00ed para proteger tu embarcaci\u00f3n. Fijando el Defensor al muelle, preocuparse por el atraque es cosa del pasado","og_url":"https:\/\/nauti-parts.com\/es\/shop\/juguetes-acuaticos\/jobe-infinito\/defensas-hinchables-jobe-infinity-defender-2m-para-embarcaciones\/","og_site_name":"Nauti Parts","article_publisher":"https:\/\/www.facebook.com\/nautipartsspain\/","og_image":[{"width":960,"height":1200,"url":"https:\/\/nauti-parts.com\/wp-content\/uploads\/2021\/03\/jobe-ifinity-defender-2.jpeg","type":"image\/jpeg"}],"twitter_card":"summary_large_image","schema":{"@context":"https:\/\/schema.org","@graph":[{"@type":"WebPage","@id":"https:\/\/nauti-parts.com\/es\/shop\/juguetes-acuaticos\/jobe-infinito\/defensas-hinchables-jobe-infinity-defender-2m-para-embarcaciones\/","url":"https:\/\/nauti-parts.com\/es\/shop\/juguetes-acuaticos\/jobe-infinito\/defensas-hinchables-jobe-infinity-defender-2m-para-embarcaciones\/","name":"Defensas hinchables Jobe Infinity Defender 2m para embarcaciones | Nauti Parts","isPartOf":{"@id":"https:\/\/nauti-parts.com\/es\/#website"},"primaryImageOfPage":{"@id":"https:\/\/nauti-parts.com\/es\/shop\/juguetes-acuaticos\/jobe-infinito\/defensas-hinchables-jobe-infinity-defender-2m-para-embarcaciones\/#primaryimage"},"image":{"@id":"https:\/\/nauti-parts.com\/es\/shop\/juguetes-acuaticos\/jobe-infinito\/defensas-hinchables-jobe-infinity-defender-2m-para-embarcaciones\/#primaryimage"},"thumbnailUrl":"https:\/\/nauti-parts.com\/wp-content\/uploads\/2021\/03\/jobe-ifinity-defender-2.jpeg","datePublished":"2021-03-29T11:05:08+00:00","breadcrumb":{"@id":"https:\/\/nauti-parts.com\/es\/shop\/juguetes-acuaticos\/jobe-infinito\/defensas-hinchables-jobe-infinity-defender-2m-para-embarcaciones\/#breadcrumb"},"inLanguage":"es","potentialAction":[{"@type":"ReadAction","target":["https:\/\/nauti-parts.com\/es\/shop\/juguetes-acuaticos\/jobe-infinito\/defensas-hinchables-jobe-infinity-defender-2m-para-embarcaciones\/"]}]},{"@type":"ImageObject","inLanguage":"es","@id":"https:\/\/nauti-parts.com\/es\/shop\/juguetes-acuaticos\/jobe-infinito\/defensas-hinchables-jobe-infinity-defender-2m-para-embarcaciones\/#primaryimage","url":"https:\/\/nauti-parts.com\/wp-content\/uploads\/2021\/03\/jobe-ifinity-defender-2.jpeg","contentUrl":"https:\/\/nauti-parts.com\/wp-content\/uploads\/2021\/03\/jobe-ifinity-defender-2.jpeg","width":960,"height":1200,"caption":"Jobe Infinity Defender 2m"},{"@type":"BreadcrumbList","@id":"https:\/\/nauti-parts.com\/es\/shop\/juguetes-acuaticos\/jobe-infinito\/defensas-hinchables-jobe-infinity-defender-2m-para-embarcaciones\/#breadcrumb","itemListElement":[{"@type":"ListItem","position":1,"name":"Tienda","item":"https:\/\/nauti-parts.com\/es\/tienda\/"},{"@type":"ListItem","position":2,"name":"Defensas hinchables Jobe Infinity Defender 2m para embarcaciones"}]},{"@type":"WebSite","@id":"https:\/\/nauti-parts.com\/es\/#website","url":"https:\/\/nauti-parts.com\/es\/","name":"Nauti Parts","description":"Sea-Doo Jet Ski - Seabob Dealer and Rentals | Water Toys Mallorca","publisher":{"@id":"https:\/\/nauti-parts.com\/es\/#organization"},"potentialAction":[{"@type":"SearchAction","target":{"@type":"EntryPoint","urlTemplate":"https:\/\/nauti-parts.com\/es\/?s={search_term_string}"},"query-input":{"@type":"PropertyValueSpecification","valueRequired":true,"valueName":"search_term_string"}}],"inLanguage":"es"},{"@type":"Organization","@id":"https:\/\/nauti-parts.com\/es\/#organization","name":"Piezas Nauti","url":"https:\/\/nauti-parts.com\/es\/","logo":{"@type":"ImageObject","inLanguage":"es","@id":"https:\/\/nauti-parts.com\/es\/#\/schema\/logo\/image\/","url":"https:\/\/nauti-parts.com\/wp-content\/uploads\/2023\/10\/np-logo-black.png","contentUrl":"https:\/\/nauti-parts.com\/wp-content\/uploads\/2023\/10\/np-logo-black.png","width":253,"height":100,"caption":"Piezas Nauti"},"image":{"@id":"https:\/\/nauti-parts.com\/es\/#\/schema\/logo\/image\/"},"sameAs":["https:\/\/www.facebook.com\/nautipartsspain\/","https:\/\/www.instagram.com\/nautiparts\/"]}]}},"_links":{"self":[{"href":"https:\/\/nauti-parts.com\/es\/wp-json\/wp\/v2\/product\/25864","targetHints":{"allow":["GET"]}}],"collection":[{"href":"https:\/\/nauti-parts.com\/es\/wp-json\/wp\/v2\/product"}],"about":[{"href":"https:\/\/nauti-parts.com\/es\/wp-json\/wp\/v2\/types\/product"}],"replies":[{"embeddable":true,"href":"https:\/\/nauti-parts.com\/es\/wp-json\/wp\/v2\/comments?post=25864"}],"wp:featuredmedia":[{"embeddable":true,"href":"https:\/\/nauti-parts.com\/es\/wp-json\/wp\/v2\/media\/16279"}],"wp:attachment":[{"href":"https:\/\/nauti-parts.com\/es\/wp-json\/wp\/v2\/media?parent=25864"}],"wp:term":[{"taxonomy":"product_brand","embeddable":true,"href":"https:\/\/nauti-parts.com\/es\/wp-json\/wp\/v2\/product_brand?post=25864"},{"taxonomy":"product_cat","embeddable":true,"href":"https:\/\/nauti-parts.com\/es\/wp-json\/wp\/v2\/product_cat?post=25864"},{"taxonomy":"product_tag","embeddable":true,"href":"https:\/\/nauti-parts.com\/es\/wp-json\/wp\/v2\/product_tag?post=25864"}],"curies":[{"name":"wp","href":"https:\/\/api.w.org\/{rel}","templated":true}]}}