{"id":25818,"date":"2022-03-15T12:16:44","date_gmt":"2022-03-15T12:16:44","guid":{"rendered":"https:\/\/nauti-parts.com\/shop\/sin categor\u00eda\/fliteboard-pro\/"},"modified":"2022-03-15T12:16:44","modified_gmt":"2022-03-15T12:16:44","slug":"fliteboard-pro","status":"publish","type":"product","link":"https:\/\/nauti-parts.com\/es\/shop\/tablas-y-esquis\/e-foils\/tablero\/fliteboard-pro\/","title":{"rendered":"Fliteboard Pro"},"content":{"rendered":"<p>Fliteboard PRO es una tabla m\u00e1s peque\u00f1a, lo que la hace excelente para que los riders m\u00e1s ligeros disfruten y los avanzados progresen en sus habilidades de eFoiling con facilidad.<\/p>\n<hr>\n<p><strong>Construido para rendir<\/strong><br \/>\nA medida que crece el deporte del eFoiling, esperamos ver a muchos pilotos de Fliteboard PRO en el podio.<\/p>\n<p><strong>Intercambiable<\/strong><br \/>\nNuestro sistema modular te permite acoplar cualquier tabla de la gama a tu m\u00e1stil eFoil. Qu\u00e9date la PRO para ti y c\u00e1mbiala por la AIR cuando ense\u00f1es a amigos y familiares. <\/p>\n<p><strong>Peque\u00f1o pero feroz<\/strong><br \/>\nCon 1,70 m y 67 litros, el Fliteboard PRO es \u00e1gil y reactivo, y se convierte en una extensi\u00f3n del piloto.<\/p>\n<p><strong>Habla del par motor<\/strong><br \/>\nLa unidad de propulsi\u00f3n integrada en este eFoil proporciona un par motor inigualable para una conducci\u00f3n definitiva.<\/p>\n<p><strong>M\u00e1stil de 75 cm<\/strong><br \/>\nRecomendamos el m\u00e1stil m\u00e1s largo para carving m\u00e1s duro y ajustado con la libertad de mayores \u00e1ngulos de inclinaci\u00f3n.<\/p>\n<p><strong>Hecho a mano<\/strong><br \/>\nFabricado en nuestra f\u00e1brica de Byron Bay, Australia, \u00a1cada Fliteboard est\u00e1 hecho a mano con alma!<\/p>\n<hr>\n<p class=\"p1\">Para riders m\u00e1s ligeros\/expertos que desean una tabla m\u00e1s ligera y con mayor capacidad de respuesta. La Fliteboard viene de serie con un protector de h\u00e9lice. Los riders avanzados pueden configurar el &#8220;Modo Pro&#8221; retirando el protector de la h\u00e9lice con nuestro kit de retirada del conducto de la h\u00e9lice, lo que aumentar\u00e1 la capacidad de respuesta, la eficacia y el tiempo de funcionamiento.  <\/p>\n<hr>\n<p>EL PRECIO INDICADO INCLUYE C\u00c9LULA DE ARCHIVO, L\u00c1MINA Y ALA, FLITE JET, CARGADOR EST\u00c1NDAR, FLITE CONTROLLER + TASAS DE IMPORTACI\u00d3N, ARANCELES E IMPUESTOS, ENV\u00cdO Y FORMACI\u00d3N<\/p>\n","protected":false},"excerpt":{"rendered":"<h3 class=\"p1\">Fliteboard PRO es un eFoil dise\u00f1ado a prop\u00f3sito para riders con experiencia previa en deportes de deslizamiento, que buscan subir de nivel.<\/h3>\n<p>EL PRECIO INDICADO INCLUYE OBRAS, TASAS DE IMPORTACI\u00d3N, ARANCELES E IMPUESTOS, ENV\u00cdO Y FORMACI\u00d3N<\/p>\n","protected":false},"featured_media":18263,"comment_status":"open","ping_status":"closed","template":"","meta":{"_acf_changed":false},"product_brand":[],"product_cat":[220,212,221],"product_tag":[],"class_list":{"0":"post-25818","1":"product","2":"type-product","3":"status-publish","4":"has-post-thumbnail","6":"product_cat-e-foils","7":"product_cat-tablas-y-esquis","8":"product_cat-tablero","9":"repupress_customize_woocommerce_productom_class","11":"first","12":"instock","13":"featured","14":"taxable","15":"shipping-taxable","16":"purchasable","17":"product-type-variable"},"acf":[],"yoast_head":"<!-- This site is optimized with the Yoast SEO plugin v27.5 - https:\/\/yoast.com\/product\/yoast-seo-wordpress\/ -->\n<title>Fliteboard Pro | Nauti Parts<\/title>\n<meta name=\"robots\" content=\"index, follow, max-snippet:-1, max-image-preview:large, max-video-preview:-1\" \/>\n<link rel=\"canonical\" href=\"https:\/\/nauti-parts.com\/es\/shop\/tablas-y-esquis\/e-foils\/tablero\/fliteboard-pro\/\" \/>\n<meta property=\"og:locale\" content=\"es_ES\" \/>\n<meta property=\"og:type\" content=\"article\" \/>\n<meta property=\"og:title\" content=\"Fliteboard Pro | Nauti Parts\" \/>\n<meta property=\"og:description\" content=\"Fliteboard PRO es un eFoil dise\u00f1ado a prop\u00f3sito para riders con experiencia previa en deportes de deslizamiento, que buscan subir de nivel. EL PRECIO INDICADO INCLUYE OBRAS, TASAS DE IMPORTACI\u00d3N, ARANCELES E IMPUESTOS, ENV\u00cdO Y FORMACI\u00d3N\" \/>\n<meta property=\"og:url\" content=\"https:\/\/nauti-parts.com\/es\/shop\/tablas-y-esquis\/e-foils\/tablero\/fliteboard-pro\/\" \/>\n<meta property=\"og:site_name\" content=\"Nauti Parts\" \/>\n<meta property=\"article:publisher\" content=\"https:\/\/www.facebook.com\/nautipartsspain\/\" \/>\n<meta property=\"og:image\" content=\"https:\/\/nauti-parts.com\/wp-content\/uploads\/2022\/03\/flite-pro-coral.png\" \/>\n\t<meta property=\"og:image:width\" content=\"1024\" \/>\n\t<meta property=\"og:image:height\" content=\"1024\" \/>\n\t<meta property=\"og:image:type\" content=\"image\/png\" \/>\n<meta name=\"twitter:card\" content=\"summary_large_image\" \/>\n<meta name=\"twitter:label1\" content=\"Tiempo de lectura\" \/>\n\t<meta name=\"twitter:data1\" content=\"1 minuto\" \/>\n<script type=\"application\/ld+json\" class=\"yoast-schema-graph\">{\"@context\":\"https:\\\/\\\/schema.org\",\"@graph\":[{\"@type\":\"WebPage\",\"@id\":\"https:\\\/\\\/nauti-parts.com\\\/es\\\/shop\\\/tablas-y-esquis\\\/e-foils\\\/tablero\\\/fliteboard-pro\\\/\",\"url\":\"https:\\\/\\\/nauti-parts.com\\\/es\\\/shop\\\/tablas-y-esquis\\\/e-foils\\\/tablero\\\/fliteboard-pro\\\/\",\"name\":\"Fliteboard Pro | Nauti Parts\",\"isPartOf\":{\"@id\":\"https:\\\/\\\/nauti-parts.com\\\/es\\\/#website\"},\"primaryImageOfPage\":{\"@id\":\"https:\\\/\\\/nauti-parts.com\\\/es\\\/shop\\\/tablas-y-esquis\\\/e-foils\\\/tablero\\\/fliteboard-pro\\\/#primaryimage\"},\"image\":{\"@id\":\"https:\\\/\\\/nauti-parts.com\\\/es\\\/shop\\\/tablas-y-esquis\\\/e-foils\\\/tablero\\\/fliteboard-pro\\\/#primaryimage\"},\"thumbnailUrl\":\"https:\\\/\\\/nauti-parts.com\\\/wp-content\\\/uploads\\\/2022\\\/03\\\/flite-pro-coral.png\",\"datePublished\":\"2022-03-15T12:16:44+00:00\",\"breadcrumb\":{\"@id\":\"https:\\\/\\\/nauti-parts.com\\\/es\\\/shop\\\/tablas-y-esquis\\\/e-foils\\\/tablero\\\/fliteboard-pro\\\/#breadcrumb\"},\"inLanguage\":\"es\",\"potentialAction\":[{\"@type\":\"ReadAction\",\"target\":[\"https:\\\/\\\/nauti-parts.com\\\/es\\\/shop\\\/tablas-y-esquis\\\/e-foils\\\/tablero\\\/fliteboard-pro\\\/\"]}]},{\"@type\":\"ImageObject\",\"inLanguage\":\"es\",\"@id\":\"https:\\\/\\\/nauti-parts.com\\\/es\\\/shop\\\/tablas-y-esquis\\\/e-foils\\\/tablero\\\/fliteboard-pro\\\/#primaryimage\",\"url\":\"https:\\\/\\\/nauti-parts.com\\\/wp-content\\\/uploads\\\/2022\\\/03\\\/flite-pro-coral.png\",\"contentUrl\":\"https:\\\/\\\/nauti-parts.com\\\/wp-content\\\/uploads\\\/2022\\\/03\\\/flite-pro-coral.png\",\"width\":1024,\"height\":1024},{\"@type\":\"BreadcrumbList\",\"@id\":\"https:\\\/\\\/nauti-parts.com\\\/es\\\/shop\\\/tablas-y-esquis\\\/e-foils\\\/tablero\\\/fliteboard-pro\\\/#breadcrumb\",\"itemListElement\":[{\"@type\":\"ListItem\",\"position\":1,\"name\":\"Tienda\",\"item\":\"https:\\\/\\\/nauti-parts.com\\\/es\\\/tienda\\\/\"},{\"@type\":\"ListItem\",\"position\":2,\"name\":\"Fliteboard Pro\"}]},{\"@type\":\"WebSite\",\"@id\":\"https:\\\/\\\/nauti-parts.com\\\/es\\\/#website\",\"url\":\"https:\\\/\\\/nauti-parts.com\\\/es\\\/\",\"name\":\"Nauti Parts\",\"description\":\"Sea-Doo Jet Ski - Seabob Dealer and Rentals | Water Toys Mallorca\",\"publisher\":{\"@id\":\"https:\\\/\\\/nauti-parts.com\\\/es\\\/#organization\"},\"potentialAction\":[{\"@type\":\"SearchAction\",\"target\":{\"@type\":\"EntryPoint\",\"urlTemplate\":\"https:\\\/\\\/nauti-parts.com\\\/es\\\/?s={search_term_string}\"},\"query-input\":{\"@type\":\"PropertyValueSpecification\",\"valueRequired\":true,\"valueName\":\"search_term_string\"}}],\"inLanguage\":\"es\"},{\"@type\":\"Organization\",\"@id\":\"https:\\\/\\\/nauti-parts.com\\\/es\\\/#organization\",\"name\":\"Piezas Nauti\",\"url\":\"https:\\\/\\\/nauti-parts.com\\\/es\\\/\",\"logo\":{\"@type\":\"ImageObject\",\"inLanguage\":\"es\",\"@id\":\"https:\\\/\\\/nauti-parts.com\\\/es\\\/#\\\/schema\\\/logo\\\/image\\\/\",\"url\":\"https:\\\/\\\/nauti-parts.com\\\/wp-content\\\/uploads\\\/2023\\\/10\\\/np-logo-black.png\",\"contentUrl\":\"https:\\\/\\\/nauti-parts.com\\\/wp-content\\\/uploads\\\/2023\\\/10\\\/np-logo-black.png\",\"width\":253,\"height\":100,\"caption\":\"Piezas Nauti\"},\"image\":{\"@id\":\"https:\\\/\\\/nauti-parts.com\\\/es\\\/#\\\/schema\\\/logo\\\/image\\\/\"},\"sameAs\":[\"https:\\\/\\\/www.facebook.com\\\/nautipartsspain\\\/\",\"https:\\\/\\\/www.instagram.com\\\/nautiparts\\\/\"]}]}<\/script>\n<!-- \/ Yoast SEO plugin. -->","yoast_head_json":{"title":"Fliteboard Pro | Nauti Parts","robots":{"index":"index","follow":"follow","max-snippet":"max-snippet:-1","max-image-preview":"max-image-preview:large","max-video-preview":"max-video-preview:-1"},"canonical":"https:\/\/nauti-parts.com\/es\/shop\/tablas-y-esquis\/e-foils\/tablero\/fliteboard-pro\/","og_locale":"es_ES","og_type":"article","og_title":"Fliteboard Pro | Nauti Parts","og_description":"Fliteboard PRO es un eFoil dise\u00f1ado a prop\u00f3sito para riders con experiencia previa en deportes de deslizamiento, que buscan subir de nivel. EL PRECIO INDICADO INCLUYE OBRAS, TASAS DE IMPORTACI\u00d3N, ARANCELES E IMPUESTOS, ENV\u00cdO Y FORMACI\u00d3N","og_url":"https:\/\/nauti-parts.com\/es\/shop\/tablas-y-esquis\/e-foils\/tablero\/fliteboard-pro\/","og_site_name":"Nauti Parts","article_publisher":"https:\/\/www.facebook.com\/nautipartsspain\/","og_image":[{"width":1024,"height":1024,"url":"https:\/\/nauti-parts.com\/wp-content\/uploads\/2022\/03\/flite-pro-coral.png","type":"image\/png"}],"twitter_card":"summary_large_image","twitter_misc":{"Tiempo de lectura":"1 minuto"},"schema":{"@context":"https:\/\/schema.org","@graph":[{"@type":"WebPage","@id":"https:\/\/nauti-parts.com\/es\/shop\/tablas-y-esquis\/e-foils\/tablero\/fliteboard-pro\/","url":"https:\/\/nauti-parts.com\/es\/shop\/tablas-y-esquis\/e-foils\/tablero\/fliteboard-pro\/","name":"Fliteboard Pro | Nauti Parts","isPartOf":{"@id":"https:\/\/nauti-parts.com\/es\/#website"},"primaryImageOfPage":{"@id":"https:\/\/nauti-parts.com\/es\/shop\/tablas-y-esquis\/e-foils\/tablero\/fliteboard-pro\/#primaryimage"},"image":{"@id":"https:\/\/nauti-parts.com\/es\/shop\/tablas-y-esquis\/e-foils\/tablero\/fliteboard-pro\/#primaryimage"},"thumbnailUrl":"https:\/\/nauti-parts.com\/wp-content\/uploads\/2022\/03\/flite-pro-coral.png","datePublished":"2022-03-15T12:16:44+00:00","breadcrumb":{"@id":"https:\/\/nauti-parts.com\/es\/shop\/tablas-y-esquis\/e-foils\/tablero\/fliteboard-pro\/#breadcrumb"},"inLanguage":"es","potentialAction":[{"@type":"ReadAction","target":["https:\/\/nauti-parts.com\/es\/shop\/tablas-y-esquis\/e-foils\/tablero\/fliteboard-pro\/"]}]},{"@type":"ImageObject","inLanguage":"es","@id":"https:\/\/nauti-parts.com\/es\/shop\/tablas-y-esquis\/e-foils\/tablero\/fliteboard-pro\/#primaryimage","url":"https:\/\/nauti-parts.com\/wp-content\/uploads\/2022\/03\/flite-pro-coral.png","contentUrl":"https:\/\/nauti-parts.com\/wp-content\/uploads\/2022\/03\/flite-pro-coral.png","width":1024,"height":1024},{"@type":"BreadcrumbList","@id":"https:\/\/nauti-parts.com\/es\/shop\/tablas-y-esquis\/e-foils\/tablero\/fliteboard-pro\/#breadcrumb","itemListElement":[{"@type":"ListItem","position":1,"name":"Tienda","item":"https:\/\/nauti-parts.com\/es\/tienda\/"},{"@type":"ListItem","position":2,"name":"Fliteboard Pro"}]},{"@type":"WebSite","@id":"https:\/\/nauti-parts.com\/es\/#website","url":"https:\/\/nauti-parts.com\/es\/","name":"Nauti Parts","description":"Sea-Doo Jet Ski - Seabob Dealer and Rentals | Water Toys Mallorca","publisher":{"@id":"https:\/\/nauti-parts.com\/es\/#organization"},"potentialAction":[{"@type":"SearchAction","target":{"@type":"EntryPoint","urlTemplate":"https:\/\/nauti-parts.com\/es\/?s={search_term_string}"},"query-input":{"@type":"PropertyValueSpecification","valueRequired":true,"valueName":"search_term_string"}}],"inLanguage":"es"},{"@type":"Organization","@id":"https:\/\/nauti-parts.com\/es\/#organization","name":"Piezas Nauti","url":"https:\/\/nauti-parts.com\/es\/","logo":{"@type":"ImageObject","inLanguage":"es","@id":"https:\/\/nauti-parts.com\/es\/#\/schema\/logo\/image\/","url":"https:\/\/nauti-parts.com\/wp-content\/uploads\/2023\/10\/np-logo-black.png","contentUrl":"https:\/\/nauti-parts.com\/wp-content\/uploads\/2023\/10\/np-logo-black.png","width":253,"height":100,"caption":"Piezas Nauti"},"image":{"@id":"https:\/\/nauti-parts.com\/es\/#\/schema\/logo\/image\/"},"sameAs":["https:\/\/www.facebook.com\/nautipartsspain\/","https:\/\/www.instagram.com\/nautiparts\/"]}]}},"_links":{"self":[{"href":"https:\/\/nauti-parts.com\/es\/wp-json\/wp\/v2\/product\/25818","targetHints":{"allow":["GET"]}}],"collection":[{"href":"https:\/\/nauti-parts.com\/es\/wp-json\/wp\/v2\/product"}],"about":[{"href":"https:\/\/nauti-parts.com\/es\/wp-json\/wp\/v2\/types\/product"}],"replies":[{"embeddable":true,"href":"https:\/\/nauti-parts.com\/es\/wp-json\/wp\/v2\/comments?post=25818"}],"wp:featuredmedia":[{"embeddable":true,"href":"https:\/\/nauti-parts.com\/es\/wp-json\/wp\/v2\/media\/18263"}],"wp:attachment":[{"href":"https:\/\/nauti-parts.com\/es\/wp-json\/wp\/v2\/media?parent=25818"}],"wp:term":[{"taxonomy":"product_brand","embeddable":true,"href":"https:\/\/nauti-parts.com\/es\/wp-json\/wp\/v2\/product_brand?post=25818"},{"taxonomy":"product_cat","embeddable":true,"href":"https:\/\/nauti-parts.com\/es\/wp-json\/wp\/v2\/product_cat?post=25818"},{"taxonomy":"product_tag","embeddable":true,"href":"https:\/\/nauti-parts.com\/es\/wp-json\/wp\/v2\/product_tag?post=25818"}],"curies":[{"name":"wp","href":"https:\/\/api.w.org\/{rel}","templated":true}]}}