{"id":25712,"date":"2023-05-19T08:38:15","date_gmt":"2023-05-19T08:38:15","guid":{"rendered":"https:\/\/nauti-parts.com\/shop\/sin categor\u00eda\/muelle-hinchable-jobe-infinity-island-con-bomba-2\/"},"modified":"2023-05-19T08:38:15","modified_gmt":"2023-05-19T08:38:15","slug":"muelle-hinchable-jobe-infinity-island-con-bomba-2","status":"publish","type":"product","link":"https:\/\/nauti-parts.com\/es\/shop\/hinchables\/plataformas\/muelle-hinchable-jobe-infinity-island-con-bomba-2\/","title":{"rendered":"Muelle hinchable Jobe Infinity Island con bomba"},"content":{"rendered":"","protected":false},"excerpt":{"rendered":"<p>Nuestra isla infinita es modular, por lo que puedes ampliar tu yate hasta el infinito. Crea un patio de recreo \u00fanico para la familia: ideal para tomar el sol, hacer yoga, jugar, o para atracar tu moto acu\u00e1tica o tu tabla de stand up paddle. <\/p>\n<ul>\n<li><strong>Capacidad de peso: 700 kg<\/strong><\/li>\n<li><strong>Peso: 42 kg<\/strong><\/li>\n<li><strong>Dimensiones (inflado): 400 x 200 x 15 cm<\/strong><\/li>\n<li><strong>Dimensiones (plegado): 123 x 60 x 45 cm<\/strong><\/li>\n<li><strong>Volumen: 1200 l<\/strong><\/li>\n<\/ul>\n<p>El paquete contiene Isla Infinity, escalera de ba\u00f1o de acero inoxidable, bolsa de almacenamiento de PVC, bomba a bater\u00eda.<br \/>\n3 a\u00f1os de garant\u00eda<\/p>\n","protected":false},"featured_media":16989,"comment_status":"open","ping_status":"closed","template":"","meta":{"_acf_changed":false},"product_brand":[],"product_cat":[224,262,208,232],"product_tag":[],"class_list":{"0":"post-25712","1":"product","2":"type-product","3":"status-publish","4":"has-post-thumbnail","6":"product_cat-hinchables","7":"product_cat-jobe-infinito","8":"product_cat-juguetes-acuaticos","9":"product_cat-plataformas","10":"repupress_customize_woocommerce_productom_class","12":"first","13":"instock","14":"taxable","15":"shipping-taxable","16":"purchasable","17":"product-type-simple"},"acf":[],"yoast_head":"<!-- This site is optimized with the Yoast SEO plugin v27.2 - https:\/\/yoast.com\/product\/yoast-seo-wordpress\/ -->\n<title>Muelle hinchable Jobe Infinity Island con bomba | Nauti Parts<\/title>\n<meta name=\"robots\" content=\"index, follow, max-snippet:-1, max-image-preview:large, max-video-preview:-1\" \/>\n<link rel=\"canonical\" href=\"https:\/\/nauti-parts.com\/es\/shop\/hinchables\/plataformas\/muelle-hinchable-jobe-infinity-island-con-bomba-2\/\" \/>\n<meta property=\"og:locale\" content=\"es_ES\" \/>\n<meta property=\"og:type\" content=\"article\" \/>\n<meta property=\"og:title\" content=\"Muelle hinchable Jobe Infinity Island con bomba | Nauti Parts\" \/>\n<meta property=\"og:description\" content=\"Nuestra isla infinita es modular, por lo que puedes ampliar tu yate hasta el infinito. Crea un patio de recreo \u00fanico para la familia: ideal para tomar el sol, hacer yoga, jugar, o para atracar tu moto acu\u00e1tica o tu tabla de stand up paddle.   Capacidad de peso: 700 kg  Peso: 42 kg  Dimensiones (inflado): 400 x 200 x 15 cm  Dimensiones (plegado): 123 x 60 x 45 cm  Volumen: 1200 l El paquete contiene Isla Infinity, escalera de ba\u00f1o de acero inoxidable, bolsa de almacenamiento de PVC, bomba a bater\u00eda. 3 a\u00f1os de garant\u00eda\" \/>\n<meta property=\"og:url\" content=\"https:\/\/nauti-parts.com\/es\/shop\/hinchables\/plataformas\/muelle-hinchable-jobe-infinity-island-con-bomba-2\/\" \/>\n<meta property=\"og:site_name\" content=\"Nauti Parts\" \/>\n<meta property=\"article:publisher\" content=\"https:\/\/www.facebook.com\/nautipartsspain\/\" \/>\n<meta property=\"og:image\" content=\"https:\/\/nauti-parts.com\/wp-content\/uploads\/2023\/05\/281020003-zoom.jpg\" \/>\n\t<meta property=\"og:image:width\" content=\"1500\" \/>\n\t<meta property=\"og:image:height\" content=\"1500\" \/>\n\t<meta property=\"og:image:type\" content=\"image\/jpeg\" \/>\n<meta name=\"twitter:card\" content=\"summary_large_image\" \/>\n<script type=\"application\/ld+json\" class=\"yoast-schema-graph\">{\"@context\":\"https:\/\/schema.org\",\"@graph\":[{\"@type\":\"WebPage\",\"@id\":\"https:\/\/nauti-parts.com\/es\/shop\/hinchables\/plataformas\/muelle-hinchable-jobe-infinity-island-con-bomba-2\/\",\"url\":\"https:\/\/nauti-parts.com\/es\/shop\/hinchables\/plataformas\/muelle-hinchable-jobe-infinity-island-con-bomba-2\/\",\"name\":\"Muelle hinchable Jobe Infinity Island con bomba | Nauti Parts\",\"isPartOf\":{\"@id\":\"https:\/\/nauti-parts.com\/es\/#website\"},\"primaryImageOfPage\":{\"@id\":\"https:\/\/nauti-parts.com\/es\/shop\/hinchables\/plataformas\/muelle-hinchable-jobe-infinity-island-con-bomba-2\/#primaryimage\"},\"image\":{\"@id\":\"https:\/\/nauti-parts.com\/es\/shop\/hinchables\/plataformas\/muelle-hinchable-jobe-infinity-island-con-bomba-2\/#primaryimage\"},\"thumbnailUrl\":\"https:\/\/nauti-parts.com\/wp-content\/uploads\/2023\/05\/281020003-zoom.jpg\",\"datePublished\":\"2023-05-19T08:38:15+00:00\",\"breadcrumb\":{\"@id\":\"https:\/\/nauti-parts.com\/es\/shop\/hinchables\/plataformas\/muelle-hinchable-jobe-infinity-island-con-bomba-2\/#breadcrumb\"},\"inLanguage\":\"es\",\"potentialAction\":[{\"@type\":\"ReadAction\",\"target\":[\"https:\/\/nauti-parts.com\/es\/shop\/hinchables\/plataformas\/muelle-hinchable-jobe-infinity-island-con-bomba-2\/\"]}]},{\"@type\":\"ImageObject\",\"inLanguage\":\"es\",\"@id\":\"https:\/\/nauti-parts.com\/es\/shop\/hinchables\/plataformas\/muelle-hinchable-jobe-infinity-island-con-bomba-2\/#primaryimage\",\"url\":\"https:\/\/nauti-parts.com\/wp-content\/uploads\/2023\/05\/281020003-zoom.jpg\",\"contentUrl\":\"https:\/\/nauti-parts.com\/wp-content\/uploads\/2023\/05\/281020003-zoom.jpg\",\"width\":1500,\"height\":1500},{\"@type\":\"BreadcrumbList\",\"@id\":\"https:\/\/nauti-parts.com\/es\/shop\/hinchables\/plataformas\/muelle-hinchable-jobe-infinity-island-con-bomba-2\/#breadcrumb\",\"itemListElement\":[{\"@type\":\"ListItem\",\"position\":1,\"name\":\"Tienda\",\"item\":\"https:\/\/nauti-parts.com\/es\/tienda\/\"},{\"@type\":\"ListItem\",\"position\":2,\"name\":\"Muelle hinchable Jobe Infinity Island con bomba\"}]},{\"@type\":\"WebSite\",\"@id\":\"https:\/\/nauti-parts.com\/es\/#website\",\"url\":\"https:\/\/nauti-parts.com\/es\/\",\"name\":\"Nauti Parts\",\"description\":\"Sea-Doo Jet Ski - Seabob Dealer and Rentals | Water Toys Mallorca\",\"publisher\":{\"@id\":\"https:\/\/nauti-parts.com\/es\/#organization\"},\"potentialAction\":[{\"@type\":\"SearchAction\",\"target\":{\"@type\":\"EntryPoint\",\"urlTemplate\":\"https:\/\/nauti-parts.com\/es\/?s={search_term_string}\"},\"query-input\":{\"@type\":\"PropertyValueSpecification\",\"valueRequired\":true,\"valueName\":\"search_term_string\"}}],\"inLanguage\":\"es\"},{\"@type\":\"Organization\",\"@id\":\"https:\/\/nauti-parts.com\/es\/#organization\",\"name\":\"Piezas Nauti\",\"url\":\"https:\/\/nauti-parts.com\/es\/\",\"logo\":{\"@type\":\"ImageObject\",\"inLanguage\":\"es\",\"@id\":\"https:\/\/nauti-parts.com\/es\/#\/schema\/logo\/image\/\",\"url\":\"https:\/\/nauti-parts.com\/wp-content\/uploads\/2023\/10\/np-logo-black.png\",\"contentUrl\":\"https:\/\/nauti-parts.com\/wp-content\/uploads\/2023\/10\/np-logo-black.png\",\"width\":253,\"height\":100,\"caption\":\"Piezas Nauti\"},\"image\":{\"@id\":\"https:\/\/nauti-parts.com\/es\/#\/schema\/logo\/image\/\"},\"sameAs\":[\"https:\/\/www.facebook.com\/nautipartsspain\/\",\"https:\/\/www.instagram.com\/nautiparts\/\"]}]}<\/script>\n<!-- \/ Yoast SEO plugin. -->","yoast_head_json":{"title":"Muelle hinchable Jobe Infinity Island con bomba | Nauti Parts","robots":{"index":"index","follow":"follow","max-snippet":"max-snippet:-1","max-image-preview":"max-image-preview:large","max-video-preview":"max-video-preview:-1"},"canonical":"https:\/\/nauti-parts.com\/es\/shop\/hinchables\/plataformas\/muelle-hinchable-jobe-infinity-island-con-bomba-2\/","og_locale":"es_ES","og_type":"article","og_title":"Muelle hinchable Jobe Infinity Island con bomba | Nauti Parts","og_description":"Nuestra isla infinita es modular, por lo que puedes ampliar tu yate hasta el infinito. Crea un patio de recreo \u00fanico para la familia: ideal para tomar el sol, hacer yoga, jugar, o para atracar tu moto acu\u00e1tica o tu tabla de stand up paddle.   Capacidad de peso: 700 kg  Peso: 42 kg  Dimensiones (inflado): 400 x 200 x 15 cm  Dimensiones (plegado): 123 x 60 x 45 cm  Volumen: 1200 l El paquete contiene Isla Infinity, escalera de ba\u00f1o de acero inoxidable, bolsa de almacenamiento de PVC, bomba a bater\u00eda. 3 a\u00f1os de garant\u00eda","og_url":"https:\/\/nauti-parts.com\/es\/shop\/hinchables\/plataformas\/muelle-hinchable-jobe-infinity-island-con-bomba-2\/","og_site_name":"Nauti Parts","article_publisher":"https:\/\/www.facebook.com\/nautipartsspain\/","og_image":[{"width":1500,"height":1500,"url":"https:\/\/nauti-parts.com\/wp-content\/uploads\/2023\/05\/281020003-zoom.jpg","type":"image\/jpeg"}],"twitter_card":"summary_large_image","schema":{"@context":"https:\/\/schema.org","@graph":[{"@type":"WebPage","@id":"https:\/\/nauti-parts.com\/es\/shop\/hinchables\/plataformas\/muelle-hinchable-jobe-infinity-island-con-bomba-2\/","url":"https:\/\/nauti-parts.com\/es\/shop\/hinchables\/plataformas\/muelle-hinchable-jobe-infinity-island-con-bomba-2\/","name":"Muelle hinchable Jobe Infinity Island con bomba | Nauti Parts","isPartOf":{"@id":"https:\/\/nauti-parts.com\/es\/#website"},"primaryImageOfPage":{"@id":"https:\/\/nauti-parts.com\/es\/shop\/hinchables\/plataformas\/muelle-hinchable-jobe-infinity-island-con-bomba-2\/#primaryimage"},"image":{"@id":"https:\/\/nauti-parts.com\/es\/shop\/hinchables\/plataformas\/muelle-hinchable-jobe-infinity-island-con-bomba-2\/#primaryimage"},"thumbnailUrl":"https:\/\/nauti-parts.com\/wp-content\/uploads\/2023\/05\/281020003-zoom.jpg","datePublished":"2023-05-19T08:38:15+00:00","breadcrumb":{"@id":"https:\/\/nauti-parts.com\/es\/shop\/hinchables\/plataformas\/muelle-hinchable-jobe-infinity-island-con-bomba-2\/#breadcrumb"},"inLanguage":"es","potentialAction":[{"@type":"ReadAction","target":["https:\/\/nauti-parts.com\/es\/shop\/hinchables\/plataformas\/muelle-hinchable-jobe-infinity-island-con-bomba-2\/"]}]},{"@type":"ImageObject","inLanguage":"es","@id":"https:\/\/nauti-parts.com\/es\/shop\/hinchables\/plataformas\/muelle-hinchable-jobe-infinity-island-con-bomba-2\/#primaryimage","url":"https:\/\/nauti-parts.com\/wp-content\/uploads\/2023\/05\/281020003-zoom.jpg","contentUrl":"https:\/\/nauti-parts.com\/wp-content\/uploads\/2023\/05\/281020003-zoom.jpg","width":1500,"height":1500},{"@type":"BreadcrumbList","@id":"https:\/\/nauti-parts.com\/es\/shop\/hinchables\/plataformas\/muelle-hinchable-jobe-infinity-island-con-bomba-2\/#breadcrumb","itemListElement":[{"@type":"ListItem","position":1,"name":"Tienda","item":"https:\/\/nauti-parts.com\/es\/tienda\/"},{"@type":"ListItem","position":2,"name":"Muelle hinchable Jobe Infinity Island con bomba"}]},{"@type":"WebSite","@id":"https:\/\/nauti-parts.com\/es\/#website","url":"https:\/\/nauti-parts.com\/es\/","name":"Nauti Parts","description":"Sea-Doo Jet Ski - Seabob Dealer and Rentals | Water Toys Mallorca","publisher":{"@id":"https:\/\/nauti-parts.com\/es\/#organization"},"potentialAction":[{"@type":"SearchAction","target":{"@type":"EntryPoint","urlTemplate":"https:\/\/nauti-parts.com\/es\/?s={search_term_string}"},"query-input":{"@type":"PropertyValueSpecification","valueRequired":true,"valueName":"search_term_string"}}],"inLanguage":"es"},{"@type":"Organization","@id":"https:\/\/nauti-parts.com\/es\/#organization","name":"Piezas Nauti","url":"https:\/\/nauti-parts.com\/es\/","logo":{"@type":"ImageObject","inLanguage":"es","@id":"https:\/\/nauti-parts.com\/es\/#\/schema\/logo\/image\/","url":"https:\/\/nauti-parts.com\/wp-content\/uploads\/2023\/10\/np-logo-black.png","contentUrl":"https:\/\/nauti-parts.com\/wp-content\/uploads\/2023\/10\/np-logo-black.png","width":253,"height":100,"caption":"Piezas Nauti"},"image":{"@id":"https:\/\/nauti-parts.com\/es\/#\/schema\/logo\/image\/"},"sameAs":["https:\/\/www.facebook.com\/nautipartsspain\/","https:\/\/www.instagram.com\/nautiparts\/"]}]}},"_links":{"self":[{"href":"https:\/\/nauti-parts.com\/es\/wp-json\/wp\/v2\/product\/25712","targetHints":{"allow":["GET"]}}],"collection":[{"href":"https:\/\/nauti-parts.com\/es\/wp-json\/wp\/v2\/product"}],"about":[{"href":"https:\/\/nauti-parts.com\/es\/wp-json\/wp\/v2\/types\/product"}],"replies":[{"embeddable":true,"href":"https:\/\/nauti-parts.com\/es\/wp-json\/wp\/v2\/comments?post=25712"}],"wp:featuredmedia":[{"embeddable":true,"href":"https:\/\/nauti-parts.com\/es\/wp-json\/wp\/v2\/media\/16989"}],"wp:attachment":[{"href":"https:\/\/nauti-parts.com\/es\/wp-json\/wp\/v2\/media?parent=25712"}],"wp:term":[{"taxonomy":"product_brand","embeddable":true,"href":"https:\/\/nauti-parts.com\/es\/wp-json\/wp\/v2\/product_brand?post=25712"},{"taxonomy":"product_cat","embeddable":true,"href":"https:\/\/nauti-parts.com\/es\/wp-json\/wp\/v2\/product_cat?post=25712"},{"taxonomy":"product_tag","embeddable":true,"href":"https:\/\/nauti-parts.com\/es\/wp-json\/wp\/v2\/product_tag?post=25712"}],"curies":[{"name":"wp","href":"https:\/\/api.w.org\/{rel}","templated":true}]}}