{"id":25688,"date":"2023-05-19T08:12:55","date_gmt":"2023-05-19T08:12:55","guid":{"rendered":"https:\/\/nauti-parts.com\/shop\/sin categor\u00eda\/gocycle-g4i-2\/"},"modified":"2023-05-19T08:12:55","modified_gmt":"2023-05-19T08:12:55","slug":"gocycle-g4i-2","status":"publish","type":"product","link":"https:\/\/nauti-parts.com\/es\/shop\/accesorios\/gocycle\/gocycle-g4i-2\/","title":{"rendered":"Gocycle G4i"},"content":{"rendered":"<p>Los modelos Gocycle G4i incorporan versiones actualizadas de las tecnolog\u00edas l\u00edderes de Gocycle orientadas al motorista. Entre ellas se incluyen el puesto de conducci\u00f3n de la marca, inspirado en la F1, el cambio de marchas electr\u00f3nico predictivo y la luz de conducci\u00f3n diurna (DRL) patentada, inspirada en la automoci\u00f3n, que mejora la seguridad de los motoristas al garantizar que se les pueda ver desde m\u00e1s lejos. Muchos de los ajustes exclusivos para el motorista pueden ajustarse ahora a trav\u00e9s de la aplicaci\u00f3n GocycleConnect.  <\/p>\n<p>La Gocycle G4i est\u00e1 propulsada por el nuevo motor el\u00e9ctrico G4drive\u2122. El G4drive\u2122 proporciona una conducci\u00f3n suave y silenciosa, al tiempo que ofrece m\u00e1s par motor y capacidad de arranque a baja velocidad, todo ello dentro de un paquete compacto l\u00edder en su clase. El G4drive\u2122 y la caja de cambios patentados han estado en desarrollo durante varios a\u00f1os y han sido sometidos a much\u00edsimos kil\u00f3metros de pruebas en las instalaciones de investigaci\u00f3n y desarrollo de Gocycle para garantizar que rinden de acuerdo con los elevados est\u00e1ndares de fiabilidad de la G4i.  <\/p>\n<p>Una horquilla delantera totalmente nueva de fibra de carbono de una sola cara aloja el motor el\u00e9ctrico G4drive\u2122 totalmente integrado y une el chasis de la Gocycle G4i a la carretera. Sus l\u00edneas suaves y fluidas proporcionan una est\u00e9tica pura al tiempo que ayudan a reducir la tensi\u00f3n y el peso total. Se ha dise\u00f1ado con mayor flexibilidad vertical para mejorar la comodidad, al tiempo que mantiene la rigidez direccional para una direcci\u00f3n segura en las curvas.  <\/p>\n<p>La reconocida capacidad de manejo de Gocycle se ha mejorado a\u00fan m\u00e1s con la introducci\u00f3n de un nuevo bastidor central de fibra de carbono m\u00e1s ligero y preciso que forma el chasis monocasco de la Gocycle G4i. Proporciona un n\u00facleo resistente y tiene la importante funci\u00f3n de conectar el bastidor delantero de aluminio hidroformado y el Cleandrive de magnesio patentado por Gocycle. Tres componentes diferentes, tres materiales diferentes, cada uno optimizado para tres funciones diferentes.  <\/p>\n","protected":false},"excerpt":{"rendered":"<p>Cabina del piloto a medida inspirada en la F1, cambio de marchas electr\u00f3nico predictivo y luz de conducci\u00f3n diurna (DRL) patentada inspirada en la automoci\u00f3n<\/p>\n<p> Guardabarros<strong>y luces incluidos ahora de serie.<\/strong><\/p>\n","protected":false},"featured_media":16966,"comment_status":"open","ping_status":"closed","template":"","meta":{"_acf_changed":false},"product_brand":[],"product_cat":[264,263],"product_tag":[],"class_list":{"0":"post-25688","1":"product","2":"type-product","3":"status-publish","4":"has-post-thumbnail","6":"product_cat-gocycle","8":"repupress_customize_woocommerce_productom_class","10":"first","11":"instock","12":"taxable","13":"shipping-taxable","14":"purchasable","15":"product-type-variable"},"acf":[],"yoast_head":"<!-- This site is optimized with the Yoast SEO plugin v27.2 - https:\/\/yoast.com\/product\/yoast-seo-wordpress\/ -->\n<title>Gocycle G4i | Nauti Parts<\/title>\n<meta name=\"robots\" content=\"index, follow, max-snippet:-1, max-image-preview:large, max-video-preview:-1\" \/>\n<link rel=\"canonical\" href=\"https:\/\/nauti-parts.com\/es\/shop\/accesorios\/gocycle\/gocycle-g4i-2\/\" \/>\n<meta property=\"og:locale\" content=\"es_ES\" \/>\n<meta property=\"og:type\" content=\"article\" \/>\n<meta property=\"og:title\" content=\"Gocycle G4i | Nauti Parts\" \/>\n<meta property=\"og:description\" content=\"Cabina del piloto a medida inspirada en la F1, cambio de marchas electr\u00f3nico predictivo y luz de conducci\u00f3n diurna (DRL) patentada inspirada en la automoci\u00f3n  Guardabarrosy luces incluidos ahora de serie.\" \/>\n<meta property=\"og:url\" content=\"https:\/\/nauti-parts.com\/es\/shop\/accesorios\/gocycle\/gocycle-g4i-2\/\" \/>\n<meta property=\"og:site_name\" content=\"Nauti Parts\" \/>\n<meta property=\"article:publisher\" content=\"https:\/\/www.facebook.com\/nautipartsspain\/\" \/>\n<meta property=\"og:image\" content=\"https:\/\/nauti-parts.com\/wp-content\/uploads\/2023\/05\/2022-Gocycle-G4i-black-14_webstore.jpg\" \/>\n\t<meta property=\"og:image:width\" content=\"1920\" \/>\n\t<meta property=\"og:image:height\" content=\"1920\" \/>\n\t<meta property=\"og:image:type\" content=\"image\/jpeg\" \/>\n<meta name=\"twitter:card\" content=\"summary_large_image\" \/>\n<meta name=\"twitter:label1\" content=\"Tiempo de lectura\" \/>\n\t<meta name=\"twitter:data1\" content=\"2 minutos\" \/>\n<script type=\"application\/ld+json\" class=\"yoast-schema-graph\">{\"@context\":\"https:\/\/schema.org\",\"@graph\":[{\"@type\":\"WebPage\",\"@id\":\"https:\/\/nauti-parts.com\/es\/shop\/accesorios\/gocycle\/gocycle-g4i-2\/\",\"url\":\"https:\/\/nauti-parts.com\/es\/shop\/accesorios\/gocycle\/gocycle-g4i-2\/\",\"name\":\"Gocycle G4i | Nauti Parts\",\"isPartOf\":{\"@id\":\"https:\/\/nauti-parts.com\/es\/#website\"},\"primaryImageOfPage\":{\"@id\":\"https:\/\/nauti-parts.com\/es\/shop\/accesorios\/gocycle\/gocycle-g4i-2\/#primaryimage\"},\"image\":{\"@id\":\"https:\/\/nauti-parts.com\/es\/shop\/accesorios\/gocycle\/gocycle-g4i-2\/#primaryimage\"},\"thumbnailUrl\":\"https:\/\/nauti-parts.com\/wp-content\/uploads\/2023\/05\/2022-Gocycle-G4i-black-14_webstore.jpg\",\"datePublished\":\"2023-05-19T08:12:55+00:00\",\"breadcrumb\":{\"@id\":\"https:\/\/nauti-parts.com\/es\/shop\/accesorios\/gocycle\/gocycle-g4i-2\/#breadcrumb\"},\"inLanguage\":\"es\",\"potentialAction\":[{\"@type\":\"ReadAction\",\"target\":[\"https:\/\/nauti-parts.com\/es\/shop\/accesorios\/gocycle\/gocycle-g4i-2\/\"]}]},{\"@type\":\"ImageObject\",\"inLanguage\":\"es\",\"@id\":\"https:\/\/nauti-parts.com\/es\/shop\/accesorios\/gocycle\/gocycle-g4i-2\/#primaryimage\",\"url\":\"https:\/\/nauti-parts.com\/wp-content\/uploads\/2023\/05\/2022-Gocycle-G4i-black-14_webstore.jpg\",\"contentUrl\":\"https:\/\/nauti-parts.com\/wp-content\/uploads\/2023\/05\/2022-Gocycle-G4i-black-14_webstore.jpg\",\"width\":1920,\"height\":1920},{\"@type\":\"BreadcrumbList\",\"@id\":\"https:\/\/nauti-parts.com\/es\/shop\/accesorios\/gocycle\/gocycle-g4i-2\/#breadcrumb\",\"itemListElement\":[{\"@type\":\"ListItem\",\"position\":1,\"name\":\"Tienda\",\"item\":\"https:\/\/nauti-parts.com\/es\/tienda\/\"},{\"@type\":\"ListItem\",\"position\":2,\"name\":\"Gocycle G4i\"}]},{\"@type\":\"WebSite\",\"@id\":\"https:\/\/nauti-parts.com\/es\/#website\",\"url\":\"https:\/\/nauti-parts.com\/es\/\",\"name\":\"Nauti Parts\",\"description\":\"Sea-Doo Jet Ski - Seabob Dealer and Rentals | Water Toys Mallorca\",\"publisher\":{\"@id\":\"https:\/\/nauti-parts.com\/es\/#organization\"},\"potentialAction\":[{\"@type\":\"SearchAction\",\"target\":{\"@type\":\"EntryPoint\",\"urlTemplate\":\"https:\/\/nauti-parts.com\/es\/?s={search_term_string}\"},\"query-input\":{\"@type\":\"PropertyValueSpecification\",\"valueRequired\":true,\"valueName\":\"search_term_string\"}}],\"inLanguage\":\"es\"},{\"@type\":\"Organization\",\"@id\":\"https:\/\/nauti-parts.com\/es\/#organization\",\"name\":\"Piezas Nauti\",\"url\":\"https:\/\/nauti-parts.com\/es\/\",\"logo\":{\"@type\":\"ImageObject\",\"inLanguage\":\"es\",\"@id\":\"https:\/\/nauti-parts.com\/es\/#\/schema\/logo\/image\/\",\"url\":\"https:\/\/nauti-parts.com\/wp-content\/uploads\/2023\/10\/np-logo-black.png\",\"contentUrl\":\"https:\/\/nauti-parts.com\/wp-content\/uploads\/2023\/10\/np-logo-black.png\",\"width\":253,\"height\":100,\"caption\":\"Piezas Nauti\"},\"image\":{\"@id\":\"https:\/\/nauti-parts.com\/es\/#\/schema\/logo\/image\/\"},\"sameAs\":[\"https:\/\/www.facebook.com\/nautipartsspain\/\",\"https:\/\/www.instagram.com\/nautiparts\/\"]}]}<\/script>\n<!-- \/ Yoast SEO plugin. -->","yoast_head_json":{"title":"Gocycle G4i | Nauti Parts","robots":{"index":"index","follow":"follow","max-snippet":"max-snippet:-1","max-image-preview":"max-image-preview:large","max-video-preview":"max-video-preview:-1"},"canonical":"https:\/\/nauti-parts.com\/es\/shop\/accesorios\/gocycle\/gocycle-g4i-2\/","og_locale":"es_ES","og_type":"article","og_title":"Gocycle G4i | Nauti Parts","og_description":"Cabina del piloto a medida inspirada en la F1, cambio de marchas electr\u00f3nico predictivo y luz de conducci\u00f3n diurna (DRL) patentada inspirada en la automoci\u00f3n  Guardabarrosy luces incluidos ahora de serie.","og_url":"https:\/\/nauti-parts.com\/es\/shop\/accesorios\/gocycle\/gocycle-g4i-2\/","og_site_name":"Nauti Parts","article_publisher":"https:\/\/www.facebook.com\/nautipartsspain\/","og_image":[{"width":1920,"height":1920,"url":"https:\/\/nauti-parts.com\/wp-content\/uploads\/2023\/05\/2022-Gocycle-G4i-black-14_webstore.jpg","type":"image\/jpeg"}],"twitter_card":"summary_large_image","twitter_misc":{"Tiempo de lectura":"2 minutos"},"schema":{"@context":"https:\/\/schema.org","@graph":[{"@type":"WebPage","@id":"https:\/\/nauti-parts.com\/es\/shop\/accesorios\/gocycle\/gocycle-g4i-2\/","url":"https:\/\/nauti-parts.com\/es\/shop\/accesorios\/gocycle\/gocycle-g4i-2\/","name":"Gocycle G4i | Nauti Parts","isPartOf":{"@id":"https:\/\/nauti-parts.com\/es\/#website"},"primaryImageOfPage":{"@id":"https:\/\/nauti-parts.com\/es\/shop\/accesorios\/gocycle\/gocycle-g4i-2\/#primaryimage"},"image":{"@id":"https:\/\/nauti-parts.com\/es\/shop\/accesorios\/gocycle\/gocycle-g4i-2\/#primaryimage"},"thumbnailUrl":"https:\/\/nauti-parts.com\/wp-content\/uploads\/2023\/05\/2022-Gocycle-G4i-black-14_webstore.jpg","datePublished":"2023-05-19T08:12:55+00:00","breadcrumb":{"@id":"https:\/\/nauti-parts.com\/es\/shop\/accesorios\/gocycle\/gocycle-g4i-2\/#breadcrumb"},"inLanguage":"es","potentialAction":[{"@type":"ReadAction","target":["https:\/\/nauti-parts.com\/es\/shop\/accesorios\/gocycle\/gocycle-g4i-2\/"]}]},{"@type":"ImageObject","inLanguage":"es","@id":"https:\/\/nauti-parts.com\/es\/shop\/accesorios\/gocycle\/gocycle-g4i-2\/#primaryimage","url":"https:\/\/nauti-parts.com\/wp-content\/uploads\/2023\/05\/2022-Gocycle-G4i-black-14_webstore.jpg","contentUrl":"https:\/\/nauti-parts.com\/wp-content\/uploads\/2023\/05\/2022-Gocycle-G4i-black-14_webstore.jpg","width":1920,"height":1920},{"@type":"BreadcrumbList","@id":"https:\/\/nauti-parts.com\/es\/shop\/accesorios\/gocycle\/gocycle-g4i-2\/#breadcrumb","itemListElement":[{"@type":"ListItem","position":1,"name":"Tienda","item":"https:\/\/nauti-parts.com\/es\/tienda\/"},{"@type":"ListItem","position":2,"name":"Gocycle G4i"}]},{"@type":"WebSite","@id":"https:\/\/nauti-parts.com\/es\/#website","url":"https:\/\/nauti-parts.com\/es\/","name":"Nauti Parts","description":"Sea-Doo Jet Ski - Seabob Dealer and Rentals | Water Toys Mallorca","publisher":{"@id":"https:\/\/nauti-parts.com\/es\/#organization"},"potentialAction":[{"@type":"SearchAction","target":{"@type":"EntryPoint","urlTemplate":"https:\/\/nauti-parts.com\/es\/?s={search_term_string}"},"query-input":{"@type":"PropertyValueSpecification","valueRequired":true,"valueName":"search_term_string"}}],"inLanguage":"es"},{"@type":"Organization","@id":"https:\/\/nauti-parts.com\/es\/#organization","name":"Piezas Nauti","url":"https:\/\/nauti-parts.com\/es\/","logo":{"@type":"ImageObject","inLanguage":"es","@id":"https:\/\/nauti-parts.com\/es\/#\/schema\/logo\/image\/","url":"https:\/\/nauti-parts.com\/wp-content\/uploads\/2023\/10\/np-logo-black.png","contentUrl":"https:\/\/nauti-parts.com\/wp-content\/uploads\/2023\/10\/np-logo-black.png","width":253,"height":100,"caption":"Piezas Nauti"},"image":{"@id":"https:\/\/nauti-parts.com\/es\/#\/schema\/logo\/image\/"},"sameAs":["https:\/\/www.facebook.com\/nautipartsspain\/","https:\/\/www.instagram.com\/nautiparts\/"]}]}},"_links":{"self":[{"href":"https:\/\/nauti-parts.com\/es\/wp-json\/wp\/v2\/product\/25688","targetHints":{"allow":["GET"]}}],"collection":[{"href":"https:\/\/nauti-parts.com\/es\/wp-json\/wp\/v2\/product"}],"about":[{"href":"https:\/\/nauti-parts.com\/es\/wp-json\/wp\/v2\/types\/product"}],"replies":[{"embeddable":true,"href":"https:\/\/nauti-parts.com\/es\/wp-json\/wp\/v2\/comments?post=25688"}],"wp:featuredmedia":[{"embeddable":true,"href":"https:\/\/nauti-parts.com\/es\/wp-json\/wp\/v2\/media\/16966"}],"wp:attachment":[{"href":"https:\/\/nauti-parts.com\/es\/wp-json\/wp\/v2\/media?parent=25688"}],"wp:term":[{"taxonomy":"product_brand","embeddable":true,"href":"https:\/\/nauti-parts.com\/es\/wp-json\/wp\/v2\/product_brand?post=25688"},{"taxonomy":"product_cat","embeddable":true,"href":"https:\/\/nauti-parts.com\/es\/wp-json\/wp\/v2\/product_cat?post=25688"},{"taxonomy":"product_tag","embeddable":true,"href":"https:\/\/nauti-parts.com\/es\/wp-json\/wp\/v2\/product_tag?post=25688"}],"curies":[{"name":"wp","href":"https:\/\/api.w.org\/{rel}","templated":true}]}}