{"id":25629,"date":"2023-05-24T13:57:28","date_gmt":"2023-05-24T13:57:28","guid":{"rendered":"https:\/\/nauti-parts.com\/shop\/sin categor\u00eda\/spinera-kayak-hybris-420\/"},"modified":"2023-05-24T13:57:28","modified_gmt":"2023-05-24T13:57:28","slug":"spinera-kayak-hybris-420","status":"publish","type":"product","link":"https:\/\/nauti-parts.com\/es\/shop\/tablas-y-esquis\/sup\/spinera-kayak-hybris-420\/","title":{"rendered":"Spinera Kayak Hybris 420"},"content":{"rendered":"<p>Un kayak muy estable que ofrece las mejores propiedades de deslizamiento gracias al fondo liso de lona.<\/p>\n<p>Hybris 410 Especificaciones:<br \/>\nDimensiones: 410cm x 90cm<br \/>\nMax. Usuarios: 2 personas<br \/>\nC\u00e1maras de aire: Sistema de seguridad de 3 pliegues<br \/>\nCarga m\u00e1x: 200 kg<br \/>\nCategor\u00eda: Kayak<br \/>\nC\u00e1maras de aire de PVC reforzadas<br \/>\nSuelo de lona reforzada para un mejor deslizamiento sobre el agua<br \/>\nSuelo de 8 cm HDDS &#8211; High Density Dropstitch Floor &#8211; Permite un embarque estable y c\u00f3modo y mantenerse de pie durante el recorrido en kayak<br \/>\nPeso neto parte principal: 9,2 kg<br \/>\nPeso neto parte inferior: 3,8 kg<br \/>\nPeso neto parte principal y fondo: 13kg<br \/>\nVolumen: 280k<br \/>\nTama\u00f1o del paquete: 55x27x85cm<br \/>\nColor: Verde  <\/p>\n<p>Sabemos que los kayakistas quieren m\u00e1s longitud para una estabilidad a\u00fan mayor, as\u00ed que el Spinera Kayak Hybris 410 tambi\u00e9n es estupendo para remar como monoplaza.<\/p>\n<p>Volumen de suministro:<br \/>\n2 aletas, bolsa de transporte de poli\u00e9ster 600D, asiento de kayak<\/p>\n<p>NOTA: Recomendamos encarecidamente llevar un dispositivo de flotaci\u00f3n\/ayuda a la flotaci\u00f3n cuando utilices el kayak. Los dispositivos de ayuda a la flotaci\u00f3n proporcionan flotabilidad tras una ca\u00edda al agua y mantienen la capacidad de nadar y actuar. No se incluye un dispositivo de flotaci\u00f3n\/ayuda a la flotaci\u00f3n  <\/p>\n","protected":false},"excerpt":{"rendered":"<p>La serie Hybris es la nueva y completa l\u00ednea de kayaks de traves\u00eda todoterreno de Spinera. En 3 tama\u00f1os diferentes puedes elegir el m\u00e1s adecuado para ti. Con los Hybriskajaks estar\u00e1s bien equipado en r\u00edos, lagos y el mar.  <\/p>\n","protected":false},"featured_media":17025,"comment_status":"open","ping_status":"closed","template":"","meta":{"_acf_changed":false},"product_brand":[],"product_cat":[208,213],"product_tag":[],"class_list":{"0":"post-25629","1":"product","2":"type-product","3":"status-publish","4":"has-post-thumbnail","6":"product_cat-juguetes-acuaticos","7":"product_cat-sup","8":"repupress_customize_woocommerce_productom_class","10":"first","11":"instock","12":"taxable","13":"shipping-taxable","14":"purchasable","15":"product-type-simple"},"acf":[],"yoast_head":"<!-- This site is optimized with the Yoast SEO plugin v27.5 - https:\/\/yoast.com\/product\/yoast-seo-wordpress\/ -->\n<title>Spinera Kayak Hybris 420 | Nauti Parts<\/title>\n<meta name=\"robots\" content=\"index, follow, max-snippet:-1, max-image-preview:large, max-video-preview:-1\" \/>\n<link rel=\"canonical\" href=\"https:\/\/nauti-parts.com\/es\/shop\/tablas-y-esquis\/sup\/spinera-kayak-hybris-420\/\" \/>\n<meta property=\"og:locale\" content=\"es_ES\" \/>\n<meta property=\"og:type\" content=\"article\" \/>\n<meta property=\"og:title\" content=\"Spinera Kayak Hybris 420 | Nauti Parts\" \/>\n<meta property=\"og:description\" content=\"La serie Hybris es la nueva y completa l\u00ednea de kayaks de traves\u00eda todoterreno de Spinera. En 3 tama\u00f1os diferentes puedes elegir el m\u00e1s adecuado para ti. Con los Hybriskajaks estar\u00e1s bien equipado en r\u00edos, lagos y el mar.\" \/>\n<meta property=\"og:url\" content=\"https:\/\/nauti-parts.com\/es\/shop\/tablas-y-esquis\/sup\/spinera-kayak-hybris-420\/\" \/>\n<meta property=\"og:site_name\" content=\"Nauti Parts\" \/>\n<meta property=\"article:publisher\" content=\"https:\/\/www.facebook.com\/nautipartsspain\/\" \/>\n<meta property=\"og:image\" content=\"https:\/\/nauti-parts.com\/wp-content\/uploads\/2023\/05\/w22220-8-spinera-kayak-hybris-410-set_1.webp\" \/>\n\t<meta property=\"og:image:width\" content=\"700\" \/>\n\t<meta property=\"og:image:height\" content=\"700\" \/>\n\t<meta property=\"og:image:type\" content=\"image\/webp\" \/>\n<meta name=\"twitter:card\" content=\"summary_large_image\" \/>\n<meta name=\"twitter:label1\" content=\"Tiempo de lectura\" \/>\n\t<meta name=\"twitter:data1\" content=\"1 minuto\" \/>\n<script type=\"application\/ld+json\" class=\"yoast-schema-graph\">{\"@context\":\"https:\\\/\\\/schema.org\",\"@graph\":[{\"@type\":\"WebPage\",\"@id\":\"https:\\\/\\\/nauti-parts.com\\\/es\\\/shop\\\/tablas-y-esquis\\\/sup\\\/spinera-kayak-hybris-420\\\/\",\"url\":\"https:\\\/\\\/nauti-parts.com\\\/es\\\/shop\\\/tablas-y-esquis\\\/sup\\\/spinera-kayak-hybris-420\\\/\",\"name\":\"Spinera Kayak Hybris 420 | Nauti Parts\",\"isPartOf\":{\"@id\":\"https:\\\/\\\/nauti-parts.com\\\/es\\\/#website\"},\"primaryImageOfPage\":{\"@id\":\"https:\\\/\\\/nauti-parts.com\\\/es\\\/shop\\\/tablas-y-esquis\\\/sup\\\/spinera-kayak-hybris-420\\\/#primaryimage\"},\"image\":{\"@id\":\"https:\\\/\\\/nauti-parts.com\\\/es\\\/shop\\\/tablas-y-esquis\\\/sup\\\/spinera-kayak-hybris-420\\\/#primaryimage\"},\"thumbnailUrl\":\"https:\\\/\\\/nauti-parts.com\\\/wp-content\\\/uploads\\\/2023\\\/05\\\/w22220-8-spinera-kayak-hybris-410-set_1.webp\",\"datePublished\":\"2023-05-24T13:57:28+00:00\",\"breadcrumb\":{\"@id\":\"https:\\\/\\\/nauti-parts.com\\\/es\\\/shop\\\/tablas-y-esquis\\\/sup\\\/spinera-kayak-hybris-420\\\/#breadcrumb\"},\"inLanguage\":\"es\",\"potentialAction\":[{\"@type\":\"ReadAction\",\"target\":[\"https:\\\/\\\/nauti-parts.com\\\/es\\\/shop\\\/tablas-y-esquis\\\/sup\\\/spinera-kayak-hybris-420\\\/\"]}]},{\"@type\":\"ImageObject\",\"inLanguage\":\"es\",\"@id\":\"https:\\\/\\\/nauti-parts.com\\\/es\\\/shop\\\/tablas-y-esquis\\\/sup\\\/spinera-kayak-hybris-420\\\/#primaryimage\",\"url\":\"https:\\\/\\\/nauti-parts.com\\\/wp-content\\\/uploads\\\/2023\\\/05\\\/w22220-8-spinera-kayak-hybris-410-set_1.webp\",\"contentUrl\":\"https:\\\/\\\/nauti-parts.com\\\/wp-content\\\/uploads\\\/2023\\\/05\\\/w22220-8-spinera-kayak-hybris-410-set_1.webp\",\"width\":700,\"height\":700},{\"@type\":\"BreadcrumbList\",\"@id\":\"https:\\\/\\\/nauti-parts.com\\\/es\\\/shop\\\/tablas-y-esquis\\\/sup\\\/spinera-kayak-hybris-420\\\/#breadcrumb\",\"itemListElement\":[{\"@type\":\"ListItem\",\"position\":1,\"name\":\"Tienda\",\"item\":\"https:\\\/\\\/nauti-parts.com\\\/es\\\/tienda\\\/\"},{\"@type\":\"ListItem\",\"position\":2,\"name\":\"Spinera Kayak Hybris 420\"}]},{\"@type\":\"WebSite\",\"@id\":\"https:\\\/\\\/nauti-parts.com\\\/es\\\/#website\",\"url\":\"https:\\\/\\\/nauti-parts.com\\\/es\\\/\",\"name\":\"Nauti Parts\",\"description\":\"Sea-Doo Jet Ski - Seabob Dealer and Rentals | Water Toys Mallorca\",\"publisher\":{\"@id\":\"https:\\\/\\\/nauti-parts.com\\\/es\\\/#organization\"},\"potentialAction\":[{\"@type\":\"SearchAction\",\"target\":{\"@type\":\"EntryPoint\",\"urlTemplate\":\"https:\\\/\\\/nauti-parts.com\\\/es\\\/?s={search_term_string}\"},\"query-input\":{\"@type\":\"PropertyValueSpecification\",\"valueRequired\":true,\"valueName\":\"search_term_string\"}}],\"inLanguage\":\"es\"},{\"@type\":\"Organization\",\"@id\":\"https:\\\/\\\/nauti-parts.com\\\/es\\\/#organization\",\"name\":\"Piezas Nauti\",\"url\":\"https:\\\/\\\/nauti-parts.com\\\/es\\\/\",\"logo\":{\"@type\":\"ImageObject\",\"inLanguage\":\"es\",\"@id\":\"https:\\\/\\\/nauti-parts.com\\\/es\\\/#\\\/schema\\\/logo\\\/image\\\/\",\"url\":\"https:\\\/\\\/nauti-parts.com\\\/wp-content\\\/uploads\\\/2023\\\/10\\\/np-logo-black.png\",\"contentUrl\":\"https:\\\/\\\/nauti-parts.com\\\/wp-content\\\/uploads\\\/2023\\\/10\\\/np-logo-black.png\",\"width\":253,\"height\":100,\"caption\":\"Piezas Nauti\"},\"image\":{\"@id\":\"https:\\\/\\\/nauti-parts.com\\\/es\\\/#\\\/schema\\\/logo\\\/image\\\/\"},\"sameAs\":[\"https:\\\/\\\/www.facebook.com\\\/nautipartsspain\\\/\",\"https:\\\/\\\/www.instagram.com\\\/nautiparts\\\/\"]}]}<\/script>\n<!-- \/ Yoast SEO plugin. -->","yoast_head_json":{"title":"Spinera Kayak Hybris 420 | Nauti Parts","robots":{"index":"index","follow":"follow","max-snippet":"max-snippet:-1","max-image-preview":"max-image-preview:large","max-video-preview":"max-video-preview:-1"},"canonical":"https:\/\/nauti-parts.com\/es\/shop\/tablas-y-esquis\/sup\/spinera-kayak-hybris-420\/","og_locale":"es_ES","og_type":"article","og_title":"Spinera Kayak Hybris 420 | Nauti Parts","og_description":"La serie Hybris es la nueva y completa l\u00ednea de kayaks de traves\u00eda todoterreno de Spinera. En 3 tama\u00f1os diferentes puedes elegir el m\u00e1s adecuado para ti. Con los Hybriskajaks estar\u00e1s bien equipado en r\u00edos, lagos y el mar.","og_url":"https:\/\/nauti-parts.com\/es\/shop\/tablas-y-esquis\/sup\/spinera-kayak-hybris-420\/","og_site_name":"Nauti Parts","article_publisher":"https:\/\/www.facebook.com\/nautipartsspain\/","og_image":[{"width":700,"height":700,"url":"https:\/\/nauti-parts.com\/wp-content\/uploads\/2023\/05\/w22220-8-spinera-kayak-hybris-410-set_1.webp","type":"image\/webp"}],"twitter_card":"summary_large_image","twitter_misc":{"Tiempo de lectura":"1 minuto"},"schema":{"@context":"https:\/\/schema.org","@graph":[{"@type":"WebPage","@id":"https:\/\/nauti-parts.com\/es\/shop\/tablas-y-esquis\/sup\/spinera-kayak-hybris-420\/","url":"https:\/\/nauti-parts.com\/es\/shop\/tablas-y-esquis\/sup\/spinera-kayak-hybris-420\/","name":"Spinera Kayak Hybris 420 | Nauti Parts","isPartOf":{"@id":"https:\/\/nauti-parts.com\/es\/#website"},"primaryImageOfPage":{"@id":"https:\/\/nauti-parts.com\/es\/shop\/tablas-y-esquis\/sup\/spinera-kayak-hybris-420\/#primaryimage"},"image":{"@id":"https:\/\/nauti-parts.com\/es\/shop\/tablas-y-esquis\/sup\/spinera-kayak-hybris-420\/#primaryimage"},"thumbnailUrl":"https:\/\/nauti-parts.com\/wp-content\/uploads\/2023\/05\/w22220-8-spinera-kayak-hybris-410-set_1.webp","datePublished":"2023-05-24T13:57:28+00:00","breadcrumb":{"@id":"https:\/\/nauti-parts.com\/es\/shop\/tablas-y-esquis\/sup\/spinera-kayak-hybris-420\/#breadcrumb"},"inLanguage":"es","potentialAction":[{"@type":"ReadAction","target":["https:\/\/nauti-parts.com\/es\/shop\/tablas-y-esquis\/sup\/spinera-kayak-hybris-420\/"]}]},{"@type":"ImageObject","inLanguage":"es","@id":"https:\/\/nauti-parts.com\/es\/shop\/tablas-y-esquis\/sup\/spinera-kayak-hybris-420\/#primaryimage","url":"https:\/\/nauti-parts.com\/wp-content\/uploads\/2023\/05\/w22220-8-spinera-kayak-hybris-410-set_1.webp","contentUrl":"https:\/\/nauti-parts.com\/wp-content\/uploads\/2023\/05\/w22220-8-spinera-kayak-hybris-410-set_1.webp","width":700,"height":700},{"@type":"BreadcrumbList","@id":"https:\/\/nauti-parts.com\/es\/shop\/tablas-y-esquis\/sup\/spinera-kayak-hybris-420\/#breadcrumb","itemListElement":[{"@type":"ListItem","position":1,"name":"Tienda","item":"https:\/\/nauti-parts.com\/es\/tienda\/"},{"@type":"ListItem","position":2,"name":"Spinera Kayak Hybris 420"}]},{"@type":"WebSite","@id":"https:\/\/nauti-parts.com\/es\/#website","url":"https:\/\/nauti-parts.com\/es\/","name":"Nauti Parts","description":"Sea-Doo Jet Ski - Seabob Dealer and Rentals | Water Toys Mallorca","publisher":{"@id":"https:\/\/nauti-parts.com\/es\/#organization"},"potentialAction":[{"@type":"SearchAction","target":{"@type":"EntryPoint","urlTemplate":"https:\/\/nauti-parts.com\/es\/?s={search_term_string}"},"query-input":{"@type":"PropertyValueSpecification","valueRequired":true,"valueName":"search_term_string"}}],"inLanguage":"es"},{"@type":"Organization","@id":"https:\/\/nauti-parts.com\/es\/#organization","name":"Piezas Nauti","url":"https:\/\/nauti-parts.com\/es\/","logo":{"@type":"ImageObject","inLanguage":"es","@id":"https:\/\/nauti-parts.com\/es\/#\/schema\/logo\/image\/","url":"https:\/\/nauti-parts.com\/wp-content\/uploads\/2023\/10\/np-logo-black.png","contentUrl":"https:\/\/nauti-parts.com\/wp-content\/uploads\/2023\/10\/np-logo-black.png","width":253,"height":100,"caption":"Piezas Nauti"},"image":{"@id":"https:\/\/nauti-parts.com\/es\/#\/schema\/logo\/image\/"},"sameAs":["https:\/\/www.facebook.com\/nautipartsspain\/","https:\/\/www.instagram.com\/nautiparts\/"]}]}},"_links":{"self":[{"href":"https:\/\/nauti-parts.com\/es\/wp-json\/wp\/v2\/product\/25629","targetHints":{"allow":["GET"]}}],"collection":[{"href":"https:\/\/nauti-parts.com\/es\/wp-json\/wp\/v2\/product"}],"about":[{"href":"https:\/\/nauti-parts.com\/es\/wp-json\/wp\/v2\/types\/product"}],"replies":[{"embeddable":true,"href":"https:\/\/nauti-parts.com\/es\/wp-json\/wp\/v2\/comments?post=25629"}],"wp:featuredmedia":[{"embeddable":true,"href":"https:\/\/nauti-parts.com\/es\/wp-json\/wp\/v2\/media\/17025"}],"wp:attachment":[{"href":"https:\/\/nauti-parts.com\/es\/wp-json\/wp\/v2\/media?parent=25629"}],"wp:term":[{"taxonomy":"product_brand","embeddable":true,"href":"https:\/\/nauti-parts.com\/es\/wp-json\/wp\/v2\/product_brand?post=25629"},{"taxonomy":"product_cat","embeddable":true,"href":"https:\/\/nauti-parts.com\/es\/wp-json\/wp\/v2\/product_cat?post=25629"},{"taxonomy":"product_tag","embeddable":true,"href":"https:\/\/nauti-parts.com\/es\/wp-json\/wp\/v2\/product_tag?post=25629"}],"curies":[{"name":"wp","href":"https:\/\/api.w.org\/{rel}","templated":true}]}}