{"id":25612,"date":"2023-05-31T13:11:48","date_gmt":"2023-05-31T13:11:48","guid":{"rendered":"https:\/\/nauti-parts.com\/shop\/sin categor\u00eda\/spinera-delta-2\/"},"modified":"2023-05-31T13:11:48","modified_gmt":"2023-05-31T13:11:48","slug":"spinera-delta-2","status":"publish","type":"product","link":"https:\/\/nauti-parts.com\/es\/shop\/juguetes-acuaticos\/remolcables\/spinera\/spinera-delta-2\/","title":{"rendered":"Spinera Delta 2"},"content":{"rendered":"<p>El Tubo Tri\u00e1ngulo-Delta2 no deja nada que desear. El material extragrueso del tubo est\u00e1 envuelto en una resistente funda de nailon, la argolla de tracci\u00f3n est\u00e1 cosida varias veces en diferentes puntos de tracci\u00f3n y la funda exterior est\u00e1 provista de 4 asas de nailon suave. La Delta2 ofrece espacio para 2 adultos, adolescentes o ni\u00f1os. Este biplaza es ideal para los ni\u00f1os, ya que pueden divertirse codo con codo. Adem\u00e1s, este tubo ofrece a\u00fan m\u00e1s seguridad durante la conducci\u00f3n gracias al hueco del asiento.    <\/p>\n<p>Estas propiedades hablan de la m\u00e1xima calidad, diversi\u00f3n en el agua y durabilidad del material. Grande o peque\u00f1o, \u00a1Triangle- Delta2 Tube lanza a todo el mundo al agua! <\/p>\n<p>-Tama\u00f1o inflado: 51,9 x 70,8 x 16,9&#8243; | 132 x 180 x 43cm<br \/>\n-Tama\u00f1o desinflado: 57&#8243; x 74,8&#8243; | 145 x 190 cm<br \/>\n-Nil\u00f3n con doble costura<br \/>\n-Pvc de calibre 24<br \/>\n-Grosor del PVC: 0,6 mm<br \/>\n-Grosor de la funda de nailon: 420D<br \/>\n-Mangos de confort de neopreno totalmente acolchados con protecciones de neopreno en los tobillos: 4<br \/>\n-V\u00e1lvula Boston para un inflado y desinflado r\u00e1pidos<br \/>\nsin gancho de conexi\u00f3n r\u00e1pida<br \/>\nsin caja de color &#8211; embalaje blanco neutro<br \/>\n-1 a\u00f1o de garant\u00eda<br \/>\n-Tama\u00f1o de la caja: 42x30x44cm<br \/>\n-Peso: 4,91kg<br \/>\n-M\u00e1x. s\u00f3lo 2 personas <\/p>\n","protected":false},"excerpt":{"rendered":"<p>M\u00e1s r\u00e1pido, m\u00e1s alto, m\u00e1s lejos, m\u00e1s salvaje, tubo triangular &#8211; \u00a1Delta2!<\/p>\n","protected":false},"featured_media":17061,"comment_status":"open","ping_status":"closed","template":"","meta":{"_acf_changed":false},"product_brand":[],"product_cat":[208,209,211],"product_tag":[],"class_list":{"0":"post-25612","1":"product","2":"type-product","3":"status-publish","4":"has-post-thumbnail","6":"product_cat-juguetes-acuaticos","7":"product_cat-remolcables","8":"product_cat-spinera","9":"repupress_customize_woocommerce_productom_class","11":"first","12":"instock","13":"taxable","14":"shipping-taxable","15":"purchasable","16":"product-type-simple"},"acf":[],"yoast_head":"<!-- This site is optimized with the Yoast SEO plugin v27.5 - https:\/\/yoast.com\/product\/yoast-seo-wordpress\/ -->\n<title>Spinera Delta 2 | Nauti Parts<\/title>\n<meta name=\"robots\" content=\"index, follow, max-snippet:-1, max-image-preview:large, max-video-preview:-1\" \/>\n<link rel=\"canonical\" href=\"https:\/\/nauti-parts.com\/es\/shop\/juguetes-acuaticos\/remolcables\/spinera\/spinera-delta-2\/\" \/>\n<meta property=\"og:locale\" content=\"es_ES\" \/>\n<meta property=\"og:type\" content=\"article\" \/>\n<meta property=\"og:title\" content=\"Spinera Delta 2 | Nauti Parts\" \/>\n<meta property=\"og:description\" content=\"M\u00e1s r\u00e1pido, m\u00e1s alto, m\u00e1s lejos, m\u00e1s salvaje, tubo triangular - \u00a1Delta2!\" \/>\n<meta property=\"og:url\" content=\"https:\/\/nauti-parts.com\/es\/shop\/juguetes-acuaticos\/remolcables\/spinera\/spinera-delta-2\/\" \/>\n<meta property=\"og:site_name\" content=\"Nauti Parts\" \/>\n<meta property=\"article:publisher\" content=\"https:\/\/www.facebook.com\/nautipartsspain\/\" \/>\n<meta property=\"og:image\" content=\"https:\/\/nauti-parts.com\/wp-content\/uploads\/2023\/05\/w20319_1_spinera_delta2_towable.webp\" \/>\n\t<meta property=\"og:image:width\" content=\"700\" \/>\n\t<meta property=\"og:image:height\" content=\"700\" \/>\n\t<meta property=\"og:image:type\" content=\"image\/webp\" \/>\n<meta name=\"twitter:card\" content=\"summary_large_image\" \/>\n<meta name=\"twitter:label1\" content=\"Tiempo de lectura\" \/>\n\t<meta name=\"twitter:data1\" content=\"1 minuto\" \/>\n<script type=\"application\/ld+json\" class=\"yoast-schema-graph\">{\"@context\":\"https:\\\/\\\/schema.org\",\"@graph\":[{\"@type\":\"WebPage\",\"@id\":\"https:\\\/\\\/nauti-parts.com\\\/es\\\/shop\\\/juguetes-acuaticos\\\/remolcables\\\/spinera\\\/spinera-delta-2\\\/\",\"url\":\"https:\\\/\\\/nauti-parts.com\\\/es\\\/shop\\\/juguetes-acuaticos\\\/remolcables\\\/spinera\\\/spinera-delta-2\\\/\",\"name\":\"Spinera Delta 2 | Nauti Parts\",\"isPartOf\":{\"@id\":\"https:\\\/\\\/nauti-parts.com\\\/es\\\/#website\"},\"primaryImageOfPage\":{\"@id\":\"https:\\\/\\\/nauti-parts.com\\\/es\\\/shop\\\/juguetes-acuaticos\\\/remolcables\\\/spinera\\\/spinera-delta-2\\\/#primaryimage\"},\"image\":{\"@id\":\"https:\\\/\\\/nauti-parts.com\\\/es\\\/shop\\\/juguetes-acuaticos\\\/remolcables\\\/spinera\\\/spinera-delta-2\\\/#primaryimage\"},\"thumbnailUrl\":\"https:\\\/\\\/nauti-parts.com\\\/wp-content\\\/uploads\\\/2023\\\/05\\\/w20319_1_spinera_delta2_towable.webp\",\"datePublished\":\"2023-05-31T13:11:48+00:00\",\"breadcrumb\":{\"@id\":\"https:\\\/\\\/nauti-parts.com\\\/es\\\/shop\\\/juguetes-acuaticos\\\/remolcables\\\/spinera\\\/spinera-delta-2\\\/#breadcrumb\"},\"inLanguage\":\"es\",\"potentialAction\":[{\"@type\":\"ReadAction\",\"target\":[\"https:\\\/\\\/nauti-parts.com\\\/es\\\/shop\\\/juguetes-acuaticos\\\/remolcables\\\/spinera\\\/spinera-delta-2\\\/\"]}]},{\"@type\":\"ImageObject\",\"inLanguage\":\"es\",\"@id\":\"https:\\\/\\\/nauti-parts.com\\\/es\\\/shop\\\/juguetes-acuaticos\\\/remolcables\\\/spinera\\\/spinera-delta-2\\\/#primaryimage\",\"url\":\"https:\\\/\\\/nauti-parts.com\\\/wp-content\\\/uploads\\\/2023\\\/05\\\/w20319_1_spinera_delta2_towable.webp\",\"contentUrl\":\"https:\\\/\\\/nauti-parts.com\\\/wp-content\\\/uploads\\\/2023\\\/05\\\/w20319_1_spinera_delta2_towable.webp\",\"width\":700,\"height\":700},{\"@type\":\"BreadcrumbList\",\"@id\":\"https:\\\/\\\/nauti-parts.com\\\/es\\\/shop\\\/juguetes-acuaticos\\\/remolcables\\\/spinera\\\/spinera-delta-2\\\/#breadcrumb\",\"itemListElement\":[{\"@type\":\"ListItem\",\"position\":1,\"name\":\"Tienda\",\"item\":\"https:\\\/\\\/nauti-parts.com\\\/es\\\/tienda\\\/\"},{\"@type\":\"ListItem\",\"position\":2,\"name\":\"Spinera Delta 2\"}]},{\"@type\":\"WebSite\",\"@id\":\"https:\\\/\\\/nauti-parts.com\\\/es\\\/#website\",\"url\":\"https:\\\/\\\/nauti-parts.com\\\/es\\\/\",\"name\":\"Nauti Parts\",\"description\":\"Sea-Doo Jet Ski - Seabob Dealer and Rentals | Water Toys Mallorca\",\"publisher\":{\"@id\":\"https:\\\/\\\/nauti-parts.com\\\/es\\\/#organization\"},\"potentialAction\":[{\"@type\":\"SearchAction\",\"target\":{\"@type\":\"EntryPoint\",\"urlTemplate\":\"https:\\\/\\\/nauti-parts.com\\\/es\\\/?s={search_term_string}\"},\"query-input\":{\"@type\":\"PropertyValueSpecification\",\"valueRequired\":true,\"valueName\":\"search_term_string\"}}],\"inLanguage\":\"es\"},{\"@type\":\"Organization\",\"@id\":\"https:\\\/\\\/nauti-parts.com\\\/es\\\/#organization\",\"name\":\"Piezas Nauti\",\"url\":\"https:\\\/\\\/nauti-parts.com\\\/es\\\/\",\"logo\":{\"@type\":\"ImageObject\",\"inLanguage\":\"es\",\"@id\":\"https:\\\/\\\/nauti-parts.com\\\/es\\\/#\\\/schema\\\/logo\\\/image\\\/\",\"url\":\"https:\\\/\\\/nauti-parts.com\\\/wp-content\\\/uploads\\\/2023\\\/10\\\/np-logo-black.png\",\"contentUrl\":\"https:\\\/\\\/nauti-parts.com\\\/wp-content\\\/uploads\\\/2023\\\/10\\\/np-logo-black.png\",\"width\":253,\"height\":100,\"caption\":\"Piezas Nauti\"},\"image\":{\"@id\":\"https:\\\/\\\/nauti-parts.com\\\/es\\\/#\\\/schema\\\/logo\\\/image\\\/\"},\"sameAs\":[\"https:\\\/\\\/www.facebook.com\\\/nautipartsspain\\\/\",\"https:\\\/\\\/www.instagram.com\\\/nautiparts\\\/\"]}]}<\/script>\n<!-- \/ Yoast SEO plugin. -->","yoast_head_json":{"title":"Spinera Delta 2 | Nauti Parts","robots":{"index":"index","follow":"follow","max-snippet":"max-snippet:-1","max-image-preview":"max-image-preview:large","max-video-preview":"max-video-preview:-1"},"canonical":"https:\/\/nauti-parts.com\/es\/shop\/juguetes-acuaticos\/remolcables\/spinera\/spinera-delta-2\/","og_locale":"es_ES","og_type":"article","og_title":"Spinera Delta 2 | Nauti Parts","og_description":"M\u00e1s r\u00e1pido, m\u00e1s alto, m\u00e1s lejos, m\u00e1s salvaje, tubo triangular - \u00a1Delta2!","og_url":"https:\/\/nauti-parts.com\/es\/shop\/juguetes-acuaticos\/remolcables\/spinera\/spinera-delta-2\/","og_site_name":"Nauti Parts","article_publisher":"https:\/\/www.facebook.com\/nautipartsspain\/","og_image":[{"width":700,"height":700,"url":"https:\/\/nauti-parts.com\/wp-content\/uploads\/2023\/05\/w20319_1_spinera_delta2_towable.webp","type":"image\/webp"}],"twitter_card":"summary_large_image","twitter_misc":{"Tiempo de lectura":"1 minuto"},"schema":{"@context":"https:\/\/schema.org","@graph":[{"@type":"WebPage","@id":"https:\/\/nauti-parts.com\/es\/shop\/juguetes-acuaticos\/remolcables\/spinera\/spinera-delta-2\/","url":"https:\/\/nauti-parts.com\/es\/shop\/juguetes-acuaticos\/remolcables\/spinera\/spinera-delta-2\/","name":"Spinera Delta 2 | Nauti Parts","isPartOf":{"@id":"https:\/\/nauti-parts.com\/es\/#website"},"primaryImageOfPage":{"@id":"https:\/\/nauti-parts.com\/es\/shop\/juguetes-acuaticos\/remolcables\/spinera\/spinera-delta-2\/#primaryimage"},"image":{"@id":"https:\/\/nauti-parts.com\/es\/shop\/juguetes-acuaticos\/remolcables\/spinera\/spinera-delta-2\/#primaryimage"},"thumbnailUrl":"https:\/\/nauti-parts.com\/wp-content\/uploads\/2023\/05\/w20319_1_spinera_delta2_towable.webp","datePublished":"2023-05-31T13:11:48+00:00","breadcrumb":{"@id":"https:\/\/nauti-parts.com\/es\/shop\/juguetes-acuaticos\/remolcables\/spinera\/spinera-delta-2\/#breadcrumb"},"inLanguage":"es","potentialAction":[{"@type":"ReadAction","target":["https:\/\/nauti-parts.com\/es\/shop\/juguetes-acuaticos\/remolcables\/spinera\/spinera-delta-2\/"]}]},{"@type":"ImageObject","inLanguage":"es","@id":"https:\/\/nauti-parts.com\/es\/shop\/juguetes-acuaticos\/remolcables\/spinera\/spinera-delta-2\/#primaryimage","url":"https:\/\/nauti-parts.com\/wp-content\/uploads\/2023\/05\/w20319_1_spinera_delta2_towable.webp","contentUrl":"https:\/\/nauti-parts.com\/wp-content\/uploads\/2023\/05\/w20319_1_spinera_delta2_towable.webp","width":700,"height":700},{"@type":"BreadcrumbList","@id":"https:\/\/nauti-parts.com\/es\/shop\/juguetes-acuaticos\/remolcables\/spinera\/spinera-delta-2\/#breadcrumb","itemListElement":[{"@type":"ListItem","position":1,"name":"Tienda","item":"https:\/\/nauti-parts.com\/es\/tienda\/"},{"@type":"ListItem","position":2,"name":"Spinera Delta 2"}]},{"@type":"WebSite","@id":"https:\/\/nauti-parts.com\/es\/#website","url":"https:\/\/nauti-parts.com\/es\/","name":"Nauti Parts","description":"Sea-Doo Jet Ski - Seabob Dealer and Rentals | Water Toys Mallorca","publisher":{"@id":"https:\/\/nauti-parts.com\/es\/#organization"},"potentialAction":[{"@type":"SearchAction","target":{"@type":"EntryPoint","urlTemplate":"https:\/\/nauti-parts.com\/es\/?s={search_term_string}"},"query-input":{"@type":"PropertyValueSpecification","valueRequired":true,"valueName":"search_term_string"}}],"inLanguage":"es"},{"@type":"Organization","@id":"https:\/\/nauti-parts.com\/es\/#organization","name":"Piezas Nauti","url":"https:\/\/nauti-parts.com\/es\/","logo":{"@type":"ImageObject","inLanguage":"es","@id":"https:\/\/nauti-parts.com\/es\/#\/schema\/logo\/image\/","url":"https:\/\/nauti-parts.com\/wp-content\/uploads\/2023\/10\/np-logo-black.png","contentUrl":"https:\/\/nauti-parts.com\/wp-content\/uploads\/2023\/10\/np-logo-black.png","width":253,"height":100,"caption":"Piezas Nauti"},"image":{"@id":"https:\/\/nauti-parts.com\/es\/#\/schema\/logo\/image\/"},"sameAs":["https:\/\/www.facebook.com\/nautipartsspain\/","https:\/\/www.instagram.com\/nautiparts\/"]}]}},"_links":{"self":[{"href":"https:\/\/nauti-parts.com\/es\/wp-json\/wp\/v2\/product\/25612","targetHints":{"allow":["GET"]}}],"collection":[{"href":"https:\/\/nauti-parts.com\/es\/wp-json\/wp\/v2\/product"}],"about":[{"href":"https:\/\/nauti-parts.com\/es\/wp-json\/wp\/v2\/types\/product"}],"replies":[{"embeddable":true,"href":"https:\/\/nauti-parts.com\/es\/wp-json\/wp\/v2\/comments?post=25612"}],"wp:featuredmedia":[{"embeddable":true,"href":"https:\/\/nauti-parts.com\/es\/wp-json\/wp\/v2\/media\/17061"}],"wp:attachment":[{"href":"https:\/\/nauti-parts.com\/es\/wp-json\/wp\/v2\/media?parent=25612"}],"wp:term":[{"taxonomy":"product_brand","embeddable":true,"href":"https:\/\/nauti-parts.com\/es\/wp-json\/wp\/v2\/product_brand?post=25612"},{"taxonomy":"product_cat","embeddable":true,"href":"https:\/\/nauti-parts.com\/es\/wp-json\/wp\/v2\/product_cat?post=25612"},{"taxonomy":"product_tag","embeddable":true,"href":"https:\/\/nauti-parts.com\/es\/wp-json\/wp\/v2\/product_tag?post=25612"}],"curies":[{"name":"wp","href":"https:\/\/api.w.org\/{rel}","templated":true}]}}