{"id":25434,"date":"2025-03-02T09:42:59","date_gmt":"2025-03-02T09:42:59","guid":{"rendered":"https:\/\/nauti-parts.com\/shop\/sin categor\u00eda\/seabob-f5s\/"},"modified":"2025-03-02T09:42:59","modified_gmt":"2025-03-02T09:42:59","slug":"seabob-f5s","status":"publish","type":"product","link":"https:\/\/nauti-parts.com\/es\/shop\/juguetes-acuaticos\/seascooter\/seabob-f5s\/","title":{"rendered":"Seabob F5S"},"content":{"rendered":"<p>El SEABOB F5 S tiene una impresionante fuerza de propulsi\u00f3n de 680 newtons. El sistema de potencia E-Jet se controla en 6 niveles de potencia. Estas marchas del SEABOB F5 S te permiten deslizarte a un ritmo relajado en una marcha baja o, para una conducci\u00f3n m\u00e1s ambiciosa a alta velocidad, cambiar hasta la 6\u00aa marcha. Tiene un car\u00e1cter muy deportivo y destaca por su extraordinario dinamismo. Su aspecto deportivo se acent\u00faa con elementos de dise\u00f1o cromado mate. El SEABOB F5 S se siente como en casa en el mar. Su alto grado de maniobrabilidad tambi\u00e9n la hace ideal para su uso en grandes complejos de piscinas.      <\/p>\n","protected":false},"excerpt":{"rendered":"<p>El SEABOB F5 S es lo \u00faltimo en embarcaciones de alto rendimiento. Con un peso de s\u00f3lo 34 kg, posee unas propiedades de manejo extremadamente buenas fuera del agua. Sus prestaciones de conducci\u00f3n son insuperables.  <\/p>\n<p>Disponemos de colores y opciones personalizados para personalizar tu Seabob &#8211; <a href=\"https:\/\/nauti-parts.com\/es\/ponte-en-contacto-con\/\">ponte en contacto con nosotros<\/a> para obtener m\u00e1s informaci\u00f3n<\/p>\n","protected":false},"featured_media":2933,"comment_status":"open","ping_status":"closed","template":"","meta":{"_acf_changed":false},"product_brand":[],"product_cat":[208,352,226],"product_tag":[358],"class_list":{"0":"post-25434","1":"product","2":"type-product","3":"status-publish","4":"has-post-thumbnail","6":"product_cat-juguetes-acuaticos","7":"product_cat-seabob","8":"product_cat-seascooter","9":"product_tag-seabob","10":"repupress_customize_woocommerce_productom_class","12":"first","13":"instock","14":"featured","15":"taxable","16":"shipping-taxable","17":"purchasable","18":"product-type-variable"},"acf":[],"yoast_head":"<!-- This site is optimized with the Yoast SEO plugin v27.5 - https:\/\/yoast.com\/product\/yoast-seo-wordpress\/ -->\n<title>Seabob F5S | Nauti Parts<\/title>\n<meta name=\"robots\" content=\"index, follow, max-snippet:-1, max-image-preview:large, max-video-preview:-1\" \/>\n<link rel=\"canonical\" href=\"https:\/\/nauti-parts.com\/es\/shop\/juguetes-acuaticos\/seascooter\/seabob-f5s\/\" \/>\n<meta property=\"og:locale\" content=\"es_ES\" \/>\n<meta property=\"og:type\" content=\"article\" \/>\n<meta property=\"og:title\" content=\"Seabob F5S | Nauti Parts\" \/>\n<meta property=\"og:description\" content=\"El SEABOB F5 S es lo \u00faltimo en embarcaciones de alto rendimiento. Con un peso de s\u00f3lo 34 kg, posee unas propiedades de manejo extremadamente buenas fuera del agua. Sus prestaciones de conducci\u00f3n son insuperables.  Disponemos de colores y opciones personalizados para personalizar tu Seabob - ponte en contacto con nosotros para obtener m\u00e1s informaci\u00f3n\" \/>\n<meta property=\"og:url\" content=\"https:\/\/nauti-parts.com\/es\/shop\/juguetes-acuaticos\/seascooter\/seabob-f5s\/\" \/>\n<meta property=\"og:site_name\" content=\"Nauti Parts\" \/>\n<meta property=\"article:publisher\" content=\"https:\/\/www.facebook.com\/nautipartsspain\/\" \/>\n<meta property=\"og:image\" content=\"https:\/\/nauti-parts.com\/wp-content\/uploads\/2016\/12\/SEABOB-F5S-Ixon-Red.jpg\" \/>\n\t<meta property=\"og:image:width\" content=\"800\" \/>\n\t<meta property=\"og:image:height\" content=\"282\" \/>\n\t<meta property=\"og:image:type\" content=\"image\/jpeg\" \/>\n<meta name=\"twitter:card\" content=\"summary_large_image\" \/>\n<meta name=\"twitter:label1\" content=\"Tiempo de lectura\" \/>\n\t<meta name=\"twitter:data1\" content=\"1 minuto\" \/>\n<script type=\"application\/ld+json\" class=\"yoast-schema-graph\">{\"@context\":\"https:\\\/\\\/schema.org\",\"@graph\":[{\"@type\":\"WebPage\",\"@id\":\"https:\\\/\\\/nauti-parts.com\\\/es\\\/shop\\\/juguetes-acuaticos\\\/seascooter\\\/seabob-f5s\\\/\",\"url\":\"https:\\\/\\\/nauti-parts.com\\\/es\\\/shop\\\/juguetes-acuaticos\\\/seascooter\\\/seabob-f5s\\\/\",\"name\":\"Seabob F5S | Nauti Parts\",\"isPartOf\":{\"@id\":\"https:\\\/\\\/nauti-parts.com\\\/es\\\/#website\"},\"primaryImageOfPage\":{\"@id\":\"https:\\\/\\\/nauti-parts.com\\\/es\\\/shop\\\/juguetes-acuaticos\\\/seascooter\\\/seabob-f5s\\\/#primaryimage\"},\"image\":{\"@id\":\"https:\\\/\\\/nauti-parts.com\\\/es\\\/shop\\\/juguetes-acuaticos\\\/seascooter\\\/seabob-f5s\\\/#primaryimage\"},\"thumbnailUrl\":\"https:\\\/\\\/nauti-parts.com\\\/wp-content\\\/uploads\\\/2016\\\/12\\\/SEABOB-F5S-Ixon-Red.jpg\",\"datePublished\":\"2025-03-02T09:42:59+00:00\",\"breadcrumb\":{\"@id\":\"https:\\\/\\\/nauti-parts.com\\\/es\\\/shop\\\/juguetes-acuaticos\\\/seascooter\\\/seabob-f5s\\\/#breadcrumb\"},\"inLanguage\":\"es\",\"potentialAction\":[{\"@type\":\"ReadAction\",\"target\":[\"https:\\\/\\\/nauti-parts.com\\\/es\\\/shop\\\/juguetes-acuaticos\\\/seascooter\\\/seabob-f5s\\\/\"]}]},{\"@type\":\"ImageObject\",\"inLanguage\":\"es\",\"@id\":\"https:\\\/\\\/nauti-parts.com\\\/es\\\/shop\\\/juguetes-acuaticos\\\/seascooter\\\/seabob-f5s\\\/#primaryimage\",\"url\":\"https:\\\/\\\/nauti-parts.com\\\/wp-content\\\/uploads\\\/2016\\\/12\\\/SEABOB-F5S-Ixon-Red.jpg\",\"contentUrl\":\"https:\\\/\\\/nauti-parts.com\\\/wp-content\\\/uploads\\\/2016\\\/12\\\/SEABOB-F5S-Ixon-Red.jpg\",\"width\":800,\"height\":282,\"caption\":\"F5S IXON RED\"},{\"@type\":\"BreadcrumbList\",\"@id\":\"https:\\\/\\\/nauti-parts.com\\\/es\\\/shop\\\/juguetes-acuaticos\\\/seascooter\\\/seabob-f5s\\\/#breadcrumb\",\"itemListElement\":[{\"@type\":\"ListItem\",\"position\":1,\"name\":\"Tienda\",\"item\":\"https:\\\/\\\/nauti-parts.com\\\/es\\\/tienda\\\/\"},{\"@type\":\"ListItem\",\"position\":2,\"name\":\"Seabob F5S\"}]},{\"@type\":\"WebSite\",\"@id\":\"https:\\\/\\\/nauti-parts.com\\\/es\\\/#website\",\"url\":\"https:\\\/\\\/nauti-parts.com\\\/es\\\/\",\"name\":\"Nauti Parts\",\"description\":\"Sea-Doo Jet Ski - Seabob Dealer and Rentals | Water Toys Mallorca\",\"publisher\":{\"@id\":\"https:\\\/\\\/nauti-parts.com\\\/es\\\/#organization\"},\"potentialAction\":[{\"@type\":\"SearchAction\",\"target\":{\"@type\":\"EntryPoint\",\"urlTemplate\":\"https:\\\/\\\/nauti-parts.com\\\/es\\\/?s={search_term_string}\"},\"query-input\":{\"@type\":\"PropertyValueSpecification\",\"valueRequired\":true,\"valueName\":\"search_term_string\"}}],\"inLanguage\":\"es\"},{\"@type\":\"Organization\",\"@id\":\"https:\\\/\\\/nauti-parts.com\\\/es\\\/#organization\",\"name\":\"Piezas Nauti\",\"url\":\"https:\\\/\\\/nauti-parts.com\\\/es\\\/\",\"logo\":{\"@type\":\"ImageObject\",\"inLanguage\":\"es\",\"@id\":\"https:\\\/\\\/nauti-parts.com\\\/es\\\/#\\\/schema\\\/logo\\\/image\\\/\",\"url\":\"https:\\\/\\\/nauti-parts.com\\\/wp-content\\\/uploads\\\/2023\\\/10\\\/np-logo-black.png\",\"contentUrl\":\"https:\\\/\\\/nauti-parts.com\\\/wp-content\\\/uploads\\\/2023\\\/10\\\/np-logo-black.png\",\"width\":253,\"height\":100,\"caption\":\"Piezas Nauti\"},\"image\":{\"@id\":\"https:\\\/\\\/nauti-parts.com\\\/es\\\/#\\\/schema\\\/logo\\\/image\\\/\"},\"sameAs\":[\"https:\\\/\\\/www.facebook.com\\\/nautipartsspain\\\/\",\"https:\\\/\\\/www.instagram.com\\\/nautiparts\\\/\"]}]}<\/script>\n<!-- \/ Yoast SEO plugin. -->","yoast_head_json":{"title":"Seabob F5S | Nauti Parts","robots":{"index":"index","follow":"follow","max-snippet":"max-snippet:-1","max-image-preview":"max-image-preview:large","max-video-preview":"max-video-preview:-1"},"canonical":"https:\/\/nauti-parts.com\/es\/shop\/juguetes-acuaticos\/seascooter\/seabob-f5s\/","og_locale":"es_ES","og_type":"article","og_title":"Seabob F5S | Nauti Parts","og_description":"El SEABOB F5 S es lo \u00faltimo en embarcaciones de alto rendimiento. Con un peso de s\u00f3lo 34 kg, posee unas propiedades de manejo extremadamente buenas fuera del agua. Sus prestaciones de conducci\u00f3n son insuperables.  Disponemos de colores y opciones personalizados para personalizar tu Seabob - ponte en contacto con nosotros para obtener m\u00e1s informaci\u00f3n","og_url":"https:\/\/nauti-parts.com\/es\/shop\/juguetes-acuaticos\/seascooter\/seabob-f5s\/","og_site_name":"Nauti Parts","article_publisher":"https:\/\/www.facebook.com\/nautipartsspain\/","og_image":[{"width":800,"height":282,"url":"https:\/\/nauti-parts.com\/wp-content\/uploads\/2016\/12\/SEABOB-F5S-Ixon-Red.jpg","type":"image\/jpeg"}],"twitter_card":"summary_large_image","twitter_misc":{"Tiempo de lectura":"1 minuto"},"schema":{"@context":"https:\/\/schema.org","@graph":[{"@type":"WebPage","@id":"https:\/\/nauti-parts.com\/es\/shop\/juguetes-acuaticos\/seascooter\/seabob-f5s\/","url":"https:\/\/nauti-parts.com\/es\/shop\/juguetes-acuaticos\/seascooter\/seabob-f5s\/","name":"Seabob F5S | Nauti Parts","isPartOf":{"@id":"https:\/\/nauti-parts.com\/es\/#website"},"primaryImageOfPage":{"@id":"https:\/\/nauti-parts.com\/es\/shop\/juguetes-acuaticos\/seascooter\/seabob-f5s\/#primaryimage"},"image":{"@id":"https:\/\/nauti-parts.com\/es\/shop\/juguetes-acuaticos\/seascooter\/seabob-f5s\/#primaryimage"},"thumbnailUrl":"https:\/\/nauti-parts.com\/wp-content\/uploads\/2016\/12\/SEABOB-F5S-Ixon-Red.jpg","datePublished":"2025-03-02T09:42:59+00:00","breadcrumb":{"@id":"https:\/\/nauti-parts.com\/es\/shop\/juguetes-acuaticos\/seascooter\/seabob-f5s\/#breadcrumb"},"inLanguage":"es","potentialAction":[{"@type":"ReadAction","target":["https:\/\/nauti-parts.com\/es\/shop\/juguetes-acuaticos\/seascooter\/seabob-f5s\/"]}]},{"@type":"ImageObject","inLanguage":"es","@id":"https:\/\/nauti-parts.com\/es\/shop\/juguetes-acuaticos\/seascooter\/seabob-f5s\/#primaryimage","url":"https:\/\/nauti-parts.com\/wp-content\/uploads\/2016\/12\/SEABOB-F5S-Ixon-Red.jpg","contentUrl":"https:\/\/nauti-parts.com\/wp-content\/uploads\/2016\/12\/SEABOB-F5S-Ixon-Red.jpg","width":800,"height":282,"caption":"F5S IXON RED"},{"@type":"BreadcrumbList","@id":"https:\/\/nauti-parts.com\/es\/shop\/juguetes-acuaticos\/seascooter\/seabob-f5s\/#breadcrumb","itemListElement":[{"@type":"ListItem","position":1,"name":"Tienda","item":"https:\/\/nauti-parts.com\/es\/tienda\/"},{"@type":"ListItem","position":2,"name":"Seabob F5S"}]},{"@type":"WebSite","@id":"https:\/\/nauti-parts.com\/es\/#website","url":"https:\/\/nauti-parts.com\/es\/","name":"Nauti Parts","description":"Sea-Doo Jet Ski - Seabob Dealer and Rentals | Water Toys Mallorca","publisher":{"@id":"https:\/\/nauti-parts.com\/es\/#organization"},"potentialAction":[{"@type":"SearchAction","target":{"@type":"EntryPoint","urlTemplate":"https:\/\/nauti-parts.com\/es\/?s={search_term_string}"},"query-input":{"@type":"PropertyValueSpecification","valueRequired":true,"valueName":"search_term_string"}}],"inLanguage":"es"},{"@type":"Organization","@id":"https:\/\/nauti-parts.com\/es\/#organization","name":"Piezas Nauti","url":"https:\/\/nauti-parts.com\/es\/","logo":{"@type":"ImageObject","inLanguage":"es","@id":"https:\/\/nauti-parts.com\/es\/#\/schema\/logo\/image\/","url":"https:\/\/nauti-parts.com\/wp-content\/uploads\/2023\/10\/np-logo-black.png","contentUrl":"https:\/\/nauti-parts.com\/wp-content\/uploads\/2023\/10\/np-logo-black.png","width":253,"height":100,"caption":"Piezas Nauti"},"image":{"@id":"https:\/\/nauti-parts.com\/es\/#\/schema\/logo\/image\/"},"sameAs":["https:\/\/www.facebook.com\/nautipartsspain\/","https:\/\/www.instagram.com\/nautiparts\/"]}]}},"_links":{"self":[{"href":"https:\/\/nauti-parts.com\/es\/wp-json\/wp\/v2\/product\/25434","targetHints":{"allow":["GET"]}}],"collection":[{"href":"https:\/\/nauti-parts.com\/es\/wp-json\/wp\/v2\/product"}],"about":[{"href":"https:\/\/nauti-parts.com\/es\/wp-json\/wp\/v2\/types\/product"}],"replies":[{"embeddable":true,"href":"https:\/\/nauti-parts.com\/es\/wp-json\/wp\/v2\/comments?post=25434"}],"wp:featuredmedia":[{"embeddable":true,"href":"https:\/\/nauti-parts.com\/es\/wp-json\/wp\/v2\/media\/2933"}],"wp:attachment":[{"href":"https:\/\/nauti-parts.com\/es\/wp-json\/wp\/v2\/media?parent=25434"}],"wp:term":[{"taxonomy":"product_brand","embeddable":true,"href":"https:\/\/nauti-parts.com\/es\/wp-json\/wp\/v2\/product_brand?post=25434"},{"taxonomy":"product_cat","embeddable":true,"href":"https:\/\/nauti-parts.com\/es\/wp-json\/wp\/v2\/product_cat?post=25434"},{"taxonomy":"product_tag","embeddable":true,"href":"https:\/\/nauti-parts.com\/es\/wp-json\/wp\/v2\/product_tag?post=25434"}],"curies":[{"name":"wp","href":"https:\/\/api.w.org\/{rel}","templated":true}]}}