{"id":25394,"date":"2017-04-19T09:11:24","date_gmt":"2017-04-19T09:11:24","guid":{"rendered":"https:\/\/nauti-parts.com\/shop\/sin categor\u00eda\/binar-3p\/"},"modified":"2017-04-19T09:11:24","modified_gmt":"2017-04-19T09:11:24","slug":"binar-3p","status":"publish","type":"product","link":"https:\/\/nauti-parts.com\/es\/shop\/juguetes-acuaticos\/remolcables\/jobe\/binar-3p\/","title":{"rendered":"Binar 3p"},"content":{"rendered":"<p>Este tubo para divertirse en familia se ha equipado con dos asas de neopreno y una v\u00e1lvula unidireccional, y se ha recubierto con nailon resistente de 840 deniers alrededor de una vejiga de PVC de calibre 28. Viene con 8 asas (desmontables) a las que agarrarse. El material es nailon de doble costura para mayor resistencia.  <\/p>\n<ul class=\"checkListSmall\">\n<li><a href=\"https:\/\/www.jobesports.com\/en\/happycustomers\/\" target=\"_blank\" rel=\"noopener noreferrer\">3 a\u00f1os de garant\u00eda tras el registro<\/a><\/li>\n<li>10 Asas con protectores de neopreno para los nudillos<\/li>\n<li>2 asas de neopreno<\/li>\n<li>Nylon con doble costura<\/li>\n<li>M\u00e1ximo 3 personas<\/li>\n<li>Remolcable en varias posiciones<\/li>\n<li>V\u00e1lvula Boston unidireccional<\/li>\n<li>Conector r\u00e1pido para facilitar el remolcado<\/li>\n<li>Funda de nailon de 840 deniers<\/li>\n<li>PVC de calibre 28<\/li>\n<li>Dimensiones inflado: 96,8 x 74,8 x 29,5&#8243; | 246 x 190 x 75cm<\/li>\n<li>Dimensiones cuando est\u00e1 deshinchado : 102&#8243; x 76,8&#8243; | 260 x 195cm<\/li>\n<\/ul>\n","protected":false},"excerpt":{"rendered":"<div class=\"col-6 p30 equalHeight paragraph show\">Este remolcable Airstream para 3 personas tiene dos puntos de remolque para una diversi\u00f3n sin fin, independientemente de c\u00f3mo lo utilices. Con\u00e9ctalo f\u00e1cilmente con el &#8220;conector r\u00e1pido&#8221; a sus dos puntos de remolque y pasa de estar sentado en su c\u00f3modo respaldo hinchable a una deportiva posici\u00f3n de rodillas. <\/div>\n<div class=\"col-6 p30 greyBack equalHeight paragraph show\"><\/div>\n","protected":false},"featured_media":16922,"comment_status":"open","ping_status":"closed","template":"","meta":{"_acf_changed":false},"product_brand":[],"product_cat":[210,208,209],"product_tag":[],"class_list":{"0":"post-25394","1":"product","2":"type-product","3":"status-publish","4":"has-post-thumbnail","6":"product_cat-jobe","7":"product_cat-juguetes-acuaticos","8":"product_cat-remolcables","9":"repupress_customize_woocommerce_productom_class","11":"first","12":"instock","13":"taxable","14":"shipping-taxable","15":"purchasable","16":"product-type-simple"},"acf":[],"yoast_head":"<!-- This site is optimized with the Yoast SEO plugin v27.2 - https:\/\/yoast.com\/product\/yoast-seo-wordpress\/ -->\n<title>Binar 3p | Nauti Parts<\/title>\n<meta name=\"robots\" content=\"index, follow, max-snippet:-1, max-image-preview:large, max-video-preview:-1\" \/>\n<link rel=\"canonical\" href=\"https:\/\/nauti-parts.com\/es\/shop\/juguetes-acuaticos\/remolcables\/jobe\/binar-3p\/\" \/>\n<meta property=\"og:locale\" content=\"es_ES\" \/>\n<meta property=\"og:type\" content=\"article\" \/>\n<meta property=\"og:title\" content=\"Binar 3p | Nauti Parts\" \/>\n<meta property=\"og:description\" content=\"Este remolcable Airstream para 3 personas tiene dos puntos de remolque para una diversi\u00f3n sin fin, independientemente de c\u00f3mo lo utilices. Con\u00e9ctalo f\u00e1cilmente con el &quot;conector r\u00e1pido&quot; a sus dos puntos de remolque y pasa de estar sentado en su c\u00f3modo respaldo hinchable a una deportiva posici\u00f3n de rodillas.\" \/>\n<meta property=\"og:url\" content=\"https:\/\/nauti-parts.com\/es\/shop\/juguetes-acuaticos\/remolcables\/jobe\/binar-3p\/\" \/>\n<meta property=\"og:site_name\" content=\"Nauti Parts\" \/>\n<meta property=\"article:publisher\" content=\"https:\/\/www.facebook.com\/nautipartsspain\/\" \/>\n<meta property=\"og:image\" content=\"https:\/\/nauti-parts.com\/wp-content\/uploads\/2017\/04\/binar-3.jpeg\" \/>\n\t<meta property=\"og:image:width\" content=\"800\" \/>\n\t<meta property=\"og:image:height\" content=\"800\" \/>\n\t<meta property=\"og:image:type\" content=\"image\/jpeg\" \/>\n<meta name=\"twitter:card\" content=\"summary_large_image\" \/>\n<meta name=\"twitter:label1\" content=\"Tiempo de lectura\" \/>\n\t<meta name=\"twitter:data1\" content=\"1 minuto\" \/>\n<script type=\"application\/ld+json\" class=\"yoast-schema-graph\">{\"@context\":\"https:\/\/schema.org\",\"@graph\":[{\"@type\":\"WebPage\",\"@id\":\"https:\/\/nauti-parts.com\/es\/shop\/juguetes-acuaticos\/remolcables\/jobe\/binar-3p\/\",\"url\":\"https:\/\/nauti-parts.com\/es\/shop\/juguetes-acuaticos\/remolcables\/jobe\/binar-3p\/\",\"name\":\"Binar 3p | Nauti Parts\",\"isPartOf\":{\"@id\":\"https:\/\/nauti-parts.com\/es\/#website\"},\"primaryImageOfPage\":{\"@id\":\"https:\/\/nauti-parts.com\/es\/shop\/juguetes-acuaticos\/remolcables\/jobe\/binar-3p\/#primaryimage\"},\"image\":{\"@id\":\"https:\/\/nauti-parts.com\/es\/shop\/juguetes-acuaticos\/remolcables\/jobe\/binar-3p\/#primaryimage\"},\"thumbnailUrl\":\"https:\/\/nauti-parts.com\/wp-content\/uploads\/2017\/04\/binar-3.jpeg\",\"datePublished\":\"2017-04-19T09:11:24+00:00\",\"breadcrumb\":{\"@id\":\"https:\/\/nauti-parts.com\/es\/shop\/juguetes-acuaticos\/remolcables\/jobe\/binar-3p\/#breadcrumb\"},\"inLanguage\":\"es\",\"potentialAction\":[{\"@type\":\"ReadAction\",\"target\":[\"https:\/\/nauti-parts.com\/es\/shop\/juguetes-acuaticos\/remolcables\/jobe\/binar-3p\/\"]}]},{\"@type\":\"ImageObject\",\"inLanguage\":\"es\",\"@id\":\"https:\/\/nauti-parts.com\/es\/shop\/juguetes-acuaticos\/remolcables\/jobe\/binar-3p\/#primaryimage\",\"url\":\"https:\/\/nauti-parts.com\/wp-content\/uploads\/2017\/04\/binar-3.jpeg\",\"contentUrl\":\"https:\/\/nauti-parts.com\/wp-content\/uploads\/2017\/04\/binar-3.jpeg\",\"width\":800,\"height\":800},{\"@type\":\"BreadcrumbList\",\"@id\":\"https:\/\/nauti-parts.com\/es\/shop\/juguetes-acuaticos\/remolcables\/jobe\/binar-3p\/#breadcrumb\",\"itemListElement\":[{\"@type\":\"ListItem\",\"position\":1,\"name\":\"Tienda\",\"item\":\"https:\/\/nauti-parts.com\/es\/tienda\/\"},{\"@type\":\"ListItem\",\"position\":2,\"name\":\"Binar 3p\"}]},{\"@type\":\"WebSite\",\"@id\":\"https:\/\/nauti-parts.com\/es\/#website\",\"url\":\"https:\/\/nauti-parts.com\/es\/\",\"name\":\"Nauti Parts\",\"description\":\"Sea-Doo Jet Ski - Seabob Dealer and Rentals | Water Toys Mallorca\",\"publisher\":{\"@id\":\"https:\/\/nauti-parts.com\/es\/#organization\"},\"potentialAction\":[{\"@type\":\"SearchAction\",\"target\":{\"@type\":\"EntryPoint\",\"urlTemplate\":\"https:\/\/nauti-parts.com\/es\/?s={search_term_string}\"},\"query-input\":{\"@type\":\"PropertyValueSpecification\",\"valueRequired\":true,\"valueName\":\"search_term_string\"}}],\"inLanguage\":\"es\"},{\"@type\":\"Organization\",\"@id\":\"https:\/\/nauti-parts.com\/es\/#organization\",\"name\":\"Piezas Nauti\",\"url\":\"https:\/\/nauti-parts.com\/es\/\",\"logo\":{\"@type\":\"ImageObject\",\"inLanguage\":\"es\",\"@id\":\"https:\/\/nauti-parts.com\/es\/#\/schema\/logo\/image\/\",\"url\":\"https:\/\/nauti-parts.com\/wp-content\/uploads\/2023\/10\/np-logo-black.png\",\"contentUrl\":\"https:\/\/nauti-parts.com\/wp-content\/uploads\/2023\/10\/np-logo-black.png\",\"width\":253,\"height\":100,\"caption\":\"Piezas Nauti\"},\"image\":{\"@id\":\"https:\/\/nauti-parts.com\/es\/#\/schema\/logo\/image\/\"},\"sameAs\":[\"https:\/\/www.facebook.com\/nautipartsspain\/\",\"https:\/\/www.instagram.com\/nautiparts\/\"]}]}<\/script>\n<!-- \/ Yoast SEO plugin. -->","yoast_head_json":{"title":"Binar 3p | Nauti Parts","robots":{"index":"index","follow":"follow","max-snippet":"max-snippet:-1","max-image-preview":"max-image-preview:large","max-video-preview":"max-video-preview:-1"},"canonical":"https:\/\/nauti-parts.com\/es\/shop\/juguetes-acuaticos\/remolcables\/jobe\/binar-3p\/","og_locale":"es_ES","og_type":"article","og_title":"Binar 3p | Nauti Parts","og_description":"Este remolcable Airstream para 3 personas tiene dos puntos de remolque para una diversi\u00f3n sin fin, independientemente de c\u00f3mo lo utilices. Con\u00e9ctalo f\u00e1cilmente con el \"conector r\u00e1pido\" a sus dos puntos de remolque y pasa de estar sentado en su c\u00f3modo respaldo hinchable a una deportiva posici\u00f3n de rodillas.","og_url":"https:\/\/nauti-parts.com\/es\/shop\/juguetes-acuaticos\/remolcables\/jobe\/binar-3p\/","og_site_name":"Nauti Parts","article_publisher":"https:\/\/www.facebook.com\/nautipartsspain\/","og_image":[{"width":800,"height":800,"url":"https:\/\/nauti-parts.com\/wp-content\/uploads\/2017\/04\/binar-3.jpeg","type":"image\/jpeg"}],"twitter_card":"summary_large_image","twitter_misc":{"Tiempo de lectura":"1 minuto"},"schema":{"@context":"https:\/\/schema.org","@graph":[{"@type":"WebPage","@id":"https:\/\/nauti-parts.com\/es\/shop\/juguetes-acuaticos\/remolcables\/jobe\/binar-3p\/","url":"https:\/\/nauti-parts.com\/es\/shop\/juguetes-acuaticos\/remolcables\/jobe\/binar-3p\/","name":"Binar 3p | Nauti Parts","isPartOf":{"@id":"https:\/\/nauti-parts.com\/es\/#website"},"primaryImageOfPage":{"@id":"https:\/\/nauti-parts.com\/es\/shop\/juguetes-acuaticos\/remolcables\/jobe\/binar-3p\/#primaryimage"},"image":{"@id":"https:\/\/nauti-parts.com\/es\/shop\/juguetes-acuaticos\/remolcables\/jobe\/binar-3p\/#primaryimage"},"thumbnailUrl":"https:\/\/nauti-parts.com\/wp-content\/uploads\/2017\/04\/binar-3.jpeg","datePublished":"2017-04-19T09:11:24+00:00","breadcrumb":{"@id":"https:\/\/nauti-parts.com\/es\/shop\/juguetes-acuaticos\/remolcables\/jobe\/binar-3p\/#breadcrumb"},"inLanguage":"es","potentialAction":[{"@type":"ReadAction","target":["https:\/\/nauti-parts.com\/es\/shop\/juguetes-acuaticos\/remolcables\/jobe\/binar-3p\/"]}]},{"@type":"ImageObject","inLanguage":"es","@id":"https:\/\/nauti-parts.com\/es\/shop\/juguetes-acuaticos\/remolcables\/jobe\/binar-3p\/#primaryimage","url":"https:\/\/nauti-parts.com\/wp-content\/uploads\/2017\/04\/binar-3.jpeg","contentUrl":"https:\/\/nauti-parts.com\/wp-content\/uploads\/2017\/04\/binar-3.jpeg","width":800,"height":800},{"@type":"BreadcrumbList","@id":"https:\/\/nauti-parts.com\/es\/shop\/juguetes-acuaticos\/remolcables\/jobe\/binar-3p\/#breadcrumb","itemListElement":[{"@type":"ListItem","position":1,"name":"Tienda","item":"https:\/\/nauti-parts.com\/es\/tienda\/"},{"@type":"ListItem","position":2,"name":"Binar 3p"}]},{"@type":"WebSite","@id":"https:\/\/nauti-parts.com\/es\/#website","url":"https:\/\/nauti-parts.com\/es\/","name":"Nauti Parts","description":"Sea-Doo Jet Ski - Seabob Dealer and Rentals | Water Toys Mallorca","publisher":{"@id":"https:\/\/nauti-parts.com\/es\/#organization"},"potentialAction":[{"@type":"SearchAction","target":{"@type":"EntryPoint","urlTemplate":"https:\/\/nauti-parts.com\/es\/?s={search_term_string}"},"query-input":{"@type":"PropertyValueSpecification","valueRequired":true,"valueName":"search_term_string"}}],"inLanguage":"es"},{"@type":"Organization","@id":"https:\/\/nauti-parts.com\/es\/#organization","name":"Piezas Nauti","url":"https:\/\/nauti-parts.com\/es\/","logo":{"@type":"ImageObject","inLanguage":"es","@id":"https:\/\/nauti-parts.com\/es\/#\/schema\/logo\/image\/","url":"https:\/\/nauti-parts.com\/wp-content\/uploads\/2023\/10\/np-logo-black.png","contentUrl":"https:\/\/nauti-parts.com\/wp-content\/uploads\/2023\/10\/np-logo-black.png","width":253,"height":100,"caption":"Piezas Nauti"},"image":{"@id":"https:\/\/nauti-parts.com\/es\/#\/schema\/logo\/image\/"},"sameAs":["https:\/\/www.facebook.com\/nautipartsspain\/","https:\/\/www.instagram.com\/nautiparts\/"]}]}},"_links":{"self":[{"href":"https:\/\/nauti-parts.com\/es\/wp-json\/wp\/v2\/product\/25394","targetHints":{"allow":["GET"]}}],"collection":[{"href":"https:\/\/nauti-parts.com\/es\/wp-json\/wp\/v2\/product"}],"about":[{"href":"https:\/\/nauti-parts.com\/es\/wp-json\/wp\/v2\/types\/product"}],"replies":[{"embeddable":true,"href":"https:\/\/nauti-parts.com\/es\/wp-json\/wp\/v2\/comments?post=25394"}],"wp:featuredmedia":[{"embeddable":true,"href":"https:\/\/nauti-parts.com\/es\/wp-json\/wp\/v2\/media\/16922"}],"wp:attachment":[{"href":"https:\/\/nauti-parts.com\/es\/wp-json\/wp\/v2\/media?parent=25394"}],"wp:term":[{"taxonomy":"product_brand","embeddable":true,"href":"https:\/\/nauti-parts.com\/es\/wp-json\/wp\/v2\/product_brand?post=25394"},{"taxonomy":"product_cat","embeddable":true,"href":"https:\/\/nauti-parts.com\/es\/wp-json\/wp\/v2\/product_cat?post=25394"},{"taxonomy":"product_tag","embeddable":true,"href":"https:\/\/nauti-parts.com\/es\/wp-json\/wp\/v2\/product_tag?post=25394"}],"curies":[{"name":"wp","href":"https:\/\/api.w.org\/{rel}","templated":true}]}}