{"id":25320,"date":"2024-02-19T09:47:52","date_gmt":"2024-02-19T09:47:52","guid":{"rendered":"https:\/\/nauti-parts.com\/shop\/sin categor\u00eda\/seabob-f5-sr\/"},"modified":"2024-02-19T09:47:52","modified_gmt":"2024-02-19T09:47:52","slug":"seabob-f5-sr","status":"publish","type":"product","link":"https:\/\/nauti-parts.com\/es\/shop\/juguetes-acuaticos\/seascooter\/seabob-f5-sr\/","title":{"rendered":"Seabob F5 SR"},"content":{"rendered":"<p class=\"bodytext\">Una mejora con Performance Raise te ofrece amplias caracter\u00edsticas especiales adicionales: Por ejemplo, la SEABOB F5 SR funciona con 7 marchas de potencia. Tambi\u00e9n ofrece de serie el sistema SEABOB-Cams, con dos c\u00e1maras integradas, un sistema de almacenamiento incorporado y un m\u00f3dulo de transmisi\u00f3n WLAN. Tambi\u00e9n tienes la oportunidad de seleccionar un color especial Bicolor o Big Label de nuestra gama de diferentes colores.  <\/p>\n<p class=\"bodytext\">Las dos aletas traseras del SEABOB F5 SR crean un dise\u00f1o deportivo y tambi\u00e9n aumentan a\u00fan m\u00e1s la maniobrabilidad cuando se conduce bajo el agua. El SEABOB con Performance Raise se identifica por la etiqueta de tipo F5 SR en la cola. <\/p>\n<hr>\n<p class=\"bodytext\">Rendimiento hasta: 4,5 kW \/ 6,03 CV<br \/>\nEmpuje m\u00e1ximo hasta: 745 N<br \/>\nVelocidad sobre el agua hasta: 22 km\/h<br \/>\nVelocidad bajo el agua hasta: 20 km\/h<br \/>\nControl de velocidad: 7 niveles de potencia entre 0 % y 100 % mediante botones piezoel\u00e9ctricos<br \/>\nEnerg\u00eda: Acumuladores de iones de litio de alta energ\u00eda<br \/>\nCapacidad total aprox.: 2,0 kWh; 48 V; 42 Ah<br \/>\nTiempo de funcionamiento medio: 60 min<br \/>\nTiempo de carga (carga est\u00e1ndar) aprox.: 8 h<br \/>\nTiempo de carga (carga r\u00e1pida) aprox.: 1,5 h<br \/>\nProfundidad de inmersi\u00f3n: 40 m<br \/>\nDimensiones (L x A x A): 1.152 x 543 x 372 (en mm) \/ 45,35? x 21,38? x 14,64?<br \/>\nPeso aprox.: 35 kg \/ 77,16 lbs<br \/>\nFlotabilidad en el agua aprox.: 9 kg \/ 19,84 lbs<br \/>\nEquipo especial: Dispositivo de sujeci\u00f3n para el sistema de cintur\u00f3n Pilot<br \/>\nExtras: Elementos en dise\u00f1o cromado mate  <\/p>\n","protected":false},"excerpt":{"rendered":"<h3>Caracter\u00edsticas especiales para una conducci\u00f3n deportiva.<\/h3>\n<p>Mayor rendimiento y caracter\u00edsticas m\u00e1s amplias: El SEABOB F5 SR de alto rendimiento con el equipamiento especial Performance Raise. En comparaci\u00f3n con el Seabob F5 S, se consigue un aumento general del rendimiento de aproximadamente un 10% de empuje adicional.  <\/p>\n","protected":false},"featured_media":2931,"comment_status":"open","ping_status":"closed","template":"","meta":{"_acf_changed":false},"product_brand":[],"product_cat":[208,352,226],"product_tag":[358],"class_list":{"0":"post-25320","1":"product","2":"type-product","3":"status-publish","4":"has-post-thumbnail","6":"product_cat-juguetes-acuaticos","7":"product_cat-seabob","8":"product_cat-seascooter","9":"product_tag-seabob","10":"repupress_customize_woocommerce_productom_class","12":"first","13":"instock","14":"taxable","15":"shipping-taxable","16":"purchasable","17":"product-type-variable"},"acf":[],"yoast_head":"<!-- This site is optimized with the Yoast SEO plugin v27.2 - https:\/\/yoast.com\/product\/yoast-seo-wordpress\/ -->\n<title>Seabob F5 SR | Nauti Parts<\/title>\n<meta name=\"robots\" content=\"index, follow, max-snippet:-1, max-image-preview:large, max-video-preview:-1\" \/>\n<link rel=\"canonical\" href=\"https:\/\/nauti-parts.com\/es\/shop\/juguetes-acuaticos\/seascooter\/seabob-f5-sr\/\" \/>\n<meta property=\"og:locale\" content=\"es_ES\" \/>\n<meta property=\"og:type\" content=\"article\" \/>\n<meta property=\"og:title\" content=\"Seabob F5 SR | Nauti Parts\" \/>\n<meta property=\"og:description\" content=\"Caracter\u00edsticas especiales para una conducci\u00f3n deportiva. Mayor rendimiento y caracter\u00edsticas m\u00e1s amplias: El SEABOB F5 SR de alto rendimiento con el equipamiento especial Performance Raise. En comparaci\u00f3n con el Seabob F5 S, se consigue un aumento general del rendimiento de aproximadamente un 10% de empuje adicional.\" \/>\n<meta property=\"og:url\" content=\"https:\/\/nauti-parts.com\/es\/shop\/juguetes-acuaticos\/seascooter\/seabob-f5-sr\/\" \/>\n<meta property=\"og:site_name\" content=\"Nauti Parts\" \/>\n<meta property=\"article:publisher\" content=\"https:\/\/www.facebook.com\/nautipartsspain\/\" \/>\n<meta property=\"og:image\" content=\"https:\/\/nauti-parts.com\/wp-content\/uploads\/2016\/12\/SEABOB-F5S-Star-White.jpg\" \/>\n\t<meta property=\"og:image:width\" content=\"800\" \/>\n\t<meta property=\"og:image:height\" content=\"282\" \/>\n\t<meta property=\"og:image:type\" content=\"image\/jpeg\" \/>\n<meta name=\"twitter:card\" content=\"summary_large_image\" \/>\n<meta name=\"twitter:label1\" content=\"Tiempo de lectura\" \/>\n\t<meta name=\"twitter:data1\" content=\"1 minuto\" \/>\n<script type=\"application\/ld+json\" class=\"yoast-schema-graph\">{\"@context\":\"https:\/\/schema.org\",\"@graph\":[{\"@type\":\"WebPage\",\"@id\":\"https:\/\/nauti-parts.com\/es\/shop\/juguetes-acuaticos\/seascooter\/seabob-f5-sr\/\",\"url\":\"https:\/\/nauti-parts.com\/es\/shop\/juguetes-acuaticos\/seascooter\/seabob-f5-sr\/\",\"name\":\"Seabob F5 SR | Nauti Parts\",\"isPartOf\":{\"@id\":\"https:\/\/nauti-parts.com\/es\/#website\"},\"primaryImageOfPage\":{\"@id\":\"https:\/\/nauti-parts.com\/es\/shop\/juguetes-acuaticos\/seascooter\/seabob-f5-sr\/#primaryimage\"},\"image\":{\"@id\":\"https:\/\/nauti-parts.com\/es\/shop\/juguetes-acuaticos\/seascooter\/seabob-f5-sr\/#primaryimage\"},\"thumbnailUrl\":\"https:\/\/nauti-parts.com\/wp-content\/uploads\/2016\/12\/SEABOB-F5S-Star-White.jpg\",\"datePublished\":\"2024-02-19T09:47:52+00:00\",\"breadcrumb\":{\"@id\":\"https:\/\/nauti-parts.com\/es\/shop\/juguetes-acuaticos\/seascooter\/seabob-f5-sr\/#breadcrumb\"},\"inLanguage\":\"es\",\"potentialAction\":[{\"@type\":\"ReadAction\",\"target\":[\"https:\/\/nauti-parts.com\/es\/shop\/juguetes-acuaticos\/seascooter\/seabob-f5-sr\/\"]}]},{\"@type\":\"ImageObject\",\"inLanguage\":\"es\",\"@id\":\"https:\/\/nauti-parts.com\/es\/shop\/juguetes-acuaticos\/seascooter\/seabob-f5-sr\/#primaryimage\",\"url\":\"https:\/\/nauti-parts.com\/wp-content\/uploads\/2016\/12\/SEABOB-F5S-Star-White.jpg\",\"contentUrl\":\"https:\/\/nauti-parts.com\/wp-content\/uploads\/2016\/12\/SEABOB-F5S-Star-White.jpg\",\"width\":800,\"height\":282,\"caption\":\"Seabob F5S Star White\"},{\"@type\":\"BreadcrumbList\",\"@id\":\"https:\/\/nauti-parts.com\/es\/shop\/juguetes-acuaticos\/seascooter\/seabob-f5-sr\/#breadcrumb\",\"itemListElement\":[{\"@type\":\"ListItem\",\"position\":1,\"name\":\"Tienda\",\"item\":\"https:\/\/nauti-parts.com\/es\/tienda\/\"},{\"@type\":\"ListItem\",\"position\":2,\"name\":\"Seabob F5 SR\"}]},{\"@type\":\"WebSite\",\"@id\":\"https:\/\/nauti-parts.com\/es\/#website\",\"url\":\"https:\/\/nauti-parts.com\/es\/\",\"name\":\"Nauti Parts\",\"description\":\"Sea-Doo Jet Ski - Seabob Dealer and Rentals | Water Toys Mallorca\",\"publisher\":{\"@id\":\"https:\/\/nauti-parts.com\/es\/#organization\"},\"potentialAction\":[{\"@type\":\"SearchAction\",\"target\":{\"@type\":\"EntryPoint\",\"urlTemplate\":\"https:\/\/nauti-parts.com\/es\/?s={search_term_string}\"},\"query-input\":{\"@type\":\"PropertyValueSpecification\",\"valueRequired\":true,\"valueName\":\"search_term_string\"}}],\"inLanguage\":\"es\"},{\"@type\":\"Organization\",\"@id\":\"https:\/\/nauti-parts.com\/es\/#organization\",\"name\":\"Piezas Nauti\",\"url\":\"https:\/\/nauti-parts.com\/es\/\",\"logo\":{\"@type\":\"ImageObject\",\"inLanguage\":\"es\",\"@id\":\"https:\/\/nauti-parts.com\/es\/#\/schema\/logo\/image\/\",\"url\":\"https:\/\/nauti-parts.com\/wp-content\/uploads\/2023\/10\/np-logo-black.png\",\"contentUrl\":\"https:\/\/nauti-parts.com\/wp-content\/uploads\/2023\/10\/np-logo-black.png\",\"width\":253,\"height\":100,\"caption\":\"Piezas Nauti\"},\"image\":{\"@id\":\"https:\/\/nauti-parts.com\/es\/#\/schema\/logo\/image\/\"},\"sameAs\":[\"https:\/\/www.facebook.com\/nautipartsspain\/\",\"https:\/\/www.instagram.com\/nautiparts\/\"]}]}<\/script>\n<!-- \/ Yoast SEO plugin. -->","yoast_head_json":{"title":"Seabob F5 SR | Nauti Parts","robots":{"index":"index","follow":"follow","max-snippet":"max-snippet:-1","max-image-preview":"max-image-preview:large","max-video-preview":"max-video-preview:-1"},"canonical":"https:\/\/nauti-parts.com\/es\/shop\/juguetes-acuaticos\/seascooter\/seabob-f5-sr\/","og_locale":"es_ES","og_type":"article","og_title":"Seabob F5 SR | Nauti Parts","og_description":"Caracter\u00edsticas especiales para una conducci\u00f3n deportiva. Mayor rendimiento y caracter\u00edsticas m\u00e1s amplias: El SEABOB F5 SR de alto rendimiento con el equipamiento especial Performance Raise. En comparaci\u00f3n con el Seabob F5 S, se consigue un aumento general del rendimiento de aproximadamente un 10% de empuje adicional.","og_url":"https:\/\/nauti-parts.com\/es\/shop\/juguetes-acuaticos\/seascooter\/seabob-f5-sr\/","og_site_name":"Nauti Parts","article_publisher":"https:\/\/www.facebook.com\/nautipartsspain\/","og_image":[{"width":800,"height":282,"url":"https:\/\/nauti-parts.com\/wp-content\/uploads\/2016\/12\/SEABOB-F5S-Star-White.jpg","type":"image\/jpeg"}],"twitter_card":"summary_large_image","twitter_misc":{"Tiempo de lectura":"1 minuto"},"schema":{"@context":"https:\/\/schema.org","@graph":[{"@type":"WebPage","@id":"https:\/\/nauti-parts.com\/es\/shop\/juguetes-acuaticos\/seascooter\/seabob-f5-sr\/","url":"https:\/\/nauti-parts.com\/es\/shop\/juguetes-acuaticos\/seascooter\/seabob-f5-sr\/","name":"Seabob F5 SR | Nauti Parts","isPartOf":{"@id":"https:\/\/nauti-parts.com\/es\/#website"},"primaryImageOfPage":{"@id":"https:\/\/nauti-parts.com\/es\/shop\/juguetes-acuaticos\/seascooter\/seabob-f5-sr\/#primaryimage"},"image":{"@id":"https:\/\/nauti-parts.com\/es\/shop\/juguetes-acuaticos\/seascooter\/seabob-f5-sr\/#primaryimage"},"thumbnailUrl":"https:\/\/nauti-parts.com\/wp-content\/uploads\/2016\/12\/SEABOB-F5S-Star-White.jpg","datePublished":"2024-02-19T09:47:52+00:00","breadcrumb":{"@id":"https:\/\/nauti-parts.com\/es\/shop\/juguetes-acuaticos\/seascooter\/seabob-f5-sr\/#breadcrumb"},"inLanguage":"es","potentialAction":[{"@type":"ReadAction","target":["https:\/\/nauti-parts.com\/es\/shop\/juguetes-acuaticos\/seascooter\/seabob-f5-sr\/"]}]},{"@type":"ImageObject","inLanguage":"es","@id":"https:\/\/nauti-parts.com\/es\/shop\/juguetes-acuaticos\/seascooter\/seabob-f5-sr\/#primaryimage","url":"https:\/\/nauti-parts.com\/wp-content\/uploads\/2016\/12\/SEABOB-F5S-Star-White.jpg","contentUrl":"https:\/\/nauti-parts.com\/wp-content\/uploads\/2016\/12\/SEABOB-F5S-Star-White.jpg","width":800,"height":282,"caption":"Seabob F5S Star White"},{"@type":"BreadcrumbList","@id":"https:\/\/nauti-parts.com\/es\/shop\/juguetes-acuaticos\/seascooter\/seabob-f5-sr\/#breadcrumb","itemListElement":[{"@type":"ListItem","position":1,"name":"Tienda","item":"https:\/\/nauti-parts.com\/es\/tienda\/"},{"@type":"ListItem","position":2,"name":"Seabob F5 SR"}]},{"@type":"WebSite","@id":"https:\/\/nauti-parts.com\/es\/#website","url":"https:\/\/nauti-parts.com\/es\/","name":"Nauti Parts","description":"Sea-Doo Jet Ski - Seabob Dealer and Rentals | Water Toys Mallorca","publisher":{"@id":"https:\/\/nauti-parts.com\/es\/#organization"},"potentialAction":[{"@type":"SearchAction","target":{"@type":"EntryPoint","urlTemplate":"https:\/\/nauti-parts.com\/es\/?s={search_term_string}"},"query-input":{"@type":"PropertyValueSpecification","valueRequired":true,"valueName":"search_term_string"}}],"inLanguage":"es"},{"@type":"Organization","@id":"https:\/\/nauti-parts.com\/es\/#organization","name":"Piezas Nauti","url":"https:\/\/nauti-parts.com\/es\/","logo":{"@type":"ImageObject","inLanguage":"es","@id":"https:\/\/nauti-parts.com\/es\/#\/schema\/logo\/image\/","url":"https:\/\/nauti-parts.com\/wp-content\/uploads\/2023\/10\/np-logo-black.png","contentUrl":"https:\/\/nauti-parts.com\/wp-content\/uploads\/2023\/10\/np-logo-black.png","width":253,"height":100,"caption":"Piezas Nauti"},"image":{"@id":"https:\/\/nauti-parts.com\/es\/#\/schema\/logo\/image\/"},"sameAs":["https:\/\/www.facebook.com\/nautipartsspain\/","https:\/\/www.instagram.com\/nautiparts\/"]}]}},"_links":{"self":[{"href":"https:\/\/nauti-parts.com\/es\/wp-json\/wp\/v2\/product\/25320","targetHints":{"allow":["GET"]}}],"collection":[{"href":"https:\/\/nauti-parts.com\/es\/wp-json\/wp\/v2\/product"}],"about":[{"href":"https:\/\/nauti-parts.com\/es\/wp-json\/wp\/v2\/types\/product"}],"replies":[{"embeddable":true,"href":"https:\/\/nauti-parts.com\/es\/wp-json\/wp\/v2\/comments?post=25320"}],"wp:featuredmedia":[{"embeddable":true,"href":"https:\/\/nauti-parts.com\/es\/wp-json\/wp\/v2\/media\/2931"}],"wp:attachment":[{"href":"https:\/\/nauti-parts.com\/es\/wp-json\/wp\/v2\/media?parent=25320"}],"wp:term":[{"taxonomy":"product_brand","embeddable":true,"href":"https:\/\/nauti-parts.com\/es\/wp-json\/wp\/v2\/product_brand?post=25320"},{"taxonomy":"product_cat","embeddable":true,"href":"https:\/\/nauti-parts.com\/es\/wp-json\/wp\/v2\/product_cat?post=25320"},{"taxonomy":"product_tag","embeddable":true,"href":"https:\/\/nauti-parts.com\/es\/wp-json\/wp\/v2\/product_tag?post=25320"}],"curies":[{"name":"wp","href":"https:\/\/api.w.org\/{rel}","templated":true}]}}