{"id":25209,"date":"2024-03-01T11:32:40","date_gmt":"2024-03-01T11:32:40","guid":{"rendered":"https:\/\/nauti-parts.com\/shop\/sin categor\u00eda\/paquete-yarra-10-6-sup\/"},"modified":"2024-03-01T11:32:40","modified_gmt":"2024-03-01T11:32:40","slug":"paquete-yarra-10-6-sup","status":"publish","type":"product","link":"https:\/\/nauti-parts.com\/es\/shop\/tablas-y-esquis\/sup\/paquete-yarra-10-6-sup\/","title":{"rendered":"Paquete Yarra 10.6 SUP"},"content":{"rendered":"<p>La Yarra hinchable est\u00e1 repleta de grandes caracter\u00edsticas, como nuestra ligera tecnolog\u00eda X-Stitching y un stringer incorporado en la parte superior e inferior de la tabla de SUP para una mayor rigidez. El paquete incluye todo lo que necesitas para iniciar tu viaje y, con un peso total de la tabla de 9,5 kg, \u00a1podr\u00e1s llevar tu aventura a cualquier parte! <\/p>\n<ul>\n<li><a href=\"https:\/\/www.jobesports.com\/en\/happycustomers\/\" target=\"_blank\" rel=\"noopener noreferrer\">3 a\u00f1os de garant\u00eda tras el registro<\/a><\/li>\n<li><a href=\"https:\/\/www.jobesports.com\/en\/newsflash\/heat-bonded-technology-warm-sup-2678\/\" target=\"_blank\" rel=\"noopener noreferrer\">Tecnolog\u00eda de uni\u00f3n por calor: m\u00e1s calidad de capa y seguridad<\/a><\/li>\n<li>Patr\u00f3n de espuma EVA antideslizante, permite practicar SUP c\u00f3modamente durante mucho tiempo<\/li>\n<li>Construcci\u00f3n ligera con pespunte en X<\/li>\n<li>Larguero en la parte superior e inferior para una mayor rigidez<\/li>\n<li>Red el\u00e1stica de almacenamiento<\/li>\n<li>Asa de neopreno f\u00e1cil de transportar con soporte para pala<\/li>\n<li>V\u00e1lvula Halkey Roberts<\/li>\n<li>Aleta 8&#8243; EZ lock<\/li>\n<li>Anilla en D en la punta y la cola<\/li>\n<li>Asistencia al parche de v\u00e1lvula<\/li>\n<li>Balanc\u00edn de la nariz: 9&#8243;, Balanc\u00edn de la cola: 0&#8243;.<\/li>\n<li>Peso recomendado del jinete: Hasta 140 kg | 308 lbs<\/li>\n<li>Peso de la tabla: 9,3kg | 20,5lbs<\/li>\n<li>Peso del paquete: 14,3kg | 31,5lbs<\/li>\n<li>Dimensiones: 320 x 81,3 x 15 cm | 320 x 81,3 x 15cm<\/li>\n<li>Volumen: 310 l<\/li>\n<li>El paquete contiene: Tabla de SUP Aero Yarra 10.6 teal, remo ajustable de fibra de vidrio de 3 piezas, mochila impermeable, bomba de doble acci\u00f3n, leash en espiral de 3,04 m \/ 10 pies<\/li>\n<li>\n<\/li>\n<\/ul>\n","protected":false},"excerpt":{"rendered":"<p>El pack de 10,6 tablas de paddle surf Aero Yarra es un excelente ejemplo de c\u00f3mo la forma se une a la funcionalidad. Con la nueva aleta &#8220;EZ Lock Fin&#8221; y una construcci\u00f3n de alta calidad y durabilidad gracias a nuestra tecnolog\u00eda de uni\u00f3n por calor, esta Aero Yarra SUP es la tabla todoterreno perfecta para la aventura en el agua. <\/p>\n","protected":false},"featured_media":20013,"comment_status":"open","ping_status":"closed","template":"","meta":{"_acf_changed":false},"product_brand":[],"product_cat":[213,212],"product_tag":[369,368],"class_list":{"0":"post-25209","1":"product","2":"type-product","3":"status-publish","4":"has-post-thumbnail","6":"product_cat-sup","7":"product_cat-tablas-y-esquis","8":"product_tag-sup","9":"product_tag-tabla-de-stand-up-paddle","10":"repupress_customize_woocommerce_productom_class","12":"first","13":"instock","14":"taxable","15":"shipping-taxable","16":"purchasable","17":"product-type-variable"},"acf":[],"yoast_head":"<!-- This site is optimized with the Yoast SEO plugin v27.5 - https:\/\/yoast.com\/product\/yoast-seo-wordpress\/ -->\n<title>Paquete Yarra 10.6 SUP | Nauti Parts<\/title>\n<meta name=\"robots\" content=\"index, follow, max-snippet:-1, max-image-preview:large, max-video-preview:-1\" \/>\n<link rel=\"canonical\" href=\"https:\/\/nauti-parts.com\/es\/shop\/tablas-y-esquis\/sup\/paquete-yarra-10-6-sup\/\" \/>\n<meta property=\"og:locale\" content=\"es_ES\" \/>\n<meta property=\"og:type\" content=\"article\" \/>\n<meta property=\"og:title\" content=\"Paquete Yarra 10.6 SUP | Nauti Parts\" \/>\n<meta property=\"og:description\" content=\"El pack de 10,6 tablas de paddle surf Aero Yarra es un excelente ejemplo de c\u00f3mo la forma se une a la funcionalidad. Con la nueva aleta &quot;EZ Lock Fin&quot; y una construcci\u00f3n de alta calidad y durabilidad gracias a nuestra tecnolog\u00eda de uni\u00f3n por calor, esta Aero Yarra SUP es la tabla todoterreno perfecta para la aventura en el agua.\" \/>\n<meta property=\"og:url\" content=\"https:\/\/nauti-parts.com\/es\/shop\/tablas-y-esquis\/sup\/paquete-yarra-10-6-sup\/\" \/>\n<meta property=\"og:site_name\" content=\"Nauti Parts\" \/>\n<meta property=\"article:publisher\" content=\"https:\/\/www.facebook.com\/nautipartsspain\/\" \/>\n<meta property=\"og:image\" content=\"https:\/\/nauti-parts.com\/wp-content\/uploads\/2022\/01\/yarra-blue-1.jpg\" \/>\n\t<meta property=\"og:image:width\" content=\"1500\" \/>\n\t<meta property=\"og:image:height\" content=\"1500\" \/>\n\t<meta property=\"og:image:type\" content=\"image\/jpeg\" \/>\n<meta name=\"twitter:card\" content=\"summary_large_image\" \/>\n<meta name=\"twitter:label1\" content=\"Tiempo de lectura\" \/>\n\t<meta name=\"twitter:data1\" content=\"1 minuto\" \/>\n<script type=\"application\/ld+json\" class=\"yoast-schema-graph\">{\"@context\":\"https:\\\/\\\/schema.org\",\"@graph\":[{\"@type\":\"WebPage\",\"@id\":\"https:\\\/\\\/nauti-parts.com\\\/es\\\/shop\\\/tablas-y-esquis\\\/sup\\\/paquete-yarra-10-6-sup\\\/\",\"url\":\"https:\\\/\\\/nauti-parts.com\\\/es\\\/shop\\\/tablas-y-esquis\\\/sup\\\/paquete-yarra-10-6-sup\\\/\",\"name\":\"Paquete Yarra 10.6 SUP | Nauti Parts\",\"isPartOf\":{\"@id\":\"https:\\\/\\\/nauti-parts.com\\\/es\\\/#website\"},\"primaryImageOfPage\":{\"@id\":\"https:\\\/\\\/nauti-parts.com\\\/es\\\/shop\\\/tablas-y-esquis\\\/sup\\\/paquete-yarra-10-6-sup\\\/#primaryimage\"},\"image\":{\"@id\":\"https:\\\/\\\/nauti-parts.com\\\/es\\\/shop\\\/tablas-y-esquis\\\/sup\\\/paquete-yarra-10-6-sup\\\/#primaryimage\"},\"thumbnailUrl\":\"https:\\\/\\\/nauti-parts.com\\\/wp-content\\\/uploads\\\/2022\\\/01\\\/yarra-blue-1.jpg\",\"datePublished\":\"2024-03-01T11:32:40+00:00\",\"breadcrumb\":{\"@id\":\"https:\\\/\\\/nauti-parts.com\\\/es\\\/shop\\\/tablas-y-esquis\\\/sup\\\/paquete-yarra-10-6-sup\\\/#breadcrumb\"},\"inLanguage\":\"es\",\"potentialAction\":[{\"@type\":\"ReadAction\",\"target\":[\"https:\\\/\\\/nauti-parts.com\\\/es\\\/shop\\\/tablas-y-esquis\\\/sup\\\/paquete-yarra-10-6-sup\\\/\"]}]},{\"@type\":\"ImageObject\",\"inLanguage\":\"es\",\"@id\":\"https:\\\/\\\/nauti-parts.com\\\/es\\\/shop\\\/tablas-y-esquis\\\/sup\\\/paquete-yarra-10-6-sup\\\/#primaryimage\",\"url\":\"https:\\\/\\\/nauti-parts.com\\\/wp-content\\\/uploads\\\/2022\\\/01\\\/yarra-blue-1.jpg\",\"contentUrl\":\"https:\\\/\\\/nauti-parts.com\\\/wp-content\\\/uploads\\\/2022\\\/01\\\/yarra-blue-1.jpg\",\"width\":1500,\"height\":1500},{\"@type\":\"BreadcrumbList\",\"@id\":\"https:\\\/\\\/nauti-parts.com\\\/es\\\/shop\\\/tablas-y-esquis\\\/sup\\\/paquete-yarra-10-6-sup\\\/#breadcrumb\",\"itemListElement\":[{\"@type\":\"ListItem\",\"position\":1,\"name\":\"Tienda\",\"item\":\"https:\\\/\\\/nauti-parts.com\\\/es\\\/tienda\\\/\"},{\"@type\":\"ListItem\",\"position\":2,\"name\":\"Paquete Yarra 10.6 SUP\"}]},{\"@type\":\"WebSite\",\"@id\":\"https:\\\/\\\/nauti-parts.com\\\/es\\\/#website\",\"url\":\"https:\\\/\\\/nauti-parts.com\\\/es\\\/\",\"name\":\"Nauti Parts\",\"description\":\"Sea-Doo Jet Ski - Seabob Dealer and Rentals | Water Toys Mallorca\",\"publisher\":{\"@id\":\"https:\\\/\\\/nauti-parts.com\\\/es\\\/#organization\"},\"potentialAction\":[{\"@type\":\"SearchAction\",\"target\":{\"@type\":\"EntryPoint\",\"urlTemplate\":\"https:\\\/\\\/nauti-parts.com\\\/es\\\/?s={search_term_string}\"},\"query-input\":{\"@type\":\"PropertyValueSpecification\",\"valueRequired\":true,\"valueName\":\"search_term_string\"}}],\"inLanguage\":\"es\"},{\"@type\":\"Organization\",\"@id\":\"https:\\\/\\\/nauti-parts.com\\\/es\\\/#organization\",\"name\":\"Piezas Nauti\",\"url\":\"https:\\\/\\\/nauti-parts.com\\\/es\\\/\",\"logo\":{\"@type\":\"ImageObject\",\"inLanguage\":\"es\",\"@id\":\"https:\\\/\\\/nauti-parts.com\\\/es\\\/#\\\/schema\\\/logo\\\/image\\\/\",\"url\":\"https:\\\/\\\/nauti-parts.com\\\/wp-content\\\/uploads\\\/2023\\\/10\\\/np-logo-black.png\",\"contentUrl\":\"https:\\\/\\\/nauti-parts.com\\\/wp-content\\\/uploads\\\/2023\\\/10\\\/np-logo-black.png\",\"width\":253,\"height\":100,\"caption\":\"Piezas Nauti\"},\"image\":{\"@id\":\"https:\\\/\\\/nauti-parts.com\\\/es\\\/#\\\/schema\\\/logo\\\/image\\\/\"},\"sameAs\":[\"https:\\\/\\\/www.facebook.com\\\/nautipartsspain\\\/\",\"https:\\\/\\\/www.instagram.com\\\/nautiparts\\\/\"]}]}<\/script>\n<!-- \/ Yoast SEO plugin. -->","yoast_head_json":{"title":"Paquete Yarra 10.6 SUP | Nauti Parts","robots":{"index":"index","follow":"follow","max-snippet":"max-snippet:-1","max-image-preview":"max-image-preview:large","max-video-preview":"max-video-preview:-1"},"canonical":"https:\/\/nauti-parts.com\/es\/shop\/tablas-y-esquis\/sup\/paquete-yarra-10-6-sup\/","og_locale":"es_ES","og_type":"article","og_title":"Paquete Yarra 10.6 SUP | Nauti Parts","og_description":"El pack de 10,6 tablas de paddle surf Aero Yarra es un excelente ejemplo de c\u00f3mo la forma se une a la funcionalidad. Con la nueva aleta \"EZ Lock Fin\" y una construcci\u00f3n de alta calidad y durabilidad gracias a nuestra tecnolog\u00eda de uni\u00f3n por calor, esta Aero Yarra SUP es la tabla todoterreno perfecta para la aventura en el agua.","og_url":"https:\/\/nauti-parts.com\/es\/shop\/tablas-y-esquis\/sup\/paquete-yarra-10-6-sup\/","og_site_name":"Nauti Parts","article_publisher":"https:\/\/www.facebook.com\/nautipartsspain\/","og_image":[{"width":1500,"height":1500,"url":"https:\/\/nauti-parts.com\/wp-content\/uploads\/2022\/01\/yarra-blue-1.jpg","type":"image\/jpeg"}],"twitter_card":"summary_large_image","twitter_misc":{"Tiempo de lectura":"1 minuto"},"schema":{"@context":"https:\/\/schema.org","@graph":[{"@type":"WebPage","@id":"https:\/\/nauti-parts.com\/es\/shop\/tablas-y-esquis\/sup\/paquete-yarra-10-6-sup\/","url":"https:\/\/nauti-parts.com\/es\/shop\/tablas-y-esquis\/sup\/paquete-yarra-10-6-sup\/","name":"Paquete Yarra 10.6 SUP | Nauti Parts","isPartOf":{"@id":"https:\/\/nauti-parts.com\/es\/#website"},"primaryImageOfPage":{"@id":"https:\/\/nauti-parts.com\/es\/shop\/tablas-y-esquis\/sup\/paquete-yarra-10-6-sup\/#primaryimage"},"image":{"@id":"https:\/\/nauti-parts.com\/es\/shop\/tablas-y-esquis\/sup\/paquete-yarra-10-6-sup\/#primaryimage"},"thumbnailUrl":"https:\/\/nauti-parts.com\/wp-content\/uploads\/2022\/01\/yarra-blue-1.jpg","datePublished":"2024-03-01T11:32:40+00:00","breadcrumb":{"@id":"https:\/\/nauti-parts.com\/es\/shop\/tablas-y-esquis\/sup\/paquete-yarra-10-6-sup\/#breadcrumb"},"inLanguage":"es","potentialAction":[{"@type":"ReadAction","target":["https:\/\/nauti-parts.com\/es\/shop\/tablas-y-esquis\/sup\/paquete-yarra-10-6-sup\/"]}]},{"@type":"ImageObject","inLanguage":"es","@id":"https:\/\/nauti-parts.com\/es\/shop\/tablas-y-esquis\/sup\/paquete-yarra-10-6-sup\/#primaryimage","url":"https:\/\/nauti-parts.com\/wp-content\/uploads\/2022\/01\/yarra-blue-1.jpg","contentUrl":"https:\/\/nauti-parts.com\/wp-content\/uploads\/2022\/01\/yarra-blue-1.jpg","width":1500,"height":1500},{"@type":"BreadcrumbList","@id":"https:\/\/nauti-parts.com\/es\/shop\/tablas-y-esquis\/sup\/paquete-yarra-10-6-sup\/#breadcrumb","itemListElement":[{"@type":"ListItem","position":1,"name":"Tienda","item":"https:\/\/nauti-parts.com\/es\/tienda\/"},{"@type":"ListItem","position":2,"name":"Paquete Yarra 10.6 SUP"}]},{"@type":"WebSite","@id":"https:\/\/nauti-parts.com\/es\/#website","url":"https:\/\/nauti-parts.com\/es\/","name":"Nauti Parts","description":"Sea-Doo Jet Ski - Seabob Dealer and Rentals | Water Toys Mallorca","publisher":{"@id":"https:\/\/nauti-parts.com\/es\/#organization"},"potentialAction":[{"@type":"SearchAction","target":{"@type":"EntryPoint","urlTemplate":"https:\/\/nauti-parts.com\/es\/?s={search_term_string}"},"query-input":{"@type":"PropertyValueSpecification","valueRequired":true,"valueName":"search_term_string"}}],"inLanguage":"es"},{"@type":"Organization","@id":"https:\/\/nauti-parts.com\/es\/#organization","name":"Piezas Nauti","url":"https:\/\/nauti-parts.com\/es\/","logo":{"@type":"ImageObject","inLanguage":"es","@id":"https:\/\/nauti-parts.com\/es\/#\/schema\/logo\/image\/","url":"https:\/\/nauti-parts.com\/wp-content\/uploads\/2023\/10\/np-logo-black.png","contentUrl":"https:\/\/nauti-parts.com\/wp-content\/uploads\/2023\/10\/np-logo-black.png","width":253,"height":100,"caption":"Piezas Nauti"},"image":{"@id":"https:\/\/nauti-parts.com\/es\/#\/schema\/logo\/image\/"},"sameAs":["https:\/\/www.facebook.com\/nautipartsspain\/","https:\/\/www.instagram.com\/nautiparts\/"]}]}},"_links":{"self":[{"href":"https:\/\/nauti-parts.com\/es\/wp-json\/wp\/v2\/product\/25209","targetHints":{"allow":["GET"]}}],"collection":[{"href":"https:\/\/nauti-parts.com\/es\/wp-json\/wp\/v2\/product"}],"about":[{"href":"https:\/\/nauti-parts.com\/es\/wp-json\/wp\/v2\/types\/product"}],"replies":[{"embeddable":true,"href":"https:\/\/nauti-parts.com\/es\/wp-json\/wp\/v2\/comments?post=25209"}],"wp:featuredmedia":[{"embeddable":true,"href":"https:\/\/nauti-parts.com\/es\/wp-json\/wp\/v2\/media\/20013"}],"wp:attachment":[{"href":"https:\/\/nauti-parts.com\/es\/wp-json\/wp\/v2\/media?parent=25209"}],"wp:term":[{"taxonomy":"product_brand","embeddable":true,"href":"https:\/\/nauti-parts.com\/es\/wp-json\/wp\/v2\/product_brand?post=25209"},{"taxonomy":"product_cat","embeddable":true,"href":"https:\/\/nauti-parts.com\/es\/wp-json\/wp\/v2\/product_cat?post=25209"},{"taxonomy":"product_tag","embeddable":true,"href":"https:\/\/nauti-parts.com\/es\/wp-json\/wp\/v2\/product_tag?post=25209"}],"curies":[{"name":"wp","href":"https:\/\/api.w.org\/{rel}","templated":true}]}}