{"id":25157,"date":"2024-03-01T11:45:52","date_gmt":"2024-03-01T11:45:52","guid":{"rendered":"https:\/\/nauti-parts.com\/shop\/sin categor\u00eda\/pack-sup-windsurf-hinchable-mohaka-10-2\/"},"modified":"2024-03-01T11:45:52","modified_gmt":"2024-03-01T11:45:52","slug":"pack-sup-windsurf-hinchable-mohaka-10-2","status":"publish","type":"product","link":"https:\/\/nauti-parts.com\/es\/shop\/tablas-y-esquis\/sup\/pack-sup-windsurf-hinchable-mohaka-10-2\/","title":{"rendered":"Pack SUP Windsurf hinchable Mohaka 10.2"},"content":{"rendered":"<p>Hemos combinado el mundo del stand up paddle y el windsurf en una sola pieza. La Mohaka puede utilizarse como tabla de stand up paddle individual o como tabla de windsurf gracias a su soporte de windsurf f\u00e1cil de instalar. Hemos a\u00f1adido un ra\u00edl de tracci\u00f3n debajo de la tabla para mayor control y estabilidad. Con un peso de la tabla de s\u00f3lo 9,3 kilogramos, la Mohaka es f\u00e1cil de llevar donde quieras. La m\u00e1xima rigidez y durabilidad est\u00e1n garantizadas gracias al uso de nuestra construcci\u00f3n X-dropstitching y la tecnolog\u00eda Heat Bonded. Este paquete contiene la tabla de SUP Aero Mohaka 10.2, remo ajustable de fibra de vidrio de 3 piezas, mochila impermeable, bomba de doble acci\u00f3n, leash en espiral de 3,04 m, vela de 3,5 m2, m\u00e1stil, extensi\u00f3n de m\u00e1stil, base de m\u00e1stil, cuerda de izado y botavara.     <\/p>\n<ul class=\"checkListSmall\">\n<li><a href=\"https:\/\/www.jobesports.com\/en\/happycustomers\/\" target=\"_blank\" rel=\"noopener\">3 a\u00f1os de garant\u00eda tras el registro<\/a><\/li>\n<li><a href=\"https:\/\/www.jobesports.com\/en\/newsflash\/heat-bonded-technology-warm-sup-2678\/\" target=\"_blank\" rel=\"noopener\">Tecnolog\u00eda de uni\u00f3n por calor: m\u00e1s calidad de capa y seguridad<\/a><\/li>\n<li>Patr\u00f3n de espuma EVA antideslizante, permite practicar SUP c\u00f3modamente durante mucho tiempo<\/li>\n<li>Construcci\u00f3n ligera con pespunte en X<\/li>\n<li>Larguero en la parte superior e inferior para una mayor rigidez<\/li>\n<li>Red el\u00e1stica de almacenamiento<\/li>\n<li>Asa de neopreno f\u00e1cil de transportar con soporte para pala<\/li>\n<li>V\u00e1lvula Halkey Roberts<\/li>\n<li>Ra\u00edl de tracci\u00f3n en la parte inferior de la tabla para un mayor control<\/li>\n<li>Aleta 8&#8243; EZ lock<\/li>\n<li>Anilla en D en la punta y la cola<\/li>\n<li>Inserto de windsurf montado en la tabla<\/li>\n<li>Balanc\u00edn de la nariz: 9&#8243;, Balanc\u00edn de la cola: 0&#8243;.<\/li>\n<li>Peso recomendado del jinete: Hasta 120 kg | 265 lbs<\/li>\n<li>Peso de la tabla: 9,3kg | 20,5lbs<\/li>\n<li>Peso del paquete: 14,3kg | 31,5lbs<\/li>\n<li>Dimensiones: 309 x 78,7 x 15cm | 309 x 78,7 x 15cm<\/li>\n<li>El paquete contiene: Tabla de SUP Aero Mohaka 10.2, remo ajustable de fibra de vidrio de 3 piezas, mochila impermeable, bomba de doble acci\u00f3n, leash en espiral de 3,04 m, vela de SUP Mohaka (incluye: m\u00e1stil, extensi\u00f3n de m\u00e1stil, base de m\u00e1stil, cuerda de izado y botavara).<\/li>\n<\/ul>\n","protected":false},"excerpt":{"rendered":"<p>\u00a1Conquista el viento y el agua con el Pack SUP Windsurf Hinchable Jobe Mohaka 10.2 + Vela Sup Venta!<\/p>\n","protected":false},"featured_media":19567,"comment_status":"open","ping_status":"closed","template":"","meta":{"_acf_changed":false},"product_brand":[],"product_cat":[213,212],"product_tag":[369,368],"class_list":{"0":"post-25157","1":"product","2":"type-product","3":"status-publish","4":"has-post-thumbnail","6":"product_cat-sup","7":"product_cat-tablas-y-esquis","8":"product_tag-sup","9":"product_tag-tabla-de-stand-up-paddle","10":"repupress_customize_woocommerce_productom_class","12":"first","13":"instock","14":"taxable","15":"shipping-taxable","16":"purchasable","17":"product-type-variable"},"acf":[],"yoast_head":"<!-- This site is optimized with the Yoast SEO plugin v27.2 - https:\/\/yoast.com\/product\/yoast-seo-wordpress\/ -->\n<title>Pack SUP Windsurf hinchable Mohaka 10.2 | Nauti Parts<\/title>\n<meta name=\"robots\" content=\"index, follow, max-snippet:-1, max-image-preview:large, max-video-preview:-1\" \/>\n<link rel=\"canonical\" href=\"https:\/\/nauti-parts.com\/es\/shop\/tablas-y-esquis\/sup\/pack-sup-windsurf-hinchable-mohaka-10-2\/\" \/>\n<meta property=\"og:locale\" content=\"es_ES\" \/>\n<meta property=\"og:type\" content=\"article\" \/>\n<meta property=\"og:title\" content=\"Pack SUP Windsurf hinchable Mohaka 10.2 | Nauti Parts\" \/>\n<meta property=\"og:description\" content=\"\u00a1Conquista el viento y el agua con el Pack SUP Windsurf Hinchable Jobe Mohaka 10.2 + Vela Sup Venta!\" \/>\n<meta property=\"og:url\" content=\"https:\/\/nauti-parts.com\/es\/shop\/tablas-y-esquis\/sup\/pack-sup-windsurf-hinchable-mohaka-10-2\/\" \/>\n<meta property=\"og:site_name\" content=\"Nauti Parts\" \/>\n<meta property=\"article:publisher\" content=\"https:\/\/www.facebook.com\/nautipartsspain\/\" \/>\n<meta property=\"og:image\" content=\"https:\/\/nauti-parts.com\/wp-content\/uploads\/2024\/03\/mohaka-windsurf.jpg\" \/>\n\t<meta property=\"og:image:width\" content=\"1500\" \/>\n\t<meta property=\"og:image:height\" content=\"1500\" \/>\n\t<meta property=\"og:image:type\" content=\"image\/jpeg\" \/>\n<meta name=\"twitter:card\" content=\"summary_large_image\" \/>\n<meta name=\"twitter:label1\" content=\"Tiempo de lectura\" \/>\n\t<meta name=\"twitter:data1\" content=\"2 minutos\" \/>\n<script type=\"application\/ld+json\" class=\"yoast-schema-graph\">{\"@context\":\"https:\/\/schema.org\",\"@graph\":[{\"@type\":\"WebPage\",\"@id\":\"https:\/\/nauti-parts.com\/es\/shop\/tablas-y-esquis\/sup\/pack-sup-windsurf-hinchable-mohaka-10-2\/\",\"url\":\"https:\/\/nauti-parts.com\/es\/shop\/tablas-y-esquis\/sup\/pack-sup-windsurf-hinchable-mohaka-10-2\/\",\"name\":\"Pack SUP Windsurf hinchable Mohaka 10.2 | Nauti Parts\",\"isPartOf\":{\"@id\":\"https:\/\/nauti-parts.com\/es\/#website\"},\"primaryImageOfPage\":{\"@id\":\"https:\/\/nauti-parts.com\/es\/shop\/tablas-y-esquis\/sup\/pack-sup-windsurf-hinchable-mohaka-10-2\/#primaryimage\"},\"image\":{\"@id\":\"https:\/\/nauti-parts.com\/es\/shop\/tablas-y-esquis\/sup\/pack-sup-windsurf-hinchable-mohaka-10-2\/#primaryimage\"},\"thumbnailUrl\":\"https:\/\/nauti-parts.com\/wp-content\/uploads\/2024\/03\/mohaka-windsurf.jpg\",\"datePublished\":\"2024-03-01T11:45:52+00:00\",\"breadcrumb\":{\"@id\":\"https:\/\/nauti-parts.com\/es\/shop\/tablas-y-esquis\/sup\/pack-sup-windsurf-hinchable-mohaka-10-2\/#breadcrumb\"},\"inLanguage\":\"es\",\"potentialAction\":[{\"@type\":\"ReadAction\",\"target\":[\"https:\/\/nauti-parts.com\/es\/shop\/tablas-y-esquis\/sup\/pack-sup-windsurf-hinchable-mohaka-10-2\/\"]}]},{\"@type\":\"ImageObject\",\"inLanguage\":\"es\",\"@id\":\"https:\/\/nauti-parts.com\/es\/shop\/tablas-y-esquis\/sup\/pack-sup-windsurf-hinchable-mohaka-10-2\/#primaryimage\",\"url\":\"https:\/\/nauti-parts.com\/wp-content\/uploads\/2024\/03\/mohaka-windsurf.jpg\",\"contentUrl\":\"https:\/\/nauti-parts.com\/wp-content\/uploads\/2024\/03\/mohaka-windsurf.jpg\",\"width\":1500,\"height\":1500},{\"@type\":\"BreadcrumbList\",\"@id\":\"https:\/\/nauti-parts.com\/es\/shop\/tablas-y-esquis\/sup\/pack-sup-windsurf-hinchable-mohaka-10-2\/#breadcrumb\",\"itemListElement\":[{\"@type\":\"ListItem\",\"position\":1,\"name\":\"Tienda\",\"item\":\"https:\/\/nauti-parts.com\/es\/tienda\/\"},{\"@type\":\"ListItem\",\"position\":2,\"name\":\"Pack SUP Windsurf hinchable Mohaka 10.2\"}]},{\"@type\":\"WebSite\",\"@id\":\"https:\/\/nauti-parts.com\/es\/#website\",\"url\":\"https:\/\/nauti-parts.com\/es\/\",\"name\":\"Nauti Parts\",\"description\":\"Sea-Doo Jet Ski - Seabob Dealer and Rentals | Water Toys Mallorca\",\"publisher\":{\"@id\":\"https:\/\/nauti-parts.com\/es\/#organization\"},\"potentialAction\":[{\"@type\":\"SearchAction\",\"target\":{\"@type\":\"EntryPoint\",\"urlTemplate\":\"https:\/\/nauti-parts.com\/es\/?s={search_term_string}\"},\"query-input\":{\"@type\":\"PropertyValueSpecification\",\"valueRequired\":true,\"valueName\":\"search_term_string\"}}],\"inLanguage\":\"es\"},{\"@type\":\"Organization\",\"@id\":\"https:\/\/nauti-parts.com\/es\/#organization\",\"name\":\"Piezas Nauti\",\"url\":\"https:\/\/nauti-parts.com\/es\/\",\"logo\":{\"@type\":\"ImageObject\",\"inLanguage\":\"es\",\"@id\":\"https:\/\/nauti-parts.com\/es\/#\/schema\/logo\/image\/\",\"url\":\"https:\/\/nauti-parts.com\/wp-content\/uploads\/2023\/10\/np-logo-black.png\",\"contentUrl\":\"https:\/\/nauti-parts.com\/wp-content\/uploads\/2023\/10\/np-logo-black.png\",\"width\":253,\"height\":100,\"caption\":\"Piezas Nauti\"},\"image\":{\"@id\":\"https:\/\/nauti-parts.com\/es\/#\/schema\/logo\/image\/\"},\"sameAs\":[\"https:\/\/www.facebook.com\/nautipartsspain\/\",\"https:\/\/www.instagram.com\/nautiparts\/\"]}]}<\/script>\n<!-- \/ Yoast SEO plugin. -->","yoast_head_json":{"title":"Pack SUP Windsurf hinchable Mohaka 10.2 | Nauti Parts","robots":{"index":"index","follow":"follow","max-snippet":"max-snippet:-1","max-image-preview":"max-image-preview:large","max-video-preview":"max-video-preview:-1"},"canonical":"https:\/\/nauti-parts.com\/es\/shop\/tablas-y-esquis\/sup\/pack-sup-windsurf-hinchable-mohaka-10-2\/","og_locale":"es_ES","og_type":"article","og_title":"Pack SUP Windsurf hinchable Mohaka 10.2 | Nauti Parts","og_description":"\u00a1Conquista el viento y el agua con el Pack SUP Windsurf Hinchable Jobe Mohaka 10.2 + Vela Sup Venta!","og_url":"https:\/\/nauti-parts.com\/es\/shop\/tablas-y-esquis\/sup\/pack-sup-windsurf-hinchable-mohaka-10-2\/","og_site_name":"Nauti Parts","article_publisher":"https:\/\/www.facebook.com\/nautipartsspain\/","og_image":[{"width":1500,"height":1500,"url":"https:\/\/nauti-parts.com\/wp-content\/uploads\/2024\/03\/mohaka-windsurf.jpg","type":"image\/jpeg"}],"twitter_card":"summary_large_image","twitter_misc":{"Tiempo de lectura":"2 minutos"},"schema":{"@context":"https:\/\/schema.org","@graph":[{"@type":"WebPage","@id":"https:\/\/nauti-parts.com\/es\/shop\/tablas-y-esquis\/sup\/pack-sup-windsurf-hinchable-mohaka-10-2\/","url":"https:\/\/nauti-parts.com\/es\/shop\/tablas-y-esquis\/sup\/pack-sup-windsurf-hinchable-mohaka-10-2\/","name":"Pack SUP Windsurf hinchable Mohaka 10.2 | Nauti Parts","isPartOf":{"@id":"https:\/\/nauti-parts.com\/es\/#website"},"primaryImageOfPage":{"@id":"https:\/\/nauti-parts.com\/es\/shop\/tablas-y-esquis\/sup\/pack-sup-windsurf-hinchable-mohaka-10-2\/#primaryimage"},"image":{"@id":"https:\/\/nauti-parts.com\/es\/shop\/tablas-y-esquis\/sup\/pack-sup-windsurf-hinchable-mohaka-10-2\/#primaryimage"},"thumbnailUrl":"https:\/\/nauti-parts.com\/wp-content\/uploads\/2024\/03\/mohaka-windsurf.jpg","datePublished":"2024-03-01T11:45:52+00:00","breadcrumb":{"@id":"https:\/\/nauti-parts.com\/es\/shop\/tablas-y-esquis\/sup\/pack-sup-windsurf-hinchable-mohaka-10-2\/#breadcrumb"},"inLanguage":"es","potentialAction":[{"@type":"ReadAction","target":["https:\/\/nauti-parts.com\/es\/shop\/tablas-y-esquis\/sup\/pack-sup-windsurf-hinchable-mohaka-10-2\/"]}]},{"@type":"ImageObject","inLanguage":"es","@id":"https:\/\/nauti-parts.com\/es\/shop\/tablas-y-esquis\/sup\/pack-sup-windsurf-hinchable-mohaka-10-2\/#primaryimage","url":"https:\/\/nauti-parts.com\/wp-content\/uploads\/2024\/03\/mohaka-windsurf.jpg","contentUrl":"https:\/\/nauti-parts.com\/wp-content\/uploads\/2024\/03\/mohaka-windsurf.jpg","width":1500,"height":1500},{"@type":"BreadcrumbList","@id":"https:\/\/nauti-parts.com\/es\/shop\/tablas-y-esquis\/sup\/pack-sup-windsurf-hinchable-mohaka-10-2\/#breadcrumb","itemListElement":[{"@type":"ListItem","position":1,"name":"Tienda","item":"https:\/\/nauti-parts.com\/es\/tienda\/"},{"@type":"ListItem","position":2,"name":"Pack SUP Windsurf hinchable Mohaka 10.2"}]},{"@type":"WebSite","@id":"https:\/\/nauti-parts.com\/es\/#website","url":"https:\/\/nauti-parts.com\/es\/","name":"Nauti Parts","description":"Sea-Doo Jet Ski - Seabob Dealer and Rentals | Water Toys Mallorca","publisher":{"@id":"https:\/\/nauti-parts.com\/es\/#organization"},"potentialAction":[{"@type":"SearchAction","target":{"@type":"EntryPoint","urlTemplate":"https:\/\/nauti-parts.com\/es\/?s={search_term_string}"},"query-input":{"@type":"PropertyValueSpecification","valueRequired":true,"valueName":"search_term_string"}}],"inLanguage":"es"},{"@type":"Organization","@id":"https:\/\/nauti-parts.com\/es\/#organization","name":"Piezas Nauti","url":"https:\/\/nauti-parts.com\/es\/","logo":{"@type":"ImageObject","inLanguage":"es","@id":"https:\/\/nauti-parts.com\/es\/#\/schema\/logo\/image\/","url":"https:\/\/nauti-parts.com\/wp-content\/uploads\/2023\/10\/np-logo-black.png","contentUrl":"https:\/\/nauti-parts.com\/wp-content\/uploads\/2023\/10\/np-logo-black.png","width":253,"height":100,"caption":"Piezas Nauti"},"image":{"@id":"https:\/\/nauti-parts.com\/es\/#\/schema\/logo\/image\/"},"sameAs":["https:\/\/www.facebook.com\/nautipartsspain\/","https:\/\/www.instagram.com\/nautiparts\/"]}]}},"_links":{"self":[{"href":"https:\/\/nauti-parts.com\/es\/wp-json\/wp\/v2\/product\/25157","targetHints":{"allow":["GET"]}}],"collection":[{"href":"https:\/\/nauti-parts.com\/es\/wp-json\/wp\/v2\/product"}],"about":[{"href":"https:\/\/nauti-parts.com\/es\/wp-json\/wp\/v2\/types\/product"}],"replies":[{"embeddable":true,"href":"https:\/\/nauti-parts.com\/es\/wp-json\/wp\/v2\/comments?post=25157"}],"wp:featuredmedia":[{"embeddable":true,"href":"https:\/\/nauti-parts.com\/es\/wp-json\/wp\/v2\/media\/19567"}],"wp:attachment":[{"href":"https:\/\/nauti-parts.com\/es\/wp-json\/wp\/v2\/media?parent=25157"}],"wp:term":[{"taxonomy":"product_brand","embeddable":true,"href":"https:\/\/nauti-parts.com\/es\/wp-json\/wp\/v2\/product_brand?post=25157"},{"taxonomy":"product_cat","embeddable":true,"href":"https:\/\/nauti-parts.com\/es\/wp-json\/wp\/v2\/product_cat?post=25157"},{"taxonomy":"product_tag","embeddable":true,"href":"https:\/\/nauti-parts.com\/es\/wp-json\/wp\/v2\/product_tag?post=25157"}],"curies":[{"name":"wp","href":"https:\/\/api.w.org\/{rel}","templated":true}]}}