{"id":25038,"date":"2019-03-25T09:03:40","date_gmt":"2019-03-25T09:03:40","guid":{"rendered":"https:\/\/nauti-parts.com\/shop\/sin categor\u00eda\/tablero\/"},"modified":"2019-03-25T09:03:40","modified_gmt":"2019-03-25T09:03:40","slug":"tablero","status":"publish","type":"product","link":"https:\/\/nauti-parts.com\/es\/shop\/tablas-y-esquis\/e-foils\/tablero\/tablero\/","title":{"rendered":"Tablero"},"content":{"rendered":"<p class=\"p1\">Hay tres tablas disponibles: la est\u00e1ndar de fibra de vidrio, la Soft Top con un c\u00f3modo acolchado de espuma y la ligera y duradera de carbono. Los acabados, las alas y otros componentes pueden configurarse para adaptarse a tu estilo personal con 208 combinaciones diferentes. Los componentes modulares hacen que Fliteboard sea f\u00e1cil de transportar, montar y personalizar para que se adapte a ti, a tu yate y al estilo individual de tus invitados.  <\/p>\n<hr>\n<p><strong>Fibra de vidrio:<\/strong> La mejor y m\u00e1s vers\u00e1til tabla, adecuada para todos los riders de hasta 120 kg. Personalizable a medida que mejoras y apta para todos los niveles de habilidad. <\/p>\n<p class=\"p1\"><strong>Tabla Soft Top:<\/strong> Fabricada en fibra de vidrio con una gruesa capa superior de espuma EVA para mayor comodidad, seguridad, durabilidad y agarre, sin peso a\u00f1adido.<\/p>\n<p class=\"p1\"><strong>Tabla de carbono:<\/strong> Nueva forma de tabla refinada con agarres de cubierta, asas y cierres anodizados de colores a juego. La construcci\u00f3n en s\u00e1ndwich de fibra de carbono e Innegra ofrece a los riders la mejor relaci\u00f3n resistencia-peso. <\/p>\n<hr>\n<p>EL PRECIO INDICADO INCLUYE C\u00c9LULA DE ARCHIVO, L\u00c1MINA Y ALA, FLITE JET, CARGADOR EST\u00c1NDAR, FLITE CONTROLLER + TASAS DE IMPORTACI\u00d3N, ARANCELES E IMPUESTOS, ENV\u00cdO Y FORMACI\u00d3N<\/p>\n","protected":false},"excerpt":{"rendered":"<h3 class=\"p1\">Fliteboard es una m\u00e1quina acu\u00e1tica de alto rendimiento repleta de innovaciones y construida con materiales de la m\u00e1s alta calidad.<\/h3>\n<p>EL PRECIO INDICADO INCLUYE OBRAS, TASAS DE IMPORTACI\u00d3N, ARANCELES E IMPUESTOS, ENV\u00cdO Y FORMACI\u00d3N<\/p>\n","protected":false},"featured_media":18232,"comment_status":"open","ping_status":"closed","template":"","meta":{"_acf_changed":false},"product_brand":[],"product_cat":[220,212,221],"product_tag":[],"class_list":{"0":"post-25038","1":"product","2":"type-product","3":"status-publish","4":"has-post-thumbnail","6":"product_cat-e-foils","7":"product_cat-tablas-y-esquis","8":"product_cat-tablero","9":"repupress_customize_woocommerce_productom_class","11":"first","12":"instock","13":"featured","14":"taxable","15":"shipping-taxable","16":"purchasable","17":"product-type-variable","18":"has-default-attributes"},"acf":[],"yoast_head":"<!-- This site is optimized with the Yoast SEO plugin v27.2 - https:\/\/yoast.com\/product\/yoast-seo-wordpress\/ -->\n<title>Tablero | Nauti Parts<\/title>\n<meta name=\"robots\" content=\"index, follow, max-snippet:-1, max-image-preview:large, max-video-preview:-1\" \/>\n<link rel=\"canonical\" href=\"https:\/\/nauti-parts.com\/es\/shop\/tablas-y-esquis\/e-foils\/tablero\/tablero\/\" \/>\n<meta property=\"og:locale\" content=\"es_ES\" \/>\n<meta property=\"og:type\" content=\"article\" \/>\n<meta property=\"og:title\" content=\"Tablero | Nauti Parts\" \/>\n<meta property=\"og:description\" content=\"Fliteboard es una m\u00e1quina acu\u00e1tica de alto rendimiento repleta de innovaciones y construida con materiales de la m\u00e1s alta calidad. EL PRECIO INDICADO INCLUYE OBRAS, TASAS DE IMPORTACI\u00d3N, ARANCELES E IMPUESTOS, ENV\u00cdO Y FORMACI\u00d3N\" \/>\n<meta property=\"og:url\" content=\"https:\/\/nauti-parts.com\/es\/shop\/tablas-y-esquis\/e-foils\/tablero\/tablero\/\" \/>\n<meta property=\"og:site_name\" content=\"Nauti Parts\" \/>\n<meta property=\"article:publisher\" content=\"https:\/\/www.facebook.com\/nautipartsspain\/\" \/>\n<meta property=\"og:image\" content=\"https:\/\/nauti-parts.com\/wp-content\/uploads\/2019\/03\/fliteboard-white.png\" \/>\n\t<meta property=\"og:image:width\" content=\"1024\" \/>\n\t<meta property=\"og:image:height\" content=\"1024\" \/>\n\t<meta property=\"og:image:type\" content=\"image\/png\" \/>\n<meta name=\"twitter:card\" content=\"summary_large_image\" \/>\n<meta name=\"twitter:label1\" content=\"Tiempo de lectura\" \/>\n\t<meta name=\"twitter:data1\" content=\"1 minuto\" \/>\n<script type=\"application\/ld+json\" class=\"yoast-schema-graph\">{\"@context\":\"https:\/\/schema.org\",\"@graph\":[{\"@type\":\"WebPage\",\"@id\":\"https:\/\/nauti-parts.com\/es\/shop\/tablas-y-esquis\/e-foils\/tablero\/tablero\/\",\"url\":\"https:\/\/nauti-parts.com\/es\/shop\/tablas-y-esquis\/e-foils\/tablero\/tablero\/\",\"name\":\"Tablero | Nauti Parts\",\"isPartOf\":{\"@id\":\"https:\/\/nauti-parts.com\/es\/#website\"},\"primaryImageOfPage\":{\"@id\":\"https:\/\/nauti-parts.com\/es\/shop\/tablas-y-esquis\/e-foils\/tablero\/tablero\/#primaryimage\"},\"image\":{\"@id\":\"https:\/\/nauti-parts.com\/es\/shop\/tablas-y-esquis\/e-foils\/tablero\/tablero\/#primaryimage\"},\"thumbnailUrl\":\"https:\/\/nauti-parts.com\/wp-content\/uploads\/2019\/03\/fliteboard-white.png\",\"datePublished\":\"2019-03-25T09:03:40+00:00\",\"breadcrumb\":{\"@id\":\"https:\/\/nauti-parts.com\/es\/shop\/tablas-y-esquis\/e-foils\/tablero\/tablero\/#breadcrumb\"},\"inLanguage\":\"es\",\"potentialAction\":[{\"@type\":\"ReadAction\",\"target\":[\"https:\/\/nauti-parts.com\/es\/shop\/tablas-y-esquis\/e-foils\/tablero\/tablero\/\"]}]},{\"@type\":\"ImageObject\",\"inLanguage\":\"es\",\"@id\":\"https:\/\/nauti-parts.com\/es\/shop\/tablas-y-esquis\/e-foils\/tablero\/tablero\/#primaryimage\",\"url\":\"https:\/\/nauti-parts.com\/wp-content\/uploads\/2019\/03\/fliteboard-white.png\",\"contentUrl\":\"https:\/\/nauti-parts.com\/wp-content\/uploads\/2019\/03\/fliteboard-white.png\",\"width\":1024,\"height\":1024},{\"@type\":\"BreadcrumbList\",\"@id\":\"https:\/\/nauti-parts.com\/es\/shop\/tablas-y-esquis\/e-foils\/tablero\/tablero\/#breadcrumb\",\"itemListElement\":[{\"@type\":\"ListItem\",\"position\":1,\"name\":\"Tienda\",\"item\":\"https:\/\/nauti-parts.com\/es\/tienda\/\"},{\"@type\":\"ListItem\",\"position\":2,\"name\":\"Tablero\"}]},{\"@type\":\"WebSite\",\"@id\":\"https:\/\/nauti-parts.com\/es\/#website\",\"url\":\"https:\/\/nauti-parts.com\/es\/\",\"name\":\"Nauti Parts\",\"description\":\"Sea-Doo Jet Ski - Seabob Dealer and Rentals | Water Toys Mallorca\",\"publisher\":{\"@id\":\"https:\/\/nauti-parts.com\/es\/#organization\"},\"potentialAction\":[{\"@type\":\"SearchAction\",\"target\":{\"@type\":\"EntryPoint\",\"urlTemplate\":\"https:\/\/nauti-parts.com\/es\/?s={search_term_string}\"},\"query-input\":{\"@type\":\"PropertyValueSpecification\",\"valueRequired\":true,\"valueName\":\"search_term_string\"}}],\"inLanguage\":\"es\"},{\"@type\":\"Organization\",\"@id\":\"https:\/\/nauti-parts.com\/es\/#organization\",\"name\":\"Piezas Nauti\",\"url\":\"https:\/\/nauti-parts.com\/es\/\",\"logo\":{\"@type\":\"ImageObject\",\"inLanguage\":\"es\",\"@id\":\"https:\/\/nauti-parts.com\/es\/#\/schema\/logo\/image\/\",\"url\":\"https:\/\/nauti-parts.com\/wp-content\/uploads\/2023\/10\/np-logo-black.png\",\"contentUrl\":\"https:\/\/nauti-parts.com\/wp-content\/uploads\/2023\/10\/np-logo-black.png\",\"width\":253,\"height\":100,\"caption\":\"Piezas Nauti\"},\"image\":{\"@id\":\"https:\/\/nauti-parts.com\/es\/#\/schema\/logo\/image\/\"},\"sameAs\":[\"https:\/\/www.facebook.com\/nautipartsspain\/\",\"https:\/\/www.instagram.com\/nautiparts\/\"]}]}<\/script>\n<!-- \/ Yoast SEO plugin. -->","yoast_head_json":{"title":"Tablero | Nauti Parts","robots":{"index":"index","follow":"follow","max-snippet":"max-snippet:-1","max-image-preview":"max-image-preview:large","max-video-preview":"max-video-preview:-1"},"canonical":"https:\/\/nauti-parts.com\/es\/shop\/tablas-y-esquis\/e-foils\/tablero\/tablero\/","og_locale":"es_ES","og_type":"article","og_title":"Tablero | Nauti Parts","og_description":"Fliteboard es una m\u00e1quina acu\u00e1tica de alto rendimiento repleta de innovaciones y construida con materiales de la m\u00e1s alta calidad. EL PRECIO INDICADO INCLUYE OBRAS, TASAS DE IMPORTACI\u00d3N, ARANCELES E IMPUESTOS, ENV\u00cdO Y FORMACI\u00d3N","og_url":"https:\/\/nauti-parts.com\/es\/shop\/tablas-y-esquis\/e-foils\/tablero\/tablero\/","og_site_name":"Nauti Parts","article_publisher":"https:\/\/www.facebook.com\/nautipartsspain\/","og_image":[{"width":1024,"height":1024,"url":"https:\/\/nauti-parts.com\/wp-content\/uploads\/2019\/03\/fliteboard-white.png","type":"image\/png"}],"twitter_card":"summary_large_image","twitter_misc":{"Tiempo de lectura":"1 minuto"},"schema":{"@context":"https:\/\/schema.org","@graph":[{"@type":"WebPage","@id":"https:\/\/nauti-parts.com\/es\/shop\/tablas-y-esquis\/e-foils\/tablero\/tablero\/","url":"https:\/\/nauti-parts.com\/es\/shop\/tablas-y-esquis\/e-foils\/tablero\/tablero\/","name":"Tablero | Nauti Parts","isPartOf":{"@id":"https:\/\/nauti-parts.com\/es\/#website"},"primaryImageOfPage":{"@id":"https:\/\/nauti-parts.com\/es\/shop\/tablas-y-esquis\/e-foils\/tablero\/tablero\/#primaryimage"},"image":{"@id":"https:\/\/nauti-parts.com\/es\/shop\/tablas-y-esquis\/e-foils\/tablero\/tablero\/#primaryimage"},"thumbnailUrl":"https:\/\/nauti-parts.com\/wp-content\/uploads\/2019\/03\/fliteboard-white.png","datePublished":"2019-03-25T09:03:40+00:00","breadcrumb":{"@id":"https:\/\/nauti-parts.com\/es\/shop\/tablas-y-esquis\/e-foils\/tablero\/tablero\/#breadcrumb"},"inLanguage":"es","potentialAction":[{"@type":"ReadAction","target":["https:\/\/nauti-parts.com\/es\/shop\/tablas-y-esquis\/e-foils\/tablero\/tablero\/"]}]},{"@type":"ImageObject","inLanguage":"es","@id":"https:\/\/nauti-parts.com\/es\/shop\/tablas-y-esquis\/e-foils\/tablero\/tablero\/#primaryimage","url":"https:\/\/nauti-parts.com\/wp-content\/uploads\/2019\/03\/fliteboard-white.png","contentUrl":"https:\/\/nauti-parts.com\/wp-content\/uploads\/2019\/03\/fliteboard-white.png","width":1024,"height":1024},{"@type":"BreadcrumbList","@id":"https:\/\/nauti-parts.com\/es\/shop\/tablas-y-esquis\/e-foils\/tablero\/tablero\/#breadcrumb","itemListElement":[{"@type":"ListItem","position":1,"name":"Tienda","item":"https:\/\/nauti-parts.com\/es\/tienda\/"},{"@type":"ListItem","position":2,"name":"Tablero"}]},{"@type":"WebSite","@id":"https:\/\/nauti-parts.com\/es\/#website","url":"https:\/\/nauti-parts.com\/es\/","name":"Nauti Parts","description":"Sea-Doo Jet Ski - Seabob Dealer and Rentals | Water Toys Mallorca","publisher":{"@id":"https:\/\/nauti-parts.com\/es\/#organization"},"potentialAction":[{"@type":"SearchAction","target":{"@type":"EntryPoint","urlTemplate":"https:\/\/nauti-parts.com\/es\/?s={search_term_string}"},"query-input":{"@type":"PropertyValueSpecification","valueRequired":true,"valueName":"search_term_string"}}],"inLanguage":"es"},{"@type":"Organization","@id":"https:\/\/nauti-parts.com\/es\/#organization","name":"Piezas Nauti","url":"https:\/\/nauti-parts.com\/es\/","logo":{"@type":"ImageObject","inLanguage":"es","@id":"https:\/\/nauti-parts.com\/es\/#\/schema\/logo\/image\/","url":"https:\/\/nauti-parts.com\/wp-content\/uploads\/2023\/10\/np-logo-black.png","contentUrl":"https:\/\/nauti-parts.com\/wp-content\/uploads\/2023\/10\/np-logo-black.png","width":253,"height":100,"caption":"Piezas Nauti"},"image":{"@id":"https:\/\/nauti-parts.com\/es\/#\/schema\/logo\/image\/"},"sameAs":["https:\/\/www.facebook.com\/nautipartsspain\/","https:\/\/www.instagram.com\/nautiparts\/"]}]}},"_links":{"self":[{"href":"https:\/\/nauti-parts.com\/es\/wp-json\/wp\/v2\/product\/25038","targetHints":{"allow":["GET"]}}],"collection":[{"href":"https:\/\/nauti-parts.com\/es\/wp-json\/wp\/v2\/product"}],"about":[{"href":"https:\/\/nauti-parts.com\/es\/wp-json\/wp\/v2\/types\/product"}],"replies":[{"embeddable":true,"href":"https:\/\/nauti-parts.com\/es\/wp-json\/wp\/v2\/comments?post=25038"}],"wp:featuredmedia":[{"embeddable":true,"href":"https:\/\/nauti-parts.com\/es\/wp-json\/wp\/v2\/media\/18232"}],"wp:attachment":[{"href":"https:\/\/nauti-parts.com\/es\/wp-json\/wp\/v2\/media?parent=25038"}],"wp:term":[{"taxonomy":"product_brand","embeddable":true,"href":"https:\/\/nauti-parts.com\/es\/wp-json\/wp\/v2\/product_brand?post=25038"},{"taxonomy":"product_cat","embeddable":true,"href":"https:\/\/nauti-parts.com\/es\/wp-json\/wp\/v2\/product_cat?post=25038"},{"taxonomy":"product_tag","embeddable":true,"href":"https:\/\/nauti-parts.com\/es\/wp-json\/wp\/v2\/product_tag?post=25038"}],"curies":[{"name":"wp","href":"https:\/\/api.w.org\/{rel}","templated":true}]}}