{"id":24847,"date":"2018-03-30T08:03:53","date_gmt":"2018-03-30T08:03:53","guid":{"rendered":"https:\/\/nauti-parts.com\/shop\/sin categor\u00eda\/spinera-ola-salvaje\/"},"modified":"2018-03-30T08:03:53","modified_gmt":"2018-03-30T08:03:53","slug":"spinera-ola-salvaje","status":"publish","type":"product","link":"https:\/\/nauti-parts.com\/es\/shop\/juguetes-acuaticos\/remolcables\/spinera\/spinera-ola-salvaje\/","title":{"rendered":"Spinera Ola Salvaje"},"content":{"rendered":"<p><span lang=\"EN-US\">Spinera Wild Wave Pro 1P es un tubo donut remolcable dise\u00f1ado para una persona. El peso m\u00e1ximo \u00f3ptimo es de 77 kg. Wild Wave Pro tiene un punto de remolque bajo y 4 asas totalmente cubiertas con nudilleras de EVA  <\/span><\/p>\n<p><span lang=\"EN-US\">El remolcable tiene un conector r\u00e1pido que facilita la conexi\u00f3n de la cuerda de remolque al remolcable, y una v\u00e1lvula boston para inflar y desinflar f\u00e1cilmente<\/span><\/p>\n<p><span lang=\"EN-US\">Wild Wave Pro est\u00e1 dise\u00f1ado para uso profesional\/alquiler:Tubo interior de PVC de 0,9 mm totalmente recubierto. Cubierta de poli\u00e9ster 840D y fondo de taupulina de 0,8 mm. <\/span><\/p>\n<p><span lang=\"EN-US\">Hay un desag\u00fce de agua en la parte inferior del remolcable<\/span><\/p>\n<ul>\n<li><span lang=\"EN-US\">Tubo de donuts para 1 persona<\/span><\/li>\n<li><span lang=\"EN-US\">4 Asas<\/span><\/li>\n<li><span lang=\"EN-US\">Conexi\u00f3n r\u00e1pida<\/span><\/li>\n<li><span lang=\"EN-US\">V\u00e1lvula Boston<\/span><\/li>\n<li><span lang=\"EN-US\">142 cm \/ 56?<\/span><\/li>\n<\/ul>\n","protected":false},"excerpt":{"rendered":"<p>Spinera Wild Wave Pro 1P es un tubo donut dise\u00f1ado para una persona. El peso m\u00e1ximo \u00f3ptimo es de 77 kg. Wild Wave Pro tiene un punto de remolque bajo y 4 asas totalmente cubiertas con nudilleras de EVA  <\/p>\n","protected":false},"featured_media":0,"comment_status":"open","ping_status":"closed","template":"","meta":{"_acf_changed":false},"product_brand":[],"product_cat":[208,209,211],"product_tag":[],"class_list":{"0":"post-24847","1":"product","2":"type-product","3":"status-publish","5":"product_cat-juguetes-acuaticos","6":"product_cat-remolcables","7":"product_cat-spinera","8":"repupress_customize_woocommerce_productom_class","10":"first","11":"instock","12":"taxable","13":"shipping-taxable","14":"purchasable","15":"product-type-simple"},"acf":[],"yoast_head":"<!-- This site is optimized with the Yoast SEO plugin v27.5 - https:\/\/yoast.com\/product\/yoast-seo-wordpress\/ -->\n<title>Spinera Ola Salvaje | Nauti Parts<\/title>\n<meta name=\"robots\" content=\"index, follow, max-snippet:-1, max-image-preview:large, max-video-preview:-1\" \/>\n<link rel=\"canonical\" href=\"https:\/\/nauti-parts.com\/es\/shop\/juguetes-acuaticos\/remolcables\/spinera\/spinera-ola-salvaje\/\" \/>\n<meta property=\"og:locale\" content=\"es_ES\" \/>\n<meta property=\"og:type\" content=\"article\" \/>\n<meta property=\"og:title\" content=\"Spinera Ola Salvaje | Nauti Parts\" \/>\n<meta property=\"og:description\" content=\"Spinera Wild Wave Pro 1P es un tubo donut dise\u00f1ado para una persona. El peso m\u00e1ximo \u00f3ptimo es de 77 kg. Wild Wave Pro tiene un punto de remolque bajo y 4 asas totalmente cubiertas con nudilleras de EVA\" \/>\n<meta property=\"og:url\" content=\"https:\/\/nauti-parts.com\/es\/shop\/juguetes-acuaticos\/remolcables\/spinera\/spinera-ola-salvaje\/\" \/>\n<meta property=\"og:site_name\" content=\"Nauti Parts\" \/>\n<meta property=\"article:publisher\" content=\"https:\/\/www.facebook.com\/nautipartsspain\/\" \/>\n<meta property=\"og:image\" content=\"https:\/\/nauti-parts.com\/wp-content\/uploads\/2019\/05\/Sea-Doo-jetskis-mallorca.jpg\" \/>\n\t<meta property=\"og:image:width\" content=\"900\" \/>\n\t<meta property=\"og:image:height\" content=\"500\" \/>\n\t<meta property=\"og:image:type\" content=\"image\/jpeg\" \/>\n<meta name=\"twitter:card\" content=\"summary_large_image\" \/>\n<meta name=\"twitter:label1\" content=\"Tiempo de lectura\" \/>\n\t<meta name=\"twitter:data1\" content=\"1 minuto\" \/>\n<script type=\"application\/ld+json\" class=\"yoast-schema-graph\">{\"@context\":\"https:\\\/\\\/schema.org\",\"@graph\":[{\"@type\":\"WebPage\",\"@id\":\"https:\\\/\\\/nauti-parts.com\\\/es\\\/shop\\\/juguetes-acuaticos\\\/remolcables\\\/spinera\\\/spinera-ola-salvaje\\\/\",\"url\":\"https:\\\/\\\/nauti-parts.com\\\/es\\\/shop\\\/juguetes-acuaticos\\\/remolcables\\\/spinera\\\/spinera-ola-salvaje\\\/\",\"name\":\"Spinera Ola Salvaje | Nauti Parts\",\"isPartOf\":{\"@id\":\"https:\\\/\\\/nauti-parts.com\\\/es\\\/#website\"},\"datePublished\":\"2018-03-30T08:03:53+00:00\",\"breadcrumb\":{\"@id\":\"https:\\\/\\\/nauti-parts.com\\\/es\\\/shop\\\/juguetes-acuaticos\\\/remolcables\\\/spinera\\\/spinera-ola-salvaje\\\/#breadcrumb\"},\"inLanguage\":\"es\",\"potentialAction\":[{\"@type\":\"ReadAction\",\"target\":[\"https:\\\/\\\/nauti-parts.com\\\/es\\\/shop\\\/juguetes-acuaticos\\\/remolcables\\\/spinera\\\/spinera-ola-salvaje\\\/\"]}]},{\"@type\":\"BreadcrumbList\",\"@id\":\"https:\\\/\\\/nauti-parts.com\\\/es\\\/shop\\\/juguetes-acuaticos\\\/remolcables\\\/spinera\\\/spinera-ola-salvaje\\\/#breadcrumb\",\"itemListElement\":[{\"@type\":\"ListItem\",\"position\":1,\"name\":\"Tienda\",\"item\":\"https:\\\/\\\/nauti-parts.com\\\/es\\\/tienda\\\/\"},{\"@type\":\"ListItem\",\"position\":2,\"name\":\"Spinera Ola Salvaje\"}]},{\"@type\":\"WebSite\",\"@id\":\"https:\\\/\\\/nauti-parts.com\\\/es\\\/#website\",\"url\":\"https:\\\/\\\/nauti-parts.com\\\/es\\\/\",\"name\":\"Nauti Parts\",\"description\":\"Sea-Doo Jet Ski - Seabob Dealer and Rentals | Water Toys Mallorca\",\"publisher\":{\"@id\":\"https:\\\/\\\/nauti-parts.com\\\/es\\\/#organization\"},\"potentialAction\":[{\"@type\":\"SearchAction\",\"target\":{\"@type\":\"EntryPoint\",\"urlTemplate\":\"https:\\\/\\\/nauti-parts.com\\\/es\\\/?s={search_term_string}\"},\"query-input\":{\"@type\":\"PropertyValueSpecification\",\"valueRequired\":true,\"valueName\":\"search_term_string\"}}],\"inLanguage\":\"es\"},{\"@type\":\"Organization\",\"@id\":\"https:\\\/\\\/nauti-parts.com\\\/es\\\/#organization\",\"name\":\"Piezas Nauti\",\"url\":\"https:\\\/\\\/nauti-parts.com\\\/es\\\/\",\"logo\":{\"@type\":\"ImageObject\",\"inLanguage\":\"es\",\"@id\":\"https:\\\/\\\/nauti-parts.com\\\/es\\\/#\\\/schema\\\/logo\\\/image\\\/\",\"url\":\"https:\\\/\\\/nauti-parts.com\\\/wp-content\\\/uploads\\\/2023\\\/10\\\/np-logo-black.png\",\"contentUrl\":\"https:\\\/\\\/nauti-parts.com\\\/wp-content\\\/uploads\\\/2023\\\/10\\\/np-logo-black.png\",\"width\":253,\"height\":100,\"caption\":\"Piezas Nauti\"},\"image\":{\"@id\":\"https:\\\/\\\/nauti-parts.com\\\/es\\\/#\\\/schema\\\/logo\\\/image\\\/\"},\"sameAs\":[\"https:\\\/\\\/www.facebook.com\\\/nautipartsspain\\\/\",\"https:\\\/\\\/www.instagram.com\\\/nautiparts\\\/\"]}]}<\/script>\n<!-- \/ Yoast SEO plugin. -->","yoast_head_json":{"title":"Spinera Ola Salvaje | Nauti Parts","robots":{"index":"index","follow":"follow","max-snippet":"max-snippet:-1","max-image-preview":"max-image-preview:large","max-video-preview":"max-video-preview:-1"},"canonical":"https:\/\/nauti-parts.com\/es\/shop\/juguetes-acuaticos\/remolcables\/spinera\/spinera-ola-salvaje\/","og_locale":"es_ES","og_type":"article","og_title":"Spinera Ola Salvaje | Nauti Parts","og_description":"Spinera Wild Wave Pro 1P es un tubo donut dise\u00f1ado para una persona. El peso m\u00e1ximo \u00f3ptimo es de 77 kg. Wild Wave Pro tiene un punto de remolque bajo y 4 asas totalmente cubiertas con nudilleras de EVA","og_url":"https:\/\/nauti-parts.com\/es\/shop\/juguetes-acuaticos\/remolcables\/spinera\/spinera-ola-salvaje\/","og_site_name":"Nauti Parts","article_publisher":"https:\/\/www.facebook.com\/nautipartsspain\/","og_image":[{"width":900,"height":500,"url":"https:\/\/nauti-parts.com\/wp-content\/uploads\/2019\/05\/Sea-Doo-jetskis-mallorca.jpg","type":"image\/jpeg"}],"twitter_card":"summary_large_image","twitter_misc":{"Tiempo de lectura":"1 minuto"},"schema":{"@context":"https:\/\/schema.org","@graph":[{"@type":"WebPage","@id":"https:\/\/nauti-parts.com\/es\/shop\/juguetes-acuaticos\/remolcables\/spinera\/spinera-ola-salvaje\/","url":"https:\/\/nauti-parts.com\/es\/shop\/juguetes-acuaticos\/remolcables\/spinera\/spinera-ola-salvaje\/","name":"Spinera Ola Salvaje | Nauti Parts","isPartOf":{"@id":"https:\/\/nauti-parts.com\/es\/#website"},"datePublished":"2018-03-30T08:03:53+00:00","breadcrumb":{"@id":"https:\/\/nauti-parts.com\/es\/shop\/juguetes-acuaticos\/remolcables\/spinera\/spinera-ola-salvaje\/#breadcrumb"},"inLanguage":"es","potentialAction":[{"@type":"ReadAction","target":["https:\/\/nauti-parts.com\/es\/shop\/juguetes-acuaticos\/remolcables\/spinera\/spinera-ola-salvaje\/"]}]},{"@type":"BreadcrumbList","@id":"https:\/\/nauti-parts.com\/es\/shop\/juguetes-acuaticos\/remolcables\/spinera\/spinera-ola-salvaje\/#breadcrumb","itemListElement":[{"@type":"ListItem","position":1,"name":"Tienda","item":"https:\/\/nauti-parts.com\/es\/tienda\/"},{"@type":"ListItem","position":2,"name":"Spinera Ola Salvaje"}]},{"@type":"WebSite","@id":"https:\/\/nauti-parts.com\/es\/#website","url":"https:\/\/nauti-parts.com\/es\/","name":"Nauti Parts","description":"Sea-Doo Jet Ski - Seabob Dealer and Rentals | Water Toys Mallorca","publisher":{"@id":"https:\/\/nauti-parts.com\/es\/#organization"},"potentialAction":[{"@type":"SearchAction","target":{"@type":"EntryPoint","urlTemplate":"https:\/\/nauti-parts.com\/es\/?s={search_term_string}"},"query-input":{"@type":"PropertyValueSpecification","valueRequired":true,"valueName":"search_term_string"}}],"inLanguage":"es"},{"@type":"Organization","@id":"https:\/\/nauti-parts.com\/es\/#organization","name":"Piezas Nauti","url":"https:\/\/nauti-parts.com\/es\/","logo":{"@type":"ImageObject","inLanguage":"es","@id":"https:\/\/nauti-parts.com\/es\/#\/schema\/logo\/image\/","url":"https:\/\/nauti-parts.com\/wp-content\/uploads\/2023\/10\/np-logo-black.png","contentUrl":"https:\/\/nauti-parts.com\/wp-content\/uploads\/2023\/10\/np-logo-black.png","width":253,"height":100,"caption":"Piezas Nauti"},"image":{"@id":"https:\/\/nauti-parts.com\/es\/#\/schema\/logo\/image\/"},"sameAs":["https:\/\/www.facebook.com\/nautipartsspain\/","https:\/\/www.instagram.com\/nautiparts\/"]}]}},"_links":{"self":[{"href":"https:\/\/nauti-parts.com\/es\/wp-json\/wp\/v2\/product\/24847","targetHints":{"allow":["GET"]}}],"collection":[{"href":"https:\/\/nauti-parts.com\/es\/wp-json\/wp\/v2\/product"}],"about":[{"href":"https:\/\/nauti-parts.com\/es\/wp-json\/wp\/v2\/types\/product"}],"replies":[{"embeddable":true,"href":"https:\/\/nauti-parts.com\/es\/wp-json\/wp\/v2\/comments?post=24847"}],"wp:attachment":[{"href":"https:\/\/nauti-parts.com\/es\/wp-json\/wp\/v2\/media?parent=24847"}],"wp:term":[{"taxonomy":"product_brand","embeddable":true,"href":"https:\/\/nauti-parts.com\/es\/wp-json\/wp\/v2\/product_brand?post=24847"},{"taxonomy":"product_cat","embeddable":true,"href":"https:\/\/nauti-parts.com\/es\/wp-json\/wp\/v2\/product_cat?post=24847"},{"taxonomy":"product_tag","embeddable":true,"href":"https:\/\/nauti-parts.com\/es\/wp-json\/wp\/v2\/product_tag?post=24847"}],"curies":[{"name":"wp","href":"https:\/\/api.w.org\/{rel}","templated":true}]}}