{"id":23793,"date":"2024-11-22T12:35:44","date_gmt":"2024-11-22T12:35:44","guid":{"rendered":"https:\/\/nauti-parts.com\/shop\/sin%20categor\u00eda\/fish-pro-apex\/"},"modified":"2026-03-30T10:37:20","modified_gmt":"2026-03-30T10:37:20","slug":"fish-pro-apex","status":"publish","type":"product","link":"https:\/\/nauti-parts.com\/es\/shop\/juguetes-acuaticos\/motos-acuaticas-sea-doo\/pesca-deportiva\/fish-pro-apex\/","title":{"rendered":"Fish Pro Apex"},"content":{"rendered":"<div class=\"wpb-content-wrapper\"><p>[vc_row full_width=&#8221;stretch_row_content&#8221; equal_height=&#8221;yes&#8221; content_placement=&#8221;middle&#8221; css=&#8221;.vc_custom_1728641328627{margin-top: 30px !important;margin-right: 30px !important;margin-left: 30px !important;padding-top: 30px !important;padding-right: 30px !important;padding-bottom: 30px !important;padding-left: 30px !important;background-color: #B6CDCB42 !important;}&#8221;][vc_column][vc_row_inner content_placement=&#8221;middle&#8221;][vc_column_inner width=&#8221;1\/2&#8243;][vc_single_image image=&#8221;23798&#8243; img_size=&#8221;full&#8221; alignment=&#8221;center&#8221; css=&#8221;&#8221;][\/vc_column_inner][vc_column_inner width=&#8221;1\/2&#8243;][vc_column_text css=&#8221;&#8221;]<\/p>\n<h3 style=\"font-size: 34px;\">S\u00f3lo para pescadores serios<\/h3>\n<hr>\n<p>Es la pesca con motos acu\u00e1ticas en su versi\u00f3n m\u00e1s elitista y exclusiva. La Apex es la FishPro m\u00e1s especializada que hemos fabricado nunca, pero s\u00f3lo estar\u00e1 disponible para ti este a\u00f1o. \u00bfTe lo est\u00e1s pensando? No hay tiempo.   <\/p>\n<hr>\n<ul class=\"list-group list-group-flush\">\n<li class=\"list-group-item\">Estabilidad y control l\u00edderes del sector<\/li>\n<li class=\"list-group-item\">Rotax\u00ae 1630 ACE\u2122 &#8211; 300 CV<\/li>\n<li class=\"list-group-item\">Paquete Apex: Edici\u00f3n especial de un solo a\u00f1o, coloraci\u00f3n y distintivos exclusivos, funda para el veh\u00edculo incluida y mucho m\u00e1s.<\/li>\n<li class=\"list-group-item\">Caracter\u00edsticas de pesca: 7 portaca\u00f1as de pesca, Garmin Fish Finder y GPS de 9&#8243;, asiento giratorio, vivero de conexi\u00f3n r\u00e1pida, modo de pesca al curric\u00e1n, reposapi\u00e9s en la borda y sistema de anclaje.<\/li>\n<li class=\"list-group-item\">Paquete t\u00e9cnico: BRP Audio &#8211; sistema premium y pantalla panor\u00e1mica a todo color de 7,8&#8243;, puerto USB<\/li>\n<\/ul>\n<p>[\/vc_column_text][vc_btn title=&#8221;Contacta con nosotros para obtener un presupuesto y m\u00e1s informaci\u00f3n&#8221; style=&#8221;flat&#8221; shape=&#8221;round&#8221; color=&#8221;turquoise&#8221; size=&#8221;lg&#8221; css=&#8221;&#8221; link=&#8221;url:https%3A%2F%2Fnauti-parts.com%2Fcontact%2F|title:Ponte%20en%20contacto%20con|&#8221;][\/vc_column_inner][\/vc_row_inner][\/vc_column][\/vc_row][vc_row][vc_column][vc_column_text css=&#8221;&#8221;]<\/p>\n<h3 style=\"text-align: center; font-size: 28PX;\">ESPECIFICACIONES<\/h3>\n<p>[\/vc_column_text][\/vc_column][\/vc_row][vc_row full_width=&#8221;stretch_row_content&#8221;][vc_column width=&#8221;1\/6&#8243;][vc_icon icon_fontawesome=&#8221;fas fa-tachometer-alt&#8221; color=&#8221;turquoise&#8221; align=&#8221;center&#8221; css=&#8221;.vc_custom_1728639098189{margin-bottom: 0px !important;}&#8221;][vc_column_text css=&#8221;&#8221;]<\/p>\n<p style=\"text-align: center;\"><strong>Motor<\/strong><br \/>\nRotax 1630 ACE\u2122 &#8211; 300<\/p>\n<p>[\/vc_column_text][\/vc_column][vc_column width=&#8221;1\/6&#8243;][vc_icon icon_fontawesome=&#8221;fas fa-gas-pump&#8221; color=&#8221;turquoise&#8221; align=&#8221;center&#8221; css=&#8221;.vc_custom_1728639125285{margin-bottom: 0px !important;}&#8221;][vc_column_text css=&#8221;&#8221;]<\/p>\n<p style=\"text-align: center;\"><strong>Capacidad de combustible<br \/>\n<\/strong>70 L (18,5 gal)<\/p>\n<p>[\/vc_column_text][\/vc_column][vc_column width=&#8221;1\/6&#8243;][vc_icon icon_fontawesome=&#8221;fas fa-box-open&#8221; color=&#8221;turquoise&#8221; align=&#8221;center&#8221; css=&#8221;.vc_custom_1728639206255{margin-bottom: 0px !important;}&#8221;][vc_column_text css=&#8221;&#8221;]<\/p>\n<p style=\"text-align: center;\"><strong>Capacidad de almacenamiento<br \/>\n<\/strong>Un total de 149,9 L (39,6 gal)<\/p>\n<p>[\/vc_column_text][\/vc_column][vc_column width=&#8221;1\/6&#8243;][vc_icon icon_fontawesome=&#8221;fas fa-user-friends&#8221; color=&#8221;turquoise&#8221; align=&#8221;center&#8221; css=&#8221;.vc_custom_1728639277552{margin-bottom: 0px !important;}&#8221;][vc_column_text css=&#8221;&#8221;]<\/p>\n<p style=\"text-align: center;\"><strong>Capacidad para jinetes<br \/>\n<\/strong>3<\/p>\n<p>[\/vc_column_text][\/vc_column][vc_column width=&#8221;1\/6&#8243;][vc_icon icon_fontawesome=&#8221;fas fa-ship&#8221; color=&#8221;turquoise&#8221; align=&#8221;center&#8221; css=&#8221;.vc_custom_1728639325853{margin-bottom: 0px !important;}&#8221;][vc_column_text css=&#8221;&#8221;]<\/p>\n<p style=\"text-align: center;\"><strong>Material del casco<br \/>\n<\/strong>Fibra de vidrio<\/p>\n<p>[\/vc_column_text][\/vc_column][vc_column width=&#8221;1\/6&#8243;][vc_icon icon_fontawesome=&#8221;fas fa-file-pdf&#8221; color=&#8221;turquoise&#8221; align=&#8221;center&#8221; css=&#8221;.vc_custom_1728639402686{margin-bottom: 0px !important;}&#8221;][vc_column_text css=&#8221;&#8221;]<\/p>\n<p style=\"text-align: center;\"><strong>Especificaciones<br \/>\n<\/strong><a href=\"https:\/\/nauti-parts.com\/wp-content\/uploads\/2024\/11\/SEA-MY25-FISH-FPAEX-SPEC-ENNA-Page-PDFx1.pdf\">Descarga<\/a><\/p>\n<p>[\/vc_column_text][\/vc_column][\/vc_row][vc_row][vc_column][vc_column_text]<\/p>\n<p>[\/vc_column_text][\/vc_column][\/vc_row][vc_row full_width=&#8221;stretch_row_content&#8221; css=&#8221;.vc_custom_1728642462100{border-bottom-width: 1px !important;padding-top: 6% !important;padding-bottom: 4% !important;background-position: center !important;background-repeat: no-repeat !important;background-size: cover !important;border-bottom-style: none !important;border-color: #dddddd !important;}&#8221; background_style=&#8221;normal&#8221;][vc_column][vc_empty_space height=&#8221;30px&#8221;][vc_column_text css=&#8221;.vc_custom_1479828377370{margin-bottom: 20px !important;}&#8221;]<\/p>\n<h2 style=\"text-align: center;\"><strong>\u00bfQuieres saber m\u00e1s?<\/strong><\/h2>\n<p>[\/vc_column_text][vc_column_text]<\/p>\n<p style=\"text-align: center;\">Ponte en contacto con nosotros hoy mismo para obtener m\u00e1s informaci\u00f3n sobre cualquiera de nuestros productos o servicios.<\/p>\n<p>[\/vc_column_text][vc_btn title=&#8221;Ponte en contacto con nosotros&#8221; style=&#8221;flat&#8221; shape=&#8221;square&#8221; color=&#8221;black&#8221; size=&#8221;lg&#8221; align=&#8221;center&#8221; link=&#8221;url:https%3A%2F%2Fnauti-parts.com%2Fcontact%2F|&#8221;][vc_empty_space height=&#8221;30px&#8221;][vc_row_inner css=&#8221;.vc_custom_1681398940617{margin-top: 70px !important;padding-bottom: 40px !important;background-color: #f4f4f4 !important;}&#8221;][vc_column_inner width=&#8221;1\/3&#8243;][vc_column_text]<\/p>\n<h3 style=\"text-align: center;\"><strong>Tienda de recambios Nauti<br \/>\nPortals Nous<\/strong><\/h3>\n<hr>\n<p style=\"text-align: center;\"><strong>Tel\u00e9fono: <a href=\"tel:0034971677730\">(+34) 971 67 77 30<\/a><br \/>\nCorreo electr\u00f3nico: <a href=\"mailto:nautiparts@yahoo.com\">nautiparts@yahoo.com<\/a><\/strong><\/p>\n<p style=\"text-align: center;\">C\/ Benito Geronimo Feijoo 2<br \/>\nLocal 5, Portals Nous<br \/>\n07181, Calvia, Mallorca<\/p>\n<p style=\"text-align: center;\"><strong>Horario de apertura:<\/strong><br \/>\nDe lunes a viernes: 9:00 &#8211; 18:00<br \/>\nS\u00e1bado: 09:30 &#8211; 13:30<br \/>\nDomingo Cerrado<\/p>\n<hr>\n<p style=\"text-align: center;\"><strong><a href=\"https:\/\/www.google.es\/maps\/place\/Nauti+Parts\/@39.5332679,2.5649517,17z\/data=!3m1!4b1!4m5!3m4!1s0x12978e9980b7b797:0xc4113de6c9bf0e9c!8m2!3d39.5332679!4d2.5671404\" target=\"_blank\" rel=\"noopener noreferrer\">C\u00d3MO LLEGAR<\/a><\/strong><\/p>\n<p>[\/vc_column_text][vc_gmaps link=&#8221;#E-8_JTNDaWZyYW1lJTIwc3JjJTNEJTIyaHR0cHMlM0ElMkYlMkZ3d3cuZ29vZ2xlLmNvbSUyRm1hcHMlMkZlbWJlZCUzRnBiJTNEJTIxMW0xOCUyMTFtMTIlMjExbTMlMjExZDMwNzcuMTY5MTI4MzI4MDY4JTIxMmQyLjU2NzIxMzU5OTk5OTk5OTclMjEzZDM5LjUzMzIzODQ5OTk5OTk5NiUyMTJtMyUyMTFmMCUyMTJmMCUyMTNmMCUyMTNtMiUyMTFpMTAyNCUyMTJpNzY4JTIxNGYxMy4xJTIxM20zJTIxMW0yJTIxMXMweDEyOTc4ZTk5ODBiN2I3OTclMjUzQTB4YzQxMTNkZTZjOWJmMGU5YyUyMTJzTmF1dGklMjUyMFBhcnRzJTIxNWUwJTIxM20yJTIxMXNlbiUyMTJzZXMlMjE0djE2ODEzOTg3OTk1MjUlMjE1bTIlMjExc2VuJTIxMnNlcyUyMiUyMHdpZHRoJTNEJTIyNjAwJTIyJTIwaGVpZ2h0JTNEJTIyNDUwJTIyJTIwc3R5bGUlM0QlMjJib3JkZXIlM0EwJTNCJTIyJTIwYWxsb3dmdWxsc2NyZWVuJTNEJTIyJTIyJTIwbG9hZGluZyUzRCUyMmxhenklMjIlMjByZWZlcnJlcnBvbGljeSUzRCUyMm5vLXJlZmVycmVyLXdoZW4tZG93bmdyYWRlJTIyJTNFJTNDJTJGaWZyYW1lJTNF&#8221; size=&#8221;&#8221; css=&#8221;.vc_custom_1681399002178{padding-right: 15px !important;padding-left: 15px !important;}&#8221;][\/vc_column_inner][vc_column_inner width=&#8221;1\/3&#8243;][vc_column_text]<\/p>\n<h3 style=\"text-align: center;\"><strong>Nauti Parts Shop<br \/>\nPort Adriano<\/strong><\/h3>\n<hr>\n<p style=\"text-align: center;\"><strong>Tel\u00e9fono: <a href=\"tel:0034971237482\">(+34) 971 23 74 82<\/a><br \/>\nCorreo electr\u00f3nico: <a href=\"mailto:nautiparts@yahoo.com\">nautiparts@yahoo.com<\/a><\/strong><\/p>\n<p style=\"text-align: center;\">Port Adriano, Local C2.1<br \/>\nUrb El Toro S\/N<br \/>\n07180, Calvia, Mallorca<\/p>\n<p style=\"text-align: center;\"><strong>Horario de apertura:<\/strong><br \/>\nLunes a viernes: 9:00 &#8211; 18:00<br \/>\nS\u00e1bado: 10:00 &#8211; 14:00<br \/>\nDomingo: 10:00 &#8211; 14:00<\/p>\n<hr>\n<p style=\"text-align: center;\"><strong><a href=\"https:\/\/www.google.es\/maps\/place\/Nauti+Parts+Port+Adriano\/@39.4988314,2.4433721,13z\/data=!4m8!1m2!2m1!1snauti+parts+adriano!3m4!1s0x12978839ac35935b:0x4f39ed91edca6cd8!8m2!3d39.489068!4d2.47749\" target=\"_blank\" rel=\"noopener noreferrer\">C\u00d3MO LLEGAR<\/a><\/strong><\/p>\n<p>[\/vc_column_text][vc_gmaps link=&#8221;#E-8_JTNDaWZyYW1lJTIwc3JjJTNEJTIyaHR0cHMlM0ElMkYlMkZ3d3cuZ29vZ2xlLmNvbSUyRm1hcHMlMkZlbWJlZCUzRnBiJTNEJTIxMW0xNCUyMTFtOCUyMTFtMyUyMTFkNDkyNTkuMDk4NTYxNDczNjM1JTIxMmQyLjQ0MzM3MjElMjEzZDM5LjQ5ODgzMTQlMjEzbTIlMjExaTEwMjQlMjEyaTc2OCUyMTRmMTMuMSUyMTNtMyUyMTFtMiUyMTFzMHgxMjk3ODgzOWFjMzU5MzViJTI1M0EweDRmMzllZDkxZWRjYTZjZDglMjEyc05hdXRpJTI1MjBQYXJ0cyUyNTIwUG9ydCUyNTIwQWRyaWFubyUyMTVlMCUyMTNtMiUyMTFzZW4lMjEyc2VzJTIxNHYxNjgxMzk4ODI0MTg5JTIxNW0yJTIxMXNlbiUyMTJzZXMlMjIlMjB3aWR0aCUzRCUyMjYwMCUyMiUyMGhlaWdodCUzRCUyMjQ1MCUyMiUyMHN0eWxlJTNEJTIyYm9yZGVyJTNBMCUzQiUyMiUyMGFsbG93ZnVsbHNjcmVlbiUzRCUyMiUyMiUyMGxvYWRpbmclM0QlMjJsYXp5JTIyJTIwcmVmZXJyZXJwb2xpY3klM0QlMjJuby1yZWZlcnJlci13aGVuLWRvd25ncmFkZSUyMiUzRSUzQyUyRmlmcmFtZSUzRQ==&#8221; size=&#8221;&#8221; css=&#8221;.vc_custom_1681399011964{padding-right: 15px !important;padding-left: 15px !important;}&#8221;][\/vc_column_inner][vc_column_inner width=&#8221;1\/3&#8243;][vc_column_text]<\/p>\n<h3 style=\"text-align: center;\"><strong>Centro de servicio Nauti Parts<br \/>\n<\/strong><\/h3>\n<hr>\n<p style=\"text-align: center;\"><strong>Tel\u00e9fono: <a href=\"tel:0034971696644\">(+34) 971 69 66 44<\/a><br \/>\nCorreo electr\u00f3nico: <a href=\"mailto:nautiparts@yahoo.com\">nautiparts@yahoo.com<\/a><br \/>\n<\/strong><\/p>\n<p style=\"text-align: center;\">Pol\u00edgono Son Bugadelles<br \/>\nC\/ Alicante, Nave 15A<br \/>\n07180, Calvia, Mallorca<\/p>\n<p style=\"text-align: center;\"><strong>Horario de apertura:<\/strong><br \/>\nDe lunes a viernes 09:00 &#8211; 13:00 \/ 15:00 &#8211; 18:00<br \/>\nS\u00e1bado 09:30 &#8211; 13:30<br \/>\nDomingo: Cerrado<\/p>\n<hr>\n<p style=\"text-align: center;\"><strong><a href=\"https:\/\/www.google.es\/maps\/place\/Nauti+Parts+Jet+Centre\/@39.528493,2.5057545,18z\/data=!3m1!4b1!4m5!3m4!1s0x129789710e312171:0xc4de77cc7a632f27!8m2!3d39.528493!4d2.5068515\" target=\"_blank\" rel=\"noopener noreferrer\">C\u00d3MO LLEGAR<\/a><\/strong><\/p>\n<p>[\/vc_column_text][vc_gmaps link=&#8221;#E-8_JTNDaWZyYW1lJTIwc3JjJTNEJTIyaHR0cHMlM0ElMkYlMkZ3d3cuZ29vZ2xlLmNvbSUyRm1hcHMlMkZlbWJlZCUzRnBiJTNEJTIxMW0xOCUyMTFtMTIlMjExbTMlMjExZDE1MzguNzEyNzg3ODcwNDcxJTIxMmQyLjUwNDgzMTQwMDAwMDAwMDUlMjEzZDM5LjUyNzQ1MjQ5OTk5OTk5NSUyMTJtMyUyMTFmMCUyMTJmMCUyMTNmMCUyMTNtMiUyMTFpMTAyNCUyMTJpNzY4JTIxNGYxMy4xJTIxM20zJTIxMW0yJTIxMXMweDEyOTc4OTcxMGUzMTIxNzElMjUzQTB4YzRkZTc3Y2M3YTYzMmYyNyUyMTJzTmF1dGklMjUyMFBhcnRzJTIxNWUwJTIxM20yJTIxMXNlbiUyMTJzZXMlMjE0djE2ODEzOTg4NDgwNjYlMjE1bTIlMjExc2VuJTIxMnNlcyUyMiUyMHdpZHRoJTNEJTIyNjAwJTIyJTIwaGVpZ2h0JTNEJTIyNDUwJTIyJTIwc3R5bGUlM0QlMjJib3JkZXIlM0EwJTNCJTIyJTIwYWxsb3dmdWxsc2NyZWVuJTNEJTIyJTIyJTIwbG9hZGluZyUzRCUyMmxhenklMjIlMjByZWZlcnJlcnBvbGljeSUzRCUyMm5vLXJlZmVycmVyLXdoZW4tZG93bmdyYWRlJTIyJTNFJTNDJTJGaWZyYW1lJTNF&#8221; size=&#8221;&#8221; css=&#8221;.vc_custom_1681399019212{padding-right: 15px !important;padding-left: 15px !important;}&#8221;][\/vc_column_inner][\/vc_row_inner][\/vc_column][\/vc_row]<\/p>\n<\/div>","protected":false},"excerpt":{"rendered":"<div class=\"cmp-teaser__content\">\n<h3 class=\"cmp-teaser__subtitle\">La cumbre de las motos acu\u00e1ticas para pescar<\/h3>\n<\/div>\n<p class=\"p1\" style=\"margin-bottom: 30px;\">\u00bfQu\u00e9 ocurre cuando una moto acu\u00e1tica que es la mejor de su clase es a\u00fan mejor? Llega a la c\u00faspide. Es exclusiva. Es robusta. Es de gama alta. Es la FishPro Apex y sus caracter\u00edsticas de pesca especializada la convierten en el deseo de todo pescador \u00e1vido.     <\/p>\n<h6>El precio indicado incluye el IVA y la entrega, excluye la matr\u00edcula<\/h6>\n","protected":false},"featured_media":18971,"comment_status":"open","ping_status":"closed","template":"","meta":{"_acf_changed":false},"product_brand":[],"product_cat":[208,228,229],"product_tag":[],"class_list":{"0":"post-23793","1":"product","2":"type-product","3":"status-publish","4":"has-post-thumbnail","6":"product_cat-juguetes-acuaticos","7":"product_cat-motos-acuaticas-sea-doo","8":"product_cat-pesca-deportiva","9":"repupress_customize_woocommerce_productom_class","11":"first","12":"outofstock","13":"taxable","14":"shipping-taxable","15":"purchasable","16":"product-type-simple"},"acf":[],"yoast_head":"<!-- This site is optimized with the Yoast SEO plugin v27.5 - https:\/\/yoast.com\/product\/yoast-seo-wordpress\/ -->\n<title>Fish Pro Apex | Nauti Parts<\/title>\n<meta name=\"robots\" content=\"index, follow, max-snippet:-1, max-image-preview:large, max-video-preview:-1\" \/>\n<link rel=\"canonical\" href=\"https:\/\/nauti-parts.com\/es\/shop\/juguetes-acuaticos\/motos-acuaticas-sea-doo\/pesca-deportiva\/fish-pro-apex\/\" \/>\n<meta property=\"og:locale\" content=\"es_ES\" \/>\n<meta property=\"og:type\" content=\"article\" \/>\n<meta property=\"og:title\" content=\"Fish Pro Apex | Nauti Parts\" \/>\n<meta property=\"og:description\" content=\"La cumbre de las motos acu\u00e1ticas para pescar \u00bfQu\u00e9 ocurre cuando una moto acu\u00e1tica que es la mejor de su clase es a\u00fan mejor? Llega a la c\u00faspide. Es exclusiva. Es robusta. Es de gama alta. Es la FishPro Apex y sus caracter\u00edsticas de pesca especializada la convierten en el deseo de todo pescador \u00e1vido.    El precio indicado incluye el IVA y la entrega, excluye la matr\u00edcula\" \/>\n<meta property=\"og:url\" content=\"https:\/\/nauti-parts.com\/es\/shop\/juguetes-acuaticos\/motos-acuaticas-sea-doo\/pesca-deportiva\/fish-pro-apex\/\" \/>\n<meta property=\"og:site_name\" content=\"Nauti Parts\" \/>\n<meta property=\"article:publisher\" content=\"https:\/\/www.facebook.com\/nautipartsspain\/\" \/>\n<meta property=\"article:modified_time\" content=\"2026-03-30T10:37:20+00:00\" \/>\n<meta property=\"og:image\" content=\"https:\/\/nauti-parts.com\/wp-content\/uploads\/2019\/05\/Sea-Doo-jetskis-mallorca.jpg\" \/>\n\t<meta property=\"og:image:width\" content=\"900\" \/>\n\t<meta property=\"og:image:height\" content=\"500\" \/>\n\t<meta property=\"og:image:type\" content=\"image\/jpeg\" \/>\n<meta name=\"twitter:card\" content=\"summary_large_image\" \/>\n<meta name=\"twitter:label1\" content=\"Tiempo de lectura\" \/>\n\t<meta name=\"twitter:data1\" content=\"5 minutos\" \/>\n<script type=\"application\/ld+json\" class=\"yoast-schema-graph\">{\"@context\":\"https:\\\/\\\/schema.org\",\"@graph\":[{\"@type\":\"WebPage\",\"@id\":\"https:\\\/\\\/nauti-parts.com\\\/es\\\/shop\\\/juguetes-acuaticos\\\/motos-acuaticas-sea-doo\\\/pesca-deportiva\\\/fish-pro-apex\\\/\",\"url\":\"https:\\\/\\\/nauti-parts.com\\\/es\\\/shop\\\/juguetes-acuaticos\\\/motos-acuaticas-sea-doo\\\/pesca-deportiva\\\/fish-pro-apex\\\/\",\"name\":\"Fish Pro Apex | Nauti Parts\",\"isPartOf\":{\"@id\":\"https:\\\/\\\/nauti-parts.com\\\/es\\\/#website\"},\"primaryImageOfPage\":{\"@id\":\"https:\\\/\\\/nauti-parts.com\\\/es\\\/shop\\\/juguetes-acuaticos\\\/motos-acuaticas-sea-doo\\\/pesca-deportiva\\\/fish-pro-apex\\\/#primaryimage\"},\"image\":{\"@id\":\"https:\\\/\\\/nauti-parts.com\\\/es\\\/shop\\\/juguetes-acuaticos\\\/motos-acuaticas-sea-doo\\\/pesca-deportiva\\\/fish-pro-apex\\\/#primaryimage\"},\"thumbnailUrl\":\"https:\\\/\\\/nauti-parts.com\\\/wp-content\\\/uploads\\\/2024\\\/11\\\/sea-my25-fishpro-apex-integrated100w-m300-flint-grey-00027sc00-studio-34fr-cu.avif\",\"datePublished\":\"2024-11-22T12:35:44+00:00\",\"dateModified\":\"2026-03-30T10:37:20+00:00\",\"breadcrumb\":{\"@id\":\"https:\\\/\\\/nauti-parts.com\\\/es\\\/shop\\\/juguetes-acuaticos\\\/motos-acuaticas-sea-doo\\\/pesca-deportiva\\\/fish-pro-apex\\\/#breadcrumb\"},\"inLanguage\":\"es\",\"potentialAction\":[{\"@type\":\"ReadAction\",\"target\":[\"https:\\\/\\\/nauti-parts.com\\\/es\\\/shop\\\/juguetes-acuaticos\\\/motos-acuaticas-sea-doo\\\/pesca-deportiva\\\/fish-pro-apex\\\/\"]}]},{\"@type\":\"ImageObject\",\"inLanguage\":\"es\",\"@id\":\"https:\\\/\\\/nauti-parts.com\\\/es\\\/shop\\\/juguetes-acuaticos\\\/motos-acuaticas-sea-doo\\\/pesca-deportiva\\\/fish-pro-apex\\\/#primaryimage\",\"url\":\"https:\\\/\\\/nauti-parts.com\\\/wp-content\\\/uploads\\\/2024\\\/11\\\/sea-my25-fishpro-apex-integrated100w-m300-flint-grey-00027sc00-studio-34fr-cu.avif\",\"contentUrl\":\"https:\\\/\\\/nauti-parts.com\\\/wp-content\\\/uploads\\\/2024\\\/11\\\/sea-my25-fishpro-apex-integrated100w-m300-flint-grey-00027sc00-studio-34fr-cu.avif\",\"width\":661,\"height\":480,\"caption\":\"Sea-Doo FishPro Apex 300\"},{\"@type\":\"BreadcrumbList\",\"@id\":\"https:\\\/\\\/nauti-parts.com\\\/es\\\/shop\\\/juguetes-acuaticos\\\/motos-acuaticas-sea-doo\\\/pesca-deportiva\\\/fish-pro-apex\\\/#breadcrumb\",\"itemListElement\":[{\"@type\":\"ListItem\",\"position\":1,\"name\":\"Tienda\",\"item\":\"https:\\\/\\\/nauti-parts.com\\\/es\\\/tienda\\\/\"},{\"@type\":\"ListItem\",\"position\":2,\"name\":\"Fish Pro Apex\"}]},{\"@type\":\"WebSite\",\"@id\":\"https:\\\/\\\/nauti-parts.com\\\/es\\\/#website\",\"url\":\"https:\\\/\\\/nauti-parts.com\\\/es\\\/\",\"name\":\"Nauti Parts\",\"description\":\"Sea-Doo Jet Ski - Seabob Dealer and Rentals | Water Toys Mallorca\",\"publisher\":{\"@id\":\"https:\\\/\\\/nauti-parts.com\\\/es\\\/#organization\"},\"potentialAction\":[{\"@type\":\"SearchAction\",\"target\":{\"@type\":\"EntryPoint\",\"urlTemplate\":\"https:\\\/\\\/nauti-parts.com\\\/es\\\/?s={search_term_string}\"},\"query-input\":{\"@type\":\"PropertyValueSpecification\",\"valueRequired\":true,\"valueName\":\"search_term_string\"}}],\"inLanguage\":\"es\"},{\"@type\":\"Organization\",\"@id\":\"https:\\\/\\\/nauti-parts.com\\\/es\\\/#organization\",\"name\":\"Piezas Nauti\",\"url\":\"https:\\\/\\\/nauti-parts.com\\\/es\\\/\",\"logo\":{\"@type\":\"ImageObject\",\"inLanguage\":\"es\",\"@id\":\"https:\\\/\\\/nauti-parts.com\\\/es\\\/#\\\/schema\\\/logo\\\/image\\\/\",\"url\":\"https:\\\/\\\/nauti-parts.com\\\/wp-content\\\/uploads\\\/2023\\\/10\\\/np-logo-black.png\",\"contentUrl\":\"https:\\\/\\\/nauti-parts.com\\\/wp-content\\\/uploads\\\/2023\\\/10\\\/np-logo-black.png\",\"width\":253,\"height\":100,\"caption\":\"Piezas Nauti\"},\"image\":{\"@id\":\"https:\\\/\\\/nauti-parts.com\\\/es\\\/#\\\/schema\\\/logo\\\/image\\\/\"},\"sameAs\":[\"https:\\\/\\\/www.facebook.com\\\/nautipartsspain\\\/\",\"https:\\\/\\\/www.instagram.com\\\/nautiparts\\\/\"]}]}<\/script>\n<!-- \/ Yoast SEO plugin. -->","yoast_head_json":{"title":"Fish Pro Apex | Nauti Parts","robots":{"index":"index","follow":"follow","max-snippet":"max-snippet:-1","max-image-preview":"max-image-preview:large","max-video-preview":"max-video-preview:-1"},"canonical":"https:\/\/nauti-parts.com\/es\/shop\/juguetes-acuaticos\/motos-acuaticas-sea-doo\/pesca-deportiva\/fish-pro-apex\/","og_locale":"es_ES","og_type":"article","og_title":"Fish Pro Apex | Nauti Parts","og_description":"La cumbre de las motos acu\u00e1ticas para pescar \u00bfQu\u00e9 ocurre cuando una moto acu\u00e1tica que es la mejor de su clase es a\u00fan mejor? Llega a la c\u00faspide. Es exclusiva. Es robusta. Es de gama alta. Es la FishPro Apex y sus caracter\u00edsticas de pesca especializada la convierten en el deseo de todo pescador \u00e1vido.    El precio indicado incluye el IVA y la entrega, excluye la matr\u00edcula","og_url":"https:\/\/nauti-parts.com\/es\/shop\/juguetes-acuaticos\/motos-acuaticas-sea-doo\/pesca-deportiva\/fish-pro-apex\/","og_site_name":"Nauti Parts","article_publisher":"https:\/\/www.facebook.com\/nautipartsspain\/","article_modified_time":"2026-03-30T10:37:20+00:00","og_image":[{"width":900,"height":500,"url":"https:\/\/nauti-parts.com\/wp-content\/uploads\/2019\/05\/Sea-Doo-jetskis-mallorca.jpg","type":"image\/jpeg"}],"twitter_card":"summary_large_image","twitter_misc":{"Tiempo de lectura":"5 minutos"},"schema":{"@context":"https:\/\/schema.org","@graph":[{"@type":"WebPage","@id":"https:\/\/nauti-parts.com\/es\/shop\/juguetes-acuaticos\/motos-acuaticas-sea-doo\/pesca-deportiva\/fish-pro-apex\/","url":"https:\/\/nauti-parts.com\/es\/shop\/juguetes-acuaticos\/motos-acuaticas-sea-doo\/pesca-deportiva\/fish-pro-apex\/","name":"Fish Pro Apex | Nauti Parts","isPartOf":{"@id":"https:\/\/nauti-parts.com\/es\/#website"},"primaryImageOfPage":{"@id":"https:\/\/nauti-parts.com\/es\/shop\/juguetes-acuaticos\/motos-acuaticas-sea-doo\/pesca-deportiva\/fish-pro-apex\/#primaryimage"},"image":{"@id":"https:\/\/nauti-parts.com\/es\/shop\/juguetes-acuaticos\/motos-acuaticas-sea-doo\/pesca-deportiva\/fish-pro-apex\/#primaryimage"},"thumbnailUrl":"https:\/\/nauti-parts.com\/wp-content\/uploads\/2024\/11\/sea-my25-fishpro-apex-integrated100w-m300-flint-grey-00027sc00-studio-34fr-cu.avif","datePublished":"2024-11-22T12:35:44+00:00","dateModified":"2026-03-30T10:37:20+00:00","breadcrumb":{"@id":"https:\/\/nauti-parts.com\/es\/shop\/juguetes-acuaticos\/motos-acuaticas-sea-doo\/pesca-deportiva\/fish-pro-apex\/#breadcrumb"},"inLanguage":"es","potentialAction":[{"@type":"ReadAction","target":["https:\/\/nauti-parts.com\/es\/shop\/juguetes-acuaticos\/motos-acuaticas-sea-doo\/pesca-deportiva\/fish-pro-apex\/"]}]},{"@type":"ImageObject","inLanguage":"es","@id":"https:\/\/nauti-parts.com\/es\/shop\/juguetes-acuaticos\/motos-acuaticas-sea-doo\/pesca-deportiva\/fish-pro-apex\/#primaryimage","url":"https:\/\/nauti-parts.com\/wp-content\/uploads\/2024\/11\/sea-my25-fishpro-apex-integrated100w-m300-flint-grey-00027sc00-studio-34fr-cu.avif","contentUrl":"https:\/\/nauti-parts.com\/wp-content\/uploads\/2024\/11\/sea-my25-fishpro-apex-integrated100w-m300-flint-grey-00027sc00-studio-34fr-cu.avif","width":661,"height":480,"caption":"Sea-Doo FishPro Apex 300"},{"@type":"BreadcrumbList","@id":"https:\/\/nauti-parts.com\/es\/shop\/juguetes-acuaticos\/motos-acuaticas-sea-doo\/pesca-deportiva\/fish-pro-apex\/#breadcrumb","itemListElement":[{"@type":"ListItem","position":1,"name":"Tienda","item":"https:\/\/nauti-parts.com\/es\/tienda\/"},{"@type":"ListItem","position":2,"name":"Fish Pro Apex"}]},{"@type":"WebSite","@id":"https:\/\/nauti-parts.com\/es\/#website","url":"https:\/\/nauti-parts.com\/es\/","name":"Nauti Parts","description":"Sea-Doo Jet Ski - Seabob Dealer and Rentals | Water Toys Mallorca","publisher":{"@id":"https:\/\/nauti-parts.com\/es\/#organization"},"potentialAction":[{"@type":"SearchAction","target":{"@type":"EntryPoint","urlTemplate":"https:\/\/nauti-parts.com\/es\/?s={search_term_string}"},"query-input":{"@type":"PropertyValueSpecification","valueRequired":true,"valueName":"search_term_string"}}],"inLanguage":"es"},{"@type":"Organization","@id":"https:\/\/nauti-parts.com\/es\/#organization","name":"Piezas Nauti","url":"https:\/\/nauti-parts.com\/es\/","logo":{"@type":"ImageObject","inLanguage":"es","@id":"https:\/\/nauti-parts.com\/es\/#\/schema\/logo\/image\/","url":"https:\/\/nauti-parts.com\/wp-content\/uploads\/2023\/10\/np-logo-black.png","contentUrl":"https:\/\/nauti-parts.com\/wp-content\/uploads\/2023\/10\/np-logo-black.png","width":253,"height":100,"caption":"Piezas Nauti"},"image":{"@id":"https:\/\/nauti-parts.com\/es\/#\/schema\/logo\/image\/"},"sameAs":["https:\/\/www.facebook.com\/nautipartsspain\/","https:\/\/www.instagram.com\/nautiparts\/"]}]}},"_links":{"self":[{"href":"https:\/\/nauti-parts.com\/es\/wp-json\/wp\/v2\/product\/23793","targetHints":{"allow":["GET"]}}],"collection":[{"href":"https:\/\/nauti-parts.com\/es\/wp-json\/wp\/v2\/product"}],"about":[{"href":"https:\/\/nauti-parts.com\/es\/wp-json\/wp\/v2\/types\/product"}],"replies":[{"embeddable":true,"href":"https:\/\/nauti-parts.com\/es\/wp-json\/wp\/v2\/comments?post=23793"}],"wp:featuredmedia":[{"embeddable":true,"href":"https:\/\/nauti-parts.com\/es\/wp-json\/wp\/v2\/media\/18971"}],"wp:attachment":[{"href":"https:\/\/nauti-parts.com\/es\/wp-json\/wp\/v2\/media?parent=23793"}],"wp:term":[{"taxonomy":"product_brand","embeddable":true,"href":"https:\/\/nauti-parts.com\/es\/wp-json\/wp\/v2\/product_brand?post=23793"},{"taxonomy":"product_cat","embeddable":true,"href":"https:\/\/nauti-parts.com\/es\/wp-json\/wp\/v2\/product_cat?post=23793"},{"taxonomy":"product_tag","embeddable":true,"href":"https:\/\/nauti-parts.com\/es\/wp-json\/wp\/v2\/product_tag?post=23793"}],"curies":[{"name":"wp","href":"https:\/\/api.w.org\/{rel}","templated":true}]}}