{"id":23686,"date":"2025-01-20T10:06:44","date_gmt":"2025-01-20T10:06:44","guid":{"rendered":"https:\/\/nauti-parts.com\/shop\/sin categor\u00eda\/pack-jobe-aero-lina-tabla-sup-10-0\/"},"modified":"2025-01-20T10:06:44","modified_gmt":"2025-01-20T10:06:44","slug":"pack-jobe-aero-lina-tabla-sup-10-0","status":"publish","type":"product","link":"https:\/\/nauti-parts.com\/es\/shop\/tablas-y-esquis\/sup\/pack-jobe-aero-lina-tabla-sup-10-0\/","title":{"rendered":"Pack Jobe Aero Lina Tabla SUP 10.0"},"content":{"rendered":"<h2 class=\"title-3 fs24 mt20 boldTitleFont grey normal np\">Pack Jobe Aero Lina Tabla SUP 10.0<\/h2>\n<div class=\"col-12 paragraph\">Sum\u00e9rgete en el paddleboarding con la Tabla SUP Aero Lina Paquete 10.0, la elecci\u00f3n perfecta para principiantes. Dise\u00f1ada para ofrecer facilidad y comodidad, cuenta con un deckpad de espuma EVA antideslizante de 3 mm de grosor y ligeros pespuntes verticales para una navegaci\u00f3n estable y agradable. La v\u00e1lvula Halkey Roberts facilita el inflado, y la aleta de 8&#8243;, combinada con un nose rocker de 7,5&#8243;, garantiza una suave maniobrabilidad en el agua. Esta tabla, que soporta riders de hasta 90 kg y mide 10&#8242; x 32&#8243; x 6&#8243;, proporciona amplio espacio y estabilidad a los principiantes. Con s\u00f3lo 8 kg, es f\u00e1cil de transportar y montar. El paquete incluye un remo ajustable de fibra de vidrio de 3 piezas, una mochila de nailon, una bomba de acci\u00f3n simple y una correa enrollada de 3 m, todo ello con una garant\u00eda de 5 a\u00f1os. Empieza tu viaje en paddleboarding con confianza y facilidad.      <\/div>\n<div><\/div>\n<div>\n<ul class=\"autoColumn checkListSmall blackCheck\">\n<li>  5 a\u00f1os de garant\u00eda<\/li>\n<li>Patr\u00f3n de espuma EVA antideslizante: Un deckpad blando para practicar SUP c\u00f3modamente, sea cual sea la duraci\u00f3n de tu excursi\u00f3n<\/li>\n<li>Aleta de 9&#8243; (montaje sin herramientas)<\/li>\n<li>Red el\u00e1stica de almacenamiento<\/li>\n<li>Asa de neopreno f\u00e1cil de transportar con soporte para pala<\/li>\n<li>V\u00e1lvula Halkey Roberts<\/li>\n<li>Dimensiones inflado: 10&#8242; x 32&#8243;&#8221; x 6&#8243;&#8221; | 305 x 81,3 x 15cm<\/li>\n<li>Construcci\u00f3n ligera de pespunte vertical<\/li>\n<li>Asistencia al parche de v\u00e1lvula<\/li>\n<li>Balanc\u00edn delantero: 7,5&#8243;, Balanc\u00edn trasero: 0&#8243;.<\/li>\n<li>Peso recomendado del jinete: Hasta 90 kg | 200 lbs<\/li>\n<li>Peso del paquete: 14kg | 31lbs<\/li>\n<\/ul>\n<\/div>\n","protected":false},"excerpt":{"rendered":"<div class=\"col-12 paragraph\">Sum\u00e9rgete en el paddleboarding con el Pack Aero Lina SUP Board 10.0, la elecci\u00f3n perfecta para principiantes.<\/div>\n","protected":false},"featured_media":19213,"comment_status":"open","ping_status":"closed","template":"","meta":{"_acf_changed":false},"product_brand":[],"product_cat":[213,212],"product_tag":[],"class_list":{"0":"post-23686","1":"product","2":"type-product","3":"status-publish","4":"has-post-thumbnail","6":"product_cat-sup","7":"product_cat-tablas-y-esquis","8":"repupress_customize_woocommerce_productom_class","10":"first","11":"instock","12":"taxable","13":"shipping-taxable","14":"purchasable","15":"product-type-simple"},"acf":[],"yoast_head":"<!-- This site is optimized with the Yoast SEO plugin v27.5 - https:\/\/yoast.com\/product\/yoast-seo-wordpress\/ -->\n<title>Pack Jobe Aero Lina Tabla SUP 10.0 | Nauti Parts<\/title>\n<meta name=\"robots\" content=\"index, follow, max-snippet:-1, max-image-preview:large, max-video-preview:-1\" \/>\n<link rel=\"canonical\" href=\"https:\/\/nauti-parts.com\/es\/shop\/tablas-y-esquis\/sup\/pack-jobe-aero-lina-tabla-sup-10-0\/\" \/>\n<meta property=\"og:locale\" content=\"es_ES\" \/>\n<meta property=\"og:type\" content=\"article\" \/>\n<meta property=\"og:title\" content=\"Pack Jobe Aero Lina Tabla SUP 10.0 | Nauti Parts\" \/>\n<meta property=\"og:description\" content=\"Sum\u00e9rgete en el paddleboarding con el Pack Aero Lina SUP Board 10.0, la elecci\u00f3n perfecta para principiantes.\" \/>\n<meta property=\"og:url\" content=\"https:\/\/nauti-parts.com\/es\/shop\/tablas-y-esquis\/sup\/pack-jobe-aero-lina-tabla-sup-10-0\/\" \/>\n<meta property=\"og:site_name\" content=\"Nauti Parts\" \/>\n<meta property=\"article:publisher\" content=\"https:\/\/www.facebook.com\/nautipartsspain\/\" \/>\n<meta property=\"og:image\" content=\"https:\/\/nauti-parts.com\/wp-content\/uploads\/2025\/01\/jobe-aero-sup-lina-1-1.jpg\" \/>\n\t<meta property=\"og:image:width\" content=\"1500\" \/>\n\t<meta property=\"og:image:height\" content=\"1500\" \/>\n\t<meta property=\"og:image:type\" content=\"image\/jpeg\" \/>\n<meta name=\"twitter:card\" content=\"summary_large_image\" \/>\n<meta name=\"twitter:label1\" content=\"Tiempo de lectura\" \/>\n\t<meta name=\"twitter:data1\" content=\"1 minuto\" \/>\n<script type=\"application\/ld+json\" class=\"yoast-schema-graph\">{\"@context\":\"https:\\\/\\\/schema.org\",\"@graph\":[{\"@type\":\"WebPage\",\"@id\":\"https:\\\/\\\/nauti-parts.com\\\/es\\\/shop\\\/tablas-y-esquis\\\/sup\\\/pack-jobe-aero-lina-tabla-sup-10-0\\\/\",\"url\":\"https:\\\/\\\/nauti-parts.com\\\/es\\\/shop\\\/tablas-y-esquis\\\/sup\\\/pack-jobe-aero-lina-tabla-sup-10-0\\\/\",\"name\":\"Pack Jobe Aero Lina Tabla SUP 10.0 | Nauti Parts\",\"isPartOf\":{\"@id\":\"https:\\\/\\\/nauti-parts.com\\\/es\\\/#website\"},\"primaryImageOfPage\":{\"@id\":\"https:\\\/\\\/nauti-parts.com\\\/es\\\/shop\\\/tablas-y-esquis\\\/sup\\\/pack-jobe-aero-lina-tabla-sup-10-0\\\/#primaryimage\"},\"image\":{\"@id\":\"https:\\\/\\\/nauti-parts.com\\\/es\\\/shop\\\/tablas-y-esquis\\\/sup\\\/pack-jobe-aero-lina-tabla-sup-10-0\\\/#primaryimage\"},\"thumbnailUrl\":\"https:\\\/\\\/nauti-parts.com\\\/wp-content\\\/uploads\\\/2025\\\/01\\\/jobe-aero-sup-lina-1-1.jpg\",\"datePublished\":\"2025-01-20T10:06:44+00:00\",\"breadcrumb\":{\"@id\":\"https:\\\/\\\/nauti-parts.com\\\/es\\\/shop\\\/tablas-y-esquis\\\/sup\\\/pack-jobe-aero-lina-tabla-sup-10-0\\\/#breadcrumb\"},\"inLanguage\":\"es\",\"potentialAction\":[{\"@type\":\"ReadAction\",\"target\":[\"https:\\\/\\\/nauti-parts.com\\\/es\\\/shop\\\/tablas-y-esquis\\\/sup\\\/pack-jobe-aero-lina-tabla-sup-10-0\\\/\"]}]},{\"@type\":\"ImageObject\",\"inLanguage\":\"es\",\"@id\":\"https:\\\/\\\/nauti-parts.com\\\/es\\\/shop\\\/tablas-y-esquis\\\/sup\\\/pack-jobe-aero-lina-tabla-sup-10-0\\\/#primaryimage\",\"url\":\"https:\\\/\\\/nauti-parts.com\\\/wp-content\\\/uploads\\\/2025\\\/01\\\/jobe-aero-sup-lina-1-1.jpg\",\"contentUrl\":\"https:\\\/\\\/nauti-parts.com\\\/wp-content\\\/uploads\\\/2025\\\/01\\\/jobe-aero-sup-lina-1-1.jpg\",\"width\":1500,\"height\":1500},{\"@type\":\"BreadcrumbList\",\"@id\":\"https:\\\/\\\/nauti-parts.com\\\/es\\\/shop\\\/tablas-y-esquis\\\/sup\\\/pack-jobe-aero-lina-tabla-sup-10-0\\\/#breadcrumb\",\"itemListElement\":[{\"@type\":\"ListItem\",\"position\":1,\"name\":\"Tienda\",\"item\":\"https:\\\/\\\/nauti-parts.com\\\/es\\\/tienda\\\/\"},{\"@type\":\"ListItem\",\"position\":2,\"name\":\"Pack Jobe Aero Lina Tabla SUP 10.0\"}]},{\"@type\":\"WebSite\",\"@id\":\"https:\\\/\\\/nauti-parts.com\\\/es\\\/#website\",\"url\":\"https:\\\/\\\/nauti-parts.com\\\/es\\\/\",\"name\":\"Nauti Parts\",\"description\":\"Sea-Doo Jet Ski - Seabob Dealer and Rentals | Water Toys Mallorca\",\"publisher\":{\"@id\":\"https:\\\/\\\/nauti-parts.com\\\/es\\\/#organization\"},\"potentialAction\":[{\"@type\":\"SearchAction\",\"target\":{\"@type\":\"EntryPoint\",\"urlTemplate\":\"https:\\\/\\\/nauti-parts.com\\\/es\\\/?s={search_term_string}\"},\"query-input\":{\"@type\":\"PropertyValueSpecification\",\"valueRequired\":true,\"valueName\":\"search_term_string\"}}],\"inLanguage\":\"es\"},{\"@type\":\"Organization\",\"@id\":\"https:\\\/\\\/nauti-parts.com\\\/es\\\/#organization\",\"name\":\"Piezas Nauti\",\"url\":\"https:\\\/\\\/nauti-parts.com\\\/es\\\/\",\"logo\":{\"@type\":\"ImageObject\",\"inLanguage\":\"es\",\"@id\":\"https:\\\/\\\/nauti-parts.com\\\/es\\\/#\\\/schema\\\/logo\\\/image\\\/\",\"url\":\"https:\\\/\\\/nauti-parts.com\\\/wp-content\\\/uploads\\\/2023\\\/10\\\/np-logo-black.png\",\"contentUrl\":\"https:\\\/\\\/nauti-parts.com\\\/wp-content\\\/uploads\\\/2023\\\/10\\\/np-logo-black.png\",\"width\":253,\"height\":100,\"caption\":\"Piezas Nauti\"},\"image\":{\"@id\":\"https:\\\/\\\/nauti-parts.com\\\/es\\\/#\\\/schema\\\/logo\\\/image\\\/\"},\"sameAs\":[\"https:\\\/\\\/www.facebook.com\\\/nautipartsspain\\\/\",\"https:\\\/\\\/www.instagram.com\\\/nautiparts\\\/\"]}]}<\/script>\n<!-- \/ Yoast SEO plugin. -->","yoast_head_json":{"title":"Pack Jobe Aero Lina Tabla SUP 10.0 | Nauti Parts","robots":{"index":"index","follow":"follow","max-snippet":"max-snippet:-1","max-image-preview":"max-image-preview:large","max-video-preview":"max-video-preview:-1"},"canonical":"https:\/\/nauti-parts.com\/es\/shop\/tablas-y-esquis\/sup\/pack-jobe-aero-lina-tabla-sup-10-0\/","og_locale":"es_ES","og_type":"article","og_title":"Pack Jobe Aero Lina Tabla SUP 10.0 | Nauti Parts","og_description":"Sum\u00e9rgete en el paddleboarding con el Pack Aero Lina SUP Board 10.0, la elecci\u00f3n perfecta para principiantes.","og_url":"https:\/\/nauti-parts.com\/es\/shop\/tablas-y-esquis\/sup\/pack-jobe-aero-lina-tabla-sup-10-0\/","og_site_name":"Nauti Parts","article_publisher":"https:\/\/www.facebook.com\/nautipartsspain\/","og_image":[{"width":1500,"height":1500,"url":"https:\/\/nauti-parts.com\/wp-content\/uploads\/2025\/01\/jobe-aero-sup-lina-1-1.jpg","type":"image\/jpeg"}],"twitter_card":"summary_large_image","twitter_misc":{"Tiempo de lectura":"1 minuto"},"schema":{"@context":"https:\/\/schema.org","@graph":[{"@type":"WebPage","@id":"https:\/\/nauti-parts.com\/es\/shop\/tablas-y-esquis\/sup\/pack-jobe-aero-lina-tabla-sup-10-0\/","url":"https:\/\/nauti-parts.com\/es\/shop\/tablas-y-esquis\/sup\/pack-jobe-aero-lina-tabla-sup-10-0\/","name":"Pack Jobe Aero Lina Tabla SUP 10.0 | Nauti Parts","isPartOf":{"@id":"https:\/\/nauti-parts.com\/es\/#website"},"primaryImageOfPage":{"@id":"https:\/\/nauti-parts.com\/es\/shop\/tablas-y-esquis\/sup\/pack-jobe-aero-lina-tabla-sup-10-0\/#primaryimage"},"image":{"@id":"https:\/\/nauti-parts.com\/es\/shop\/tablas-y-esquis\/sup\/pack-jobe-aero-lina-tabla-sup-10-0\/#primaryimage"},"thumbnailUrl":"https:\/\/nauti-parts.com\/wp-content\/uploads\/2025\/01\/jobe-aero-sup-lina-1-1.jpg","datePublished":"2025-01-20T10:06:44+00:00","breadcrumb":{"@id":"https:\/\/nauti-parts.com\/es\/shop\/tablas-y-esquis\/sup\/pack-jobe-aero-lina-tabla-sup-10-0\/#breadcrumb"},"inLanguage":"es","potentialAction":[{"@type":"ReadAction","target":["https:\/\/nauti-parts.com\/es\/shop\/tablas-y-esquis\/sup\/pack-jobe-aero-lina-tabla-sup-10-0\/"]}]},{"@type":"ImageObject","inLanguage":"es","@id":"https:\/\/nauti-parts.com\/es\/shop\/tablas-y-esquis\/sup\/pack-jobe-aero-lina-tabla-sup-10-0\/#primaryimage","url":"https:\/\/nauti-parts.com\/wp-content\/uploads\/2025\/01\/jobe-aero-sup-lina-1-1.jpg","contentUrl":"https:\/\/nauti-parts.com\/wp-content\/uploads\/2025\/01\/jobe-aero-sup-lina-1-1.jpg","width":1500,"height":1500},{"@type":"BreadcrumbList","@id":"https:\/\/nauti-parts.com\/es\/shop\/tablas-y-esquis\/sup\/pack-jobe-aero-lina-tabla-sup-10-0\/#breadcrumb","itemListElement":[{"@type":"ListItem","position":1,"name":"Tienda","item":"https:\/\/nauti-parts.com\/es\/tienda\/"},{"@type":"ListItem","position":2,"name":"Pack Jobe Aero Lina Tabla SUP 10.0"}]},{"@type":"WebSite","@id":"https:\/\/nauti-parts.com\/es\/#website","url":"https:\/\/nauti-parts.com\/es\/","name":"Nauti Parts","description":"Sea-Doo Jet Ski - Seabob Dealer and Rentals | Water Toys Mallorca","publisher":{"@id":"https:\/\/nauti-parts.com\/es\/#organization"},"potentialAction":[{"@type":"SearchAction","target":{"@type":"EntryPoint","urlTemplate":"https:\/\/nauti-parts.com\/es\/?s={search_term_string}"},"query-input":{"@type":"PropertyValueSpecification","valueRequired":true,"valueName":"search_term_string"}}],"inLanguage":"es"},{"@type":"Organization","@id":"https:\/\/nauti-parts.com\/es\/#organization","name":"Piezas Nauti","url":"https:\/\/nauti-parts.com\/es\/","logo":{"@type":"ImageObject","inLanguage":"es","@id":"https:\/\/nauti-parts.com\/es\/#\/schema\/logo\/image\/","url":"https:\/\/nauti-parts.com\/wp-content\/uploads\/2023\/10\/np-logo-black.png","contentUrl":"https:\/\/nauti-parts.com\/wp-content\/uploads\/2023\/10\/np-logo-black.png","width":253,"height":100,"caption":"Piezas Nauti"},"image":{"@id":"https:\/\/nauti-parts.com\/es\/#\/schema\/logo\/image\/"},"sameAs":["https:\/\/www.facebook.com\/nautipartsspain\/","https:\/\/www.instagram.com\/nautiparts\/"]}]}},"_links":{"self":[{"href":"https:\/\/nauti-parts.com\/es\/wp-json\/wp\/v2\/product\/23686","targetHints":{"allow":["GET"]}}],"collection":[{"href":"https:\/\/nauti-parts.com\/es\/wp-json\/wp\/v2\/product"}],"about":[{"href":"https:\/\/nauti-parts.com\/es\/wp-json\/wp\/v2\/types\/product"}],"replies":[{"embeddable":true,"href":"https:\/\/nauti-parts.com\/es\/wp-json\/wp\/v2\/comments?post=23686"}],"wp:featuredmedia":[{"embeddable":true,"href":"https:\/\/nauti-parts.com\/es\/wp-json\/wp\/v2\/media\/19213"}],"wp:attachment":[{"href":"https:\/\/nauti-parts.com\/es\/wp-json\/wp\/v2\/media?parent=23686"}],"wp:term":[{"taxonomy":"product_brand","embeddable":true,"href":"https:\/\/nauti-parts.com\/es\/wp-json\/wp\/v2\/product_brand?post=23686"},{"taxonomy":"product_cat","embeddable":true,"href":"https:\/\/nauti-parts.com\/es\/wp-json\/wp\/v2\/product_cat?post=23686"},{"taxonomy":"product_tag","embeddable":true,"href":"https:\/\/nauti-parts.com\/es\/wp-json\/wp\/v2\/product_tag?post=23686"}],"curies":[{"name":"wp","href":"https:\/\/api.w.org\/{rel}","templated":true}]}}