{"id":23643,"date":"2025-02-14T15:14:07","date_gmt":"2025-02-14T15:14:07","guid":{"rendered":"https:\/\/nauti-parts.com\/shop\/sin categor\u00eda\/yachtbeach-yachtstep-pequeno-mediano-y-grande\/"},"modified":"2025-02-14T15:14:07","modified_gmt":"2025-02-14T15:14:07","slug":"yachtbeach-yachtstep-pequeno-mediano-y-grande","status":"publish","type":"product","link":"https:\/\/nauti-parts.com\/es\/shop\/hinchables\/playa-del-yate\/yachtbeach-yachtstep-pequeno-mediano-y-grande\/","title":{"rendered":"YachtBeach YachtStep Peque\u00f1o, Mediano y Grande"},"content":{"rendered":"<div class=\"elementor-element elementor-element-9ce1e20 elementor-widget elementor-widget-heading\" data-id=\"9ce1e20\" data-element_type=\"widget\" data-widget_type=\"heading.default\">\n<div class=\"elementor-widget-container\">\n<h4 class=\"elementor-heading-title elementor-size-default\">Sistema Step de Yachtbeach<\/h4>\n<\/div>\n<\/div>\n<div class=\"elementor-element elementor-element-d3e2819 elementor-widget elementor-widget-text-editor\" data-id=\"d3e2819\" data-element_type=\"widget\" data-widget_type=\"text-editor.default\">\n<div class=\"elementor-widget-container\">\n<p>Con el Yachtbeach Yachtstep Large, podr\u00e1s salvar sin esfuerzo la diferencia entre tu yate y la plataforma. El c\u00f3modo Yachtstep Large consta<br \/>\nde 3 pelda\u00f1os hinchables de 20 cm, pegados entre s\u00ed. La superficie de teca EVA de alta calidad garantiza un aspecto elegante, m\u00e1xima comodidad y seguridad.  <\/p>\n<p><strong><img loading=\"lazy\" decoding=\"async\" class=\"aligncenter size-full wp-image-19258\" src=\"https:\/\/nauti-parts.com\/wp-content\/uploads\/2025\/02\/steps1.webp\" alt=\"\" width=\"2000\" height=\"2000\" srcset=\"https:\/\/nauti-parts.com\/wp-content\/uploads\/2025\/02\/steps1.webp 2000w, https:\/\/nauti-parts.com\/wp-content\/uploads\/2025\/02\/steps1-150x150.webp 150w, https:\/\/nauti-parts.com\/wp-content\/uploads\/2025\/02\/steps1-300x300.webp 300w, https:\/\/nauti-parts.com\/wp-content\/uploads\/2025\/02\/steps1-768x768.webp 768w, https:\/\/nauti-parts.com\/wp-content\/uploads\/2025\/02\/steps1-1024x1024.webp 1024w, https:\/\/nauti-parts.com\/wp-content\/uploads\/2025\/02\/steps1-1536x1536.webp 1536w, https:\/\/nauti-parts.com\/wp-content\/uploads\/2025\/02\/steps1-350x350.webp 350w, https:\/\/nauti-parts.com\/wp-content\/uploads\/2025\/02\/steps1-920x920.webp 920w, https:\/\/nauti-parts.com\/wp-content\/uploads\/2025\/02\/steps1-100x100.webp 100w\" sizes=\"auto, (max-width: 2000px) 100vw, 2000px\" \/>Medidas<\/strong>:<br \/>\nEscal\u00f3n inferior: 343 x 140 x 60 cm &#8211; 135,04? x 55,12? x 23,62?<br \/>\nPelda\u00f1o central: 276 x 95 cm &#8211; 108,66? x 37,40?<br \/>\nEscal\u00f3n superior: 173 x 50 cm &#8211; 68,11? x 19,69? <\/p>\n<\/div>\n<\/div>\n<p>YACHTSTEP LARGE<br \/>\n&#8211; Pelda\u00f1o inferior: 343 x 140 cm<br \/>\n&#8211; Pelda\u00f1o intermedio: 276 x 95 cm<br \/>\n&#8211; Pelda\u00f1o superior: 173 x 50 cm<br \/>\n&#8211; Altura: 60 cm<\/p>\n<p>YACHTSTEP MEDIUM<br \/>\n&#8211; Pelda\u00f1o inferior: 276 x 95 cm<br \/>\n&#8211; Pelda\u00f1o superior: 173 x 50 cm<br \/>\n&#8211; Altura: 40cm<\/p>\n<p>YACHTSTEP SMALL<br \/>\n&#8211; Pelda\u00f1o superior: 158 x 70 x 20 cm<br \/>\n&#8211; Altura: 20cm<\/p>\n","protected":false},"excerpt":{"rendered":"<p>Sistema Step de Yachtbeach Con el Yachtbeach Yachtstep Large, podr\u00e1s salvar sin esfuerzo la diferencia entre tu yate y la plataforma. El c\u00f3modo Yachtstep Large consta de 3 pelda\u00f1os hinchables de 20 cm, pegados entre s\u00ed. La superficie de teca EVA de alta calidad garantiza un aspecto elegante, m\u00e1xima comodidad y seguridad. Medidas: Escal\u00f3n inferior: [&hellip;]<\/p>\n","protected":false},"featured_media":19257,"comment_status":"open","ping_status":"closed","template":"","meta":{"_acf_changed":false},"product_brand":[],"product_cat":[225],"product_tag":[],"class_list":{"0":"post-23643","1":"product","2":"type-product","3":"status-publish","4":"has-post-thumbnail","6":"product_cat-playa-del-yate","7":"repupress_customize_woocommerce_productom_class","9":"first","10":"instock","11":"taxable","12":"shipping-taxable","13":"purchasable","14":"product-type-variable"},"acf":[],"yoast_head":"<!-- This site is optimized with the Yoast SEO plugin v27.5 - https:\/\/yoast.com\/product\/yoast-seo-wordpress\/ -->\n<title>YachtBeach YachtStep Peque\u00f1o, Mediano y Grande | Nauti Parts<\/title>\n<meta name=\"robots\" content=\"index, follow, max-snippet:-1, max-image-preview:large, max-video-preview:-1\" \/>\n<link rel=\"canonical\" href=\"https:\/\/nauti-parts.com\/es\/shop\/hinchables\/playa-del-yate\/yachtbeach-yachtstep-pequeno-mediano-y-grande\/\" \/>\n<meta property=\"og:locale\" content=\"es_ES\" \/>\n<meta property=\"og:type\" content=\"article\" \/>\n<meta property=\"og:title\" content=\"YachtBeach YachtStep Peque\u00f1o, Mediano y Grande | Nauti Parts\" \/>\n<meta property=\"og:description\" content=\"Sistema Step de Yachtbeach Con el Yachtbeach Yachtstep Large, podr\u00e1s salvar sin esfuerzo la diferencia entre tu yate y la plataforma. El c\u00f3modo Yachtstep Large consta de 3 pelda\u00f1os hinchables de 20 cm, pegados entre s\u00ed. La superficie de teca EVA de alta calidad garantiza un aspecto elegante, m\u00e1xima comodidad y seguridad. Medidas: Escal\u00f3n inferior: [&hellip;]\" \/>\n<meta property=\"og:url\" content=\"https:\/\/nauti-parts.com\/es\/shop\/hinchables\/playa-del-yate\/yachtbeach-yachtstep-pequeno-mediano-y-grande\/\" \/>\n<meta property=\"og:site_name\" content=\"Nauti Parts\" \/>\n<meta property=\"article:publisher\" content=\"https:\/\/www.facebook.com\/nautipartsspain\/\" \/>\n<meta property=\"og:image\" content=\"https:\/\/nauti-parts.com\/wp-content\/uploads\/2025\/02\/25110-s-step.jpg\" \/>\n\t<meta property=\"og:image:width\" content=\"2000\" \/>\n\t<meta property=\"og:image:height\" content=\"2000\" \/>\n\t<meta property=\"og:image:type\" content=\"image\/jpeg\" \/>\n<meta name=\"twitter:card\" content=\"summary_large_image\" \/>\n<meta name=\"twitter:label1\" content=\"Tiempo de lectura\" \/>\n\t<meta name=\"twitter:data1\" content=\"1 minuto\" \/>\n<script type=\"application\/ld+json\" class=\"yoast-schema-graph\">{\"@context\":\"https:\\\/\\\/schema.org\",\"@graph\":[{\"@type\":\"WebPage\",\"@id\":\"https:\\\/\\\/nauti-parts.com\\\/es\\\/shop\\\/hinchables\\\/playa-del-yate\\\/yachtbeach-yachtstep-pequeno-mediano-y-grande\\\/\",\"url\":\"https:\\\/\\\/nauti-parts.com\\\/es\\\/shop\\\/hinchables\\\/playa-del-yate\\\/yachtbeach-yachtstep-pequeno-mediano-y-grande\\\/\",\"name\":\"YachtBeach YachtStep Peque\u00f1o, Mediano y Grande | Nauti Parts\",\"isPartOf\":{\"@id\":\"https:\\\/\\\/nauti-parts.com\\\/es\\\/#website\"},\"primaryImageOfPage\":{\"@id\":\"https:\\\/\\\/nauti-parts.com\\\/es\\\/shop\\\/hinchables\\\/playa-del-yate\\\/yachtbeach-yachtstep-pequeno-mediano-y-grande\\\/#primaryimage\"},\"image\":{\"@id\":\"https:\\\/\\\/nauti-parts.com\\\/es\\\/shop\\\/hinchables\\\/playa-del-yate\\\/yachtbeach-yachtstep-pequeno-mediano-y-grande\\\/#primaryimage\"},\"thumbnailUrl\":\"https:\\\/\\\/nauti-parts.com\\\/wp-content\\\/uploads\\\/2025\\\/02\\\/25110-s-step.jpg\",\"datePublished\":\"2025-02-14T15:14:07+00:00\",\"breadcrumb\":{\"@id\":\"https:\\\/\\\/nauti-parts.com\\\/es\\\/shop\\\/hinchables\\\/playa-del-yate\\\/yachtbeach-yachtstep-pequeno-mediano-y-grande\\\/#breadcrumb\"},\"inLanguage\":\"es\",\"potentialAction\":[{\"@type\":\"ReadAction\",\"target\":[\"https:\\\/\\\/nauti-parts.com\\\/es\\\/shop\\\/hinchables\\\/playa-del-yate\\\/yachtbeach-yachtstep-pequeno-mediano-y-grande\\\/\"]}]},{\"@type\":\"ImageObject\",\"inLanguage\":\"es\",\"@id\":\"https:\\\/\\\/nauti-parts.com\\\/es\\\/shop\\\/hinchables\\\/playa-del-yate\\\/yachtbeach-yachtstep-pequeno-mediano-y-grande\\\/#primaryimage\",\"url\":\"https:\\\/\\\/nauti-parts.com\\\/wp-content\\\/uploads\\\/2025\\\/02\\\/25110-s-step.jpg\",\"contentUrl\":\"https:\\\/\\\/nauti-parts.com\\\/wp-content\\\/uploads\\\/2025\\\/02\\\/25110-s-step.jpg\",\"width\":2000,\"height\":2000},{\"@type\":\"BreadcrumbList\",\"@id\":\"https:\\\/\\\/nauti-parts.com\\\/es\\\/shop\\\/hinchables\\\/playa-del-yate\\\/yachtbeach-yachtstep-pequeno-mediano-y-grande\\\/#breadcrumb\",\"itemListElement\":[{\"@type\":\"ListItem\",\"position\":1,\"name\":\"Tienda\",\"item\":\"https:\\\/\\\/nauti-parts.com\\\/es\\\/tienda\\\/\"},{\"@type\":\"ListItem\",\"position\":2,\"name\":\"YachtBeach YachtStep Peque\u00f1o, Mediano y Grande\"}]},{\"@type\":\"WebSite\",\"@id\":\"https:\\\/\\\/nauti-parts.com\\\/es\\\/#website\",\"url\":\"https:\\\/\\\/nauti-parts.com\\\/es\\\/\",\"name\":\"Nauti Parts\",\"description\":\"Sea-Doo Jet Ski - Seabob Dealer and Rentals | Water Toys Mallorca\",\"publisher\":{\"@id\":\"https:\\\/\\\/nauti-parts.com\\\/es\\\/#organization\"},\"potentialAction\":[{\"@type\":\"SearchAction\",\"target\":{\"@type\":\"EntryPoint\",\"urlTemplate\":\"https:\\\/\\\/nauti-parts.com\\\/es\\\/?s={search_term_string}\"},\"query-input\":{\"@type\":\"PropertyValueSpecification\",\"valueRequired\":true,\"valueName\":\"search_term_string\"}}],\"inLanguage\":\"es\"},{\"@type\":\"Organization\",\"@id\":\"https:\\\/\\\/nauti-parts.com\\\/es\\\/#organization\",\"name\":\"Piezas Nauti\",\"url\":\"https:\\\/\\\/nauti-parts.com\\\/es\\\/\",\"logo\":{\"@type\":\"ImageObject\",\"inLanguage\":\"es\",\"@id\":\"https:\\\/\\\/nauti-parts.com\\\/es\\\/#\\\/schema\\\/logo\\\/image\\\/\",\"url\":\"https:\\\/\\\/nauti-parts.com\\\/wp-content\\\/uploads\\\/2023\\\/10\\\/np-logo-black.png\",\"contentUrl\":\"https:\\\/\\\/nauti-parts.com\\\/wp-content\\\/uploads\\\/2023\\\/10\\\/np-logo-black.png\",\"width\":253,\"height\":100,\"caption\":\"Piezas Nauti\"},\"image\":{\"@id\":\"https:\\\/\\\/nauti-parts.com\\\/es\\\/#\\\/schema\\\/logo\\\/image\\\/\"},\"sameAs\":[\"https:\\\/\\\/www.facebook.com\\\/nautipartsspain\\\/\",\"https:\\\/\\\/www.instagram.com\\\/nautiparts\\\/\"]}]}<\/script>\n<!-- \/ Yoast SEO plugin. -->","yoast_head_json":{"title":"YachtBeach YachtStep Peque\u00f1o, Mediano y Grande | Nauti Parts","robots":{"index":"index","follow":"follow","max-snippet":"max-snippet:-1","max-image-preview":"max-image-preview:large","max-video-preview":"max-video-preview:-1"},"canonical":"https:\/\/nauti-parts.com\/es\/shop\/hinchables\/playa-del-yate\/yachtbeach-yachtstep-pequeno-mediano-y-grande\/","og_locale":"es_ES","og_type":"article","og_title":"YachtBeach YachtStep Peque\u00f1o, Mediano y Grande | Nauti Parts","og_description":"Sistema Step de Yachtbeach Con el Yachtbeach Yachtstep Large, podr\u00e1s salvar sin esfuerzo la diferencia entre tu yate y la plataforma. El c\u00f3modo Yachtstep Large consta de 3 pelda\u00f1os hinchables de 20 cm, pegados entre s\u00ed. La superficie de teca EVA de alta calidad garantiza un aspecto elegante, m\u00e1xima comodidad y seguridad. Medidas: Escal\u00f3n inferior: [&hellip;]","og_url":"https:\/\/nauti-parts.com\/es\/shop\/hinchables\/playa-del-yate\/yachtbeach-yachtstep-pequeno-mediano-y-grande\/","og_site_name":"Nauti Parts","article_publisher":"https:\/\/www.facebook.com\/nautipartsspain\/","og_image":[{"width":2000,"height":2000,"url":"https:\/\/nauti-parts.com\/wp-content\/uploads\/2025\/02\/25110-s-step.jpg","type":"image\/jpeg"}],"twitter_card":"summary_large_image","twitter_misc":{"Tiempo de lectura":"1 minuto"},"schema":{"@context":"https:\/\/schema.org","@graph":[{"@type":"WebPage","@id":"https:\/\/nauti-parts.com\/es\/shop\/hinchables\/playa-del-yate\/yachtbeach-yachtstep-pequeno-mediano-y-grande\/","url":"https:\/\/nauti-parts.com\/es\/shop\/hinchables\/playa-del-yate\/yachtbeach-yachtstep-pequeno-mediano-y-grande\/","name":"YachtBeach YachtStep Peque\u00f1o, Mediano y Grande | Nauti Parts","isPartOf":{"@id":"https:\/\/nauti-parts.com\/es\/#website"},"primaryImageOfPage":{"@id":"https:\/\/nauti-parts.com\/es\/shop\/hinchables\/playa-del-yate\/yachtbeach-yachtstep-pequeno-mediano-y-grande\/#primaryimage"},"image":{"@id":"https:\/\/nauti-parts.com\/es\/shop\/hinchables\/playa-del-yate\/yachtbeach-yachtstep-pequeno-mediano-y-grande\/#primaryimage"},"thumbnailUrl":"https:\/\/nauti-parts.com\/wp-content\/uploads\/2025\/02\/25110-s-step.jpg","datePublished":"2025-02-14T15:14:07+00:00","breadcrumb":{"@id":"https:\/\/nauti-parts.com\/es\/shop\/hinchables\/playa-del-yate\/yachtbeach-yachtstep-pequeno-mediano-y-grande\/#breadcrumb"},"inLanguage":"es","potentialAction":[{"@type":"ReadAction","target":["https:\/\/nauti-parts.com\/es\/shop\/hinchables\/playa-del-yate\/yachtbeach-yachtstep-pequeno-mediano-y-grande\/"]}]},{"@type":"ImageObject","inLanguage":"es","@id":"https:\/\/nauti-parts.com\/es\/shop\/hinchables\/playa-del-yate\/yachtbeach-yachtstep-pequeno-mediano-y-grande\/#primaryimage","url":"https:\/\/nauti-parts.com\/wp-content\/uploads\/2025\/02\/25110-s-step.jpg","contentUrl":"https:\/\/nauti-parts.com\/wp-content\/uploads\/2025\/02\/25110-s-step.jpg","width":2000,"height":2000},{"@type":"BreadcrumbList","@id":"https:\/\/nauti-parts.com\/es\/shop\/hinchables\/playa-del-yate\/yachtbeach-yachtstep-pequeno-mediano-y-grande\/#breadcrumb","itemListElement":[{"@type":"ListItem","position":1,"name":"Tienda","item":"https:\/\/nauti-parts.com\/es\/tienda\/"},{"@type":"ListItem","position":2,"name":"YachtBeach YachtStep Peque\u00f1o, Mediano y Grande"}]},{"@type":"WebSite","@id":"https:\/\/nauti-parts.com\/es\/#website","url":"https:\/\/nauti-parts.com\/es\/","name":"Nauti Parts","description":"Sea-Doo Jet Ski - Seabob Dealer and Rentals | Water Toys Mallorca","publisher":{"@id":"https:\/\/nauti-parts.com\/es\/#organization"},"potentialAction":[{"@type":"SearchAction","target":{"@type":"EntryPoint","urlTemplate":"https:\/\/nauti-parts.com\/es\/?s={search_term_string}"},"query-input":{"@type":"PropertyValueSpecification","valueRequired":true,"valueName":"search_term_string"}}],"inLanguage":"es"},{"@type":"Organization","@id":"https:\/\/nauti-parts.com\/es\/#organization","name":"Piezas Nauti","url":"https:\/\/nauti-parts.com\/es\/","logo":{"@type":"ImageObject","inLanguage":"es","@id":"https:\/\/nauti-parts.com\/es\/#\/schema\/logo\/image\/","url":"https:\/\/nauti-parts.com\/wp-content\/uploads\/2023\/10\/np-logo-black.png","contentUrl":"https:\/\/nauti-parts.com\/wp-content\/uploads\/2023\/10\/np-logo-black.png","width":253,"height":100,"caption":"Piezas Nauti"},"image":{"@id":"https:\/\/nauti-parts.com\/es\/#\/schema\/logo\/image\/"},"sameAs":["https:\/\/www.facebook.com\/nautipartsspain\/","https:\/\/www.instagram.com\/nautiparts\/"]}]}},"_links":{"self":[{"href":"https:\/\/nauti-parts.com\/es\/wp-json\/wp\/v2\/product\/23643","targetHints":{"allow":["GET"]}}],"collection":[{"href":"https:\/\/nauti-parts.com\/es\/wp-json\/wp\/v2\/product"}],"about":[{"href":"https:\/\/nauti-parts.com\/es\/wp-json\/wp\/v2\/types\/product"}],"replies":[{"embeddable":true,"href":"https:\/\/nauti-parts.com\/es\/wp-json\/wp\/v2\/comments?post=23643"}],"wp:featuredmedia":[{"embeddable":true,"href":"https:\/\/nauti-parts.com\/es\/wp-json\/wp\/v2\/media\/19257"}],"wp:attachment":[{"href":"https:\/\/nauti-parts.com\/es\/wp-json\/wp\/v2\/media?parent=23643"}],"wp:term":[{"taxonomy":"product_brand","embeddable":true,"href":"https:\/\/nauti-parts.com\/es\/wp-json\/wp\/v2\/product_brand?post=23643"},{"taxonomy":"product_cat","embeddable":true,"href":"https:\/\/nauti-parts.com\/es\/wp-json\/wp\/v2\/product_cat?post=23643"},{"taxonomy":"product_tag","embeddable":true,"href":"https:\/\/nauti-parts.com\/es\/wp-json\/wp\/v2\/product_tag?post=23643"}],"curies":[{"name":"wp","href":"https:\/\/api.w.org\/{rel}","templated":true}]}}