{"id":23608,"date":"2025-05-16T10:10:10","date_gmt":"2025-05-16T10:10:10","guid":{"rendered":"https:\/\/nauti-parts.com\/shop\/sin%20categor\u00eda\/waydoo-flyer-evo-pro-pro-plus-efoil\/"},"modified":"2026-04-23T16:43:51","modified_gmt":"2026-04-23T16:43:51","slug":"waydoo-flyer-evo-pro-pro-plus-efoil","status":"publish","type":"product","link":"https:\/\/nauti-parts.com\/es\/shop\/tablas-y-esquis\/e-foils\/waydoo\/waydoo-flyer-evo-pro-pro-plus-efoil\/","title":{"rendered":"Waydoo Flyer EVO PRO \/ PRO PLUS Efoil"},"content":{"rendered":"<h3>Waydoo Flyer EVO PRO \/ PRO Plus: La Pr\u00f3xima Evoluci\u00f3n del E-Foiling<\/h3>\n<p><span class=\"selected\">Han llegado las esperad\u00edsimas nuevas tablas Waydoo, repletas de emocionantes innovaciones. Experimenta un rendimiento mejorado, un transporte sin esfuerzo con <\/span><strong><span class=\"selected\">ruedas plug &amp; play<\/span><\/strong><span class=\"selected\">e incre\u00edbles opciones de personalizaci\u00f3n. La nueva serie combina <\/span><strong><span class=\"selected\">una potencia excepcional<\/span><\/strong><span class=\"selected\">, a <\/span><strong><span class=\"selected\">dise\u00f1o futurista<\/span><\/strong><span class=\"selected\">y la firma de Waydoo <\/span><strong><span class=\"selected\">precio asequible<\/span><\/strong><span class=\"selected\">convirti\u00e9ndola en el sue\u00f1o de cualquier entusiasta de las motos el\u00e9ctricas.<\/span><\/p>\n<p><span class=\"selected\">Elige entre dos conjuntos preconfigurados:<\/span><\/p>\n<ul>\n<li><strong><span class=\"selected\">Conjunto EVO PRO &#8220;Entrada&#8221;:<\/span><\/strong><span class=\"selected\"> Propulsi\u00f3n est\u00e1ndar<\/span><\/li>\n<li><strong><span class=\"selected\">Conjunto EVO PRO &#8220;Rendimiento&#8221;:<\/span><\/strong><span class=\"selected\"> Propulsi\u00f3n mejorada<\/span><\/li>\n<\/ul>\n<p><span class=\"selected\">Construido con <\/span><strong><span class=\"selected\">material EPP<\/span><\/strong><span class=\"selected\">el EVO PRO ofrece una conducci\u00f3n rentable y m\u00e1s segura, absorbiendo perfectamente los impactos. Para un control a\u00fan m\u00e1s inteligente, el <\/span><strong><span class=\"selected\">PRO Plus<\/span><\/strong><span class=\"selected\"> incorpora sensores internos que se integran con el Sistema de Gesti\u00f3n de Vuelo Waydoo, proporcionando una experiencia de e-foiling elevada.<\/span><\/p>\n<hr>\n<h3><strong><span class=\"selected\">Propulsi\u00f3n: Potencia evolucionada, opciones diversas<\/span><\/strong><\/h3>\n<p><span class=\"selected\">El Waydoo Flyer EVO ofrece tres potentes variantes de propulsi\u00f3n para adaptarse a tu estilo de conducci\u00f3n: 6 kW (Rendimiento y Elite) y 4 kW (Est\u00e1ndar). La transmisi\u00f3n Performance ofrece una potencia estimulante para usuarios de hasta 170 kg, alcanzando velocidades de hasta 45 km\/h. El modelo Elite iguala a la Performance en potencia, pero a\u00f1ade un toque de sofisticaci\u00f3n con su carcasa de precisi\u00f3n fresada con CNC. La opci\u00f3n Est\u00e1ndar proporciona la misma emocionante velocidad para ciclistas de hasta 130 kg.   <\/span><\/p>\n<p><span class=\"selected\">Todos los sistemas de transmisi\u00f3n presentan un dise\u00f1o modular l\u00edder en el sector. Este sistema \u00fanico permite desmontarlo f\u00e1cilmente del m\u00e1stil, lo que mejora la adaptabilidad, la portabilidad y la seguridad, al tiempo que minimiza los costes de mantenimiento. La unidad de tracci\u00f3n EVO representa una fusi\u00f3n innovadora de calidad, versatilidad y facilidad de mantenimiento.  <\/span><\/p>\n<hr>\n<h3><strong><span class=\"selected\">Bater\u00eda: La agilidad se une a la resistencia<\/span><\/strong><\/h3>\n<p><span class=\"selected\">Potencia tus aventuras con la bater\u00eda Powerflight del Waydoo Flyer EVO, disponible en capacidades de 36Ah y 45Ah. Envueltas en una robusta carcasa de aleaci\u00f3n de aluminio, estas bater\u00edas est\u00e1n fabricadas para soportar condiciones exigentes. La bater\u00eda de 36Ah prioriza la reducci\u00f3n de peso para mejorar la agilidad y la maniobrabilidad, mientras que la bater\u00eda de 45Ah est\u00e1 dise\u00f1ada para viajes largos, ofreciendo hasta 135 minutos de autonom\u00eda.  <\/span><\/p>\n<p><span class=\"selected\">Ambas bater\u00edas incorporan una pantalla LCD intuitiva para una actualizaci\u00f3n clara del estado y cuentan con un grado de impermeabilidad IP68. La conexi\u00f3n simplificada mediante transmisi\u00f3n de se\u00f1al luminosa, las alertas de detecci\u00f3n de fugas, la gesti\u00f3n t\u00e9rmica inteligente y el ajuste din\u00e1mico de la carga garantizan la m\u00e1xima seguridad, longevidad y una experiencia de usuario optimizada. <\/span><\/p>\n<hr>\n<h3><strong><span class=\"selected\">M\u00e1stil: Adapta tu montura con tres opciones de tama\u00f1o<\/span><\/strong><\/h3>\n<p><span class=\"selected\">La Waydoo Flyer EVO ofrece tres longitudes de m\u00e1stil para adaptarse perfectamente a tu estilo y experiencia de pilotaje: 69 cm y 89 cm, fabricados con una duradera aleaci\u00f3n de aluminio, y una opci\u00f3n de 79 cm fabricada con una robusta y ligera fibra de carbono. Experimenta un mayor control y estabilidad con los m\u00e1stiles m\u00e1s cortos, ideales para dominar los fundamentos. Los m\u00e1stiles m\u00e1s largos permiten a los riders expertos conquistar olas desafiantes y lograr la m\u00e1xima agilidad.  <\/span><\/p>\n<p><span class=\"selected\">Un revolucionario dise\u00f1o modular permite separar f\u00e1cilmente el m\u00e1stil de la unidad motriz, mejorando significativamente la portabilidad y simplificando el mantenimiento. Una luz LED de color integrada y programable en el m\u00e1stil superior a\u00f1ade un elemento visual impresionante, especialmente durante los paseos nocturnos. <\/span><\/p>\n<ul>\n<li><strong><span class=\"selected\">Nota importante:<\/span><\/strong><span class=\"selected\"> Para que sea compatible con el adaptador para motor fueraborda Waydoo, se recomienda un m\u00e1stil m\u00e1s largo.<\/span><\/li>\n<\/ul>\n<hr>\n<h3><strong><span class=\"selected\">Funciones mejorables: Libera un potencial ilimitado<\/span><\/strong><\/h3>\n<p><span class=\"selected\">Eleva tu experiencia e-foiling con la amplia gama de opciones de mejora de Waydoo. Desde c\u00f3modas ruedas de transporte acoplables y soportes de motor fueraborda para tu embarcaci\u00f3n neum\u00e1tica hasta un potente inversor de 1500 W para todos tus dispositivos, Waydoo te proporciona las herramientas para personalizar tu viaje. <\/span><\/p>\n<p><span class=\"selected\">Transforma tu e-foil en un sistema de propulsi\u00f3n vers\u00e1til, listo para cualquier aventura cerca del agua. Conquista cualquier condici\u00f3n y maximiza tu diversi\u00f3n, incluso en mares agitados. Con las opciones de mejora de Waydoo, las posibilidades son realmente ilimitadas.  <\/span><\/p>\n","protected":false},"excerpt":{"rendered":"<h3>La Evo Pro es ideal para los riders dispuestos a invertir en sus habilidades. Su volumen de tabla y otros par\u00e1metros de rendimiento dan a los riders m\u00e1s espacio para maniobrar, lo que la hace perfecta para mejorar continuamente. <\/h3>\n<p>Especificaciones:<\/p>\n<p class=\"p1\">PESO DE LA TABLA: <span class=\"s1\">8,7 KG<br \/>\n<\/span>DIMENSIONES (LXW): <span class=\"s1\">154 x 67 x 15cm<br \/>\n<\/span>VOLUMEN: <span class=\"s1\">90 L<br \/>\n<\/span>PESO DEL JINETE: <span class=\"s1\">90 KG<br \/>\n<\/span>DURACI\u00d3N DE LA BATER\u00cdA: <span class=\"s1\">HASTA 140 MIN<br \/>\n<\/span>TIEMPO DE CARGA: <span class=\"s1\">2,5 H<br \/>\n<\/span><span class=\"s2\">VELOCIDAD: <\/span>HASTA 36 KM\/H<br \/>\n<span class=\"s2\">POTENCIA M\u00c1X: <\/span>4000W<br \/>\nMATERIAL: <span class=\"s1\">EPP<br \/>\n<\/span><span class=\"s2\">BATER\u00cdA: <\/span>BATER\u00cdA RECARGABLE DE I\u00d3N-LITIO 1800W<\/p>\n<p>El precio indicado incluye el IVA, excluye la entrega<\/p>\n","protected":false},"featured_media":23611,"comment_status":"open","ping_status":"closed","template":"","meta":{"_acf_changed":false},"product_brand":[],"product_cat":[220,383],"product_tag":[],"class_list":{"0":"post-23608","1":"product","2":"type-product","3":"status-publish","4":"has-post-thumbnail","6":"product_cat-e-foils","7":"product_cat-waydoo","8":"repupress_customize_woocommerce_productom_class","10":"first","11":"instock","12":"taxable","13":"shipping-taxable","14":"purchasable","15":"product-type-variable"},"acf":[],"yoast_head":"<!-- This site is optimized with the Yoast SEO plugin v27.5 - https:\/\/yoast.com\/product\/yoast-seo-wordpress\/ -->\n<title>Waydoo Flyer EVO PRO \/ PRO PLUS Efoil | Nauti Parts<\/title>\n<meta name=\"robots\" content=\"index, follow, max-snippet:-1, max-image-preview:large, max-video-preview:-1\" \/>\n<link rel=\"canonical\" href=\"https:\/\/nauti-parts.com\/es\/shop\/tablas-y-esquis\/e-foils\/waydoo\/waydoo-flyer-evo-pro-pro-plus-efoil\/\" \/>\n<meta property=\"og:locale\" content=\"es_ES\" \/>\n<meta property=\"og:type\" content=\"article\" \/>\n<meta property=\"og:title\" content=\"Waydoo Flyer EVO PRO \/ PRO PLUS Efoil | Nauti Parts\" \/>\n<meta property=\"og:description\" content=\"La Evo Pro es ideal para los riders dispuestos a invertir en sus habilidades. Su volumen de tabla y otros par\u00e1metros de rendimiento dan a los riders m\u00e1s espacio para maniobrar, lo que la hace perfecta para mejorar continuamente. Especificaciones: PESO DE LA TABLA: 8,7 KG DIMENSIONES (LXW): 154 x 67 x 15cm VOLUMEN: 90 L PESO DEL JINETE: 90 KG DURACI\u00d3N DE LA BATER\u00cdA: HASTA 140 MIN TIEMPO DE CARGA: 2,5 H VELOCIDAD: HASTA 36 KM\/H POTENCIA M\u00c1X: 4000W MATERIAL: EPP BATER\u00cdA: BATER\u00cdA RECARGABLE DE I\u00d3N-LITIO 1800W El precio indicado incluye el IVA, excluye la entrega\" \/>\n<meta property=\"og:url\" content=\"https:\/\/nauti-parts.com\/es\/shop\/tablas-y-esquis\/e-foils\/waydoo\/waydoo-flyer-evo-pro-pro-plus-efoil\/\" \/>\n<meta property=\"og:site_name\" content=\"Nauti Parts\" \/>\n<meta property=\"article:publisher\" content=\"https:\/\/www.facebook.com\/nautipartsspain\/\" \/>\n<meta property=\"article:modified_time\" content=\"2026-04-23T16:43:51+00:00\" \/>\n<meta property=\"og:image\" content=\"https:\/\/nauti-parts.com\/wp-content\/uploads\/2025\/05\/waydoo-pro-efoil.jpg\" \/>\n\t<meta property=\"og:image:width\" content=\"1600\" \/>\n\t<meta property=\"og:image:height\" content=\"1600\" \/>\n\t<meta property=\"og:image:type\" content=\"image\/jpeg\" \/>\n<meta name=\"twitter:card\" content=\"summary_large_image\" \/>\n<meta name=\"twitter:label1\" content=\"Tiempo de lectura\" \/>\n\t<meta name=\"twitter:data1\" content=\"4 minutos\" \/>\n<script type=\"application\/ld+json\" class=\"yoast-schema-graph\">{\"@context\":\"https:\\\/\\\/schema.org\",\"@graph\":[{\"@type\":\"WebPage\",\"@id\":\"https:\\\/\\\/nauti-parts.com\\\/es\\\/shop\\\/tablas-y-esquis\\\/e-foils\\\/waydoo\\\/waydoo-flyer-evo-pro-pro-plus-efoil\\\/\",\"url\":\"https:\\\/\\\/nauti-parts.com\\\/es\\\/shop\\\/tablas-y-esquis\\\/e-foils\\\/waydoo\\\/waydoo-flyer-evo-pro-pro-plus-efoil\\\/\",\"name\":\"Waydoo Flyer EVO PRO \\\/ PRO PLUS Efoil | Nauti Parts\",\"isPartOf\":{\"@id\":\"https:\\\/\\\/nauti-parts.com\\\/es\\\/#website\"},\"primaryImageOfPage\":{\"@id\":\"https:\\\/\\\/nauti-parts.com\\\/es\\\/shop\\\/tablas-y-esquis\\\/e-foils\\\/waydoo\\\/waydoo-flyer-evo-pro-pro-plus-efoil\\\/#primaryimage\"},\"image\":{\"@id\":\"https:\\\/\\\/nauti-parts.com\\\/es\\\/shop\\\/tablas-y-esquis\\\/e-foils\\\/waydoo\\\/waydoo-flyer-evo-pro-pro-plus-efoil\\\/#primaryimage\"},\"thumbnailUrl\":\"https:\\\/\\\/nauti-parts.com\\\/wp-content\\\/uploads\\\/2025\\\/05\\\/waydoo-pro-efoil.jpg\",\"datePublished\":\"2025-05-16T10:10:10+00:00\",\"dateModified\":\"2026-04-23T16:43:51+00:00\",\"breadcrumb\":{\"@id\":\"https:\\\/\\\/nauti-parts.com\\\/es\\\/shop\\\/tablas-y-esquis\\\/e-foils\\\/waydoo\\\/waydoo-flyer-evo-pro-pro-plus-efoil\\\/#breadcrumb\"},\"inLanguage\":\"es\",\"potentialAction\":[{\"@type\":\"ReadAction\",\"target\":[\"https:\\\/\\\/nauti-parts.com\\\/es\\\/shop\\\/tablas-y-esquis\\\/e-foils\\\/waydoo\\\/waydoo-flyer-evo-pro-pro-plus-efoil\\\/\"]}]},{\"@type\":\"ImageObject\",\"inLanguage\":\"es\",\"@id\":\"https:\\\/\\\/nauti-parts.com\\\/es\\\/shop\\\/tablas-y-esquis\\\/e-foils\\\/waydoo\\\/waydoo-flyer-evo-pro-pro-plus-efoil\\\/#primaryimage\",\"url\":\"https:\\\/\\\/nauti-parts.com\\\/wp-content\\\/uploads\\\/2025\\\/05\\\/waydoo-pro-efoil.jpg\",\"contentUrl\":\"https:\\\/\\\/nauti-parts.com\\\/wp-content\\\/uploads\\\/2025\\\/05\\\/waydoo-pro-efoil.jpg\",\"width\":1600,\"height\":1600},{\"@type\":\"BreadcrumbList\",\"@id\":\"https:\\\/\\\/nauti-parts.com\\\/es\\\/shop\\\/tablas-y-esquis\\\/e-foils\\\/waydoo\\\/waydoo-flyer-evo-pro-pro-plus-efoil\\\/#breadcrumb\",\"itemListElement\":[{\"@type\":\"ListItem\",\"position\":1,\"name\":\"Tienda\",\"item\":\"https:\\\/\\\/nauti-parts.com\\\/es\\\/tienda\\\/\"},{\"@type\":\"ListItem\",\"position\":2,\"name\":\"Waydoo Flyer EVO PRO \\\/ PRO PLUS Efoil\"}]},{\"@type\":\"WebSite\",\"@id\":\"https:\\\/\\\/nauti-parts.com\\\/es\\\/#website\",\"url\":\"https:\\\/\\\/nauti-parts.com\\\/es\\\/\",\"name\":\"Nauti Parts\",\"description\":\"Sea-Doo Jet Ski - Seabob Dealer and Rentals | Water Toys Mallorca\",\"publisher\":{\"@id\":\"https:\\\/\\\/nauti-parts.com\\\/es\\\/#organization\"},\"potentialAction\":[{\"@type\":\"SearchAction\",\"target\":{\"@type\":\"EntryPoint\",\"urlTemplate\":\"https:\\\/\\\/nauti-parts.com\\\/es\\\/?s={search_term_string}\"},\"query-input\":{\"@type\":\"PropertyValueSpecification\",\"valueRequired\":true,\"valueName\":\"search_term_string\"}}],\"inLanguage\":\"es\"},{\"@type\":\"Organization\",\"@id\":\"https:\\\/\\\/nauti-parts.com\\\/es\\\/#organization\",\"name\":\"Piezas Nauti\",\"url\":\"https:\\\/\\\/nauti-parts.com\\\/es\\\/\",\"logo\":{\"@type\":\"ImageObject\",\"inLanguage\":\"es\",\"@id\":\"https:\\\/\\\/nauti-parts.com\\\/es\\\/#\\\/schema\\\/logo\\\/image\\\/\",\"url\":\"https:\\\/\\\/nauti-parts.com\\\/wp-content\\\/uploads\\\/2023\\\/10\\\/np-logo-black.png\",\"contentUrl\":\"https:\\\/\\\/nauti-parts.com\\\/wp-content\\\/uploads\\\/2023\\\/10\\\/np-logo-black.png\",\"width\":253,\"height\":100,\"caption\":\"Piezas Nauti\"},\"image\":{\"@id\":\"https:\\\/\\\/nauti-parts.com\\\/es\\\/#\\\/schema\\\/logo\\\/image\\\/\"},\"sameAs\":[\"https:\\\/\\\/www.facebook.com\\\/nautipartsspain\\\/\",\"https:\\\/\\\/www.instagram.com\\\/nautiparts\\\/\"]}]}<\/script>\n<!-- \/ Yoast SEO plugin. -->","yoast_head_json":{"title":"Waydoo Flyer EVO PRO \/ PRO PLUS Efoil | Nauti Parts","robots":{"index":"index","follow":"follow","max-snippet":"max-snippet:-1","max-image-preview":"max-image-preview:large","max-video-preview":"max-video-preview:-1"},"canonical":"https:\/\/nauti-parts.com\/es\/shop\/tablas-y-esquis\/e-foils\/waydoo\/waydoo-flyer-evo-pro-pro-plus-efoil\/","og_locale":"es_ES","og_type":"article","og_title":"Waydoo Flyer EVO PRO \/ PRO PLUS Efoil | Nauti Parts","og_description":"La Evo Pro es ideal para los riders dispuestos a invertir en sus habilidades. Su volumen de tabla y otros par\u00e1metros de rendimiento dan a los riders m\u00e1s espacio para maniobrar, lo que la hace perfecta para mejorar continuamente. Especificaciones: PESO DE LA TABLA: 8,7 KG DIMENSIONES (LXW): 154 x 67 x 15cm VOLUMEN: 90 L PESO DEL JINETE: 90 KG DURACI\u00d3N DE LA BATER\u00cdA: HASTA 140 MIN TIEMPO DE CARGA: 2,5 H VELOCIDAD: HASTA 36 KM\/H POTENCIA M\u00c1X: 4000W MATERIAL: EPP BATER\u00cdA: BATER\u00cdA RECARGABLE DE I\u00d3N-LITIO 1800W El precio indicado incluye el IVA, excluye la entrega","og_url":"https:\/\/nauti-parts.com\/es\/shop\/tablas-y-esquis\/e-foils\/waydoo\/waydoo-flyer-evo-pro-pro-plus-efoil\/","og_site_name":"Nauti Parts","article_publisher":"https:\/\/www.facebook.com\/nautipartsspain\/","article_modified_time":"2026-04-23T16:43:51+00:00","og_image":[{"width":1600,"height":1600,"url":"https:\/\/nauti-parts.com\/wp-content\/uploads\/2025\/05\/waydoo-pro-efoil.jpg","type":"image\/jpeg"}],"twitter_card":"summary_large_image","twitter_misc":{"Tiempo de lectura":"4 minutos"},"schema":{"@context":"https:\/\/schema.org","@graph":[{"@type":"WebPage","@id":"https:\/\/nauti-parts.com\/es\/shop\/tablas-y-esquis\/e-foils\/waydoo\/waydoo-flyer-evo-pro-pro-plus-efoil\/","url":"https:\/\/nauti-parts.com\/es\/shop\/tablas-y-esquis\/e-foils\/waydoo\/waydoo-flyer-evo-pro-pro-plus-efoil\/","name":"Waydoo Flyer EVO PRO \/ PRO PLUS Efoil | Nauti Parts","isPartOf":{"@id":"https:\/\/nauti-parts.com\/es\/#website"},"primaryImageOfPage":{"@id":"https:\/\/nauti-parts.com\/es\/shop\/tablas-y-esquis\/e-foils\/waydoo\/waydoo-flyer-evo-pro-pro-plus-efoil\/#primaryimage"},"image":{"@id":"https:\/\/nauti-parts.com\/es\/shop\/tablas-y-esquis\/e-foils\/waydoo\/waydoo-flyer-evo-pro-pro-plus-efoil\/#primaryimage"},"thumbnailUrl":"https:\/\/nauti-parts.com\/wp-content\/uploads\/2025\/05\/waydoo-pro-efoil.jpg","datePublished":"2025-05-16T10:10:10+00:00","dateModified":"2026-04-23T16:43:51+00:00","breadcrumb":{"@id":"https:\/\/nauti-parts.com\/es\/shop\/tablas-y-esquis\/e-foils\/waydoo\/waydoo-flyer-evo-pro-pro-plus-efoil\/#breadcrumb"},"inLanguage":"es","potentialAction":[{"@type":"ReadAction","target":["https:\/\/nauti-parts.com\/es\/shop\/tablas-y-esquis\/e-foils\/waydoo\/waydoo-flyer-evo-pro-pro-plus-efoil\/"]}]},{"@type":"ImageObject","inLanguage":"es","@id":"https:\/\/nauti-parts.com\/es\/shop\/tablas-y-esquis\/e-foils\/waydoo\/waydoo-flyer-evo-pro-pro-plus-efoil\/#primaryimage","url":"https:\/\/nauti-parts.com\/wp-content\/uploads\/2025\/05\/waydoo-pro-efoil.jpg","contentUrl":"https:\/\/nauti-parts.com\/wp-content\/uploads\/2025\/05\/waydoo-pro-efoil.jpg","width":1600,"height":1600},{"@type":"BreadcrumbList","@id":"https:\/\/nauti-parts.com\/es\/shop\/tablas-y-esquis\/e-foils\/waydoo\/waydoo-flyer-evo-pro-pro-plus-efoil\/#breadcrumb","itemListElement":[{"@type":"ListItem","position":1,"name":"Tienda","item":"https:\/\/nauti-parts.com\/es\/tienda\/"},{"@type":"ListItem","position":2,"name":"Waydoo Flyer EVO PRO \/ PRO PLUS Efoil"}]},{"@type":"WebSite","@id":"https:\/\/nauti-parts.com\/es\/#website","url":"https:\/\/nauti-parts.com\/es\/","name":"Nauti Parts","description":"Sea-Doo Jet Ski - Seabob Dealer and Rentals | Water Toys Mallorca","publisher":{"@id":"https:\/\/nauti-parts.com\/es\/#organization"},"potentialAction":[{"@type":"SearchAction","target":{"@type":"EntryPoint","urlTemplate":"https:\/\/nauti-parts.com\/es\/?s={search_term_string}"},"query-input":{"@type":"PropertyValueSpecification","valueRequired":true,"valueName":"search_term_string"}}],"inLanguage":"es"},{"@type":"Organization","@id":"https:\/\/nauti-parts.com\/es\/#organization","name":"Piezas Nauti","url":"https:\/\/nauti-parts.com\/es\/","logo":{"@type":"ImageObject","inLanguage":"es","@id":"https:\/\/nauti-parts.com\/es\/#\/schema\/logo\/image\/","url":"https:\/\/nauti-parts.com\/wp-content\/uploads\/2023\/10\/np-logo-black.png","contentUrl":"https:\/\/nauti-parts.com\/wp-content\/uploads\/2023\/10\/np-logo-black.png","width":253,"height":100,"caption":"Piezas Nauti"},"image":{"@id":"https:\/\/nauti-parts.com\/es\/#\/schema\/logo\/image\/"},"sameAs":["https:\/\/www.facebook.com\/nautipartsspain\/","https:\/\/www.instagram.com\/nautiparts\/"]}]}},"_links":{"self":[{"href":"https:\/\/nauti-parts.com\/es\/wp-json\/wp\/v2\/product\/23608","targetHints":{"allow":["GET"]}}],"collection":[{"href":"https:\/\/nauti-parts.com\/es\/wp-json\/wp\/v2\/product"}],"about":[{"href":"https:\/\/nauti-parts.com\/es\/wp-json\/wp\/v2\/types\/product"}],"replies":[{"embeddable":true,"href":"https:\/\/nauti-parts.com\/es\/wp-json\/wp\/v2\/comments?post=23608"}],"wp:featuredmedia":[{"embeddable":true,"href":"https:\/\/nauti-parts.com\/es\/wp-json\/wp\/v2\/media\/23611"}],"wp:attachment":[{"href":"https:\/\/nauti-parts.com\/es\/wp-json\/wp\/v2\/media?parent=23608"}],"wp:term":[{"taxonomy":"product_brand","embeddable":true,"href":"https:\/\/nauti-parts.com\/es\/wp-json\/wp\/v2\/product_brand?post=23608"},{"taxonomy":"product_cat","embeddable":true,"href":"https:\/\/nauti-parts.com\/es\/wp-json\/wp\/v2\/product_cat?post=23608"},{"taxonomy":"product_tag","embeddable":true,"href":"https:\/\/nauti-parts.com\/es\/wp-json\/wp\/v2\/product_tag?post=23608"}],"curies":[{"name":"wp","href":"https:\/\/api.w.org\/{rel}","templated":true}]}}