{"id":23575,"date":"2025-07-04T11:10:47","date_gmt":"2025-07-04T11:10:47","guid":{"rendered":"https:\/\/nauti-parts.com\/shop\/sin categor\u00eda\/waydoo-subnado-seascooter\/"},"modified":"2025-07-04T11:10:47","modified_gmt":"2025-07-04T11:10:47","slug":"waydoo-subnado-seascooter","status":"publish","type":"product","link":"https:\/\/nauti-parts.com\/es\/shop\/tablas-y-esquis\/e-foils\/waydoo\/waydoo-subnado-seascooter\/","title":{"rendered":"Waydoo Subnado Seascooter"},"content":{"rendered":"<div id=\"model-response-message-contentr_90fe792d02e382e1\" class=\"markdown markdown-main-panel enable-updated-hr-color\" dir=\"ltr\">\n<h2>Scooter subacu\u00e1tico Waydoo Subnado: Dise\u00f1o Ligero y Port\u00e1til<\/h2>\n<p>El patinete subacu\u00e1tico Subnado puede ir contigo a casi cualquier parte. S\u00f3lo pesa <b>1,4 kg<\/b> y mide aproximadamente <b>38 x 6 cm<\/b>, \u00a1as\u00ed que transportarlo no ser\u00e1 un problema! S\u00f3lo tienes que meterlo en tu mochila o bolsa de viaje y llev\u00e1rtelo en tu pr\u00f3xima excursi\u00f3n. Adem\u00e1s, la bater\u00eda del dispositivo tiene una <b>capacidad de 98 Wh<\/b>, lo que significa que puedes llevarlo incluso en avi\u00f3n. Viaja donde quieras y como quieras: con Subnado te olvidar\u00e1s de las limitaciones.    <\/p>\n<h2>Control intuitivo<\/h2>\n<p>Libera tus manos y d\u00e9jate llevar a una aventura submarina. El innovador dise\u00f1o del patinete te permite controlarlo suave y libremente usando s\u00f3lo los dedos. Descubre lo f\u00e1cil y c\u00f3modo que es. No se requiere formaci\u00f3n especializada; \u00a1basta con un poco de pr\u00e1ctica! Con Subnado, explorar espacios subacu\u00e1ticos es m\u00e1s divertido que nunca. \u00bfNo tienes las credenciales y certificaciones adecuadas para bucear? \u00bfO tal vez s\u00f3lo quieres pasar tiempo activo con tus hijos? No hay problema: Subnado tambi\u00e9n es perfecto para una piscina normal, haciendo que nadar sea f\u00e1cil e incre\u00edblemente divertido. Tambi\u00e9n es ideal para hacer snorkel. Y lo que es m\u00e1s importante, los ni\u00f1os tambi\u00e9n pueden utilizar el patinete con seguridad.         <\/p>\n<h2>Sistema de montaje r\u00e1pido: Posibilidades infinitas<\/h2>\n<p>\u00a1Olv\u00eddate de la complicada y lenta instalaci\u00f3n del equipo! Gracias a su sistema de montaje r\u00e1pido, el scooter Subnado puede estar listo para usar en un santiam\u00e9n, prepar\u00e1ndote para tu pr\u00f3xima aventura subacu\u00e1tica en s\u00f3lo unos instantes. Tambi\u00e9n hay una gran variedad de adaptadores que te permiten acoplar el dispositivo a tus brazos o piernas, por ejemplo. \u00a1T\u00fa eliges!   <\/p>\n<h2>Captura los Recuerdos de tu Aventura Submarina<\/h2>\n<p>\u00a1Graba tu aventura subacu\u00e1tica y revive sus momentos m\u00e1s memorables no s\u00f3lo en tus recuerdos! Dispones de una montura especial (1\/4-20 UNC) que te permite acoplar hasta <b>3 accesorios<\/b> a tu scooter, como una c\u00e1mara GoPro e iluminaci\u00f3n adicional, por ejemplo. Aprovecha esta posibilidad y crea grabaciones \u00fanicas.  <\/p>\n<h2>Sum\u00e9rgete a\u00fan m\u00e1s: Sistema de alimentaci\u00f3n mejorado<\/h2>\n<p>Nada con o contra la corriente sin esfuerzo. El Subnado est\u00e1 equipado con una <b>carcasa de aleaci\u00f3n de aluminio<\/b> y un sistema de propulsi\u00f3n mejorado, que le permiten alcanzar velocidades de hasta <b>1,4 m\/s (hacia delante)<\/b>. \u00a1Desata una velocidad impresionante y experimenta la emoci\u00f3n!  <\/p>\n<p>Pero eso no es todo: el scooter te permite sumergirte hasta <b>60 m de profundidad<\/b>, lo que significa que los buceadores avanzados tambi\u00e9n pueden utilizarlo con \u00e9xito. \u00bfQu\u00e9 hace que el Subnado tenga un rendimiento tan excelente? El scooter utiliza una <b>h\u00e9lice de 4 palas<\/b>, que le proporciona hasta <b>un 23% m\u00e1s de eficiencia<\/b> en comparaci\u00f3n con las soluciones est\u00e1ndar de 3 palas. Tambi\u00e9n se ha equipado con <b>palas de estator<\/b> especialmente dise\u00f1adas, lo que ha aumentado la capacidad del sistema de propulsi\u00f3n en aproximadamente un 5%.   <\/p>\n<h2>Carga r\u00e1pida y funci\u00f3n de banco de energ\u00eda<\/h2>\n<p>Gracias a la tecnolog\u00eda patentada de Waydoo, s\u00f3lo se tarda aproximadamente <b>1,2 horas<\/b> en cargar el scooter del 0% al 100%. \u00a1No tendr\u00e1s que esperar mucho para que est\u00e9 listo para tu pr\u00f3xima expedici\u00f3n submarina! Su tiempo de funcionamiento, por su parte, es de hasta <b>56 minutos<\/b>. Pero eso no es todo: el dispositivo tambi\u00e9n puede funcionar como banco de energ\u00eda. Con su ayuda, puedes cargar tu smartphone u ordenador port\u00e1til con hasta <b>100 vatios de potencia<\/b>.    <\/p>\n<hr>\n<h2>Especificaciones Waydoo Subnado Scooter<\/h2>\n<ul>\n<li><b>Nombre:<\/b> Subnado-Scooter subacu\u00e1tico<\/li>\n<li><b>Modelo:<\/b> 5010000035<\/li>\n<li><b>Peso:<\/b> 1,4 Kg<\/li>\n<li><b>Niveles de velocidad:<\/b> 3<\/li>\n<li><b>Velocidad m\u00e1xima:<\/b> 1,4 m\/s<\/li>\n<li><b>Tiempo m\u00e1ximo de funcionamiento:<\/b> 56 min<\/li>\n<li><b>Profundidad m\u00e1xima:<\/b> 60 m<\/li>\n<li><b>Resistencia al agua:<\/b> IP68, hasta 60 m<\/li>\n<li><b>Tipo de bater\u00eda:<\/b> Li-Ion<\/li>\n<li><b>Capacidad de la bater\u00eda:<\/b> 98 Wh<\/li>\n<li><b>Tiempo de carga:<\/b> aprox. 1,2 h <\/li>\n<li><b>Material:<\/b> EPP, aleaci\u00f3n de aluminio, resina<\/li>\n<li><b>Dimensiones:<\/b> 377 x 70 x 70 mm<\/li>\n<\/ul>\n<hr>\n<h2>En la caja:<\/h2>\n<ul>\n<li>Scooter subacu\u00e1tico Subnado<\/li>\n<li>Accesorio de montaje<\/li>\n<li>Controlador de pulgar est\u00e1ndar<\/li>\n<li>Protector de dedos<\/li>\n<li>Montaje en el hombro<\/li>\n<li>Empu\u00f1adura<\/li>\n<li>Empu\u00f1adura de montaje<\/li>\n<li>Componente de propulsi\u00f3n<\/li>\n<li>Tornillo M4X8<\/li>\n<li>Junta t\u00f3rica de repuesto 8\u00d72,4<\/li>\n<li>4 Juntas t\u00f3ricas de repuesto 7,5 x1<\/li>\n<li>2 Juntas t\u00f3ricas de repuesto 26 x2<\/li>\n<\/ul>\n<\/div>\n","protected":false},"excerpt":{"rendered":"<p>\u00a1Explora el fascinante mundo submarino con el <b>Scooter Waydoo Subnado<\/b> de una forma totalmente nueva! Este patinete subacu\u00e1tico te proporcionar\u00e1 una experiencia inolvidable en el agua. <\/p>\n","protected":false},"featured_media":23580,"comment_status":"open","ping_status":"closed","template":"","meta":{"_acf_changed":false},"product_brand":[],"product_cat":[208,226,383],"product_tag":[],"class_list":{"0":"post-23575","1":"product","2":"type-product","3":"status-publish","4":"has-post-thumbnail","6":"product_cat-juguetes-acuaticos","7":"product_cat-seascooter","8":"product_cat-waydoo","9":"repupress_customize_woocommerce_productom_class","11":"first","12":"instock","13":"taxable","14":"shipping-taxable","15":"purchasable","16":"product-type-simple"},"acf":[],"yoast_head":"<!-- This site is optimized with the Yoast SEO plugin v27.5 - https:\/\/yoast.com\/product\/yoast-seo-wordpress\/ -->\n<title>Waydoo Subnado Seascooter | Nauti Parts<\/title>\n<meta name=\"robots\" content=\"index, follow, max-snippet:-1, max-image-preview:large, max-video-preview:-1\" \/>\n<link rel=\"canonical\" href=\"https:\/\/nauti-parts.com\/es\/shop\/tablas-y-esquis\/e-foils\/waydoo\/waydoo-subnado-seascooter\/\" \/>\n<meta property=\"og:locale\" content=\"es_ES\" \/>\n<meta property=\"og:type\" content=\"article\" \/>\n<meta property=\"og:title\" content=\"Waydoo Subnado Seascooter | Nauti Parts\" \/>\n<meta property=\"og:description\" content=\"\u00a1Explora el fascinante mundo submarino con el Scooter Waydoo Subnado de una forma totalmente nueva! Este patinete subacu\u00e1tico te proporcionar\u00e1 una experiencia inolvidable en el agua.\" \/>\n<meta property=\"og:url\" content=\"https:\/\/nauti-parts.com\/es\/shop\/tablas-y-esquis\/e-foils\/waydoo\/waydoo-subnado-seascooter\/\" \/>\n<meta property=\"og:site_name\" content=\"Nauti Parts\" \/>\n<meta property=\"article:publisher\" content=\"https:\/\/www.facebook.com\/nautipartsspain\/\" \/>\n<meta property=\"og:image\" content=\"https:\/\/nauti-parts.com\/wp-content\/uploads\/2025\/07\/scooter-waydoo-subnado-4.jpg\" \/>\n\t<meta property=\"og:image:width\" content=\"800\" \/>\n\t<meta property=\"og:image:height\" content=\"800\" \/>\n\t<meta property=\"og:image:type\" content=\"image\/jpeg\" \/>\n<meta name=\"twitter:card\" content=\"summary_large_image\" \/>\n<meta name=\"twitter:label1\" content=\"Tiempo de lectura\" \/>\n\t<meta name=\"twitter:data1\" content=\"4 minutos\" \/>\n<script type=\"application\/ld+json\" class=\"yoast-schema-graph\">{\"@context\":\"https:\\\/\\\/schema.org\",\"@graph\":[{\"@type\":\"WebPage\",\"@id\":\"https:\\\/\\\/nauti-parts.com\\\/es\\\/shop\\\/tablas-y-esquis\\\/e-foils\\\/waydoo\\\/waydoo-subnado-seascooter\\\/\",\"url\":\"https:\\\/\\\/nauti-parts.com\\\/es\\\/shop\\\/tablas-y-esquis\\\/e-foils\\\/waydoo\\\/waydoo-subnado-seascooter\\\/\",\"name\":\"Waydoo Subnado Seascooter | Nauti Parts\",\"isPartOf\":{\"@id\":\"https:\\\/\\\/nauti-parts.com\\\/es\\\/#website\"},\"primaryImageOfPage\":{\"@id\":\"https:\\\/\\\/nauti-parts.com\\\/es\\\/shop\\\/tablas-y-esquis\\\/e-foils\\\/waydoo\\\/waydoo-subnado-seascooter\\\/#primaryimage\"},\"image\":{\"@id\":\"https:\\\/\\\/nauti-parts.com\\\/es\\\/shop\\\/tablas-y-esquis\\\/e-foils\\\/waydoo\\\/waydoo-subnado-seascooter\\\/#primaryimage\"},\"thumbnailUrl\":\"https:\\\/\\\/nauti-parts.com\\\/wp-content\\\/uploads\\\/2025\\\/07\\\/scooter-waydoo-subnado-4.jpg\",\"datePublished\":\"2025-07-04T11:10:47+00:00\",\"breadcrumb\":{\"@id\":\"https:\\\/\\\/nauti-parts.com\\\/es\\\/shop\\\/tablas-y-esquis\\\/e-foils\\\/waydoo\\\/waydoo-subnado-seascooter\\\/#breadcrumb\"},\"inLanguage\":\"es\",\"potentialAction\":[{\"@type\":\"ReadAction\",\"target\":[\"https:\\\/\\\/nauti-parts.com\\\/es\\\/shop\\\/tablas-y-esquis\\\/e-foils\\\/waydoo\\\/waydoo-subnado-seascooter\\\/\"]}]},{\"@type\":\"ImageObject\",\"inLanguage\":\"es\",\"@id\":\"https:\\\/\\\/nauti-parts.com\\\/es\\\/shop\\\/tablas-y-esquis\\\/e-foils\\\/waydoo\\\/waydoo-subnado-seascooter\\\/#primaryimage\",\"url\":\"https:\\\/\\\/nauti-parts.com\\\/wp-content\\\/uploads\\\/2025\\\/07\\\/scooter-waydoo-subnado-4.jpg\",\"contentUrl\":\"https:\\\/\\\/nauti-parts.com\\\/wp-content\\\/uploads\\\/2025\\\/07\\\/scooter-waydoo-subnado-4.jpg\",\"width\":800,\"height\":800},{\"@type\":\"BreadcrumbList\",\"@id\":\"https:\\\/\\\/nauti-parts.com\\\/es\\\/shop\\\/tablas-y-esquis\\\/e-foils\\\/waydoo\\\/waydoo-subnado-seascooter\\\/#breadcrumb\",\"itemListElement\":[{\"@type\":\"ListItem\",\"position\":1,\"name\":\"Tienda\",\"item\":\"https:\\\/\\\/nauti-parts.com\\\/es\\\/tienda\\\/\"},{\"@type\":\"ListItem\",\"position\":2,\"name\":\"Waydoo Subnado Seascooter\"}]},{\"@type\":\"WebSite\",\"@id\":\"https:\\\/\\\/nauti-parts.com\\\/es\\\/#website\",\"url\":\"https:\\\/\\\/nauti-parts.com\\\/es\\\/\",\"name\":\"Nauti Parts\",\"description\":\"Sea-Doo Jet Ski - Seabob Dealer and Rentals | Water Toys Mallorca\",\"publisher\":{\"@id\":\"https:\\\/\\\/nauti-parts.com\\\/es\\\/#organization\"},\"potentialAction\":[{\"@type\":\"SearchAction\",\"target\":{\"@type\":\"EntryPoint\",\"urlTemplate\":\"https:\\\/\\\/nauti-parts.com\\\/es\\\/?s={search_term_string}\"},\"query-input\":{\"@type\":\"PropertyValueSpecification\",\"valueRequired\":true,\"valueName\":\"search_term_string\"}}],\"inLanguage\":\"es\"},{\"@type\":\"Organization\",\"@id\":\"https:\\\/\\\/nauti-parts.com\\\/es\\\/#organization\",\"name\":\"Piezas Nauti\",\"url\":\"https:\\\/\\\/nauti-parts.com\\\/es\\\/\",\"logo\":{\"@type\":\"ImageObject\",\"inLanguage\":\"es\",\"@id\":\"https:\\\/\\\/nauti-parts.com\\\/es\\\/#\\\/schema\\\/logo\\\/image\\\/\",\"url\":\"https:\\\/\\\/nauti-parts.com\\\/wp-content\\\/uploads\\\/2023\\\/10\\\/np-logo-black.png\",\"contentUrl\":\"https:\\\/\\\/nauti-parts.com\\\/wp-content\\\/uploads\\\/2023\\\/10\\\/np-logo-black.png\",\"width\":253,\"height\":100,\"caption\":\"Piezas Nauti\"},\"image\":{\"@id\":\"https:\\\/\\\/nauti-parts.com\\\/es\\\/#\\\/schema\\\/logo\\\/image\\\/\"},\"sameAs\":[\"https:\\\/\\\/www.facebook.com\\\/nautipartsspain\\\/\",\"https:\\\/\\\/www.instagram.com\\\/nautiparts\\\/\"]}]}<\/script>\n<!-- \/ Yoast SEO plugin. -->","yoast_head_json":{"title":"Waydoo Subnado Seascooter | Nauti Parts","robots":{"index":"index","follow":"follow","max-snippet":"max-snippet:-1","max-image-preview":"max-image-preview:large","max-video-preview":"max-video-preview:-1"},"canonical":"https:\/\/nauti-parts.com\/es\/shop\/tablas-y-esquis\/e-foils\/waydoo\/waydoo-subnado-seascooter\/","og_locale":"es_ES","og_type":"article","og_title":"Waydoo Subnado Seascooter | Nauti Parts","og_description":"\u00a1Explora el fascinante mundo submarino con el Scooter Waydoo Subnado de una forma totalmente nueva! Este patinete subacu\u00e1tico te proporcionar\u00e1 una experiencia inolvidable en el agua.","og_url":"https:\/\/nauti-parts.com\/es\/shop\/tablas-y-esquis\/e-foils\/waydoo\/waydoo-subnado-seascooter\/","og_site_name":"Nauti Parts","article_publisher":"https:\/\/www.facebook.com\/nautipartsspain\/","og_image":[{"width":800,"height":800,"url":"https:\/\/nauti-parts.com\/wp-content\/uploads\/2025\/07\/scooter-waydoo-subnado-4.jpg","type":"image\/jpeg"}],"twitter_card":"summary_large_image","twitter_misc":{"Tiempo de lectura":"4 minutos"},"schema":{"@context":"https:\/\/schema.org","@graph":[{"@type":"WebPage","@id":"https:\/\/nauti-parts.com\/es\/shop\/tablas-y-esquis\/e-foils\/waydoo\/waydoo-subnado-seascooter\/","url":"https:\/\/nauti-parts.com\/es\/shop\/tablas-y-esquis\/e-foils\/waydoo\/waydoo-subnado-seascooter\/","name":"Waydoo Subnado Seascooter | Nauti Parts","isPartOf":{"@id":"https:\/\/nauti-parts.com\/es\/#website"},"primaryImageOfPage":{"@id":"https:\/\/nauti-parts.com\/es\/shop\/tablas-y-esquis\/e-foils\/waydoo\/waydoo-subnado-seascooter\/#primaryimage"},"image":{"@id":"https:\/\/nauti-parts.com\/es\/shop\/tablas-y-esquis\/e-foils\/waydoo\/waydoo-subnado-seascooter\/#primaryimage"},"thumbnailUrl":"https:\/\/nauti-parts.com\/wp-content\/uploads\/2025\/07\/scooter-waydoo-subnado-4.jpg","datePublished":"2025-07-04T11:10:47+00:00","breadcrumb":{"@id":"https:\/\/nauti-parts.com\/es\/shop\/tablas-y-esquis\/e-foils\/waydoo\/waydoo-subnado-seascooter\/#breadcrumb"},"inLanguage":"es","potentialAction":[{"@type":"ReadAction","target":["https:\/\/nauti-parts.com\/es\/shop\/tablas-y-esquis\/e-foils\/waydoo\/waydoo-subnado-seascooter\/"]}]},{"@type":"ImageObject","inLanguage":"es","@id":"https:\/\/nauti-parts.com\/es\/shop\/tablas-y-esquis\/e-foils\/waydoo\/waydoo-subnado-seascooter\/#primaryimage","url":"https:\/\/nauti-parts.com\/wp-content\/uploads\/2025\/07\/scooter-waydoo-subnado-4.jpg","contentUrl":"https:\/\/nauti-parts.com\/wp-content\/uploads\/2025\/07\/scooter-waydoo-subnado-4.jpg","width":800,"height":800},{"@type":"BreadcrumbList","@id":"https:\/\/nauti-parts.com\/es\/shop\/tablas-y-esquis\/e-foils\/waydoo\/waydoo-subnado-seascooter\/#breadcrumb","itemListElement":[{"@type":"ListItem","position":1,"name":"Tienda","item":"https:\/\/nauti-parts.com\/es\/tienda\/"},{"@type":"ListItem","position":2,"name":"Waydoo Subnado Seascooter"}]},{"@type":"WebSite","@id":"https:\/\/nauti-parts.com\/es\/#website","url":"https:\/\/nauti-parts.com\/es\/","name":"Nauti Parts","description":"Sea-Doo Jet Ski - Seabob Dealer and Rentals | Water Toys Mallorca","publisher":{"@id":"https:\/\/nauti-parts.com\/es\/#organization"},"potentialAction":[{"@type":"SearchAction","target":{"@type":"EntryPoint","urlTemplate":"https:\/\/nauti-parts.com\/es\/?s={search_term_string}"},"query-input":{"@type":"PropertyValueSpecification","valueRequired":true,"valueName":"search_term_string"}}],"inLanguage":"es"},{"@type":"Organization","@id":"https:\/\/nauti-parts.com\/es\/#organization","name":"Piezas Nauti","url":"https:\/\/nauti-parts.com\/es\/","logo":{"@type":"ImageObject","inLanguage":"es","@id":"https:\/\/nauti-parts.com\/es\/#\/schema\/logo\/image\/","url":"https:\/\/nauti-parts.com\/wp-content\/uploads\/2023\/10\/np-logo-black.png","contentUrl":"https:\/\/nauti-parts.com\/wp-content\/uploads\/2023\/10\/np-logo-black.png","width":253,"height":100,"caption":"Piezas Nauti"},"image":{"@id":"https:\/\/nauti-parts.com\/es\/#\/schema\/logo\/image\/"},"sameAs":["https:\/\/www.facebook.com\/nautipartsspain\/","https:\/\/www.instagram.com\/nautiparts\/"]}]}},"_links":{"self":[{"href":"https:\/\/nauti-parts.com\/es\/wp-json\/wp\/v2\/product\/23575","targetHints":{"allow":["GET"]}}],"collection":[{"href":"https:\/\/nauti-parts.com\/es\/wp-json\/wp\/v2\/product"}],"about":[{"href":"https:\/\/nauti-parts.com\/es\/wp-json\/wp\/v2\/types\/product"}],"replies":[{"embeddable":true,"href":"https:\/\/nauti-parts.com\/es\/wp-json\/wp\/v2\/comments?post=23575"}],"wp:featuredmedia":[{"embeddable":true,"href":"https:\/\/nauti-parts.com\/es\/wp-json\/wp\/v2\/media\/23580"}],"wp:attachment":[{"href":"https:\/\/nauti-parts.com\/es\/wp-json\/wp\/v2\/media?parent=23575"}],"wp:term":[{"taxonomy":"product_brand","embeddable":true,"href":"https:\/\/nauti-parts.com\/es\/wp-json\/wp\/v2\/product_brand?post=23575"},{"taxonomy":"product_cat","embeddable":true,"href":"https:\/\/nauti-parts.com\/es\/wp-json\/wp\/v2\/product_cat?post=23575"},{"taxonomy":"product_tag","embeddable":true,"href":"https:\/\/nauti-parts.com\/es\/wp-json\/wp\/v2\/product_tag?post=23575"}],"curies":[{"name":"wp","href":"https:\/\/api.w.org\/{rel}","templated":true}]}}