{"id":23554,"date":"2025-05-12T07:52:01","date_gmt":"2025-05-12T07:52:01","guid":{"rendered":"https:\/\/nauti-parts.com\/shop\/sin categor\u00eda\/cargador-rapido-sublue-vapor\/"},"modified":"2025-05-12T07:52:01","modified_gmt":"2025-05-12T07:52:01","slug":"cargador-rapido-sublue-vapor","status":"publish","type":"product","link":"https:\/\/nauti-parts.com\/es\/shop\/juguetes-acuaticos\/seascooter\/sublue\/cargador-rapido-sublue-vapor\/","title":{"rendered":"Cargador r\u00e1pido Sublue Vapor"},"content":{"rendered":"<p>Con una enorme potencia de 436 W, reduce dr\u00e1sticamente el tiempo de carga, consiguiendo que tu scooter Vapor alcance el 85% en s\u00f3lo una hora: \u00a1una carga completa est\u00e1 lista en s\u00f3lo 90 minutos! Eso es m\u00e1s del doble de r\u00e1pido que el cargador est\u00e1ndar, para que tu pr\u00f3xima aventura nunca est\u00e9 lejos. <\/p>\n<p>Fabricado para soportar las inclemencias del tiempo, este cargador es resistente y est\u00e1 preparado para viajar. Su robusta carcasa de 2 kg y su conector de cierre r\u00e1pido est\u00e1n dise\u00f1ados para recargar el m\u00f3vil sin esfuerzo, mientras que su compatibilidad global (100-240 V CA) y su amplio rango de temperaturas de funcionamiento (-10 \u00b0C a 40 \u00b0C) hacen que pueda ir contigo a todas partes. <\/p>\n<p>Ten por seguro que este cargador se ha fabricado pensando en la seguridad. Est\u00e1 certificado para cumplir toda una serie de normas mundiales y ha sido sometido a rigurosas pruebas de vibraci\u00f3n y niebla salina para igualar el rendimiento de tu scooter con total fiabilidad. <\/p>\n<p>No dejes que una carga lenta te trunque el d\u00eda. Consigue el Cargador R\u00e1pido Vapor y vuelve a sumergirte, antes. <\/p>\n<p><b>Compatibilidad:<\/b> Este cargador s\u00f3lo es compatible con el patinete subacu\u00e1tico <b>VAPOR<\/b>. No es compatible con los modelos Mix, Mix Pro, Navbow, Navbow +, Swii, Hagul ni Tini. <\/p>\n","protected":false},"excerpt":{"rendered":"<p>\u00bfListo para otra inmersi\u00f3n? El Cargador R\u00e1pido Vapor es tu billete para pasar m\u00e1s tiempo en el agua y menos en el muelle. <\/p>\n","protected":false},"featured_media":19716,"comment_status":"open","ping_status":"closed","template":"","meta":{"_acf_changed":false},"product_brand":[],"product_cat":[226,227],"product_tag":[],"class_list":{"0":"post-23554","1":"product","2":"type-product","3":"status-publish","4":"has-post-thumbnail","6":"product_cat-seascooter","7":"product_cat-sublue","8":"repupress_customize_woocommerce_productom_class","10":"first","11":"instock","12":"taxable","13":"shipping-taxable","14":"purchasable","15":"product-type-simple"},"acf":[],"yoast_head":"<!-- This site is optimized with the Yoast SEO plugin v27.5 - https:\/\/yoast.com\/product\/yoast-seo-wordpress\/ -->\n<title>Cargador r\u00e1pido Sublue Vapor | Nauti Parts<\/title>\n<meta name=\"robots\" content=\"index, follow, max-snippet:-1, max-image-preview:large, max-video-preview:-1\" \/>\n<link rel=\"canonical\" href=\"https:\/\/nauti-parts.com\/es\/shop\/juguetes-acuaticos\/seascooter\/sublue\/cargador-rapido-sublue-vapor\/\" \/>\n<meta property=\"og:locale\" content=\"es_ES\" \/>\n<meta property=\"og:type\" content=\"article\" \/>\n<meta property=\"og:title\" content=\"Cargador r\u00e1pido Sublue Vapor | Nauti Parts\" \/>\n<meta property=\"og:description\" content=\"\u00bfListo para otra inmersi\u00f3n? El Cargador R\u00e1pido Vapor es tu billete para pasar m\u00e1s tiempo en el agua y menos en el muelle.\" \/>\n<meta property=\"og:url\" content=\"https:\/\/nauti-parts.com\/es\/shop\/juguetes-acuaticos\/seascooter\/sublue\/cargador-rapido-sublue-vapor\/\" \/>\n<meta property=\"og:site_name\" content=\"Nauti Parts\" \/>\n<meta property=\"article:publisher\" content=\"https:\/\/www.facebook.com\/nautipartsspain\/\" \/>\n<meta property=\"og:image\" content=\"https:\/\/nauti-parts.com\/wp-content\/uploads\/2025\/09\/vapor-fast-charger.webp\" \/>\n\t<meta property=\"og:image:width\" content=\"700\" \/>\n\t<meta property=\"og:image:height\" content=\"600\" \/>\n\t<meta property=\"og:image:type\" content=\"image\/webp\" \/>\n<meta name=\"twitter:card\" content=\"summary_large_image\" \/>\n<meta name=\"twitter:label1\" content=\"Tiempo de lectura\" \/>\n\t<meta name=\"twitter:data1\" content=\"1 minuto\" \/>\n<script type=\"application\/ld+json\" class=\"yoast-schema-graph\">{\"@context\":\"https:\\\/\\\/schema.org\",\"@graph\":[{\"@type\":\"WebPage\",\"@id\":\"https:\\\/\\\/nauti-parts.com\\\/es\\\/shop\\\/juguetes-acuaticos\\\/seascooter\\\/sublue\\\/cargador-rapido-sublue-vapor\\\/\",\"url\":\"https:\\\/\\\/nauti-parts.com\\\/es\\\/shop\\\/juguetes-acuaticos\\\/seascooter\\\/sublue\\\/cargador-rapido-sublue-vapor\\\/\",\"name\":\"Cargador r\u00e1pido Sublue Vapor | Nauti Parts\",\"isPartOf\":{\"@id\":\"https:\\\/\\\/nauti-parts.com\\\/es\\\/#website\"},\"primaryImageOfPage\":{\"@id\":\"https:\\\/\\\/nauti-parts.com\\\/es\\\/shop\\\/juguetes-acuaticos\\\/seascooter\\\/sublue\\\/cargador-rapido-sublue-vapor\\\/#primaryimage\"},\"image\":{\"@id\":\"https:\\\/\\\/nauti-parts.com\\\/es\\\/shop\\\/juguetes-acuaticos\\\/seascooter\\\/sublue\\\/cargador-rapido-sublue-vapor\\\/#primaryimage\"},\"thumbnailUrl\":\"https:\\\/\\\/nauti-parts.com\\\/wp-content\\\/uploads\\\/2025\\\/09\\\/vapor-fast-charger.webp\",\"datePublished\":\"2025-05-12T07:52:01+00:00\",\"breadcrumb\":{\"@id\":\"https:\\\/\\\/nauti-parts.com\\\/es\\\/shop\\\/juguetes-acuaticos\\\/seascooter\\\/sublue\\\/cargador-rapido-sublue-vapor\\\/#breadcrumb\"},\"inLanguage\":\"es\",\"potentialAction\":[{\"@type\":\"ReadAction\",\"target\":[\"https:\\\/\\\/nauti-parts.com\\\/es\\\/shop\\\/juguetes-acuaticos\\\/seascooter\\\/sublue\\\/cargador-rapido-sublue-vapor\\\/\"]}]},{\"@type\":\"ImageObject\",\"inLanguage\":\"es\",\"@id\":\"https:\\\/\\\/nauti-parts.com\\\/es\\\/shop\\\/juguetes-acuaticos\\\/seascooter\\\/sublue\\\/cargador-rapido-sublue-vapor\\\/#primaryimage\",\"url\":\"https:\\\/\\\/nauti-parts.com\\\/wp-content\\\/uploads\\\/2025\\\/09\\\/vapor-fast-charger.webp\",\"contentUrl\":\"https:\\\/\\\/nauti-parts.com\\\/wp-content\\\/uploads\\\/2025\\\/09\\\/vapor-fast-charger.webp\",\"width\":700,\"height\":600},{\"@type\":\"BreadcrumbList\",\"@id\":\"https:\\\/\\\/nauti-parts.com\\\/es\\\/shop\\\/juguetes-acuaticos\\\/seascooter\\\/sublue\\\/cargador-rapido-sublue-vapor\\\/#breadcrumb\",\"itemListElement\":[{\"@type\":\"ListItem\",\"position\":1,\"name\":\"Tienda\",\"item\":\"https:\\\/\\\/nauti-parts.com\\\/es\\\/tienda\\\/\"},{\"@type\":\"ListItem\",\"position\":2,\"name\":\"Cargador r\u00e1pido Sublue Vapor\"}]},{\"@type\":\"WebSite\",\"@id\":\"https:\\\/\\\/nauti-parts.com\\\/es\\\/#website\",\"url\":\"https:\\\/\\\/nauti-parts.com\\\/es\\\/\",\"name\":\"Nauti Parts\",\"description\":\"Sea-Doo Jet Ski - Seabob Dealer and Rentals | Water Toys Mallorca\",\"publisher\":{\"@id\":\"https:\\\/\\\/nauti-parts.com\\\/es\\\/#organization\"},\"potentialAction\":[{\"@type\":\"SearchAction\",\"target\":{\"@type\":\"EntryPoint\",\"urlTemplate\":\"https:\\\/\\\/nauti-parts.com\\\/es\\\/?s={search_term_string}\"},\"query-input\":{\"@type\":\"PropertyValueSpecification\",\"valueRequired\":true,\"valueName\":\"search_term_string\"}}],\"inLanguage\":\"es\"},{\"@type\":\"Organization\",\"@id\":\"https:\\\/\\\/nauti-parts.com\\\/es\\\/#organization\",\"name\":\"Piezas Nauti\",\"url\":\"https:\\\/\\\/nauti-parts.com\\\/es\\\/\",\"logo\":{\"@type\":\"ImageObject\",\"inLanguage\":\"es\",\"@id\":\"https:\\\/\\\/nauti-parts.com\\\/es\\\/#\\\/schema\\\/logo\\\/image\\\/\",\"url\":\"https:\\\/\\\/nauti-parts.com\\\/wp-content\\\/uploads\\\/2023\\\/10\\\/np-logo-black.png\",\"contentUrl\":\"https:\\\/\\\/nauti-parts.com\\\/wp-content\\\/uploads\\\/2023\\\/10\\\/np-logo-black.png\",\"width\":253,\"height\":100,\"caption\":\"Piezas Nauti\"},\"image\":{\"@id\":\"https:\\\/\\\/nauti-parts.com\\\/es\\\/#\\\/schema\\\/logo\\\/image\\\/\"},\"sameAs\":[\"https:\\\/\\\/www.facebook.com\\\/nautipartsspain\\\/\",\"https:\\\/\\\/www.instagram.com\\\/nautiparts\\\/\"]}]}<\/script>\n<!-- \/ Yoast SEO plugin. -->","yoast_head_json":{"title":"Cargador r\u00e1pido Sublue Vapor | Nauti Parts","robots":{"index":"index","follow":"follow","max-snippet":"max-snippet:-1","max-image-preview":"max-image-preview:large","max-video-preview":"max-video-preview:-1"},"canonical":"https:\/\/nauti-parts.com\/es\/shop\/juguetes-acuaticos\/seascooter\/sublue\/cargador-rapido-sublue-vapor\/","og_locale":"es_ES","og_type":"article","og_title":"Cargador r\u00e1pido Sublue Vapor | Nauti Parts","og_description":"\u00bfListo para otra inmersi\u00f3n? El Cargador R\u00e1pido Vapor es tu billete para pasar m\u00e1s tiempo en el agua y menos en el muelle.","og_url":"https:\/\/nauti-parts.com\/es\/shop\/juguetes-acuaticos\/seascooter\/sublue\/cargador-rapido-sublue-vapor\/","og_site_name":"Nauti Parts","article_publisher":"https:\/\/www.facebook.com\/nautipartsspain\/","og_image":[{"width":700,"height":600,"url":"https:\/\/nauti-parts.com\/wp-content\/uploads\/2025\/09\/vapor-fast-charger.webp","type":"image\/webp"}],"twitter_card":"summary_large_image","twitter_misc":{"Tiempo de lectura":"1 minuto"},"schema":{"@context":"https:\/\/schema.org","@graph":[{"@type":"WebPage","@id":"https:\/\/nauti-parts.com\/es\/shop\/juguetes-acuaticos\/seascooter\/sublue\/cargador-rapido-sublue-vapor\/","url":"https:\/\/nauti-parts.com\/es\/shop\/juguetes-acuaticos\/seascooter\/sublue\/cargador-rapido-sublue-vapor\/","name":"Cargador r\u00e1pido Sublue Vapor | Nauti Parts","isPartOf":{"@id":"https:\/\/nauti-parts.com\/es\/#website"},"primaryImageOfPage":{"@id":"https:\/\/nauti-parts.com\/es\/shop\/juguetes-acuaticos\/seascooter\/sublue\/cargador-rapido-sublue-vapor\/#primaryimage"},"image":{"@id":"https:\/\/nauti-parts.com\/es\/shop\/juguetes-acuaticos\/seascooter\/sublue\/cargador-rapido-sublue-vapor\/#primaryimage"},"thumbnailUrl":"https:\/\/nauti-parts.com\/wp-content\/uploads\/2025\/09\/vapor-fast-charger.webp","datePublished":"2025-05-12T07:52:01+00:00","breadcrumb":{"@id":"https:\/\/nauti-parts.com\/es\/shop\/juguetes-acuaticos\/seascooter\/sublue\/cargador-rapido-sublue-vapor\/#breadcrumb"},"inLanguage":"es","potentialAction":[{"@type":"ReadAction","target":["https:\/\/nauti-parts.com\/es\/shop\/juguetes-acuaticos\/seascooter\/sublue\/cargador-rapido-sublue-vapor\/"]}]},{"@type":"ImageObject","inLanguage":"es","@id":"https:\/\/nauti-parts.com\/es\/shop\/juguetes-acuaticos\/seascooter\/sublue\/cargador-rapido-sublue-vapor\/#primaryimage","url":"https:\/\/nauti-parts.com\/wp-content\/uploads\/2025\/09\/vapor-fast-charger.webp","contentUrl":"https:\/\/nauti-parts.com\/wp-content\/uploads\/2025\/09\/vapor-fast-charger.webp","width":700,"height":600},{"@type":"BreadcrumbList","@id":"https:\/\/nauti-parts.com\/es\/shop\/juguetes-acuaticos\/seascooter\/sublue\/cargador-rapido-sublue-vapor\/#breadcrumb","itemListElement":[{"@type":"ListItem","position":1,"name":"Tienda","item":"https:\/\/nauti-parts.com\/es\/tienda\/"},{"@type":"ListItem","position":2,"name":"Cargador r\u00e1pido Sublue Vapor"}]},{"@type":"WebSite","@id":"https:\/\/nauti-parts.com\/es\/#website","url":"https:\/\/nauti-parts.com\/es\/","name":"Nauti Parts","description":"Sea-Doo Jet Ski - Seabob Dealer and Rentals | Water Toys Mallorca","publisher":{"@id":"https:\/\/nauti-parts.com\/es\/#organization"},"potentialAction":[{"@type":"SearchAction","target":{"@type":"EntryPoint","urlTemplate":"https:\/\/nauti-parts.com\/es\/?s={search_term_string}"},"query-input":{"@type":"PropertyValueSpecification","valueRequired":true,"valueName":"search_term_string"}}],"inLanguage":"es"},{"@type":"Organization","@id":"https:\/\/nauti-parts.com\/es\/#organization","name":"Piezas Nauti","url":"https:\/\/nauti-parts.com\/es\/","logo":{"@type":"ImageObject","inLanguage":"es","@id":"https:\/\/nauti-parts.com\/es\/#\/schema\/logo\/image\/","url":"https:\/\/nauti-parts.com\/wp-content\/uploads\/2023\/10\/np-logo-black.png","contentUrl":"https:\/\/nauti-parts.com\/wp-content\/uploads\/2023\/10\/np-logo-black.png","width":253,"height":100,"caption":"Piezas Nauti"},"image":{"@id":"https:\/\/nauti-parts.com\/es\/#\/schema\/logo\/image\/"},"sameAs":["https:\/\/www.facebook.com\/nautipartsspain\/","https:\/\/www.instagram.com\/nautiparts\/"]}]}},"_links":{"self":[{"href":"https:\/\/nauti-parts.com\/es\/wp-json\/wp\/v2\/product\/23554","targetHints":{"allow":["GET"]}}],"collection":[{"href":"https:\/\/nauti-parts.com\/es\/wp-json\/wp\/v2\/product"}],"about":[{"href":"https:\/\/nauti-parts.com\/es\/wp-json\/wp\/v2\/types\/product"}],"replies":[{"embeddable":true,"href":"https:\/\/nauti-parts.com\/es\/wp-json\/wp\/v2\/comments?post=23554"}],"wp:featuredmedia":[{"embeddable":true,"href":"https:\/\/nauti-parts.com\/es\/wp-json\/wp\/v2\/media\/19716"}],"wp:attachment":[{"href":"https:\/\/nauti-parts.com\/es\/wp-json\/wp\/v2\/media?parent=23554"}],"wp:term":[{"taxonomy":"product_brand","embeddable":true,"href":"https:\/\/nauti-parts.com\/es\/wp-json\/wp\/v2\/product_brand?post=23554"},{"taxonomy":"product_cat","embeddable":true,"href":"https:\/\/nauti-parts.com\/es\/wp-json\/wp\/v2\/product_cat?post=23554"},{"taxonomy":"product_tag","embeddable":true,"href":"https:\/\/nauti-parts.com\/es\/wp-json\/wp\/v2\/product_tag?post=23554"}],"curies":[{"name":"wp","href":"https:\/\/api.w.org\/{rel}","templated":true}]}}