{"id":23499,"date":"2025-10-01T11:45:03","date_gmt":"2025-10-01T11:45:03","guid":{"rendered":"https:\/\/nauti-parts.com\/shop\/sin%20categor\u00eda\/sea-doo-2026-fish-pro-sport-170\/"},"modified":"2026-03-30T10:36:16","modified_gmt":"2026-03-30T10:36:16","slug":"sea-doo-2026-fish-pro-sport-170","status":"publish","type":"product","link":"https:\/\/nauti-parts.com\/es\/shop\/juguetes-acuaticos\/motos-acuaticas-sea-doo\/pesca-deportiva\/sea-doo-2026-fish-pro-sport-170\/","title":{"rendered":"Sea-Doo 2026 Fish Pro Sport 170"},"content":{"rendered":"<div class=\"wpb-content-wrapper\"><p>[vc_row full_width=&#8221;stretch_row_content&#8221; equal_height=&#8221;yes&#8221; content_placement=&#8221;middle&#8221; css=&#8221;.vc_custom_1728641328627{margin-top: 30px !important;margin-right: 30px !important;margin-left: 30px !important;padding-top: 30px !important;padding-right: 30px !important;padding-bottom: 30px !important;padding-left: 30px !important;background-color: #B6CDCB42 !important;}&#8221;][vc_column][vc_row_inner content_placement=&#8221;middle&#8221;][vc_column_inner width=&#8221;1\/2&#8243;][vc_single_image image=&#8221;20781&#8243; img_size=&#8221;full&#8221; alignment=&#8221;center&#8221; css=&#8221;&#8221;][\/vc_column_inner][vc_column_inner width=&#8221;1\/2&#8243;][vc_column_text css=&#8221;&#8221;]<\/p>\n<h3 style=\"font-size: 34px;\">Sea-Doo FishPro Sport<\/h3>\n<hr>\n<p>La FishPro original, la FishPro Sport ofrece una nueva forma de pescar. Consigue una nueva perspectiva de la acci\u00f3n, llega a lugares con un factor de diversi\u00f3n por las nubes&#8230; todo desde una moto acu\u00e1tica dise\u00f1ada con la pesca en el alma. <\/p>\n<hr>\n<ul class=\"list-group list-group-flush\">\n<li class=\"list-group-item\">Estabilidad y control l\u00edderes del sector<\/li>\n<li class=\"list-group-item\">La combinaci\u00f3n definitiva de potencia y ahorro de combustible.<\/li>\n<li class=\"list-group-item\">Hasta 3 pasajeros<\/li>\n<li class=\"list-group-item\">Gran plataforma de ba\u00f1o con puntos de fijaci\u00f3n LinQ<\/li>\n<li class=\"list-group-item\">Caracter\u00edsticas de pesca: sonda de pesca y GPS, asiento corrido, modo curric\u00e1n y reposapi\u00e9s en la borda<\/li>\n<\/ul>\n<p>[\/vc_column_text][vc_btn title=&#8221;Contacta con nosotros para obtener un presupuesto y m\u00e1s informaci\u00f3n&#8221; style=&#8221;flat&#8221; shape=&#8221;round&#8221; color=&#8221;turquoise&#8221; size=&#8221;lg&#8221; css=&#8221;&#8221; link=&#8221;url:https%3A%2F%2Fnauti-parts.com%2Fcontact%2F|title:Contact|&#8221;][\/vc_column_inner][\/vc_row_inner][\/vc_column][\/vc_row][vc_row][vc_column][vc_column_text css=&#8221;&#8221;]<\/p>\n<h3 style=\"text-align: center; font-size: 28PX;\">ESPECIFICACIONES<\/h3>\n<p>[\/vc_column_text][\/vc_column][\/vc_row][vc_row full_width=&#8221;stretch_row_content&#8221;][vc_column width=&#8221;1\/6&#8243;][vc_icon icon_fontawesome=&#8221;fas fa-tachometer-alt&#8221; color=&#8221;turquoise&#8221; align=&#8221;center&#8221; css=&#8221;.vc_custom_1728639098189{margin-bottom: 0px !important;}&#8221;][vc_column_text css=&#8221;&#8221;]<\/p>\n<p style=\"text-align: center;\"><strong>Motor<\/strong><br \/>\nRotax 1630 ACE\u2122 &#8211; 170<\/p>\n<p>[\/vc_column_text][\/vc_column][vc_column width=&#8221;1\/6&#8243;][vc_icon icon_fontawesome=&#8221;fas fa-gas-pump&#8221; color=&#8221;turquoise&#8221; align=&#8221;center&#8221; css=&#8221;.vc_custom_1728639125285{margin-bottom: 0px !important;}&#8221;][vc_column_text css=&#8221;&#8221;]<\/p>\n<p style=\"text-align: center;\"><strong>Capacidad de combustible<br \/>\n<\/strong>70 L (18,5 gal)<\/p>\n<p>[\/vc_column_text][\/vc_column][vc_column width=&#8221;1\/6&#8243;][vc_icon icon_fontawesome=&#8221;fas fa-box-open&#8221; color=&#8221;turquoise&#8221; align=&#8221;center&#8221; css=&#8221;.vc_custom_1728639206255{margin-bottom: 0px !important;}&#8221;][vc_column_text css=&#8221;&#8221;]<\/p>\n<p style=\"text-align: center;\"><strong>Capacidad de almacenamiento<br \/>\n<\/strong>Un total de 149,9 L (39,6 gal)<\/p>\n<p>[\/vc_column_text][\/vc_column][vc_column width=&#8221;1\/6&#8243;][vc_icon icon_fontawesome=&#8221;fas fa-user-friends&#8221; color=&#8221;turquoise&#8221; align=&#8221;center&#8221; css=&#8221;.vc_custom_1728639277552{margin-bottom: 0px !important;}&#8221;][vc_column_text css=&#8221;&#8221;]<\/p>\n<p style=\"text-align: center;\"><strong>Capacidad para jinetes<br \/>\n<\/strong>3<\/p>\n<p>[\/vc_column_text][\/vc_column][vc_column width=&#8221;1\/6&#8243;][vc_icon icon_fontawesome=&#8221;fas fa-ship&#8221; color=&#8221;turquoise&#8221; align=&#8221;center&#8221; css=&#8221;.vc_custom_1728639325853{margin-bottom: 0px !important;}&#8221;][vc_column_text css=&#8221;&#8221;]<\/p>\n<p style=\"text-align: center;\"><strong>Material del casco<br \/>\n<\/strong>Fibra de vidrio<\/p>\n<p>[\/vc_column_text][\/vc_column][vc_column width=&#8221;1\/6&#8243;][vc_icon icon_fontawesome=&#8221;fas fa-file-pdf&#8221; color=&#8221;turquoise&#8221; align=&#8221;center&#8221; css=&#8221;.vc_custom_1728639402686{margin-bottom: 0px !important;}&#8221;][vc_column_text css=&#8221;&#8221;]<\/p>\n<p style=\"text-align: center;\"><strong>Especificaciones<br \/>\n<\/strong><a href=\"https:\/\/nauti-parts.com\/wp-content\/uploads\/2024\/11\/SEA-MY25-FISH-FP-SPORT-SPEC-ENNA-Page-PDFx.pdf\">Descarga<\/a><\/p>\n<p>[\/vc_column_text][\/vc_column][\/vc_row][vc_row][vc_column][vc_column_text]<\/p>\n<p>[\/vc_column_text][\/vc_column][\/vc_row][vc_row full_width=&#8221;stretch_row_content&#8221; css=&#8221;.vc_custom_1728642462100{border-bottom-width: 1px !important;padding-top: 6% !important;padding-bottom: 4% !important;background-position: center !important;background-repeat: no-repeat !important;background-size: cover !important;border-bottom-style: none !important;border-color: #dddddd !important;}&#8221; background_style=&#8221;normal&#8221;][vc_column][vc_empty_space height=&#8221;30px&#8221;][vc_column_text css=&#8221;.vc_custom_1479828377370{margin-bottom: 20px !important;}&#8221;]<\/p>\n<h2 style=\"text-align: center;\"><strong>\u00bfQuieres saber m\u00e1s?<\/strong><\/h2>\n<p>[\/vc_column_text][vc_column_text]<\/p>\n<p style=\"text-align: center;\">Ponte en contacto con nosotros hoy mismo para obtener m\u00e1s informaci\u00f3n sobre cualquiera de nuestros productos o servicios.<\/p>\n<p>[\/vc_column_text][vc_btn title=&#8221;Ponte en contacto con nosotros&#8221; style=&#8221;flat&#8221; shape=&#8221;square&#8221; color=&#8221;black&#8221; size=&#8221;lg&#8221; align=&#8221;center&#8221; link=&#8221;url:https%3A%2F%2Fnauti-parts.com%2Fcontact%2F|&#8221;][vc_empty_space height=&#8221;30px&#8221;][vc_row_inner css=&#8221;.vc_custom_1681398940617{margin-top: 70px !important;padding-bottom: 40px !important;background-color: #f4f4f4 !important;}&#8221;][vc_column_inner width=&#8221;1\/3&#8243;][vc_column_text]<\/p>\n<h3 style=\"text-align: center;\"><strong>Tienda de recambios Nauti<br \/>\nPortals Nous<\/strong><\/h3>\n<hr>\n<p style=\"text-align: center;\"><strong>Tel\u00e9fono: <a href=\"tel:0034971677730\">(+34) 971 67 77 30<\/a><br \/>\nCorreo electr\u00f3nico: <a href=\"mailto:nautiparts@yahoo.com\">nautiparts@yahoo.com<\/a><\/strong><\/p>\n<p style=\"text-align: center;\">C\/ Benito Geronimo Feijoo 2<br \/>\nLocal 5, Portals Nous<br \/>\n07181, Calvia, Mallorca<\/p>\n<p style=\"text-align: center;\"><strong>Horario de apertura:<\/strong><br \/>\nDe lunes a viernes: 9:00 &#8211; 18:00<br \/>\nS\u00e1bado: 09:30 &#8211; 13:30<br \/>\nDomingo Cerrado<\/p>\n<hr>\n<p style=\"text-align: center;\"><strong><a href=\"https:\/\/www.google.es\/maps\/place\/Nauti+Parts\/@39.5332679,2.5649517,17z\/data=!3m1!4b1!4m5!3m4!1s0x12978e9980b7b797:0xc4113de6c9bf0e9c!8m2!3d39.5332679!4d2.5671404\" target=\"_blank\" rel=\"noopener noreferrer\">C\u00d3MO LLEGAR<\/a><\/strong><\/p>\n<p>[\/vc_column_text][vc_gmaps link=&#8221;#E-8_JTNDaWZyYW1lJTIwc3JjJTNEJTIyaHR0cHMlM0ElMkYlMkZ3d3cuZ29vZ2xlLmNvbSUyRm1hcHMlMkZlbWJlZCUzRnBiJTNEJTIxMW0xOCUyMTFtMTIlMjExbTMlMjExZDMwNzcuMTY5MTI4MzI4MDY4JTIxMmQyLjU2NzIxMzU5OTk5OTk5OTclMjEzZDM5LjUzMzIzODQ5OTk5OTk5NiUyMTJtMyUyMTFmMCUyMTJmMCUyMTNmMCUyMTNtMiUyMTFpMTAyNCUyMTJpNzY4JTIxNGYxMy4xJTIxM20zJTIxMW0yJTIxMXMweDEyOTc4ZTk5ODBiN2I3OTclMjUzQTB4YzQxMTNkZTZjOWJmMGU5YyUyMTJzTmF1dGklMjUyMFBhcnRzJTIxNWUwJTIxM20yJTIxMXNlbiUyMTJzZXMlMjE0djE2ODEzOTg3OTk1MjUlMjE1bTIlMjExc2VuJTIxMnNlcyUyMiUyMHdpZHRoJTNEJTIyNjAwJTIyJTIwaGVpZ2h0JTNEJTIyNDUwJTIyJTIwc3R5bGUlM0QlMjJib3JkZXIlM0EwJTNCJTIyJTIwYWxsb3dmdWxsc2NyZWVuJTNEJTIyJTIyJTIwbG9hZGluZyUzRCUyMmxhenklMjIlMjByZWZlcnJlcnBvbGljeSUzRCUyMm5vLXJlZmVycmVyLXdoZW4tZG93bmdyYWRlJTIyJTNFJTNDJTJGaWZyYW1lJTNF&#8221; size=&#8221;&#8221; css=&#8221;.vc_custom_1681399002178{padding-right: 15px !important;padding-left: 15px !important;}&#8221;][\/vc_column_inner][vc_column_inner width=&#8221;1\/3&#8243;][vc_column_text css=&#8221;&#8221;]<\/p>\n<h3 style=\"text-align: center;\"><strong>Nauti Parts Shop<br \/>\nPort Adriano<\/strong><\/h3>\n<hr>\n<p style=\"text-align: center;\"><strong>Tel\u00e9fono: <a href=\"tel:0034971237482\">(+34) 971 23 74 82<\/a><br \/>\nCorreo electr\u00f3nico: <a href=\"mailto:nautiparts@yahoo.com\">nautiparts@yahoo.com<\/a><\/strong><\/p>\n<p style=\"text-align: center;\">Port Adriano, Local D1.4<br \/>\nUrb El Toro S\/N<br \/>\n07180, Calvia, Mallorca<\/p>\n<p style=\"text-align: center;\"><strong>Horario de apertura:<\/strong><br \/>\nLunes a viernes: 9:00 &#8211; 18:00<br \/>\nS\u00e1bado: 10:00 &#8211; 14:00<br \/>\nDomingo: 10:00 &#8211; 14:00<\/p>\n<hr>\n<p style=\"text-align: center;\"><strong><a href=\"https:\/\/www.google.es\/maps\/place\/Nauti+Parts+Port+Adriano\/@39.4988314,2.4433721,13z\/data=!4m8!1m2!2m1!1snauti+parts+adriano!3m4!1s0x12978839ac35935b:0x4f39ed91edca6cd8!8m2!3d39.489068!4d2.47749\" target=\"_blank\" rel=\"noopener noreferrer\">C\u00d3MO LLEGAR<\/a><\/strong><\/p>\n<p>[\/vc_column_text][vc_gmaps link=&#8221;#E-8_JTNDaWZyYW1lJTIwc3JjJTNEJTIyaHR0cHMlM0ElMkYlMkZ3d3cuZ29vZ2xlLmNvbSUyRm1hcHMlMkZlbWJlZCUzRnBiJTNEJTIxMW0xNCUyMTFtOCUyMTFtMyUyMTFkNDkyNTkuMDk4NTYxNDczNjM1JTIxMmQyLjQ0MzM3MjElMjEzZDM5LjQ5ODgzMTQlMjEzbTIlMjExaTEwMjQlMjEyaTc2OCUyMTRmMTMuMSUyMTNtMyUyMTFtMiUyMTFzMHgxMjk3ODgzOWFjMzU5MzViJTI1M0EweDRmMzllZDkxZWRjYTZjZDglMjEyc05hdXRpJTI1MjBQYXJ0cyUyNTIwUG9ydCUyNTIwQWRyaWFubyUyMTVlMCUyMTNtMiUyMTFzZW4lMjEyc2VzJTIxNHYxNjgxMzk4ODI0MTg5JTIxNW0yJTIxMXNlbiUyMTJzZXMlMjIlMjB3aWR0aCUzRCUyMjYwMCUyMiUyMGhlaWdodCUzRCUyMjQ1MCUyMiUyMHN0eWxlJTNEJTIyYm9yZGVyJTNBMCUzQiUyMiUyMGFsbG93ZnVsbHNjcmVlbiUzRCUyMiUyMiUyMGxvYWRpbmclM0QlMjJsYXp5JTIyJTIwcmVmZXJyZXJwb2xpY3klM0QlMjJuby1yZWZlcnJlci13aGVuLWRvd25ncmFkZSUyMiUzRSUzQyUyRmlmcmFtZSUzRQ==&#8221; size=&#8221;&#8221; css=&#8221;.vc_custom_1681399011964{padding-right: 15px !important;padding-left: 15px !important;}&#8221;][\/vc_column_inner][vc_column_inner width=&#8221;1\/3&#8243;][vc_column_text]<\/p>\n<h3 style=\"text-align: center;\"><strong>Centro de servicio Nauti Parts<br \/>\n<\/strong><\/h3>\n<hr>\n<p style=\"text-align: center;\"><strong>Tel\u00e9fono: <a href=\"tel:0034971696644\">(+34) 971 69 66 44<\/a><br \/>\nCorreo electr\u00f3nico: <a href=\"mailto:nautiparts@yahoo.com\">nautiparts@yahoo.com<\/a><br \/>\n<\/strong><\/p>\n<p style=\"text-align: center;\">Pol\u00edgono Son Bugadelles<br \/>\nC\/ Alicante, Nave 15A<br \/>\n07180, Calvia, Mallorca<\/p>\n<p style=\"text-align: center;\"><strong>Horario de apertura:<\/strong><br \/>\nDe lunes a viernes 09:00 &#8211; 13:00 \/ 15:00 &#8211; 18:00<br \/>\nS\u00e1bado 09:30 &#8211; 13:30<br \/>\nDomingo: Cerrado<\/p>\n<hr>\n<p style=\"text-align: center;\"><strong><a href=\"https:\/\/www.google.es\/maps\/place\/Nauti+Parts+Jet+Centre\/@39.528493,2.5057545,18z\/data=!3m1!4b1!4m5!3m4!1s0x129789710e312171:0xc4de77cc7a632f27!8m2!3d39.528493!4d2.5068515\" target=\"_blank\" rel=\"noopener noreferrer\">C\u00d3MO LLEGAR<\/a><\/strong><\/p>\n<p>[\/vc_column_text][vc_gmaps link=&#8221;#E-8_JTNDaWZyYW1lJTIwc3JjJTNEJTIyaHR0cHMlM0ElMkYlMkZ3d3cuZ29vZ2xlLmNvbSUyRm1hcHMlMkZlbWJlZCUzRnBiJTNEJTIxMW0xOCUyMTFtMTIlMjExbTMlMjExZDE1MzguNzEyNzg3ODcwNDcxJTIxMmQyLjUwNDgzMTQwMDAwMDAwMDUlMjEzZDM5LjUyNzQ1MjQ5OTk5OTk5NSUyMTJtMyUyMTFmMCUyMTJmMCUyMTNmMCUyMTNtMiUyMTFpMTAyNCUyMTJpNzY4JTIxNGYxMy4xJTIxM20zJTIxMW0yJTIxMXMweDEyOTc4OTcxMGUzMTIxNzElMjUzQTB4YzRkZTc3Y2M3YTYzMmYyNyUyMTJzTmF1dGklMjUyMFBhcnRzJTIxNWUwJTIxM20yJTIxMXNlbiUyMTJzZXMlMjE0djE2ODEzOTg4NDgwNjYlMjE1bTIlMjExc2VuJTIxMnNlcyUyMiUyMHdpZHRoJTNEJTIyNjAwJTIyJTIwaGVpZ2h0JTNEJTIyNDUwJTIyJTIwc3R5bGUlM0QlMjJib3JkZXIlM0EwJTNCJTIyJTIwYWxsb3dmdWxsc2NyZWVuJTNEJTIyJTIyJTIwbG9hZGluZyUzRCUyMmxhenklMjIlMjByZWZlcnJlcnBvbGljeSUzRCUyMm5vLXJlZmVycmVyLXdoZW4tZG93bmdyYWRlJTIyJTNFJTNDJTJGaWZyYW1lJTNF&#8221; size=&#8221;&#8221; css=&#8221;.vc_custom_1681399019212{padding-right: 15px !important;padding-left: 15px !important;}&#8221;][\/vc_column_inner][\/vc_row_inner][\/vc_column][\/vc_row]<\/p>\n<\/div>","protected":false},"excerpt":{"rendered":"<p>El cambio de juego original. Descubre una nueva perspectiva de la pesca deportiva <\/p>\n<h6>El precio indicado incluye el IVA y la entrega, excluye la matr\u00edcula<\/h6>\n","protected":false},"featured_media":19834,"comment_status":"open","ping_status":"closed","template":"","meta":{"_acf_changed":false},"product_brand":[],"product_cat":[208,228,229],"product_tag":[231,230],"class_list":{"0":"post-23499","1":"product","2":"type-product","3":"status-publish","4":"has-post-thumbnail","6":"product_cat-juguetes-acuaticos","7":"product_cat-motos-acuaticas-sea-doo","8":"product_cat-pesca-deportiva","9":"product_tag-231","10":"product_tag-sea-doo","11":"repupress_customize_woocommerce_productom_class","13":"first","14":"instock","15":"taxable","16":"shipping-taxable","17":"purchasable","18":"product-type-simple"},"acf":[],"yoast_head":"<!-- This site is optimized with the Yoast SEO plugin v27.2 - https:\/\/yoast.com\/product\/yoast-seo-wordpress\/ -->\n<title>Sea-Doo 2026 Fish Pro Sport 170 | Nauti Parts<\/title>\n<meta name=\"robots\" content=\"index, follow, max-snippet:-1, max-image-preview:large, max-video-preview:-1\" \/>\n<link rel=\"canonical\" href=\"https:\/\/nauti-parts.com\/es\/shop\/juguetes-acuaticos\/motos-acuaticas-sea-doo\/pesca-deportiva\/sea-doo-2026-fish-pro-sport-170\/\" \/>\n<meta property=\"og:locale\" content=\"es_ES\" \/>\n<meta property=\"og:type\" content=\"article\" \/>\n<meta property=\"og:title\" content=\"Sea-Doo 2026 Fish Pro Sport 170 | Nauti Parts\" \/>\n<meta property=\"og:description\" content=\"El cambio de juego original. Descubre una nueva perspectiva de la pesca deportiva El precio indicado incluye el IVA y la entrega, excluye la matr\u00edcula\" \/>\n<meta property=\"og:url\" content=\"https:\/\/nauti-parts.com\/es\/shop\/juguetes-acuaticos\/motos-acuaticas-sea-doo\/pesca-deportiva\/sea-doo-2026-fish-pro-sport-170\/\" \/>\n<meta property=\"og:site_name\" content=\"Nauti Parts\" \/>\n<meta property=\"article:publisher\" content=\"https:\/\/www.facebook.com\/nautipartsspain\/\" \/>\n<meta property=\"article:modified_time\" content=\"2026-03-30T10:36:16+00:00\" \/>\n<meta property=\"og:image\" content=\"https:\/\/nauti-parts.com\/wp-content\/uploads\/2025\/10\/2026-fish-sport.jpg\" \/>\n\t<meta property=\"og:image:width\" content=\"661\" \/>\n\t<meta property=\"og:image:height\" content=\"480\" \/>\n\t<meta property=\"og:image:type\" content=\"image\/jpeg\" \/>\n<meta name=\"twitter:card\" content=\"summary_large_image\" \/>\n<meta name=\"twitter:label1\" content=\"Tiempo de lectura\" \/>\n\t<meta name=\"twitter:data1\" content=\"5 minutos\" \/>\n<script type=\"application\/ld+json\" class=\"yoast-schema-graph\">{\"@context\":\"https:\/\/schema.org\",\"@graph\":[{\"@type\":\"WebPage\",\"@id\":\"https:\/\/nauti-parts.com\/es\/shop\/juguetes-acuaticos\/motos-acuaticas-sea-doo\/pesca-deportiva\/sea-doo-2026-fish-pro-sport-170\/\",\"url\":\"https:\/\/nauti-parts.com\/es\/shop\/juguetes-acuaticos\/motos-acuaticas-sea-doo\/pesca-deportiva\/sea-doo-2026-fish-pro-sport-170\/\",\"name\":\"Sea-Doo 2026 Fish Pro Sport 170 | Nauti Parts\",\"isPartOf\":{\"@id\":\"https:\/\/nauti-parts.com\/es\/#website\"},\"primaryImageOfPage\":{\"@id\":\"https:\/\/nauti-parts.com\/es\/shop\/juguetes-acuaticos\/motos-acuaticas-sea-doo\/pesca-deportiva\/sea-doo-2026-fish-pro-sport-170\/#primaryimage\"},\"image\":{\"@id\":\"https:\/\/nauti-parts.com\/es\/shop\/juguetes-acuaticos\/motos-acuaticas-sea-doo\/pesca-deportiva\/sea-doo-2026-fish-pro-sport-170\/#primaryimage\"},\"thumbnailUrl\":\"https:\/\/nauti-parts.com\/wp-content\/uploads\/2025\/10\/2026-fish-sport.jpg\",\"datePublished\":\"2025-10-01T11:45:03+00:00\",\"dateModified\":\"2026-03-30T10:36:16+00:00\",\"breadcrumb\":{\"@id\":\"https:\/\/nauti-parts.com\/es\/shop\/juguetes-acuaticos\/motos-acuaticas-sea-doo\/pesca-deportiva\/sea-doo-2026-fish-pro-sport-170\/#breadcrumb\"},\"inLanguage\":\"es\",\"potentialAction\":[{\"@type\":\"ReadAction\",\"target\":[\"https:\/\/nauti-parts.com\/es\/shop\/juguetes-acuaticos\/motos-acuaticas-sea-doo\/pesca-deportiva\/sea-doo-2026-fish-pro-sport-170\/\"]}]},{\"@type\":\"ImageObject\",\"inLanguage\":\"es\",\"@id\":\"https:\/\/nauti-parts.com\/es\/shop\/juguetes-acuaticos\/motos-acuaticas-sea-doo\/pesca-deportiva\/sea-doo-2026-fish-pro-sport-170\/#primaryimage\",\"url\":\"https:\/\/nauti-parts.com\/wp-content\/uploads\/2025\/10\/2026-fish-sport.jpg\",\"contentUrl\":\"https:\/\/nauti-parts.com\/wp-content\/uploads\/2025\/10\/2026-fish-sport.jpg\",\"width\":661,\"height\":480},{\"@type\":\"BreadcrumbList\",\"@id\":\"https:\/\/nauti-parts.com\/es\/shop\/juguetes-acuaticos\/motos-acuaticas-sea-doo\/pesca-deportiva\/sea-doo-2026-fish-pro-sport-170\/#breadcrumb\",\"itemListElement\":[{\"@type\":\"ListItem\",\"position\":1,\"name\":\"Tienda\",\"item\":\"https:\/\/nauti-parts.com\/es\/tienda\/\"},{\"@type\":\"ListItem\",\"position\":2,\"name\":\"Sea-Doo 2026 Fish Pro Sport 170\"}]},{\"@type\":\"WebSite\",\"@id\":\"https:\/\/nauti-parts.com\/es\/#website\",\"url\":\"https:\/\/nauti-parts.com\/es\/\",\"name\":\"Nauti Parts\",\"description\":\"Sea-Doo Jet Ski - Seabob Dealer and Rentals | Water Toys Mallorca\",\"publisher\":{\"@id\":\"https:\/\/nauti-parts.com\/es\/#organization\"},\"potentialAction\":[{\"@type\":\"SearchAction\",\"target\":{\"@type\":\"EntryPoint\",\"urlTemplate\":\"https:\/\/nauti-parts.com\/es\/?s={search_term_string}\"},\"query-input\":{\"@type\":\"PropertyValueSpecification\",\"valueRequired\":true,\"valueName\":\"search_term_string\"}}],\"inLanguage\":\"es\"},{\"@type\":\"Organization\",\"@id\":\"https:\/\/nauti-parts.com\/es\/#organization\",\"name\":\"Piezas Nauti\",\"url\":\"https:\/\/nauti-parts.com\/es\/\",\"logo\":{\"@type\":\"ImageObject\",\"inLanguage\":\"es\",\"@id\":\"https:\/\/nauti-parts.com\/es\/#\/schema\/logo\/image\/\",\"url\":\"https:\/\/nauti-parts.com\/wp-content\/uploads\/2023\/10\/np-logo-black.png\",\"contentUrl\":\"https:\/\/nauti-parts.com\/wp-content\/uploads\/2023\/10\/np-logo-black.png\",\"width\":253,\"height\":100,\"caption\":\"Piezas Nauti\"},\"image\":{\"@id\":\"https:\/\/nauti-parts.com\/es\/#\/schema\/logo\/image\/\"},\"sameAs\":[\"https:\/\/www.facebook.com\/nautipartsspain\/\",\"https:\/\/www.instagram.com\/nautiparts\/\"]}]}<\/script>\n<!-- \/ Yoast SEO plugin. -->","yoast_head_json":{"title":"Sea-Doo 2026 Fish Pro Sport 170 | Nauti Parts","robots":{"index":"index","follow":"follow","max-snippet":"max-snippet:-1","max-image-preview":"max-image-preview:large","max-video-preview":"max-video-preview:-1"},"canonical":"https:\/\/nauti-parts.com\/es\/shop\/juguetes-acuaticos\/motos-acuaticas-sea-doo\/pesca-deportiva\/sea-doo-2026-fish-pro-sport-170\/","og_locale":"es_ES","og_type":"article","og_title":"Sea-Doo 2026 Fish Pro Sport 170 | Nauti Parts","og_description":"El cambio de juego original. Descubre una nueva perspectiva de la pesca deportiva El precio indicado incluye el IVA y la entrega, excluye la matr\u00edcula","og_url":"https:\/\/nauti-parts.com\/es\/shop\/juguetes-acuaticos\/motos-acuaticas-sea-doo\/pesca-deportiva\/sea-doo-2026-fish-pro-sport-170\/","og_site_name":"Nauti Parts","article_publisher":"https:\/\/www.facebook.com\/nautipartsspain\/","article_modified_time":"2026-03-30T10:36:16+00:00","og_image":[{"width":661,"height":480,"url":"https:\/\/nauti-parts.com\/wp-content\/uploads\/2025\/10\/2026-fish-sport.jpg","type":"image\/jpeg"}],"twitter_card":"summary_large_image","twitter_misc":{"Tiempo de lectura":"5 minutos"},"schema":{"@context":"https:\/\/schema.org","@graph":[{"@type":"WebPage","@id":"https:\/\/nauti-parts.com\/es\/shop\/juguetes-acuaticos\/motos-acuaticas-sea-doo\/pesca-deportiva\/sea-doo-2026-fish-pro-sport-170\/","url":"https:\/\/nauti-parts.com\/es\/shop\/juguetes-acuaticos\/motos-acuaticas-sea-doo\/pesca-deportiva\/sea-doo-2026-fish-pro-sport-170\/","name":"Sea-Doo 2026 Fish Pro Sport 170 | Nauti Parts","isPartOf":{"@id":"https:\/\/nauti-parts.com\/es\/#website"},"primaryImageOfPage":{"@id":"https:\/\/nauti-parts.com\/es\/shop\/juguetes-acuaticos\/motos-acuaticas-sea-doo\/pesca-deportiva\/sea-doo-2026-fish-pro-sport-170\/#primaryimage"},"image":{"@id":"https:\/\/nauti-parts.com\/es\/shop\/juguetes-acuaticos\/motos-acuaticas-sea-doo\/pesca-deportiva\/sea-doo-2026-fish-pro-sport-170\/#primaryimage"},"thumbnailUrl":"https:\/\/nauti-parts.com\/wp-content\/uploads\/2025\/10\/2026-fish-sport.jpg","datePublished":"2025-10-01T11:45:03+00:00","dateModified":"2026-03-30T10:36:16+00:00","breadcrumb":{"@id":"https:\/\/nauti-parts.com\/es\/shop\/juguetes-acuaticos\/motos-acuaticas-sea-doo\/pesca-deportiva\/sea-doo-2026-fish-pro-sport-170\/#breadcrumb"},"inLanguage":"es","potentialAction":[{"@type":"ReadAction","target":["https:\/\/nauti-parts.com\/es\/shop\/juguetes-acuaticos\/motos-acuaticas-sea-doo\/pesca-deportiva\/sea-doo-2026-fish-pro-sport-170\/"]}]},{"@type":"ImageObject","inLanguage":"es","@id":"https:\/\/nauti-parts.com\/es\/shop\/juguetes-acuaticos\/motos-acuaticas-sea-doo\/pesca-deportiva\/sea-doo-2026-fish-pro-sport-170\/#primaryimage","url":"https:\/\/nauti-parts.com\/wp-content\/uploads\/2025\/10\/2026-fish-sport.jpg","contentUrl":"https:\/\/nauti-parts.com\/wp-content\/uploads\/2025\/10\/2026-fish-sport.jpg","width":661,"height":480},{"@type":"BreadcrumbList","@id":"https:\/\/nauti-parts.com\/es\/shop\/juguetes-acuaticos\/motos-acuaticas-sea-doo\/pesca-deportiva\/sea-doo-2026-fish-pro-sport-170\/#breadcrumb","itemListElement":[{"@type":"ListItem","position":1,"name":"Tienda","item":"https:\/\/nauti-parts.com\/es\/tienda\/"},{"@type":"ListItem","position":2,"name":"Sea-Doo 2026 Fish Pro Sport 170"}]},{"@type":"WebSite","@id":"https:\/\/nauti-parts.com\/es\/#website","url":"https:\/\/nauti-parts.com\/es\/","name":"Nauti Parts","description":"Sea-Doo Jet Ski - Seabob Dealer and Rentals | Water Toys Mallorca","publisher":{"@id":"https:\/\/nauti-parts.com\/es\/#organization"},"potentialAction":[{"@type":"SearchAction","target":{"@type":"EntryPoint","urlTemplate":"https:\/\/nauti-parts.com\/es\/?s={search_term_string}"},"query-input":{"@type":"PropertyValueSpecification","valueRequired":true,"valueName":"search_term_string"}}],"inLanguage":"es"},{"@type":"Organization","@id":"https:\/\/nauti-parts.com\/es\/#organization","name":"Piezas Nauti","url":"https:\/\/nauti-parts.com\/es\/","logo":{"@type":"ImageObject","inLanguage":"es","@id":"https:\/\/nauti-parts.com\/es\/#\/schema\/logo\/image\/","url":"https:\/\/nauti-parts.com\/wp-content\/uploads\/2023\/10\/np-logo-black.png","contentUrl":"https:\/\/nauti-parts.com\/wp-content\/uploads\/2023\/10\/np-logo-black.png","width":253,"height":100,"caption":"Piezas Nauti"},"image":{"@id":"https:\/\/nauti-parts.com\/es\/#\/schema\/logo\/image\/"},"sameAs":["https:\/\/www.facebook.com\/nautipartsspain\/","https:\/\/www.instagram.com\/nautiparts\/"]}]}},"_links":{"self":[{"href":"https:\/\/nauti-parts.com\/es\/wp-json\/wp\/v2\/product\/23499","targetHints":{"allow":["GET"]}}],"collection":[{"href":"https:\/\/nauti-parts.com\/es\/wp-json\/wp\/v2\/product"}],"about":[{"href":"https:\/\/nauti-parts.com\/es\/wp-json\/wp\/v2\/types\/product"}],"replies":[{"embeddable":true,"href":"https:\/\/nauti-parts.com\/es\/wp-json\/wp\/v2\/comments?post=23499"}],"wp:featuredmedia":[{"embeddable":true,"href":"https:\/\/nauti-parts.com\/es\/wp-json\/wp\/v2\/media\/19834"}],"wp:attachment":[{"href":"https:\/\/nauti-parts.com\/es\/wp-json\/wp\/v2\/media?parent=23499"}],"wp:term":[{"taxonomy":"product_brand","embeddable":true,"href":"https:\/\/nauti-parts.com\/es\/wp-json\/wp\/v2\/product_brand?post=23499"},{"taxonomy":"product_cat","embeddable":true,"href":"https:\/\/nauti-parts.com\/es\/wp-json\/wp\/v2\/product_cat?post=23499"},{"taxonomy":"product_tag","embeddable":true,"href":"https:\/\/nauti-parts.com\/es\/wp-json\/wp\/v2\/product_tag?post=23499"}],"curies":[{"name":"wp","href":"https:\/\/api.w.org\/{rel}","templated":true}]}}