{"id":23493,"date":"2025-10-15T12:35:34","date_gmt":"2025-10-15T12:35:34","guid":{"rendered":"https:\/\/nauti-parts.com\/shop\/sin categor\u00eda\/isla-jobe-infinity-pequena\/"},"modified":"2025-10-15T12:35:34","modified_gmt":"2025-10-15T12:35:34","slug":"isla-jobe-infinity-pequena","status":"publish","type":"product","link":"https:\/\/nauti-parts.com\/es\/shop\/hinchables\/plataformas\/isla-jobe-infinity-pequena\/","title":{"rendered":"Isla Jobe Infinity Peque\u00f1a"},"content":{"rendered":"<p>Longitud: 2,17 m | 7&#8217;1&#8243; &#8211; Anchura: 3,32 m | 10&#8217;11&#8221; &#8211; Espesor: 20 cm | 8&#8243; &#8211; Superficie total: 4m2 &#8211; Volumen: 907 L &#8211; Peso: 23,7 kg | 52,3 lbs &#8211; Peso m\u00e1ximo: 390 kg<br \/>\n| 860 lbs &#8211; Presi\u00f3n: 6 PSI &#8211; 1 v\u00e1lvula Halkey Roberts &#8211; Construcci\u00f3n ligera de puntada ca\u00edda de una sola capa &#8211; Plataforma de EVA antideslizante, c\u00f3moda y duradera, de 5 mm de grosor &#8211; 6 asas de transporte<br \/>\n&#8211; 3 anillas en D individuales grandes con correas de velcro y 3 anillas en D dobles peque\u00f1as para conectar plataformas entre s\u00ed &#8211; Solapas de conexi\u00f3n de velcro para unir con seguridad las plataformas<br \/>\n&#8211; Incluye bolsa de almacenamiento de PVC &#8211; 3 a\u00f1os de garant\u00eda<\/p>\n","protected":false},"excerpt":{"rendered":"<p>\u00a1Porque todas las islas son \u00fanicas!  <\/p>\n<p>Dimensiones: 217 x 332 x 20 cm<\/p>\n","protected":false},"featured_media":19938,"comment_status":"open","ping_status":"closed","template":"","meta":{"_acf_changed":false},"product_brand":[],"product_cat":[224,347,262,232],"product_tag":[],"class_list":{"0":"post-23493","1":"product","2":"type-product","3":"status-publish","4":"has-post-thumbnail","6":"product_cat-hinchables","7":"product_cat-jobe-infinito","9":"product_cat-plataformas","10":"repupress_customize_woocommerce_productom_class","12":"first","13":"instock","14":"taxable","15":"shipping-taxable","16":"purchasable","17":"product-type-simple"},"acf":[],"yoast_head":"<!-- This site is optimized with the Yoast SEO plugin v27.5 - https:\/\/yoast.com\/product\/yoast-seo-wordpress\/ -->\n<title>Isla Jobe Infinity Peque\u00f1a | Nauti Parts<\/title>\n<meta name=\"robots\" content=\"index, follow, max-snippet:-1, max-image-preview:large, max-video-preview:-1\" \/>\n<link rel=\"canonical\" href=\"https:\/\/nauti-parts.com\/es\/shop\/hinchables\/plataformas\/isla-jobe-infinity-pequena\/\" \/>\n<meta property=\"og:locale\" content=\"es_ES\" \/>\n<meta property=\"og:type\" content=\"article\" \/>\n<meta property=\"og:title\" content=\"Isla Jobe Infinity Peque\u00f1a | Nauti Parts\" \/>\n<meta property=\"og:description\" content=\"\u00a1Porque todas las islas son \u00fanicas!  Dimensiones: 217 x 332 x 20 cm\" \/>\n<meta property=\"og:url\" content=\"https:\/\/nauti-parts.com\/es\/shop\/hinchables\/plataformas\/isla-jobe-infinity-pequena\/\" \/>\n<meta property=\"og:site_name\" content=\"Nauti Parts\" \/>\n<meta property=\"article:publisher\" content=\"https:\/\/www.facebook.com\/nautipartsspain\/\" \/>\n<meta property=\"og:image\" content=\"https:\/\/nauti-parts.com\/wp-content\/uploads\/2025\/10\/jobe-infinity-island-small-2026.jpg\" \/>\n\t<meta property=\"og:image:width\" content=\"239\" \/>\n\t<meta property=\"og:image:height\" content=\"208\" \/>\n\t<meta property=\"og:image:type\" content=\"image\/jpeg\" \/>\n<meta name=\"twitter:card\" content=\"summary_large_image\" \/>\n<meta name=\"twitter:label1\" content=\"Tiempo de lectura\" \/>\n\t<meta name=\"twitter:data1\" content=\"1 minuto\" \/>\n<script type=\"application\/ld+json\" class=\"yoast-schema-graph\">{\"@context\":\"https:\\\/\\\/schema.org\",\"@graph\":[{\"@type\":\"WebPage\",\"@id\":\"https:\\\/\\\/nauti-parts.com\\\/es\\\/shop\\\/hinchables\\\/plataformas\\\/isla-jobe-infinity-pequena\\\/\",\"url\":\"https:\\\/\\\/nauti-parts.com\\\/es\\\/shop\\\/hinchables\\\/plataformas\\\/isla-jobe-infinity-pequena\\\/\",\"name\":\"Isla Jobe Infinity Peque\u00f1a | Nauti Parts\",\"isPartOf\":{\"@id\":\"https:\\\/\\\/nauti-parts.com\\\/es\\\/#website\"},\"primaryImageOfPage\":{\"@id\":\"https:\\\/\\\/nauti-parts.com\\\/es\\\/shop\\\/hinchables\\\/plataformas\\\/isla-jobe-infinity-pequena\\\/#primaryimage\"},\"image\":{\"@id\":\"https:\\\/\\\/nauti-parts.com\\\/es\\\/shop\\\/hinchables\\\/plataformas\\\/isla-jobe-infinity-pequena\\\/#primaryimage\"},\"thumbnailUrl\":\"https:\\\/\\\/nauti-parts.com\\\/wp-content\\\/uploads\\\/2025\\\/10\\\/jobe-infinity-island-small-2026.jpg\",\"datePublished\":\"2025-10-15T12:35:34+00:00\",\"breadcrumb\":{\"@id\":\"https:\\\/\\\/nauti-parts.com\\\/es\\\/shop\\\/hinchables\\\/plataformas\\\/isla-jobe-infinity-pequena\\\/#breadcrumb\"},\"inLanguage\":\"es\",\"potentialAction\":[{\"@type\":\"ReadAction\",\"target\":[\"https:\\\/\\\/nauti-parts.com\\\/es\\\/shop\\\/hinchables\\\/plataformas\\\/isla-jobe-infinity-pequena\\\/\"]}]},{\"@type\":\"ImageObject\",\"inLanguage\":\"es\",\"@id\":\"https:\\\/\\\/nauti-parts.com\\\/es\\\/shop\\\/hinchables\\\/plataformas\\\/isla-jobe-infinity-pequena\\\/#primaryimage\",\"url\":\"https:\\\/\\\/nauti-parts.com\\\/wp-content\\\/uploads\\\/2025\\\/10\\\/jobe-infinity-island-small-2026.jpg\",\"contentUrl\":\"https:\\\/\\\/nauti-parts.com\\\/wp-content\\\/uploads\\\/2025\\\/10\\\/jobe-infinity-island-small-2026.jpg\",\"width\":239,\"height\":208},{\"@type\":\"BreadcrumbList\",\"@id\":\"https:\\\/\\\/nauti-parts.com\\\/es\\\/shop\\\/hinchables\\\/plataformas\\\/isla-jobe-infinity-pequena\\\/#breadcrumb\",\"itemListElement\":[{\"@type\":\"ListItem\",\"position\":1,\"name\":\"Tienda\",\"item\":\"https:\\\/\\\/nauti-parts.com\\\/es\\\/tienda\\\/\"},{\"@type\":\"ListItem\",\"position\":2,\"name\":\"Isla Jobe Infinity Peque\u00f1a\"}]},{\"@type\":\"WebSite\",\"@id\":\"https:\\\/\\\/nauti-parts.com\\\/es\\\/#website\",\"url\":\"https:\\\/\\\/nauti-parts.com\\\/es\\\/\",\"name\":\"Nauti Parts\",\"description\":\"Sea-Doo Jet Ski - Seabob Dealer and Rentals | Water Toys Mallorca\",\"publisher\":{\"@id\":\"https:\\\/\\\/nauti-parts.com\\\/es\\\/#organization\"},\"potentialAction\":[{\"@type\":\"SearchAction\",\"target\":{\"@type\":\"EntryPoint\",\"urlTemplate\":\"https:\\\/\\\/nauti-parts.com\\\/es\\\/?s={search_term_string}\"},\"query-input\":{\"@type\":\"PropertyValueSpecification\",\"valueRequired\":true,\"valueName\":\"search_term_string\"}}],\"inLanguage\":\"es\"},{\"@type\":\"Organization\",\"@id\":\"https:\\\/\\\/nauti-parts.com\\\/es\\\/#organization\",\"name\":\"Piezas Nauti\",\"url\":\"https:\\\/\\\/nauti-parts.com\\\/es\\\/\",\"logo\":{\"@type\":\"ImageObject\",\"inLanguage\":\"es\",\"@id\":\"https:\\\/\\\/nauti-parts.com\\\/es\\\/#\\\/schema\\\/logo\\\/image\\\/\",\"url\":\"https:\\\/\\\/nauti-parts.com\\\/wp-content\\\/uploads\\\/2023\\\/10\\\/np-logo-black.png\",\"contentUrl\":\"https:\\\/\\\/nauti-parts.com\\\/wp-content\\\/uploads\\\/2023\\\/10\\\/np-logo-black.png\",\"width\":253,\"height\":100,\"caption\":\"Piezas Nauti\"},\"image\":{\"@id\":\"https:\\\/\\\/nauti-parts.com\\\/es\\\/#\\\/schema\\\/logo\\\/image\\\/\"},\"sameAs\":[\"https:\\\/\\\/www.facebook.com\\\/nautipartsspain\\\/\",\"https:\\\/\\\/www.instagram.com\\\/nautiparts\\\/\"]}]}<\/script>\n<!-- \/ Yoast SEO plugin. -->","yoast_head_json":{"title":"Isla Jobe Infinity Peque\u00f1a | Nauti Parts","robots":{"index":"index","follow":"follow","max-snippet":"max-snippet:-1","max-image-preview":"max-image-preview:large","max-video-preview":"max-video-preview:-1"},"canonical":"https:\/\/nauti-parts.com\/es\/shop\/hinchables\/plataformas\/isla-jobe-infinity-pequena\/","og_locale":"es_ES","og_type":"article","og_title":"Isla Jobe Infinity Peque\u00f1a | Nauti Parts","og_description":"\u00a1Porque todas las islas son \u00fanicas!  Dimensiones: 217 x 332 x 20 cm","og_url":"https:\/\/nauti-parts.com\/es\/shop\/hinchables\/plataformas\/isla-jobe-infinity-pequena\/","og_site_name":"Nauti Parts","article_publisher":"https:\/\/www.facebook.com\/nautipartsspain\/","og_image":[{"width":239,"height":208,"url":"https:\/\/nauti-parts.com\/wp-content\/uploads\/2025\/10\/jobe-infinity-island-small-2026.jpg","type":"image\/jpeg"}],"twitter_card":"summary_large_image","twitter_misc":{"Tiempo de lectura":"1 minuto"},"schema":{"@context":"https:\/\/schema.org","@graph":[{"@type":"WebPage","@id":"https:\/\/nauti-parts.com\/es\/shop\/hinchables\/plataformas\/isla-jobe-infinity-pequena\/","url":"https:\/\/nauti-parts.com\/es\/shop\/hinchables\/plataformas\/isla-jobe-infinity-pequena\/","name":"Isla Jobe Infinity Peque\u00f1a | Nauti Parts","isPartOf":{"@id":"https:\/\/nauti-parts.com\/es\/#website"},"primaryImageOfPage":{"@id":"https:\/\/nauti-parts.com\/es\/shop\/hinchables\/plataformas\/isla-jobe-infinity-pequena\/#primaryimage"},"image":{"@id":"https:\/\/nauti-parts.com\/es\/shop\/hinchables\/plataformas\/isla-jobe-infinity-pequena\/#primaryimage"},"thumbnailUrl":"https:\/\/nauti-parts.com\/wp-content\/uploads\/2025\/10\/jobe-infinity-island-small-2026.jpg","datePublished":"2025-10-15T12:35:34+00:00","breadcrumb":{"@id":"https:\/\/nauti-parts.com\/es\/shop\/hinchables\/plataformas\/isla-jobe-infinity-pequena\/#breadcrumb"},"inLanguage":"es","potentialAction":[{"@type":"ReadAction","target":["https:\/\/nauti-parts.com\/es\/shop\/hinchables\/plataformas\/isla-jobe-infinity-pequena\/"]}]},{"@type":"ImageObject","inLanguage":"es","@id":"https:\/\/nauti-parts.com\/es\/shop\/hinchables\/plataformas\/isla-jobe-infinity-pequena\/#primaryimage","url":"https:\/\/nauti-parts.com\/wp-content\/uploads\/2025\/10\/jobe-infinity-island-small-2026.jpg","contentUrl":"https:\/\/nauti-parts.com\/wp-content\/uploads\/2025\/10\/jobe-infinity-island-small-2026.jpg","width":239,"height":208},{"@type":"BreadcrumbList","@id":"https:\/\/nauti-parts.com\/es\/shop\/hinchables\/plataformas\/isla-jobe-infinity-pequena\/#breadcrumb","itemListElement":[{"@type":"ListItem","position":1,"name":"Tienda","item":"https:\/\/nauti-parts.com\/es\/tienda\/"},{"@type":"ListItem","position":2,"name":"Isla Jobe Infinity Peque\u00f1a"}]},{"@type":"WebSite","@id":"https:\/\/nauti-parts.com\/es\/#website","url":"https:\/\/nauti-parts.com\/es\/","name":"Nauti Parts","description":"Sea-Doo Jet Ski - Seabob Dealer and Rentals | Water Toys Mallorca","publisher":{"@id":"https:\/\/nauti-parts.com\/es\/#organization"},"potentialAction":[{"@type":"SearchAction","target":{"@type":"EntryPoint","urlTemplate":"https:\/\/nauti-parts.com\/es\/?s={search_term_string}"},"query-input":{"@type":"PropertyValueSpecification","valueRequired":true,"valueName":"search_term_string"}}],"inLanguage":"es"},{"@type":"Organization","@id":"https:\/\/nauti-parts.com\/es\/#organization","name":"Piezas Nauti","url":"https:\/\/nauti-parts.com\/es\/","logo":{"@type":"ImageObject","inLanguage":"es","@id":"https:\/\/nauti-parts.com\/es\/#\/schema\/logo\/image\/","url":"https:\/\/nauti-parts.com\/wp-content\/uploads\/2023\/10\/np-logo-black.png","contentUrl":"https:\/\/nauti-parts.com\/wp-content\/uploads\/2023\/10\/np-logo-black.png","width":253,"height":100,"caption":"Piezas Nauti"},"image":{"@id":"https:\/\/nauti-parts.com\/es\/#\/schema\/logo\/image\/"},"sameAs":["https:\/\/www.facebook.com\/nautipartsspain\/","https:\/\/www.instagram.com\/nautiparts\/"]}]}},"_links":{"self":[{"href":"https:\/\/nauti-parts.com\/es\/wp-json\/wp\/v2\/product\/23493","targetHints":{"allow":["GET"]}}],"collection":[{"href":"https:\/\/nauti-parts.com\/es\/wp-json\/wp\/v2\/product"}],"about":[{"href":"https:\/\/nauti-parts.com\/es\/wp-json\/wp\/v2\/types\/product"}],"replies":[{"embeddable":true,"href":"https:\/\/nauti-parts.com\/es\/wp-json\/wp\/v2\/comments?post=23493"}],"wp:featuredmedia":[{"embeddable":true,"href":"https:\/\/nauti-parts.com\/es\/wp-json\/wp\/v2\/media\/19938"}],"wp:attachment":[{"href":"https:\/\/nauti-parts.com\/es\/wp-json\/wp\/v2\/media?parent=23493"}],"wp:term":[{"taxonomy":"product_brand","embeddable":true,"href":"https:\/\/nauti-parts.com\/es\/wp-json\/wp\/v2\/product_brand?post=23493"},{"taxonomy":"product_cat","embeddable":true,"href":"https:\/\/nauti-parts.com\/es\/wp-json\/wp\/v2\/product_cat?post=23493"},{"taxonomy":"product_tag","embeddable":true,"href":"https:\/\/nauti-parts.com\/es\/wp-json\/wp\/v2\/product_tag?post=23493"}],"curies":[{"name":"wp","href":"https:\/\/api.w.org\/{rel}","templated":true}]}}