{"id":23401,"date":"2026-03-20T09:55:47","date_gmt":"2026-03-20T09:55:47","guid":{"rendered":"https:\/\/nauti-parts.com\/shop\/sin categor\u00eda\/moto-acuatica-agilis-305c-el-equilibrio-perfecto-entre-potencia-y-lujo-compacto\/"},"modified":"2026-03-20T09:55:47","modified_gmt":"2026-03-20T09:55:47","slug":"moto-acuatica-agilis-305c-el-equilibrio-perfecto-entre-potencia-y-lujo-compacto","status":"publish","type":"product","link":"https:\/\/nauti-parts.com\/es\/shop\/licitaciones-agilis\/moto-acuatica-agilis-305c-el-equilibrio-perfecto-entre-potencia-y-lujo-compacto\/","title":{"rendered":"Moto acu\u00e1tica Agilis 305C &#8211; El equilibrio perfecto entre potencia y lujo compacto"},"content":{"rendered":"<p data-path-to-node=\"9\"><b data-path-to-node=\"9\" data-index-in-node=\"0\">Rendimiento elevado, tama\u00f1o compacto<\/b> El Agilis 305C est\u00e1 dise\u00f1ado para propietarios de yates que necesitan una embarcaci\u00f3n auxiliar con el mismo rendimiento que una m\u00e1s grande, pero que quepa en un garaje normal. Con un casco dise\u00f1ado para la estabilidad y un potente motor de 90 CV, este modelo se desenvuelve con facilidad en aguas agitadas, proporcionando un viaje seco y seguro para hasta cuatro pasajeros. <\/p>\n<p data-path-to-node=\"10\"><b data-path-to-node=\"10\" data-index-in-node=\"0\">Asientos y ergonom\u00eda sin rival<\/b> La &#8220;C&#8221; de 305C significa Confort. A pesar de su tama\u00f1o manejable, la distribuci\u00f3n interior est\u00e1 optimizada para ofrecer aut\u00e9nticos asientos para cuatro adultos. El puesto de gobierno ergon\u00f3mico y la tapicer\u00eda de primera calidad garantizan que cada viaje -desde una r\u00e1pida carrera hasta el muelle hasta una larga tarde de exploraci\u00f3n costera- se realice con total comodidad.  <\/p>\n<p data-path-to-node=\"11\"><b data-path-to-node=\"11\" data-index-in-node=\"0\">Ingenier\u00eda alemana en su m\u00e1xima expresi\u00f3n<\/b> Cada Agilis 305C es un testimonio de la excelencia de la fabricaci\u00f3n alemana. Construida con tejidos ORCA\u00ae de la m\u00e1s alta calidad y componentes marinos, est\u00e1 dise\u00f1ada para resistir los entornos de agua salada m\u00e1s duros sin perder su acabado de exhibici\u00f3n. El sistema de propulsi\u00f3n a chorro significa que no hay h\u00e9lices expuestas, lo que garantiza el m\u00e1ximo nivel de seguridad para hu\u00e9spedes y ba\u00f1istas.  <\/p>\n<p data-path-to-node=\"12\"><b data-path-to-node=\"12\" data-index-in-node=\"0\">A la medida de tu yate<\/b> Tu embarcaci\u00f3n auxiliar debe ser una extensi\u00f3n de la identidad de tu yate. El 305C ofrece amplias opciones de personalizaci\u00f3n, incluida una vasta paleta de colores de casco, acabados de tubos y texturas de tapicer\u00eda. Nuestro equipo de Nauti-Parts puede ayudarte a configurar un 305C que refleje perfectamente la est\u00e9tica de tu embarcaci\u00f3n nodriza.  <\/p>\n<p data-path-to-node=\"11\"><a href=\"https:\/\/nauti-parts.com\/wp-content\/uploads\/2026\/03\/agilis-305.pdf\"><strong>Descargar Especificaciones<\/strong><\/a><\/p>\n<div style=\"width: 900px;\" class=\"wp-video\"><video class=\"wp-video-shortcode\" id=\"video-23401-1\" width=\"900\" height=\"900\" preload=\"metadata\" controls=\"controls\"><source type=\"video\/mp4\" src=\"https:\/\/nauti-parts.com\/wp-content\/uploads\/2026\/03\/305-illustraion-gif.mp4?_=1\" \/><a href=\"https:\/\/nauti-parts.com\/wp-content\/uploads\/2026\/03\/305-illustraion-gif.mp4\">https:\/\/nauti-parts.com\/wp-content\/uploads\/2026\/03\/305-illustraion-gif.mp4<\/a><\/video><\/div>\n","protected":false},"excerpt":{"rendered":"<p data-path-to-node=\"5\">El <b data-path-to-node=\"5\" data-index-in-node=\"4\">Agilis 305C<\/b> es la embarcaci\u00f3n auxiliar de lujo por excelencia para yates de tama\u00f1o medio. Con sus 3,05 metros de eslora, ofrece un sofisticado paso adelante en prestaciones y estabilidad, manteniendo al mismo tiempo un tama\u00f1o compacto. Propulsada por un motor de 900 cc de alto par, la 305C alcanza unos emocionantes 38 nudos, lo que la hace tan capaz para los deportes acu\u00e1ticos como para los elegantes traslados de invitados.  <\/p>\n<ul data-path-to-node=\"6\">\n<li>\n<p data-path-to-node=\"6,0,0\"><b data-path-to-node=\"6,0,0\" data-index-in-node=\"0\">Capacidad:<\/b> 4 personas<\/p>\n<\/li>\n<li>\n<p data-path-to-node=\"6,1,0\"><b data-path-to-node=\"6,1,0\" data-index-in-node=\"0\">Motor:<\/b> 90CV Rotax Jet Propulsion<\/p>\n<\/li>\n<li>\n<p data-path-to-node=\"6,2,0\"><b data-path-to-node=\"6,2,0\" data-index-in-node=\"0\">Origen:<\/b> Fabricado con precisi\u00f3n en Alemania<\/p>\n<\/li>\n<li>\n<p data-path-to-node=\"6,3,0\"><b data-path-to-node=\"6,3,0\" data-index-in-node=\"0\">Velocidad m\u00e1xima:<\/b> 38 nudos<\/p>\n<\/li>\n<\/ul>\n","protected":false},"featured_media":20446,"comment_status":"open","ping_status":"closed","template":"","meta":{"_acf_changed":false},"product_brand":[],"product_cat":[280],"product_tag":[],"class_list":{"0":"post-23401","1":"product","2":"type-product","3":"status-publish","4":"has-post-thumbnail","6":"product_cat-licitaciones-agilis","7":"repupress_customize_woocommerce_productom_class","9":"first","10":"instock","11":"taxable","12":"shipping-taxable","13":"product-type-simple"},"acf":[],"yoast_head":"<!-- This site is optimized with the Yoast SEO plugin v27.5 - https:\/\/yoast.com\/product\/yoast-seo-wordpress\/ -->\n<title>Moto acu\u00e1tica Agilis 305C - El equilibrio perfecto entre potencia y lujo compacto | Nauti Parts<\/title>\n<meta name=\"robots\" content=\"index, follow, max-snippet:-1, max-image-preview:large, max-video-preview:-1\" \/>\n<link rel=\"canonical\" href=\"https:\/\/nauti-parts.com\/es\/shop\/licitaciones-agilis\/moto-acuatica-agilis-305c-el-equilibrio-perfecto-entre-potencia-y-lujo-compacto\/\" \/>\n<meta property=\"og:locale\" content=\"es_ES\" \/>\n<meta property=\"og:type\" content=\"article\" \/>\n<meta property=\"og:title\" content=\"Moto acu\u00e1tica Agilis 305C - El equilibrio perfecto entre potencia y lujo compacto | Nauti Parts\" \/>\n<meta property=\"og:description\" content=\"El Agilis 305C es la embarcaci\u00f3n auxiliar de lujo por excelencia para yates de tama\u00f1o medio. Con sus 3,05 metros de eslora, ofrece un sofisticado paso adelante en prestaciones y estabilidad, manteniendo al mismo tiempo un tama\u00f1o compacto. Propulsada por un motor de 900 cc de alto par, la 305C alcanza unos emocionantes 38 nudos, lo que la hace tan capaz para los deportes acu\u00e1ticos como para los elegantes traslados de invitados.    Capacidad: 4 personas   Motor: 90CV Rotax Jet Propulsion   Origen: Fabricado con precisi\u00f3n en Alemania   Velocidad m\u00e1xima: 38 nudos\" \/>\n<meta property=\"og:url\" content=\"https:\/\/nauti-parts.com\/es\/shop\/licitaciones-agilis\/moto-acuatica-agilis-305c-el-equilibrio-perfecto-entre-potencia-y-lujo-compacto\/\" \/>\n<meta property=\"og:site_name\" content=\"Nauti Parts\" \/>\n<meta property=\"article:publisher\" content=\"https:\/\/www.facebook.com\/nautipartsspain\/\" \/>\n<meta property=\"og:image\" content=\"https:\/\/nauti-parts.com\/wp-content\/uploads\/2026\/03\/305c.jpg\" \/>\n\t<meta property=\"og:image:width\" content=\"768\" \/>\n\t<meta property=\"og:image:height\" content=\"576\" \/>\n\t<meta property=\"og:image:type\" content=\"image\/jpeg\" \/>\n<meta name=\"twitter:card\" content=\"summary_large_image\" \/>\n<meta name=\"twitter:label1\" content=\"Tiempo de lectura\" \/>\n\t<meta name=\"twitter:data1\" content=\"2 minutos\" \/>\n<script type=\"application\/ld+json\" class=\"yoast-schema-graph\">{\"@context\":\"https:\\\/\\\/schema.org\",\"@graph\":[{\"@type\":\"WebPage\",\"@id\":\"https:\\\/\\\/nauti-parts.com\\\/es\\\/shop\\\/licitaciones-agilis\\\/moto-acuatica-agilis-305c-el-equilibrio-perfecto-entre-potencia-y-lujo-compacto\\\/\",\"url\":\"https:\\\/\\\/nauti-parts.com\\\/es\\\/shop\\\/licitaciones-agilis\\\/moto-acuatica-agilis-305c-el-equilibrio-perfecto-entre-potencia-y-lujo-compacto\\\/\",\"name\":\"Moto acu\u00e1tica Agilis 305C - El equilibrio perfecto entre potencia y lujo compacto | Nauti Parts\",\"isPartOf\":{\"@id\":\"https:\\\/\\\/nauti-parts.com\\\/es\\\/#website\"},\"primaryImageOfPage\":{\"@id\":\"https:\\\/\\\/nauti-parts.com\\\/es\\\/shop\\\/licitaciones-agilis\\\/moto-acuatica-agilis-305c-el-equilibrio-perfecto-entre-potencia-y-lujo-compacto\\\/#primaryimage\"},\"image\":{\"@id\":\"https:\\\/\\\/nauti-parts.com\\\/es\\\/shop\\\/licitaciones-agilis\\\/moto-acuatica-agilis-305c-el-equilibrio-perfecto-entre-potencia-y-lujo-compacto\\\/#primaryimage\"},\"thumbnailUrl\":\"https:\\\/\\\/nauti-parts.com\\\/wp-content\\\/uploads\\\/2026\\\/03\\\/305c.jpg\",\"datePublished\":\"2026-03-20T09:55:47+00:00\",\"breadcrumb\":{\"@id\":\"https:\\\/\\\/nauti-parts.com\\\/es\\\/shop\\\/licitaciones-agilis\\\/moto-acuatica-agilis-305c-el-equilibrio-perfecto-entre-potencia-y-lujo-compacto\\\/#breadcrumb\"},\"inLanguage\":\"es\",\"potentialAction\":[{\"@type\":\"ReadAction\",\"target\":[\"https:\\\/\\\/nauti-parts.com\\\/es\\\/shop\\\/licitaciones-agilis\\\/moto-acuatica-agilis-305c-el-equilibrio-perfecto-entre-potencia-y-lujo-compacto\\\/\"]}]},{\"@type\":\"ImageObject\",\"inLanguage\":\"es\",\"@id\":\"https:\\\/\\\/nauti-parts.com\\\/es\\\/shop\\\/licitaciones-agilis\\\/moto-acuatica-agilis-305c-el-equilibrio-perfecto-entre-potencia-y-lujo-compacto\\\/#primaryimage\",\"url\":\"https:\\\/\\\/nauti-parts.com\\\/wp-content\\\/uploads\\\/2026\\\/03\\\/305c.jpg\",\"contentUrl\":\"https:\\\/\\\/nauti-parts.com\\\/wp-content\\\/uploads\\\/2026\\\/03\\\/305c.jpg\",\"width\":768,\"height\":576},{\"@type\":\"BreadcrumbList\",\"@id\":\"https:\\\/\\\/nauti-parts.com\\\/es\\\/shop\\\/licitaciones-agilis\\\/moto-acuatica-agilis-305c-el-equilibrio-perfecto-entre-potencia-y-lujo-compacto\\\/#breadcrumb\",\"itemListElement\":[{\"@type\":\"ListItem\",\"position\":1,\"name\":\"Tienda\",\"item\":\"https:\\\/\\\/nauti-parts.com\\\/es\\\/tienda\\\/\"},{\"@type\":\"ListItem\",\"position\":2,\"name\":\"Moto acu\u00e1tica Agilis 305C &#8211; El equilibrio perfecto entre potencia y lujo compacto\"}]},{\"@type\":\"WebSite\",\"@id\":\"https:\\\/\\\/nauti-parts.com\\\/es\\\/#website\",\"url\":\"https:\\\/\\\/nauti-parts.com\\\/es\\\/\",\"name\":\"Nauti Parts\",\"description\":\"Sea-Doo Jet Ski - Seabob Dealer and Rentals | Water Toys Mallorca\",\"publisher\":{\"@id\":\"https:\\\/\\\/nauti-parts.com\\\/es\\\/#organization\"},\"potentialAction\":[{\"@type\":\"SearchAction\",\"target\":{\"@type\":\"EntryPoint\",\"urlTemplate\":\"https:\\\/\\\/nauti-parts.com\\\/es\\\/?s={search_term_string}\"},\"query-input\":{\"@type\":\"PropertyValueSpecification\",\"valueRequired\":true,\"valueName\":\"search_term_string\"}}],\"inLanguage\":\"es\"},{\"@type\":\"Organization\",\"@id\":\"https:\\\/\\\/nauti-parts.com\\\/es\\\/#organization\",\"name\":\"Piezas Nauti\",\"url\":\"https:\\\/\\\/nauti-parts.com\\\/es\\\/\",\"logo\":{\"@type\":\"ImageObject\",\"inLanguage\":\"es\",\"@id\":\"https:\\\/\\\/nauti-parts.com\\\/es\\\/#\\\/schema\\\/logo\\\/image\\\/\",\"url\":\"https:\\\/\\\/nauti-parts.com\\\/wp-content\\\/uploads\\\/2023\\\/10\\\/np-logo-black.png\",\"contentUrl\":\"https:\\\/\\\/nauti-parts.com\\\/wp-content\\\/uploads\\\/2023\\\/10\\\/np-logo-black.png\",\"width\":253,\"height\":100,\"caption\":\"Piezas Nauti\"},\"image\":{\"@id\":\"https:\\\/\\\/nauti-parts.com\\\/es\\\/#\\\/schema\\\/logo\\\/image\\\/\"},\"sameAs\":[\"https:\\\/\\\/www.facebook.com\\\/nautipartsspain\\\/\",\"https:\\\/\\\/www.instagram.com\\\/nautiparts\\\/\"]}]}<\/script>\n<!-- \/ Yoast SEO plugin. -->","yoast_head_json":{"title":"Moto acu\u00e1tica Agilis 305C - El equilibrio perfecto entre potencia y lujo compacto | Nauti Parts","robots":{"index":"index","follow":"follow","max-snippet":"max-snippet:-1","max-image-preview":"max-image-preview:large","max-video-preview":"max-video-preview:-1"},"canonical":"https:\/\/nauti-parts.com\/es\/shop\/licitaciones-agilis\/moto-acuatica-agilis-305c-el-equilibrio-perfecto-entre-potencia-y-lujo-compacto\/","og_locale":"es_ES","og_type":"article","og_title":"Moto acu\u00e1tica Agilis 305C - El equilibrio perfecto entre potencia y lujo compacto | Nauti Parts","og_description":"El Agilis 305C es la embarcaci\u00f3n auxiliar de lujo por excelencia para yates de tama\u00f1o medio. Con sus 3,05 metros de eslora, ofrece un sofisticado paso adelante en prestaciones y estabilidad, manteniendo al mismo tiempo un tama\u00f1o compacto. Propulsada por un motor de 900 cc de alto par, la 305C alcanza unos emocionantes 38 nudos, lo que la hace tan capaz para los deportes acu\u00e1ticos como para los elegantes traslados de invitados.    Capacidad: 4 personas   Motor: 90CV Rotax Jet Propulsion   Origen: Fabricado con precisi\u00f3n en Alemania   Velocidad m\u00e1xima: 38 nudos","og_url":"https:\/\/nauti-parts.com\/es\/shop\/licitaciones-agilis\/moto-acuatica-agilis-305c-el-equilibrio-perfecto-entre-potencia-y-lujo-compacto\/","og_site_name":"Nauti Parts","article_publisher":"https:\/\/www.facebook.com\/nautipartsspain\/","og_image":[{"width":768,"height":576,"url":"https:\/\/nauti-parts.com\/wp-content\/uploads\/2026\/03\/305c.jpg","type":"image\/jpeg"}],"twitter_card":"summary_large_image","twitter_misc":{"Tiempo de lectura":"2 minutos"},"schema":{"@context":"https:\/\/schema.org","@graph":[{"@type":"WebPage","@id":"https:\/\/nauti-parts.com\/es\/shop\/licitaciones-agilis\/moto-acuatica-agilis-305c-el-equilibrio-perfecto-entre-potencia-y-lujo-compacto\/","url":"https:\/\/nauti-parts.com\/es\/shop\/licitaciones-agilis\/moto-acuatica-agilis-305c-el-equilibrio-perfecto-entre-potencia-y-lujo-compacto\/","name":"Moto acu\u00e1tica Agilis 305C - El equilibrio perfecto entre potencia y lujo compacto | Nauti Parts","isPartOf":{"@id":"https:\/\/nauti-parts.com\/es\/#website"},"primaryImageOfPage":{"@id":"https:\/\/nauti-parts.com\/es\/shop\/licitaciones-agilis\/moto-acuatica-agilis-305c-el-equilibrio-perfecto-entre-potencia-y-lujo-compacto\/#primaryimage"},"image":{"@id":"https:\/\/nauti-parts.com\/es\/shop\/licitaciones-agilis\/moto-acuatica-agilis-305c-el-equilibrio-perfecto-entre-potencia-y-lujo-compacto\/#primaryimage"},"thumbnailUrl":"https:\/\/nauti-parts.com\/wp-content\/uploads\/2026\/03\/305c.jpg","datePublished":"2026-03-20T09:55:47+00:00","breadcrumb":{"@id":"https:\/\/nauti-parts.com\/es\/shop\/licitaciones-agilis\/moto-acuatica-agilis-305c-el-equilibrio-perfecto-entre-potencia-y-lujo-compacto\/#breadcrumb"},"inLanguage":"es","potentialAction":[{"@type":"ReadAction","target":["https:\/\/nauti-parts.com\/es\/shop\/licitaciones-agilis\/moto-acuatica-agilis-305c-el-equilibrio-perfecto-entre-potencia-y-lujo-compacto\/"]}]},{"@type":"ImageObject","inLanguage":"es","@id":"https:\/\/nauti-parts.com\/es\/shop\/licitaciones-agilis\/moto-acuatica-agilis-305c-el-equilibrio-perfecto-entre-potencia-y-lujo-compacto\/#primaryimage","url":"https:\/\/nauti-parts.com\/wp-content\/uploads\/2026\/03\/305c.jpg","contentUrl":"https:\/\/nauti-parts.com\/wp-content\/uploads\/2026\/03\/305c.jpg","width":768,"height":576},{"@type":"BreadcrumbList","@id":"https:\/\/nauti-parts.com\/es\/shop\/licitaciones-agilis\/moto-acuatica-agilis-305c-el-equilibrio-perfecto-entre-potencia-y-lujo-compacto\/#breadcrumb","itemListElement":[{"@type":"ListItem","position":1,"name":"Tienda","item":"https:\/\/nauti-parts.com\/es\/tienda\/"},{"@type":"ListItem","position":2,"name":"Moto acu\u00e1tica Agilis 305C &#8211; El equilibrio perfecto entre potencia y lujo compacto"}]},{"@type":"WebSite","@id":"https:\/\/nauti-parts.com\/es\/#website","url":"https:\/\/nauti-parts.com\/es\/","name":"Nauti Parts","description":"Sea-Doo Jet Ski - Seabob Dealer and Rentals | Water Toys Mallorca","publisher":{"@id":"https:\/\/nauti-parts.com\/es\/#organization"},"potentialAction":[{"@type":"SearchAction","target":{"@type":"EntryPoint","urlTemplate":"https:\/\/nauti-parts.com\/es\/?s={search_term_string}"},"query-input":{"@type":"PropertyValueSpecification","valueRequired":true,"valueName":"search_term_string"}}],"inLanguage":"es"},{"@type":"Organization","@id":"https:\/\/nauti-parts.com\/es\/#organization","name":"Piezas Nauti","url":"https:\/\/nauti-parts.com\/es\/","logo":{"@type":"ImageObject","inLanguage":"es","@id":"https:\/\/nauti-parts.com\/es\/#\/schema\/logo\/image\/","url":"https:\/\/nauti-parts.com\/wp-content\/uploads\/2023\/10\/np-logo-black.png","contentUrl":"https:\/\/nauti-parts.com\/wp-content\/uploads\/2023\/10\/np-logo-black.png","width":253,"height":100,"caption":"Piezas Nauti"},"image":{"@id":"https:\/\/nauti-parts.com\/es\/#\/schema\/logo\/image\/"},"sameAs":["https:\/\/www.facebook.com\/nautipartsspain\/","https:\/\/www.instagram.com\/nautiparts\/"]}]}},"_links":{"self":[{"href":"https:\/\/nauti-parts.com\/es\/wp-json\/wp\/v2\/product\/23401","targetHints":{"allow":["GET"]}}],"collection":[{"href":"https:\/\/nauti-parts.com\/es\/wp-json\/wp\/v2\/product"}],"about":[{"href":"https:\/\/nauti-parts.com\/es\/wp-json\/wp\/v2\/types\/product"}],"replies":[{"embeddable":true,"href":"https:\/\/nauti-parts.com\/es\/wp-json\/wp\/v2\/comments?post=23401"}],"wp:featuredmedia":[{"embeddable":true,"href":"https:\/\/nauti-parts.com\/es\/wp-json\/wp\/v2\/media\/20446"}],"wp:attachment":[{"href":"https:\/\/nauti-parts.com\/es\/wp-json\/wp\/v2\/media?parent=23401"}],"wp:term":[{"taxonomy":"product_brand","embeddable":true,"href":"https:\/\/nauti-parts.com\/es\/wp-json\/wp\/v2\/product_brand?post=23401"},{"taxonomy":"product_cat","embeddable":true,"href":"https:\/\/nauti-parts.com\/es\/wp-json\/wp\/v2\/product_cat?post=23401"},{"taxonomy":"product_tag","embeddable":true,"href":"https:\/\/nauti-parts.com\/es\/wp-json\/wp\/v2\/product_tag?post=23401"}],"curies":[{"name":"wp","href":"https:\/\/api.w.org\/{rel}","templated":true}]}}