{"id":23378,"date":"2026-03-20T10:06:46","date_gmt":"2026-03-20T10:06:46","guid":{"rendered":"https:\/\/nauti-parts.com\/shop\/sin categor\u00eda\/agilis-400c-jet-tender-potencia-precision-y-capacidad-para-7-personas\/"},"modified":"2026-03-20T10:06:46","modified_gmt":"2026-03-20T10:06:46","slug":"agilis-400c-jet-tender-potencia-precision-y-capacidad-para-7-personas","status":"publish","type":"product","link":"https:\/\/nauti-parts.com\/es\/shop\/licitaciones-agilis\/agilis-400c-jet-tender-potencia-precision-y-capacidad-para-7-personas\/","title":{"rendered":"Agilis 400C Jet Tender &#8211; Potencia, precisi\u00f3n y capacidad para 7 personas"},"content":{"rendered":"<p data-path-to-node=\"9\"><b data-path-to-node=\"9\" data-index-in-node=\"0\">Rendimiento sofisticado para grupos grandes<\/b> Con 4,00 metros de eslora, la Agilis 400C est\u00e1 dise\u00f1ada para quienes necesitan transportar grupos grandes sin el volumen de una semirr\u00edgida tradicional. Tanto si transportas invitados a una playa apartada como si te diriges a un restaurante frente al mar, la 400C acelera sin esfuerzo hasta los 35 nudos, manteniendo una navegaci\u00f3n estable y seca incluso con una carga completa de siete pasajeros. <\/p>\n<p data-path-to-node=\"10\"><b data-path-to-node=\"10\" data-index-in-node=\"0\">Control y maniobrabilidad sin esfuerzo<\/b> El 400C est\u00e1 equipado con funciones de alta tecnolog\u00eda que facilitan el manejo, incluso en puertos estrechos. Incorpora un <b data-path-to-node=\"10\" data-index-in-node=\"147\">sistema electr\u00f3nico de marcha atr\u00e1s (iBR<\/b>), que proporciona al conductor la capacidad de detener la embarcaci\u00f3n con precisi\u00f3n y maniobrar a baja velocidad con confianza. El sistema de trimado electr\u00f3nico integrado te permite ajustar con precisi\u00f3n la actitud de la embarcaci\u00f3n sobre la marcha, garantizando un rendimiento \u00f3ptimo independientemente de las condiciones del mar o de la distribuci\u00f3n del peso de los pasajeros.  <\/p>\n<p data-path-to-node=\"11\"><b data-path-to-node=\"11\" data-index-in-node=\"0\">Fiabilidad a trav\u00e9s de la innovaci\u00f3n<\/b> Impulsado por la probada gama de motores Rotax, el 400C incorpora un <b data-path-to-node=\"11\" data-index-in-node=\"93\">sistema de refrigeraci\u00f3n de circuito cerrado<\/b>. Esta tecnolog\u00eda impide la entrada de agua salada corrosiva en el motor, aumentando significativamente la fiabilidad y reduciendo los costes de mantenimiento a largo plazo. Combinado con su excepcional relaci\u00f3n potencia-peso, el 400C es tan eficiente como potente.  <\/p>\n<p data-path-to-node=\"12\"><b data-path-to-node=\"12\" data-index-in-node=\"0\">El pin\u00e1culo de la excelencia a<\/b> medida Fabricado en Alemania con los mejores materiales, el Agilis 400C est\u00e1 construido para ser tan \u00fanico como el yate al que sirve. Desde los tubos de Hypalon ORCA\u00ae de primera calidad hasta los acabados de tapicer\u00eda a medida, cada detalle puede personalizarse a trav\u00e9s de Nauti-Parts. Crea una embarcaci\u00f3n auxiliar que se adapte perfectamente a la est\u00e9tica de tu barco nodriza, disfrutando al mismo tiempo de los m\u00e1s altos est\u00e1ndares de la artesan\u00eda europea.  <\/p>\n<p data-path-to-node=\"11\"><a href=\"https:\/\/nauti-parts.com\/wp-content\/uploads\/2026\/03\/agilis-400c.pdf\"><strong>Descargar Especificaciones<\/strong><\/a><\/p>\n<div style=\"width: 900px;\" class=\"wp-video\"><video class=\"wp-video-shortcode\" id=\"video-23378-1\" width=\"900\" height=\"900\" preload=\"metadata\" controls=\"controls\"><source type=\"video\/mp4\" src=\"https:\/\/nauti-parts.com\/wp-content\/uploads\/2026\/03\/400c-illustration-gif.mp4?_=1\" \/><a href=\"https:\/\/nauti-parts.com\/wp-content\/uploads\/2026\/03\/400c-illustration-gif.mp4\">https:\/\/nauti-parts.com\/wp-content\/uploads\/2026\/03\/400c-illustration-gif.mp4<\/a><\/video><\/div>\n","protected":false},"excerpt":{"rendered":"<p data-path-to-node=\"5\">El <b data-path-to-node=\"5\" data-index-in-node=\"4\">Agilis 400C<\/b> es una verdadera extensi\u00f3n del prestigio de tu yate. Con una impresionante <b data-path-to-node=\"5\" data-index-in-node=\"85\">capacidad para 7 personas<\/b> y un imponente motor de 90 CV, proporciona la combinaci\u00f3n perfecta de espacio y rendimiento. Con sistemas electr\u00f3nicos avanzados para atracar sin esfuerzo y una relaci\u00f3n potencia-peso l\u00edder en su clase, el 400C garantiza que cada traslado de invitados sea suave, r\u00e1pido y extraordinariamente c\u00f3modo.  <\/p>\n<ul data-path-to-node=\"6\">\n<li>\n<p data-path-to-node=\"6,0,0\"><b data-path-to-node=\"6,0,0\" data-index-in-node=\"0\">Capacidad:<\/b> 7 personas<\/p>\n<\/li>\n<li>\n<p data-path-to-node=\"6,1,0\"><b data-path-to-node=\"6,1,0\" data-index-in-node=\"0\">Motor:<\/b> 90CV Rotax Jet Propulsion (Opci\u00f3n para 170CV disponible)<\/p>\n<\/li>\n<li>\n<p data-path-to-node=\"6,2,0\"><b data-path-to-node=\"6,2,0\" data-index-in-node=\"0\">Velocidad m\u00e1xima:<\/b> 35 nudos<\/p>\n<\/li>\n<li>\n<p data-path-to-node=\"6,3,0\"><b data-path-to-node=\"6,3,0\" data-index-in-node=\"0\">Caracter\u00edstica clave:<\/b> Sistemas electr\u00f3nicos de marcha atr\u00e1s y trimado para un control definitivo<\/p>\n<\/li>\n<\/ul>\n","protected":false},"featured_media":20486,"comment_status":"open","ping_status":"closed","template":"","meta":{"_acf_changed":false},"product_brand":[],"product_cat":[280],"product_tag":[],"class_list":{"0":"post-23378","1":"product","2":"type-product","3":"status-publish","4":"has-post-thumbnail","6":"product_cat-licitaciones-agilis","7":"repupress_customize_woocommerce_productom_class","9":"first","10":"instock","11":"taxable","12":"shipping-taxable","13":"product-type-simple"},"acf":[],"yoast_head":"<!-- This site is optimized with the Yoast SEO plugin v27.5 - https:\/\/yoast.com\/product\/yoast-seo-wordpress\/ -->\n<title>Agilis 400C Jet Tender - Potencia, precisi\u00f3n y capacidad para 7 personas | Nauti Parts<\/title>\n<meta name=\"robots\" content=\"index, follow, max-snippet:-1, max-image-preview:large, max-video-preview:-1\" \/>\n<link rel=\"canonical\" href=\"https:\/\/nauti-parts.com\/es\/shop\/licitaciones-agilis\/agilis-400c-jet-tender-potencia-precision-y-capacidad-para-7-personas\/\" \/>\n<meta property=\"og:locale\" content=\"es_ES\" \/>\n<meta property=\"og:type\" content=\"article\" \/>\n<meta property=\"og:title\" content=\"Agilis 400C Jet Tender - Potencia, precisi\u00f3n y capacidad para 7 personas | Nauti Parts\" \/>\n<meta property=\"og:description\" content=\"El Agilis 400C es una verdadera extensi\u00f3n del prestigio de tu yate. Con una impresionante capacidad para 7 personas y un imponente motor de 90 CV, proporciona la combinaci\u00f3n perfecta de espacio y rendimiento. Con sistemas electr\u00f3nicos avanzados para atracar sin esfuerzo y una relaci\u00f3n potencia-peso l\u00edder en su clase, el 400C garantiza que cada traslado de invitados sea suave, r\u00e1pido y extraordinariamente c\u00f3modo.    Capacidad: 7 personas   Motor: 90CV Rotax Jet Propulsion (Opci\u00f3n para 170CV disponible)   Velocidad m\u00e1xima: 35 nudos   Caracter\u00edstica clave: Sistemas electr\u00f3nicos de marcha atr\u00e1s y trimado para un control definitivo\" \/>\n<meta property=\"og:url\" content=\"https:\/\/nauti-parts.com\/es\/shop\/licitaciones-agilis\/agilis-400c-jet-tender-potencia-precision-y-capacidad-para-7-personas\/\" \/>\n<meta property=\"og:site_name\" content=\"Nauti Parts\" \/>\n<meta property=\"article:publisher\" content=\"https:\/\/www.facebook.com\/nautipartsspain\/\" \/>\n<meta property=\"og:image\" content=\"https:\/\/nauti-parts.com\/wp-content\/uploads\/2026\/03\/400c.jpg\" \/>\n\t<meta property=\"og:image:width\" content=\"768\" \/>\n\t<meta property=\"og:image:height\" content=\"576\" \/>\n\t<meta property=\"og:image:type\" content=\"image\/jpeg\" \/>\n<meta name=\"twitter:card\" content=\"summary_large_image\" \/>\n<meta name=\"twitter:label1\" content=\"Tiempo de lectura\" \/>\n\t<meta name=\"twitter:data1\" content=\"2 minutos\" \/>\n<script type=\"application\/ld+json\" class=\"yoast-schema-graph\">{\"@context\":\"https:\\\/\\\/schema.org\",\"@graph\":[{\"@type\":\"WebPage\",\"@id\":\"https:\\\/\\\/nauti-parts.com\\\/es\\\/shop\\\/licitaciones-agilis\\\/agilis-400c-jet-tender-potencia-precision-y-capacidad-para-7-personas\\\/\",\"url\":\"https:\\\/\\\/nauti-parts.com\\\/es\\\/shop\\\/licitaciones-agilis\\\/agilis-400c-jet-tender-potencia-precision-y-capacidad-para-7-personas\\\/\",\"name\":\"Agilis 400C Jet Tender - Potencia, precisi\u00f3n y capacidad para 7 personas | Nauti Parts\",\"isPartOf\":{\"@id\":\"https:\\\/\\\/nauti-parts.com\\\/es\\\/#website\"},\"primaryImageOfPage\":{\"@id\":\"https:\\\/\\\/nauti-parts.com\\\/es\\\/shop\\\/licitaciones-agilis\\\/agilis-400c-jet-tender-potencia-precision-y-capacidad-para-7-personas\\\/#primaryimage\"},\"image\":{\"@id\":\"https:\\\/\\\/nauti-parts.com\\\/es\\\/shop\\\/licitaciones-agilis\\\/agilis-400c-jet-tender-potencia-precision-y-capacidad-para-7-personas\\\/#primaryimage\"},\"thumbnailUrl\":\"https:\\\/\\\/nauti-parts.com\\\/wp-content\\\/uploads\\\/2026\\\/03\\\/400c.jpg\",\"datePublished\":\"2026-03-20T10:06:46+00:00\",\"breadcrumb\":{\"@id\":\"https:\\\/\\\/nauti-parts.com\\\/es\\\/shop\\\/licitaciones-agilis\\\/agilis-400c-jet-tender-potencia-precision-y-capacidad-para-7-personas\\\/#breadcrumb\"},\"inLanguage\":\"es\",\"potentialAction\":[{\"@type\":\"ReadAction\",\"target\":[\"https:\\\/\\\/nauti-parts.com\\\/es\\\/shop\\\/licitaciones-agilis\\\/agilis-400c-jet-tender-potencia-precision-y-capacidad-para-7-personas\\\/\"]}]},{\"@type\":\"ImageObject\",\"inLanguage\":\"es\",\"@id\":\"https:\\\/\\\/nauti-parts.com\\\/es\\\/shop\\\/licitaciones-agilis\\\/agilis-400c-jet-tender-potencia-precision-y-capacidad-para-7-personas\\\/#primaryimage\",\"url\":\"https:\\\/\\\/nauti-parts.com\\\/wp-content\\\/uploads\\\/2026\\\/03\\\/400c.jpg\",\"contentUrl\":\"https:\\\/\\\/nauti-parts.com\\\/wp-content\\\/uploads\\\/2026\\\/03\\\/400c.jpg\",\"width\":768,\"height\":576},{\"@type\":\"BreadcrumbList\",\"@id\":\"https:\\\/\\\/nauti-parts.com\\\/es\\\/shop\\\/licitaciones-agilis\\\/agilis-400c-jet-tender-potencia-precision-y-capacidad-para-7-personas\\\/#breadcrumb\",\"itemListElement\":[{\"@type\":\"ListItem\",\"position\":1,\"name\":\"Tienda\",\"item\":\"https:\\\/\\\/nauti-parts.com\\\/es\\\/tienda\\\/\"},{\"@type\":\"ListItem\",\"position\":2,\"name\":\"Agilis 400C Jet Tender &#8211; Potencia, precisi\u00f3n y capacidad para 7 personas\"}]},{\"@type\":\"WebSite\",\"@id\":\"https:\\\/\\\/nauti-parts.com\\\/es\\\/#website\",\"url\":\"https:\\\/\\\/nauti-parts.com\\\/es\\\/\",\"name\":\"Nauti Parts\",\"description\":\"Sea-Doo Jet Ski - Seabob Dealer and Rentals | Water Toys Mallorca\",\"publisher\":{\"@id\":\"https:\\\/\\\/nauti-parts.com\\\/es\\\/#organization\"},\"potentialAction\":[{\"@type\":\"SearchAction\",\"target\":{\"@type\":\"EntryPoint\",\"urlTemplate\":\"https:\\\/\\\/nauti-parts.com\\\/es\\\/?s={search_term_string}\"},\"query-input\":{\"@type\":\"PropertyValueSpecification\",\"valueRequired\":true,\"valueName\":\"search_term_string\"}}],\"inLanguage\":\"es\"},{\"@type\":\"Organization\",\"@id\":\"https:\\\/\\\/nauti-parts.com\\\/es\\\/#organization\",\"name\":\"Piezas Nauti\",\"url\":\"https:\\\/\\\/nauti-parts.com\\\/es\\\/\",\"logo\":{\"@type\":\"ImageObject\",\"inLanguage\":\"es\",\"@id\":\"https:\\\/\\\/nauti-parts.com\\\/es\\\/#\\\/schema\\\/logo\\\/image\\\/\",\"url\":\"https:\\\/\\\/nauti-parts.com\\\/wp-content\\\/uploads\\\/2023\\\/10\\\/np-logo-black.png\",\"contentUrl\":\"https:\\\/\\\/nauti-parts.com\\\/wp-content\\\/uploads\\\/2023\\\/10\\\/np-logo-black.png\",\"width\":253,\"height\":100,\"caption\":\"Piezas Nauti\"},\"image\":{\"@id\":\"https:\\\/\\\/nauti-parts.com\\\/es\\\/#\\\/schema\\\/logo\\\/image\\\/\"},\"sameAs\":[\"https:\\\/\\\/www.facebook.com\\\/nautipartsspain\\\/\",\"https:\\\/\\\/www.instagram.com\\\/nautiparts\\\/\"]}]}<\/script>\n<!-- \/ Yoast SEO plugin. -->","yoast_head_json":{"title":"Agilis 400C Jet Tender - Potencia, precisi\u00f3n y capacidad para 7 personas | Nauti Parts","robots":{"index":"index","follow":"follow","max-snippet":"max-snippet:-1","max-image-preview":"max-image-preview:large","max-video-preview":"max-video-preview:-1"},"canonical":"https:\/\/nauti-parts.com\/es\/shop\/licitaciones-agilis\/agilis-400c-jet-tender-potencia-precision-y-capacidad-para-7-personas\/","og_locale":"es_ES","og_type":"article","og_title":"Agilis 400C Jet Tender - Potencia, precisi\u00f3n y capacidad para 7 personas | Nauti Parts","og_description":"El Agilis 400C es una verdadera extensi\u00f3n del prestigio de tu yate. Con una impresionante capacidad para 7 personas y un imponente motor de 90 CV, proporciona la combinaci\u00f3n perfecta de espacio y rendimiento. Con sistemas electr\u00f3nicos avanzados para atracar sin esfuerzo y una relaci\u00f3n potencia-peso l\u00edder en su clase, el 400C garantiza que cada traslado de invitados sea suave, r\u00e1pido y extraordinariamente c\u00f3modo.    Capacidad: 7 personas   Motor: 90CV Rotax Jet Propulsion (Opci\u00f3n para 170CV disponible)   Velocidad m\u00e1xima: 35 nudos   Caracter\u00edstica clave: Sistemas electr\u00f3nicos de marcha atr\u00e1s y trimado para un control definitivo","og_url":"https:\/\/nauti-parts.com\/es\/shop\/licitaciones-agilis\/agilis-400c-jet-tender-potencia-precision-y-capacidad-para-7-personas\/","og_site_name":"Nauti Parts","article_publisher":"https:\/\/www.facebook.com\/nautipartsspain\/","og_image":[{"width":768,"height":576,"url":"https:\/\/nauti-parts.com\/wp-content\/uploads\/2026\/03\/400c.jpg","type":"image\/jpeg"}],"twitter_card":"summary_large_image","twitter_misc":{"Tiempo de lectura":"2 minutos"},"schema":{"@context":"https:\/\/schema.org","@graph":[{"@type":"WebPage","@id":"https:\/\/nauti-parts.com\/es\/shop\/licitaciones-agilis\/agilis-400c-jet-tender-potencia-precision-y-capacidad-para-7-personas\/","url":"https:\/\/nauti-parts.com\/es\/shop\/licitaciones-agilis\/agilis-400c-jet-tender-potencia-precision-y-capacidad-para-7-personas\/","name":"Agilis 400C Jet Tender - Potencia, precisi\u00f3n y capacidad para 7 personas | Nauti Parts","isPartOf":{"@id":"https:\/\/nauti-parts.com\/es\/#website"},"primaryImageOfPage":{"@id":"https:\/\/nauti-parts.com\/es\/shop\/licitaciones-agilis\/agilis-400c-jet-tender-potencia-precision-y-capacidad-para-7-personas\/#primaryimage"},"image":{"@id":"https:\/\/nauti-parts.com\/es\/shop\/licitaciones-agilis\/agilis-400c-jet-tender-potencia-precision-y-capacidad-para-7-personas\/#primaryimage"},"thumbnailUrl":"https:\/\/nauti-parts.com\/wp-content\/uploads\/2026\/03\/400c.jpg","datePublished":"2026-03-20T10:06:46+00:00","breadcrumb":{"@id":"https:\/\/nauti-parts.com\/es\/shop\/licitaciones-agilis\/agilis-400c-jet-tender-potencia-precision-y-capacidad-para-7-personas\/#breadcrumb"},"inLanguage":"es","potentialAction":[{"@type":"ReadAction","target":["https:\/\/nauti-parts.com\/es\/shop\/licitaciones-agilis\/agilis-400c-jet-tender-potencia-precision-y-capacidad-para-7-personas\/"]}]},{"@type":"ImageObject","inLanguage":"es","@id":"https:\/\/nauti-parts.com\/es\/shop\/licitaciones-agilis\/agilis-400c-jet-tender-potencia-precision-y-capacidad-para-7-personas\/#primaryimage","url":"https:\/\/nauti-parts.com\/wp-content\/uploads\/2026\/03\/400c.jpg","contentUrl":"https:\/\/nauti-parts.com\/wp-content\/uploads\/2026\/03\/400c.jpg","width":768,"height":576},{"@type":"BreadcrumbList","@id":"https:\/\/nauti-parts.com\/es\/shop\/licitaciones-agilis\/agilis-400c-jet-tender-potencia-precision-y-capacidad-para-7-personas\/#breadcrumb","itemListElement":[{"@type":"ListItem","position":1,"name":"Tienda","item":"https:\/\/nauti-parts.com\/es\/tienda\/"},{"@type":"ListItem","position":2,"name":"Agilis 400C Jet Tender &#8211; Potencia, precisi\u00f3n y capacidad para 7 personas"}]},{"@type":"WebSite","@id":"https:\/\/nauti-parts.com\/es\/#website","url":"https:\/\/nauti-parts.com\/es\/","name":"Nauti Parts","description":"Sea-Doo Jet Ski - Seabob Dealer and Rentals | Water Toys Mallorca","publisher":{"@id":"https:\/\/nauti-parts.com\/es\/#organization"},"potentialAction":[{"@type":"SearchAction","target":{"@type":"EntryPoint","urlTemplate":"https:\/\/nauti-parts.com\/es\/?s={search_term_string}"},"query-input":{"@type":"PropertyValueSpecification","valueRequired":true,"valueName":"search_term_string"}}],"inLanguage":"es"},{"@type":"Organization","@id":"https:\/\/nauti-parts.com\/es\/#organization","name":"Piezas Nauti","url":"https:\/\/nauti-parts.com\/es\/","logo":{"@type":"ImageObject","inLanguage":"es","@id":"https:\/\/nauti-parts.com\/es\/#\/schema\/logo\/image\/","url":"https:\/\/nauti-parts.com\/wp-content\/uploads\/2023\/10\/np-logo-black.png","contentUrl":"https:\/\/nauti-parts.com\/wp-content\/uploads\/2023\/10\/np-logo-black.png","width":253,"height":100,"caption":"Piezas Nauti"},"image":{"@id":"https:\/\/nauti-parts.com\/es\/#\/schema\/logo\/image\/"},"sameAs":["https:\/\/www.facebook.com\/nautipartsspain\/","https:\/\/www.instagram.com\/nautiparts\/"]}]}},"_links":{"self":[{"href":"https:\/\/nauti-parts.com\/es\/wp-json\/wp\/v2\/product\/23378","targetHints":{"allow":["GET"]}}],"collection":[{"href":"https:\/\/nauti-parts.com\/es\/wp-json\/wp\/v2\/product"}],"about":[{"href":"https:\/\/nauti-parts.com\/es\/wp-json\/wp\/v2\/types\/product"}],"replies":[{"embeddable":true,"href":"https:\/\/nauti-parts.com\/es\/wp-json\/wp\/v2\/comments?post=23378"}],"wp:featuredmedia":[{"embeddable":true,"href":"https:\/\/nauti-parts.com\/es\/wp-json\/wp\/v2\/media\/20486"}],"wp:attachment":[{"href":"https:\/\/nauti-parts.com\/es\/wp-json\/wp\/v2\/media?parent=23378"}],"wp:term":[{"taxonomy":"product_brand","embeddable":true,"href":"https:\/\/nauti-parts.com\/es\/wp-json\/wp\/v2\/product_brand?post=23378"},{"taxonomy":"product_cat","embeddable":true,"href":"https:\/\/nauti-parts.com\/es\/wp-json\/wp\/v2\/product_cat?post=23378"},{"taxonomy":"product_tag","embeddable":true,"href":"https:\/\/nauti-parts.com\/es\/wp-json\/wp\/v2\/product_tag?post=23378"}],"curies":[{"name":"wp","href":"https:\/\/api.w.org\/{rel}","templated":true}]}}