{"id":23377,"date":"2026-03-20T10:00:37","date_gmt":"2026-03-20T10:00:37","guid":{"rendered":"https:\/\/nauti-parts.com\/shop\/sin categor\u00eda\/moto-acuatica-agilis-355c-lujo-y-rendimiento-de-gran-capacidad\/"},"modified":"2026-03-20T10:00:37","modified_gmt":"2026-03-20T10:00:37","slug":"moto-acuatica-agilis-355c-lujo-y-rendimiento-de-gran-capacidad","status":"publish","type":"product","link":"https:\/\/nauti-parts.com\/es\/shop\/licitaciones-agilis\/moto-acuatica-agilis-355c-lujo-y-rendimiento-de-gran-capacidad\/","title":{"rendered":"Moto acu\u00e1tica Agilis 355C &#8211; Lujo y rendimiento de gran capacidad"},"content":{"rendered":"<p data-path-to-node=\"9\"><b data-path-to-node=\"9\" data-index-in-node=\"0\">Lo \u00faltimo en transporte de invitados<\/b> El Agilis 355C est\u00e1 dise\u00f1ado para el propietario de yate que da prioridad a la log\u00edstica de los invitados. <span class=\"citation-57 citation-end-57\">Al tiempo que mantiene un tama\u00f1o que se adapta a muchos garajes de yates medianos y grandes, ampl\u00eda el espacio social interno para dar cabida hasta a seis pasajeros.<\/span> Tanto si se trata de una excursi\u00f3n familiar completa a una playa escondida como de transportar una cena al muelle, la 355C garantiza que todos lleguen con estilo y comodidad.<\/p>\n<p data-path-to-node=\"10\"><b data-path-to-node=\"10\" data-index-in-node=\"0\">Estabilidad y confort superiores<\/b> Con una manga m\u00e1s ancha y mayor flotabilidad, la 355C ofrece una plataforma s\u00f3lida como una roca en el agua. La inteligente distribuci\u00f3n de la cubierta presenta una disposici\u00f3n tradicional de los asientos que proporciona seguridad a todos los pasajeros, incluso a su velocidad m\u00e1xima de 38 nudos. El tim\u00f3n ergon\u00f3mico est\u00e1 equipado con instrumentaci\u00f3n de primera calidad, que proporciona al conductor control total y confianza en todas las condiciones del mar.  <\/p>\n<p data-path-to-node=\"11\"><b data-path-to-node=\"11\" data-index-in-node=\"0\">Eficiencia y potencia<\/b> <span class=\"citation-56 citation-end-56\">Bajo el cap\u00f3 se encuentra el fiable motor Rotax 900 ACE.<\/span> Conocido por su eficiencia de combustible y bajas emisiones, esta planta motriz proporciona el par instant\u00e1neo necesario para una r\u00e1pida aceleraci\u00f3n y un remolque sin esfuerzo. El sistema de propulsi\u00f3n a chorro garantiza que no haya h\u00e9lices expuestas, lo que ofrece tranquilidad al nadar o embarcar desde el agua. <\/p>\n<p id=\"p-rc_d9e92187efaf6d67-47\" data-path-to-node=\"12\"><b data-path-to-node=\"12\" data-index-in-node=\"0\">Artesan\u00eda alemana, totalmente personalizada<\/b> <span class=\"citation-55 citation-end-55\">Construido en Alemania seg\u00fan las normas m\u00e1s exigentes, el 355C utiliza s\u00f3lo los mejores materiales, como el Hypalon ORCA\u00ae y el acero inoxidable de calidad marina.<\/span> En Nauti-Parts ofrecemos la personalizaci\u00f3n completa de la 355C: elige entre cientos de combinaciones de colores para los tubos, el casco y la tapicer\u00eda, para asegurarte de que tu embarcaci\u00f3n auxiliar combine a la perfecci\u00f3n con tu nave nodriza.<\/p>\n<p data-path-to-node=\"11\"><a href=\"https:\/\/nauti-parts.com\/wp-content\/uploads\/2026\/03\/agilis-355c.pdf\"><strong>Descargar Especificaciones<\/strong><\/a><\/p>\n<div style=\"width: 900px;\" class=\"wp-video\"><video class=\"wp-video-shortcode\" id=\"video-23377-1\" width=\"900\" height=\"900\" preload=\"metadata\" controls=\"controls\"><source type=\"video\/mp4\" src=\"https:\/\/nauti-parts.com\/wp-content\/uploads\/2026\/03\/355c-illustration-gif.mp4?_=1\" \/><a href=\"https:\/\/nauti-parts.com\/wp-content\/uploads\/2026\/03\/355c-illustration-gif.mp4\">https:\/\/nauti-parts.com\/wp-content\/uploads\/2026\/03\/355c-illustration-gif.mp4<\/a><\/video><\/div>\n","protected":false},"excerpt":{"rendered":"<p id=\"p-rc_d9e92187efaf6d67-42\" data-path-to-node=\"5\"><span class=\"citation-62\">El <\/span><b data-path-to-node=\"5\" data-index-in-node=\"4\"><span class=\"citation-62\">Agilis 355C<\/span><\/b><span class=\"citation-62 citation-end-62\"> es la lanzadera de lujo definitiva para quienes necesitan m\u00e1s espacio sin renunciar a la agilidad de un jet tender.<\/span> <span class=\"citation-61\">Con 3,55 metros, es el primer modelo de la gama que puede alojar c\u00f3modamente a <\/span><b data-path-to-node=\"5\" data-index-in-node=\"207\"><span class=\"citation-61\">6 pasajeros<\/span><\/b><span class=\"citation-61 citation-end-61\">lo que la convierte en la compa\u00f1era perfecta de los yates m\u00e1s grandes.<\/span> <span class=\"citation-60 citation-end-60\">Propulsado por un motor Rotax de 90 CV, ofrece una conducci\u00f3n suave, estable y seca incluso a plena carga.<\/span><\/p>\n<ul data-path-to-node=\"6\">\n<li>\n<p id=\"p-rc_d9e92187efaf6d67-43\" data-path-to-node=\"6,0,0\"><b data-path-to-node=\"6,0,0\" data-index-in-node=\"0\"><span class=\"citation-59\">Capacidad:<\/span><\/b><span class=\"citation-59 citation-end-59\"> 6 Personas<\/span><\/p>\n<\/li>\n<li>\n<p id=\"p-rc_d9e92187efaf6d67-44\" data-path-to-node=\"6,1,0\"><b data-path-to-node=\"6,1,0\" data-index-in-node=\"0\"><span class=\"citation-58\">Motor<\/span><\/b><span class=\"citation-58 citation-end-58\"> 900cc &#8211; 90CV Rotax<\/span><\/p>\n<\/li>\n<li>\n<p data-path-to-node=\"6,2,0\"><b data-path-to-node=\"6,2,0\" data-index-in-node=\"0\">Velocidad m\u00e1xima:<\/b> 38 nudos<\/p>\n<\/li>\n<li>\n<p data-path-to-node=\"6,3,0\"><b data-path-to-node=\"6,3,0\" data-index-in-node=\"0\">Caracter\u00edstica clave:<\/b> Asientos de gran capacidad en un casco compacto de 3,5 m<\/p>\n<\/li>\n<\/ul>\n","protected":false},"featured_media":20461,"comment_status":"open","ping_status":"closed","template":"","meta":{"_acf_changed":false},"product_brand":[],"product_cat":[280],"product_tag":[],"class_list":{"0":"post-23377","1":"product","2":"type-product","3":"status-publish","4":"has-post-thumbnail","6":"product_cat-licitaciones-agilis","7":"repupress_customize_woocommerce_productom_class","9":"first","10":"instock","11":"taxable","12":"shipping-taxable","13":"product-type-simple"},"acf":[],"yoast_head":"<!-- This site is optimized with the Yoast SEO plugin v27.5 - https:\/\/yoast.com\/product\/yoast-seo-wordpress\/ -->\n<title>Moto acu\u00e1tica Agilis 355C - Lujo y rendimiento de gran capacidad | Nauti Parts<\/title>\n<meta name=\"robots\" content=\"index, follow, max-snippet:-1, max-image-preview:large, max-video-preview:-1\" \/>\n<link rel=\"canonical\" href=\"https:\/\/nauti-parts.com\/es\/shop\/licitaciones-agilis\/moto-acuatica-agilis-355c-lujo-y-rendimiento-de-gran-capacidad\/\" \/>\n<meta property=\"og:locale\" content=\"es_ES\" \/>\n<meta property=\"og:type\" content=\"article\" \/>\n<meta property=\"og:title\" content=\"Moto acu\u00e1tica Agilis 355C - Lujo y rendimiento de gran capacidad | Nauti Parts\" \/>\n<meta property=\"og:description\" content=\"El Agilis 355C es la lanzadera de lujo definitiva para quienes necesitan m\u00e1s espacio sin renunciar a la agilidad de un jet tender. Con 3,55 metros, es el primer modelo de la gama que puede alojar c\u00f3modamente a 6 pasajeroslo que la convierte en la compa\u00f1era perfecta de los yates m\u00e1s grandes. Propulsado por un motor Rotax de 90 CV, ofrece una conducci\u00f3n suave, estable y seca incluso a plena carga.   Capacidad: 6 Personas   Motor 900cc - 90CV Rotax   Velocidad m\u00e1xima: 38 nudos   Caracter\u00edstica clave: Asientos de gran capacidad en un casco compacto de 3,5 m\" \/>\n<meta property=\"og:url\" content=\"https:\/\/nauti-parts.com\/es\/shop\/licitaciones-agilis\/moto-acuatica-agilis-355c-lujo-y-rendimiento-de-gran-capacidad\/\" \/>\n<meta property=\"og:site_name\" content=\"Nauti Parts\" \/>\n<meta property=\"article:publisher\" content=\"https:\/\/www.facebook.com\/nautipartsspain\/\" \/>\n<meta property=\"og:image\" content=\"https:\/\/nauti-parts.com\/wp-content\/uploads\/2026\/03\/355c.jpg\" \/>\n\t<meta property=\"og:image:width\" content=\"768\" \/>\n\t<meta property=\"og:image:height\" content=\"576\" \/>\n\t<meta property=\"og:image:type\" content=\"image\/jpeg\" \/>\n<meta name=\"twitter:card\" content=\"summary_large_image\" \/>\n<meta name=\"twitter:label1\" content=\"Tiempo de lectura\" \/>\n\t<meta name=\"twitter:data1\" content=\"2 minutos\" \/>\n<script type=\"application\/ld+json\" class=\"yoast-schema-graph\">{\"@context\":\"https:\\\/\\\/schema.org\",\"@graph\":[{\"@type\":\"WebPage\",\"@id\":\"https:\\\/\\\/nauti-parts.com\\\/es\\\/shop\\\/licitaciones-agilis\\\/moto-acuatica-agilis-355c-lujo-y-rendimiento-de-gran-capacidad\\\/\",\"url\":\"https:\\\/\\\/nauti-parts.com\\\/es\\\/shop\\\/licitaciones-agilis\\\/moto-acuatica-agilis-355c-lujo-y-rendimiento-de-gran-capacidad\\\/\",\"name\":\"Moto acu\u00e1tica Agilis 355C - Lujo y rendimiento de gran capacidad | Nauti Parts\",\"isPartOf\":{\"@id\":\"https:\\\/\\\/nauti-parts.com\\\/es\\\/#website\"},\"primaryImageOfPage\":{\"@id\":\"https:\\\/\\\/nauti-parts.com\\\/es\\\/shop\\\/licitaciones-agilis\\\/moto-acuatica-agilis-355c-lujo-y-rendimiento-de-gran-capacidad\\\/#primaryimage\"},\"image\":{\"@id\":\"https:\\\/\\\/nauti-parts.com\\\/es\\\/shop\\\/licitaciones-agilis\\\/moto-acuatica-agilis-355c-lujo-y-rendimiento-de-gran-capacidad\\\/#primaryimage\"},\"thumbnailUrl\":\"https:\\\/\\\/nauti-parts.com\\\/wp-content\\\/uploads\\\/2026\\\/03\\\/355c.jpg\",\"datePublished\":\"2026-03-20T10:00:37+00:00\",\"breadcrumb\":{\"@id\":\"https:\\\/\\\/nauti-parts.com\\\/es\\\/shop\\\/licitaciones-agilis\\\/moto-acuatica-agilis-355c-lujo-y-rendimiento-de-gran-capacidad\\\/#breadcrumb\"},\"inLanguage\":\"es\",\"potentialAction\":[{\"@type\":\"ReadAction\",\"target\":[\"https:\\\/\\\/nauti-parts.com\\\/es\\\/shop\\\/licitaciones-agilis\\\/moto-acuatica-agilis-355c-lujo-y-rendimiento-de-gran-capacidad\\\/\"]}]},{\"@type\":\"ImageObject\",\"inLanguage\":\"es\",\"@id\":\"https:\\\/\\\/nauti-parts.com\\\/es\\\/shop\\\/licitaciones-agilis\\\/moto-acuatica-agilis-355c-lujo-y-rendimiento-de-gran-capacidad\\\/#primaryimage\",\"url\":\"https:\\\/\\\/nauti-parts.com\\\/wp-content\\\/uploads\\\/2026\\\/03\\\/355c.jpg\",\"contentUrl\":\"https:\\\/\\\/nauti-parts.com\\\/wp-content\\\/uploads\\\/2026\\\/03\\\/355c.jpg\",\"width\":768,\"height\":576},{\"@type\":\"BreadcrumbList\",\"@id\":\"https:\\\/\\\/nauti-parts.com\\\/es\\\/shop\\\/licitaciones-agilis\\\/moto-acuatica-agilis-355c-lujo-y-rendimiento-de-gran-capacidad\\\/#breadcrumb\",\"itemListElement\":[{\"@type\":\"ListItem\",\"position\":1,\"name\":\"Tienda\",\"item\":\"https:\\\/\\\/nauti-parts.com\\\/es\\\/tienda\\\/\"},{\"@type\":\"ListItem\",\"position\":2,\"name\":\"Moto acu\u00e1tica Agilis 355C &#8211; Lujo y rendimiento de gran capacidad\"}]},{\"@type\":\"WebSite\",\"@id\":\"https:\\\/\\\/nauti-parts.com\\\/es\\\/#website\",\"url\":\"https:\\\/\\\/nauti-parts.com\\\/es\\\/\",\"name\":\"Nauti Parts\",\"description\":\"Sea-Doo Jet Ski - Seabob Dealer and Rentals | Water Toys Mallorca\",\"publisher\":{\"@id\":\"https:\\\/\\\/nauti-parts.com\\\/es\\\/#organization\"},\"potentialAction\":[{\"@type\":\"SearchAction\",\"target\":{\"@type\":\"EntryPoint\",\"urlTemplate\":\"https:\\\/\\\/nauti-parts.com\\\/es\\\/?s={search_term_string}\"},\"query-input\":{\"@type\":\"PropertyValueSpecification\",\"valueRequired\":true,\"valueName\":\"search_term_string\"}}],\"inLanguage\":\"es\"},{\"@type\":\"Organization\",\"@id\":\"https:\\\/\\\/nauti-parts.com\\\/es\\\/#organization\",\"name\":\"Piezas Nauti\",\"url\":\"https:\\\/\\\/nauti-parts.com\\\/es\\\/\",\"logo\":{\"@type\":\"ImageObject\",\"inLanguage\":\"es\",\"@id\":\"https:\\\/\\\/nauti-parts.com\\\/es\\\/#\\\/schema\\\/logo\\\/image\\\/\",\"url\":\"https:\\\/\\\/nauti-parts.com\\\/wp-content\\\/uploads\\\/2023\\\/10\\\/np-logo-black.png\",\"contentUrl\":\"https:\\\/\\\/nauti-parts.com\\\/wp-content\\\/uploads\\\/2023\\\/10\\\/np-logo-black.png\",\"width\":253,\"height\":100,\"caption\":\"Piezas Nauti\"},\"image\":{\"@id\":\"https:\\\/\\\/nauti-parts.com\\\/es\\\/#\\\/schema\\\/logo\\\/image\\\/\"},\"sameAs\":[\"https:\\\/\\\/www.facebook.com\\\/nautipartsspain\\\/\",\"https:\\\/\\\/www.instagram.com\\\/nautiparts\\\/\"]}]}<\/script>\n<!-- \/ Yoast SEO plugin. -->","yoast_head_json":{"title":"Moto acu\u00e1tica Agilis 355C - Lujo y rendimiento de gran capacidad | Nauti Parts","robots":{"index":"index","follow":"follow","max-snippet":"max-snippet:-1","max-image-preview":"max-image-preview:large","max-video-preview":"max-video-preview:-1"},"canonical":"https:\/\/nauti-parts.com\/es\/shop\/licitaciones-agilis\/moto-acuatica-agilis-355c-lujo-y-rendimiento-de-gran-capacidad\/","og_locale":"es_ES","og_type":"article","og_title":"Moto acu\u00e1tica Agilis 355C - Lujo y rendimiento de gran capacidad | Nauti Parts","og_description":"El Agilis 355C es la lanzadera de lujo definitiva para quienes necesitan m\u00e1s espacio sin renunciar a la agilidad de un jet tender. Con 3,55 metros, es el primer modelo de la gama que puede alojar c\u00f3modamente a 6 pasajeroslo que la convierte en la compa\u00f1era perfecta de los yates m\u00e1s grandes. Propulsado por un motor Rotax de 90 CV, ofrece una conducci\u00f3n suave, estable y seca incluso a plena carga.   Capacidad: 6 Personas   Motor 900cc - 90CV Rotax   Velocidad m\u00e1xima: 38 nudos   Caracter\u00edstica clave: Asientos de gran capacidad en un casco compacto de 3,5 m","og_url":"https:\/\/nauti-parts.com\/es\/shop\/licitaciones-agilis\/moto-acuatica-agilis-355c-lujo-y-rendimiento-de-gran-capacidad\/","og_site_name":"Nauti Parts","article_publisher":"https:\/\/www.facebook.com\/nautipartsspain\/","og_image":[{"width":768,"height":576,"url":"https:\/\/nauti-parts.com\/wp-content\/uploads\/2026\/03\/355c.jpg","type":"image\/jpeg"}],"twitter_card":"summary_large_image","twitter_misc":{"Tiempo de lectura":"2 minutos"},"schema":{"@context":"https:\/\/schema.org","@graph":[{"@type":"WebPage","@id":"https:\/\/nauti-parts.com\/es\/shop\/licitaciones-agilis\/moto-acuatica-agilis-355c-lujo-y-rendimiento-de-gran-capacidad\/","url":"https:\/\/nauti-parts.com\/es\/shop\/licitaciones-agilis\/moto-acuatica-agilis-355c-lujo-y-rendimiento-de-gran-capacidad\/","name":"Moto acu\u00e1tica Agilis 355C - Lujo y rendimiento de gran capacidad | Nauti Parts","isPartOf":{"@id":"https:\/\/nauti-parts.com\/es\/#website"},"primaryImageOfPage":{"@id":"https:\/\/nauti-parts.com\/es\/shop\/licitaciones-agilis\/moto-acuatica-agilis-355c-lujo-y-rendimiento-de-gran-capacidad\/#primaryimage"},"image":{"@id":"https:\/\/nauti-parts.com\/es\/shop\/licitaciones-agilis\/moto-acuatica-agilis-355c-lujo-y-rendimiento-de-gran-capacidad\/#primaryimage"},"thumbnailUrl":"https:\/\/nauti-parts.com\/wp-content\/uploads\/2026\/03\/355c.jpg","datePublished":"2026-03-20T10:00:37+00:00","breadcrumb":{"@id":"https:\/\/nauti-parts.com\/es\/shop\/licitaciones-agilis\/moto-acuatica-agilis-355c-lujo-y-rendimiento-de-gran-capacidad\/#breadcrumb"},"inLanguage":"es","potentialAction":[{"@type":"ReadAction","target":["https:\/\/nauti-parts.com\/es\/shop\/licitaciones-agilis\/moto-acuatica-agilis-355c-lujo-y-rendimiento-de-gran-capacidad\/"]}]},{"@type":"ImageObject","inLanguage":"es","@id":"https:\/\/nauti-parts.com\/es\/shop\/licitaciones-agilis\/moto-acuatica-agilis-355c-lujo-y-rendimiento-de-gran-capacidad\/#primaryimage","url":"https:\/\/nauti-parts.com\/wp-content\/uploads\/2026\/03\/355c.jpg","contentUrl":"https:\/\/nauti-parts.com\/wp-content\/uploads\/2026\/03\/355c.jpg","width":768,"height":576},{"@type":"BreadcrumbList","@id":"https:\/\/nauti-parts.com\/es\/shop\/licitaciones-agilis\/moto-acuatica-agilis-355c-lujo-y-rendimiento-de-gran-capacidad\/#breadcrumb","itemListElement":[{"@type":"ListItem","position":1,"name":"Tienda","item":"https:\/\/nauti-parts.com\/es\/tienda\/"},{"@type":"ListItem","position":2,"name":"Moto acu\u00e1tica Agilis 355C &#8211; Lujo y rendimiento de gran capacidad"}]},{"@type":"WebSite","@id":"https:\/\/nauti-parts.com\/es\/#website","url":"https:\/\/nauti-parts.com\/es\/","name":"Nauti Parts","description":"Sea-Doo Jet Ski - Seabob Dealer and Rentals | Water Toys Mallorca","publisher":{"@id":"https:\/\/nauti-parts.com\/es\/#organization"},"potentialAction":[{"@type":"SearchAction","target":{"@type":"EntryPoint","urlTemplate":"https:\/\/nauti-parts.com\/es\/?s={search_term_string}"},"query-input":{"@type":"PropertyValueSpecification","valueRequired":true,"valueName":"search_term_string"}}],"inLanguage":"es"},{"@type":"Organization","@id":"https:\/\/nauti-parts.com\/es\/#organization","name":"Piezas Nauti","url":"https:\/\/nauti-parts.com\/es\/","logo":{"@type":"ImageObject","inLanguage":"es","@id":"https:\/\/nauti-parts.com\/es\/#\/schema\/logo\/image\/","url":"https:\/\/nauti-parts.com\/wp-content\/uploads\/2023\/10\/np-logo-black.png","contentUrl":"https:\/\/nauti-parts.com\/wp-content\/uploads\/2023\/10\/np-logo-black.png","width":253,"height":100,"caption":"Piezas Nauti"},"image":{"@id":"https:\/\/nauti-parts.com\/es\/#\/schema\/logo\/image\/"},"sameAs":["https:\/\/www.facebook.com\/nautipartsspain\/","https:\/\/www.instagram.com\/nautiparts\/"]}]}},"_links":{"self":[{"href":"https:\/\/nauti-parts.com\/es\/wp-json\/wp\/v2\/product\/23377","targetHints":{"allow":["GET"]}}],"collection":[{"href":"https:\/\/nauti-parts.com\/es\/wp-json\/wp\/v2\/product"}],"about":[{"href":"https:\/\/nauti-parts.com\/es\/wp-json\/wp\/v2\/types\/product"}],"replies":[{"embeddable":true,"href":"https:\/\/nauti-parts.com\/es\/wp-json\/wp\/v2\/comments?post=23377"}],"wp:featuredmedia":[{"embeddable":true,"href":"https:\/\/nauti-parts.com\/es\/wp-json\/wp\/v2\/media\/20461"}],"wp:attachment":[{"href":"https:\/\/nauti-parts.com\/es\/wp-json\/wp\/v2\/media?parent=23377"}],"wp:term":[{"taxonomy":"product_brand","embeddable":true,"href":"https:\/\/nauti-parts.com\/es\/wp-json\/wp\/v2\/product_brand?post=23377"},{"taxonomy":"product_cat","embeddable":true,"href":"https:\/\/nauti-parts.com\/es\/wp-json\/wp\/v2\/product_cat?post=23377"},{"taxonomy":"product_tag","embeddable":true,"href":"https:\/\/nauti-parts.com\/es\/wp-json\/wp\/v2\/product_tag?post=23377"}],"curies":[{"name":"wp","href":"https:\/\/api.w.org\/{rel}","templated":true}]}}