{"id":23339,"date":"2026-03-20T10:15:18","date_gmt":"2026-03-20T10:15:18","guid":{"rendered":"https:\/\/nauti-parts.com\/shop\/sin categor\u00eda\/agilis-500d-diesel-jet-tender-espacio-inigualable-y-acceso-de-lujo\/"},"modified":"2026-03-20T10:15:18","modified_gmt":"2026-03-20T10:15:18","slug":"agilis-500d-diesel-jet-tender-espacio-inigualable-y-acceso-de-lujo","status":"publish","type":"product","link":"https:\/\/nauti-parts.com\/es\/shop\/licitaciones-agilis\/agilis-500d-diesel-jet-tender-espacio-inigualable-y-acceso-de-lujo\/","title":{"rendered":"Agilis 500D Diesel Jet Tender &#8211; Espacio inigualable y acceso de lujo"},"content":{"rendered":"<p id=\"p-rc_94da2e643f9fe193-71\" data-path-to-node=\"9\"><b data-path-to-node=\"9\" data-index-in-node=\"0\">Elevando cada viaje<br \/>\n<\/b><span class=\"citation-126 citation-end-126\">El Agilis 500D no es s\u00f3lo una embarcaci\u00f3n auxiliar; es una extensi\u00f3n perfecta del lujo que se encuentra en tu nave nodriza.<\/span> Dise\u00f1ado para yates de 30 metros o m\u00e1s, este modelo prioriza la comodidad de los pasajeros y la interacci\u00f3n social. <span class=\"citation-125\">Gracias a los innovadores <\/span><b data-path-to-node=\"9\" data-index-in-node=\"262\"><span class=\"citation-125\">tubos en forma de D<\/span><\/b><span class=\"citation-125 citation-end-125\">el 500D ofrece hasta un 40% m\u00e1s de espacio interior que las semirr\u00edgidas comparables, lo que permite a los invitados moverse libremente y sentarse con total relajaci\u00f3n.<\/span><\/p>\n<p id=\"p-rc_94da2e643f9fe193-72\" data-path-to-node=\"10\"><b data-path-to-node=\"10\" data-index-in-node=\"0\">Acceso al agua sin fisuras<br \/>\n<\/b><span class=\"citation-124\">Una de las caracter\u00edsticas m\u00e1s elogiadas de la 500D es su <\/span><b data-path-to-node=\"10\" data-index-in-node=\"74\"><span class=\"citation-124\">puerta trasera abatible en plano<\/span><\/b><span class=\"citation-124 citation-end-124\">.<\/span> Cuando est\u00e1 anclado, el espejo de popa se pliega para crear un camino sin obst\u00e1culos hacia el agua. <span class=\"citation-123 citation-end-123\">Este dise\u00f1o inteligente permite embarcar y desembarcar sin esfuerzo para nadar, bucear o hacer snorkel, transformando la embarcaci\u00f3n auxiliar en una terraza de ba\u00f1o privada.<\/span><\/p>\n<p id=\"p-rc_94da2e643f9fe193-73\" data-path-to-node=\"11\"><b data-path-to-node=\"11\" data-index-in-node=\"0\">Rendimiento di\u00e9sel silencioso y potente<br \/>\n<\/b>Reabast\u00e9cete directamente del suministro di\u00e9sel de tu yate con confianza. El motor Mercury Diesel de 2,0 l proporciona una marcha silenciosa y un funcionamiento pr\u00e1cticamente sin vibraciones, lo que lo convierte en el auxiliar m\u00e1s silencioso de su clase.   <span class=\"citation-122 citation-end-122\">Con 170 CV a tu disposici\u00f3n, el 500D alcanza velocidades de 38 nudos con facilidad, garantizando traslados r\u00e1pidos y secos incluso con una lista de invitados completa de nueve personas.<\/span><\/p>\n<p id=\"p-rc_94da2e643f9fe193-74\" data-path-to-node=\"12\"><b data-path-to-node=\"12\" data-index-in-node=\"0\">Ingenier\u00eda alemana, personalizaci\u00f3n infinita<br \/>\n<\/b><span class=\"citation-121 citation-end-121\">Construido en J\u00fclich (Alemania), el 500D representa la cumbre de la artesan\u00eda Agilis.<\/span> <span class=\"citation-120 citation-end-120\">Cada detalle est\u00e1 pensado para cumplir los est\u00e1ndares de los superyates, desde la cubierta de teca de primera calidad hasta el avanzado salpicadero digital.<\/span> <span class=\"citation-119 citation-end-119\">En Nauti-Parts, proporcionamos acceso a m\u00e1s de 32 millones de configuraciones posibles, lo que te permite adaptar cada puntada, color de tubo y detalle de iluminaci\u00f3n al ADN espec\u00edfico de tu yate.<\/span><\/p>\n<p data-path-to-node=\"11\"><a href=\"https:\/\/nauti-parts.com\/wp-content\/uploads\/2026\/03\/agilis-500d.pdf\"><strong>Descargar Especificaciones<\/strong><\/a><\/p>\n<div style=\"width: 900px;\" class=\"wp-video\"><video class=\"wp-video-shortcode\" id=\"video-23339-1\" width=\"900\" height=\"900\" preload=\"metadata\" controls=\"controls\"><source type=\"video\/mp4\" src=\"https:\/\/nauti-parts.com\/wp-content\/uploads\/2026\/03\/500d_animation.mp4?_=1\" \/><a href=\"https:\/\/nauti-parts.com\/wp-content\/uploads\/2026\/03\/500d_animation.mp4\">https:\/\/nauti-parts.com\/wp-content\/uploads\/2026\/03\/500d_animation.mp4<\/a><\/video><\/div>\n","protected":false},"excerpt":{"rendered":"<p id=\"p-rc_94da2e643f9fe193-66\" data-path-to-node=\"5\">El <b data-path-to-node=\"5\" data-index-in-node=\"4\">Agilis 500D<\/b> redefine la experiencia de las embarcaciones auxiliares di\u00e9sel de lujo. <span class=\"citation-132\">Mide 5,00 metros y est\u00e1 propulsado por un robusto motor <\/span><b data-path-to-node=\"5\" data-index-in-node=\"109\"><span class=\"citation-132\">motor Mercury Diesel de 170 CV<\/span><\/b><span class=\"citation-132\">ofrece una enorme <\/span><b data-path-to-node=\"5\" data-index-in-node=\"158\"><span class=\"citation-132\">capacidad para 8+1 pasajeros<\/span><\/b><span class=\"citation-132 citation-end-132\">.<\/span> <span class=\"citation-131 citation-end-131\">Con un exclusivo dise\u00f1o de tubo en forma de D que proporciona un 40% m\u00e1s de espacio interior que las embarcaciones auxiliares convencionales y una caracter\u00edstica puerta trasera de plegado plano para acceder a nado sin esfuerzo, la 500D es la compa\u00f1era definitiva para la navegaci\u00f3n a gran escala.<\/span><\/p>\n<ul data-path-to-node=\"6\">\n<li>\n<p id=\"p-rc_94da2e643f9fe193-67\" data-path-to-node=\"6,0,0\"><b data-path-to-node=\"6,0,0\" data-index-in-node=\"0\"><span class=\"citation-130\">Capacidad:<\/span><\/b><span class=\"citation-130 citation-end-130\"> 8 + 1 Personas<\/span><\/p>\n<\/li>\n<li>\n<p id=\"p-rc_94da2e643f9fe193-68\" data-path-to-node=\"6,1,0\"><b data-path-to-node=\"6,1,0\" data-index-in-node=\"0\">Motor<\/b><span class=\"citation-129 citation-end-129\"> Mercury Diesel de 2.0L (170CV)<\/span><\/p>\n<\/li>\n<li>\n<p id=\"p-rc_94da2e643f9fe193-69\" data-path-to-node=\"6,2,0\"><b data-path-to-node=\"6,2,0\" data-index-in-node=\"0\"><span class=\"citation-128\">Velocidad m\u00e1xima:<\/span><\/b><span class=\"citation-128 citation-end-128\"> 38 nudos<\/span><\/p>\n<\/li>\n<li>\n<p id=\"p-rc_94da2e643f9fe193-70\" data-path-to-node=\"6,3,0\"><b data-path-to-node=\"6,3,0\" data-index-in-node=\"0\"><span class=\"citation-127\">Caracter\u00edstica principal:<\/span><\/b><span class=\"citation-127 citation-end-127\"> Puerta trasera abatible plana para un acceso perfecto a la plataforma de ba\u00f1o<\/span><\/p>\n<\/li>\n<\/ul>\n","protected":false},"featured_media":20516,"comment_status":"open","ping_status":"closed","template":"","meta":{"_acf_changed":false},"product_brand":[],"product_cat":[280],"product_tag":[],"class_list":{"0":"post-23339","1":"product","2":"type-product","3":"status-publish","4":"has-post-thumbnail","6":"product_cat-licitaciones-agilis","7":"repupress_customize_woocommerce_productom_class","9":"first","10":"instock","11":"taxable","12":"shipping-taxable","13":"product-type-simple"},"acf":[],"yoast_head":"<!-- This site is optimized with the Yoast SEO plugin v27.5 - https:\/\/yoast.com\/product\/yoast-seo-wordpress\/ -->\n<title>Agilis 500D Diesel Jet Tender - Espacio inigualable y acceso de lujo | Nauti Parts<\/title>\n<meta name=\"robots\" content=\"index, follow, max-snippet:-1, max-image-preview:large, max-video-preview:-1\" \/>\n<link rel=\"canonical\" href=\"https:\/\/nauti-parts.com\/es\/shop\/licitaciones-agilis\/agilis-500d-diesel-jet-tender-espacio-inigualable-y-acceso-de-lujo\/\" \/>\n<meta property=\"og:locale\" content=\"es_ES\" \/>\n<meta property=\"og:type\" content=\"article\" \/>\n<meta property=\"og:title\" content=\"Agilis 500D Diesel Jet Tender - Espacio inigualable y acceso de lujo | Nauti Parts\" \/>\n<meta property=\"og:description\" content=\"El Agilis 500D redefine la experiencia de las embarcaciones auxiliares di\u00e9sel de lujo. Mide 5,00 metros y est\u00e1 propulsado por un robusto motor motor Mercury Diesel de 170 CVofrece una enorme capacidad para 8+1 pasajeros. Con un exclusivo dise\u00f1o de tubo en forma de D que proporciona un 40% m\u00e1s de espacio interior que las embarcaciones auxiliares convencionales y una caracter\u00edstica puerta trasera de plegado plano para acceder a nado sin esfuerzo, la 500D es la compa\u00f1era definitiva para la navegaci\u00f3n a gran escala.   Capacidad: 8 + 1 Personas   Motor Mercury Diesel de 2.0L (170CV)   Velocidad m\u00e1xima: 38 nudos   Caracter\u00edstica principal: Puerta trasera abatible plana para un acceso perfecto a la plataforma de ba\u00f1o\" \/>\n<meta property=\"og:url\" content=\"https:\/\/nauti-parts.com\/es\/shop\/licitaciones-agilis\/agilis-500d-diesel-jet-tender-espacio-inigualable-y-acceso-de-lujo\/\" \/>\n<meta property=\"og:site_name\" content=\"Nauti Parts\" \/>\n<meta property=\"article:publisher\" content=\"https:\/\/www.facebook.com\/nautipartsspain\/\" \/>\n<meta property=\"og:image\" content=\"https:\/\/nauti-parts.com\/wp-content\/uploads\/2026\/03\/500d-1.jpg\" \/>\n\t<meta property=\"og:image:width\" content=\"768\" \/>\n\t<meta property=\"og:image:height\" content=\"576\" \/>\n\t<meta property=\"og:image:type\" content=\"image\/jpeg\" \/>\n<meta name=\"twitter:card\" content=\"summary_large_image\" \/>\n<meta name=\"twitter:label1\" content=\"Tiempo de lectura\" \/>\n\t<meta name=\"twitter:data1\" content=\"2 minutos\" \/>\n<script type=\"application\/ld+json\" class=\"yoast-schema-graph\">{\"@context\":\"https:\\\/\\\/schema.org\",\"@graph\":[{\"@type\":\"WebPage\",\"@id\":\"https:\\\/\\\/nauti-parts.com\\\/es\\\/shop\\\/licitaciones-agilis\\\/agilis-500d-diesel-jet-tender-espacio-inigualable-y-acceso-de-lujo\\\/\",\"url\":\"https:\\\/\\\/nauti-parts.com\\\/es\\\/shop\\\/licitaciones-agilis\\\/agilis-500d-diesel-jet-tender-espacio-inigualable-y-acceso-de-lujo\\\/\",\"name\":\"Agilis 500D Diesel Jet Tender - Espacio inigualable y acceso de lujo | Nauti Parts\",\"isPartOf\":{\"@id\":\"https:\\\/\\\/nauti-parts.com\\\/es\\\/#website\"},\"primaryImageOfPage\":{\"@id\":\"https:\\\/\\\/nauti-parts.com\\\/es\\\/shop\\\/licitaciones-agilis\\\/agilis-500d-diesel-jet-tender-espacio-inigualable-y-acceso-de-lujo\\\/#primaryimage\"},\"image\":{\"@id\":\"https:\\\/\\\/nauti-parts.com\\\/es\\\/shop\\\/licitaciones-agilis\\\/agilis-500d-diesel-jet-tender-espacio-inigualable-y-acceso-de-lujo\\\/#primaryimage\"},\"thumbnailUrl\":\"https:\\\/\\\/nauti-parts.com\\\/wp-content\\\/uploads\\\/2026\\\/03\\\/500d-1.jpg\",\"datePublished\":\"2026-03-20T10:15:18+00:00\",\"breadcrumb\":{\"@id\":\"https:\\\/\\\/nauti-parts.com\\\/es\\\/shop\\\/licitaciones-agilis\\\/agilis-500d-diesel-jet-tender-espacio-inigualable-y-acceso-de-lujo\\\/#breadcrumb\"},\"inLanguage\":\"es\",\"potentialAction\":[{\"@type\":\"ReadAction\",\"target\":[\"https:\\\/\\\/nauti-parts.com\\\/es\\\/shop\\\/licitaciones-agilis\\\/agilis-500d-diesel-jet-tender-espacio-inigualable-y-acceso-de-lujo\\\/\"]}]},{\"@type\":\"ImageObject\",\"inLanguage\":\"es\",\"@id\":\"https:\\\/\\\/nauti-parts.com\\\/es\\\/shop\\\/licitaciones-agilis\\\/agilis-500d-diesel-jet-tender-espacio-inigualable-y-acceso-de-lujo\\\/#primaryimage\",\"url\":\"https:\\\/\\\/nauti-parts.com\\\/wp-content\\\/uploads\\\/2026\\\/03\\\/500d-1.jpg\",\"contentUrl\":\"https:\\\/\\\/nauti-parts.com\\\/wp-content\\\/uploads\\\/2026\\\/03\\\/500d-1.jpg\",\"width\":768,\"height\":576},{\"@type\":\"BreadcrumbList\",\"@id\":\"https:\\\/\\\/nauti-parts.com\\\/es\\\/shop\\\/licitaciones-agilis\\\/agilis-500d-diesel-jet-tender-espacio-inigualable-y-acceso-de-lujo\\\/#breadcrumb\",\"itemListElement\":[{\"@type\":\"ListItem\",\"position\":1,\"name\":\"Tienda\",\"item\":\"https:\\\/\\\/nauti-parts.com\\\/es\\\/tienda\\\/\"},{\"@type\":\"ListItem\",\"position\":2,\"name\":\"Agilis 500D Diesel Jet Tender &#8211; Espacio inigualable y acceso de lujo\"}]},{\"@type\":\"WebSite\",\"@id\":\"https:\\\/\\\/nauti-parts.com\\\/es\\\/#website\",\"url\":\"https:\\\/\\\/nauti-parts.com\\\/es\\\/\",\"name\":\"Nauti Parts\",\"description\":\"Sea-Doo Jet Ski - Seabob Dealer and Rentals | Water Toys Mallorca\",\"publisher\":{\"@id\":\"https:\\\/\\\/nauti-parts.com\\\/es\\\/#organization\"},\"potentialAction\":[{\"@type\":\"SearchAction\",\"target\":{\"@type\":\"EntryPoint\",\"urlTemplate\":\"https:\\\/\\\/nauti-parts.com\\\/es\\\/?s={search_term_string}\"},\"query-input\":{\"@type\":\"PropertyValueSpecification\",\"valueRequired\":true,\"valueName\":\"search_term_string\"}}],\"inLanguage\":\"es\"},{\"@type\":\"Organization\",\"@id\":\"https:\\\/\\\/nauti-parts.com\\\/es\\\/#organization\",\"name\":\"Piezas Nauti\",\"url\":\"https:\\\/\\\/nauti-parts.com\\\/es\\\/\",\"logo\":{\"@type\":\"ImageObject\",\"inLanguage\":\"es\",\"@id\":\"https:\\\/\\\/nauti-parts.com\\\/es\\\/#\\\/schema\\\/logo\\\/image\\\/\",\"url\":\"https:\\\/\\\/nauti-parts.com\\\/wp-content\\\/uploads\\\/2023\\\/10\\\/np-logo-black.png\",\"contentUrl\":\"https:\\\/\\\/nauti-parts.com\\\/wp-content\\\/uploads\\\/2023\\\/10\\\/np-logo-black.png\",\"width\":253,\"height\":100,\"caption\":\"Piezas Nauti\"},\"image\":{\"@id\":\"https:\\\/\\\/nauti-parts.com\\\/es\\\/#\\\/schema\\\/logo\\\/image\\\/\"},\"sameAs\":[\"https:\\\/\\\/www.facebook.com\\\/nautipartsspain\\\/\",\"https:\\\/\\\/www.instagram.com\\\/nautiparts\\\/\"]}]}<\/script>\n<!-- \/ Yoast SEO plugin. -->","yoast_head_json":{"title":"Agilis 500D Diesel Jet Tender - Espacio inigualable y acceso de lujo | Nauti Parts","robots":{"index":"index","follow":"follow","max-snippet":"max-snippet:-1","max-image-preview":"max-image-preview:large","max-video-preview":"max-video-preview:-1"},"canonical":"https:\/\/nauti-parts.com\/es\/shop\/licitaciones-agilis\/agilis-500d-diesel-jet-tender-espacio-inigualable-y-acceso-de-lujo\/","og_locale":"es_ES","og_type":"article","og_title":"Agilis 500D Diesel Jet Tender - Espacio inigualable y acceso de lujo | Nauti Parts","og_description":"El Agilis 500D redefine la experiencia de las embarcaciones auxiliares di\u00e9sel de lujo. Mide 5,00 metros y est\u00e1 propulsado por un robusto motor motor Mercury Diesel de 170 CVofrece una enorme capacidad para 8+1 pasajeros. Con un exclusivo dise\u00f1o de tubo en forma de D que proporciona un 40% m\u00e1s de espacio interior que las embarcaciones auxiliares convencionales y una caracter\u00edstica puerta trasera de plegado plano para acceder a nado sin esfuerzo, la 500D es la compa\u00f1era definitiva para la navegaci\u00f3n a gran escala.   Capacidad: 8 + 1 Personas   Motor Mercury Diesel de 2.0L (170CV)   Velocidad m\u00e1xima: 38 nudos   Caracter\u00edstica principal: Puerta trasera abatible plana para un acceso perfecto a la plataforma de ba\u00f1o","og_url":"https:\/\/nauti-parts.com\/es\/shop\/licitaciones-agilis\/agilis-500d-diesel-jet-tender-espacio-inigualable-y-acceso-de-lujo\/","og_site_name":"Nauti Parts","article_publisher":"https:\/\/www.facebook.com\/nautipartsspain\/","og_image":[{"width":768,"height":576,"url":"https:\/\/nauti-parts.com\/wp-content\/uploads\/2026\/03\/500d-1.jpg","type":"image\/jpeg"}],"twitter_card":"summary_large_image","twitter_misc":{"Tiempo de lectura":"2 minutos"},"schema":{"@context":"https:\/\/schema.org","@graph":[{"@type":"WebPage","@id":"https:\/\/nauti-parts.com\/es\/shop\/licitaciones-agilis\/agilis-500d-diesel-jet-tender-espacio-inigualable-y-acceso-de-lujo\/","url":"https:\/\/nauti-parts.com\/es\/shop\/licitaciones-agilis\/agilis-500d-diesel-jet-tender-espacio-inigualable-y-acceso-de-lujo\/","name":"Agilis 500D Diesel Jet Tender - Espacio inigualable y acceso de lujo | Nauti Parts","isPartOf":{"@id":"https:\/\/nauti-parts.com\/es\/#website"},"primaryImageOfPage":{"@id":"https:\/\/nauti-parts.com\/es\/shop\/licitaciones-agilis\/agilis-500d-diesel-jet-tender-espacio-inigualable-y-acceso-de-lujo\/#primaryimage"},"image":{"@id":"https:\/\/nauti-parts.com\/es\/shop\/licitaciones-agilis\/agilis-500d-diesel-jet-tender-espacio-inigualable-y-acceso-de-lujo\/#primaryimage"},"thumbnailUrl":"https:\/\/nauti-parts.com\/wp-content\/uploads\/2026\/03\/500d-1.jpg","datePublished":"2026-03-20T10:15:18+00:00","breadcrumb":{"@id":"https:\/\/nauti-parts.com\/es\/shop\/licitaciones-agilis\/agilis-500d-diesel-jet-tender-espacio-inigualable-y-acceso-de-lujo\/#breadcrumb"},"inLanguage":"es","potentialAction":[{"@type":"ReadAction","target":["https:\/\/nauti-parts.com\/es\/shop\/licitaciones-agilis\/agilis-500d-diesel-jet-tender-espacio-inigualable-y-acceso-de-lujo\/"]}]},{"@type":"ImageObject","inLanguage":"es","@id":"https:\/\/nauti-parts.com\/es\/shop\/licitaciones-agilis\/agilis-500d-diesel-jet-tender-espacio-inigualable-y-acceso-de-lujo\/#primaryimage","url":"https:\/\/nauti-parts.com\/wp-content\/uploads\/2026\/03\/500d-1.jpg","contentUrl":"https:\/\/nauti-parts.com\/wp-content\/uploads\/2026\/03\/500d-1.jpg","width":768,"height":576},{"@type":"BreadcrumbList","@id":"https:\/\/nauti-parts.com\/es\/shop\/licitaciones-agilis\/agilis-500d-diesel-jet-tender-espacio-inigualable-y-acceso-de-lujo\/#breadcrumb","itemListElement":[{"@type":"ListItem","position":1,"name":"Tienda","item":"https:\/\/nauti-parts.com\/es\/tienda\/"},{"@type":"ListItem","position":2,"name":"Agilis 500D Diesel Jet Tender &#8211; Espacio inigualable y acceso de lujo"}]},{"@type":"WebSite","@id":"https:\/\/nauti-parts.com\/es\/#website","url":"https:\/\/nauti-parts.com\/es\/","name":"Nauti Parts","description":"Sea-Doo Jet Ski - Seabob Dealer and Rentals | Water Toys Mallorca","publisher":{"@id":"https:\/\/nauti-parts.com\/es\/#organization"},"potentialAction":[{"@type":"SearchAction","target":{"@type":"EntryPoint","urlTemplate":"https:\/\/nauti-parts.com\/es\/?s={search_term_string}"},"query-input":{"@type":"PropertyValueSpecification","valueRequired":true,"valueName":"search_term_string"}}],"inLanguage":"es"},{"@type":"Organization","@id":"https:\/\/nauti-parts.com\/es\/#organization","name":"Piezas Nauti","url":"https:\/\/nauti-parts.com\/es\/","logo":{"@type":"ImageObject","inLanguage":"es","@id":"https:\/\/nauti-parts.com\/es\/#\/schema\/logo\/image\/","url":"https:\/\/nauti-parts.com\/wp-content\/uploads\/2023\/10\/np-logo-black.png","contentUrl":"https:\/\/nauti-parts.com\/wp-content\/uploads\/2023\/10\/np-logo-black.png","width":253,"height":100,"caption":"Piezas Nauti"},"image":{"@id":"https:\/\/nauti-parts.com\/es\/#\/schema\/logo\/image\/"},"sameAs":["https:\/\/www.facebook.com\/nautipartsspain\/","https:\/\/www.instagram.com\/nautiparts\/"]}]}},"_links":{"self":[{"href":"https:\/\/nauti-parts.com\/es\/wp-json\/wp\/v2\/product\/23339","targetHints":{"allow":["GET"]}}],"collection":[{"href":"https:\/\/nauti-parts.com\/es\/wp-json\/wp\/v2\/product"}],"about":[{"href":"https:\/\/nauti-parts.com\/es\/wp-json\/wp\/v2\/types\/product"}],"replies":[{"embeddable":true,"href":"https:\/\/nauti-parts.com\/es\/wp-json\/wp\/v2\/comments?post=23339"}],"wp:featuredmedia":[{"embeddable":true,"href":"https:\/\/nauti-parts.com\/es\/wp-json\/wp\/v2\/media\/20516"}],"wp:attachment":[{"href":"https:\/\/nauti-parts.com\/es\/wp-json\/wp\/v2\/media?parent=23339"}],"wp:term":[{"taxonomy":"product_brand","embeddable":true,"href":"https:\/\/nauti-parts.com\/es\/wp-json\/wp\/v2\/product_brand?post=23339"},{"taxonomy":"product_cat","embeddable":true,"href":"https:\/\/nauti-parts.com\/es\/wp-json\/wp\/v2\/product_cat?post=23339"},{"taxonomy":"product_tag","embeddable":true,"href":"https:\/\/nauti-parts.com\/es\/wp-json\/wp\/v2\/product_tag?post=23339"}],"curies":[{"name":"wp","href":"https:\/\/api.w.org\/{rel}","templated":true}]}}