{"id":23085,"date":"2018-03-29T12:02:00","date_gmt":"2018-03-29T12:02:00","guid":{"rendered":"https:\/\/nauti-parts.com\/shop\/sin categor\u00eda\/bomba-de-aire\/"},"modified":"2018-03-29T12:02:00","modified_gmt":"2018-03-29T12:02:00","slug":"bomba-de-aire","status":"publish","type":"product","link":"https:\/\/nauti-parts.com\/es\/shop\/sin-categorizar\/bomba-de-aire\/","title":{"rendered":"Bomba de aire"},"content":{"rendered":"<ul>\n<li>Dimensiones: 12&#215;11,5&#215;12,5 CM<\/li>\n<li>Bomba de aire de 12 V o 230 V<\/li>\n<li>Enchufe UK opcional<\/li>\n<li>3 Boquillas diferentes<\/li>\n<li>Infla y desinfla<\/li>\n<\/ul>\n","protected":false},"excerpt":{"rendered":"<p>La bomba de aire Jobe infla un remolcable en un instante, para que puedas entrar en el agua a hacer lo que es mejor: divertirte. Este ingenioso cacharrito viene con 3 boquillas diferentes y se infla y desinfla r\u00e1pida y eficazmente. Si no te apetece hacer cardio, \u00e9ste es tu nuevo art\u00edculo imprescindible para a\u00f1adir a tu colecci\u00f3n de material para deportes acu\u00e1ticos.  <\/p>\n","protected":false},"featured_media":2562,"comment_status":"open","ping_status":"closed","template":"","meta":{"_acf_changed":false},"product_brand":[],"product_cat":[204],"product_tag":[],"class_list":{"0":"post-23085","1":"product","2":"type-product","3":"status-publish","4":"has-post-thumbnail","6":"product_cat-sin-categorizar","7":"repupress_customize_woocommerce_productom_class","9":"first","10":"instock","11":"taxable","12":"shipping-taxable","13":"purchasable","14":"product-type-variable"},"acf":[],"yoast_head":"<!-- This site is optimized with the Yoast SEO plugin v27.2 - https:\/\/yoast.com\/product\/yoast-seo-wordpress\/ -->\n<title>Bomba de aire | Nauti Parts<\/title>\n<meta name=\"robots\" content=\"index, follow, max-snippet:-1, max-image-preview:large, max-video-preview:-1\" \/>\n<link rel=\"canonical\" href=\"https:\/\/nauti-parts.com\/es\/shop\/sin-categorizar\/bomba-de-aire\/\" \/>\n<meta property=\"og:locale\" content=\"es_ES\" \/>\n<meta property=\"og:type\" content=\"article\" \/>\n<meta property=\"og:title\" content=\"Bomba de aire | Nauti Parts\" \/>\n<meta property=\"og:description\" content=\"La bomba de aire Jobe infla un remolcable en un instante, para que puedas entrar en el agua a hacer lo que es mejor: divertirte. Este ingenioso cacharrito viene con 3 boquillas diferentes y se infla y desinfla r\u00e1pida y eficazmente. Si no te apetece hacer cardio, \u00e9ste es tu nuevo art\u00edculo imprescindible para a\u00f1adir a tu colecci\u00f3n de material para deportes acu\u00e1ticos.\" \/>\n<meta property=\"og:url\" content=\"https:\/\/nauti-parts.com\/es\/shop\/sin-categorizar\/bomba-de-aire\/\" \/>\n<meta property=\"og:site_name\" content=\"Nauti Parts\" \/>\n<meta property=\"article:publisher\" content=\"https:\/\/www.facebook.com\/nautipartsspain\/\" \/>\n<meta property=\"og:image\" content=\"https:\/\/nauti-parts.com\/wp-content\/uploads\/2018\/03\/jobe-air-pump.jpg\" \/>\n\t<meta property=\"og:image:width\" content=\"480\" \/>\n\t<meta property=\"og:image:height\" content=\"506\" \/>\n\t<meta property=\"og:image:type\" content=\"image\/jpeg\" \/>\n<meta name=\"twitter:card\" content=\"summary_large_image\" \/>\n<script type=\"application\/ld+json\" class=\"yoast-schema-graph\">{\"@context\":\"https:\/\/schema.org\",\"@graph\":[{\"@type\":\"WebPage\",\"@id\":\"https:\/\/nauti-parts.com\/es\/shop\/sin-categorizar\/bomba-de-aire\/\",\"url\":\"https:\/\/nauti-parts.com\/es\/shop\/sin-categorizar\/bomba-de-aire\/\",\"name\":\"Bomba de aire | Nauti Parts\",\"isPartOf\":{\"@id\":\"https:\/\/nauti-parts.com\/es\/#website\"},\"primaryImageOfPage\":{\"@id\":\"https:\/\/nauti-parts.com\/es\/shop\/sin-categorizar\/bomba-de-aire\/#primaryimage\"},\"image\":{\"@id\":\"https:\/\/nauti-parts.com\/es\/shop\/sin-categorizar\/bomba-de-aire\/#primaryimage\"},\"thumbnailUrl\":\"https:\/\/nauti-parts.com\/wp-content\/uploads\/2018\/03\/jobe-air-pump.jpg\",\"datePublished\":\"2018-03-29T12:02:00+00:00\",\"breadcrumb\":{\"@id\":\"https:\/\/nauti-parts.com\/es\/shop\/sin-categorizar\/bomba-de-aire\/#breadcrumb\"},\"inLanguage\":\"es\",\"potentialAction\":[{\"@type\":\"ReadAction\",\"target\":[\"https:\/\/nauti-parts.com\/es\/shop\/sin-categorizar\/bomba-de-aire\/\"]}]},{\"@type\":\"ImageObject\",\"inLanguage\":\"es\",\"@id\":\"https:\/\/nauti-parts.com\/es\/shop\/sin-categorizar\/bomba-de-aire\/#primaryimage\",\"url\":\"https:\/\/nauti-parts.com\/wp-content\/uploads\/2018\/03\/jobe-air-pump.jpg\",\"contentUrl\":\"https:\/\/nauti-parts.com\/wp-content\/uploads\/2018\/03\/jobe-air-pump.jpg\",\"width\":480,\"height\":506,\"caption\":\"Jobe Air Pump\"},{\"@type\":\"BreadcrumbList\",\"@id\":\"https:\/\/nauti-parts.com\/es\/shop\/sin-categorizar\/bomba-de-aire\/#breadcrumb\",\"itemListElement\":[{\"@type\":\"ListItem\",\"position\":1,\"name\":\"Tienda\",\"item\":\"https:\/\/nauti-parts.com\/es\/tienda\/\"},{\"@type\":\"ListItem\",\"position\":2,\"name\":\"Bomba de aire\"}]},{\"@type\":\"WebSite\",\"@id\":\"https:\/\/nauti-parts.com\/es\/#website\",\"url\":\"https:\/\/nauti-parts.com\/es\/\",\"name\":\"Nauti Parts\",\"description\":\"Sea-Doo Jet Ski - Seabob Dealer and Rentals | Water Toys Mallorca\",\"publisher\":{\"@id\":\"https:\/\/nauti-parts.com\/es\/#organization\"},\"potentialAction\":[{\"@type\":\"SearchAction\",\"target\":{\"@type\":\"EntryPoint\",\"urlTemplate\":\"https:\/\/nauti-parts.com\/es\/?s={search_term_string}\"},\"query-input\":{\"@type\":\"PropertyValueSpecification\",\"valueRequired\":true,\"valueName\":\"search_term_string\"}}],\"inLanguage\":\"es\"},{\"@type\":\"Organization\",\"@id\":\"https:\/\/nauti-parts.com\/es\/#organization\",\"name\":\"Piezas Nauti\",\"url\":\"https:\/\/nauti-parts.com\/es\/\",\"logo\":{\"@type\":\"ImageObject\",\"inLanguage\":\"es\",\"@id\":\"https:\/\/nauti-parts.com\/es\/#\/schema\/logo\/image\/\",\"url\":\"https:\/\/nauti-parts.com\/wp-content\/uploads\/2023\/10\/np-logo-black.png\",\"contentUrl\":\"https:\/\/nauti-parts.com\/wp-content\/uploads\/2023\/10\/np-logo-black.png\",\"width\":253,\"height\":100,\"caption\":\"Piezas Nauti\"},\"image\":{\"@id\":\"https:\/\/nauti-parts.com\/es\/#\/schema\/logo\/image\/\"},\"sameAs\":[\"https:\/\/www.facebook.com\/nautipartsspain\/\",\"https:\/\/www.instagram.com\/nautiparts\/\"]}]}<\/script>\n<!-- \/ Yoast SEO plugin. -->","yoast_head_json":{"title":"Bomba de aire | Nauti Parts","robots":{"index":"index","follow":"follow","max-snippet":"max-snippet:-1","max-image-preview":"max-image-preview:large","max-video-preview":"max-video-preview:-1"},"canonical":"https:\/\/nauti-parts.com\/es\/shop\/sin-categorizar\/bomba-de-aire\/","og_locale":"es_ES","og_type":"article","og_title":"Bomba de aire | Nauti Parts","og_description":"La bomba de aire Jobe infla un remolcable en un instante, para que puedas entrar en el agua a hacer lo que es mejor: divertirte. Este ingenioso cacharrito viene con 3 boquillas diferentes y se infla y desinfla r\u00e1pida y eficazmente. Si no te apetece hacer cardio, \u00e9ste es tu nuevo art\u00edculo imprescindible para a\u00f1adir a tu colecci\u00f3n de material para deportes acu\u00e1ticos.","og_url":"https:\/\/nauti-parts.com\/es\/shop\/sin-categorizar\/bomba-de-aire\/","og_site_name":"Nauti Parts","article_publisher":"https:\/\/www.facebook.com\/nautipartsspain\/","og_image":[{"width":480,"height":506,"url":"https:\/\/nauti-parts.com\/wp-content\/uploads\/2018\/03\/jobe-air-pump.jpg","type":"image\/jpeg"}],"twitter_card":"summary_large_image","schema":{"@context":"https:\/\/schema.org","@graph":[{"@type":"WebPage","@id":"https:\/\/nauti-parts.com\/es\/shop\/sin-categorizar\/bomba-de-aire\/","url":"https:\/\/nauti-parts.com\/es\/shop\/sin-categorizar\/bomba-de-aire\/","name":"Bomba de aire | Nauti Parts","isPartOf":{"@id":"https:\/\/nauti-parts.com\/es\/#website"},"primaryImageOfPage":{"@id":"https:\/\/nauti-parts.com\/es\/shop\/sin-categorizar\/bomba-de-aire\/#primaryimage"},"image":{"@id":"https:\/\/nauti-parts.com\/es\/shop\/sin-categorizar\/bomba-de-aire\/#primaryimage"},"thumbnailUrl":"https:\/\/nauti-parts.com\/wp-content\/uploads\/2018\/03\/jobe-air-pump.jpg","datePublished":"2018-03-29T12:02:00+00:00","breadcrumb":{"@id":"https:\/\/nauti-parts.com\/es\/shop\/sin-categorizar\/bomba-de-aire\/#breadcrumb"},"inLanguage":"es","potentialAction":[{"@type":"ReadAction","target":["https:\/\/nauti-parts.com\/es\/shop\/sin-categorizar\/bomba-de-aire\/"]}]},{"@type":"ImageObject","inLanguage":"es","@id":"https:\/\/nauti-parts.com\/es\/shop\/sin-categorizar\/bomba-de-aire\/#primaryimage","url":"https:\/\/nauti-parts.com\/wp-content\/uploads\/2018\/03\/jobe-air-pump.jpg","contentUrl":"https:\/\/nauti-parts.com\/wp-content\/uploads\/2018\/03\/jobe-air-pump.jpg","width":480,"height":506,"caption":"Jobe Air Pump"},{"@type":"BreadcrumbList","@id":"https:\/\/nauti-parts.com\/es\/shop\/sin-categorizar\/bomba-de-aire\/#breadcrumb","itemListElement":[{"@type":"ListItem","position":1,"name":"Tienda","item":"https:\/\/nauti-parts.com\/es\/tienda\/"},{"@type":"ListItem","position":2,"name":"Bomba de aire"}]},{"@type":"WebSite","@id":"https:\/\/nauti-parts.com\/es\/#website","url":"https:\/\/nauti-parts.com\/es\/","name":"Nauti Parts","description":"Sea-Doo Jet Ski - Seabob Dealer and Rentals | Water Toys Mallorca","publisher":{"@id":"https:\/\/nauti-parts.com\/es\/#organization"},"potentialAction":[{"@type":"SearchAction","target":{"@type":"EntryPoint","urlTemplate":"https:\/\/nauti-parts.com\/es\/?s={search_term_string}"},"query-input":{"@type":"PropertyValueSpecification","valueRequired":true,"valueName":"search_term_string"}}],"inLanguage":"es"},{"@type":"Organization","@id":"https:\/\/nauti-parts.com\/es\/#organization","name":"Piezas Nauti","url":"https:\/\/nauti-parts.com\/es\/","logo":{"@type":"ImageObject","inLanguage":"es","@id":"https:\/\/nauti-parts.com\/es\/#\/schema\/logo\/image\/","url":"https:\/\/nauti-parts.com\/wp-content\/uploads\/2023\/10\/np-logo-black.png","contentUrl":"https:\/\/nauti-parts.com\/wp-content\/uploads\/2023\/10\/np-logo-black.png","width":253,"height":100,"caption":"Piezas Nauti"},"image":{"@id":"https:\/\/nauti-parts.com\/es\/#\/schema\/logo\/image\/"},"sameAs":["https:\/\/www.facebook.com\/nautipartsspain\/","https:\/\/www.instagram.com\/nautiparts\/"]}]}},"_links":{"self":[{"href":"https:\/\/nauti-parts.com\/es\/wp-json\/wp\/v2\/product\/23085","targetHints":{"allow":["GET"]}}],"collection":[{"href":"https:\/\/nauti-parts.com\/es\/wp-json\/wp\/v2\/product"}],"about":[{"href":"https:\/\/nauti-parts.com\/es\/wp-json\/wp\/v2\/types\/product"}],"replies":[{"embeddable":true,"href":"https:\/\/nauti-parts.com\/es\/wp-json\/wp\/v2\/comments?post=23085"}],"wp:featuredmedia":[{"embeddable":true,"href":"https:\/\/nauti-parts.com\/es\/wp-json\/wp\/v2\/media\/2562"}],"wp:attachment":[{"href":"https:\/\/nauti-parts.com\/es\/wp-json\/wp\/v2\/media?parent=23085"}],"wp:term":[{"taxonomy":"product_brand","embeddable":true,"href":"https:\/\/nauti-parts.com\/es\/wp-json\/wp\/v2\/product_brand?post=23085"},{"taxonomy":"product_cat","embeddable":true,"href":"https:\/\/nauti-parts.com\/es\/wp-json\/wp\/v2\/product_cat?post=23085"},{"taxonomy":"product_tag","embeddable":true,"href":"https:\/\/nauti-parts.com\/es\/wp-json\/wp\/v2\/product_tag?post=23085"}],"curies":[{"name":"wp","href":"https:\/\/api.w.org\/{rel}","templated":true}]}}