{"id":23012,"date":"2024-04-12T07:44:04","date_gmt":"2024-04-12T07:44:04","guid":{"rendered":"https:\/\/nauti-parts.com\/shop\/sin categor\u00eda\/paquete-jobe-infinity-seascooter\/"},"modified":"2024-04-12T07:44:04","modified_gmt":"2024-04-12T07:44:04","slug":"paquete-jobe-infinity-seascooter","status":"publish","type":"product","link":"https:\/\/nauti-parts.com\/es\/shop\/juguetes-acuaticos\/seascooter\/paquete-jobe-infinity-seascooter\/","title":{"rendered":"Paquete Jobe Infinity Seascooter"},"content":{"rendered":"<p>Este patinete subacu\u00e1tico autoflotante de propulsi\u00f3n el\u00e9ctrica te permite explorar las aguas poco profundas o las profundidades de hasta 30 metros. Alimentado por una bater\u00eda de larga duraci\u00f3n, puedes explorar las profundidades hasta 40 minutos. Y con dos bater\u00edas incluidas, \u00a1podr\u00e1s explorar el doble de tiempo! Adem\u00e1s, el scooter marino Infinity dispone de tres velocidades para navegar lentamente o a paso ligero. Captura las vistas como nunca antes con el soporte GoPro incorporado para que tus recuerdos duren para siempre.    <\/p>\n<p><img loading=\"lazy\" decoding=\"async\" class=\"aligncenter size-full wp-image-18122\" src=\"https:\/\/nauti-parts.com\/wp-content\/uploads\/2024\/04\/jobe-infinity-seascooter.jpg\" alt=\"\" width=\"2000\" height=\"2000\" srcset=\"https:\/\/nauti-parts.com\/wp-content\/uploads\/2024\/04\/jobe-infinity-seascooter.jpg 2000w, https:\/\/nauti-parts.com\/wp-content\/uploads\/2024\/04\/jobe-infinity-seascooter-150x150.jpg 150w, https:\/\/nauti-parts.com\/wp-content\/uploads\/2024\/04\/jobe-infinity-seascooter-300x300.jpg 300w, https:\/\/nauti-parts.com\/wp-content\/uploads\/2024\/04\/jobe-infinity-seascooter-768x768.jpg 768w, https:\/\/nauti-parts.com\/wp-content\/uploads\/2024\/04\/jobe-infinity-seascooter-1024x1024.jpg 1024w, https:\/\/nauti-parts.com\/wp-content\/uploads\/2024\/04\/jobe-infinity-seascooter-1536x1536.jpg 1536w, https:\/\/nauti-parts.com\/wp-content\/uploads\/2024\/04\/jobe-infinity-seascooter-350x350.jpg 350w, https:\/\/nauti-parts.com\/wp-content\/uploads\/2024\/04\/jobe-infinity-seascooter-920x920.jpg 920w, https:\/\/nauti-parts.com\/wp-content\/uploads\/2024\/04\/jobe-infinity-seascooter-100x100.jpg 100w\" sizes=\"auto, (max-width: 2000px) 100vw, 2000px\" \/><\/p>\n<hr>\n<div class=\"col-12 paragraph mt20\">\n<h2 class=\"title-3 fs24 mt20 boldTitleFont grey normal np\">Paquete Jobe Infinity Seascooter<\/h2>\n<div class=\"col-12 paragraph mt20\">\n<ul class=\"autoColumn checkListSmall blackCheck\">\n<li>Limpia siempre el Seascooter y la bater\u00eda con agua dulce despu\u00e9s de cada uso. Lee las instrucciones antes de usarlo. <\/li>\n<li>Guarda la bater\u00eda y el Seascooter por separado cuando subas a un avi\u00f3n. Consulta el manual antes de subir a un avi\u00f3n. <\/li>\n<li>Dise\u00f1o autoflotante<\/li>\n<li>3 niveles de velocidad hasta 5 Km\/h | 3,1 Mp\/h | 2,7 nudos<\/li>\n<li>Tiempo de carga 4 horas por bater\u00eda<\/li>\n<li>Dimensiones: 58cm x 24cm x 13cm | 23&#8243; x 9&#8243; x 8&#8243;<\/li>\n<li>Bucea hasta 30 m | 98 pies.<\/li>\n<li>Soporte GoPro en la parte superior para capturar tus experiencias bajo el agua<\/li>\n<li>Fuerza m\u00e1xima 9KG<\/li>\n<li>Bolsa acolchada<\/li>\n<li>Conjunto de snorkel L\u00edmites de temperatura: m\u00edn: -10\u00b0C | 14\u00b0F, m\u00e1x: 45\u00b0C | 113\u00b0F Total<\/li>\n<li>Peso: 3,5 kg | 7,7 lbs<\/li>\n<li>Tiempo de funcionamiento hasta 2 x 37,5 minutos Dos Li-ion (25,2V \/ 5Ah)<\/li>\n<li class=\"productManual\"><a contenteditable=\"false\" href=\"https:\/\/jobesports.com\/uploads\/product\/manual\/INFINITY%20SEASCOOTER%20(PRO)-manual-142x205mm_5DEC2023%201.pdf\" target=\"blank\" rel=\"noopener\">Descargar el manual del producto<\/a><\/li>\n<\/ul>\n<\/div>\n<\/div>\n","protected":false},"excerpt":{"rendered":"<p>\u00a1El Scooter subacu\u00e1tico Jobe Infinity Pro con bolsa y tubo reinventa la diversi\u00f3n bajo la superficie del agua!<\/p>\n<ul>\n<li><strong>2 motores de 500 W<\/strong><\/li>\n<li><strong>3 niveles de velocidad hasta 5 Km\/h | 3,1 Mp\/h | 2,7 nudos<\/strong><\/li>\n<li><strong>Tiempo de carga 4 horas por bater\u00eda<\/strong><\/li>\n<li><strong>Bucea hasta 30 m | 98 pies.<\/strong><\/li>\n<li><strong>Soporte GoPro para capturar tus experiencias subacu\u00e1ticas<\/strong><\/li>\n<li><strong>Dise\u00f1o autoflotante<\/strong><\/li>\n<li><strong>Juego de esn\u00f3rquel<\/strong><\/li>\n<\/ul>\n","protected":false},"featured_media":18121,"comment_status":"open","ping_status":"closed","template":"","meta":{"_acf_changed":false},"product_brand":[],"product_cat":[262,208,226],"product_tag":[],"class_list":{"0":"post-23012","1":"product","2":"type-product","3":"status-publish","4":"has-post-thumbnail","6":"product_cat-jobe-infinito","7":"product_cat-juguetes-acuaticos","8":"product_cat-seascooter","9":"repupress_customize_woocommerce_productom_class","11":"first","12":"instock","13":"taxable","14":"shipping-taxable","15":"purchasable","16":"product-type-simple"},"acf":[],"yoast_head":"<!-- This site is optimized with the Yoast SEO plugin v27.2 - https:\/\/yoast.com\/product\/yoast-seo-wordpress\/ -->\n<title>Paquete Jobe Infinity Seascooter | Nauti Parts<\/title>\n<meta name=\"robots\" content=\"index, follow, max-snippet:-1, max-image-preview:large, max-video-preview:-1\" \/>\n<link rel=\"canonical\" href=\"https:\/\/nauti-parts.com\/es\/shop\/juguetes-acuaticos\/seascooter\/paquete-jobe-infinity-seascooter\/\" \/>\n<meta property=\"og:locale\" content=\"es_ES\" \/>\n<meta property=\"og:type\" content=\"article\" \/>\n<meta property=\"og:title\" content=\"Paquete Jobe Infinity Seascooter | Nauti Parts\" \/>\n<meta property=\"og:description\" content=\"\u00a1El Scooter subacu\u00e1tico Jobe Infinity Pro con bolsa y tubo reinventa la diversi\u00f3n bajo la superficie del agua!  2 motores de 500 W  3 niveles de velocidad hasta 5 Km\/h | 3,1 Mp\/h | 2,7 nudos  Tiempo de carga 4 horas por bater\u00eda  Bucea hasta 30 m | 98 pies.  Soporte GoPro para capturar tus experiencias subacu\u00e1ticas  Dise\u00f1o autoflotante  Juego de esn\u00f3rquel\" \/>\n<meta property=\"og:url\" content=\"https:\/\/nauti-parts.com\/es\/shop\/juguetes-acuaticos\/seascooter\/paquete-jobe-infinity-seascooter\/\" \/>\n<meta property=\"og:site_name\" content=\"Nauti Parts\" \/>\n<meta property=\"article:publisher\" content=\"https:\/\/www.facebook.com\/nautipartsspain\/\" \/>\n<meta property=\"og:image\" content=\"https:\/\/nauti-parts.com\/wp-content\/uploads\/2024\/04\/281024014-zoom.jpg\" \/>\n\t<meta property=\"og:image:width\" content=\"1500\" \/>\n\t<meta property=\"og:image:height\" content=\"1500\" \/>\n\t<meta property=\"og:image:type\" content=\"image\/jpeg\" \/>\n<meta name=\"twitter:card\" content=\"summary_large_image\" \/>\n<meta name=\"twitter:label1\" content=\"Tiempo de lectura\" \/>\n\t<meta name=\"twitter:data1\" content=\"1 minuto\" \/>\n<script type=\"application\/ld+json\" class=\"yoast-schema-graph\">{\"@context\":\"https:\/\/schema.org\",\"@graph\":[{\"@type\":\"WebPage\",\"@id\":\"https:\/\/nauti-parts.com\/es\/shop\/juguetes-acuaticos\/seascooter\/paquete-jobe-infinity-seascooter\/\",\"url\":\"https:\/\/nauti-parts.com\/es\/shop\/juguetes-acuaticos\/seascooter\/paquete-jobe-infinity-seascooter\/\",\"name\":\"Paquete Jobe Infinity Seascooter | Nauti Parts\",\"isPartOf\":{\"@id\":\"https:\/\/nauti-parts.com\/es\/#website\"},\"primaryImageOfPage\":{\"@id\":\"https:\/\/nauti-parts.com\/es\/shop\/juguetes-acuaticos\/seascooter\/paquete-jobe-infinity-seascooter\/#primaryimage\"},\"image\":{\"@id\":\"https:\/\/nauti-parts.com\/es\/shop\/juguetes-acuaticos\/seascooter\/paquete-jobe-infinity-seascooter\/#primaryimage\"},\"thumbnailUrl\":\"https:\/\/nauti-parts.com\/wp-content\/uploads\/2024\/04\/281024014-zoom.jpg\",\"datePublished\":\"2024-04-12T07:44:04+00:00\",\"breadcrumb\":{\"@id\":\"https:\/\/nauti-parts.com\/es\/shop\/juguetes-acuaticos\/seascooter\/paquete-jobe-infinity-seascooter\/#breadcrumb\"},\"inLanguage\":\"es\",\"potentialAction\":[{\"@type\":\"ReadAction\",\"target\":[\"https:\/\/nauti-parts.com\/es\/shop\/juguetes-acuaticos\/seascooter\/paquete-jobe-infinity-seascooter\/\"]}]},{\"@type\":\"ImageObject\",\"inLanguage\":\"es\",\"@id\":\"https:\/\/nauti-parts.com\/es\/shop\/juguetes-acuaticos\/seascooter\/paquete-jobe-infinity-seascooter\/#primaryimage\",\"url\":\"https:\/\/nauti-parts.com\/wp-content\/uploads\/2024\/04\/281024014-zoom.jpg\",\"contentUrl\":\"https:\/\/nauti-parts.com\/wp-content\/uploads\/2024\/04\/281024014-zoom.jpg\",\"width\":1500,\"height\":1500},{\"@type\":\"BreadcrumbList\",\"@id\":\"https:\/\/nauti-parts.com\/es\/shop\/juguetes-acuaticos\/seascooter\/paquete-jobe-infinity-seascooter\/#breadcrumb\",\"itemListElement\":[{\"@type\":\"ListItem\",\"position\":1,\"name\":\"Tienda\",\"item\":\"https:\/\/nauti-parts.com\/es\/tienda\/\"},{\"@type\":\"ListItem\",\"position\":2,\"name\":\"Paquete Jobe Infinity Seascooter\"}]},{\"@type\":\"WebSite\",\"@id\":\"https:\/\/nauti-parts.com\/es\/#website\",\"url\":\"https:\/\/nauti-parts.com\/es\/\",\"name\":\"Nauti Parts\",\"description\":\"Sea-Doo Jet Ski - Seabob Dealer and Rentals | Water Toys Mallorca\",\"publisher\":{\"@id\":\"https:\/\/nauti-parts.com\/es\/#organization\"},\"potentialAction\":[{\"@type\":\"SearchAction\",\"target\":{\"@type\":\"EntryPoint\",\"urlTemplate\":\"https:\/\/nauti-parts.com\/es\/?s={search_term_string}\"},\"query-input\":{\"@type\":\"PropertyValueSpecification\",\"valueRequired\":true,\"valueName\":\"search_term_string\"}}],\"inLanguage\":\"es\"},{\"@type\":\"Organization\",\"@id\":\"https:\/\/nauti-parts.com\/es\/#organization\",\"name\":\"Piezas Nauti\",\"url\":\"https:\/\/nauti-parts.com\/es\/\",\"logo\":{\"@type\":\"ImageObject\",\"inLanguage\":\"es\",\"@id\":\"https:\/\/nauti-parts.com\/es\/#\/schema\/logo\/image\/\",\"url\":\"https:\/\/nauti-parts.com\/wp-content\/uploads\/2023\/10\/np-logo-black.png\",\"contentUrl\":\"https:\/\/nauti-parts.com\/wp-content\/uploads\/2023\/10\/np-logo-black.png\",\"width\":253,\"height\":100,\"caption\":\"Piezas Nauti\"},\"image\":{\"@id\":\"https:\/\/nauti-parts.com\/es\/#\/schema\/logo\/image\/\"},\"sameAs\":[\"https:\/\/www.facebook.com\/nautipartsspain\/\",\"https:\/\/www.instagram.com\/nautiparts\/\"]}]}<\/script>\n<!-- \/ Yoast SEO plugin. -->","yoast_head_json":{"title":"Paquete Jobe Infinity Seascooter | Nauti Parts","robots":{"index":"index","follow":"follow","max-snippet":"max-snippet:-1","max-image-preview":"max-image-preview:large","max-video-preview":"max-video-preview:-1"},"canonical":"https:\/\/nauti-parts.com\/es\/shop\/juguetes-acuaticos\/seascooter\/paquete-jobe-infinity-seascooter\/","og_locale":"es_ES","og_type":"article","og_title":"Paquete Jobe Infinity Seascooter | Nauti Parts","og_description":"\u00a1El Scooter subacu\u00e1tico Jobe Infinity Pro con bolsa y tubo reinventa la diversi\u00f3n bajo la superficie del agua!  2 motores de 500 W  3 niveles de velocidad hasta 5 Km\/h | 3,1 Mp\/h | 2,7 nudos  Tiempo de carga 4 horas por bater\u00eda  Bucea hasta 30 m | 98 pies.  Soporte GoPro para capturar tus experiencias subacu\u00e1ticas  Dise\u00f1o autoflotante  Juego de esn\u00f3rquel","og_url":"https:\/\/nauti-parts.com\/es\/shop\/juguetes-acuaticos\/seascooter\/paquete-jobe-infinity-seascooter\/","og_site_name":"Nauti Parts","article_publisher":"https:\/\/www.facebook.com\/nautipartsspain\/","og_image":[{"width":1500,"height":1500,"url":"https:\/\/nauti-parts.com\/wp-content\/uploads\/2024\/04\/281024014-zoom.jpg","type":"image\/jpeg"}],"twitter_card":"summary_large_image","twitter_misc":{"Tiempo de lectura":"1 minuto"},"schema":{"@context":"https:\/\/schema.org","@graph":[{"@type":"WebPage","@id":"https:\/\/nauti-parts.com\/es\/shop\/juguetes-acuaticos\/seascooter\/paquete-jobe-infinity-seascooter\/","url":"https:\/\/nauti-parts.com\/es\/shop\/juguetes-acuaticos\/seascooter\/paquete-jobe-infinity-seascooter\/","name":"Paquete Jobe Infinity Seascooter | Nauti Parts","isPartOf":{"@id":"https:\/\/nauti-parts.com\/es\/#website"},"primaryImageOfPage":{"@id":"https:\/\/nauti-parts.com\/es\/shop\/juguetes-acuaticos\/seascooter\/paquete-jobe-infinity-seascooter\/#primaryimage"},"image":{"@id":"https:\/\/nauti-parts.com\/es\/shop\/juguetes-acuaticos\/seascooter\/paquete-jobe-infinity-seascooter\/#primaryimage"},"thumbnailUrl":"https:\/\/nauti-parts.com\/wp-content\/uploads\/2024\/04\/281024014-zoom.jpg","datePublished":"2024-04-12T07:44:04+00:00","breadcrumb":{"@id":"https:\/\/nauti-parts.com\/es\/shop\/juguetes-acuaticos\/seascooter\/paquete-jobe-infinity-seascooter\/#breadcrumb"},"inLanguage":"es","potentialAction":[{"@type":"ReadAction","target":["https:\/\/nauti-parts.com\/es\/shop\/juguetes-acuaticos\/seascooter\/paquete-jobe-infinity-seascooter\/"]}]},{"@type":"ImageObject","inLanguage":"es","@id":"https:\/\/nauti-parts.com\/es\/shop\/juguetes-acuaticos\/seascooter\/paquete-jobe-infinity-seascooter\/#primaryimage","url":"https:\/\/nauti-parts.com\/wp-content\/uploads\/2024\/04\/281024014-zoom.jpg","contentUrl":"https:\/\/nauti-parts.com\/wp-content\/uploads\/2024\/04\/281024014-zoom.jpg","width":1500,"height":1500},{"@type":"BreadcrumbList","@id":"https:\/\/nauti-parts.com\/es\/shop\/juguetes-acuaticos\/seascooter\/paquete-jobe-infinity-seascooter\/#breadcrumb","itemListElement":[{"@type":"ListItem","position":1,"name":"Tienda","item":"https:\/\/nauti-parts.com\/es\/tienda\/"},{"@type":"ListItem","position":2,"name":"Paquete Jobe Infinity Seascooter"}]},{"@type":"WebSite","@id":"https:\/\/nauti-parts.com\/es\/#website","url":"https:\/\/nauti-parts.com\/es\/","name":"Nauti Parts","description":"Sea-Doo Jet Ski - Seabob Dealer and Rentals | Water Toys Mallorca","publisher":{"@id":"https:\/\/nauti-parts.com\/es\/#organization"},"potentialAction":[{"@type":"SearchAction","target":{"@type":"EntryPoint","urlTemplate":"https:\/\/nauti-parts.com\/es\/?s={search_term_string}"},"query-input":{"@type":"PropertyValueSpecification","valueRequired":true,"valueName":"search_term_string"}}],"inLanguage":"es"},{"@type":"Organization","@id":"https:\/\/nauti-parts.com\/es\/#organization","name":"Piezas Nauti","url":"https:\/\/nauti-parts.com\/es\/","logo":{"@type":"ImageObject","inLanguage":"es","@id":"https:\/\/nauti-parts.com\/es\/#\/schema\/logo\/image\/","url":"https:\/\/nauti-parts.com\/wp-content\/uploads\/2023\/10\/np-logo-black.png","contentUrl":"https:\/\/nauti-parts.com\/wp-content\/uploads\/2023\/10\/np-logo-black.png","width":253,"height":100,"caption":"Piezas Nauti"},"image":{"@id":"https:\/\/nauti-parts.com\/es\/#\/schema\/logo\/image\/"},"sameAs":["https:\/\/www.facebook.com\/nautipartsspain\/","https:\/\/www.instagram.com\/nautiparts\/"]}]}},"_links":{"self":[{"href":"https:\/\/nauti-parts.com\/es\/wp-json\/wp\/v2\/product\/23012","targetHints":{"allow":["GET"]}}],"collection":[{"href":"https:\/\/nauti-parts.com\/es\/wp-json\/wp\/v2\/product"}],"about":[{"href":"https:\/\/nauti-parts.com\/es\/wp-json\/wp\/v2\/types\/product"}],"replies":[{"embeddable":true,"href":"https:\/\/nauti-parts.com\/es\/wp-json\/wp\/v2\/comments?post=23012"}],"wp:featuredmedia":[{"embeddable":true,"href":"https:\/\/nauti-parts.com\/es\/wp-json\/wp\/v2\/media\/18121"}],"wp:attachment":[{"href":"https:\/\/nauti-parts.com\/es\/wp-json\/wp\/v2\/media?parent=23012"}],"wp:term":[{"taxonomy":"product_brand","embeddable":true,"href":"https:\/\/nauti-parts.com\/es\/wp-json\/wp\/v2\/product_brand?post=23012"},{"taxonomy":"product_cat","embeddable":true,"href":"https:\/\/nauti-parts.com\/es\/wp-json\/wp\/v2\/product_cat?post=23012"},{"taxonomy":"product_tag","embeddable":true,"href":"https:\/\/nauti-parts.com\/es\/wp-json\/wp\/v2\/product_tag?post=23012"}],"curies":[{"name":"wp","href":"https:\/\/api.w.org\/{rel}","templated":true}]}}