{"id":22911,"date":"2021-03-29T10:58:05","date_gmt":"2021-03-29T10:58:05","guid":{"rendered":"https:\/\/nauti-parts.com\/shop\/sin categor\u00eda\/piscina-hinchable-de-mar-jobe-infinity-pool-con-bomba\/"},"modified":"2021-03-29T10:58:05","modified_gmt":"2021-03-29T10:58:05","slug":"piscina-hinchable-de-mar-jobe-infinity-pool-con-bomba","status":"publish","type":"product","link":"https:\/\/nauti-parts.com\/es\/shop\/juguetes-acuaticos\/jobe-infinito\/piscina-hinchable-de-mar-jobe-infinity-pool-con-bomba\/","title":{"rendered":"Piscina hinchable de mar Jobe Infinity Pool con bomba"},"content":{"rendered":"<ul class=\"checkListSmall\">\n<li><a href=\"https:\/\/www.jobesports.com\/en\/happycustomers\/\" target=\"_blank\" rel=\"noopener noreferrer\">3 a\u00f1os de garant\u00eda tras el registro<\/a><\/li>\n<li><a href=\"https:\/\/www.jobesports.com\/en\/newsflash\/heat-bonded-technology-warm-sup-2678\/\" target=\"_blank\" rel=\"noopener noreferrer\">Tecnolog\u00eda de uni\u00f3n por calor: m\u00e1s calidad de capa y seguridad<\/a><\/li>\n<li>12 grandes anillas en D simples y 4 correas de velcro para unir las plataformas entre s\u00ed<\/li>\n<li>16 asas de transporte<\/li>\n<li>2 v\u00e1lvulas Halkey Roberts<\/li>\n<li>4 bolsas de balasto con sistema de drenaje f\u00e1cil<\/li>\n<li>4 peque\u00f1as anillas dobles en D para conectar el parachoques<\/li>\n<li>4 pesos (3,6kg | 7,9lbs) en las esquinas de la red para posicionar la red<\/li>\n<li>Cubierta de EVA de 5 mm de grosor, antideslizante, c\u00f3moda y duradera<\/li>\n<li>Profundidad de la red: 6,5&#8242; | 2m<\/li>\n<li>Presi\u00f3n: hasta 20PSI (Recomendada: 6PSI)<\/li>\n<li>Capacidad de peso: 700 kg | 1543 lbs<\/li>\n<li>Peso: 39 kg | 86 lbs<\/li>\n<li>Dimensiones cuando est\u00e1 inflado: 13&#8242; x 13&#8242; x 15 cm | 400 x 400 x 15 cm<\/li>\n<li>Dimensiones plegada: 48,4&#8243; x 21,6&#8243; x 19,3&#8243; | 123 x 55 x 49cm<\/li>\n<li>Volumen: 1300 l<\/li>\n<li>El paquete contiene: Piscina de mar hinchable, escalera de ba\u00f1o de acero inoxidable, bomba a bater\u00eda, bolsa de PVC para guardarla<\/li>\n<\/ul>\n","protected":false},"excerpt":{"rendered":"<p>Crea tu propia zona de ba\u00f1o con esta piscina de mar hinchable de 4&#215;4 m, f\u00e1cil de fijar a la plataforma de tu embarcaci\u00f3n. La red de malla de 2 m de profundidad mantendr\u00e1 alejadas a las medusas. Date un ba\u00f1o sin preocupaciones.  <\/p>\n","protected":false},"featured_media":16275,"comment_status":"open","ping_status":"closed","template":"","meta":{"_acf_changed":false},"product_brand":[],"product_cat":[262,208],"product_tag":[],"class_list":{"0":"post-22911","1":"product","2":"type-product","3":"status-publish","4":"has-post-thumbnail","6":"product_cat-jobe-infinito","7":"product_cat-juguetes-acuaticos","8":"repupress_customize_woocommerce_productom_class","10":"first","11":"instock","12":"sale","13":"taxable","14":"shipping-taxable","15":"purchasable","16":"product-type-simple"},"acf":[],"yoast_head":"<!-- This site is optimized with the Yoast SEO plugin v27.5 - https:\/\/yoast.com\/product\/yoast-seo-wordpress\/ -->\n<title>Piscina hinchable de mar Jobe Infinity Pool con bomba | Nauti Parts<\/title>\n<meta name=\"robots\" content=\"index, follow, max-snippet:-1, max-image-preview:large, max-video-preview:-1\" \/>\n<link rel=\"canonical\" href=\"https:\/\/nauti-parts.com\/es\/shop\/juguetes-acuaticos\/jobe-infinito\/piscina-hinchable-de-mar-jobe-infinity-pool-con-bomba\/\" \/>\n<meta property=\"og:locale\" content=\"es_ES\" \/>\n<meta property=\"og:type\" content=\"article\" \/>\n<meta property=\"og:title\" content=\"Piscina hinchable de mar Jobe Infinity Pool con bomba | Nauti Parts\" \/>\n<meta property=\"og:description\" content=\"Crea tu propia zona de ba\u00f1o con esta piscina de mar hinchable de 4x4 m, f\u00e1cil de fijar a la plataforma de tu embarcaci\u00f3n. La red de malla de 2 m de profundidad mantendr\u00e1 alejadas a las medusas. Date un ba\u00f1o sin preocupaciones.\" \/>\n<meta property=\"og:url\" content=\"https:\/\/nauti-parts.com\/es\/shop\/juguetes-acuaticos\/jobe-infinito\/piscina-hinchable-de-mar-jobe-infinity-pool-con-bomba\/\" \/>\n<meta property=\"og:site_name\" content=\"Nauti Parts\" \/>\n<meta property=\"article:publisher\" content=\"https:\/\/www.facebook.com\/nautipartsspain\/\" \/>\n<meta property=\"og:image\" content=\"https:\/\/nauti-parts.com\/wp-content\/uploads\/2021\/03\/jobe-infinity-pool.jpeg\" \/>\n\t<meta property=\"og:image:width\" content=\"960\" \/>\n\t<meta property=\"og:image:height\" content=\"1200\" \/>\n\t<meta property=\"og:image:type\" content=\"image\/jpeg\" \/>\n<meta name=\"twitter:card\" content=\"summary_large_image\" \/>\n<meta name=\"twitter:label1\" content=\"Tiempo de lectura\" \/>\n\t<meta name=\"twitter:data1\" content=\"1 minuto\" \/>\n<script type=\"application\/ld+json\" class=\"yoast-schema-graph\">{\"@context\":\"https:\\\/\\\/schema.org\",\"@graph\":[{\"@type\":\"WebPage\",\"@id\":\"https:\\\/\\\/nauti-parts.com\\\/es\\\/shop\\\/juguetes-acuaticos\\\/jobe-infinito\\\/piscina-hinchable-de-mar-jobe-infinity-pool-con-bomba\\\/\",\"url\":\"https:\\\/\\\/nauti-parts.com\\\/es\\\/shop\\\/juguetes-acuaticos\\\/jobe-infinito\\\/piscina-hinchable-de-mar-jobe-infinity-pool-con-bomba\\\/\",\"name\":\"Piscina hinchable de mar Jobe Infinity Pool con bomba | Nauti Parts\",\"isPartOf\":{\"@id\":\"https:\\\/\\\/nauti-parts.com\\\/es\\\/#website\"},\"primaryImageOfPage\":{\"@id\":\"https:\\\/\\\/nauti-parts.com\\\/es\\\/shop\\\/juguetes-acuaticos\\\/jobe-infinito\\\/piscina-hinchable-de-mar-jobe-infinity-pool-con-bomba\\\/#primaryimage\"},\"image\":{\"@id\":\"https:\\\/\\\/nauti-parts.com\\\/es\\\/shop\\\/juguetes-acuaticos\\\/jobe-infinito\\\/piscina-hinchable-de-mar-jobe-infinity-pool-con-bomba\\\/#primaryimage\"},\"thumbnailUrl\":\"https:\\\/\\\/nauti-parts.com\\\/wp-content\\\/uploads\\\/2021\\\/03\\\/jobe-infinity-pool.jpeg\",\"datePublished\":\"2021-03-29T10:58:05+00:00\",\"breadcrumb\":{\"@id\":\"https:\\\/\\\/nauti-parts.com\\\/es\\\/shop\\\/juguetes-acuaticos\\\/jobe-infinito\\\/piscina-hinchable-de-mar-jobe-infinity-pool-con-bomba\\\/#breadcrumb\"},\"inLanguage\":\"es\",\"potentialAction\":[{\"@type\":\"ReadAction\",\"target\":[\"https:\\\/\\\/nauti-parts.com\\\/es\\\/shop\\\/juguetes-acuaticos\\\/jobe-infinito\\\/piscina-hinchable-de-mar-jobe-infinity-pool-con-bomba\\\/\"]}]},{\"@type\":\"ImageObject\",\"inLanguage\":\"es\",\"@id\":\"https:\\\/\\\/nauti-parts.com\\\/es\\\/shop\\\/juguetes-acuaticos\\\/jobe-infinito\\\/piscina-hinchable-de-mar-jobe-infinity-pool-con-bomba\\\/#primaryimage\",\"url\":\"https:\\\/\\\/nauti-parts.com\\\/wp-content\\\/uploads\\\/2021\\\/03\\\/jobe-infinity-pool.jpeg\",\"contentUrl\":\"https:\\\/\\\/nauti-parts.com\\\/wp-content\\\/uploads\\\/2021\\\/03\\\/jobe-infinity-pool.jpeg\",\"width\":960,\"height\":1200,\"caption\":\"Jobe Infinity Swimming Pool\"},{\"@type\":\"BreadcrumbList\",\"@id\":\"https:\\\/\\\/nauti-parts.com\\\/es\\\/shop\\\/juguetes-acuaticos\\\/jobe-infinito\\\/piscina-hinchable-de-mar-jobe-infinity-pool-con-bomba\\\/#breadcrumb\",\"itemListElement\":[{\"@type\":\"ListItem\",\"position\":1,\"name\":\"Tienda\",\"item\":\"https:\\\/\\\/nauti-parts.com\\\/es\\\/tienda\\\/\"},{\"@type\":\"ListItem\",\"position\":2,\"name\":\"Piscina hinchable de mar Jobe Infinity Pool con bomba\"}]},{\"@type\":\"WebSite\",\"@id\":\"https:\\\/\\\/nauti-parts.com\\\/es\\\/#website\",\"url\":\"https:\\\/\\\/nauti-parts.com\\\/es\\\/\",\"name\":\"Nauti Parts\",\"description\":\"Sea-Doo Jet Ski - Seabob Dealer and Rentals | Water Toys Mallorca\",\"publisher\":{\"@id\":\"https:\\\/\\\/nauti-parts.com\\\/es\\\/#organization\"},\"potentialAction\":[{\"@type\":\"SearchAction\",\"target\":{\"@type\":\"EntryPoint\",\"urlTemplate\":\"https:\\\/\\\/nauti-parts.com\\\/es\\\/?s={search_term_string}\"},\"query-input\":{\"@type\":\"PropertyValueSpecification\",\"valueRequired\":true,\"valueName\":\"search_term_string\"}}],\"inLanguage\":\"es\"},{\"@type\":\"Organization\",\"@id\":\"https:\\\/\\\/nauti-parts.com\\\/es\\\/#organization\",\"name\":\"Piezas Nauti\",\"url\":\"https:\\\/\\\/nauti-parts.com\\\/es\\\/\",\"logo\":{\"@type\":\"ImageObject\",\"inLanguage\":\"es\",\"@id\":\"https:\\\/\\\/nauti-parts.com\\\/es\\\/#\\\/schema\\\/logo\\\/image\\\/\",\"url\":\"https:\\\/\\\/nauti-parts.com\\\/wp-content\\\/uploads\\\/2023\\\/10\\\/np-logo-black.png\",\"contentUrl\":\"https:\\\/\\\/nauti-parts.com\\\/wp-content\\\/uploads\\\/2023\\\/10\\\/np-logo-black.png\",\"width\":253,\"height\":100,\"caption\":\"Piezas Nauti\"},\"image\":{\"@id\":\"https:\\\/\\\/nauti-parts.com\\\/es\\\/#\\\/schema\\\/logo\\\/image\\\/\"},\"sameAs\":[\"https:\\\/\\\/www.facebook.com\\\/nautipartsspain\\\/\",\"https:\\\/\\\/www.instagram.com\\\/nautiparts\\\/\"]}]}<\/script>\n<!-- \/ Yoast SEO plugin. -->","yoast_head_json":{"title":"Piscina hinchable de mar Jobe Infinity Pool con bomba | Nauti Parts","robots":{"index":"index","follow":"follow","max-snippet":"max-snippet:-1","max-image-preview":"max-image-preview:large","max-video-preview":"max-video-preview:-1"},"canonical":"https:\/\/nauti-parts.com\/es\/shop\/juguetes-acuaticos\/jobe-infinito\/piscina-hinchable-de-mar-jobe-infinity-pool-con-bomba\/","og_locale":"es_ES","og_type":"article","og_title":"Piscina hinchable de mar Jobe Infinity Pool con bomba | Nauti Parts","og_description":"Crea tu propia zona de ba\u00f1o con esta piscina de mar hinchable de 4x4 m, f\u00e1cil de fijar a la plataforma de tu embarcaci\u00f3n. La red de malla de 2 m de profundidad mantendr\u00e1 alejadas a las medusas. Date un ba\u00f1o sin preocupaciones.","og_url":"https:\/\/nauti-parts.com\/es\/shop\/juguetes-acuaticos\/jobe-infinito\/piscina-hinchable-de-mar-jobe-infinity-pool-con-bomba\/","og_site_name":"Nauti Parts","article_publisher":"https:\/\/www.facebook.com\/nautipartsspain\/","og_image":[{"width":960,"height":1200,"url":"https:\/\/nauti-parts.com\/wp-content\/uploads\/2021\/03\/jobe-infinity-pool.jpeg","type":"image\/jpeg"}],"twitter_card":"summary_large_image","twitter_misc":{"Tiempo de lectura":"1 minuto"},"schema":{"@context":"https:\/\/schema.org","@graph":[{"@type":"WebPage","@id":"https:\/\/nauti-parts.com\/es\/shop\/juguetes-acuaticos\/jobe-infinito\/piscina-hinchable-de-mar-jobe-infinity-pool-con-bomba\/","url":"https:\/\/nauti-parts.com\/es\/shop\/juguetes-acuaticos\/jobe-infinito\/piscina-hinchable-de-mar-jobe-infinity-pool-con-bomba\/","name":"Piscina hinchable de mar Jobe Infinity Pool con bomba | Nauti Parts","isPartOf":{"@id":"https:\/\/nauti-parts.com\/es\/#website"},"primaryImageOfPage":{"@id":"https:\/\/nauti-parts.com\/es\/shop\/juguetes-acuaticos\/jobe-infinito\/piscina-hinchable-de-mar-jobe-infinity-pool-con-bomba\/#primaryimage"},"image":{"@id":"https:\/\/nauti-parts.com\/es\/shop\/juguetes-acuaticos\/jobe-infinito\/piscina-hinchable-de-mar-jobe-infinity-pool-con-bomba\/#primaryimage"},"thumbnailUrl":"https:\/\/nauti-parts.com\/wp-content\/uploads\/2021\/03\/jobe-infinity-pool.jpeg","datePublished":"2021-03-29T10:58:05+00:00","breadcrumb":{"@id":"https:\/\/nauti-parts.com\/es\/shop\/juguetes-acuaticos\/jobe-infinito\/piscina-hinchable-de-mar-jobe-infinity-pool-con-bomba\/#breadcrumb"},"inLanguage":"es","potentialAction":[{"@type":"ReadAction","target":["https:\/\/nauti-parts.com\/es\/shop\/juguetes-acuaticos\/jobe-infinito\/piscina-hinchable-de-mar-jobe-infinity-pool-con-bomba\/"]}]},{"@type":"ImageObject","inLanguage":"es","@id":"https:\/\/nauti-parts.com\/es\/shop\/juguetes-acuaticos\/jobe-infinito\/piscina-hinchable-de-mar-jobe-infinity-pool-con-bomba\/#primaryimage","url":"https:\/\/nauti-parts.com\/wp-content\/uploads\/2021\/03\/jobe-infinity-pool.jpeg","contentUrl":"https:\/\/nauti-parts.com\/wp-content\/uploads\/2021\/03\/jobe-infinity-pool.jpeg","width":960,"height":1200,"caption":"Jobe Infinity Swimming Pool"},{"@type":"BreadcrumbList","@id":"https:\/\/nauti-parts.com\/es\/shop\/juguetes-acuaticos\/jobe-infinito\/piscina-hinchable-de-mar-jobe-infinity-pool-con-bomba\/#breadcrumb","itemListElement":[{"@type":"ListItem","position":1,"name":"Tienda","item":"https:\/\/nauti-parts.com\/es\/tienda\/"},{"@type":"ListItem","position":2,"name":"Piscina hinchable de mar Jobe Infinity Pool con bomba"}]},{"@type":"WebSite","@id":"https:\/\/nauti-parts.com\/es\/#website","url":"https:\/\/nauti-parts.com\/es\/","name":"Nauti Parts","description":"Sea-Doo Jet Ski - Seabob Dealer and Rentals | Water Toys Mallorca","publisher":{"@id":"https:\/\/nauti-parts.com\/es\/#organization"},"potentialAction":[{"@type":"SearchAction","target":{"@type":"EntryPoint","urlTemplate":"https:\/\/nauti-parts.com\/es\/?s={search_term_string}"},"query-input":{"@type":"PropertyValueSpecification","valueRequired":true,"valueName":"search_term_string"}}],"inLanguage":"es"},{"@type":"Organization","@id":"https:\/\/nauti-parts.com\/es\/#organization","name":"Piezas Nauti","url":"https:\/\/nauti-parts.com\/es\/","logo":{"@type":"ImageObject","inLanguage":"es","@id":"https:\/\/nauti-parts.com\/es\/#\/schema\/logo\/image\/","url":"https:\/\/nauti-parts.com\/wp-content\/uploads\/2023\/10\/np-logo-black.png","contentUrl":"https:\/\/nauti-parts.com\/wp-content\/uploads\/2023\/10\/np-logo-black.png","width":253,"height":100,"caption":"Piezas Nauti"},"image":{"@id":"https:\/\/nauti-parts.com\/es\/#\/schema\/logo\/image\/"},"sameAs":["https:\/\/www.facebook.com\/nautipartsspain\/","https:\/\/www.instagram.com\/nautiparts\/"]}]}},"_links":{"self":[{"href":"https:\/\/nauti-parts.com\/es\/wp-json\/wp\/v2\/product\/22911","targetHints":{"allow":["GET"]}}],"collection":[{"href":"https:\/\/nauti-parts.com\/es\/wp-json\/wp\/v2\/product"}],"about":[{"href":"https:\/\/nauti-parts.com\/es\/wp-json\/wp\/v2\/types\/product"}],"replies":[{"embeddable":true,"href":"https:\/\/nauti-parts.com\/es\/wp-json\/wp\/v2\/comments?post=22911"}],"wp:featuredmedia":[{"embeddable":true,"href":"https:\/\/nauti-parts.com\/es\/wp-json\/wp\/v2\/media\/16275"}],"wp:attachment":[{"href":"https:\/\/nauti-parts.com\/es\/wp-json\/wp\/v2\/media?parent=22911"}],"wp:term":[{"taxonomy":"product_brand","embeddable":true,"href":"https:\/\/nauti-parts.com\/es\/wp-json\/wp\/v2\/product_brand?post=22911"},{"taxonomy":"product_cat","embeddable":true,"href":"https:\/\/nauti-parts.com\/es\/wp-json\/wp\/v2\/product_cat?post=22911"},{"taxonomy":"product_tag","embeddable":true,"href":"https:\/\/nauti-parts.com\/es\/wp-json\/wp\/v2\/product_tag?post=22911"}],"curies":[{"name":"wp","href":"https:\/\/api.w.org\/{rel}","templated":true}]}}