{"id":22886,"date":"2022-03-15T12:21:15","date_gmt":"2022-03-15T12:21:15","guid":{"rendered":"https:\/\/nauti-parts.com\/shop\/sin categor\u00eda\/fliteboard-aire\/"},"modified":"2022-03-15T12:21:15","modified_gmt":"2022-03-15T12:21:15","slug":"fliteboard-aire","status":"publish","type":"product","link":"https:\/\/nauti-parts.com\/es\/shop\/tablas-y-esquis\/e-foils\/tablero\/fliteboard-aire\/","title":{"rendered":"Fliteboard Aire"},"content":{"rendered":"<p class=\"p1\">Fliteboard AIR es la tabla m\u00e1s flotante, estable y duradera. El eFoil perfecto para yates, Fliteschools y complejos tur\u00edsticos. <\/p>\n<div class=\"Grid__Cell 1\/2--phone 1\/3--tablet-and-up 1\/3--desk\">\n<div class=\"details-block pb-1\">\n<div class=\"details-block-content-air-info-grid-text\">\n<p class=\"block-heading-air-info-grid-text\"><b>Hinchable<br \/>\n<\/b>Fliteboard AIR tiene un exterior hinchable, que lo hace m\u00e1s ligero de usar y f\u00e1cil de enrollar para transportarlo y guardarlo.<\/p>\n<\/div>\n<\/div>\n<\/div>\n<div class=\"details-block pb-1\">\n<div class=\"details-block-content-air-info-grid-text\">\n<p class=\"block-heading-air-info-grid-text\">\u00a1El <b>resistente<br \/>\n<\/b>Fliteboard AIR est\u00e1 hecho para ser usado! Fliteschools o yates, es lo suficientemente resistente como para mantener un disfrute constante. <\/p>\n<\/div>\n<\/div>\n<div class=\"details-block pb-1\">\n<div class=\"details-block-content-air-info-grid-text\">\n<p class=\"block-heading-air-info-grid-text\"><b>Flotante<br \/>\n<\/b>Con una capacidad de peso de 100 kg y un volumen de 150 litros, los ciclistas m\u00e1s pesados pueden tumbarse, arrodillarse y levantarse con facilidad<\/p>\n<\/div>\n<\/div>\n<div class=\"details-block pb-1\">\n<div class=\"details-block-content-air-info-grid-text\">\n<p class=\"block-heading-air-info-grid-text\"><b>Estable<br \/>\n<\/b>La anchura y longitud adicionales hacen que sea una plataforma segura y estable para aprender el arte del eFoiling.<\/p>\n<\/div>\n<\/div>\n<div class=\"details-block pb-1\">\n<div class=\"details-block-content-air-info-grid-text\">\n<p class=\"block-heading-air-info-grid-text\"><b>F\u00e1cil de manejar<br \/>\n<\/b>Fliteboard AIR tiene un m\u00e1stil m\u00e1s corto. Con 60 cm, permite una conducci\u00f3n m\u00e1s indulgente y llevadera. <\/p>\n<\/div>\n<\/div>\n<div class=\"Grid__Cell 1\/2--phone 1\/3--tablet-and-up 1\/3--desk\">\n<div class=\"details-block pb-1\">\n<div class=\"details-block-content-air-info-grid-text\">\n<p class=\"block-heading-air-info-grid-text\"><b>Compartir la alegr\u00eda<br \/>\n<\/b>Si es tu primera vez en un eFoil, Fliteboard AIR facilita el aprendizaje a amigos y familiares.<\/p>\n<\/div>\n<\/div>\n<\/div>\n<hr>\n<p>EL PRECIO INDICADO INCLUYE C\u00c9LULA DE ARCHIVO, L\u00c1MINA Y ALA, FLITE JET, CARGADOR EST\u00c1NDAR, FLITE CONTROLLER + TASAS DE IMPORTACI\u00d3N, ARANCELES E IMPUESTOS, ENV\u00cdO Y FORMACI\u00d3N<\/p>\n","protected":false},"excerpt":{"rendered":"<h3 class=\"sub-heading-air-info-hero hidden-phone h2\">Construido para las aventuras m\u00e1s duras. Incluso aprendiendo. <\/h3>\n<p>EL PRECIO INDICADO INCLUYE OBRAS, TASAS DE IMPORTACI\u00d3N, ARANCELES E IMPUESTOS, ENV\u00cdO Y FORMACI\u00d3N<\/p>\n","protected":false},"featured_media":18225,"comment_status":"open","ping_status":"closed","template":"","meta":{"_acf_changed":false},"product_brand":[],"product_cat":[220,212,221],"product_tag":[],"class_list":{"0":"post-22886","1":"product","2":"type-product","3":"status-publish","4":"has-post-thumbnail","6":"product_cat-e-foils","7":"product_cat-tablas-y-esquis","8":"product_cat-tablero","9":"repupress_customize_woocommerce_productom_class","11":"first","12":"instock","13":"featured","14":"taxable","15":"shipping-taxable","16":"purchasable","17":"product-type-variable"},"acf":[],"yoast_head":"<!-- This site is optimized with the Yoast SEO plugin v27.2 - https:\/\/yoast.com\/product\/yoast-seo-wordpress\/ -->\n<title>Fliteboard Aire | Nauti Parts<\/title>\n<meta name=\"robots\" content=\"index, follow, max-snippet:-1, max-image-preview:large, max-video-preview:-1\" \/>\n<link rel=\"canonical\" href=\"https:\/\/nauti-parts.com\/es\/shop\/tablas-y-esquis\/e-foils\/tablero\/fliteboard-aire\/\" \/>\n<meta property=\"og:locale\" content=\"es_ES\" \/>\n<meta property=\"og:type\" content=\"article\" \/>\n<meta property=\"og:title\" content=\"Fliteboard Aire | Nauti Parts\" \/>\n<meta property=\"og:description\" content=\"Construido para las aventuras m\u00e1s duras. Incluso aprendiendo. EL PRECIO INDICADO INCLUYE OBRAS, TASAS DE IMPORTACI\u00d3N, ARANCELES E IMPUESTOS, ENV\u00cdO Y FORMACI\u00d3N\" \/>\n<meta property=\"og:url\" content=\"https:\/\/nauti-parts.com\/es\/shop\/tablas-y-esquis\/e-foils\/tablero\/fliteboard-aire\/\" \/>\n<meta property=\"og:site_name\" content=\"Nauti Parts\" \/>\n<meta property=\"article:publisher\" content=\"https:\/\/www.facebook.com\/nautipartsspain\/\" \/>\n<meta property=\"og:image\" content=\"https:\/\/nauti-parts.com\/wp-content\/uploads\/2022\/03\/flite-air-acai.png\" \/>\n\t<meta property=\"og:image:width\" content=\"1024\" \/>\n\t<meta property=\"og:image:height\" content=\"1024\" \/>\n\t<meta property=\"og:image:type\" content=\"image\/png\" \/>\n<meta name=\"twitter:card\" content=\"summary_large_image\" \/>\n<meta name=\"twitter:label1\" content=\"Tiempo de lectura\" \/>\n\t<meta name=\"twitter:data1\" content=\"1 minuto\" \/>\n<script type=\"application\/ld+json\" class=\"yoast-schema-graph\">{\"@context\":\"https:\/\/schema.org\",\"@graph\":[{\"@type\":\"WebPage\",\"@id\":\"https:\/\/nauti-parts.com\/es\/shop\/tablas-y-esquis\/e-foils\/tablero\/fliteboard-aire\/\",\"url\":\"https:\/\/nauti-parts.com\/es\/shop\/tablas-y-esquis\/e-foils\/tablero\/fliteboard-aire\/\",\"name\":\"Fliteboard Aire | Nauti Parts\",\"isPartOf\":{\"@id\":\"https:\/\/nauti-parts.com\/es\/#website\"},\"primaryImageOfPage\":{\"@id\":\"https:\/\/nauti-parts.com\/es\/shop\/tablas-y-esquis\/e-foils\/tablero\/fliteboard-aire\/#primaryimage\"},\"image\":{\"@id\":\"https:\/\/nauti-parts.com\/es\/shop\/tablas-y-esquis\/e-foils\/tablero\/fliteboard-aire\/#primaryimage\"},\"thumbnailUrl\":\"https:\/\/nauti-parts.com\/wp-content\/uploads\/2022\/03\/flite-air-acai.png\",\"datePublished\":\"2022-03-15T12:21:15+00:00\",\"breadcrumb\":{\"@id\":\"https:\/\/nauti-parts.com\/es\/shop\/tablas-y-esquis\/e-foils\/tablero\/fliteboard-aire\/#breadcrumb\"},\"inLanguage\":\"es\",\"potentialAction\":[{\"@type\":\"ReadAction\",\"target\":[\"https:\/\/nauti-parts.com\/es\/shop\/tablas-y-esquis\/e-foils\/tablero\/fliteboard-aire\/\"]}]},{\"@type\":\"ImageObject\",\"inLanguage\":\"es\",\"@id\":\"https:\/\/nauti-parts.com\/es\/shop\/tablas-y-esquis\/e-foils\/tablero\/fliteboard-aire\/#primaryimage\",\"url\":\"https:\/\/nauti-parts.com\/wp-content\/uploads\/2022\/03\/flite-air-acai.png\",\"contentUrl\":\"https:\/\/nauti-parts.com\/wp-content\/uploads\/2022\/03\/flite-air-acai.png\",\"width\":1024,\"height\":1024},{\"@type\":\"BreadcrumbList\",\"@id\":\"https:\/\/nauti-parts.com\/es\/shop\/tablas-y-esquis\/e-foils\/tablero\/fliteboard-aire\/#breadcrumb\",\"itemListElement\":[{\"@type\":\"ListItem\",\"position\":1,\"name\":\"Tienda\",\"item\":\"https:\/\/nauti-parts.com\/es\/tienda\/\"},{\"@type\":\"ListItem\",\"position\":2,\"name\":\"Fliteboard Aire\"}]},{\"@type\":\"WebSite\",\"@id\":\"https:\/\/nauti-parts.com\/es\/#website\",\"url\":\"https:\/\/nauti-parts.com\/es\/\",\"name\":\"Nauti Parts\",\"description\":\"Sea-Doo Jet Ski - Seabob Dealer and Rentals | Water Toys Mallorca\",\"publisher\":{\"@id\":\"https:\/\/nauti-parts.com\/es\/#organization\"},\"potentialAction\":[{\"@type\":\"SearchAction\",\"target\":{\"@type\":\"EntryPoint\",\"urlTemplate\":\"https:\/\/nauti-parts.com\/es\/?s={search_term_string}\"},\"query-input\":{\"@type\":\"PropertyValueSpecification\",\"valueRequired\":true,\"valueName\":\"search_term_string\"}}],\"inLanguage\":\"es\"},{\"@type\":\"Organization\",\"@id\":\"https:\/\/nauti-parts.com\/es\/#organization\",\"name\":\"Piezas Nauti\",\"url\":\"https:\/\/nauti-parts.com\/es\/\",\"logo\":{\"@type\":\"ImageObject\",\"inLanguage\":\"es\",\"@id\":\"https:\/\/nauti-parts.com\/es\/#\/schema\/logo\/image\/\",\"url\":\"https:\/\/nauti-parts.com\/wp-content\/uploads\/2023\/10\/np-logo-black.png\",\"contentUrl\":\"https:\/\/nauti-parts.com\/wp-content\/uploads\/2023\/10\/np-logo-black.png\",\"width\":253,\"height\":100,\"caption\":\"Piezas Nauti\"},\"image\":{\"@id\":\"https:\/\/nauti-parts.com\/es\/#\/schema\/logo\/image\/\"},\"sameAs\":[\"https:\/\/www.facebook.com\/nautipartsspain\/\",\"https:\/\/www.instagram.com\/nautiparts\/\"]}]}<\/script>\n<!-- \/ Yoast SEO plugin. -->","yoast_head_json":{"title":"Fliteboard Aire | Nauti Parts","robots":{"index":"index","follow":"follow","max-snippet":"max-snippet:-1","max-image-preview":"max-image-preview:large","max-video-preview":"max-video-preview:-1"},"canonical":"https:\/\/nauti-parts.com\/es\/shop\/tablas-y-esquis\/e-foils\/tablero\/fliteboard-aire\/","og_locale":"es_ES","og_type":"article","og_title":"Fliteboard Aire | Nauti Parts","og_description":"Construido para las aventuras m\u00e1s duras. Incluso aprendiendo. EL PRECIO INDICADO INCLUYE OBRAS, TASAS DE IMPORTACI\u00d3N, ARANCELES E IMPUESTOS, ENV\u00cdO Y FORMACI\u00d3N","og_url":"https:\/\/nauti-parts.com\/es\/shop\/tablas-y-esquis\/e-foils\/tablero\/fliteboard-aire\/","og_site_name":"Nauti Parts","article_publisher":"https:\/\/www.facebook.com\/nautipartsspain\/","og_image":[{"width":1024,"height":1024,"url":"https:\/\/nauti-parts.com\/wp-content\/uploads\/2022\/03\/flite-air-acai.png","type":"image\/png"}],"twitter_card":"summary_large_image","twitter_misc":{"Tiempo de lectura":"1 minuto"},"schema":{"@context":"https:\/\/schema.org","@graph":[{"@type":"WebPage","@id":"https:\/\/nauti-parts.com\/es\/shop\/tablas-y-esquis\/e-foils\/tablero\/fliteboard-aire\/","url":"https:\/\/nauti-parts.com\/es\/shop\/tablas-y-esquis\/e-foils\/tablero\/fliteboard-aire\/","name":"Fliteboard Aire | Nauti Parts","isPartOf":{"@id":"https:\/\/nauti-parts.com\/es\/#website"},"primaryImageOfPage":{"@id":"https:\/\/nauti-parts.com\/es\/shop\/tablas-y-esquis\/e-foils\/tablero\/fliteboard-aire\/#primaryimage"},"image":{"@id":"https:\/\/nauti-parts.com\/es\/shop\/tablas-y-esquis\/e-foils\/tablero\/fliteboard-aire\/#primaryimage"},"thumbnailUrl":"https:\/\/nauti-parts.com\/wp-content\/uploads\/2022\/03\/flite-air-acai.png","datePublished":"2022-03-15T12:21:15+00:00","breadcrumb":{"@id":"https:\/\/nauti-parts.com\/es\/shop\/tablas-y-esquis\/e-foils\/tablero\/fliteboard-aire\/#breadcrumb"},"inLanguage":"es","potentialAction":[{"@type":"ReadAction","target":["https:\/\/nauti-parts.com\/es\/shop\/tablas-y-esquis\/e-foils\/tablero\/fliteboard-aire\/"]}]},{"@type":"ImageObject","inLanguage":"es","@id":"https:\/\/nauti-parts.com\/es\/shop\/tablas-y-esquis\/e-foils\/tablero\/fliteboard-aire\/#primaryimage","url":"https:\/\/nauti-parts.com\/wp-content\/uploads\/2022\/03\/flite-air-acai.png","contentUrl":"https:\/\/nauti-parts.com\/wp-content\/uploads\/2022\/03\/flite-air-acai.png","width":1024,"height":1024},{"@type":"BreadcrumbList","@id":"https:\/\/nauti-parts.com\/es\/shop\/tablas-y-esquis\/e-foils\/tablero\/fliteboard-aire\/#breadcrumb","itemListElement":[{"@type":"ListItem","position":1,"name":"Tienda","item":"https:\/\/nauti-parts.com\/es\/tienda\/"},{"@type":"ListItem","position":2,"name":"Fliteboard Aire"}]},{"@type":"WebSite","@id":"https:\/\/nauti-parts.com\/es\/#website","url":"https:\/\/nauti-parts.com\/es\/","name":"Nauti Parts","description":"Sea-Doo Jet Ski - Seabob Dealer and Rentals | Water Toys Mallorca","publisher":{"@id":"https:\/\/nauti-parts.com\/es\/#organization"},"potentialAction":[{"@type":"SearchAction","target":{"@type":"EntryPoint","urlTemplate":"https:\/\/nauti-parts.com\/es\/?s={search_term_string}"},"query-input":{"@type":"PropertyValueSpecification","valueRequired":true,"valueName":"search_term_string"}}],"inLanguage":"es"},{"@type":"Organization","@id":"https:\/\/nauti-parts.com\/es\/#organization","name":"Piezas Nauti","url":"https:\/\/nauti-parts.com\/es\/","logo":{"@type":"ImageObject","inLanguage":"es","@id":"https:\/\/nauti-parts.com\/es\/#\/schema\/logo\/image\/","url":"https:\/\/nauti-parts.com\/wp-content\/uploads\/2023\/10\/np-logo-black.png","contentUrl":"https:\/\/nauti-parts.com\/wp-content\/uploads\/2023\/10\/np-logo-black.png","width":253,"height":100,"caption":"Piezas Nauti"},"image":{"@id":"https:\/\/nauti-parts.com\/es\/#\/schema\/logo\/image\/"},"sameAs":["https:\/\/www.facebook.com\/nautipartsspain\/","https:\/\/www.instagram.com\/nautiparts\/"]}]}},"_links":{"self":[{"href":"https:\/\/nauti-parts.com\/es\/wp-json\/wp\/v2\/product\/22886","targetHints":{"allow":["GET"]}}],"collection":[{"href":"https:\/\/nauti-parts.com\/es\/wp-json\/wp\/v2\/product"}],"about":[{"href":"https:\/\/nauti-parts.com\/es\/wp-json\/wp\/v2\/types\/product"}],"replies":[{"embeddable":true,"href":"https:\/\/nauti-parts.com\/es\/wp-json\/wp\/v2\/comments?post=22886"}],"wp:featuredmedia":[{"embeddable":true,"href":"https:\/\/nauti-parts.com\/es\/wp-json\/wp\/v2\/media\/18225"}],"wp:attachment":[{"href":"https:\/\/nauti-parts.com\/es\/wp-json\/wp\/v2\/media?parent=22886"}],"wp:term":[{"taxonomy":"product_brand","embeddable":true,"href":"https:\/\/nauti-parts.com\/es\/wp-json\/wp\/v2\/product_brand?post=22886"},{"taxonomy":"product_cat","embeddable":true,"href":"https:\/\/nauti-parts.com\/es\/wp-json\/wp\/v2\/product_cat?post=22886"},{"taxonomy":"product_tag","embeddable":true,"href":"https:\/\/nauti-parts.com\/es\/wp-json\/wp\/v2\/product_tag?post=22886"}],"curies":[{"name":"wp","href":"https:\/\/api.w.org\/{rel}","templated":true}]}}