{"id":22822,"date":"2023-03-10T15:03:08","date_gmt":"2023-03-10T15:03:08","guid":{"rendered":"https:\/\/nauti-parts.com\/shop\/sin categor\u00eda\/yachtbeach-muelle-de-una-sola-lamina\/"},"modified":"2023-03-10T15:03:08","modified_gmt":"2023-03-10T15:03:08","slug":"yachtbeach-muelle-de-una-sola-lamina","status":"publish","type":"product","link":"https:\/\/nauti-parts.com\/es\/shop\/hinchables\/playa-del-yate\/yachtbeach-muelle-de-una-sola-lamina\/","title":{"rendered":"YachtBeach Muelle de una sola l\u00e1mina"},"content":{"rendered":"<h3>Adecuado para cualquier foil. Nuestro Muelle YachtBeach Single Foil te proporciona una plataforma estable para atracar f\u00e1cilmente. <\/h3>\n<p>El Muelle de una sola l\u00e1mina YachtBeach se puede combinar f\u00e1cilmente con todas las plataformas Yachtbeach 4.1 y 3.0 y las piscinas de lujo mediante el sistema de conexi\u00f3n con asa. Bonita, agradable, antideslizante y resistente superficie de espuma de EVA con aspecto de teca. <\/p>\n<p><strong>Informaci\u00f3n detallada:<\/strong><\/p>\n<ul>\n<li>Material: Puntada ca\u00edda con 20 cm de grosor &#8211; ofrece una estabilidad incre\u00edble y a\u00fan m\u00e1s seguridad<\/li>\n<li>2 Rampas de 8 cm de grosor<\/li>\n<li>Las rampas est\u00e1n recubiertas de material de PVC antideslizante<\/li>\n<li>El lateral de la plataforma est\u00e1 recubierto de teca EVA flexible, resistente a los rayos UV y al agua salada.<\/li>\n<li>6 asas: El sistema de conexi\u00f3n de asas ofrece compatibilidad con todas las plataformas Yachtbeach y piscinas de lujo, as\u00ed como para otras plataformas comunes<\/li>\n<li>V\u00e1lvula: equipada con 4 v\u00e1lvulas de alta presi\u00f3n que permiten un llenado y vaciado r\u00e1pidos y f\u00e1ciles. La v\u00e1lvula limitadora de presi\u00f3n de alta calidad garantiza la presi\u00f3n correcta incluso a pleno sol. <\/li>\n<li>Anillas en D: 4 anillas en D para numerosas opciones de sujeci\u00f3n<\/li>\n<li>2 bolsas de lastre<\/li>\n<li>Dimensiones exteriores: 205 cm x 205 cm<\/li>\n<li>Tama\u00f1o del paquete aprox.: 80x40x30cm<\/li>\n<li>Peso aproximado 18,4 kg<\/li>\n<\/ul>\n<p>Bolsa de transporte y kit de reparaci\u00f3n sin pegamento incluidos. No se incluye la bomba. <\/p>\n","protected":false},"excerpt":{"rendered":"<p>No s\u00f3lo sirve para aterrizar, nuestro muelle para foils es una soluci\u00f3n perfecta para empezar. S\u00f3lo tienes que dar la vuelta a tu tabla, colocarte y listo. Perfecto para principiantes o invitados de alquiler, no hay nada m\u00e1s f\u00e1cil que empezar a hacer foil con nuestro muelle de foil YachtBeach.  <\/p>\n","protected":false},"featured_media":16739,"comment_status":"open","ping_status":"closed","template":"","meta":{"_acf_changed":false},"product_brand":[],"product_cat":[224,232,225],"product_tag":[],"class_list":{"0":"post-22822","1":"product","2":"type-product","3":"status-publish","4":"has-post-thumbnail","6":"product_cat-hinchables","7":"product_cat-plataformas","8":"product_cat-playa-del-yate","9":"repupress_customize_woocommerce_productom_class","11":"first","12":"instock","13":"taxable","14":"shipping-taxable","15":"purchasable","16":"product-type-simple"},"acf":[],"yoast_head":"<!-- This site is optimized with the Yoast SEO plugin v27.2 - https:\/\/yoast.com\/product\/yoast-seo-wordpress\/ -->\n<title>YachtBeach Muelle de una sola l\u00e1mina | Nauti Parts<\/title>\n<meta name=\"robots\" content=\"index, follow, max-snippet:-1, max-image-preview:large, max-video-preview:-1\" \/>\n<link rel=\"canonical\" href=\"https:\/\/nauti-parts.com\/es\/shop\/hinchables\/playa-del-yate\/yachtbeach-muelle-de-una-sola-lamina\/\" \/>\n<meta property=\"og:locale\" content=\"es_ES\" \/>\n<meta property=\"og:type\" content=\"article\" \/>\n<meta property=\"og:title\" content=\"YachtBeach Muelle de una sola l\u00e1mina | Nauti Parts\" \/>\n<meta property=\"og:description\" content=\"No s\u00f3lo sirve para aterrizar, nuestro muelle para foils es una soluci\u00f3n perfecta para empezar. S\u00f3lo tienes que dar la vuelta a tu tabla, colocarte y listo. Perfecto para principiantes o invitados de alquiler, no hay nada m\u00e1s f\u00e1cil que empezar a hacer foil con nuestro muelle de foil YachtBeach.\" \/>\n<meta property=\"og:url\" content=\"https:\/\/nauti-parts.com\/es\/shop\/hinchables\/playa-del-yate\/yachtbeach-muelle-de-una-sola-lamina\/\" \/>\n<meta property=\"og:site_name\" content=\"Nauti Parts\" \/>\n<meta property=\"article:publisher\" content=\"https:\/\/www.facebook.com\/nautipartsspain\/\" \/>\n<meta property=\"og:image\" content=\"https:\/\/nauti-parts.com\/wp-content\/uploads\/2023\/03\/yacht-beach-single-e-foil-dock.png\" \/>\n\t<meta property=\"og:image:width\" content=\"1920\" \/>\n\t<meta property=\"og:image:height\" content=\"1080\" \/>\n\t<meta property=\"og:image:type\" content=\"image\/png\" \/>\n<meta name=\"twitter:card\" content=\"summary_large_image\" \/>\n<meta name=\"twitter:label1\" content=\"Tiempo de lectura\" \/>\n\t<meta name=\"twitter:data1\" content=\"1 minuto\" \/>\n<script type=\"application\/ld+json\" class=\"yoast-schema-graph\">{\"@context\":\"https:\/\/schema.org\",\"@graph\":[{\"@type\":\"WebPage\",\"@id\":\"https:\/\/nauti-parts.com\/es\/shop\/hinchables\/playa-del-yate\/yachtbeach-muelle-de-una-sola-lamina\/\",\"url\":\"https:\/\/nauti-parts.com\/es\/shop\/hinchables\/playa-del-yate\/yachtbeach-muelle-de-una-sola-lamina\/\",\"name\":\"YachtBeach Muelle de una sola l\u00e1mina | Nauti Parts\",\"isPartOf\":{\"@id\":\"https:\/\/nauti-parts.com\/es\/#website\"},\"primaryImageOfPage\":{\"@id\":\"https:\/\/nauti-parts.com\/es\/shop\/hinchables\/playa-del-yate\/yachtbeach-muelle-de-una-sola-lamina\/#primaryimage\"},\"image\":{\"@id\":\"https:\/\/nauti-parts.com\/es\/shop\/hinchables\/playa-del-yate\/yachtbeach-muelle-de-una-sola-lamina\/#primaryimage\"},\"thumbnailUrl\":\"https:\/\/nauti-parts.com\/wp-content\/uploads\/2023\/03\/yacht-beach-single-e-foil-dock.png\",\"datePublished\":\"2023-03-10T15:03:08+00:00\",\"breadcrumb\":{\"@id\":\"https:\/\/nauti-parts.com\/es\/shop\/hinchables\/playa-del-yate\/yachtbeach-muelle-de-una-sola-lamina\/#breadcrumb\"},\"inLanguage\":\"es\",\"potentialAction\":[{\"@type\":\"ReadAction\",\"target\":[\"https:\/\/nauti-parts.com\/es\/shop\/hinchables\/playa-del-yate\/yachtbeach-muelle-de-una-sola-lamina\/\"]}]},{\"@type\":\"ImageObject\",\"inLanguage\":\"es\",\"@id\":\"https:\/\/nauti-parts.com\/es\/shop\/hinchables\/playa-del-yate\/yachtbeach-muelle-de-una-sola-lamina\/#primaryimage\",\"url\":\"https:\/\/nauti-parts.com\/wp-content\/uploads\/2023\/03\/yacht-beach-single-e-foil-dock.png\",\"contentUrl\":\"https:\/\/nauti-parts.com\/wp-content\/uploads\/2023\/03\/yacht-beach-single-e-foil-dock.png\",\"width\":1920,\"height\":1080},{\"@type\":\"BreadcrumbList\",\"@id\":\"https:\/\/nauti-parts.com\/es\/shop\/hinchables\/playa-del-yate\/yachtbeach-muelle-de-una-sola-lamina\/#breadcrumb\",\"itemListElement\":[{\"@type\":\"ListItem\",\"position\":1,\"name\":\"Tienda\",\"item\":\"https:\/\/nauti-parts.com\/es\/tienda\/\"},{\"@type\":\"ListItem\",\"position\":2,\"name\":\"YachtBeach Muelle de una sola l\u00e1mina\"}]},{\"@type\":\"WebSite\",\"@id\":\"https:\/\/nauti-parts.com\/es\/#website\",\"url\":\"https:\/\/nauti-parts.com\/es\/\",\"name\":\"Nauti Parts\",\"description\":\"Sea-Doo Jet Ski - Seabob Dealer and Rentals | Water Toys Mallorca\",\"publisher\":{\"@id\":\"https:\/\/nauti-parts.com\/es\/#organization\"},\"potentialAction\":[{\"@type\":\"SearchAction\",\"target\":{\"@type\":\"EntryPoint\",\"urlTemplate\":\"https:\/\/nauti-parts.com\/es\/?s={search_term_string}\"},\"query-input\":{\"@type\":\"PropertyValueSpecification\",\"valueRequired\":true,\"valueName\":\"search_term_string\"}}],\"inLanguage\":\"es\"},{\"@type\":\"Organization\",\"@id\":\"https:\/\/nauti-parts.com\/es\/#organization\",\"name\":\"Piezas Nauti\",\"url\":\"https:\/\/nauti-parts.com\/es\/\",\"logo\":{\"@type\":\"ImageObject\",\"inLanguage\":\"es\",\"@id\":\"https:\/\/nauti-parts.com\/es\/#\/schema\/logo\/image\/\",\"url\":\"https:\/\/nauti-parts.com\/wp-content\/uploads\/2023\/10\/np-logo-black.png\",\"contentUrl\":\"https:\/\/nauti-parts.com\/wp-content\/uploads\/2023\/10\/np-logo-black.png\",\"width\":253,\"height\":100,\"caption\":\"Piezas Nauti\"},\"image\":{\"@id\":\"https:\/\/nauti-parts.com\/es\/#\/schema\/logo\/image\/\"},\"sameAs\":[\"https:\/\/www.facebook.com\/nautipartsspain\/\",\"https:\/\/www.instagram.com\/nautiparts\/\"]}]}<\/script>\n<!-- \/ Yoast SEO plugin. -->","yoast_head_json":{"title":"YachtBeach Muelle de una sola l\u00e1mina | Nauti Parts","robots":{"index":"index","follow":"follow","max-snippet":"max-snippet:-1","max-image-preview":"max-image-preview:large","max-video-preview":"max-video-preview:-1"},"canonical":"https:\/\/nauti-parts.com\/es\/shop\/hinchables\/playa-del-yate\/yachtbeach-muelle-de-una-sola-lamina\/","og_locale":"es_ES","og_type":"article","og_title":"YachtBeach Muelle de una sola l\u00e1mina | Nauti Parts","og_description":"No s\u00f3lo sirve para aterrizar, nuestro muelle para foils es una soluci\u00f3n perfecta para empezar. S\u00f3lo tienes que dar la vuelta a tu tabla, colocarte y listo. Perfecto para principiantes o invitados de alquiler, no hay nada m\u00e1s f\u00e1cil que empezar a hacer foil con nuestro muelle de foil YachtBeach.","og_url":"https:\/\/nauti-parts.com\/es\/shop\/hinchables\/playa-del-yate\/yachtbeach-muelle-de-una-sola-lamina\/","og_site_name":"Nauti Parts","article_publisher":"https:\/\/www.facebook.com\/nautipartsspain\/","og_image":[{"width":1920,"height":1080,"url":"https:\/\/nauti-parts.com\/wp-content\/uploads\/2023\/03\/yacht-beach-single-e-foil-dock.png","type":"image\/png"}],"twitter_card":"summary_large_image","twitter_misc":{"Tiempo de lectura":"1 minuto"},"schema":{"@context":"https:\/\/schema.org","@graph":[{"@type":"WebPage","@id":"https:\/\/nauti-parts.com\/es\/shop\/hinchables\/playa-del-yate\/yachtbeach-muelle-de-una-sola-lamina\/","url":"https:\/\/nauti-parts.com\/es\/shop\/hinchables\/playa-del-yate\/yachtbeach-muelle-de-una-sola-lamina\/","name":"YachtBeach Muelle de una sola l\u00e1mina | Nauti Parts","isPartOf":{"@id":"https:\/\/nauti-parts.com\/es\/#website"},"primaryImageOfPage":{"@id":"https:\/\/nauti-parts.com\/es\/shop\/hinchables\/playa-del-yate\/yachtbeach-muelle-de-una-sola-lamina\/#primaryimage"},"image":{"@id":"https:\/\/nauti-parts.com\/es\/shop\/hinchables\/playa-del-yate\/yachtbeach-muelle-de-una-sola-lamina\/#primaryimage"},"thumbnailUrl":"https:\/\/nauti-parts.com\/wp-content\/uploads\/2023\/03\/yacht-beach-single-e-foil-dock.png","datePublished":"2023-03-10T15:03:08+00:00","breadcrumb":{"@id":"https:\/\/nauti-parts.com\/es\/shop\/hinchables\/playa-del-yate\/yachtbeach-muelle-de-una-sola-lamina\/#breadcrumb"},"inLanguage":"es","potentialAction":[{"@type":"ReadAction","target":["https:\/\/nauti-parts.com\/es\/shop\/hinchables\/playa-del-yate\/yachtbeach-muelle-de-una-sola-lamina\/"]}]},{"@type":"ImageObject","inLanguage":"es","@id":"https:\/\/nauti-parts.com\/es\/shop\/hinchables\/playa-del-yate\/yachtbeach-muelle-de-una-sola-lamina\/#primaryimage","url":"https:\/\/nauti-parts.com\/wp-content\/uploads\/2023\/03\/yacht-beach-single-e-foil-dock.png","contentUrl":"https:\/\/nauti-parts.com\/wp-content\/uploads\/2023\/03\/yacht-beach-single-e-foil-dock.png","width":1920,"height":1080},{"@type":"BreadcrumbList","@id":"https:\/\/nauti-parts.com\/es\/shop\/hinchables\/playa-del-yate\/yachtbeach-muelle-de-una-sola-lamina\/#breadcrumb","itemListElement":[{"@type":"ListItem","position":1,"name":"Tienda","item":"https:\/\/nauti-parts.com\/es\/tienda\/"},{"@type":"ListItem","position":2,"name":"YachtBeach Muelle de una sola l\u00e1mina"}]},{"@type":"WebSite","@id":"https:\/\/nauti-parts.com\/es\/#website","url":"https:\/\/nauti-parts.com\/es\/","name":"Nauti Parts","description":"Sea-Doo Jet Ski - Seabob Dealer and Rentals | Water Toys Mallorca","publisher":{"@id":"https:\/\/nauti-parts.com\/es\/#organization"},"potentialAction":[{"@type":"SearchAction","target":{"@type":"EntryPoint","urlTemplate":"https:\/\/nauti-parts.com\/es\/?s={search_term_string}"},"query-input":{"@type":"PropertyValueSpecification","valueRequired":true,"valueName":"search_term_string"}}],"inLanguage":"es"},{"@type":"Organization","@id":"https:\/\/nauti-parts.com\/es\/#organization","name":"Piezas Nauti","url":"https:\/\/nauti-parts.com\/es\/","logo":{"@type":"ImageObject","inLanguage":"es","@id":"https:\/\/nauti-parts.com\/es\/#\/schema\/logo\/image\/","url":"https:\/\/nauti-parts.com\/wp-content\/uploads\/2023\/10\/np-logo-black.png","contentUrl":"https:\/\/nauti-parts.com\/wp-content\/uploads\/2023\/10\/np-logo-black.png","width":253,"height":100,"caption":"Piezas Nauti"},"image":{"@id":"https:\/\/nauti-parts.com\/es\/#\/schema\/logo\/image\/"},"sameAs":["https:\/\/www.facebook.com\/nautipartsspain\/","https:\/\/www.instagram.com\/nautiparts\/"]}]}},"_links":{"self":[{"href":"https:\/\/nauti-parts.com\/es\/wp-json\/wp\/v2\/product\/22822","targetHints":{"allow":["GET"]}}],"collection":[{"href":"https:\/\/nauti-parts.com\/es\/wp-json\/wp\/v2\/product"}],"about":[{"href":"https:\/\/nauti-parts.com\/es\/wp-json\/wp\/v2\/types\/product"}],"replies":[{"embeddable":true,"href":"https:\/\/nauti-parts.com\/es\/wp-json\/wp\/v2\/comments?post=22822"}],"wp:featuredmedia":[{"embeddable":true,"href":"https:\/\/nauti-parts.com\/es\/wp-json\/wp\/v2\/media\/16739"}],"wp:attachment":[{"href":"https:\/\/nauti-parts.com\/es\/wp-json\/wp\/v2\/media?parent=22822"}],"wp:term":[{"taxonomy":"product_brand","embeddable":true,"href":"https:\/\/nauti-parts.com\/es\/wp-json\/wp\/v2\/product_brand?post=22822"},{"taxonomy":"product_cat","embeddable":true,"href":"https:\/\/nauti-parts.com\/es\/wp-json\/wp\/v2\/product_cat?post=22822"},{"taxonomy":"product_tag","embeddable":true,"href":"https:\/\/nauti-parts.com\/es\/wp-json\/wp\/v2\/product_tag?post=22822"}],"curies":[{"name":"wp","href":"https:\/\/api.w.org\/{rel}","templated":true}]}}