{"id":22783,"date":"2023-03-10T15:39:04","date_gmt":"2023-03-10T15:39:04","guid":{"rendered":"https:\/\/nauti-parts.com\/shop\/sin categor\u00eda\/plataforma-yachtbeach-3m-x-16m\/"},"modified":"2023-03-10T15:39:04","modified_gmt":"2023-03-10T15:39:04","slug":"plataforma-yachtbeach-3m-x-16m","status":"publish","type":"product","link":"https:\/\/nauti-parts.com\/es\/shop\/hinchables\/playa-del-yate\/plataforma-yachtbeach-3m-x-16m\/","title":{"rendered":"Plataforma YachtBeach 3m x 1,6m"},"content":{"rendered":"<p>Con estas nuevas e <strong>innovadoras<\/strong> plataformas para yates de YachtBeach puedes crear tu propia playa privada directamente unida a tu barco. Esta plataforma premium est\u00e1 dise\u00f1ada para los propietarios de yates amantes del rendimiento. Ahora t\u00fa y tus invitados pod\u00e9is disfrutar de la isla perfecta para leer, relajaros o bucear dentro y fuera del agua. YachtBeach puede ser una plataforma para fitness, yoga y mindfulness, o como sal\u00f3n de fiestas flotante para las mejores sesiones y los recuerdos m\u00e1s divertidos.   <\/p>\n<p>La pieza de libertad de 3 x 1,6 m se puede combinar de <strong>varias<\/strong> formas. Con su exclusivo sistema de conexi\u00f3n de asas de 10 puntos, puedes construir <strong>f\u00e1cilmente<\/strong> tu estaci\u00f3n de atraque ideal para tu moto acu\u00e1tica, embarcaci\u00f3n auxiliar, Seabob, SUP y mucho m\u00e1s. <\/p>\n<p>Los materiales est\u00e9ticamente suaves, antideslizantes, resistentes al agua salada y a los rayos UV garantizan un confort lujoso y duradero.<\/p>\n<hr>\n<p><strong>Medidas:  <\/strong><\/p>\n<ul>\n<li>300x 160 x 20cm<\/li>\n<li>Peso con bolsa y bomba: 25 kg &#8211; 55 lbs<\/li>\n<li>Tama\u00f1o del paquete: 178 x 37 x 37 cm<\/li>\n<\/ul>\n<p><strong>Descripci\u00f3n:<\/strong><\/p>\n<ul>\n<li>Fabricado con punto el\u00e1stico de doble capa reforzado de 20 cm<\/li>\n<li>2 Bolsas de lastre<\/li>\n<li>Cuero Artificial Top Diamond Pearlwhite<\/li>\n<li>10 Asas YACHTBEACH,<\/li>\n<li>Incluye soporte para escalera de ba\u00f1o. <\/li>\n<\/ul>\n<hr>\n<div class=\" elementor-element elementor-element-e83f680 elementor-widget elementor-widget-heading\" data-id=\"e83f680\" data-element_type=\"widget\" data-widget_type=\"heading.default\">\n<div class=\"elementor-widget-container\">\n<h4 class=\"elementor-heading-title elementor-size-default\">Tu cl\u00e1sica playa flotante<\/h4>\n<\/div>\n<\/div>\n<div class=\" elementor-element elementor-element-222f1ae0 elementor-widget elementor-widget-text-editor\" data-id=\"222f1ae0\" data-element_type=\"widget\" data-widget_type=\"text-editor.default\">\n<div class=\"elementor-widget-container\">\n<p>El YachtBeach Classic 3.0 es el inicio perfecto para la zona de playa de tu yate privado. Fabricada con material de punto de gota de alta calidad, te ampl\u00eda el espacio vital de tu barco o yate en unos instantes. <\/p>\n<p>Con la Plataforma 3.0 u crea tu lugar perfecto para Jet Ski, Dinghy, Seabob, SUP o Fiesta. Conectividad modular con el sistema de conexi\u00f3n de asas YachtBeach de 10 puntos. <\/p>\n<p>Puedes construir en varias configuraciones, como en forma de L, en forma de T o en forma de H, y hay m\u00e1s posibles. Construye f\u00e1cilmente tu estaci\u00f3n de atraque ideal para todos tus juguetes divertidos, como tu moto acu\u00e1tica, embarcaci\u00f3n auxiliar, Seabob, SUP y mucho m\u00e1s, o crea tu configuraci\u00f3n favorita para tu zona de entrenamiento, relajaci\u00f3n y fiesta.<br \/>\nLa Plataforma 3.0 es la forma m\u00e1s f\u00e1cil de crear tu lugar privado. <\/p>\n<\/div>\n<\/div>\n","protected":false},"excerpt":{"rendered":"<h3>Crea tu propia playa privada con las plataformas flotantes YachtBeach<\/h3>\n","protected":false},"featured_media":16766,"comment_status":"open","ping_status":"closed","template":"","meta":{"_acf_changed":false},"product_brand":[],"product_cat":[224,232,225],"product_tag":[],"class_list":{"0":"post-22783","1":"product","2":"type-product","3":"status-publish","4":"has-post-thumbnail","6":"product_cat-hinchables","7":"product_cat-plataformas","8":"product_cat-playa-del-yate","9":"repupress_customize_woocommerce_productom_class","11":"first","12":"instock","13":"taxable","14":"shipping-taxable","15":"purchasable","16":"product-type-simple"},"acf":[],"yoast_head":"<!-- This site is optimized with the Yoast SEO plugin v27.2 - https:\/\/yoast.com\/product\/yoast-seo-wordpress\/ -->\n<title>Plataforma YachtBeach 3m x 1,6m | Nauti Parts<\/title>\n<meta name=\"robots\" content=\"index, follow, max-snippet:-1, max-image-preview:large, max-video-preview:-1\" \/>\n<link rel=\"canonical\" href=\"https:\/\/nauti-parts.com\/es\/shop\/hinchables\/playa-del-yate\/plataforma-yachtbeach-3m-x-16m\/\" \/>\n<meta property=\"og:locale\" content=\"es_ES\" \/>\n<meta property=\"og:type\" content=\"article\" \/>\n<meta property=\"og:title\" content=\"Plataforma YachtBeach 3m x 1,6m | Nauti Parts\" \/>\n<meta property=\"og:description\" content=\"Crea tu propia playa privada con las plataformas flotantes YachtBeach\" \/>\n<meta property=\"og:url\" content=\"https:\/\/nauti-parts.com\/es\/shop\/hinchables\/playa-del-yate\/plataforma-yachtbeach-3m-x-16m\/\" \/>\n<meta property=\"og:site_name\" content=\"Nauti Parts\" \/>\n<meta property=\"article:publisher\" content=\"https:\/\/www.facebook.com\/nautipartsspain\/\" \/>\n<meta property=\"og:image\" content=\"https:\/\/nauti-parts.com\/wp-content\/uploads\/2023\/03\/w1971004_yb_3.0_diamond.png\" \/>\n\t<meta property=\"og:image:width\" content=\"1920\" \/>\n\t<meta property=\"og:image:height\" content=\"1080\" \/>\n\t<meta property=\"og:image:type\" content=\"image\/png\" \/>\n<meta name=\"twitter:card\" content=\"summary_large_image\" \/>\n<meta name=\"twitter:label1\" content=\"Tiempo de lectura\" \/>\n\t<meta name=\"twitter:data1\" content=\"2 minutos\" \/>\n<script type=\"application\/ld+json\" class=\"yoast-schema-graph\">{\"@context\":\"https:\/\/schema.org\",\"@graph\":[{\"@type\":\"WebPage\",\"@id\":\"https:\/\/nauti-parts.com\/es\/shop\/hinchables\/playa-del-yate\/plataforma-yachtbeach-3m-x-16m\/\",\"url\":\"https:\/\/nauti-parts.com\/es\/shop\/hinchables\/playa-del-yate\/plataforma-yachtbeach-3m-x-16m\/\",\"name\":\"Plataforma YachtBeach 3m x 1,6m | Nauti Parts\",\"isPartOf\":{\"@id\":\"https:\/\/nauti-parts.com\/es\/#website\"},\"primaryImageOfPage\":{\"@id\":\"https:\/\/nauti-parts.com\/es\/shop\/hinchables\/playa-del-yate\/plataforma-yachtbeach-3m-x-16m\/#primaryimage\"},\"image\":{\"@id\":\"https:\/\/nauti-parts.com\/es\/shop\/hinchables\/playa-del-yate\/plataforma-yachtbeach-3m-x-16m\/#primaryimage\"},\"thumbnailUrl\":\"https:\/\/nauti-parts.com\/wp-content\/uploads\/2023\/03\/w1971004_yb_3.0_diamond.png\",\"datePublished\":\"2023-03-10T15:39:04+00:00\",\"breadcrumb\":{\"@id\":\"https:\/\/nauti-parts.com\/es\/shop\/hinchables\/playa-del-yate\/plataforma-yachtbeach-3m-x-16m\/#breadcrumb\"},\"inLanguage\":\"es\",\"potentialAction\":[{\"@type\":\"ReadAction\",\"target\":[\"https:\/\/nauti-parts.com\/es\/shop\/hinchables\/playa-del-yate\/plataforma-yachtbeach-3m-x-16m\/\"]}]},{\"@type\":\"ImageObject\",\"inLanguage\":\"es\",\"@id\":\"https:\/\/nauti-parts.com\/es\/shop\/hinchables\/playa-del-yate\/plataforma-yachtbeach-3m-x-16m\/#primaryimage\",\"url\":\"https:\/\/nauti-parts.com\/wp-content\/uploads\/2023\/03\/w1971004_yb_3.0_diamond.png\",\"contentUrl\":\"https:\/\/nauti-parts.com\/wp-content\/uploads\/2023\/03\/w1971004_yb_3.0_diamond.png\",\"width\":1920,\"height\":1080},{\"@type\":\"BreadcrumbList\",\"@id\":\"https:\/\/nauti-parts.com\/es\/shop\/hinchables\/playa-del-yate\/plataforma-yachtbeach-3m-x-16m\/#breadcrumb\",\"itemListElement\":[{\"@type\":\"ListItem\",\"position\":1,\"name\":\"Tienda\",\"item\":\"https:\/\/nauti-parts.com\/es\/tienda\/\"},{\"@type\":\"ListItem\",\"position\":2,\"name\":\"Plataforma YachtBeach 3m x 1,6m\"}]},{\"@type\":\"WebSite\",\"@id\":\"https:\/\/nauti-parts.com\/es\/#website\",\"url\":\"https:\/\/nauti-parts.com\/es\/\",\"name\":\"Nauti Parts\",\"description\":\"Sea-Doo Jet Ski - Seabob Dealer and Rentals | Water Toys Mallorca\",\"publisher\":{\"@id\":\"https:\/\/nauti-parts.com\/es\/#organization\"},\"potentialAction\":[{\"@type\":\"SearchAction\",\"target\":{\"@type\":\"EntryPoint\",\"urlTemplate\":\"https:\/\/nauti-parts.com\/es\/?s={search_term_string}\"},\"query-input\":{\"@type\":\"PropertyValueSpecification\",\"valueRequired\":true,\"valueName\":\"search_term_string\"}}],\"inLanguage\":\"es\"},{\"@type\":\"Organization\",\"@id\":\"https:\/\/nauti-parts.com\/es\/#organization\",\"name\":\"Piezas Nauti\",\"url\":\"https:\/\/nauti-parts.com\/es\/\",\"logo\":{\"@type\":\"ImageObject\",\"inLanguage\":\"es\",\"@id\":\"https:\/\/nauti-parts.com\/es\/#\/schema\/logo\/image\/\",\"url\":\"https:\/\/nauti-parts.com\/wp-content\/uploads\/2023\/10\/np-logo-black.png\",\"contentUrl\":\"https:\/\/nauti-parts.com\/wp-content\/uploads\/2023\/10\/np-logo-black.png\",\"width\":253,\"height\":100,\"caption\":\"Piezas Nauti\"},\"image\":{\"@id\":\"https:\/\/nauti-parts.com\/es\/#\/schema\/logo\/image\/\"},\"sameAs\":[\"https:\/\/www.facebook.com\/nautipartsspain\/\",\"https:\/\/www.instagram.com\/nautiparts\/\"]}]}<\/script>\n<!-- \/ Yoast SEO plugin. -->","yoast_head_json":{"title":"Plataforma YachtBeach 3m x 1,6m | Nauti Parts","robots":{"index":"index","follow":"follow","max-snippet":"max-snippet:-1","max-image-preview":"max-image-preview:large","max-video-preview":"max-video-preview:-1"},"canonical":"https:\/\/nauti-parts.com\/es\/shop\/hinchables\/playa-del-yate\/plataforma-yachtbeach-3m-x-16m\/","og_locale":"es_ES","og_type":"article","og_title":"Plataforma YachtBeach 3m x 1,6m | Nauti Parts","og_description":"Crea tu propia playa privada con las plataformas flotantes YachtBeach","og_url":"https:\/\/nauti-parts.com\/es\/shop\/hinchables\/playa-del-yate\/plataforma-yachtbeach-3m-x-16m\/","og_site_name":"Nauti Parts","article_publisher":"https:\/\/www.facebook.com\/nautipartsspain\/","og_image":[{"width":1920,"height":1080,"url":"https:\/\/nauti-parts.com\/wp-content\/uploads\/2023\/03\/w1971004_yb_3.0_diamond.png","type":"image\/png"}],"twitter_card":"summary_large_image","twitter_misc":{"Tiempo de lectura":"2 minutos"},"schema":{"@context":"https:\/\/schema.org","@graph":[{"@type":"WebPage","@id":"https:\/\/nauti-parts.com\/es\/shop\/hinchables\/playa-del-yate\/plataforma-yachtbeach-3m-x-16m\/","url":"https:\/\/nauti-parts.com\/es\/shop\/hinchables\/playa-del-yate\/plataforma-yachtbeach-3m-x-16m\/","name":"Plataforma YachtBeach 3m x 1,6m | Nauti Parts","isPartOf":{"@id":"https:\/\/nauti-parts.com\/es\/#website"},"primaryImageOfPage":{"@id":"https:\/\/nauti-parts.com\/es\/shop\/hinchables\/playa-del-yate\/plataforma-yachtbeach-3m-x-16m\/#primaryimage"},"image":{"@id":"https:\/\/nauti-parts.com\/es\/shop\/hinchables\/playa-del-yate\/plataforma-yachtbeach-3m-x-16m\/#primaryimage"},"thumbnailUrl":"https:\/\/nauti-parts.com\/wp-content\/uploads\/2023\/03\/w1971004_yb_3.0_diamond.png","datePublished":"2023-03-10T15:39:04+00:00","breadcrumb":{"@id":"https:\/\/nauti-parts.com\/es\/shop\/hinchables\/playa-del-yate\/plataforma-yachtbeach-3m-x-16m\/#breadcrumb"},"inLanguage":"es","potentialAction":[{"@type":"ReadAction","target":["https:\/\/nauti-parts.com\/es\/shop\/hinchables\/playa-del-yate\/plataforma-yachtbeach-3m-x-16m\/"]}]},{"@type":"ImageObject","inLanguage":"es","@id":"https:\/\/nauti-parts.com\/es\/shop\/hinchables\/playa-del-yate\/plataforma-yachtbeach-3m-x-16m\/#primaryimage","url":"https:\/\/nauti-parts.com\/wp-content\/uploads\/2023\/03\/w1971004_yb_3.0_diamond.png","contentUrl":"https:\/\/nauti-parts.com\/wp-content\/uploads\/2023\/03\/w1971004_yb_3.0_diamond.png","width":1920,"height":1080},{"@type":"BreadcrumbList","@id":"https:\/\/nauti-parts.com\/es\/shop\/hinchables\/playa-del-yate\/plataforma-yachtbeach-3m-x-16m\/#breadcrumb","itemListElement":[{"@type":"ListItem","position":1,"name":"Tienda","item":"https:\/\/nauti-parts.com\/es\/tienda\/"},{"@type":"ListItem","position":2,"name":"Plataforma YachtBeach 3m x 1,6m"}]},{"@type":"WebSite","@id":"https:\/\/nauti-parts.com\/es\/#website","url":"https:\/\/nauti-parts.com\/es\/","name":"Nauti Parts","description":"Sea-Doo Jet Ski - Seabob Dealer and Rentals | Water Toys Mallorca","publisher":{"@id":"https:\/\/nauti-parts.com\/es\/#organization"},"potentialAction":[{"@type":"SearchAction","target":{"@type":"EntryPoint","urlTemplate":"https:\/\/nauti-parts.com\/es\/?s={search_term_string}"},"query-input":{"@type":"PropertyValueSpecification","valueRequired":true,"valueName":"search_term_string"}}],"inLanguage":"es"},{"@type":"Organization","@id":"https:\/\/nauti-parts.com\/es\/#organization","name":"Piezas Nauti","url":"https:\/\/nauti-parts.com\/es\/","logo":{"@type":"ImageObject","inLanguage":"es","@id":"https:\/\/nauti-parts.com\/es\/#\/schema\/logo\/image\/","url":"https:\/\/nauti-parts.com\/wp-content\/uploads\/2023\/10\/np-logo-black.png","contentUrl":"https:\/\/nauti-parts.com\/wp-content\/uploads\/2023\/10\/np-logo-black.png","width":253,"height":100,"caption":"Piezas Nauti"},"image":{"@id":"https:\/\/nauti-parts.com\/es\/#\/schema\/logo\/image\/"},"sameAs":["https:\/\/www.facebook.com\/nautipartsspain\/","https:\/\/www.instagram.com\/nautiparts\/"]}]}},"_links":{"self":[{"href":"https:\/\/nauti-parts.com\/es\/wp-json\/wp\/v2\/product\/22783","targetHints":{"allow":["GET"]}}],"collection":[{"href":"https:\/\/nauti-parts.com\/es\/wp-json\/wp\/v2\/product"}],"about":[{"href":"https:\/\/nauti-parts.com\/es\/wp-json\/wp\/v2\/types\/product"}],"replies":[{"embeddable":true,"href":"https:\/\/nauti-parts.com\/es\/wp-json\/wp\/v2\/comments?post=22783"}],"wp:featuredmedia":[{"embeddable":true,"href":"https:\/\/nauti-parts.com\/es\/wp-json\/wp\/v2\/media\/16766"}],"wp:attachment":[{"href":"https:\/\/nauti-parts.com\/es\/wp-json\/wp\/v2\/media?parent=22783"}],"wp:term":[{"taxonomy":"product_brand","embeddable":true,"href":"https:\/\/nauti-parts.com\/es\/wp-json\/wp\/v2\/product_brand?post=22783"},{"taxonomy":"product_cat","embeddable":true,"href":"https:\/\/nauti-parts.com\/es\/wp-json\/wp\/v2\/product_cat?post=22783"},{"taxonomy":"product_tag","embeddable":true,"href":"https:\/\/nauti-parts.com\/es\/wp-json\/wp\/v2\/product_tag?post=22783"}],"curies":[{"name":"wp","href":"https:\/\/api.w.org\/{rel}","templated":true}]}}