{"id":22689,"date":"2024-03-01T11:34:24","date_gmt":"2024-03-01T11:34:24","guid":{"rendered":"https:\/\/nauti-parts.com\/shop\/sin categor\u00eda\/paquete-duna-11-6-adventure-sup\/"},"modified":"2024-03-01T11:34:24","modified_gmt":"2024-03-01T11:34:24","slug":"paquete-duna-11-6-adventure-sup","status":"publish","type":"product","link":"https:\/\/nauti-parts.com\/es\/shop\/tablas-y-esquis\/sup\/paquete-duna-11-6-adventure-sup\/","title":{"rendered":"Paquete Duna 11.6 Adventure SUP"},"content":{"rendered":"<p>Si\u00e9ntete como Col\u00f3n y explora y descubre lo que nuestro hermoso planeta tiene que ofrecer. Gracias a las hebillas de conexi\u00f3n, puedes llevar f\u00e1cilmente 2 bolsas contigo y llevar todo tu equipo en tu pr\u00f3xima expedici\u00f3n. La Adventure Duna est\u00e1 provista del uso de tecnolog\u00edas de primera categor\u00eda, como la Heat Bonded Technology para una mayor calidad y seguridad de las capas y la costura X-drop para una rigidez m\u00e1xima. \u00a1Con este paquete est\u00e1s listo para salir! Viene con la tabla de SUP Aero Adventure Duna 11.6, un remo ajustable de fibra de vidrio de 3 piezas, 1 mochila grande impermeable con hebillas para conectar la mochila a la tabla y 1 bolsa seca peque\u00f1a con correas para los hombros y hebillas para conectarla a la tabla.    <\/p>\n<ul>\n<li><a href=\"https:\/\/www.jobesports.com\/en\/happycustomers\/\" target=\"_blank\" rel=\"noopener\">3 a\u00f1os de garant\u00eda tras el registro<\/a><\/li>\n<li><a href=\"https:\/\/www.jobesports.com\/en\/newsflash\/heat-bonded-technology-warm-sup-2678\/\" target=\"_blank\" rel=\"noopener\">Tecnolog\u00eda de uni\u00f3n por calor: m\u00e1s calidad de capa y seguridad<\/a><\/li>\n<li>Patr\u00f3n de espuma EVA antideslizante, permite practicar SUP c\u00f3modamente durante mucho tiempo<\/li>\n<li>Construcci\u00f3n ligera con pespunte en X<\/li>\n<li>Larguero en la parte superior e inferior para una mayor rigidez<\/li>\n<li>Red el\u00e1stica de almacenamiento<\/li>\n<li>Asa de neopreno f\u00e1cil de transportar con soporte para pala<\/li>\n<li>V\u00e1lvula Halkey Roberts<\/li>\n<li>2 aletas centrales debajo de la posici\u00f3n de pie para mayor agarre y tracci\u00f3n<\/li>\n<li>Aleta 8&#8243; EZ lock<\/li>\n<li>Red el\u00e1stica de almacenamiento con hebillas<\/li>\n<li>Anilla en D en la punta y la cola<\/li>\n<li>Balanc\u00edn de la nariz: 9&#8243;, Balanc\u00edn de la cola: 0&#8243;.<\/li>\n<li>Peso recomendado del jinete: Hasta 150 kg | 330 lbs<\/li>\n<li>Peso de la tabla: 10,2kg | 22,5lbs<\/li>\n<li>Peso del paquete: 15,2kg | 33,5lbs<\/li>\n<li>Dimensiones: 350 x 78,8 x 15 cm | 350 x 78,8 x 15 cm<\/li>\n<li>Volumen: 324 l<\/li>\n<li>El paquete contiene: Tabla de SUP Aero Adventure Duna 11.6, remo ajustable de fibra de vidrio de 3 piezas, 1 mochila impermeable grande con hebillas para conectar la mochila a la tabla, 1 bolsa seca peque\u00f1a con correas para los hombros y hebillas para conectarla a la tabla, doble<\/li>\n<li>\n<\/li>\n<\/ul>\n","protected":false},"excerpt":{"rendered":"<p>Hemos subido el list\u00f3n en el mundo del stand up paddle con nuestra nueva tabla de stand up paddle hinchable Adventure Duna 11.6. \u00bfEst\u00e1s preparado para una nueva aventura? <\/p>\n","protected":false},"featured_media":20040,"comment_status":"open","ping_status":"closed","template":"","meta":{"_acf_changed":false},"product_brand":[],"product_cat":[213,212],"product_tag":[369,368],"class_list":{"0":"post-22689","1":"product","2":"type-product","3":"status-publish","4":"has-post-thumbnail","6":"product_cat-sup","7":"product_cat-tablas-y-esquis","8":"product_tag-sup","9":"product_tag-tabla-de-stand-up-paddle","10":"repupress_customize_woocommerce_productom_class","12":"first","13":"instock","14":"taxable","15":"shipping-taxable","16":"purchasable","17":"product-type-variable"},"acf":[],"yoast_head":"<!-- This site is optimized with the Yoast SEO plugin v27.2 - https:\/\/yoast.com\/product\/yoast-seo-wordpress\/ -->\n<title>Paquete Duna 11.6 Adventure SUP | Nauti Parts<\/title>\n<meta name=\"robots\" content=\"index, follow, max-snippet:-1, max-image-preview:large, max-video-preview:-1\" \/>\n<link rel=\"canonical\" href=\"https:\/\/nauti-parts.com\/es\/shop\/tablas-y-esquis\/sup\/paquete-duna-11-6-adventure-sup\/\" \/>\n<meta property=\"og:locale\" content=\"es_ES\" \/>\n<meta property=\"og:type\" content=\"article\" \/>\n<meta property=\"og:title\" content=\"Paquete Duna 11.6 Adventure SUP | Nauti Parts\" \/>\n<meta property=\"og:description\" content=\"Hemos subido el list\u00f3n en el mundo del stand up paddle con nuestra nueva tabla de stand up paddle hinchable Adventure Duna 11.6. \u00bfEst\u00e1s preparado para una nueva aventura?\" \/>\n<meta property=\"og:url\" content=\"https:\/\/nauti-parts.com\/es\/shop\/tablas-y-esquis\/sup\/paquete-duna-11-6-adventure-sup\/\" \/>\n<meta property=\"og:site_name\" content=\"Nauti Parts\" \/>\n<meta property=\"article:publisher\" content=\"https:\/\/www.facebook.com\/nautipartsspain\/\" \/>\n<meta property=\"og:image\" content=\"https:\/\/nauti-parts.com\/wp-content\/uploads\/2025\/10\/duna-purple-1.jpg\" \/>\n\t<meta property=\"og:image:width\" content=\"1500\" \/>\n\t<meta property=\"og:image:height\" content=\"1500\" \/>\n\t<meta property=\"og:image:type\" content=\"image\/jpeg\" \/>\n<meta name=\"twitter:card\" content=\"summary_large_image\" \/>\n<meta name=\"twitter:label1\" content=\"Tiempo de lectura\" \/>\n\t<meta name=\"twitter:data1\" content=\"2 minutos\" \/>\n<script type=\"application\/ld+json\" class=\"yoast-schema-graph\">{\"@context\":\"https:\/\/schema.org\",\"@graph\":[{\"@type\":\"WebPage\",\"@id\":\"https:\/\/nauti-parts.com\/es\/shop\/tablas-y-esquis\/sup\/paquete-duna-11-6-adventure-sup\/\",\"url\":\"https:\/\/nauti-parts.com\/es\/shop\/tablas-y-esquis\/sup\/paquete-duna-11-6-adventure-sup\/\",\"name\":\"Paquete Duna 11.6 Adventure SUP | Nauti Parts\",\"isPartOf\":{\"@id\":\"https:\/\/nauti-parts.com\/es\/#website\"},\"primaryImageOfPage\":{\"@id\":\"https:\/\/nauti-parts.com\/es\/shop\/tablas-y-esquis\/sup\/paquete-duna-11-6-adventure-sup\/#primaryimage\"},\"image\":{\"@id\":\"https:\/\/nauti-parts.com\/es\/shop\/tablas-y-esquis\/sup\/paquete-duna-11-6-adventure-sup\/#primaryimage\"},\"thumbnailUrl\":\"https:\/\/nauti-parts.com\/wp-content\/uploads\/2025\/10\/duna-purple-1.jpg\",\"datePublished\":\"2024-03-01T11:34:24+00:00\",\"breadcrumb\":{\"@id\":\"https:\/\/nauti-parts.com\/es\/shop\/tablas-y-esquis\/sup\/paquete-duna-11-6-adventure-sup\/#breadcrumb\"},\"inLanguage\":\"es\",\"potentialAction\":[{\"@type\":\"ReadAction\",\"target\":[\"https:\/\/nauti-parts.com\/es\/shop\/tablas-y-esquis\/sup\/paquete-duna-11-6-adventure-sup\/\"]}]},{\"@type\":\"ImageObject\",\"inLanguage\":\"es\",\"@id\":\"https:\/\/nauti-parts.com\/es\/shop\/tablas-y-esquis\/sup\/paquete-duna-11-6-adventure-sup\/#primaryimage\",\"url\":\"https:\/\/nauti-parts.com\/wp-content\/uploads\/2025\/10\/duna-purple-1.jpg\",\"contentUrl\":\"https:\/\/nauti-parts.com\/wp-content\/uploads\/2025\/10\/duna-purple-1.jpg\",\"width\":1500,\"height\":1500},{\"@type\":\"BreadcrumbList\",\"@id\":\"https:\/\/nauti-parts.com\/es\/shop\/tablas-y-esquis\/sup\/paquete-duna-11-6-adventure-sup\/#breadcrumb\",\"itemListElement\":[{\"@type\":\"ListItem\",\"position\":1,\"name\":\"Tienda\",\"item\":\"https:\/\/nauti-parts.com\/es\/tienda\/\"},{\"@type\":\"ListItem\",\"position\":2,\"name\":\"Paquete Duna 11.6 Adventure SUP\"}]},{\"@type\":\"WebSite\",\"@id\":\"https:\/\/nauti-parts.com\/es\/#website\",\"url\":\"https:\/\/nauti-parts.com\/es\/\",\"name\":\"Nauti Parts\",\"description\":\"Sea-Doo Jet Ski - Seabob Dealer and Rentals | Water Toys Mallorca\",\"publisher\":{\"@id\":\"https:\/\/nauti-parts.com\/es\/#organization\"},\"potentialAction\":[{\"@type\":\"SearchAction\",\"target\":{\"@type\":\"EntryPoint\",\"urlTemplate\":\"https:\/\/nauti-parts.com\/es\/?s={search_term_string}\"},\"query-input\":{\"@type\":\"PropertyValueSpecification\",\"valueRequired\":true,\"valueName\":\"search_term_string\"}}],\"inLanguage\":\"es\"},{\"@type\":\"Organization\",\"@id\":\"https:\/\/nauti-parts.com\/es\/#organization\",\"name\":\"Piezas Nauti\",\"url\":\"https:\/\/nauti-parts.com\/es\/\",\"logo\":{\"@type\":\"ImageObject\",\"inLanguage\":\"es\",\"@id\":\"https:\/\/nauti-parts.com\/es\/#\/schema\/logo\/image\/\",\"url\":\"https:\/\/nauti-parts.com\/wp-content\/uploads\/2023\/10\/np-logo-black.png\",\"contentUrl\":\"https:\/\/nauti-parts.com\/wp-content\/uploads\/2023\/10\/np-logo-black.png\",\"width\":253,\"height\":100,\"caption\":\"Piezas Nauti\"},\"image\":{\"@id\":\"https:\/\/nauti-parts.com\/es\/#\/schema\/logo\/image\/\"},\"sameAs\":[\"https:\/\/www.facebook.com\/nautipartsspain\/\",\"https:\/\/www.instagram.com\/nautiparts\/\"]}]}<\/script>\n<!-- \/ Yoast SEO plugin. -->","yoast_head_json":{"title":"Paquete Duna 11.6 Adventure SUP | Nauti Parts","robots":{"index":"index","follow":"follow","max-snippet":"max-snippet:-1","max-image-preview":"max-image-preview:large","max-video-preview":"max-video-preview:-1"},"canonical":"https:\/\/nauti-parts.com\/es\/shop\/tablas-y-esquis\/sup\/paquete-duna-11-6-adventure-sup\/","og_locale":"es_ES","og_type":"article","og_title":"Paquete Duna 11.6 Adventure SUP | Nauti Parts","og_description":"Hemos subido el list\u00f3n en el mundo del stand up paddle con nuestra nueva tabla de stand up paddle hinchable Adventure Duna 11.6. \u00bfEst\u00e1s preparado para una nueva aventura?","og_url":"https:\/\/nauti-parts.com\/es\/shop\/tablas-y-esquis\/sup\/paquete-duna-11-6-adventure-sup\/","og_site_name":"Nauti Parts","article_publisher":"https:\/\/www.facebook.com\/nautipartsspain\/","og_image":[{"width":1500,"height":1500,"url":"https:\/\/nauti-parts.com\/wp-content\/uploads\/2025\/10\/duna-purple-1.jpg","type":"image\/jpeg"}],"twitter_card":"summary_large_image","twitter_misc":{"Tiempo de lectura":"2 minutos"},"schema":{"@context":"https:\/\/schema.org","@graph":[{"@type":"WebPage","@id":"https:\/\/nauti-parts.com\/es\/shop\/tablas-y-esquis\/sup\/paquete-duna-11-6-adventure-sup\/","url":"https:\/\/nauti-parts.com\/es\/shop\/tablas-y-esquis\/sup\/paquete-duna-11-6-adventure-sup\/","name":"Paquete Duna 11.6 Adventure SUP | Nauti Parts","isPartOf":{"@id":"https:\/\/nauti-parts.com\/es\/#website"},"primaryImageOfPage":{"@id":"https:\/\/nauti-parts.com\/es\/shop\/tablas-y-esquis\/sup\/paquete-duna-11-6-adventure-sup\/#primaryimage"},"image":{"@id":"https:\/\/nauti-parts.com\/es\/shop\/tablas-y-esquis\/sup\/paquete-duna-11-6-adventure-sup\/#primaryimage"},"thumbnailUrl":"https:\/\/nauti-parts.com\/wp-content\/uploads\/2025\/10\/duna-purple-1.jpg","datePublished":"2024-03-01T11:34:24+00:00","breadcrumb":{"@id":"https:\/\/nauti-parts.com\/es\/shop\/tablas-y-esquis\/sup\/paquete-duna-11-6-adventure-sup\/#breadcrumb"},"inLanguage":"es","potentialAction":[{"@type":"ReadAction","target":["https:\/\/nauti-parts.com\/es\/shop\/tablas-y-esquis\/sup\/paquete-duna-11-6-adventure-sup\/"]}]},{"@type":"ImageObject","inLanguage":"es","@id":"https:\/\/nauti-parts.com\/es\/shop\/tablas-y-esquis\/sup\/paquete-duna-11-6-adventure-sup\/#primaryimage","url":"https:\/\/nauti-parts.com\/wp-content\/uploads\/2025\/10\/duna-purple-1.jpg","contentUrl":"https:\/\/nauti-parts.com\/wp-content\/uploads\/2025\/10\/duna-purple-1.jpg","width":1500,"height":1500},{"@type":"BreadcrumbList","@id":"https:\/\/nauti-parts.com\/es\/shop\/tablas-y-esquis\/sup\/paquete-duna-11-6-adventure-sup\/#breadcrumb","itemListElement":[{"@type":"ListItem","position":1,"name":"Tienda","item":"https:\/\/nauti-parts.com\/es\/tienda\/"},{"@type":"ListItem","position":2,"name":"Paquete Duna 11.6 Adventure SUP"}]},{"@type":"WebSite","@id":"https:\/\/nauti-parts.com\/es\/#website","url":"https:\/\/nauti-parts.com\/es\/","name":"Nauti Parts","description":"Sea-Doo Jet Ski - Seabob Dealer and Rentals | Water Toys Mallorca","publisher":{"@id":"https:\/\/nauti-parts.com\/es\/#organization"},"potentialAction":[{"@type":"SearchAction","target":{"@type":"EntryPoint","urlTemplate":"https:\/\/nauti-parts.com\/es\/?s={search_term_string}"},"query-input":{"@type":"PropertyValueSpecification","valueRequired":true,"valueName":"search_term_string"}}],"inLanguage":"es"},{"@type":"Organization","@id":"https:\/\/nauti-parts.com\/es\/#organization","name":"Piezas Nauti","url":"https:\/\/nauti-parts.com\/es\/","logo":{"@type":"ImageObject","inLanguage":"es","@id":"https:\/\/nauti-parts.com\/es\/#\/schema\/logo\/image\/","url":"https:\/\/nauti-parts.com\/wp-content\/uploads\/2023\/10\/np-logo-black.png","contentUrl":"https:\/\/nauti-parts.com\/wp-content\/uploads\/2023\/10\/np-logo-black.png","width":253,"height":100,"caption":"Piezas Nauti"},"image":{"@id":"https:\/\/nauti-parts.com\/es\/#\/schema\/logo\/image\/"},"sameAs":["https:\/\/www.facebook.com\/nautipartsspain\/","https:\/\/www.instagram.com\/nautiparts\/"]}]}},"_links":{"self":[{"href":"https:\/\/nauti-parts.com\/es\/wp-json\/wp\/v2\/product\/22689","targetHints":{"allow":["GET"]}}],"collection":[{"href":"https:\/\/nauti-parts.com\/es\/wp-json\/wp\/v2\/product"}],"about":[{"href":"https:\/\/nauti-parts.com\/es\/wp-json\/wp\/v2\/types\/product"}],"replies":[{"embeddable":true,"href":"https:\/\/nauti-parts.com\/es\/wp-json\/wp\/v2\/comments?post=22689"}],"wp:featuredmedia":[{"embeddable":true,"href":"https:\/\/nauti-parts.com\/es\/wp-json\/wp\/v2\/media\/20040"}],"wp:attachment":[{"href":"https:\/\/nauti-parts.com\/es\/wp-json\/wp\/v2\/media?parent=22689"}],"wp:term":[{"taxonomy":"product_brand","embeddable":true,"href":"https:\/\/nauti-parts.com\/es\/wp-json\/wp\/v2\/product_brand?post=22689"},{"taxonomy":"product_cat","embeddable":true,"href":"https:\/\/nauti-parts.com\/es\/wp-json\/wp\/v2\/product_cat?post=22689"},{"taxonomy":"product_tag","embeddable":true,"href":"https:\/\/nauti-parts.com\/es\/wp-json\/wp\/v2\/product_tag?post=22689"}],"curies":[{"name":"wp","href":"https:\/\/api.w.org\/{rel}","templated":true}]}}