{"id":22611,"date":"2017-04-19T12:48:04","date_gmt":"2017-04-19T12:48:04","guid":{"rendered":"https:\/\/nauti-parts.com\/shop\/sin categor\u00eda\/esqui-de-eslalon-baron\/"},"modified":"2017-04-19T12:48:04","modified_gmt":"2017-04-19T12:48:04","slug":"esqui-de-eslalon-baron","status":"publish","type":"product","link":"https:\/\/nauti-parts.com\/es\/shop\/tablas-y-esquis\/esquis-de-eslalon\/esqui-de-eslalon-baron\/","title":{"rendered":"Esqu\u00ed de eslalon Baron"},"content":{"rendered":"<ul>\n<li>Balanc\u00edn de 3 etapas<\/li>\n<li>C\u00f3ncavo de borde a borde<\/li>\n<li>Colocaci\u00f3n de fibra de vidrio<\/li>\n<li>N\u00facleo de PU<\/li>\n<li>Aleta est\u00e1ndar<\/li>\n<li>Moldeado de fibra de vidrio de alta presi\u00f3n.<\/li>\n<\/ul>\n","protected":false},"excerpt":{"rendered":"<p>Utilizando un c\u00f3ncavo de canto a canto, este esqu\u00ed de eslalon tradicional genera una verdadera capacidad de retenci\u00f3n del canto sin reducir el control gracias a un rocker de tres etapas. El Baron est\u00e1 dise\u00f1ado para el carving y el esqu\u00ed de eslalon de nivel intermedio. Con una cola ligeramente m\u00e1s estrecha, la parte trasera del esqu\u00ed se asienta m\u00e1s profundamente en el agua, lo que permite que el esqu\u00ed inicie los giros con mayor facilidad.  <\/p>\n","protected":false},"featured_media":19571,"comment_status":"open","ping_status":"closed","template":"","meta":{"_acf_changed":false},"product_brand":[],"product_cat":[367,212],"product_tag":[],"class_list":{"0":"post-22611","1":"product","2":"type-product","3":"status-publish","4":"has-post-thumbnail","6":"product_cat-esquis-de-eslalon","7":"product_cat-tablas-y-esquis","8":"repupress_customize_woocommerce_productom_class","10":"first","11":"instock","12":"taxable","13":"shipping-taxable","14":"purchasable","15":"product-type-simple"},"acf":[],"yoast_head":"<!-- This site is optimized with the Yoast SEO plugin v27.2 - https:\/\/yoast.com\/product\/yoast-seo-wordpress\/ -->\n<title>Esqu\u00ed de eslalon Baron | Nauti Parts<\/title>\n<meta name=\"robots\" content=\"index, follow, max-snippet:-1, max-image-preview:large, max-video-preview:-1\" \/>\n<link rel=\"canonical\" href=\"https:\/\/nauti-parts.com\/es\/shop\/tablas-y-esquis\/esquis-de-eslalon\/esqui-de-eslalon-baron\/\" \/>\n<meta property=\"og:locale\" content=\"es_ES\" \/>\n<meta property=\"og:type\" content=\"article\" \/>\n<meta property=\"og:title\" content=\"Esqu\u00ed de eslalon Baron | Nauti Parts\" \/>\n<meta property=\"og:description\" content=\"Utilizando un c\u00f3ncavo de canto a canto, este esqu\u00ed de eslalon tradicional genera una verdadera capacidad de retenci\u00f3n del canto sin reducir el control gracias a un rocker de tres etapas. El Baron est\u00e1 dise\u00f1ado para el carving y el esqu\u00ed de eslalon de nivel intermedio. Con una cola ligeramente m\u00e1s estrecha, la parte trasera del esqu\u00ed se asienta m\u00e1s profundamente en el agua, lo que permite que el esqu\u00ed inicie los giros con mayor facilidad.\" \/>\n<meta property=\"og:url\" content=\"https:\/\/nauti-parts.com\/es\/shop\/tablas-y-esquis\/esquis-de-eslalon\/esqui-de-eslalon-baron\/\" \/>\n<meta property=\"og:site_name\" content=\"Nauti Parts\" \/>\n<meta property=\"article:publisher\" content=\"https:\/\/www.facebook.com\/nautipartsspain\/\" \/>\n<meta property=\"og:image\" content=\"https:\/\/nauti-parts.com\/wp-content\/uploads\/2017\/04\/baron-slalom.jpg\" \/>\n\t<meta property=\"og:image:width\" content=\"1500\" \/>\n\t<meta property=\"og:image:height\" content=\"1500\" \/>\n\t<meta property=\"og:image:type\" content=\"image\/jpeg\" \/>\n<meta name=\"twitter:card\" content=\"summary_large_image\" \/>\n<script type=\"application\/ld+json\" class=\"yoast-schema-graph\">{\"@context\":\"https:\/\/schema.org\",\"@graph\":[{\"@type\":\"WebPage\",\"@id\":\"https:\/\/nauti-parts.com\/es\/shop\/tablas-y-esquis\/esquis-de-eslalon\/esqui-de-eslalon-baron\/\",\"url\":\"https:\/\/nauti-parts.com\/es\/shop\/tablas-y-esquis\/esquis-de-eslalon\/esqui-de-eslalon-baron\/\",\"name\":\"Esqu\u00ed de eslalon Baron | Nauti Parts\",\"isPartOf\":{\"@id\":\"https:\/\/nauti-parts.com\/es\/#website\"},\"primaryImageOfPage\":{\"@id\":\"https:\/\/nauti-parts.com\/es\/shop\/tablas-y-esquis\/esquis-de-eslalon\/esqui-de-eslalon-baron\/#primaryimage\"},\"image\":{\"@id\":\"https:\/\/nauti-parts.com\/es\/shop\/tablas-y-esquis\/esquis-de-eslalon\/esqui-de-eslalon-baron\/#primaryimage\"},\"thumbnailUrl\":\"https:\/\/nauti-parts.com\/wp-content\/uploads\/2017\/04\/baron-slalom.jpg\",\"datePublished\":\"2017-04-19T12:48:04+00:00\",\"breadcrumb\":{\"@id\":\"https:\/\/nauti-parts.com\/es\/shop\/tablas-y-esquis\/esquis-de-eslalon\/esqui-de-eslalon-baron\/#breadcrumb\"},\"inLanguage\":\"es\",\"potentialAction\":[{\"@type\":\"ReadAction\",\"target\":[\"https:\/\/nauti-parts.com\/es\/shop\/tablas-y-esquis\/esquis-de-eslalon\/esqui-de-eslalon-baron\/\"]}]},{\"@type\":\"ImageObject\",\"inLanguage\":\"es\",\"@id\":\"https:\/\/nauti-parts.com\/es\/shop\/tablas-y-esquis\/esquis-de-eslalon\/esqui-de-eslalon-baron\/#primaryimage\",\"url\":\"https:\/\/nauti-parts.com\/wp-content\/uploads\/2017\/04\/baron-slalom.jpg\",\"contentUrl\":\"https:\/\/nauti-parts.com\/wp-content\/uploads\/2017\/04\/baron-slalom.jpg\",\"width\":1500,\"height\":1500},{\"@type\":\"BreadcrumbList\",\"@id\":\"https:\/\/nauti-parts.com\/es\/shop\/tablas-y-esquis\/esquis-de-eslalon\/esqui-de-eslalon-baron\/#breadcrumb\",\"itemListElement\":[{\"@type\":\"ListItem\",\"position\":1,\"name\":\"Tienda\",\"item\":\"https:\/\/nauti-parts.com\/es\/tienda\/\"},{\"@type\":\"ListItem\",\"position\":2,\"name\":\"Esqu\u00ed de eslalon Baron\"}]},{\"@type\":\"WebSite\",\"@id\":\"https:\/\/nauti-parts.com\/es\/#website\",\"url\":\"https:\/\/nauti-parts.com\/es\/\",\"name\":\"Nauti Parts\",\"description\":\"Sea-Doo Jet Ski - Seabob Dealer and Rentals | Water Toys Mallorca\",\"publisher\":{\"@id\":\"https:\/\/nauti-parts.com\/es\/#organization\"},\"potentialAction\":[{\"@type\":\"SearchAction\",\"target\":{\"@type\":\"EntryPoint\",\"urlTemplate\":\"https:\/\/nauti-parts.com\/es\/?s={search_term_string}\"},\"query-input\":{\"@type\":\"PropertyValueSpecification\",\"valueRequired\":true,\"valueName\":\"search_term_string\"}}],\"inLanguage\":\"es\"},{\"@type\":\"Organization\",\"@id\":\"https:\/\/nauti-parts.com\/es\/#organization\",\"name\":\"Piezas Nauti\",\"url\":\"https:\/\/nauti-parts.com\/es\/\",\"logo\":{\"@type\":\"ImageObject\",\"inLanguage\":\"es\",\"@id\":\"https:\/\/nauti-parts.com\/es\/#\/schema\/logo\/image\/\",\"url\":\"https:\/\/nauti-parts.com\/wp-content\/uploads\/2023\/10\/np-logo-black.png\",\"contentUrl\":\"https:\/\/nauti-parts.com\/wp-content\/uploads\/2023\/10\/np-logo-black.png\",\"width\":253,\"height\":100,\"caption\":\"Piezas Nauti\"},\"image\":{\"@id\":\"https:\/\/nauti-parts.com\/es\/#\/schema\/logo\/image\/\"},\"sameAs\":[\"https:\/\/www.facebook.com\/nautipartsspain\/\",\"https:\/\/www.instagram.com\/nautiparts\/\"]}]}<\/script>\n<!-- \/ Yoast SEO plugin. -->","yoast_head_json":{"title":"Esqu\u00ed de eslalon Baron | Nauti Parts","robots":{"index":"index","follow":"follow","max-snippet":"max-snippet:-1","max-image-preview":"max-image-preview:large","max-video-preview":"max-video-preview:-1"},"canonical":"https:\/\/nauti-parts.com\/es\/shop\/tablas-y-esquis\/esquis-de-eslalon\/esqui-de-eslalon-baron\/","og_locale":"es_ES","og_type":"article","og_title":"Esqu\u00ed de eslalon Baron | Nauti Parts","og_description":"Utilizando un c\u00f3ncavo de canto a canto, este esqu\u00ed de eslalon tradicional genera una verdadera capacidad de retenci\u00f3n del canto sin reducir el control gracias a un rocker de tres etapas. El Baron est\u00e1 dise\u00f1ado para el carving y el esqu\u00ed de eslalon de nivel intermedio. Con una cola ligeramente m\u00e1s estrecha, la parte trasera del esqu\u00ed se asienta m\u00e1s profundamente en el agua, lo que permite que el esqu\u00ed inicie los giros con mayor facilidad.","og_url":"https:\/\/nauti-parts.com\/es\/shop\/tablas-y-esquis\/esquis-de-eslalon\/esqui-de-eslalon-baron\/","og_site_name":"Nauti Parts","article_publisher":"https:\/\/www.facebook.com\/nautipartsspain\/","og_image":[{"width":1500,"height":1500,"url":"https:\/\/nauti-parts.com\/wp-content\/uploads\/2017\/04\/baron-slalom.jpg","type":"image\/jpeg"}],"twitter_card":"summary_large_image","schema":{"@context":"https:\/\/schema.org","@graph":[{"@type":"WebPage","@id":"https:\/\/nauti-parts.com\/es\/shop\/tablas-y-esquis\/esquis-de-eslalon\/esqui-de-eslalon-baron\/","url":"https:\/\/nauti-parts.com\/es\/shop\/tablas-y-esquis\/esquis-de-eslalon\/esqui-de-eslalon-baron\/","name":"Esqu\u00ed de eslalon Baron | Nauti Parts","isPartOf":{"@id":"https:\/\/nauti-parts.com\/es\/#website"},"primaryImageOfPage":{"@id":"https:\/\/nauti-parts.com\/es\/shop\/tablas-y-esquis\/esquis-de-eslalon\/esqui-de-eslalon-baron\/#primaryimage"},"image":{"@id":"https:\/\/nauti-parts.com\/es\/shop\/tablas-y-esquis\/esquis-de-eslalon\/esqui-de-eslalon-baron\/#primaryimage"},"thumbnailUrl":"https:\/\/nauti-parts.com\/wp-content\/uploads\/2017\/04\/baron-slalom.jpg","datePublished":"2017-04-19T12:48:04+00:00","breadcrumb":{"@id":"https:\/\/nauti-parts.com\/es\/shop\/tablas-y-esquis\/esquis-de-eslalon\/esqui-de-eslalon-baron\/#breadcrumb"},"inLanguage":"es","potentialAction":[{"@type":"ReadAction","target":["https:\/\/nauti-parts.com\/es\/shop\/tablas-y-esquis\/esquis-de-eslalon\/esqui-de-eslalon-baron\/"]}]},{"@type":"ImageObject","inLanguage":"es","@id":"https:\/\/nauti-parts.com\/es\/shop\/tablas-y-esquis\/esquis-de-eslalon\/esqui-de-eslalon-baron\/#primaryimage","url":"https:\/\/nauti-parts.com\/wp-content\/uploads\/2017\/04\/baron-slalom.jpg","contentUrl":"https:\/\/nauti-parts.com\/wp-content\/uploads\/2017\/04\/baron-slalom.jpg","width":1500,"height":1500},{"@type":"BreadcrumbList","@id":"https:\/\/nauti-parts.com\/es\/shop\/tablas-y-esquis\/esquis-de-eslalon\/esqui-de-eslalon-baron\/#breadcrumb","itemListElement":[{"@type":"ListItem","position":1,"name":"Tienda","item":"https:\/\/nauti-parts.com\/es\/tienda\/"},{"@type":"ListItem","position":2,"name":"Esqu\u00ed de eslalon Baron"}]},{"@type":"WebSite","@id":"https:\/\/nauti-parts.com\/es\/#website","url":"https:\/\/nauti-parts.com\/es\/","name":"Nauti Parts","description":"Sea-Doo Jet Ski - Seabob Dealer and Rentals | Water Toys Mallorca","publisher":{"@id":"https:\/\/nauti-parts.com\/es\/#organization"},"potentialAction":[{"@type":"SearchAction","target":{"@type":"EntryPoint","urlTemplate":"https:\/\/nauti-parts.com\/es\/?s={search_term_string}"},"query-input":{"@type":"PropertyValueSpecification","valueRequired":true,"valueName":"search_term_string"}}],"inLanguage":"es"},{"@type":"Organization","@id":"https:\/\/nauti-parts.com\/es\/#organization","name":"Piezas Nauti","url":"https:\/\/nauti-parts.com\/es\/","logo":{"@type":"ImageObject","inLanguage":"es","@id":"https:\/\/nauti-parts.com\/es\/#\/schema\/logo\/image\/","url":"https:\/\/nauti-parts.com\/wp-content\/uploads\/2023\/10\/np-logo-black.png","contentUrl":"https:\/\/nauti-parts.com\/wp-content\/uploads\/2023\/10\/np-logo-black.png","width":253,"height":100,"caption":"Piezas Nauti"},"image":{"@id":"https:\/\/nauti-parts.com\/es\/#\/schema\/logo\/image\/"},"sameAs":["https:\/\/www.facebook.com\/nautipartsspain\/","https:\/\/www.instagram.com\/nautiparts\/"]}]}},"_links":{"self":[{"href":"https:\/\/nauti-parts.com\/es\/wp-json\/wp\/v2\/product\/22611","targetHints":{"allow":["GET"]}}],"collection":[{"href":"https:\/\/nauti-parts.com\/es\/wp-json\/wp\/v2\/product"}],"about":[{"href":"https:\/\/nauti-parts.com\/es\/wp-json\/wp\/v2\/types\/product"}],"replies":[{"embeddable":true,"href":"https:\/\/nauti-parts.com\/es\/wp-json\/wp\/v2\/comments?post=22611"}],"wp:featuredmedia":[{"embeddable":true,"href":"https:\/\/nauti-parts.com\/es\/wp-json\/wp\/v2\/media\/19571"}],"wp:attachment":[{"href":"https:\/\/nauti-parts.com\/es\/wp-json\/wp\/v2\/media?parent=22611"}],"wp:term":[{"taxonomy":"product_brand","embeddable":true,"href":"https:\/\/nauti-parts.com\/es\/wp-json\/wp\/v2\/product_brand?post=22611"},{"taxonomy":"product_cat","embeddable":true,"href":"https:\/\/nauti-parts.com\/es\/wp-json\/wp\/v2\/product_cat?post=22611"},{"taxonomy":"product_tag","embeddable":true,"href":"https:\/\/nauti-parts.com\/es\/wp-json\/wp\/v2\/product_tag?post=22611"}],"curies":[{"name":"wp","href":"https:\/\/api.w.org\/{rel}","templated":true}]}}