{"id":22565,"date":"2017-04-19T13:10:18","date_gmt":"2017-04-19T13:10:18","guid":{"rendered":"https:\/\/nauti-parts.com\/shop\/sin categor\u00eda\/cadete-45\/"},"modified":"2017-04-19T13:10:18","modified_gmt":"2017-04-19T13:10:18","slug":"cadete-45","status":"publish","type":"product","link":"https:\/\/nauti-parts.com\/es\/shop\/tablas-y-esquis\/esquis-combo\/cadete-45\/","title":{"rendered":"Cadete 45"},"content":{"rendered":"<p>La cuerda Cadet de dos asas permite a un adulto controlar con seguridad la tracci\u00f3n desde la embarcaci\u00f3n, as\u00ed como soltar el asa en caso de ca\u00edda. El lado del esquiador de la cuerda est\u00e1 directamente conectado a los esqu\u00eds, donde el ni\u00f1o y los esqu\u00eds comparten cada uno una parte de la carga. <\/p>\n","protected":false},"excerpt":{"rendered":"<p>Las zapatillas Cadet est\u00e1n dise\u00f1adas para que los ni\u00f1os aprendan a esquiar de forma f\u00e1cil y segura. Las fijaciones ajustables con deslizamiento de tal\u00f3n de tama\u00f1o infantil se adaptan adecuadamente a los pies m\u00e1s peque\u00f1os. Un sistema de barra estabilizadora desmontable mantiene la parte delantera y trasera de los esqu\u00eds a la distancia adecuada. Todo est\u00e1 preparado para una experiencia de aprendizaje satisfactoria.   <\/p>\n","protected":false},"featured_media":1316,"comment_status":"open","ping_status":"closed","template":"","meta":{"_acf_changed":false},"product_brand":[],"product_cat":[355,212],"product_tag":[],"class_list":{"0":"post-22565","1":"product","2":"type-product","3":"status-publish","4":"has-post-thumbnail","6":"product_cat-esquis-combo","7":"product_cat-tablas-y-esquis","8":"repupress_customize_woocommerce_productom_class","10":"first","11":"instock","12":"taxable","13":"shipping-taxable","14":"purchasable","15":"product-type-simple"},"acf":[],"yoast_head":"<!-- This site is optimized with the Yoast SEO plugin v27.2 - https:\/\/yoast.com\/product\/yoast-seo-wordpress\/ -->\n<title>Cadete 45 | Nauti Parts<\/title>\n<meta name=\"robots\" content=\"index, follow, max-snippet:-1, max-image-preview:large, max-video-preview:-1\" \/>\n<link rel=\"canonical\" href=\"https:\/\/nauti-parts.com\/es\/shop\/tablas-y-esquis\/esquis-combo\/cadete-45\/\" \/>\n<meta property=\"og:locale\" content=\"es_ES\" \/>\n<meta property=\"og:type\" content=\"article\" \/>\n<meta property=\"og:title\" content=\"Cadete 45 | Nauti Parts\" \/>\n<meta property=\"og:description\" content=\"Las zapatillas Cadet est\u00e1n dise\u00f1adas para que los ni\u00f1os aprendan a esquiar de forma f\u00e1cil y segura. Las fijaciones ajustables con deslizamiento de tal\u00f3n de tama\u00f1o infantil se adaptan adecuadamente a los pies m\u00e1s peque\u00f1os. Un sistema de barra estabilizadora desmontable mantiene la parte delantera y trasera de los esqu\u00eds a la distancia adecuada. Todo est\u00e1 preparado para una experiencia de aprendizaje satisfactoria.\" \/>\n<meta property=\"og:url\" content=\"https:\/\/nauti-parts.com\/es\/shop\/tablas-y-esquis\/esquis-combo\/cadete-45\/\" \/>\n<meta property=\"og:site_name\" content=\"Nauti Parts\" \/>\n<meta property=\"article:publisher\" content=\"https:\/\/www.facebook.com\/nautipartsspain\/\" \/>\n<meta property=\"og:image\" content=\"https:\/\/nauti-parts.com\/wp-content\/uploads\/2017\/04\/2017-Cadet-pair.jpg\" \/>\n\t<meta property=\"og:image:width\" content=\"512\" \/>\n\t<meta property=\"og:image:height\" content=\"1024\" \/>\n\t<meta property=\"og:image:type\" content=\"image\/jpeg\" \/>\n<meta name=\"twitter:card\" content=\"summary_large_image\" \/>\n<script type=\"application\/ld+json\" class=\"yoast-schema-graph\">{\"@context\":\"https:\/\/schema.org\",\"@graph\":[{\"@type\":\"WebPage\",\"@id\":\"https:\/\/nauti-parts.com\/es\/shop\/tablas-y-esquis\/esquis-combo\/cadete-45\/\",\"url\":\"https:\/\/nauti-parts.com\/es\/shop\/tablas-y-esquis\/esquis-combo\/cadete-45\/\",\"name\":\"Cadete 45 | Nauti Parts\",\"isPartOf\":{\"@id\":\"https:\/\/nauti-parts.com\/es\/#website\"},\"primaryImageOfPage\":{\"@id\":\"https:\/\/nauti-parts.com\/es\/shop\/tablas-y-esquis\/esquis-combo\/cadete-45\/#primaryimage\"},\"image\":{\"@id\":\"https:\/\/nauti-parts.com\/es\/shop\/tablas-y-esquis\/esquis-combo\/cadete-45\/#primaryimage\"},\"thumbnailUrl\":\"https:\/\/nauti-parts.com\/wp-content\/uploads\/2017\/04\/2017-Cadet-pair.jpg\",\"datePublished\":\"2017-04-19T13:10:18+00:00\",\"breadcrumb\":{\"@id\":\"https:\/\/nauti-parts.com\/es\/shop\/tablas-y-esquis\/esquis-combo\/cadete-45\/#breadcrumb\"},\"inLanguage\":\"es\",\"potentialAction\":[{\"@type\":\"ReadAction\",\"target\":[\"https:\/\/nauti-parts.com\/es\/shop\/tablas-y-esquis\/esquis-combo\/cadete-45\/\"]}]},{\"@type\":\"ImageObject\",\"inLanguage\":\"es\",\"@id\":\"https:\/\/nauti-parts.com\/es\/shop\/tablas-y-esquis\/esquis-combo\/cadete-45\/#primaryimage\",\"url\":\"https:\/\/nauti-parts.com\/wp-content\/uploads\/2017\/04\/2017-Cadet-pair.jpg\",\"contentUrl\":\"https:\/\/nauti-parts.com\/wp-content\/uploads\/2017\/04\/2017-Cadet-pair.jpg\",\"width\":512,\"height\":1024},{\"@type\":\"BreadcrumbList\",\"@id\":\"https:\/\/nauti-parts.com\/es\/shop\/tablas-y-esquis\/esquis-combo\/cadete-45\/#breadcrumb\",\"itemListElement\":[{\"@type\":\"ListItem\",\"position\":1,\"name\":\"Tienda\",\"item\":\"https:\/\/nauti-parts.com\/es\/tienda\/\"},{\"@type\":\"ListItem\",\"position\":2,\"name\":\"Cadete 45\"}]},{\"@type\":\"WebSite\",\"@id\":\"https:\/\/nauti-parts.com\/es\/#website\",\"url\":\"https:\/\/nauti-parts.com\/es\/\",\"name\":\"Nauti Parts\",\"description\":\"Sea-Doo Jet Ski - Seabob Dealer and Rentals | Water Toys Mallorca\",\"publisher\":{\"@id\":\"https:\/\/nauti-parts.com\/es\/#organization\"},\"potentialAction\":[{\"@type\":\"SearchAction\",\"target\":{\"@type\":\"EntryPoint\",\"urlTemplate\":\"https:\/\/nauti-parts.com\/es\/?s={search_term_string}\"},\"query-input\":{\"@type\":\"PropertyValueSpecification\",\"valueRequired\":true,\"valueName\":\"search_term_string\"}}],\"inLanguage\":\"es\"},{\"@type\":\"Organization\",\"@id\":\"https:\/\/nauti-parts.com\/es\/#organization\",\"name\":\"Piezas Nauti\",\"url\":\"https:\/\/nauti-parts.com\/es\/\",\"logo\":{\"@type\":\"ImageObject\",\"inLanguage\":\"es\",\"@id\":\"https:\/\/nauti-parts.com\/es\/#\/schema\/logo\/image\/\",\"url\":\"https:\/\/nauti-parts.com\/wp-content\/uploads\/2023\/10\/np-logo-black.png\",\"contentUrl\":\"https:\/\/nauti-parts.com\/wp-content\/uploads\/2023\/10\/np-logo-black.png\",\"width\":253,\"height\":100,\"caption\":\"Piezas Nauti\"},\"image\":{\"@id\":\"https:\/\/nauti-parts.com\/es\/#\/schema\/logo\/image\/\"},\"sameAs\":[\"https:\/\/www.facebook.com\/nautipartsspain\/\",\"https:\/\/www.instagram.com\/nautiparts\/\"]}]}<\/script>\n<!-- \/ Yoast SEO plugin. -->","yoast_head_json":{"title":"Cadete 45 | Nauti Parts","robots":{"index":"index","follow":"follow","max-snippet":"max-snippet:-1","max-image-preview":"max-image-preview:large","max-video-preview":"max-video-preview:-1"},"canonical":"https:\/\/nauti-parts.com\/es\/shop\/tablas-y-esquis\/esquis-combo\/cadete-45\/","og_locale":"es_ES","og_type":"article","og_title":"Cadete 45 | Nauti Parts","og_description":"Las zapatillas Cadet est\u00e1n dise\u00f1adas para que los ni\u00f1os aprendan a esquiar de forma f\u00e1cil y segura. Las fijaciones ajustables con deslizamiento de tal\u00f3n de tama\u00f1o infantil se adaptan adecuadamente a los pies m\u00e1s peque\u00f1os. Un sistema de barra estabilizadora desmontable mantiene la parte delantera y trasera de los esqu\u00eds a la distancia adecuada. Todo est\u00e1 preparado para una experiencia de aprendizaje satisfactoria.","og_url":"https:\/\/nauti-parts.com\/es\/shop\/tablas-y-esquis\/esquis-combo\/cadete-45\/","og_site_name":"Nauti Parts","article_publisher":"https:\/\/www.facebook.com\/nautipartsspain\/","og_image":[{"width":512,"height":1024,"url":"https:\/\/nauti-parts.com\/wp-content\/uploads\/2017\/04\/2017-Cadet-pair.jpg","type":"image\/jpeg"}],"twitter_card":"summary_large_image","schema":{"@context":"https:\/\/schema.org","@graph":[{"@type":"WebPage","@id":"https:\/\/nauti-parts.com\/es\/shop\/tablas-y-esquis\/esquis-combo\/cadete-45\/","url":"https:\/\/nauti-parts.com\/es\/shop\/tablas-y-esquis\/esquis-combo\/cadete-45\/","name":"Cadete 45 | Nauti Parts","isPartOf":{"@id":"https:\/\/nauti-parts.com\/es\/#website"},"primaryImageOfPage":{"@id":"https:\/\/nauti-parts.com\/es\/shop\/tablas-y-esquis\/esquis-combo\/cadete-45\/#primaryimage"},"image":{"@id":"https:\/\/nauti-parts.com\/es\/shop\/tablas-y-esquis\/esquis-combo\/cadete-45\/#primaryimage"},"thumbnailUrl":"https:\/\/nauti-parts.com\/wp-content\/uploads\/2017\/04\/2017-Cadet-pair.jpg","datePublished":"2017-04-19T13:10:18+00:00","breadcrumb":{"@id":"https:\/\/nauti-parts.com\/es\/shop\/tablas-y-esquis\/esquis-combo\/cadete-45\/#breadcrumb"},"inLanguage":"es","potentialAction":[{"@type":"ReadAction","target":["https:\/\/nauti-parts.com\/es\/shop\/tablas-y-esquis\/esquis-combo\/cadete-45\/"]}]},{"@type":"ImageObject","inLanguage":"es","@id":"https:\/\/nauti-parts.com\/es\/shop\/tablas-y-esquis\/esquis-combo\/cadete-45\/#primaryimage","url":"https:\/\/nauti-parts.com\/wp-content\/uploads\/2017\/04\/2017-Cadet-pair.jpg","contentUrl":"https:\/\/nauti-parts.com\/wp-content\/uploads\/2017\/04\/2017-Cadet-pair.jpg","width":512,"height":1024},{"@type":"BreadcrumbList","@id":"https:\/\/nauti-parts.com\/es\/shop\/tablas-y-esquis\/esquis-combo\/cadete-45\/#breadcrumb","itemListElement":[{"@type":"ListItem","position":1,"name":"Tienda","item":"https:\/\/nauti-parts.com\/es\/tienda\/"},{"@type":"ListItem","position":2,"name":"Cadete 45"}]},{"@type":"WebSite","@id":"https:\/\/nauti-parts.com\/es\/#website","url":"https:\/\/nauti-parts.com\/es\/","name":"Nauti Parts","description":"Sea-Doo Jet Ski - Seabob Dealer and Rentals | Water Toys Mallorca","publisher":{"@id":"https:\/\/nauti-parts.com\/es\/#organization"},"potentialAction":[{"@type":"SearchAction","target":{"@type":"EntryPoint","urlTemplate":"https:\/\/nauti-parts.com\/es\/?s={search_term_string}"},"query-input":{"@type":"PropertyValueSpecification","valueRequired":true,"valueName":"search_term_string"}}],"inLanguage":"es"},{"@type":"Organization","@id":"https:\/\/nauti-parts.com\/es\/#organization","name":"Piezas Nauti","url":"https:\/\/nauti-parts.com\/es\/","logo":{"@type":"ImageObject","inLanguage":"es","@id":"https:\/\/nauti-parts.com\/es\/#\/schema\/logo\/image\/","url":"https:\/\/nauti-parts.com\/wp-content\/uploads\/2023\/10\/np-logo-black.png","contentUrl":"https:\/\/nauti-parts.com\/wp-content\/uploads\/2023\/10\/np-logo-black.png","width":253,"height":100,"caption":"Piezas Nauti"},"image":{"@id":"https:\/\/nauti-parts.com\/es\/#\/schema\/logo\/image\/"},"sameAs":["https:\/\/www.facebook.com\/nautipartsspain\/","https:\/\/www.instagram.com\/nautiparts\/"]}]}},"_links":{"self":[{"href":"https:\/\/nauti-parts.com\/es\/wp-json\/wp\/v2\/product\/22565","targetHints":{"allow":["GET"]}}],"collection":[{"href":"https:\/\/nauti-parts.com\/es\/wp-json\/wp\/v2\/product"}],"about":[{"href":"https:\/\/nauti-parts.com\/es\/wp-json\/wp\/v2\/types\/product"}],"replies":[{"embeddable":true,"href":"https:\/\/nauti-parts.com\/es\/wp-json\/wp\/v2\/comments?post=22565"}],"wp:featuredmedia":[{"embeddable":true,"href":"https:\/\/nauti-parts.com\/es\/wp-json\/wp\/v2\/media\/1316"}],"wp:attachment":[{"href":"https:\/\/nauti-parts.com\/es\/wp-json\/wp\/v2\/media?parent=22565"}],"wp:term":[{"taxonomy":"product_brand","embeddable":true,"href":"https:\/\/nauti-parts.com\/es\/wp-json\/wp\/v2\/product_brand?post=22565"},{"taxonomy":"product_cat","embeddable":true,"href":"https:\/\/nauti-parts.com\/es\/wp-json\/wp\/v2\/product_cat?post=22565"},{"taxonomy":"product_tag","embeddable":true,"href":"https:\/\/nauti-parts.com\/es\/wp-json\/wp\/v2\/product_tag?post=22565"}],"curies":[{"name":"wp","href":"https:\/\/api.w.org\/{rel}","templated":true}]}}