{"id":22159,"date":"2025-01-20T10:16:57","date_gmt":"2025-01-20T10:16:57","guid":{"rendered":"https:\/\/nauti-parts.com\/shop\/sin categor\u00eda\/pack-tabla-sup-jobe-aero-varna-11-0\/"},"modified":"2025-01-20T10:16:57","modified_gmt":"2025-01-20T10:16:57","slug":"pack-tabla-sup-jobe-aero-varna-11-0","status":"publish","type":"product","link":"https:\/\/nauti-parts.com\/es\/shop\/tablas-y-esquis\/sup\/pack-tabla-sup-jobe-aero-varna-11-0\/","title":{"rendered":"Pack Tabla SUP Jobe Aero Varna 11.0"},"content":{"rendered":"<h2 class=\"title-3 fs24 mt20 boldTitleFont grey normal np\">Pack Tabla SUP Jobe Aero Varna 11.0<\/h2>\n<div class=\"col-12 paragraph\">Descubre la mezcla perfecta de rendimiento y versatilidad con la tabla de SUP Jobe Aero Varna Paquete 11.0. Ideal para todo tipo de remo y traves\u00eda, cuenta con un deckpad de espuma EVA antideslizante de 3 mm de grosor para una comodidad excepcional. La construcci\u00f3n ligera con costuras verticales y la v\u00e1lvula Halkey Roberts facilitan el manejo y el inflado. La aleta de 8&#8243; y el balanc\u00edn de 9&#8243; garantizan la estabilidad y una navegaci\u00f3n suave, lo que la hace adecuada para diversas condiciones del agua. Con un peso m\u00e1ximo del piloto de 100 kg (220 lbs) y unas dimensiones de 11&#8217;0&#8243; x 30&#8243; x 6&#8243;, esta tabla proporciona un amplio espacio y equilibrio. Con un peso de s\u00f3lo 8,5 kg, es f\u00e1cil de transportar. El paquete incluye un remo ajustable de fibra de vidrio de 3 piezas, una mochila de nailon, una bomba de acci\u00f3n simple y una correa enrollada de 3 m, todo ello respaldado por una garant\u00eda de 5 a\u00f1os. Perfecto para tus aventuras y excursiones de todo tipo.       <\/div>\n<div><\/div>\n<div>\n<ul class=\"autoColumn checkListSmall blackCheck\">\n<li>5 a\u00f1os de garant\u00eda<\/li>\n<li>Aleta de 9<\/li>\n<li>Dimensiones cuando est\u00e1 inflado: 11&#8217;0&#8243; x 30&#8243; x 6&#8243;<\/li>\n<li>Construcci\u00f3n ligera de costura vertical de una sola capa<\/li>\n<li>Patr\u00f3n de espuma EVA antideslizante: deckpad blando de 3 mm de grosor para practicar SUP c\u00f3modamente<\/li>\n<li>El paquete contiene: Tabla de SUP Aero Varna 11.0, remo ajustable de fibra de vidrio de 3 piezas, mochila de nailon, bomba de acci\u00f3n simple, leash en espiral de 3,04 m \/ 10 pies<\/li>\n<li>Volumen: 315 l<\/li>\n<li>V\u00e1lvula Halkey Roberts<\/li>\n<li>Asistencia al parche de v\u00e1lvula<\/li>\n<li>Balanc\u00edn de la nariz: 9&#8243;, Balanc\u00edn de la cola: 0&#8243;.<\/li>\n<li>Peso m\u00e1ximo del piloto 100 kg | 220,5 lbs<\/li>\n<li>Peso de la tabla: 9,3kg | 20,5lbs<\/li>\n<li>Peso del paquete: 13,9kg | 30,9lbs<\/li>\n<\/ul>\n<\/div>\n","protected":false},"excerpt":{"rendered":"<div class=\"col-12 paragraph\">Descubre la mezcla perfecta de rendimiento y versatilidad con la tabla de SUP Jobe Aero Varna Paquete 11.0.<\/div>\n","protected":false},"featured_media":19242,"comment_status":"open","ping_status":"closed","template":"","meta":{"_acf_changed":false},"product_brand":[],"product_cat":[213,212],"product_tag":[],"class_list":{"0":"post-22159","1":"product","2":"type-product","3":"status-publish","4":"has-post-thumbnail","6":"product_cat-sup","7":"product_cat-tablas-y-esquis","8":"repupress_customize_woocommerce_productom_class","10":"first","11":"instock","12":"taxable","13":"shipping-taxable","14":"purchasable","15":"product-type-simple"},"acf":[],"yoast_head":"<!-- This site is optimized with the Yoast SEO plugin v27.5 - https:\/\/yoast.com\/product\/yoast-seo-wordpress\/ -->\n<title>Pack Tabla SUP Jobe Aero Varna 11.0 | Nauti Parts<\/title>\n<meta name=\"robots\" content=\"index, follow, max-snippet:-1, max-image-preview:large, max-video-preview:-1\" \/>\n<link rel=\"canonical\" href=\"https:\/\/nauti-parts.com\/es\/shop\/tablas-y-esquis\/sup\/pack-tabla-sup-jobe-aero-varna-11-0\/\" \/>\n<meta property=\"og:locale\" content=\"es_ES\" \/>\n<meta property=\"og:type\" content=\"article\" \/>\n<meta property=\"og:title\" content=\"Pack Tabla SUP Jobe Aero Varna 11.0 | Nauti Parts\" \/>\n<meta property=\"og:description\" content=\"Descubre la mezcla perfecta de rendimiento y versatilidad con la tabla de SUP Jobe Aero Varna Paquete 11.0.\" \/>\n<meta property=\"og:url\" content=\"https:\/\/nauti-parts.com\/es\/shop\/tablas-y-esquis\/sup\/pack-tabla-sup-jobe-aero-varna-11-0\/\" \/>\n<meta property=\"og:site_name\" content=\"Nauti Parts\" \/>\n<meta property=\"article:publisher\" content=\"https:\/\/www.facebook.com\/nautipartsspain\/\" \/>\n<meta property=\"og:image\" content=\"https:\/\/nauti-parts.com\/wp-content\/uploads\/2025\/01\/jobe-aero-sup-varna-1-3.jpg\" \/>\n\t<meta property=\"og:image:width\" content=\"1500\" \/>\n\t<meta property=\"og:image:height\" content=\"1500\" \/>\n\t<meta property=\"og:image:type\" content=\"image\/jpeg\" \/>\n<meta name=\"twitter:card\" content=\"summary_large_image\" \/>\n<meta name=\"twitter:label1\" content=\"Tiempo de lectura\" \/>\n\t<meta name=\"twitter:data1\" content=\"1 minuto\" \/>\n<script type=\"application\/ld+json\" class=\"yoast-schema-graph\">{\"@context\":\"https:\\\/\\\/schema.org\",\"@graph\":[{\"@type\":\"WebPage\",\"@id\":\"https:\\\/\\\/nauti-parts.com\\\/es\\\/shop\\\/tablas-y-esquis\\\/sup\\\/pack-tabla-sup-jobe-aero-varna-11-0\\\/\",\"url\":\"https:\\\/\\\/nauti-parts.com\\\/es\\\/shop\\\/tablas-y-esquis\\\/sup\\\/pack-tabla-sup-jobe-aero-varna-11-0\\\/\",\"name\":\"Pack Tabla SUP Jobe Aero Varna 11.0 | Nauti Parts\",\"isPartOf\":{\"@id\":\"https:\\\/\\\/nauti-parts.com\\\/es\\\/#website\"},\"primaryImageOfPage\":{\"@id\":\"https:\\\/\\\/nauti-parts.com\\\/es\\\/shop\\\/tablas-y-esquis\\\/sup\\\/pack-tabla-sup-jobe-aero-varna-11-0\\\/#primaryimage\"},\"image\":{\"@id\":\"https:\\\/\\\/nauti-parts.com\\\/es\\\/shop\\\/tablas-y-esquis\\\/sup\\\/pack-tabla-sup-jobe-aero-varna-11-0\\\/#primaryimage\"},\"thumbnailUrl\":\"https:\\\/\\\/nauti-parts.com\\\/wp-content\\\/uploads\\\/2025\\\/01\\\/jobe-aero-sup-varna-1-3.jpg\",\"datePublished\":\"2025-01-20T10:16:57+00:00\",\"breadcrumb\":{\"@id\":\"https:\\\/\\\/nauti-parts.com\\\/es\\\/shop\\\/tablas-y-esquis\\\/sup\\\/pack-tabla-sup-jobe-aero-varna-11-0\\\/#breadcrumb\"},\"inLanguage\":\"es\",\"potentialAction\":[{\"@type\":\"ReadAction\",\"target\":[\"https:\\\/\\\/nauti-parts.com\\\/es\\\/shop\\\/tablas-y-esquis\\\/sup\\\/pack-tabla-sup-jobe-aero-varna-11-0\\\/\"]}]},{\"@type\":\"ImageObject\",\"inLanguage\":\"es\",\"@id\":\"https:\\\/\\\/nauti-parts.com\\\/es\\\/shop\\\/tablas-y-esquis\\\/sup\\\/pack-tabla-sup-jobe-aero-varna-11-0\\\/#primaryimage\",\"url\":\"https:\\\/\\\/nauti-parts.com\\\/wp-content\\\/uploads\\\/2025\\\/01\\\/jobe-aero-sup-varna-1-3.jpg\",\"contentUrl\":\"https:\\\/\\\/nauti-parts.com\\\/wp-content\\\/uploads\\\/2025\\\/01\\\/jobe-aero-sup-varna-1-3.jpg\",\"width\":1500,\"height\":1500},{\"@type\":\"BreadcrumbList\",\"@id\":\"https:\\\/\\\/nauti-parts.com\\\/es\\\/shop\\\/tablas-y-esquis\\\/sup\\\/pack-tabla-sup-jobe-aero-varna-11-0\\\/#breadcrumb\",\"itemListElement\":[{\"@type\":\"ListItem\",\"position\":1,\"name\":\"Tienda\",\"item\":\"https:\\\/\\\/nauti-parts.com\\\/es\\\/tienda\\\/\"},{\"@type\":\"ListItem\",\"position\":2,\"name\":\"Pack Tabla SUP Jobe Aero Varna 11.0\"}]},{\"@type\":\"WebSite\",\"@id\":\"https:\\\/\\\/nauti-parts.com\\\/es\\\/#website\",\"url\":\"https:\\\/\\\/nauti-parts.com\\\/es\\\/\",\"name\":\"Nauti Parts\",\"description\":\"Sea-Doo Jet Ski - Seabob Dealer and Rentals | Water Toys Mallorca\",\"publisher\":{\"@id\":\"https:\\\/\\\/nauti-parts.com\\\/es\\\/#organization\"},\"potentialAction\":[{\"@type\":\"SearchAction\",\"target\":{\"@type\":\"EntryPoint\",\"urlTemplate\":\"https:\\\/\\\/nauti-parts.com\\\/es\\\/?s={search_term_string}\"},\"query-input\":{\"@type\":\"PropertyValueSpecification\",\"valueRequired\":true,\"valueName\":\"search_term_string\"}}],\"inLanguage\":\"es\"},{\"@type\":\"Organization\",\"@id\":\"https:\\\/\\\/nauti-parts.com\\\/es\\\/#organization\",\"name\":\"Piezas Nauti\",\"url\":\"https:\\\/\\\/nauti-parts.com\\\/es\\\/\",\"logo\":{\"@type\":\"ImageObject\",\"inLanguage\":\"es\",\"@id\":\"https:\\\/\\\/nauti-parts.com\\\/es\\\/#\\\/schema\\\/logo\\\/image\\\/\",\"url\":\"https:\\\/\\\/nauti-parts.com\\\/wp-content\\\/uploads\\\/2023\\\/10\\\/np-logo-black.png\",\"contentUrl\":\"https:\\\/\\\/nauti-parts.com\\\/wp-content\\\/uploads\\\/2023\\\/10\\\/np-logo-black.png\",\"width\":253,\"height\":100,\"caption\":\"Piezas Nauti\"},\"image\":{\"@id\":\"https:\\\/\\\/nauti-parts.com\\\/es\\\/#\\\/schema\\\/logo\\\/image\\\/\"},\"sameAs\":[\"https:\\\/\\\/www.facebook.com\\\/nautipartsspain\\\/\",\"https:\\\/\\\/www.instagram.com\\\/nautiparts\\\/\"]}]}<\/script>\n<!-- \/ Yoast SEO plugin. -->","yoast_head_json":{"title":"Pack Tabla SUP Jobe Aero Varna 11.0 | Nauti Parts","robots":{"index":"index","follow":"follow","max-snippet":"max-snippet:-1","max-image-preview":"max-image-preview:large","max-video-preview":"max-video-preview:-1"},"canonical":"https:\/\/nauti-parts.com\/es\/shop\/tablas-y-esquis\/sup\/pack-tabla-sup-jobe-aero-varna-11-0\/","og_locale":"es_ES","og_type":"article","og_title":"Pack Tabla SUP Jobe Aero Varna 11.0 | Nauti Parts","og_description":"Descubre la mezcla perfecta de rendimiento y versatilidad con la tabla de SUP Jobe Aero Varna Paquete 11.0.","og_url":"https:\/\/nauti-parts.com\/es\/shop\/tablas-y-esquis\/sup\/pack-tabla-sup-jobe-aero-varna-11-0\/","og_site_name":"Nauti Parts","article_publisher":"https:\/\/www.facebook.com\/nautipartsspain\/","og_image":[{"width":1500,"height":1500,"url":"https:\/\/nauti-parts.com\/wp-content\/uploads\/2025\/01\/jobe-aero-sup-varna-1-3.jpg","type":"image\/jpeg"}],"twitter_card":"summary_large_image","twitter_misc":{"Tiempo de lectura":"1 minuto"},"schema":{"@context":"https:\/\/schema.org","@graph":[{"@type":"WebPage","@id":"https:\/\/nauti-parts.com\/es\/shop\/tablas-y-esquis\/sup\/pack-tabla-sup-jobe-aero-varna-11-0\/","url":"https:\/\/nauti-parts.com\/es\/shop\/tablas-y-esquis\/sup\/pack-tabla-sup-jobe-aero-varna-11-0\/","name":"Pack Tabla SUP Jobe Aero Varna 11.0 | Nauti Parts","isPartOf":{"@id":"https:\/\/nauti-parts.com\/es\/#website"},"primaryImageOfPage":{"@id":"https:\/\/nauti-parts.com\/es\/shop\/tablas-y-esquis\/sup\/pack-tabla-sup-jobe-aero-varna-11-0\/#primaryimage"},"image":{"@id":"https:\/\/nauti-parts.com\/es\/shop\/tablas-y-esquis\/sup\/pack-tabla-sup-jobe-aero-varna-11-0\/#primaryimage"},"thumbnailUrl":"https:\/\/nauti-parts.com\/wp-content\/uploads\/2025\/01\/jobe-aero-sup-varna-1-3.jpg","datePublished":"2025-01-20T10:16:57+00:00","breadcrumb":{"@id":"https:\/\/nauti-parts.com\/es\/shop\/tablas-y-esquis\/sup\/pack-tabla-sup-jobe-aero-varna-11-0\/#breadcrumb"},"inLanguage":"es","potentialAction":[{"@type":"ReadAction","target":["https:\/\/nauti-parts.com\/es\/shop\/tablas-y-esquis\/sup\/pack-tabla-sup-jobe-aero-varna-11-0\/"]}]},{"@type":"ImageObject","inLanguage":"es","@id":"https:\/\/nauti-parts.com\/es\/shop\/tablas-y-esquis\/sup\/pack-tabla-sup-jobe-aero-varna-11-0\/#primaryimage","url":"https:\/\/nauti-parts.com\/wp-content\/uploads\/2025\/01\/jobe-aero-sup-varna-1-3.jpg","contentUrl":"https:\/\/nauti-parts.com\/wp-content\/uploads\/2025\/01\/jobe-aero-sup-varna-1-3.jpg","width":1500,"height":1500},{"@type":"BreadcrumbList","@id":"https:\/\/nauti-parts.com\/es\/shop\/tablas-y-esquis\/sup\/pack-tabla-sup-jobe-aero-varna-11-0\/#breadcrumb","itemListElement":[{"@type":"ListItem","position":1,"name":"Tienda","item":"https:\/\/nauti-parts.com\/es\/tienda\/"},{"@type":"ListItem","position":2,"name":"Pack Tabla SUP Jobe Aero Varna 11.0"}]},{"@type":"WebSite","@id":"https:\/\/nauti-parts.com\/es\/#website","url":"https:\/\/nauti-parts.com\/es\/","name":"Nauti Parts","description":"Sea-Doo Jet Ski - Seabob Dealer and Rentals | Water Toys Mallorca","publisher":{"@id":"https:\/\/nauti-parts.com\/es\/#organization"},"potentialAction":[{"@type":"SearchAction","target":{"@type":"EntryPoint","urlTemplate":"https:\/\/nauti-parts.com\/es\/?s={search_term_string}"},"query-input":{"@type":"PropertyValueSpecification","valueRequired":true,"valueName":"search_term_string"}}],"inLanguage":"es"},{"@type":"Organization","@id":"https:\/\/nauti-parts.com\/es\/#organization","name":"Piezas Nauti","url":"https:\/\/nauti-parts.com\/es\/","logo":{"@type":"ImageObject","inLanguage":"es","@id":"https:\/\/nauti-parts.com\/es\/#\/schema\/logo\/image\/","url":"https:\/\/nauti-parts.com\/wp-content\/uploads\/2023\/10\/np-logo-black.png","contentUrl":"https:\/\/nauti-parts.com\/wp-content\/uploads\/2023\/10\/np-logo-black.png","width":253,"height":100,"caption":"Piezas Nauti"},"image":{"@id":"https:\/\/nauti-parts.com\/es\/#\/schema\/logo\/image\/"},"sameAs":["https:\/\/www.facebook.com\/nautipartsspain\/","https:\/\/www.instagram.com\/nautiparts\/"]}]}},"_links":{"self":[{"href":"https:\/\/nauti-parts.com\/es\/wp-json\/wp\/v2\/product\/22159","targetHints":{"allow":["GET"]}}],"collection":[{"href":"https:\/\/nauti-parts.com\/es\/wp-json\/wp\/v2\/product"}],"about":[{"href":"https:\/\/nauti-parts.com\/es\/wp-json\/wp\/v2\/types\/product"}],"replies":[{"embeddable":true,"href":"https:\/\/nauti-parts.com\/es\/wp-json\/wp\/v2\/comments?post=22159"}],"wp:featuredmedia":[{"embeddable":true,"href":"https:\/\/nauti-parts.com\/es\/wp-json\/wp\/v2\/media\/19242"}],"wp:attachment":[{"href":"https:\/\/nauti-parts.com\/es\/wp-json\/wp\/v2\/media?parent=22159"}],"wp:term":[{"taxonomy":"product_brand","embeddable":true,"href":"https:\/\/nauti-parts.com\/es\/wp-json\/wp\/v2\/product_brand?post=22159"},{"taxonomy":"product_cat","embeddable":true,"href":"https:\/\/nauti-parts.com\/es\/wp-json\/wp\/v2\/product_cat?post=22159"},{"taxonomy":"product_tag","embeddable":true,"href":"https:\/\/nauti-parts.com\/es\/wp-json\/wp\/v2\/product_tag?post=22159"}],"curies":[{"name":"wp","href":"https:\/\/api.w.org\/{rel}","templated":true}]}}