{"id":22119,"date":"2025-05-28T09:12:00","date_gmt":"2025-05-28T09:12:00","guid":{"rendered":"https:\/\/nauti-parts.com\/shop\/sin categor\u00eda\/folio-audi-hyperfly\/"},"modified":"2025-05-28T09:12:00","modified_gmt":"2025-05-28T09:12:00","slug":"folio-audi-hyperfly","status":"publish","type":"product","link":"https:\/\/nauti-parts.com\/es\/shop\/tablas-y-esquis\/e-foils\/audi\/folio-audi-hyperfly\/","title":{"rendered":"Folio Audi Hyperfly"},"content":{"rendered":"<p><strong>Especificaciones:<\/strong><\/p>\n<ul>\n<li>Color opcional: Gris cibern\u00e9tico<\/li>\n<li>Volumen: 230 l<\/li>\n<li>Dimensiones: 2,20 x 0,95 x 0,15 m<\/li>\n<li>Hasta 2h con la Bater\u00eda de Resistencia<\/li>\n<li>Velocidad m\u00e1xima: 35 &#8211; 50 km\/h seg\u00fan el juego de alas<\/li>\n<li>Para jinetes de hasta 120 kg<\/li>\n<li>Equipado con Hyperdrive ABS 60cm<\/li>\n<li><strong>Bater\u00eda de gran resistencia<\/strong><\/li>\n<li><strong>Cargador r\u00e1pido<\/strong><\/li>\n<li>Ala 2000, Estabilizador 510El patinete acu\u00e1tico hidroala el\u00e9ctrico hinchable de <a href=\"https:\/\/e-surfer.com\/en\/brands\/aerofoils\/\">Aerofoils<\/a> tiene un <strong>concepto de asa l\u00edder en el mercado<\/strong>, opciones para acoplar tu equipo y un dise\u00f1o intuitivo. Y lo que es m\u00e1s: tambi\u00e9n puedes quitar el asa, conectar la tabla al mando a distancia cl\u00e1sico y conducir como un eFoil. <\/li>\n<\/ul>\n<p>Tanto si eres principiante como profesional, el HyperFly te ofrece una experiencia de vuelo estimulante y sin esfuerzo en cualquier expedici\u00f3n acu\u00e1tica.<\/p>\n<p><strong>Nuestro precio incluye la bater\u00eda grande de Resistencia y el Cargador R\u00e1pido.<\/strong>  Otras configuraciones bajo pedido.<\/p>\n<h2>Sistema Antirrobo<\/h2>\n<p>Una innovaci\u00f3n revolucionaria de Aerofoils: el sistema Anti Breach. Evita que la tabla se dispare inesperadamente y lleva <strong>la seguridad en la conducci\u00f3n<\/strong> a un nuevo nivel. Utiliza todo el potencial del m\u00e1stil y garantiza que la conducci\u00f3n siga siendo \u00e1gil y sin concesiones. Y lo que es m\u00e1s importante, aumenta tu confianza y permite una conducci\u00f3n suave y r\u00e1pida.   <\/p>\n<h2>Manillar<\/h2>\n<p>Controla la velocidad con el dedo \u00edndice derecho y cambia de marcha con el pulgar izquierdo. Tus datos de conducci\u00f3n se muestran claramente en la <strong>pantalla a color<\/strong> en todo momento. El manillar se puede desmontar para utilizar el scooter HyperFly como un eFoil normal.  <\/p>\n<p>Incluso sin experiencia, podr\u00e1s<strong> hacer eFoil en pocos minutos<\/strong>. El patinete HyperFly eFoil abre un mundo de diversi\u00f3n para todos. Perfecto para yates, complejos tur\u00edsticos, familias y, por supuesto, para alquilar.  <\/p>\n<h2>Seguridad<\/h2>\n<p>Un motor a reacci\u00f3n, un m\u00e1stil corto y una <strong>llave de<\/strong> seguridad hacen que este eFoil con manillar sea a\u00fan m\u00e1s seguro. La llave magn\u00e9tica de seguridad reconoce cuando no est\u00e1s sobre la tabla y apaga inmediatamente el motor. <\/p>\n","protected":false},"excerpt":{"rendered":"<h3 class=\"p1\">El patinete HyperFly eFoil con manillar. Una forma completamente nueva de hacer foiling que cualquiera puede aprender en minutos. \u00a1Ideal para alquilar!  <\/h3>\n","protected":false},"featured_media":19588,"comment_status":"open","ping_status":"closed","template":"","meta":{"_acf_changed":false},"product_brand":[],"product_cat":[354,220,212],"product_tag":[],"class_list":{"0":"post-22119","1":"product","2":"type-product","3":"status-publish","4":"has-post-thumbnail","6":"product_cat-audi","7":"product_cat-e-foils","8":"product_cat-tablas-y-esquis","9":"repupress_customize_woocommerce_productom_class","11":"first","12":"instock","13":"taxable","14":"shipping-taxable","15":"purchasable","16":"product-type-simple"},"acf":[],"yoast_head":"<!-- This site is optimized with the Yoast SEO plugin v27.5 - https:\/\/yoast.com\/product\/yoast-seo-wordpress\/ -->\n<title>Folio Audi Hyperfly | Nauti Parts<\/title>\n<meta name=\"robots\" content=\"index, follow, max-snippet:-1, max-image-preview:large, max-video-preview:-1\" \/>\n<link rel=\"canonical\" href=\"https:\/\/nauti-parts.com\/es\/shop\/tablas-y-esquis\/e-foils\/audi\/folio-audi-hyperfly\/\" \/>\n<meta property=\"og:locale\" content=\"es_ES\" \/>\n<meta property=\"og:type\" content=\"article\" \/>\n<meta property=\"og:title\" content=\"Folio Audi Hyperfly | Nauti Parts\" \/>\n<meta property=\"og:description\" content=\"El patinete HyperFly eFoil con manillar. Una forma completamente nueva de hacer foiling que cualquiera puede aprender en minutos. \u00a1Ideal para alquilar!\" \/>\n<meta property=\"og:url\" content=\"https:\/\/nauti-parts.com\/es\/shop\/tablas-y-esquis\/e-foils\/audi\/folio-audi-hyperfly\/\" \/>\n<meta property=\"og:site_name\" content=\"Nauti Parts\" \/>\n<meta property=\"article:publisher\" content=\"https:\/\/www.facebook.com\/nautipartsspain\/\" \/>\n<meta property=\"og:image\" content=\"https:\/\/nauti-parts.com\/wp-content\/uploads\/2025\/05\/audi-hyperfly.png\" \/>\n\t<meta property=\"og:image:width\" content=\"1000\" \/>\n\t<meta property=\"og:image:height\" content=\"1000\" \/>\n\t<meta property=\"og:image:type\" content=\"image\/png\" \/>\n<meta name=\"twitter:card\" content=\"summary_large_image\" \/>\n<meta name=\"twitter:label1\" content=\"Tiempo de lectura\" \/>\n\t<meta name=\"twitter:data1\" content=\"2 minutos\" \/>\n<script type=\"application\/ld+json\" class=\"yoast-schema-graph\">{\"@context\":\"https:\\\/\\\/schema.org\",\"@graph\":[{\"@type\":\"WebPage\",\"@id\":\"https:\\\/\\\/nauti-parts.com\\\/es\\\/shop\\\/tablas-y-esquis\\\/e-foils\\\/audi\\\/folio-audi-hyperfly\\\/\",\"url\":\"https:\\\/\\\/nauti-parts.com\\\/es\\\/shop\\\/tablas-y-esquis\\\/e-foils\\\/audi\\\/folio-audi-hyperfly\\\/\",\"name\":\"Folio Audi Hyperfly | Nauti Parts\",\"isPartOf\":{\"@id\":\"https:\\\/\\\/nauti-parts.com\\\/es\\\/#website\"},\"primaryImageOfPage\":{\"@id\":\"https:\\\/\\\/nauti-parts.com\\\/es\\\/shop\\\/tablas-y-esquis\\\/e-foils\\\/audi\\\/folio-audi-hyperfly\\\/#primaryimage\"},\"image\":{\"@id\":\"https:\\\/\\\/nauti-parts.com\\\/es\\\/shop\\\/tablas-y-esquis\\\/e-foils\\\/audi\\\/folio-audi-hyperfly\\\/#primaryimage\"},\"thumbnailUrl\":\"https:\\\/\\\/nauti-parts.com\\\/wp-content\\\/uploads\\\/2025\\\/05\\\/audi-hyperfly.png\",\"datePublished\":\"2025-05-28T09:12:00+00:00\",\"breadcrumb\":{\"@id\":\"https:\\\/\\\/nauti-parts.com\\\/es\\\/shop\\\/tablas-y-esquis\\\/e-foils\\\/audi\\\/folio-audi-hyperfly\\\/#breadcrumb\"},\"inLanguage\":\"es\",\"potentialAction\":[{\"@type\":\"ReadAction\",\"target\":[\"https:\\\/\\\/nauti-parts.com\\\/es\\\/shop\\\/tablas-y-esquis\\\/e-foils\\\/audi\\\/folio-audi-hyperfly\\\/\"]}]},{\"@type\":\"ImageObject\",\"inLanguage\":\"es\",\"@id\":\"https:\\\/\\\/nauti-parts.com\\\/es\\\/shop\\\/tablas-y-esquis\\\/e-foils\\\/audi\\\/folio-audi-hyperfly\\\/#primaryimage\",\"url\":\"https:\\\/\\\/nauti-parts.com\\\/wp-content\\\/uploads\\\/2025\\\/05\\\/audi-hyperfly.png\",\"contentUrl\":\"https:\\\/\\\/nauti-parts.com\\\/wp-content\\\/uploads\\\/2025\\\/05\\\/audi-hyperfly.png\",\"width\":1000,\"height\":1000},{\"@type\":\"BreadcrumbList\",\"@id\":\"https:\\\/\\\/nauti-parts.com\\\/es\\\/shop\\\/tablas-y-esquis\\\/e-foils\\\/audi\\\/folio-audi-hyperfly\\\/#breadcrumb\",\"itemListElement\":[{\"@type\":\"ListItem\",\"position\":1,\"name\":\"Tienda\",\"item\":\"https:\\\/\\\/nauti-parts.com\\\/es\\\/tienda\\\/\"},{\"@type\":\"ListItem\",\"position\":2,\"name\":\"Folio Audi Hyperfly\"}]},{\"@type\":\"WebSite\",\"@id\":\"https:\\\/\\\/nauti-parts.com\\\/es\\\/#website\",\"url\":\"https:\\\/\\\/nauti-parts.com\\\/es\\\/\",\"name\":\"Nauti Parts\",\"description\":\"Sea-Doo Jet Ski - Seabob Dealer and Rentals | Water Toys Mallorca\",\"publisher\":{\"@id\":\"https:\\\/\\\/nauti-parts.com\\\/es\\\/#organization\"},\"potentialAction\":[{\"@type\":\"SearchAction\",\"target\":{\"@type\":\"EntryPoint\",\"urlTemplate\":\"https:\\\/\\\/nauti-parts.com\\\/es\\\/?s={search_term_string}\"},\"query-input\":{\"@type\":\"PropertyValueSpecification\",\"valueRequired\":true,\"valueName\":\"search_term_string\"}}],\"inLanguage\":\"es\"},{\"@type\":\"Organization\",\"@id\":\"https:\\\/\\\/nauti-parts.com\\\/es\\\/#organization\",\"name\":\"Piezas Nauti\",\"url\":\"https:\\\/\\\/nauti-parts.com\\\/es\\\/\",\"logo\":{\"@type\":\"ImageObject\",\"inLanguage\":\"es\",\"@id\":\"https:\\\/\\\/nauti-parts.com\\\/es\\\/#\\\/schema\\\/logo\\\/image\\\/\",\"url\":\"https:\\\/\\\/nauti-parts.com\\\/wp-content\\\/uploads\\\/2023\\\/10\\\/np-logo-black.png\",\"contentUrl\":\"https:\\\/\\\/nauti-parts.com\\\/wp-content\\\/uploads\\\/2023\\\/10\\\/np-logo-black.png\",\"width\":253,\"height\":100,\"caption\":\"Piezas Nauti\"},\"image\":{\"@id\":\"https:\\\/\\\/nauti-parts.com\\\/es\\\/#\\\/schema\\\/logo\\\/image\\\/\"},\"sameAs\":[\"https:\\\/\\\/www.facebook.com\\\/nautipartsspain\\\/\",\"https:\\\/\\\/www.instagram.com\\\/nautiparts\\\/\"]}]}<\/script>\n<!-- \/ Yoast SEO plugin. -->","yoast_head_json":{"title":"Folio Audi Hyperfly | Nauti Parts","robots":{"index":"index","follow":"follow","max-snippet":"max-snippet:-1","max-image-preview":"max-image-preview:large","max-video-preview":"max-video-preview:-1"},"canonical":"https:\/\/nauti-parts.com\/es\/shop\/tablas-y-esquis\/e-foils\/audi\/folio-audi-hyperfly\/","og_locale":"es_ES","og_type":"article","og_title":"Folio Audi Hyperfly | Nauti Parts","og_description":"El patinete HyperFly eFoil con manillar. Una forma completamente nueva de hacer foiling que cualquiera puede aprender en minutos. \u00a1Ideal para alquilar!","og_url":"https:\/\/nauti-parts.com\/es\/shop\/tablas-y-esquis\/e-foils\/audi\/folio-audi-hyperfly\/","og_site_name":"Nauti Parts","article_publisher":"https:\/\/www.facebook.com\/nautipartsspain\/","og_image":[{"width":1000,"height":1000,"url":"https:\/\/nauti-parts.com\/wp-content\/uploads\/2025\/05\/audi-hyperfly.png","type":"image\/png"}],"twitter_card":"summary_large_image","twitter_misc":{"Tiempo de lectura":"2 minutos"},"schema":{"@context":"https:\/\/schema.org","@graph":[{"@type":"WebPage","@id":"https:\/\/nauti-parts.com\/es\/shop\/tablas-y-esquis\/e-foils\/audi\/folio-audi-hyperfly\/","url":"https:\/\/nauti-parts.com\/es\/shop\/tablas-y-esquis\/e-foils\/audi\/folio-audi-hyperfly\/","name":"Folio Audi Hyperfly | Nauti Parts","isPartOf":{"@id":"https:\/\/nauti-parts.com\/es\/#website"},"primaryImageOfPage":{"@id":"https:\/\/nauti-parts.com\/es\/shop\/tablas-y-esquis\/e-foils\/audi\/folio-audi-hyperfly\/#primaryimage"},"image":{"@id":"https:\/\/nauti-parts.com\/es\/shop\/tablas-y-esquis\/e-foils\/audi\/folio-audi-hyperfly\/#primaryimage"},"thumbnailUrl":"https:\/\/nauti-parts.com\/wp-content\/uploads\/2025\/05\/audi-hyperfly.png","datePublished":"2025-05-28T09:12:00+00:00","breadcrumb":{"@id":"https:\/\/nauti-parts.com\/es\/shop\/tablas-y-esquis\/e-foils\/audi\/folio-audi-hyperfly\/#breadcrumb"},"inLanguage":"es","potentialAction":[{"@type":"ReadAction","target":["https:\/\/nauti-parts.com\/es\/shop\/tablas-y-esquis\/e-foils\/audi\/folio-audi-hyperfly\/"]}]},{"@type":"ImageObject","inLanguage":"es","@id":"https:\/\/nauti-parts.com\/es\/shop\/tablas-y-esquis\/e-foils\/audi\/folio-audi-hyperfly\/#primaryimage","url":"https:\/\/nauti-parts.com\/wp-content\/uploads\/2025\/05\/audi-hyperfly.png","contentUrl":"https:\/\/nauti-parts.com\/wp-content\/uploads\/2025\/05\/audi-hyperfly.png","width":1000,"height":1000},{"@type":"BreadcrumbList","@id":"https:\/\/nauti-parts.com\/es\/shop\/tablas-y-esquis\/e-foils\/audi\/folio-audi-hyperfly\/#breadcrumb","itemListElement":[{"@type":"ListItem","position":1,"name":"Tienda","item":"https:\/\/nauti-parts.com\/es\/tienda\/"},{"@type":"ListItem","position":2,"name":"Folio Audi Hyperfly"}]},{"@type":"WebSite","@id":"https:\/\/nauti-parts.com\/es\/#website","url":"https:\/\/nauti-parts.com\/es\/","name":"Nauti Parts","description":"Sea-Doo Jet Ski - Seabob Dealer and Rentals | Water Toys Mallorca","publisher":{"@id":"https:\/\/nauti-parts.com\/es\/#organization"},"potentialAction":[{"@type":"SearchAction","target":{"@type":"EntryPoint","urlTemplate":"https:\/\/nauti-parts.com\/es\/?s={search_term_string}"},"query-input":{"@type":"PropertyValueSpecification","valueRequired":true,"valueName":"search_term_string"}}],"inLanguage":"es"},{"@type":"Organization","@id":"https:\/\/nauti-parts.com\/es\/#organization","name":"Piezas Nauti","url":"https:\/\/nauti-parts.com\/es\/","logo":{"@type":"ImageObject","inLanguage":"es","@id":"https:\/\/nauti-parts.com\/es\/#\/schema\/logo\/image\/","url":"https:\/\/nauti-parts.com\/wp-content\/uploads\/2023\/10\/np-logo-black.png","contentUrl":"https:\/\/nauti-parts.com\/wp-content\/uploads\/2023\/10\/np-logo-black.png","width":253,"height":100,"caption":"Piezas Nauti"},"image":{"@id":"https:\/\/nauti-parts.com\/es\/#\/schema\/logo\/image\/"},"sameAs":["https:\/\/www.facebook.com\/nautipartsspain\/","https:\/\/www.instagram.com\/nautiparts\/"]}]}},"_links":{"self":[{"href":"https:\/\/nauti-parts.com\/es\/wp-json\/wp\/v2\/product\/22119","targetHints":{"allow":["GET"]}}],"collection":[{"href":"https:\/\/nauti-parts.com\/es\/wp-json\/wp\/v2\/product"}],"about":[{"href":"https:\/\/nauti-parts.com\/es\/wp-json\/wp\/v2\/types\/product"}],"replies":[{"embeddable":true,"href":"https:\/\/nauti-parts.com\/es\/wp-json\/wp\/v2\/comments?post=22119"}],"wp:featuredmedia":[{"embeddable":true,"href":"https:\/\/nauti-parts.com\/es\/wp-json\/wp\/v2\/media\/19588"}],"wp:attachment":[{"href":"https:\/\/nauti-parts.com\/es\/wp-json\/wp\/v2\/media?parent=22119"}],"wp:term":[{"taxonomy":"product_brand","embeddable":true,"href":"https:\/\/nauti-parts.com\/es\/wp-json\/wp\/v2\/product_brand?post=22119"},{"taxonomy":"product_cat","embeddable":true,"href":"https:\/\/nauti-parts.com\/es\/wp-json\/wp\/v2\/product_cat?post=22119"},{"taxonomy":"product_tag","embeddable":true,"href":"https:\/\/nauti-parts.com\/es\/wp-json\/wp\/v2\/product_tag?post=22119"}],"curies":[{"name":"wp","href":"https:\/\/api.w.org\/{rel}","templated":true}]}}