{"id":22090,"date":"2025-07-30T12:15:05","date_gmt":"2025-07-30T12:15:05","guid":{"rendered":"https:\/\/nauti-parts.com\/shop\/sin categor\u00eda\/seanxt-elite-2025\/"},"modified":"2025-07-30T12:15:05","modified_gmt":"2025-07-30T12:15:05","slug":"seanxt-elite-2025","status":"publish","type":"product","link":"https:\/\/nauti-parts.com\/es\/shop\/juguetes-acuaticos\/seascooter\/seanxt-elite-2025\/","title":{"rendered":"SeaNXT ELITE 2025"},"content":{"rendered":"<p><span class=\"citation-5\">El <\/span><b><span class=\"citation-5\">SeaNXT Elite<\/span><\/b><span class=\"citation-5 citation-end-5\"> establece un nuevo est\u00e1ndar para los scooters subacu\u00e1ticos de lujo.<\/span> Es el \u00fanico modelo del mercado fabricado \u00edntegramente en carbono, con una tecnolog\u00eda de conexi\u00f3n \u00fanica que integra perfectamente los mandos de control en el cuerpo. <span class=\"citation-4\">Su fibra de carbono de m\u00f3dulo <\/span><b><span class=\"citation-4\">fibra de carbono de m\u00f3dulo T-3000<\/span><\/b><span class=\"citation-4\"> no s\u00f3lo ofrece un excepcional acabado de gama alta y un peso notablemente <\/span><b><span class=\"citation-4\">bajo peso de 22 kg<\/span><\/b><span class=\"citation-4 citation-end-4\">sino que tambi\u00e9n proporciona una rigidez superior para una mayor durabilidad.<\/span> Adem\u00e1s, aporta un toque de <b>estilo franc\u00e9s<\/b> muy necesario en el mercado. Elige entre <b>cuatro colores distintos de carbono<\/b> para conseguir un aspecto realmente \u00fanico. <\/p>\n<hr>\n<p><strong>Especificaciones<\/strong>:<\/p>\n<p>Material: Carbono completo<br \/>\nMotor: Motor dual 2,2kw x2<br \/>\nTipo de bater\u00eda: Litio (24Ah)<br \/>\nPeso de la bater\u00eda: 8 kg<br \/>\nM\u00e1x. Empuje: 670N<br \/>\nVelocidad m\u00e1xima: 21 km\/h (en modo Tibur\u00f3n)<br \/>\nProfundidad de inmersi\u00f3n: 40 m (puede ajustarse gradualmente)<br \/>\nFlotabilidad: +3 kg<br \/>\nPantalla: LCD HD 5,5&#8243; 13cm<br \/>\nModos: 4 (Tibur\u00f3n, Deporte, Crucero, Eco)<br \/>\nAutonom\u00eda m\u00ednima: 37 min (20min en modo Tibur\u00f3n + 17min en modo Eco )<br \/>\nAutonom\u00eda m\u00e1xima: 120min (en modo ECO)<br \/>\nTiempo de carga: 96min<br \/>\nLuces: Firma LED completa<br \/>\nCargador: Cargador variable (carga lenta, est\u00e1ndar y r\u00e1pida)<br \/>\nTama\u00f1o del producto: 98x50x28 cm<br \/>\nPeso: 23kg<\/p>\n","protected":false},"excerpt":{"rendered":"<p>Presentamos el primer scooter subacu\u00e1tico totalmente de carbono del mundo: una maravilla de la ingenier\u00eda que combina una llamativa est\u00e9tica de alta gama con un rendimiento excepcional, todo ello con un incre\u00edble peso de 22 kg.<\/p>\n<p>*El precio indicado incluye el IVA<\/p>\n","protected":false},"featured_media":19668,"comment_status":"open","ping_status":"closed","template":"","meta":{"_acf_changed":false},"product_brand":[],"product_cat":[226],"product_tag":[],"class_list":{"0":"post-22090","1":"product","2":"type-product","3":"status-publish","4":"has-post-thumbnail","6":"product_cat-seascooter","7":"repupress_customize_woocommerce_productom_class","9":"first","10":"instock","11":"taxable","12":"shipping-taxable","13":"purchasable","14":"product-type-simple"},"acf":[],"yoast_head":"<!-- This site is optimized with the Yoast SEO plugin v27.5 - https:\/\/yoast.com\/product\/yoast-seo-wordpress\/ -->\n<title>SeaNXT ELITE 2025 | Nauti Parts<\/title>\n<meta name=\"robots\" content=\"index, follow, max-snippet:-1, max-image-preview:large, max-video-preview:-1\" \/>\n<link rel=\"canonical\" href=\"https:\/\/nauti-parts.com\/es\/shop\/juguetes-acuaticos\/seascooter\/seanxt-elite-2025\/\" \/>\n<meta property=\"og:locale\" content=\"es_ES\" \/>\n<meta property=\"og:type\" content=\"article\" \/>\n<meta property=\"og:title\" content=\"SeaNXT ELITE 2025 | Nauti Parts\" \/>\n<meta property=\"og:description\" content=\"Presentamos el primer scooter subacu\u00e1tico totalmente de carbono del mundo: una maravilla de la ingenier\u00eda que combina una llamativa est\u00e9tica de alta gama con un rendimiento excepcional, todo ello con un incre\u00edble peso de 22 kg. *El precio indicado incluye el IVA\" \/>\n<meta property=\"og:url\" content=\"https:\/\/nauti-parts.com\/es\/shop\/juguetes-acuaticos\/seascooter\/seanxt-elite-2025\/\" \/>\n<meta property=\"og:site_name\" content=\"Nauti Parts\" \/>\n<meta property=\"article:publisher\" content=\"https:\/\/www.facebook.com\/nautipartsspain\/\" \/>\n<meta property=\"og:image\" content=\"https:\/\/nauti-parts.com\/wp-content\/uploads\/2025\/07\/seanxt-elite-underwater-scooter-01.webp\" \/>\n\t<meta property=\"og:image:width\" content=\"1200\" \/>\n\t<meta property=\"og:image:height\" content=\"800\" \/>\n\t<meta property=\"og:image:type\" content=\"image\/webp\" \/>\n<meta name=\"twitter:card\" content=\"summary_large_image\" \/>\n<meta name=\"twitter:label1\" content=\"Tiempo de lectura\" \/>\n\t<meta name=\"twitter:data1\" content=\"1 minuto\" \/>\n<script type=\"application\/ld+json\" class=\"yoast-schema-graph\">{\"@context\":\"https:\\\/\\\/schema.org\",\"@graph\":[{\"@type\":\"WebPage\",\"@id\":\"https:\\\/\\\/nauti-parts.com\\\/es\\\/shop\\\/juguetes-acuaticos\\\/seascooter\\\/seanxt-elite-2025\\\/\",\"url\":\"https:\\\/\\\/nauti-parts.com\\\/es\\\/shop\\\/juguetes-acuaticos\\\/seascooter\\\/seanxt-elite-2025\\\/\",\"name\":\"SeaNXT ELITE 2025 | Nauti Parts\",\"isPartOf\":{\"@id\":\"https:\\\/\\\/nauti-parts.com\\\/es\\\/#website\"},\"primaryImageOfPage\":{\"@id\":\"https:\\\/\\\/nauti-parts.com\\\/es\\\/shop\\\/juguetes-acuaticos\\\/seascooter\\\/seanxt-elite-2025\\\/#primaryimage\"},\"image\":{\"@id\":\"https:\\\/\\\/nauti-parts.com\\\/es\\\/shop\\\/juguetes-acuaticos\\\/seascooter\\\/seanxt-elite-2025\\\/#primaryimage\"},\"thumbnailUrl\":\"https:\\\/\\\/nauti-parts.com\\\/wp-content\\\/uploads\\\/2025\\\/07\\\/seanxt-elite-underwater-scooter-01.webp\",\"datePublished\":\"2025-07-30T12:15:05+00:00\",\"breadcrumb\":{\"@id\":\"https:\\\/\\\/nauti-parts.com\\\/es\\\/shop\\\/juguetes-acuaticos\\\/seascooter\\\/seanxt-elite-2025\\\/#breadcrumb\"},\"inLanguage\":\"es\",\"potentialAction\":[{\"@type\":\"ReadAction\",\"target\":[\"https:\\\/\\\/nauti-parts.com\\\/es\\\/shop\\\/juguetes-acuaticos\\\/seascooter\\\/seanxt-elite-2025\\\/\"]}]},{\"@type\":\"ImageObject\",\"inLanguage\":\"es\",\"@id\":\"https:\\\/\\\/nauti-parts.com\\\/es\\\/shop\\\/juguetes-acuaticos\\\/seascooter\\\/seanxt-elite-2025\\\/#primaryimage\",\"url\":\"https:\\\/\\\/nauti-parts.com\\\/wp-content\\\/uploads\\\/2025\\\/07\\\/seanxt-elite-underwater-scooter-01.webp\",\"contentUrl\":\"https:\\\/\\\/nauti-parts.com\\\/wp-content\\\/uploads\\\/2025\\\/07\\\/seanxt-elite-underwater-scooter-01.webp\",\"width\":1200,\"height\":800},{\"@type\":\"BreadcrumbList\",\"@id\":\"https:\\\/\\\/nauti-parts.com\\\/es\\\/shop\\\/juguetes-acuaticos\\\/seascooter\\\/seanxt-elite-2025\\\/#breadcrumb\",\"itemListElement\":[{\"@type\":\"ListItem\",\"position\":1,\"name\":\"Tienda\",\"item\":\"https:\\\/\\\/nauti-parts.com\\\/es\\\/tienda\\\/\"},{\"@type\":\"ListItem\",\"position\":2,\"name\":\"SeaNXT ELITE 2025\"}]},{\"@type\":\"WebSite\",\"@id\":\"https:\\\/\\\/nauti-parts.com\\\/es\\\/#website\",\"url\":\"https:\\\/\\\/nauti-parts.com\\\/es\\\/\",\"name\":\"Nauti Parts\",\"description\":\"Sea-Doo Jet Ski - Seabob Dealer and Rentals | Water Toys Mallorca\",\"publisher\":{\"@id\":\"https:\\\/\\\/nauti-parts.com\\\/es\\\/#organization\"},\"potentialAction\":[{\"@type\":\"SearchAction\",\"target\":{\"@type\":\"EntryPoint\",\"urlTemplate\":\"https:\\\/\\\/nauti-parts.com\\\/es\\\/?s={search_term_string}\"},\"query-input\":{\"@type\":\"PropertyValueSpecification\",\"valueRequired\":true,\"valueName\":\"search_term_string\"}}],\"inLanguage\":\"es\"},{\"@type\":\"Organization\",\"@id\":\"https:\\\/\\\/nauti-parts.com\\\/es\\\/#organization\",\"name\":\"Piezas Nauti\",\"url\":\"https:\\\/\\\/nauti-parts.com\\\/es\\\/\",\"logo\":{\"@type\":\"ImageObject\",\"inLanguage\":\"es\",\"@id\":\"https:\\\/\\\/nauti-parts.com\\\/es\\\/#\\\/schema\\\/logo\\\/image\\\/\",\"url\":\"https:\\\/\\\/nauti-parts.com\\\/wp-content\\\/uploads\\\/2023\\\/10\\\/np-logo-black.png\",\"contentUrl\":\"https:\\\/\\\/nauti-parts.com\\\/wp-content\\\/uploads\\\/2023\\\/10\\\/np-logo-black.png\",\"width\":253,\"height\":100,\"caption\":\"Piezas Nauti\"},\"image\":{\"@id\":\"https:\\\/\\\/nauti-parts.com\\\/es\\\/#\\\/schema\\\/logo\\\/image\\\/\"},\"sameAs\":[\"https:\\\/\\\/www.facebook.com\\\/nautipartsspain\\\/\",\"https:\\\/\\\/www.instagram.com\\\/nautiparts\\\/\"]}]}<\/script>\n<!-- \/ Yoast SEO plugin. -->","yoast_head_json":{"title":"SeaNXT ELITE 2025 | Nauti Parts","robots":{"index":"index","follow":"follow","max-snippet":"max-snippet:-1","max-image-preview":"max-image-preview:large","max-video-preview":"max-video-preview:-1"},"canonical":"https:\/\/nauti-parts.com\/es\/shop\/juguetes-acuaticos\/seascooter\/seanxt-elite-2025\/","og_locale":"es_ES","og_type":"article","og_title":"SeaNXT ELITE 2025 | Nauti Parts","og_description":"Presentamos el primer scooter subacu\u00e1tico totalmente de carbono del mundo: una maravilla de la ingenier\u00eda que combina una llamativa est\u00e9tica de alta gama con un rendimiento excepcional, todo ello con un incre\u00edble peso de 22 kg. *El precio indicado incluye el IVA","og_url":"https:\/\/nauti-parts.com\/es\/shop\/juguetes-acuaticos\/seascooter\/seanxt-elite-2025\/","og_site_name":"Nauti Parts","article_publisher":"https:\/\/www.facebook.com\/nautipartsspain\/","og_image":[{"width":1200,"height":800,"url":"https:\/\/nauti-parts.com\/wp-content\/uploads\/2025\/07\/seanxt-elite-underwater-scooter-01.webp","type":"image\/webp"}],"twitter_card":"summary_large_image","twitter_misc":{"Tiempo de lectura":"1 minuto"},"schema":{"@context":"https:\/\/schema.org","@graph":[{"@type":"WebPage","@id":"https:\/\/nauti-parts.com\/es\/shop\/juguetes-acuaticos\/seascooter\/seanxt-elite-2025\/","url":"https:\/\/nauti-parts.com\/es\/shop\/juguetes-acuaticos\/seascooter\/seanxt-elite-2025\/","name":"SeaNXT ELITE 2025 | Nauti Parts","isPartOf":{"@id":"https:\/\/nauti-parts.com\/es\/#website"},"primaryImageOfPage":{"@id":"https:\/\/nauti-parts.com\/es\/shop\/juguetes-acuaticos\/seascooter\/seanxt-elite-2025\/#primaryimage"},"image":{"@id":"https:\/\/nauti-parts.com\/es\/shop\/juguetes-acuaticos\/seascooter\/seanxt-elite-2025\/#primaryimage"},"thumbnailUrl":"https:\/\/nauti-parts.com\/wp-content\/uploads\/2025\/07\/seanxt-elite-underwater-scooter-01.webp","datePublished":"2025-07-30T12:15:05+00:00","breadcrumb":{"@id":"https:\/\/nauti-parts.com\/es\/shop\/juguetes-acuaticos\/seascooter\/seanxt-elite-2025\/#breadcrumb"},"inLanguage":"es","potentialAction":[{"@type":"ReadAction","target":["https:\/\/nauti-parts.com\/es\/shop\/juguetes-acuaticos\/seascooter\/seanxt-elite-2025\/"]}]},{"@type":"ImageObject","inLanguage":"es","@id":"https:\/\/nauti-parts.com\/es\/shop\/juguetes-acuaticos\/seascooter\/seanxt-elite-2025\/#primaryimage","url":"https:\/\/nauti-parts.com\/wp-content\/uploads\/2025\/07\/seanxt-elite-underwater-scooter-01.webp","contentUrl":"https:\/\/nauti-parts.com\/wp-content\/uploads\/2025\/07\/seanxt-elite-underwater-scooter-01.webp","width":1200,"height":800},{"@type":"BreadcrumbList","@id":"https:\/\/nauti-parts.com\/es\/shop\/juguetes-acuaticos\/seascooter\/seanxt-elite-2025\/#breadcrumb","itemListElement":[{"@type":"ListItem","position":1,"name":"Tienda","item":"https:\/\/nauti-parts.com\/es\/tienda\/"},{"@type":"ListItem","position":2,"name":"SeaNXT ELITE 2025"}]},{"@type":"WebSite","@id":"https:\/\/nauti-parts.com\/es\/#website","url":"https:\/\/nauti-parts.com\/es\/","name":"Nauti Parts","description":"Sea-Doo Jet Ski - Seabob Dealer and Rentals | Water Toys Mallorca","publisher":{"@id":"https:\/\/nauti-parts.com\/es\/#organization"},"potentialAction":[{"@type":"SearchAction","target":{"@type":"EntryPoint","urlTemplate":"https:\/\/nauti-parts.com\/es\/?s={search_term_string}"},"query-input":{"@type":"PropertyValueSpecification","valueRequired":true,"valueName":"search_term_string"}}],"inLanguage":"es"},{"@type":"Organization","@id":"https:\/\/nauti-parts.com\/es\/#organization","name":"Piezas Nauti","url":"https:\/\/nauti-parts.com\/es\/","logo":{"@type":"ImageObject","inLanguage":"es","@id":"https:\/\/nauti-parts.com\/es\/#\/schema\/logo\/image\/","url":"https:\/\/nauti-parts.com\/wp-content\/uploads\/2023\/10\/np-logo-black.png","contentUrl":"https:\/\/nauti-parts.com\/wp-content\/uploads\/2023\/10\/np-logo-black.png","width":253,"height":100,"caption":"Piezas Nauti"},"image":{"@id":"https:\/\/nauti-parts.com\/es\/#\/schema\/logo\/image\/"},"sameAs":["https:\/\/www.facebook.com\/nautipartsspain\/","https:\/\/www.instagram.com\/nautiparts\/"]}]}},"_links":{"self":[{"href":"https:\/\/nauti-parts.com\/es\/wp-json\/wp\/v2\/product\/22090","targetHints":{"allow":["GET"]}}],"collection":[{"href":"https:\/\/nauti-parts.com\/es\/wp-json\/wp\/v2\/product"}],"about":[{"href":"https:\/\/nauti-parts.com\/es\/wp-json\/wp\/v2\/types\/product"}],"replies":[{"embeddable":true,"href":"https:\/\/nauti-parts.com\/es\/wp-json\/wp\/v2\/comments?post=22090"}],"wp:featuredmedia":[{"embeddable":true,"href":"https:\/\/nauti-parts.com\/es\/wp-json\/wp\/v2\/media\/19668"}],"wp:attachment":[{"href":"https:\/\/nauti-parts.com\/es\/wp-json\/wp\/v2\/media?parent=22090"}],"wp:term":[{"taxonomy":"product_brand","embeddable":true,"href":"https:\/\/nauti-parts.com\/es\/wp-json\/wp\/v2\/product_brand?post=22090"},{"taxonomy":"product_cat","embeddable":true,"href":"https:\/\/nauti-parts.com\/es\/wp-json\/wp\/v2\/product_cat?post=22090"},{"taxonomy":"product_tag","embeddable":true,"href":"https:\/\/nauti-parts.com\/es\/wp-json\/wp\/v2\/product_tag?post=22090"}],"curies":[{"name":"wp","href":"https:\/\/api.w.org\/{rel}","templated":true}]}}