{"id":21935,"date":"2025-10-15T12:38:03","date_gmt":"2025-10-15T12:38:03","guid":{"rendered":"https:\/\/nauti-parts.com\/shop\/sin categor\u00eda\/piscina-infinita-jobe\/"},"modified":"2025-10-15T12:38:03","modified_gmt":"2025-10-15T12:38:03","slug":"piscina-infinita-jobe","status":"publish","type":"product","link":"https:\/\/nauti-parts.com\/es\/shop\/hinchables\/plataformas\/piscina-infinita-jobe\/","title":{"rendered":"Piscina Infinita Jobe"},"content":{"rendered":"<p>Piscina Infinity: Longitud: 3,72 m | 12&#8217;2&#8243; &#8211; Anchura: 5,63 m | 18&#8217;6&#8243; &#8211; Grosor: 20 cm | 8&#8243; &#8211; Volumen: 1283 L &#8211; Peso: 35 kg | 77 lbs &#8211; Profundidad de la red: 2 m | 6.5&#8243; &#8211; Peso m\u00e1ximo de<br \/>\n: 500 kg | 1102 lbs &#8211; Presi\u00f3n: 6 PSI &#8211; 2 v\u00e1lvulas Halkey Roberts &#8211; Ligero punto de ca\u00edda de una sola capa &#8211; Cubierta de EVA antideslizante, c\u00f3moda y duradera de 5 mm de grosor<br \/>\n&#8211; 10 asas de transporte &#8211; 7 anillas en D simples grandes y 5 anillas en D dobles peque\u00f1as para conectar las plataformas entre s\u00ed &#8211; Solapas de conexi\u00f3n con velcro para unir firmemente las plataformas<br \/>\n&#8211; 4 anillas en D dobles peque\u00f1as para conectar con el parachoques Infinity &#8211; 2 conectores de PVC para instalar la escalera de ba\u00f1o (de acero) &#8211; Incluye bolsa de almacenamiento de PVC &#8211; 3 a\u00f1os de garant\u00eda<\/p>\n<p>Bomba Infinity 12v: Bomba a bater\u00eda (hasta 11,2 psi) &#8211; Boquilla Halkey roberts &#8211; Tiempo de carga 8 horas &#8211; Se adapta a la piscina Infinity, Island, island small, island small + piscina,<br \/>\nparachoques de popa y defensas &#8211; Bolsa de transporte &#8211; Bomba recargable a 12v y 220 voltios &#8211; Longitud: 30 cm | 11,7&#8243; &#8211; Anchura: 20 cm | 7,8&#8221; &#8211; Altura: 18 cm | 7&#8243;<\/p>\n","protected":false},"excerpt":{"rendered":"<p>\u00a1Porque todas las islas son \u00fanicas! <\/p>\n<p>Dimensiones: 372 x 563 x 20 cm \/ 2 metros de profundidad<\/p>\n<p>Escalera y bomba incluidas<\/p>\n","protected":false},"featured_media":19946,"comment_status":"open","ping_status":"closed","template":"","meta":{"_acf_changed":false},"product_brand":[],"product_cat":[224,347,262,232],"product_tag":[],"class_list":{"0":"post-21935","1":"product","2":"type-product","3":"status-publish","4":"has-post-thumbnail","6":"product_cat-hinchables","7":"product_cat-jobe-infinito","9":"product_cat-plataformas","10":"repupress_customize_woocommerce_productom_class","12":"first","13":"instock","14":"taxable","15":"shipping-taxable","16":"purchasable","17":"product-type-simple"},"acf":[],"yoast_head":"<!-- This site is optimized with the Yoast SEO plugin v27.5 - https:\/\/yoast.com\/product\/yoast-seo-wordpress\/ -->\n<title>Piscina Infinita Jobe | Nauti Parts<\/title>\n<meta name=\"robots\" content=\"index, follow, max-snippet:-1, max-image-preview:large, max-video-preview:-1\" \/>\n<link rel=\"canonical\" href=\"https:\/\/nauti-parts.com\/es\/shop\/hinchables\/plataformas\/piscina-infinita-jobe\/\" \/>\n<meta property=\"og:locale\" content=\"es_ES\" \/>\n<meta property=\"og:type\" content=\"article\" \/>\n<meta property=\"og:title\" content=\"Piscina Infinita Jobe | Nauti Parts\" \/>\n<meta property=\"og:description\" content=\"\u00a1Porque todas las islas son \u00fanicas!  Dimensiones: 372 x 563 x 20 cm \/ 2 metros de profundidad Escalera y bomba incluidas\" \/>\n<meta property=\"og:url\" content=\"https:\/\/nauti-parts.com\/es\/shop\/hinchables\/plataformas\/piscina-infinita-jobe\/\" \/>\n<meta property=\"og:site_name\" content=\"Nauti Parts\" \/>\n<meta property=\"article:publisher\" content=\"https:\/\/www.facebook.com\/nautipartsspain\/\" \/>\n<meta property=\"og:image\" content=\"https:\/\/nauti-parts.com\/wp-content\/uploads\/2025\/10\/jobe-infinity-pool-2026-3.jpg\" \/>\n\t<meta property=\"og:image:width\" content=\"339\" \/>\n\t<meta property=\"og:image:height\" content=\"296\" \/>\n\t<meta property=\"og:image:type\" content=\"image\/jpeg\" \/>\n<meta name=\"twitter:card\" content=\"summary_large_image\" \/>\n<meta name=\"twitter:label1\" content=\"Tiempo de lectura\" \/>\n\t<meta name=\"twitter:data1\" content=\"1 minuto\" \/>\n<script type=\"application\/ld+json\" class=\"yoast-schema-graph\">{\"@context\":\"https:\\\/\\\/schema.org\",\"@graph\":[{\"@type\":\"WebPage\",\"@id\":\"https:\\\/\\\/nauti-parts.com\\\/es\\\/shop\\\/hinchables\\\/plataformas\\\/piscina-infinita-jobe\\\/\",\"url\":\"https:\\\/\\\/nauti-parts.com\\\/es\\\/shop\\\/hinchables\\\/plataformas\\\/piscina-infinita-jobe\\\/\",\"name\":\"Piscina Infinita Jobe | Nauti Parts\",\"isPartOf\":{\"@id\":\"https:\\\/\\\/nauti-parts.com\\\/es\\\/#website\"},\"primaryImageOfPage\":{\"@id\":\"https:\\\/\\\/nauti-parts.com\\\/es\\\/shop\\\/hinchables\\\/plataformas\\\/piscina-infinita-jobe\\\/#primaryimage\"},\"image\":{\"@id\":\"https:\\\/\\\/nauti-parts.com\\\/es\\\/shop\\\/hinchables\\\/plataformas\\\/piscina-infinita-jobe\\\/#primaryimage\"},\"thumbnailUrl\":\"https:\\\/\\\/nauti-parts.com\\\/wp-content\\\/uploads\\\/2025\\\/10\\\/jobe-infinity-pool-2026-3.jpg\",\"datePublished\":\"2025-10-15T12:38:03+00:00\",\"breadcrumb\":{\"@id\":\"https:\\\/\\\/nauti-parts.com\\\/es\\\/shop\\\/hinchables\\\/plataformas\\\/piscina-infinita-jobe\\\/#breadcrumb\"},\"inLanguage\":\"es\",\"potentialAction\":[{\"@type\":\"ReadAction\",\"target\":[\"https:\\\/\\\/nauti-parts.com\\\/es\\\/shop\\\/hinchables\\\/plataformas\\\/piscina-infinita-jobe\\\/\"]}]},{\"@type\":\"ImageObject\",\"inLanguage\":\"es\",\"@id\":\"https:\\\/\\\/nauti-parts.com\\\/es\\\/shop\\\/hinchables\\\/plataformas\\\/piscina-infinita-jobe\\\/#primaryimage\",\"url\":\"https:\\\/\\\/nauti-parts.com\\\/wp-content\\\/uploads\\\/2025\\\/10\\\/jobe-infinity-pool-2026-3.jpg\",\"contentUrl\":\"https:\\\/\\\/nauti-parts.com\\\/wp-content\\\/uploads\\\/2025\\\/10\\\/jobe-infinity-pool-2026-3.jpg\",\"width\":339,\"height\":296},{\"@type\":\"BreadcrumbList\",\"@id\":\"https:\\\/\\\/nauti-parts.com\\\/es\\\/shop\\\/hinchables\\\/plataformas\\\/piscina-infinita-jobe\\\/#breadcrumb\",\"itemListElement\":[{\"@type\":\"ListItem\",\"position\":1,\"name\":\"Tienda\",\"item\":\"https:\\\/\\\/nauti-parts.com\\\/es\\\/tienda\\\/\"},{\"@type\":\"ListItem\",\"position\":2,\"name\":\"Piscina Infinita Jobe\"}]},{\"@type\":\"WebSite\",\"@id\":\"https:\\\/\\\/nauti-parts.com\\\/es\\\/#website\",\"url\":\"https:\\\/\\\/nauti-parts.com\\\/es\\\/\",\"name\":\"Nauti Parts\",\"description\":\"Sea-Doo Jet Ski - Seabob Dealer and Rentals | Water Toys Mallorca\",\"publisher\":{\"@id\":\"https:\\\/\\\/nauti-parts.com\\\/es\\\/#organization\"},\"potentialAction\":[{\"@type\":\"SearchAction\",\"target\":{\"@type\":\"EntryPoint\",\"urlTemplate\":\"https:\\\/\\\/nauti-parts.com\\\/es\\\/?s={search_term_string}\"},\"query-input\":{\"@type\":\"PropertyValueSpecification\",\"valueRequired\":true,\"valueName\":\"search_term_string\"}}],\"inLanguage\":\"es\"},{\"@type\":\"Organization\",\"@id\":\"https:\\\/\\\/nauti-parts.com\\\/es\\\/#organization\",\"name\":\"Piezas Nauti\",\"url\":\"https:\\\/\\\/nauti-parts.com\\\/es\\\/\",\"logo\":{\"@type\":\"ImageObject\",\"inLanguage\":\"es\",\"@id\":\"https:\\\/\\\/nauti-parts.com\\\/es\\\/#\\\/schema\\\/logo\\\/image\\\/\",\"url\":\"https:\\\/\\\/nauti-parts.com\\\/wp-content\\\/uploads\\\/2023\\\/10\\\/np-logo-black.png\",\"contentUrl\":\"https:\\\/\\\/nauti-parts.com\\\/wp-content\\\/uploads\\\/2023\\\/10\\\/np-logo-black.png\",\"width\":253,\"height\":100,\"caption\":\"Piezas Nauti\"},\"image\":{\"@id\":\"https:\\\/\\\/nauti-parts.com\\\/es\\\/#\\\/schema\\\/logo\\\/image\\\/\"},\"sameAs\":[\"https:\\\/\\\/www.facebook.com\\\/nautipartsspain\\\/\",\"https:\\\/\\\/www.instagram.com\\\/nautiparts\\\/\"]}]}<\/script>\n<!-- \/ Yoast SEO plugin. -->","yoast_head_json":{"title":"Piscina Infinita Jobe | Nauti Parts","robots":{"index":"index","follow":"follow","max-snippet":"max-snippet:-1","max-image-preview":"max-image-preview:large","max-video-preview":"max-video-preview:-1"},"canonical":"https:\/\/nauti-parts.com\/es\/shop\/hinchables\/plataformas\/piscina-infinita-jobe\/","og_locale":"es_ES","og_type":"article","og_title":"Piscina Infinita Jobe | Nauti Parts","og_description":"\u00a1Porque todas las islas son \u00fanicas!  Dimensiones: 372 x 563 x 20 cm \/ 2 metros de profundidad Escalera y bomba incluidas","og_url":"https:\/\/nauti-parts.com\/es\/shop\/hinchables\/plataformas\/piscina-infinita-jobe\/","og_site_name":"Nauti Parts","article_publisher":"https:\/\/www.facebook.com\/nautipartsspain\/","og_image":[{"width":339,"height":296,"url":"https:\/\/nauti-parts.com\/wp-content\/uploads\/2025\/10\/jobe-infinity-pool-2026-3.jpg","type":"image\/jpeg"}],"twitter_card":"summary_large_image","twitter_misc":{"Tiempo de lectura":"1 minuto"},"schema":{"@context":"https:\/\/schema.org","@graph":[{"@type":"WebPage","@id":"https:\/\/nauti-parts.com\/es\/shop\/hinchables\/plataformas\/piscina-infinita-jobe\/","url":"https:\/\/nauti-parts.com\/es\/shop\/hinchables\/plataformas\/piscina-infinita-jobe\/","name":"Piscina Infinita Jobe | Nauti Parts","isPartOf":{"@id":"https:\/\/nauti-parts.com\/es\/#website"},"primaryImageOfPage":{"@id":"https:\/\/nauti-parts.com\/es\/shop\/hinchables\/plataformas\/piscina-infinita-jobe\/#primaryimage"},"image":{"@id":"https:\/\/nauti-parts.com\/es\/shop\/hinchables\/plataformas\/piscina-infinita-jobe\/#primaryimage"},"thumbnailUrl":"https:\/\/nauti-parts.com\/wp-content\/uploads\/2025\/10\/jobe-infinity-pool-2026-3.jpg","datePublished":"2025-10-15T12:38:03+00:00","breadcrumb":{"@id":"https:\/\/nauti-parts.com\/es\/shop\/hinchables\/plataformas\/piscina-infinita-jobe\/#breadcrumb"},"inLanguage":"es","potentialAction":[{"@type":"ReadAction","target":["https:\/\/nauti-parts.com\/es\/shop\/hinchables\/plataformas\/piscina-infinita-jobe\/"]}]},{"@type":"ImageObject","inLanguage":"es","@id":"https:\/\/nauti-parts.com\/es\/shop\/hinchables\/plataformas\/piscina-infinita-jobe\/#primaryimage","url":"https:\/\/nauti-parts.com\/wp-content\/uploads\/2025\/10\/jobe-infinity-pool-2026-3.jpg","contentUrl":"https:\/\/nauti-parts.com\/wp-content\/uploads\/2025\/10\/jobe-infinity-pool-2026-3.jpg","width":339,"height":296},{"@type":"BreadcrumbList","@id":"https:\/\/nauti-parts.com\/es\/shop\/hinchables\/plataformas\/piscina-infinita-jobe\/#breadcrumb","itemListElement":[{"@type":"ListItem","position":1,"name":"Tienda","item":"https:\/\/nauti-parts.com\/es\/tienda\/"},{"@type":"ListItem","position":2,"name":"Piscina Infinita Jobe"}]},{"@type":"WebSite","@id":"https:\/\/nauti-parts.com\/es\/#website","url":"https:\/\/nauti-parts.com\/es\/","name":"Nauti Parts","description":"Sea-Doo Jet Ski - Seabob Dealer and Rentals | Water Toys Mallorca","publisher":{"@id":"https:\/\/nauti-parts.com\/es\/#organization"},"potentialAction":[{"@type":"SearchAction","target":{"@type":"EntryPoint","urlTemplate":"https:\/\/nauti-parts.com\/es\/?s={search_term_string}"},"query-input":{"@type":"PropertyValueSpecification","valueRequired":true,"valueName":"search_term_string"}}],"inLanguage":"es"},{"@type":"Organization","@id":"https:\/\/nauti-parts.com\/es\/#organization","name":"Piezas Nauti","url":"https:\/\/nauti-parts.com\/es\/","logo":{"@type":"ImageObject","inLanguage":"es","@id":"https:\/\/nauti-parts.com\/es\/#\/schema\/logo\/image\/","url":"https:\/\/nauti-parts.com\/wp-content\/uploads\/2023\/10\/np-logo-black.png","contentUrl":"https:\/\/nauti-parts.com\/wp-content\/uploads\/2023\/10\/np-logo-black.png","width":253,"height":100,"caption":"Piezas Nauti"},"image":{"@id":"https:\/\/nauti-parts.com\/es\/#\/schema\/logo\/image\/"},"sameAs":["https:\/\/www.facebook.com\/nautipartsspain\/","https:\/\/www.instagram.com\/nautiparts\/"]}]}},"_links":{"self":[{"href":"https:\/\/nauti-parts.com\/es\/wp-json\/wp\/v2\/product\/21935","targetHints":{"allow":["GET"]}}],"collection":[{"href":"https:\/\/nauti-parts.com\/es\/wp-json\/wp\/v2\/product"}],"about":[{"href":"https:\/\/nauti-parts.com\/es\/wp-json\/wp\/v2\/types\/product"}],"replies":[{"embeddable":true,"href":"https:\/\/nauti-parts.com\/es\/wp-json\/wp\/v2\/comments?post=21935"}],"wp:featuredmedia":[{"embeddable":true,"href":"https:\/\/nauti-parts.com\/es\/wp-json\/wp\/v2\/media\/19946"}],"wp:attachment":[{"href":"https:\/\/nauti-parts.com\/es\/wp-json\/wp\/v2\/media?parent=21935"}],"wp:term":[{"taxonomy":"product_brand","embeddable":true,"href":"https:\/\/nauti-parts.com\/es\/wp-json\/wp\/v2\/product_brand?post=21935"},{"taxonomy":"product_cat","embeddable":true,"href":"https:\/\/nauti-parts.com\/es\/wp-json\/wp\/v2\/product_cat?post=21935"},{"taxonomy":"product_tag","embeddable":true,"href":"https:\/\/nauti-parts.com\/es\/wp-json\/wp\/v2\/product_tag?post=21935"}],"curies":[{"name":"wp","href":"https:\/\/api.w.org\/{rel}","templated":true}]}}