{"id":21892,"date":"2025-10-24T11:08:45","date_gmt":"2025-10-24T11:08:45","guid":{"rendered":"https:\/\/nauti-parts.com\/shop\/sin categor\u00eda\/embarcacion-spinera-doble-fuera-borda-muelle-3-08\/"},"modified":"2025-10-24T11:08:45","modified_gmt":"2025-10-24T11:08:45","slug":"embarcacion-spinera-doble-fuera-borda-muelle-3-08","status":"publish","type":"product","link":"https:\/\/nauti-parts.com\/es\/shop\/hinchables\/plataformas\/embarcacion-spinera-doble-fuera-borda-muelle-3-08\/","title":{"rendered":"Embarcaci\u00f3n Spinera Doble Fuera Borda Muelle 3.08"},"content":{"rendered":"<p class=\"p1\">Con el Muelle para Dos Fuerabordas Spinera Boating, puedes crear una plataforma estable y vers\u00e1til justo detr\u00e1s de tu embarcaci\u00f3n. Gracias al gran hueco para el motor, este muelle est\u00e1 dise\u00f1ado espec\u00edficamente para embarcaciones con dos motores fueraborda. <\/p>\n<p class=\"p1\">Al mismo tiempo, tambi\u00e9n puede utilizarse para embarcaciones intraborda o simplemente como zona de relax adicional: m\u00e1xima flexibilidad para cualquier prop\u00f3sito.<\/p>\n<p class=\"p2\">La robusta construcci\u00f3n HDDS Dropstitch de 15 cm garantiza la m\u00e1xima estabilidad y durabilidad. Se pueden conectar f\u00e1cilmente varias plataformas con las correas de hebilla de leva incluidas, lo que te permite dise\u00f1ar tu propio sal\u00f3n acu\u00e1tico, ya sea como plataforma de ba\u00f1o, muelle de embarque o c\u00f3moda zona para tomar el sol. <\/p>\n<p><strong>Especificaciones:<\/strong><\/p>\n<ul>\n<li class=\"p2\">Tama\u00f1o: 308 x 205 cm<\/li>\n<li class=\"p2\">Material: Plataforma de puntada ca\u00edda HDDS de 15 cm<\/li>\n<li class=\"p2\">V\u00e1lvula: 1 V\u00e1lvula de alta presi\u00f3n<\/li>\n<li class=\"p2\">Fijaci\u00f3n: 7 anillas en D (acero inoxidable 316)<\/li>\n<li class=\"p2\">Comodidad de transporte: 7 asas laterales &#8211; para un manejo f\u00e1cil y una conexi\u00f3n flexible con otros muelles, por ejemplo Spinera o YACHTBEACH<\/li>\n<li class=\"p2\">Hueco para el motor fueraborda: 135 x 75 cm<\/li>\n<li class=\"p2\">Tama\u00f1o de almacenamiento: 79 x 49 x 29 cm<\/li>\n<li class=\"p2\">Peso: 25 kg<\/li>\n<\/ul>\n<p class=\"p1\"><strong>El paquete contiene:<\/strong><\/p>\n<ul>\n<li class=\"p1\">1x Bolsa de transporte b\u00e1sica<\/li>\n<li class=\"p1\">2x Correas con hebilla de leva para conexi\u00f3n con plataformas adicionales<\/li>\n<li class=\"p2\">1x Set de reparaci\u00f3n<\/li>\n<\/ul>\n","protected":false},"excerpt":{"rendered":"<p><b>La plataforma perfecta para embarcaciones con dos motores fueraborda  <\/b><\/p>\n","protected":false},"featured_media":20110,"comment_status":"open","ping_status":"closed","template":"","meta":{"_acf_changed":false},"product_brand":[],"product_cat":[224,232],"product_tag":[],"class_list":{"0":"post-21892","1":"product","2":"type-product","3":"status-publish","4":"has-post-thumbnail","6":"product_cat-hinchables","7":"product_cat-plataformas","8":"repupress_customize_woocommerce_productom_class","10":"first","11":"instock","12":"taxable","13":"shipping-taxable","14":"purchasable","15":"product-type-variable"},"acf":[],"yoast_head":"<!-- This site is optimized with the Yoast SEO plugin v27.5 - https:\/\/yoast.com\/product\/yoast-seo-wordpress\/ -->\n<title>Embarcaci\u00f3n Spinera Doble Fuera Borda Muelle 3.08 | Nauti Parts<\/title>\n<meta name=\"robots\" content=\"index, follow, max-snippet:-1, max-image-preview:large, max-video-preview:-1\" \/>\n<link rel=\"canonical\" href=\"https:\/\/nauti-parts.com\/es\/shop\/hinchables\/plataformas\/embarcacion-spinera-doble-fuera-borda-muelle-3-08\/\" \/>\n<meta property=\"og:locale\" content=\"es_ES\" \/>\n<meta property=\"og:type\" content=\"article\" \/>\n<meta property=\"og:title\" content=\"Embarcaci\u00f3n Spinera Doble Fuera Borda Muelle 3.08 | Nauti Parts\" \/>\n<meta property=\"og:description\" content=\"La plataforma perfecta para embarcaciones con dos motores fueraborda\" \/>\n<meta property=\"og:url\" content=\"https:\/\/nauti-parts.com\/es\/shop\/hinchables\/plataformas\/embarcacion-spinera-doble-fuera-borda-muelle-3-08\/\" \/>\n<meta property=\"og:site_name\" content=\"Nauti Parts\" \/>\n<meta property=\"article:publisher\" content=\"https:\/\/www.facebook.com\/nautipartsspain\/\" \/>\n<meta property=\"og:image\" content=\"https:\/\/nauti-parts.com\/wp-content\/uploads\/2025\/10\/twin-dock-1.jpg\" \/>\n\t<meta property=\"og:image:width\" content=\"680\" \/>\n\t<meta property=\"og:image:height\" content=\"680\" \/>\n\t<meta property=\"og:image:type\" content=\"image\/jpeg\" \/>\n<meta name=\"twitter:card\" content=\"summary_large_image\" \/>\n<meta name=\"twitter:label1\" content=\"Tiempo de lectura\" \/>\n\t<meta name=\"twitter:data1\" content=\"1 minuto\" \/>\n<script type=\"application\/ld+json\" class=\"yoast-schema-graph\">{\"@context\":\"https:\\\/\\\/schema.org\",\"@graph\":[{\"@type\":\"WebPage\",\"@id\":\"https:\\\/\\\/nauti-parts.com\\\/es\\\/shop\\\/hinchables\\\/plataformas\\\/embarcacion-spinera-doble-fuera-borda-muelle-3-08\\\/\",\"url\":\"https:\\\/\\\/nauti-parts.com\\\/es\\\/shop\\\/hinchables\\\/plataformas\\\/embarcacion-spinera-doble-fuera-borda-muelle-3-08\\\/\",\"name\":\"Embarcaci\u00f3n Spinera Doble Fuera Borda Muelle 3.08 | Nauti Parts\",\"isPartOf\":{\"@id\":\"https:\\\/\\\/nauti-parts.com\\\/es\\\/#website\"},\"primaryImageOfPage\":{\"@id\":\"https:\\\/\\\/nauti-parts.com\\\/es\\\/shop\\\/hinchables\\\/plataformas\\\/embarcacion-spinera-doble-fuera-borda-muelle-3-08\\\/#primaryimage\"},\"image\":{\"@id\":\"https:\\\/\\\/nauti-parts.com\\\/es\\\/shop\\\/hinchables\\\/plataformas\\\/embarcacion-spinera-doble-fuera-borda-muelle-3-08\\\/#primaryimage\"},\"thumbnailUrl\":\"https:\\\/\\\/nauti-parts.com\\\/wp-content\\\/uploads\\\/2025\\\/10\\\/twin-dock-1.jpg\",\"datePublished\":\"2025-10-24T11:08:45+00:00\",\"breadcrumb\":{\"@id\":\"https:\\\/\\\/nauti-parts.com\\\/es\\\/shop\\\/hinchables\\\/plataformas\\\/embarcacion-spinera-doble-fuera-borda-muelle-3-08\\\/#breadcrumb\"},\"inLanguage\":\"es\",\"potentialAction\":[{\"@type\":\"ReadAction\",\"target\":[\"https:\\\/\\\/nauti-parts.com\\\/es\\\/shop\\\/hinchables\\\/plataformas\\\/embarcacion-spinera-doble-fuera-borda-muelle-3-08\\\/\"]}]},{\"@type\":\"ImageObject\",\"inLanguage\":\"es\",\"@id\":\"https:\\\/\\\/nauti-parts.com\\\/es\\\/shop\\\/hinchables\\\/plataformas\\\/embarcacion-spinera-doble-fuera-borda-muelle-3-08\\\/#primaryimage\",\"url\":\"https:\\\/\\\/nauti-parts.com\\\/wp-content\\\/uploads\\\/2025\\\/10\\\/twin-dock-1.jpg\",\"contentUrl\":\"https:\\\/\\\/nauti-parts.com\\\/wp-content\\\/uploads\\\/2025\\\/10\\\/twin-dock-1.jpg\",\"width\":680,\"height\":680,\"caption\":\"Spinera Twin Dock\"},{\"@type\":\"BreadcrumbList\",\"@id\":\"https:\\\/\\\/nauti-parts.com\\\/es\\\/shop\\\/hinchables\\\/plataformas\\\/embarcacion-spinera-doble-fuera-borda-muelle-3-08\\\/#breadcrumb\",\"itemListElement\":[{\"@type\":\"ListItem\",\"position\":1,\"name\":\"Tienda\",\"item\":\"https:\\\/\\\/nauti-parts.com\\\/es\\\/tienda\\\/\"},{\"@type\":\"ListItem\",\"position\":2,\"name\":\"Embarcaci\u00f3n Spinera Doble Fuera Borda Muelle 3.08\"}]},{\"@type\":\"WebSite\",\"@id\":\"https:\\\/\\\/nauti-parts.com\\\/es\\\/#website\",\"url\":\"https:\\\/\\\/nauti-parts.com\\\/es\\\/\",\"name\":\"Nauti Parts\",\"description\":\"Sea-Doo Jet Ski - Seabob Dealer and Rentals | Water Toys Mallorca\",\"publisher\":{\"@id\":\"https:\\\/\\\/nauti-parts.com\\\/es\\\/#organization\"},\"potentialAction\":[{\"@type\":\"SearchAction\",\"target\":{\"@type\":\"EntryPoint\",\"urlTemplate\":\"https:\\\/\\\/nauti-parts.com\\\/es\\\/?s={search_term_string}\"},\"query-input\":{\"@type\":\"PropertyValueSpecification\",\"valueRequired\":true,\"valueName\":\"search_term_string\"}}],\"inLanguage\":\"es\"},{\"@type\":\"Organization\",\"@id\":\"https:\\\/\\\/nauti-parts.com\\\/es\\\/#organization\",\"name\":\"Piezas Nauti\",\"url\":\"https:\\\/\\\/nauti-parts.com\\\/es\\\/\",\"logo\":{\"@type\":\"ImageObject\",\"inLanguage\":\"es\",\"@id\":\"https:\\\/\\\/nauti-parts.com\\\/es\\\/#\\\/schema\\\/logo\\\/image\\\/\",\"url\":\"https:\\\/\\\/nauti-parts.com\\\/wp-content\\\/uploads\\\/2023\\\/10\\\/np-logo-black.png\",\"contentUrl\":\"https:\\\/\\\/nauti-parts.com\\\/wp-content\\\/uploads\\\/2023\\\/10\\\/np-logo-black.png\",\"width\":253,\"height\":100,\"caption\":\"Piezas Nauti\"},\"image\":{\"@id\":\"https:\\\/\\\/nauti-parts.com\\\/es\\\/#\\\/schema\\\/logo\\\/image\\\/\"},\"sameAs\":[\"https:\\\/\\\/www.facebook.com\\\/nautipartsspain\\\/\",\"https:\\\/\\\/www.instagram.com\\\/nautiparts\\\/\"]}]}<\/script>\n<!-- \/ Yoast SEO plugin. -->","yoast_head_json":{"title":"Embarcaci\u00f3n Spinera Doble Fuera Borda Muelle 3.08 | Nauti Parts","robots":{"index":"index","follow":"follow","max-snippet":"max-snippet:-1","max-image-preview":"max-image-preview:large","max-video-preview":"max-video-preview:-1"},"canonical":"https:\/\/nauti-parts.com\/es\/shop\/hinchables\/plataformas\/embarcacion-spinera-doble-fuera-borda-muelle-3-08\/","og_locale":"es_ES","og_type":"article","og_title":"Embarcaci\u00f3n Spinera Doble Fuera Borda Muelle 3.08 | Nauti Parts","og_description":"La plataforma perfecta para embarcaciones con dos motores fueraborda","og_url":"https:\/\/nauti-parts.com\/es\/shop\/hinchables\/plataformas\/embarcacion-spinera-doble-fuera-borda-muelle-3-08\/","og_site_name":"Nauti Parts","article_publisher":"https:\/\/www.facebook.com\/nautipartsspain\/","og_image":[{"width":680,"height":680,"url":"https:\/\/nauti-parts.com\/wp-content\/uploads\/2025\/10\/twin-dock-1.jpg","type":"image\/jpeg"}],"twitter_card":"summary_large_image","twitter_misc":{"Tiempo de lectura":"1 minuto"},"schema":{"@context":"https:\/\/schema.org","@graph":[{"@type":"WebPage","@id":"https:\/\/nauti-parts.com\/es\/shop\/hinchables\/plataformas\/embarcacion-spinera-doble-fuera-borda-muelle-3-08\/","url":"https:\/\/nauti-parts.com\/es\/shop\/hinchables\/plataformas\/embarcacion-spinera-doble-fuera-borda-muelle-3-08\/","name":"Embarcaci\u00f3n Spinera Doble Fuera Borda Muelle 3.08 | Nauti Parts","isPartOf":{"@id":"https:\/\/nauti-parts.com\/es\/#website"},"primaryImageOfPage":{"@id":"https:\/\/nauti-parts.com\/es\/shop\/hinchables\/plataformas\/embarcacion-spinera-doble-fuera-borda-muelle-3-08\/#primaryimage"},"image":{"@id":"https:\/\/nauti-parts.com\/es\/shop\/hinchables\/plataformas\/embarcacion-spinera-doble-fuera-borda-muelle-3-08\/#primaryimage"},"thumbnailUrl":"https:\/\/nauti-parts.com\/wp-content\/uploads\/2025\/10\/twin-dock-1.jpg","datePublished":"2025-10-24T11:08:45+00:00","breadcrumb":{"@id":"https:\/\/nauti-parts.com\/es\/shop\/hinchables\/plataformas\/embarcacion-spinera-doble-fuera-borda-muelle-3-08\/#breadcrumb"},"inLanguage":"es","potentialAction":[{"@type":"ReadAction","target":["https:\/\/nauti-parts.com\/es\/shop\/hinchables\/plataformas\/embarcacion-spinera-doble-fuera-borda-muelle-3-08\/"]}]},{"@type":"ImageObject","inLanguage":"es","@id":"https:\/\/nauti-parts.com\/es\/shop\/hinchables\/plataformas\/embarcacion-spinera-doble-fuera-borda-muelle-3-08\/#primaryimage","url":"https:\/\/nauti-parts.com\/wp-content\/uploads\/2025\/10\/twin-dock-1.jpg","contentUrl":"https:\/\/nauti-parts.com\/wp-content\/uploads\/2025\/10\/twin-dock-1.jpg","width":680,"height":680,"caption":"Spinera Twin Dock"},{"@type":"BreadcrumbList","@id":"https:\/\/nauti-parts.com\/es\/shop\/hinchables\/plataformas\/embarcacion-spinera-doble-fuera-borda-muelle-3-08\/#breadcrumb","itemListElement":[{"@type":"ListItem","position":1,"name":"Tienda","item":"https:\/\/nauti-parts.com\/es\/tienda\/"},{"@type":"ListItem","position":2,"name":"Embarcaci\u00f3n Spinera Doble Fuera Borda Muelle 3.08"}]},{"@type":"WebSite","@id":"https:\/\/nauti-parts.com\/es\/#website","url":"https:\/\/nauti-parts.com\/es\/","name":"Nauti Parts","description":"Sea-Doo Jet Ski - Seabob Dealer and Rentals | Water Toys Mallorca","publisher":{"@id":"https:\/\/nauti-parts.com\/es\/#organization"},"potentialAction":[{"@type":"SearchAction","target":{"@type":"EntryPoint","urlTemplate":"https:\/\/nauti-parts.com\/es\/?s={search_term_string}"},"query-input":{"@type":"PropertyValueSpecification","valueRequired":true,"valueName":"search_term_string"}}],"inLanguage":"es"},{"@type":"Organization","@id":"https:\/\/nauti-parts.com\/es\/#organization","name":"Piezas Nauti","url":"https:\/\/nauti-parts.com\/es\/","logo":{"@type":"ImageObject","inLanguage":"es","@id":"https:\/\/nauti-parts.com\/es\/#\/schema\/logo\/image\/","url":"https:\/\/nauti-parts.com\/wp-content\/uploads\/2023\/10\/np-logo-black.png","contentUrl":"https:\/\/nauti-parts.com\/wp-content\/uploads\/2023\/10\/np-logo-black.png","width":253,"height":100,"caption":"Piezas Nauti"},"image":{"@id":"https:\/\/nauti-parts.com\/es\/#\/schema\/logo\/image\/"},"sameAs":["https:\/\/www.facebook.com\/nautipartsspain\/","https:\/\/www.instagram.com\/nautiparts\/"]}]}},"_links":{"self":[{"href":"https:\/\/nauti-parts.com\/es\/wp-json\/wp\/v2\/product\/21892","targetHints":{"allow":["GET"]}}],"collection":[{"href":"https:\/\/nauti-parts.com\/es\/wp-json\/wp\/v2\/product"}],"about":[{"href":"https:\/\/nauti-parts.com\/es\/wp-json\/wp\/v2\/types\/product"}],"replies":[{"embeddable":true,"href":"https:\/\/nauti-parts.com\/es\/wp-json\/wp\/v2\/comments?post=21892"}],"wp:featuredmedia":[{"embeddable":true,"href":"https:\/\/nauti-parts.com\/es\/wp-json\/wp\/v2\/media\/20110"}],"wp:attachment":[{"href":"https:\/\/nauti-parts.com\/es\/wp-json\/wp\/v2\/media?parent=21892"}],"wp:term":[{"taxonomy":"product_brand","embeddable":true,"href":"https:\/\/nauti-parts.com\/es\/wp-json\/wp\/v2\/product_brand?post=21892"},{"taxonomy":"product_cat","embeddable":true,"href":"https:\/\/nauti-parts.com\/es\/wp-json\/wp\/v2\/product_cat?post=21892"},{"taxonomy":"product_tag","embeddable":true,"href":"https:\/\/nauti-parts.com\/es\/wp-json\/wp\/v2\/product_tag?post=21892"}],"curies":[{"name":"wp","href":"https:\/\/api.w.org\/{rel}","templated":true}]}}