{"id":21727,"date":"2026-03-20T09:57:59","date_gmt":"2026-03-20T09:57:59","guid":{"rendered":"https:\/\/nauti-parts.com\/shop\/sin categor\u00eda\/agilis-330c-jet-tender-versatilidad-de-alto-rendimiento\/"},"modified":"2026-03-20T09:57:59","modified_gmt":"2026-03-20T09:57:59","slug":"agilis-330c-jet-tender-versatilidad-de-alto-rendimiento","status":"publish","type":"product","link":"https:\/\/nauti-parts.com\/es\/shop\/licitaciones-agilis\/agilis-330c-jet-tender-versatilidad-de-alto-rendimiento\/","title":{"rendered":"Agilis 330C Jet Tender &#8211; Versatilidad de alto rendimiento"},"content":{"rendered":"<p data-path-to-node=\"9\"><b data-path-to-node=\"9\" data-index-in-node=\"0\">Lo \u00faltimo para todo<\/b><\/p>\n<p data-path-to-node=\"9\">La Agilis 330C est\u00e1 dise\u00f1ada para el propietario de yate que desea una embarcaci\u00f3n auxiliar que pueda hacerlo todo. Tanto si realizas un traslado en seco de invitados a un club de playa como si remolcas a un wakeboarder por una bah\u00eda tranquila, el 330C maneja cada tarea con precisi\u00f3n de ingenier\u00eda alemana. Su casco ligeramente m\u00e1s grande que el de la 305C mejora notablemente la flotabilidad y la maniobrabilidad en condiciones agitadas.  <\/p>\n<p id=\"p-rc_33f094157e5a2cea-30\" data-path-to-node=\"10\"><b data-path-to-node=\"10\" data-index-in-node=\"0\">Lujo en cada detalle<\/b><\/p>\n<p id=\"p-rc_33f094157e5a2cea-30\" data-path-to-node=\"10\">Como toda la gama Agilis, el 330C presenta una disposici\u00f3n tradicional de los asientos que maximiza el confort de los pasajeros.  <span class=\"citation-24 citation-end-24\">Los materiales de alta calidad, como los tubos de Hypalon ORCA\u00ae y la tapicer\u00eda marina de primera calidad, garantizan que la embarcaci\u00f3n auxiliar tenga un aspecto tan prestigioso como la nave nodriza a la que sirve.<\/span> <span class=\"citation-23 citation-end-23\">El tim\u00f3n est\u00e1 dise\u00f1ado para un control intuitivo, con una clara disposici\u00f3n de los instrumentos y una direcci\u00f3n sensible.<\/span><\/p>\n<p id=\"p-rc_33f094157e5a2cea-31\" data-path-to-node=\"11\"><b data-path-to-node=\"11\" data-index-in-node=\"0\">Seguro, potente y fiable<\/b><\/p>\n<p id=\"p-rc_33f094157e5a2cea-31\" data-path-to-node=\"11\">Propulsada por el mundialmente conocido motor Rotax 900 ACE, la 330C ofrece unas prestaciones fiables y de bajo consumo.  <span class=\"citation-22 citation-end-22\">El sistema de propulsi\u00f3n a chorro garantiza que no haya h\u00e9lices expuestas, lo que la convierte en la opci\u00f3n m\u00e1s segura para familias con ni\u00f1os y ba\u00f1istas.<\/span>  El sistema de refrigeraci\u00f3n de circuito cerrado protege el motor de la corrosi\u00f3n del agua salada, garantizando su longevidad y reduciendo los costes de mantenimiento.<\/p>\n<p data-path-to-node=\"12\"><b data-path-to-node=\"12\" data-index-in-node=\"0\">Tu visi\u00f3n, hecha realidad<\/b><\/p>\n<p data-path-to-node=\"12\">En Nauti-Parts, te ayudamos a personalizar el Agilis 330C para que cumpla exactamente tus especificaciones. Desde adaptar el color del casco al c\u00f3digo de pintura de tu yate hasta seleccionar costuras a medida para los asientos, la 330C es una plataforma totalmente personalizable que refleja tu estilo personal. <\/p>\n<p data-path-to-node=\"11\"><a href=\"https:\/\/nauti-parts.com\/wp-content\/uploads\/2026\/03\/agilis-330.pdf\"><strong>Descargar Especificaciones<\/strong><\/a><\/p>\n<div style=\"width: 900px;\" class=\"wp-video\"><video class=\"wp-video-shortcode\" id=\"video-21727-1\" width=\"900\" height=\"900\" preload=\"metadata\" controls=\"controls\"><source type=\"video\/mp4\" src=\"https:\/\/nauti-parts.com\/wp-content\/uploads\/2026\/03\/330-illustraion-gif.mp4?_=1\" \/><a href=\"https:\/\/nauti-parts.com\/wp-content\/uploads\/2026\/03\/330-illustraion-gif.mp4\">https:\/\/nauti-parts.com\/wp-content\/uploads\/2026\/03\/330-illustraion-gif.mp4<\/a><\/video><\/div>\n","protected":false},"excerpt":{"rendered":"<p data-path-to-node=\"5\">El <b data-path-to-node=\"5\" data-index-in-node=\"4\">Agilis 330C<\/b> es un jet tender de alto rendimiento dise\u00f1ado para quienes exigen m\u00e1s espacio, m\u00e1s potencia y m\u00e1s aventura. Con sus 3,30 metros de eslora, logra el equilibrio perfecto entre una lanzadera de lujo para invitados y una embarcaci\u00f3n para deportes acu\u00e1ticos de alto octanaje.   <span class=\"citation-27 citation-end-27\">Equipada con un motor Rotax de 90 CV, la 330C ofrece una velocidad estimulante y una estabilidad s\u00f3lida como una roca para hasta 4 pasajeros.<\/span><\/p>\n<div class=\"source-inline-chip-container ng-star-inserted\"><\/div>\n<ul data-path-to-node=\"6\">\n<li>\n<p data-path-to-node=\"6,0,0\"><b data-path-to-node=\"6,0,0\" data-index-in-node=\"0\">Capacidad:<\/b> 4 personas<\/p>\n<\/li>\n<li>\n<p data-path-to-node=\"6,1,0\"><b data-path-to-node=\"6,1,0\" data-index-in-node=\"0\"><span class=\"citation-26\">Motor<\/span><\/b><span class=\"citation-26 citation-end-26\"> 900cc &#8211; 90CV Rotax<\/span><\/p>\n<div class=\"source-inline-chip-container ng-star-inserted\"><\/div>\n<\/li>\n<li>\n<p data-path-to-node=\"6,2,0\"><b data-path-to-node=\"6,2,0\" data-index-in-node=\"0\"><span class=\"citation-25\">Velocidad m\u00e1xima:<\/span><\/b><span class=\"citation-25 citation-end-25\"> 38 nudos<\/span><\/p>\n<div class=\"source-inline-chip-container ng-star-inserted\"><\/div>\n<\/li>\n<li>\n<p data-path-to-node=\"6,3,0\"><b data-path-to-node=\"6,3,0\" data-index-in-node=\"0\">Caracter\u00edstica clave:<\/b> Estabilidad mejorada para deportes acu\u00e1ticos y navegaci\u00f3n costera<\/p>\n<\/li>\n<\/ul>\n","protected":false},"featured_media":20447,"comment_status":"open","ping_status":"closed","template":"","meta":{"_acf_changed":false},"product_brand":[],"product_cat":[280],"product_tag":[],"class_list":{"0":"post-21727","1":"product","2":"type-product","3":"status-publish","4":"has-post-thumbnail","6":"product_cat-licitaciones-agilis","7":"repupress_customize_woocommerce_productom_class","9":"first","10":"instock","11":"taxable","12":"shipping-taxable","13":"product-type-simple"},"acf":[],"yoast_head":"<!-- This site is optimized with the Yoast SEO plugin v27.5 - https:\/\/yoast.com\/product\/yoast-seo-wordpress\/ -->\n<title>Agilis 330C Jet Tender - Versatilidad de alto rendimiento | Nauti Parts<\/title>\n<meta name=\"robots\" content=\"index, follow, max-snippet:-1, max-image-preview:large, max-video-preview:-1\" \/>\n<link rel=\"canonical\" href=\"https:\/\/nauti-parts.com\/es\/shop\/licitaciones-agilis\/agilis-330c-jet-tender-versatilidad-de-alto-rendimiento\/\" \/>\n<meta property=\"og:locale\" content=\"es_ES\" \/>\n<meta property=\"og:type\" content=\"article\" \/>\n<meta property=\"og:title\" content=\"Agilis 330C Jet Tender - Versatilidad de alto rendimiento | Nauti Parts\" \/>\n<meta property=\"og:description\" content=\"El Agilis 330C es un jet tender de alto rendimiento dise\u00f1ado para quienes exigen m\u00e1s espacio, m\u00e1s potencia y m\u00e1s aventura. Con sus 3,30 metros de eslora, logra el equilibrio perfecto entre una lanzadera de lujo para invitados y una embarcaci\u00f3n para deportes acu\u00e1ticos de alto octanaje.  Equipada con un motor Rotax de 90 CV, la 330C ofrece una velocidad estimulante y una estabilidad s\u00f3lida como una roca para hasta 4 pasajeros.    Capacidad: 4 personas   Motor 900cc - 90CV Rotax   Velocidad m\u00e1xima: 38 nudos   Caracter\u00edstica clave: Estabilidad mejorada para deportes acu\u00e1ticos y navegaci\u00f3n costera\" \/>\n<meta property=\"og:url\" content=\"https:\/\/nauti-parts.com\/es\/shop\/licitaciones-agilis\/agilis-330c-jet-tender-versatilidad-de-alto-rendimiento\/\" \/>\n<meta property=\"og:site_name\" content=\"Nauti Parts\" \/>\n<meta property=\"article:publisher\" content=\"https:\/\/www.facebook.com\/nautipartsspain\/\" \/>\n<meta property=\"og:image\" content=\"https:\/\/nauti-parts.com\/wp-content\/uploads\/2026\/03\/330c.jpg\" \/>\n\t<meta property=\"og:image:width\" content=\"768\" \/>\n\t<meta property=\"og:image:height\" content=\"576\" \/>\n\t<meta property=\"og:image:type\" content=\"image\/jpeg\" \/>\n<meta name=\"twitter:card\" content=\"summary_large_image\" \/>\n<meta name=\"twitter:label1\" content=\"Tiempo de lectura\" \/>\n\t<meta name=\"twitter:data1\" content=\"2 minutos\" \/>\n<script type=\"application\/ld+json\" class=\"yoast-schema-graph\">{\"@context\":\"https:\\\/\\\/schema.org\",\"@graph\":[{\"@type\":\"WebPage\",\"@id\":\"https:\\\/\\\/nauti-parts.com\\\/es\\\/shop\\\/licitaciones-agilis\\\/agilis-330c-jet-tender-versatilidad-de-alto-rendimiento\\\/\",\"url\":\"https:\\\/\\\/nauti-parts.com\\\/es\\\/shop\\\/licitaciones-agilis\\\/agilis-330c-jet-tender-versatilidad-de-alto-rendimiento\\\/\",\"name\":\"Agilis 330C Jet Tender - Versatilidad de alto rendimiento | Nauti Parts\",\"isPartOf\":{\"@id\":\"https:\\\/\\\/nauti-parts.com\\\/es\\\/#website\"},\"primaryImageOfPage\":{\"@id\":\"https:\\\/\\\/nauti-parts.com\\\/es\\\/shop\\\/licitaciones-agilis\\\/agilis-330c-jet-tender-versatilidad-de-alto-rendimiento\\\/#primaryimage\"},\"image\":{\"@id\":\"https:\\\/\\\/nauti-parts.com\\\/es\\\/shop\\\/licitaciones-agilis\\\/agilis-330c-jet-tender-versatilidad-de-alto-rendimiento\\\/#primaryimage\"},\"thumbnailUrl\":\"https:\\\/\\\/nauti-parts.com\\\/wp-content\\\/uploads\\\/2026\\\/03\\\/330c.jpg\",\"datePublished\":\"2026-03-20T09:57:59+00:00\",\"breadcrumb\":{\"@id\":\"https:\\\/\\\/nauti-parts.com\\\/es\\\/shop\\\/licitaciones-agilis\\\/agilis-330c-jet-tender-versatilidad-de-alto-rendimiento\\\/#breadcrumb\"},\"inLanguage\":\"es\",\"potentialAction\":[{\"@type\":\"ReadAction\",\"target\":[\"https:\\\/\\\/nauti-parts.com\\\/es\\\/shop\\\/licitaciones-agilis\\\/agilis-330c-jet-tender-versatilidad-de-alto-rendimiento\\\/\"]}]},{\"@type\":\"ImageObject\",\"inLanguage\":\"es\",\"@id\":\"https:\\\/\\\/nauti-parts.com\\\/es\\\/shop\\\/licitaciones-agilis\\\/agilis-330c-jet-tender-versatilidad-de-alto-rendimiento\\\/#primaryimage\",\"url\":\"https:\\\/\\\/nauti-parts.com\\\/wp-content\\\/uploads\\\/2026\\\/03\\\/330c.jpg\",\"contentUrl\":\"https:\\\/\\\/nauti-parts.com\\\/wp-content\\\/uploads\\\/2026\\\/03\\\/330c.jpg\",\"width\":768,\"height\":576},{\"@type\":\"BreadcrumbList\",\"@id\":\"https:\\\/\\\/nauti-parts.com\\\/es\\\/shop\\\/licitaciones-agilis\\\/agilis-330c-jet-tender-versatilidad-de-alto-rendimiento\\\/#breadcrumb\",\"itemListElement\":[{\"@type\":\"ListItem\",\"position\":1,\"name\":\"Tienda\",\"item\":\"https:\\\/\\\/nauti-parts.com\\\/es\\\/tienda\\\/\"},{\"@type\":\"ListItem\",\"position\":2,\"name\":\"Agilis 330C Jet Tender &#8211; Versatilidad de alto rendimiento\"}]},{\"@type\":\"WebSite\",\"@id\":\"https:\\\/\\\/nauti-parts.com\\\/es\\\/#website\",\"url\":\"https:\\\/\\\/nauti-parts.com\\\/es\\\/\",\"name\":\"Nauti Parts\",\"description\":\"Sea-Doo Jet Ski - Seabob Dealer and Rentals | Water Toys Mallorca\",\"publisher\":{\"@id\":\"https:\\\/\\\/nauti-parts.com\\\/es\\\/#organization\"},\"potentialAction\":[{\"@type\":\"SearchAction\",\"target\":{\"@type\":\"EntryPoint\",\"urlTemplate\":\"https:\\\/\\\/nauti-parts.com\\\/es\\\/?s={search_term_string}\"},\"query-input\":{\"@type\":\"PropertyValueSpecification\",\"valueRequired\":true,\"valueName\":\"search_term_string\"}}],\"inLanguage\":\"es\"},{\"@type\":\"Organization\",\"@id\":\"https:\\\/\\\/nauti-parts.com\\\/es\\\/#organization\",\"name\":\"Piezas Nauti\",\"url\":\"https:\\\/\\\/nauti-parts.com\\\/es\\\/\",\"logo\":{\"@type\":\"ImageObject\",\"inLanguage\":\"es\",\"@id\":\"https:\\\/\\\/nauti-parts.com\\\/es\\\/#\\\/schema\\\/logo\\\/image\\\/\",\"url\":\"https:\\\/\\\/nauti-parts.com\\\/wp-content\\\/uploads\\\/2023\\\/10\\\/np-logo-black.png\",\"contentUrl\":\"https:\\\/\\\/nauti-parts.com\\\/wp-content\\\/uploads\\\/2023\\\/10\\\/np-logo-black.png\",\"width\":253,\"height\":100,\"caption\":\"Piezas Nauti\"},\"image\":{\"@id\":\"https:\\\/\\\/nauti-parts.com\\\/es\\\/#\\\/schema\\\/logo\\\/image\\\/\"},\"sameAs\":[\"https:\\\/\\\/www.facebook.com\\\/nautipartsspain\\\/\",\"https:\\\/\\\/www.instagram.com\\\/nautiparts\\\/\"]}]}<\/script>\n<!-- \/ Yoast SEO plugin. -->","yoast_head_json":{"title":"Agilis 330C Jet Tender - Versatilidad de alto rendimiento | Nauti Parts","robots":{"index":"index","follow":"follow","max-snippet":"max-snippet:-1","max-image-preview":"max-image-preview:large","max-video-preview":"max-video-preview:-1"},"canonical":"https:\/\/nauti-parts.com\/es\/shop\/licitaciones-agilis\/agilis-330c-jet-tender-versatilidad-de-alto-rendimiento\/","og_locale":"es_ES","og_type":"article","og_title":"Agilis 330C Jet Tender - Versatilidad de alto rendimiento | Nauti Parts","og_description":"El Agilis 330C es un jet tender de alto rendimiento dise\u00f1ado para quienes exigen m\u00e1s espacio, m\u00e1s potencia y m\u00e1s aventura. Con sus 3,30 metros de eslora, logra el equilibrio perfecto entre una lanzadera de lujo para invitados y una embarcaci\u00f3n para deportes acu\u00e1ticos de alto octanaje.  Equipada con un motor Rotax de 90 CV, la 330C ofrece una velocidad estimulante y una estabilidad s\u00f3lida como una roca para hasta 4 pasajeros.    Capacidad: 4 personas   Motor 900cc - 90CV Rotax   Velocidad m\u00e1xima: 38 nudos   Caracter\u00edstica clave: Estabilidad mejorada para deportes acu\u00e1ticos y navegaci\u00f3n costera","og_url":"https:\/\/nauti-parts.com\/es\/shop\/licitaciones-agilis\/agilis-330c-jet-tender-versatilidad-de-alto-rendimiento\/","og_site_name":"Nauti Parts","article_publisher":"https:\/\/www.facebook.com\/nautipartsspain\/","og_image":[{"width":768,"height":576,"url":"https:\/\/nauti-parts.com\/wp-content\/uploads\/2026\/03\/330c.jpg","type":"image\/jpeg"}],"twitter_card":"summary_large_image","twitter_misc":{"Tiempo de lectura":"2 minutos"},"schema":{"@context":"https:\/\/schema.org","@graph":[{"@type":"WebPage","@id":"https:\/\/nauti-parts.com\/es\/shop\/licitaciones-agilis\/agilis-330c-jet-tender-versatilidad-de-alto-rendimiento\/","url":"https:\/\/nauti-parts.com\/es\/shop\/licitaciones-agilis\/agilis-330c-jet-tender-versatilidad-de-alto-rendimiento\/","name":"Agilis 330C Jet Tender - Versatilidad de alto rendimiento | Nauti Parts","isPartOf":{"@id":"https:\/\/nauti-parts.com\/es\/#website"},"primaryImageOfPage":{"@id":"https:\/\/nauti-parts.com\/es\/shop\/licitaciones-agilis\/agilis-330c-jet-tender-versatilidad-de-alto-rendimiento\/#primaryimage"},"image":{"@id":"https:\/\/nauti-parts.com\/es\/shop\/licitaciones-agilis\/agilis-330c-jet-tender-versatilidad-de-alto-rendimiento\/#primaryimage"},"thumbnailUrl":"https:\/\/nauti-parts.com\/wp-content\/uploads\/2026\/03\/330c.jpg","datePublished":"2026-03-20T09:57:59+00:00","breadcrumb":{"@id":"https:\/\/nauti-parts.com\/es\/shop\/licitaciones-agilis\/agilis-330c-jet-tender-versatilidad-de-alto-rendimiento\/#breadcrumb"},"inLanguage":"es","potentialAction":[{"@type":"ReadAction","target":["https:\/\/nauti-parts.com\/es\/shop\/licitaciones-agilis\/agilis-330c-jet-tender-versatilidad-de-alto-rendimiento\/"]}]},{"@type":"ImageObject","inLanguage":"es","@id":"https:\/\/nauti-parts.com\/es\/shop\/licitaciones-agilis\/agilis-330c-jet-tender-versatilidad-de-alto-rendimiento\/#primaryimage","url":"https:\/\/nauti-parts.com\/wp-content\/uploads\/2026\/03\/330c.jpg","contentUrl":"https:\/\/nauti-parts.com\/wp-content\/uploads\/2026\/03\/330c.jpg","width":768,"height":576},{"@type":"BreadcrumbList","@id":"https:\/\/nauti-parts.com\/es\/shop\/licitaciones-agilis\/agilis-330c-jet-tender-versatilidad-de-alto-rendimiento\/#breadcrumb","itemListElement":[{"@type":"ListItem","position":1,"name":"Tienda","item":"https:\/\/nauti-parts.com\/es\/tienda\/"},{"@type":"ListItem","position":2,"name":"Agilis 330C Jet Tender &#8211; Versatilidad de alto rendimiento"}]},{"@type":"WebSite","@id":"https:\/\/nauti-parts.com\/es\/#website","url":"https:\/\/nauti-parts.com\/es\/","name":"Nauti Parts","description":"Sea-Doo Jet Ski - Seabob Dealer and Rentals | Water Toys Mallorca","publisher":{"@id":"https:\/\/nauti-parts.com\/es\/#organization"},"potentialAction":[{"@type":"SearchAction","target":{"@type":"EntryPoint","urlTemplate":"https:\/\/nauti-parts.com\/es\/?s={search_term_string}"},"query-input":{"@type":"PropertyValueSpecification","valueRequired":true,"valueName":"search_term_string"}}],"inLanguage":"es"},{"@type":"Organization","@id":"https:\/\/nauti-parts.com\/es\/#organization","name":"Piezas Nauti","url":"https:\/\/nauti-parts.com\/es\/","logo":{"@type":"ImageObject","inLanguage":"es","@id":"https:\/\/nauti-parts.com\/es\/#\/schema\/logo\/image\/","url":"https:\/\/nauti-parts.com\/wp-content\/uploads\/2023\/10\/np-logo-black.png","contentUrl":"https:\/\/nauti-parts.com\/wp-content\/uploads\/2023\/10\/np-logo-black.png","width":253,"height":100,"caption":"Piezas Nauti"},"image":{"@id":"https:\/\/nauti-parts.com\/es\/#\/schema\/logo\/image\/"},"sameAs":["https:\/\/www.facebook.com\/nautipartsspain\/","https:\/\/www.instagram.com\/nautiparts\/"]}]}},"_links":{"self":[{"href":"https:\/\/nauti-parts.com\/es\/wp-json\/wp\/v2\/product\/21727","targetHints":{"allow":["GET"]}}],"collection":[{"href":"https:\/\/nauti-parts.com\/es\/wp-json\/wp\/v2\/product"}],"about":[{"href":"https:\/\/nauti-parts.com\/es\/wp-json\/wp\/v2\/types\/product"}],"replies":[{"embeddable":true,"href":"https:\/\/nauti-parts.com\/es\/wp-json\/wp\/v2\/comments?post=21727"}],"wp:featuredmedia":[{"embeddable":true,"href":"https:\/\/nauti-parts.com\/es\/wp-json\/wp\/v2\/media\/20447"}],"wp:attachment":[{"href":"https:\/\/nauti-parts.com\/es\/wp-json\/wp\/v2\/media?parent=21727"}],"wp:term":[{"taxonomy":"product_brand","embeddable":true,"href":"https:\/\/nauti-parts.com\/es\/wp-json\/wp\/v2\/product_brand?post=21727"},{"taxonomy":"product_cat","embeddable":true,"href":"https:\/\/nauti-parts.com\/es\/wp-json\/wp\/v2\/product_cat?post=21727"},{"taxonomy":"product_tag","embeddable":true,"href":"https:\/\/nauti-parts.com\/es\/wp-json\/wp\/v2\/product_tag?post=21727"}],"curies":[{"name":"wp","href":"https:\/\/api.w.org\/{rel}","templated":true}]}}