{"id":21651,"date":"2026-03-20T10:18:09","date_gmt":"2026-03-20T10:18:09","guid":{"rendered":"https:\/\/nauti-parts.com\/shop\/sin categor\u00eda\/agilis-560d-diesel-jet-tender-la-ultima-embarcacion-de-lujo-insignia\/"},"modified":"2026-03-20T10:18:09","modified_gmt":"2026-03-20T10:18:09","slug":"agilis-560d-diesel-jet-tender-la-ultima-embarcacion-de-lujo-insignia","status":"publish","type":"product","link":"https:\/\/nauti-parts.com\/es\/shop\/licitaciones-agilis\/agilis-560d-diesel-jet-tender-la-ultima-embarcacion-de-lujo-insignia\/","title":{"rendered":"Agilis 560D Diesel Jet Tender &#8211; La \u00faltima embarcaci\u00f3n de lujo insignia"},"content":{"rendered":"<p data-path-to-node=\"9\"><b data-path-to-node=\"9\" data-index-in-node=\"0\">El est\u00e1ndar de los super<\/b>yates<br \/>\nEl Agilis 560D es el modelo m\u00e1s grande y lujoso de la gama, dise\u00f1ado espec\u00edficamente para servir como embarcaci\u00f3n auxiliar principal de superyates de primera clase. Utilizando un perfil tubular en forma de &#8220;D&#8221;, Agilis ha creado un espacio en cubierta que parece significativamente mayor que el de las semirr\u00edgidas tradicionales de 5,6 m, permitiendo que hasta 10 pasajeros viajen con total comodidad sin sentirse apretados. <\/p>\n<p data-path-to-node=\"10\"><b data-path-to-node=\"10\" data-index-in-node=\"0\">Experiencia inigualable para los invitados<\/b><br \/>\nTodos los invitados a bordo de la 560D disfrutan de una experiencia de primera. El auxiliar cuenta con una disposici\u00f3n transitable y una exclusiva puerta trasera abatible que transforma la popa en una plataforma de ba\u00f1o estable. Tanto si realizas un traslado VIP a una isla remota como si utilizas el auxiliar como base para bucear y hacer snorkel, el 560D proporciona un nivel de utilidad y lujo pocas veces visto en un auxiliar de propulsi\u00f3n a chorro.  <\/p>\n<p data-path-to-node=\"11\"><b data-path-to-node=\"11\" data-index-in-node=\"0\">Potencia diesel dominante<\/b><br \/>\nEquipada con un motor Mercury Diesel de 2,0 l, la 560D proporciona el par y la fiabilidad necesarios para cargas pesadas y cruceros de larga distancia. Repostar es muy f\u00e1cil, ya que se alimenta directamente del suministro principal de gas\u00f3leo de tu yate. El motor est\u00e1 ajustado para una conducci\u00f3n silenciosa y sin vibraciones, garantizando que las conversaciones a bordo se mantengan sin esfuerzo incluso a velocidades de crucero.  <\/p>\n<p data-path-to-node=\"12\"><b data-path-to-node=\"12\" data-index-in-node=\"0\">Fabricado con maestr\u00eda y totalmente a medida<\/b><br \/>\nConstruido con precisi\u00f3n alemana, el 560D es una obra maestra de la ingenier\u00eda mar\u00edtima. Desde el tim\u00f3n digital de alta tecnolog\u00eda hasta la cubierta de teca acabada a mano y los tubos de Hypalon ORCA\u00ae de primera calidad, no se pasa por alto ning\u00fan detalle. En Nauti-Parts, te invitamos a personalizar cada aspecto de tu 560D -desde los c\u00f3digos de pintura y las costuras de la tapicer\u00eda hasta la iluminaci\u00f3n subacu\u00e1tica- para asegurarte de que sea un reflejo perfecto de tu nave nodriza.  <\/p>\n<p data-path-to-node=\"11\"><a href=\"https:\/\/nauti-parts.com\/wp-content\/uploads\/2026\/03\/agilis-560d.pdf\"><strong>Descargar Especificaciones<\/strong><\/a><\/p>\n<div style=\"width: 900px;\" class=\"wp-video\"><video class=\"wp-video-shortcode\" id=\"video-21651-1\" width=\"900\" height=\"900\" preload=\"metadata\" controls=\"controls\"><source type=\"video\/mp4\" src=\"https:\/\/nauti-parts.com\/wp-content\/uploads\/2026\/03\/560D.mp4?_=1\" \/><a href=\"https:\/\/nauti-parts.com\/wp-content\/uploads\/2026\/03\/560D.mp4\">https:\/\/nauti-parts.com\/wp-content\/uploads\/2026\/03\/560D.mp4<\/a><\/video><\/div>\n","protected":false},"excerpt":{"rendered":"<p data-path-to-node=\"5\">El <b data-path-to-node=\"5\" data-index-in-node=\"4\">Agilis 560D<\/b> es el gran buque insignia de la flota Agilis. Con 5,60 metros de eslora y propulsado por un <b data-path-to-node=\"5\" data-index-in-node=\"115\">motor Mercury Diesel de 170 CV<\/b> de alto rendimiento, est\u00e1 dise\u00f1ado para superyates que exigen lo mejor en transporte de invitados y deportes acu\u00e1ticos. Con una enorme <b data-path-to-node=\"5\" data-index-in-node=\"253\">capacidad para 10 personas<\/b>, un exclusivo dise\u00f1o de tubo en forma de &#8220;D&#8221; para conseguir el m\u00e1ximo volumen interior y un espejo de popa trasero abatible para acceder al agua al estilo de un club de playa, la 560D es \u00fanica en su clase.  <\/p>\n<ul data-path-to-node=\"6\">\n<li>\n<p data-path-to-node=\"6,0,0\"><b data-path-to-node=\"6,0,0\" data-index-in-node=\"0\">Capacidad:<\/b> 10 personas<\/p>\n<\/li>\n<li>\n<p data-path-to-node=\"6,1,0\"><b data-path-to-node=\"6,1,0\" data-index-in-node=\"0\">Motor:<\/b> Mercury Diesel de 2.0L (170CV)<\/p>\n<\/li>\n<li>\n<p data-path-to-node=\"6,2,0\"><b data-path-to-node=\"6,2,0\" data-index-in-node=\"0\">Velocidad m\u00e1xima:<\/b> 32-35 nudos<\/p>\n<\/li>\n<li>\n<p data-path-to-node=\"6,3,0\"><b data-path-to-node=\"6,3,0\" data-index-in-node=\"0\">Caracter\u00edstica principal:<\/b> Capacidad para 10 personas con espacio interior &#8220;D-tube&#8221; extra ancho<\/p>\n<\/li>\n<\/ul>\n","protected":false},"featured_media":20530,"comment_status":"open","ping_status":"closed","template":"","meta":{"_acf_changed":false},"product_brand":[],"product_cat":[280],"product_tag":[],"class_list":{"0":"post-21651","1":"product","2":"type-product","3":"status-publish","4":"has-post-thumbnail","6":"product_cat-licitaciones-agilis","7":"repupress_customize_woocommerce_productom_class","9":"first","10":"instock","11":"taxable","12":"shipping-taxable","13":"product-type-simple"},"acf":[],"yoast_head":"<!-- This site is optimized with the Yoast SEO plugin v27.5 - https:\/\/yoast.com\/product\/yoast-seo-wordpress\/ -->\n<title>Agilis 560D Diesel Jet Tender - La \u00faltima embarcaci\u00f3n de lujo insignia | Nauti Parts<\/title>\n<meta name=\"robots\" content=\"index, follow, max-snippet:-1, max-image-preview:large, max-video-preview:-1\" \/>\n<link rel=\"canonical\" href=\"https:\/\/nauti-parts.com\/es\/shop\/licitaciones-agilis\/agilis-560d-diesel-jet-tender-la-ultima-embarcacion-de-lujo-insignia\/\" \/>\n<meta property=\"og:locale\" content=\"es_ES\" \/>\n<meta property=\"og:type\" content=\"article\" \/>\n<meta property=\"og:title\" content=\"Agilis 560D Diesel Jet Tender - La \u00faltima embarcaci\u00f3n de lujo insignia | Nauti Parts\" \/>\n<meta property=\"og:description\" content=\"El Agilis 560D es el gran buque insignia de la flota Agilis. Con 5,60 metros de eslora y propulsado por un motor Mercury Diesel de 170 CV de alto rendimiento, est\u00e1 dise\u00f1ado para superyates que exigen lo mejor en transporte de invitados y deportes acu\u00e1ticos. Con una enorme capacidad para 10 personas, un exclusivo dise\u00f1o de tubo en forma de &quot;D&quot; para conseguir el m\u00e1ximo volumen interior y un espejo de popa trasero abatible para acceder al agua al estilo de un club de playa, la 560D es \u00fanica en su clase.    Capacidad: 10 personas   Motor: Mercury Diesel de 2.0L (170CV)   Velocidad m\u00e1xima: 32-35 nudos   Caracter\u00edstica principal: Capacidad para 10 personas con espacio interior &quot;D-tube&quot; extra ancho\" \/>\n<meta property=\"og:url\" content=\"https:\/\/nauti-parts.com\/es\/shop\/licitaciones-agilis\/agilis-560d-diesel-jet-tender-la-ultima-embarcacion-de-lujo-insignia\/\" \/>\n<meta property=\"og:site_name\" content=\"Nauti Parts\" \/>\n<meta property=\"article:publisher\" content=\"https:\/\/www.facebook.com\/nautipartsspain\/\" \/>\n<meta property=\"og:image\" content=\"https:\/\/nauti-parts.com\/wp-content\/uploads\/2026\/03\/580d.jpg\" \/>\n\t<meta property=\"og:image:width\" content=\"768\" \/>\n\t<meta property=\"og:image:height\" content=\"576\" \/>\n\t<meta property=\"og:image:type\" content=\"image\/jpeg\" \/>\n<meta name=\"twitter:card\" content=\"summary_large_image\" \/>\n<meta name=\"twitter:label1\" content=\"Tiempo de lectura\" \/>\n\t<meta name=\"twitter:data1\" content=\"2 minutos\" \/>\n<script type=\"application\/ld+json\" class=\"yoast-schema-graph\">{\"@context\":\"https:\\\/\\\/schema.org\",\"@graph\":[{\"@type\":\"WebPage\",\"@id\":\"https:\\\/\\\/nauti-parts.com\\\/es\\\/shop\\\/licitaciones-agilis\\\/agilis-560d-diesel-jet-tender-la-ultima-embarcacion-de-lujo-insignia\\\/\",\"url\":\"https:\\\/\\\/nauti-parts.com\\\/es\\\/shop\\\/licitaciones-agilis\\\/agilis-560d-diesel-jet-tender-la-ultima-embarcacion-de-lujo-insignia\\\/\",\"name\":\"Agilis 560D Diesel Jet Tender - La \u00faltima embarcaci\u00f3n de lujo insignia | Nauti Parts\",\"isPartOf\":{\"@id\":\"https:\\\/\\\/nauti-parts.com\\\/es\\\/#website\"},\"primaryImageOfPage\":{\"@id\":\"https:\\\/\\\/nauti-parts.com\\\/es\\\/shop\\\/licitaciones-agilis\\\/agilis-560d-diesel-jet-tender-la-ultima-embarcacion-de-lujo-insignia\\\/#primaryimage\"},\"image\":{\"@id\":\"https:\\\/\\\/nauti-parts.com\\\/es\\\/shop\\\/licitaciones-agilis\\\/agilis-560d-diesel-jet-tender-la-ultima-embarcacion-de-lujo-insignia\\\/#primaryimage\"},\"thumbnailUrl\":\"https:\\\/\\\/nauti-parts.com\\\/wp-content\\\/uploads\\\/2026\\\/03\\\/580d.jpg\",\"datePublished\":\"2026-03-20T10:18:09+00:00\",\"breadcrumb\":{\"@id\":\"https:\\\/\\\/nauti-parts.com\\\/es\\\/shop\\\/licitaciones-agilis\\\/agilis-560d-diesel-jet-tender-la-ultima-embarcacion-de-lujo-insignia\\\/#breadcrumb\"},\"inLanguage\":\"es\",\"potentialAction\":[{\"@type\":\"ReadAction\",\"target\":[\"https:\\\/\\\/nauti-parts.com\\\/es\\\/shop\\\/licitaciones-agilis\\\/agilis-560d-diesel-jet-tender-la-ultima-embarcacion-de-lujo-insignia\\\/\"]}]},{\"@type\":\"ImageObject\",\"inLanguage\":\"es\",\"@id\":\"https:\\\/\\\/nauti-parts.com\\\/es\\\/shop\\\/licitaciones-agilis\\\/agilis-560d-diesel-jet-tender-la-ultima-embarcacion-de-lujo-insignia\\\/#primaryimage\",\"url\":\"https:\\\/\\\/nauti-parts.com\\\/wp-content\\\/uploads\\\/2026\\\/03\\\/580d.jpg\",\"contentUrl\":\"https:\\\/\\\/nauti-parts.com\\\/wp-content\\\/uploads\\\/2026\\\/03\\\/580d.jpg\",\"width\":768,\"height\":576},{\"@type\":\"BreadcrumbList\",\"@id\":\"https:\\\/\\\/nauti-parts.com\\\/es\\\/shop\\\/licitaciones-agilis\\\/agilis-560d-diesel-jet-tender-la-ultima-embarcacion-de-lujo-insignia\\\/#breadcrumb\",\"itemListElement\":[{\"@type\":\"ListItem\",\"position\":1,\"name\":\"Tienda\",\"item\":\"https:\\\/\\\/nauti-parts.com\\\/es\\\/tienda\\\/\"},{\"@type\":\"ListItem\",\"position\":2,\"name\":\"Agilis 560D Diesel Jet Tender &#8211; La \u00faltima embarcaci\u00f3n de lujo insignia\"}]},{\"@type\":\"WebSite\",\"@id\":\"https:\\\/\\\/nauti-parts.com\\\/es\\\/#website\",\"url\":\"https:\\\/\\\/nauti-parts.com\\\/es\\\/\",\"name\":\"Nauti Parts\",\"description\":\"Sea-Doo Jet Ski - Seabob Dealer and Rentals | Water Toys Mallorca\",\"publisher\":{\"@id\":\"https:\\\/\\\/nauti-parts.com\\\/es\\\/#organization\"},\"potentialAction\":[{\"@type\":\"SearchAction\",\"target\":{\"@type\":\"EntryPoint\",\"urlTemplate\":\"https:\\\/\\\/nauti-parts.com\\\/es\\\/?s={search_term_string}\"},\"query-input\":{\"@type\":\"PropertyValueSpecification\",\"valueRequired\":true,\"valueName\":\"search_term_string\"}}],\"inLanguage\":\"es\"},{\"@type\":\"Organization\",\"@id\":\"https:\\\/\\\/nauti-parts.com\\\/es\\\/#organization\",\"name\":\"Piezas Nauti\",\"url\":\"https:\\\/\\\/nauti-parts.com\\\/es\\\/\",\"logo\":{\"@type\":\"ImageObject\",\"inLanguage\":\"es\",\"@id\":\"https:\\\/\\\/nauti-parts.com\\\/es\\\/#\\\/schema\\\/logo\\\/image\\\/\",\"url\":\"https:\\\/\\\/nauti-parts.com\\\/wp-content\\\/uploads\\\/2023\\\/10\\\/np-logo-black.png\",\"contentUrl\":\"https:\\\/\\\/nauti-parts.com\\\/wp-content\\\/uploads\\\/2023\\\/10\\\/np-logo-black.png\",\"width\":253,\"height\":100,\"caption\":\"Piezas Nauti\"},\"image\":{\"@id\":\"https:\\\/\\\/nauti-parts.com\\\/es\\\/#\\\/schema\\\/logo\\\/image\\\/\"},\"sameAs\":[\"https:\\\/\\\/www.facebook.com\\\/nautipartsspain\\\/\",\"https:\\\/\\\/www.instagram.com\\\/nautiparts\\\/\"]}]}<\/script>\n<!-- \/ Yoast SEO plugin. -->","yoast_head_json":{"title":"Agilis 560D Diesel Jet Tender - La \u00faltima embarcaci\u00f3n de lujo insignia | Nauti Parts","robots":{"index":"index","follow":"follow","max-snippet":"max-snippet:-1","max-image-preview":"max-image-preview:large","max-video-preview":"max-video-preview:-1"},"canonical":"https:\/\/nauti-parts.com\/es\/shop\/licitaciones-agilis\/agilis-560d-diesel-jet-tender-la-ultima-embarcacion-de-lujo-insignia\/","og_locale":"es_ES","og_type":"article","og_title":"Agilis 560D Diesel Jet Tender - La \u00faltima embarcaci\u00f3n de lujo insignia | Nauti Parts","og_description":"El Agilis 560D es el gran buque insignia de la flota Agilis. Con 5,60 metros de eslora y propulsado por un motor Mercury Diesel de 170 CV de alto rendimiento, est\u00e1 dise\u00f1ado para superyates que exigen lo mejor en transporte de invitados y deportes acu\u00e1ticos. Con una enorme capacidad para 10 personas, un exclusivo dise\u00f1o de tubo en forma de \"D\" para conseguir el m\u00e1ximo volumen interior y un espejo de popa trasero abatible para acceder al agua al estilo de un club de playa, la 560D es \u00fanica en su clase.    Capacidad: 10 personas   Motor: Mercury Diesel de 2.0L (170CV)   Velocidad m\u00e1xima: 32-35 nudos   Caracter\u00edstica principal: Capacidad para 10 personas con espacio interior \"D-tube\" extra ancho","og_url":"https:\/\/nauti-parts.com\/es\/shop\/licitaciones-agilis\/agilis-560d-diesel-jet-tender-la-ultima-embarcacion-de-lujo-insignia\/","og_site_name":"Nauti Parts","article_publisher":"https:\/\/www.facebook.com\/nautipartsspain\/","og_image":[{"width":768,"height":576,"url":"https:\/\/nauti-parts.com\/wp-content\/uploads\/2026\/03\/580d.jpg","type":"image\/jpeg"}],"twitter_card":"summary_large_image","twitter_misc":{"Tiempo de lectura":"2 minutos"},"schema":{"@context":"https:\/\/schema.org","@graph":[{"@type":"WebPage","@id":"https:\/\/nauti-parts.com\/es\/shop\/licitaciones-agilis\/agilis-560d-diesel-jet-tender-la-ultima-embarcacion-de-lujo-insignia\/","url":"https:\/\/nauti-parts.com\/es\/shop\/licitaciones-agilis\/agilis-560d-diesel-jet-tender-la-ultima-embarcacion-de-lujo-insignia\/","name":"Agilis 560D Diesel Jet Tender - La \u00faltima embarcaci\u00f3n de lujo insignia | Nauti Parts","isPartOf":{"@id":"https:\/\/nauti-parts.com\/es\/#website"},"primaryImageOfPage":{"@id":"https:\/\/nauti-parts.com\/es\/shop\/licitaciones-agilis\/agilis-560d-diesel-jet-tender-la-ultima-embarcacion-de-lujo-insignia\/#primaryimage"},"image":{"@id":"https:\/\/nauti-parts.com\/es\/shop\/licitaciones-agilis\/agilis-560d-diesel-jet-tender-la-ultima-embarcacion-de-lujo-insignia\/#primaryimage"},"thumbnailUrl":"https:\/\/nauti-parts.com\/wp-content\/uploads\/2026\/03\/580d.jpg","datePublished":"2026-03-20T10:18:09+00:00","breadcrumb":{"@id":"https:\/\/nauti-parts.com\/es\/shop\/licitaciones-agilis\/agilis-560d-diesel-jet-tender-la-ultima-embarcacion-de-lujo-insignia\/#breadcrumb"},"inLanguage":"es","potentialAction":[{"@type":"ReadAction","target":["https:\/\/nauti-parts.com\/es\/shop\/licitaciones-agilis\/agilis-560d-diesel-jet-tender-la-ultima-embarcacion-de-lujo-insignia\/"]}]},{"@type":"ImageObject","inLanguage":"es","@id":"https:\/\/nauti-parts.com\/es\/shop\/licitaciones-agilis\/agilis-560d-diesel-jet-tender-la-ultima-embarcacion-de-lujo-insignia\/#primaryimage","url":"https:\/\/nauti-parts.com\/wp-content\/uploads\/2026\/03\/580d.jpg","contentUrl":"https:\/\/nauti-parts.com\/wp-content\/uploads\/2026\/03\/580d.jpg","width":768,"height":576},{"@type":"BreadcrumbList","@id":"https:\/\/nauti-parts.com\/es\/shop\/licitaciones-agilis\/agilis-560d-diesel-jet-tender-la-ultima-embarcacion-de-lujo-insignia\/#breadcrumb","itemListElement":[{"@type":"ListItem","position":1,"name":"Tienda","item":"https:\/\/nauti-parts.com\/es\/tienda\/"},{"@type":"ListItem","position":2,"name":"Agilis 560D Diesel Jet Tender &#8211; La \u00faltima embarcaci\u00f3n de lujo insignia"}]},{"@type":"WebSite","@id":"https:\/\/nauti-parts.com\/es\/#website","url":"https:\/\/nauti-parts.com\/es\/","name":"Nauti Parts","description":"Sea-Doo Jet Ski - Seabob Dealer and Rentals | Water Toys Mallorca","publisher":{"@id":"https:\/\/nauti-parts.com\/es\/#organization"},"potentialAction":[{"@type":"SearchAction","target":{"@type":"EntryPoint","urlTemplate":"https:\/\/nauti-parts.com\/es\/?s={search_term_string}"},"query-input":{"@type":"PropertyValueSpecification","valueRequired":true,"valueName":"search_term_string"}}],"inLanguage":"es"},{"@type":"Organization","@id":"https:\/\/nauti-parts.com\/es\/#organization","name":"Piezas Nauti","url":"https:\/\/nauti-parts.com\/es\/","logo":{"@type":"ImageObject","inLanguage":"es","@id":"https:\/\/nauti-parts.com\/es\/#\/schema\/logo\/image\/","url":"https:\/\/nauti-parts.com\/wp-content\/uploads\/2023\/10\/np-logo-black.png","contentUrl":"https:\/\/nauti-parts.com\/wp-content\/uploads\/2023\/10\/np-logo-black.png","width":253,"height":100,"caption":"Piezas Nauti"},"image":{"@id":"https:\/\/nauti-parts.com\/es\/#\/schema\/logo\/image\/"},"sameAs":["https:\/\/www.facebook.com\/nautipartsspain\/","https:\/\/www.instagram.com\/nautiparts\/"]}]}},"_links":{"self":[{"href":"https:\/\/nauti-parts.com\/es\/wp-json\/wp\/v2\/product\/21651","targetHints":{"allow":["GET"]}}],"collection":[{"href":"https:\/\/nauti-parts.com\/es\/wp-json\/wp\/v2\/product"}],"about":[{"href":"https:\/\/nauti-parts.com\/es\/wp-json\/wp\/v2\/types\/product"}],"replies":[{"embeddable":true,"href":"https:\/\/nauti-parts.com\/es\/wp-json\/wp\/v2\/comments?post=21651"}],"wp:featuredmedia":[{"embeddable":true,"href":"https:\/\/nauti-parts.com\/es\/wp-json\/wp\/v2\/media\/20530"}],"wp:attachment":[{"href":"https:\/\/nauti-parts.com\/es\/wp-json\/wp\/v2\/media?parent=21651"}],"wp:term":[{"taxonomy":"product_brand","embeddable":true,"href":"https:\/\/nauti-parts.com\/es\/wp-json\/wp\/v2\/product_brand?post=21651"},{"taxonomy":"product_cat","embeddable":true,"href":"https:\/\/nauti-parts.com\/es\/wp-json\/wp\/v2\/product_cat?post=21651"},{"taxonomy":"product_tag","embeddable":true,"href":"https:\/\/nauti-parts.com\/es\/wp-json\/wp\/v2\/product_tag?post=21651"}],"curies":[{"name":"wp","href":"https:\/\/api.w.org\/{rel}","templated":true}]}}