{"id":21500,"date":"2024-01-31T10:28:39","date_gmt":"2024-01-31T10:28:39","guid":{"rendered":"https:\/\/nauti-parts.com\/shop\/sin categor\u00eda\/yachtbeach-hex-zona-relax-250-m\/"},"modified":"2024-01-31T10:28:39","modified_gmt":"2024-01-31T10:28:39","slug":"yachtbeach-hex-zona-relax-250-m","status":"publish","type":"product","link":"https:\/\/nauti-parts.com\/es\/shop\/hinchables\/playa-del-yate\/yachtbeach-hex-zona-relax-250-m\/","title":{"rendered":"YachtBeach Hex Zona Relax 2,50 m"},"content":{"rendered":"<p>Esta es tu zona <strong>perfecta<\/strong> de chillout y fiesta detr\u00e1s del yate. Aqu\u00ed puedes pasar el <strong>d\u00eda<\/strong> y relajarte o celebrar una fiesta guay. La malla se asienta sobre la superficie del agua, \u00a1as\u00ed tus invitados siempre estar\u00e1n frescos! Con portabebidas para 6 personas, nada se interpondr\u00e1 en tu fiesta. Como plataforma independiente detr\u00e1s del yate o para ampliar tu isla. <strong>No hay l\u00edmites<\/strong> para tu imaginaci\u00f3n.     <\/p>\n<hr>\n<p><strong>Medidas:<\/strong><br \/>\nDimensiones exteriores: 250x290cm &#8211; 8,2&#8217;x9,5&#8242;<br \/>\nAltura pespunte: 20cm &#8211; 7,8&#8221;<br \/>\nPeso: 30kg &#8211; 66lbs<br \/>\nTama\u00f1o del paquete: 125 x 65x 37 cm<\/p>\n<p><strong>Grosor del material:<\/strong><br \/>\nDropstich con 20 cm de grosor: proporciona una estabilidad y flotabilidad incre\u00edbles.<\/p>\n<p><strong>Parte superior de espuma:<\/strong><br \/>\nDe teca EVA flexible, resistente a los rayos UV y al agua salada.<\/p>\n","protected":false},"excerpt":{"rendered":"<p><strong>Medidas<\/strong>:<br \/>\n250 x 290cm<\/p>\n<p><strong>Incluye:<br \/>\n<\/strong>1x bolsa de transporte<br \/>\n1x set de reparaci\u00f3n sin pegamento<br \/>\nLa bomba no est\u00e1 incluida<\/p>\n","protected":false},"featured_media":17577,"comment_status":"open","ping_status":"closed","template":"","meta":{"_acf_changed":false},"product_brand":[],"product_cat":[224,232,225],"product_tag":[],"class_list":{"0":"post-21500","1":"product","2":"type-product","3":"status-publish","4":"has-post-thumbnail","6":"product_cat-hinchables","7":"product_cat-plataformas","8":"product_cat-playa-del-yate","9":"repupress_customize_woocommerce_productom_class","11":"first","12":"instock","13":"taxable","14":"shipping-taxable","15":"purchasable","16":"product-type-simple"},"acf":[],"yoast_head":"<!-- This site is optimized with the Yoast SEO plugin v27.5 - https:\/\/yoast.com\/product\/yoast-seo-wordpress\/ -->\n<title>YachtBeach Hex Zona Relax 2,50 m | Nauti Parts<\/title>\n<meta name=\"robots\" content=\"index, follow, max-snippet:-1, max-image-preview:large, max-video-preview:-1\" \/>\n<link rel=\"canonical\" href=\"https:\/\/nauti-parts.com\/es\/shop\/hinchables\/playa-del-yate\/yachtbeach-hex-zona-relax-250-m\/\" \/>\n<meta property=\"og:locale\" content=\"es_ES\" \/>\n<meta property=\"og:type\" content=\"article\" \/>\n<meta property=\"og:title\" content=\"YachtBeach Hex Zona Relax 2,50 m | Nauti Parts\" \/>\n<meta property=\"og:description\" content=\"Medidas: 250 x 290cm Incluye: 1x bolsa de transporte 1x set de reparaci\u00f3n sin pegamento La bomba no est\u00e1 incluida\" \/>\n<meta property=\"og:url\" content=\"https:\/\/nauti-parts.com\/es\/shop\/hinchables\/playa-del-yate\/yachtbeach-hex-zona-relax-250-m\/\" \/>\n<meta property=\"og:site_name\" content=\"Nauti Parts\" \/>\n<meta property=\"article:publisher\" content=\"https:\/\/www.facebook.com\/nautipartsspain\/\" \/>\n<meta property=\"og:image\" content=\"https:\/\/nauti-parts.com\/wp-content\/uploads\/2024\/01\/w23207-01-yachtbeach-hex-platform-sport-zone-x.webp\" \/>\n\t<meta property=\"og:image:width\" content=\"1199\" \/>\n\t<meta property=\"og:image:height\" content=\"1200\" \/>\n\t<meta property=\"og:image:type\" content=\"image\/webp\" \/>\n<meta name=\"twitter:card\" content=\"summary_large_image\" \/>\n<meta name=\"twitter:label1\" content=\"Tiempo de lectura\" \/>\n\t<meta name=\"twitter:data1\" content=\"1 minuto\" \/>\n<script type=\"application\/ld+json\" class=\"yoast-schema-graph\">{\"@context\":\"https:\\\/\\\/schema.org\",\"@graph\":[{\"@type\":\"WebPage\",\"@id\":\"https:\\\/\\\/nauti-parts.com\\\/es\\\/shop\\\/hinchables\\\/playa-del-yate\\\/yachtbeach-hex-zona-relax-250-m\\\/\",\"url\":\"https:\\\/\\\/nauti-parts.com\\\/es\\\/shop\\\/hinchables\\\/playa-del-yate\\\/yachtbeach-hex-zona-relax-250-m\\\/\",\"name\":\"YachtBeach Hex Zona Relax 2,50 m | Nauti Parts\",\"isPartOf\":{\"@id\":\"https:\\\/\\\/nauti-parts.com\\\/es\\\/#website\"},\"primaryImageOfPage\":{\"@id\":\"https:\\\/\\\/nauti-parts.com\\\/es\\\/shop\\\/hinchables\\\/playa-del-yate\\\/yachtbeach-hex-zona-relax-250-m\\\/#primaryimage\"},\"image\":{\"@id\":\"https:\\\/\\\/nauti-parts.com\\\/es\\\/shop\\\/hinchables\\\/playa-del-yate\\\/yachtbeach-hex-zona-relax-250-m\\\/#primaryimage\"},\"thumbnailUrl\":\"https:\\\/\\\/nauti-parts.com\\\/wp-content\\\/uploads\\\/2024\\\/01\\\/w23207-01-yachtbeach-hex-platform-sport-zone-x.webp\",\"datePublished\":\"2024-01-31T10:28:39+00:00\",\"breadcrumb\":{\"@id\":\"https:\\\/\\\/nauti-parts.com\\\/es\\\/shop\\\/hinchables\\\/playa-del-yate\\\/yachtbeach-hex-zona-relax-250-m\\\/#breadcrumb\"},\"inLanguage\":\"es\",\"potentialAction\":[{\"@type\":\"ReadAction\",\"target\":[\"https:\\\/\\\/nauti-parts.com\\\/es\\\/shop\\\/hinchables\\\/playa-del-yate\\\/yachtbeach-hex-zona-relax-250-m\\\/\"]}]},{\"@type\":\"ImageObject\",\"inLanguage\":\"es\",\"@id\":\"https:\\\/\\\/nauti-parts.com\\\/es\\\/shop\\\/hinchables\\\/playa-del-yate\\\/yachtbeach-hex-zona-relax-250-m\\\/#primaryimage\",\"url\":\"https:\\\/\\\/nauti-parts.com\\\/wp-content\\\/uploads\\\/2024\\\/01\\\/w23207-01-yachtbeach-hex-platform-sport-zone-x.webp\",\"contentUrl\":\"https:\\\/\\\/nauti-parts.com\\\/wp-content\\\/uploads\\\/2024\\\/01\\\/w23207-01-yachtbeach-hex-platform-sport-zone-x.webp\",\"width\":1199,\"height\":1200},{\"@type\":\"BreadcrumbList\",\"@id\":\"https:\\\/\\\/nauti-parts.com\\\/es\\\/shop\\\/hinchables\\\/playa-del-yate\\\/yachtbeach-hex-zona-relax-250-m\\\/#breadcrumb\",\"itemListElement\":[{\"@type\":\"ListItem\",\"position\":1,\"name\":\"Tienda\",\"item\":\"https:\\\/\\\/nauti-parts.com\\\/es\\\/tienda\\\/\"},{\"@type\":\"ListItem\",\"position\":2,\"name\":\"YachtBeach Hex Zona Relax 2,50 m\"}]},{\"@type\":\"WebSite\",\"@id\":\"https:\\\/\\\/nauti-parts.com\\\/es\\\/#website\",\"url\":\"https:\\\/\\\/nauti-parts.com\\\/es\\\/\",\"name\":\"Nauti Parts\",\"description\":\"Sea-Doo Jet Ski - Seabob Dealer and Rentals | Water Toys Mallorca\",\"publisher\":{\"@id\":\"https:\\\/\\\/nauti-parts.com\\\/es\\\/#organization\"},\"potentialAction\":[{\"@type\":\"SearchAction\",\"target\":{\"@type\":\"EntryPoint\",\"urlTemplate\":\"https:\\\/\\\/nauti-parts.com\\\/es\\\/?s={search_term_string}\"},\"query-input\":{\"@type\":\"PropertyValueSpecification\",\"valueRequired\":true,\"valueName\":\"search_term_string\"}}],\"inLanguage\":\"es\"},{\"@type\":\"Organization\",\"@id\":\"https:\\\/\\\/nauti-parts.com\\\/es\\\/#organization\",\"name\":\"Piezas Nauti\",\"url\":\"https:\\\/\\\/nauti-parts.com\\\/es\\\/\",\"logo\":{\"@type\":\"ImageObject\",\"inLanguage\":\"es\",\"@id\":\"https:\\\/\\\/nauti-parts.com\\\/es\\\/#\\\/schema\\\/logo\\\/image\\\/\",\"url\":\"https:\\\/\\\/nauti-parts.com\\\/wp-content\\\/uploads\\\/2023\\\/10\\\/np-logo-black.png\",\"contentUrl\":\"https:\\\/\\\/nauti-parts.com\\\/wp-content\\\/uploads\\\/2023\\\/10\\\/np-logo-black.png\",\"width\":253,\"height\":100,\"caption\":\"Piezas Nauti\"},\"image\":{\"@id\":\"https:\\\/\\\/nauti-parts.com\\\/es\\\/#\\\/schema\\\/logo\\\/image\\\/\"},\"sameAs\":[\"https:\\\/\\\/www.facebook.com\\\/nautipartsspain\\\/\",\"https:\\\/\\\/www.instagram.com\\\/nautiparts\\\/\"]}]}<\/script>\n<!-- \/ Yoast SEO plugin. -->","yoast_head_json":{"title":"YachtBeach Hex Zona Relax 2,50 m | Nauti Parts","robots":{"index":"index","follow":"follow","max-snippet":"max-snippet:-1","max-image-preview":"max-image-preview:large","max-video-preview":"max-video-preview:-1"},"canonical":"https:\/\/nauti-parts.com\/es\/shop\/hinchables\/playa-del-yate\/yachtbeach-hex-zona-relax-250-m\/","og_locale":"es_ES","og_type":"article","og_title":"YachtBeach Hex Zona Relax 2,50 m | Nauti Parts","og_description":"Medidas: 250 x 290cm Incluye: 1x bolsa de transporte 1x set de reparaci\u00f3n sin pegamento La bomba no est\u00e1 incluida","og_url":"https:\/\/nauti-parts.com\/es\/shop\/hinchables\/playa-del-yate\/yachtbeach-hex-zona-relax-250-m\/","og_site_name":"Nauti Parts","article_publisher":"https:\/\/www.facebook.com\/nautipartsspain\/","og_image":[{"width":1199,"height":1200,"url":"https:\/\/nauti-parts.com\/wp-content\/uploads\/2024\/01\/w23207-01-yachtbeach-hex-platform-sport-zone-x.webp","type":"image\/webp"}],"twitter_card":"summary_large_image","twitter_misc":{"Tiempo de lectura":"1 minuto"},"schema":{"@context":"https:\/\/schema.org","@graph":[{"@type":"WebPage","@id":"https:\/\/nauti-parts.com\/es\/shop\/hinchables\/playa-del-yate\/yachtbeach-hex-zona-relax-250-m\/","url":"https:\/\/nauti-parts.com\/es\/shop\/hinchables\/playa-del-yate\/yachtbeach-hex-zona-relax-250-m\/","name":"YachtBeach Hex Zona Relax 2,50 m | Nauti Parts","isPartOf":{"@id":"https:\/\/nauti-parts.com\/es\/#website"},"primaryImageOfPage":{"@id":"https:\/\/nauti-parts.com\/es\/shop\/hinchables\/playa-del-yate\/yachtbeach-hex-zona-relax-250-m\/#primaryimage"},"image":{"@id":"https:\/\/nauti-parts.com\/es\/shop\/hinchables\/playa-del-yate\/yachtbeach-hex-zona-relax-250-m\/#primaryimage"},"thumbnailUrl":"https:\/\/nauti-parts.com\/wp-content\/uploads\/2024\/01\/w23207-01-yachtbeach-hex-platform-sport-zone-x.webp","datePublished":"2024-01-31T10:28:39+00:00","breadcrumb":{"@id":"https:\/\/nauti-parts.com\/es\/shop\/hinchables\/playa-del-yate\/yachtbeach-hex-zona-relax-250-m\/#breadcrumb"},"inLanguage":"es","potentialAction":[{"@type":"ReadAction","target":["https:\/\/nauti-parts.com\/es\/shop\/hinchables\/playa-del-yate\/yachtbeach-hex-zona-relax-250-m\/"]}]},{"@type":"ImageObject","inLanguage":"es","@id":"https:\/\/nauti-parts.com\/es\/shop\/hinchables\/playa-del-yate\/yachtbeach-hex-zona-relax-250-m\/#primaryimage","url":"https:\/\/nauti-parts.com\/wp-content\/uploads\/2024\/01\/w23207-01-yachtbeach-hex-platform-sport-zone-x.webp","contentUrl":"https:\/\/nauti-parts.com\/wp-content\/uploads\/2024\/01\/w23207-01-yachtbeach-hex-platform-sport-zone-x.webp","width":1199,"height":1200},{"@type":"BreadcrumbList","@id":"https:\/\/nauti-parts.com\/es\/shop\/hinchables\/playa-del-yate\/yachtbeach-hex-zona-relax-250-m\/#breadcrumb","itemListElement":[{"@type":"ListItem","position":1,"name":"Tienda","item":"https:\/\/nauti-parts.com\/es\/tienda\/"},{"@type":"ListItem","position":2,"name":"YachtBeach Hex Zona Relax 2,50 m"}]},{"@type":"WebSite","@id":"https:\/\/nauti-parts.com\/es\/#website","url":"https:\/\/nauti-parts.com\/es\/","name":"Nauti Parts","description":"Sea-Doo Jet Ski - Seabob Dealer and Rentals | Water Toys Mallorca","publisher":{"@id":"https:\/\/nauti-parts.com\/es\/#organization"},"potentialAction":[{"@type":"SearchAction","target":{"@type":"EntryPoint","urlTemplate":"https:\/\/nauti-parts.com\/es\/?s={search_term_string}"},"query-input":{"@type":"PropertyValueSpecification","valueRequired":true,"valueName":"search_term_string"}}],"inLanguage":"es"},{"@type":"Organization","@id":"https:\/\/nauti-parts.com\/es\/#organization","name":"Piezas Nauti","url":"https:\/\/nauti-parts.com\/es\/","logo":{"@type":"ImageObject","inLanguage":"es","@id":"https:\/\/nauti-parts.com\/es\/#\/schema\/logo\/image\/","url":"https:\/\/nauti-parts.com\/wp-content\/uploads\/2023\/10\/np-logo-black.png","contentUrl":"https:\/\/nauti-parts.com\/wp-content\/uploads\/2023\/10\/np-logo-black.png","width":253,"height":100,"caption":"Piezas Nauti"},"image":{"@id":"https:\/\/nauti-parts.com\/es\/#\/schema\/logo\/image\/"},"sameAs":["https:\/\/www.facebook.com\/nautipartsspain\/","https:\/\/www.instagram.com\/nautiparts\/"]}]}},"_links":{"self":[{"href":"https:\/\/nauti-parts.com\/es\/wp-json\/wp\/v2\/product\/21500","targetHints":{"allow":["GET"]}}],"collection":[{"href":"https:\/\/nauti-parts.com\/es\/wp-json\/wp\/v2\/product"}],"about":[{"href":"https:\/\/nauti-parts.com\/es\/wp-json\/wp\/v2\/types\/product"}],"replies":[{"embeddable":true,"href":"https:\/\/nauti-parts.com\/es\/wp-json\/wp\/v2\/comments?post=21500"}],"wp:featuredmedia":[{"embeddable":true,"href":"https:\/\/nauti-parts.com\/es\/wp-json\/wp\/v2\/media\/17577"}],"wp:attachment":[{"href":"https:\/\/nauti-parts.com\/es\/wp-json\/wp\/v2\/media?parent=21500"}],"wp:term":[{"taxonomy":"product_brand","embeddable":true,"href":"https:\/\/nauti-parts.com\/es\/wp-json\/wp\/v2\/product_brand?post=21500"},{"taxonomy":"product_cat","embeddable":true,"href":"https:\/\/nauti-parts.com\/es\/wp-json\/wp\/v2\/product_cat?post=21500"},{"taxonomy":"product_tag","embeddable":true,"href":"https:\/\/nauti-parts.com\/es\/wp-json\/wp\/v2\/product_tag?post=21500"}],"curies":[{"name":"wp","href":"https:\/\/api.w.org\/{rel}","templated":true}]}}