{"id":21448,"date":"2024-01-31T10:46:18","date_gmt":"2024-01-31T10:46:18","guid":{"rendered":"https:\/\/nauti-parts.com\/shop\/sin categor\u00eda\/yachtbeach-plataforma-premium-4-10m-blanco-perla\/"},"modified":"2024-01-31T10:46:18","modified_gmt":"2024-01-31T10:46:18","slug":"yachtbeach-plataforma-premium-4-10m-blanco-perla","status":"publish","type":"product","link":"https:\/\/nauti-parts.com\/es\/shop\/hinchables\/playa-del-yate\/yachtbeach-plataforma-premium-4-10m-blanco-perla\/","title":{"rendered":"YachtBeach Plataforma Premium 4.10m Blanco Perla"},"content":{"rendered":"<p>YACHTBEACH 4.1 &#8211; tu propia playa flotante Con estas nuevas e innovadoras plataformas para yates de YACHTBEACH ahora puedes crear tu propia playa privada directamente unida a tu barco o utilizarla como plataforma de ba\u00f1o en tu lago privado. Esta plataforma premium de producci\u00f3n europea ha sido dise\u00f1ada para los propietarios de yates amantes del rendimiento. Ahora ellos y sus invitados pueden disfrutar de la isla perfecta para leer, relajarse o bucear dentro y fuera del agua. YACHTBEACH puede ser una plataforma para fitness, yoga y mindfulness, o como sal\u00f3n de fiestas flotante para las mejores sesiones y los recuerdos m\u00e1s divertidos. Este trozo de libertad de 2&#215;4 m puede combinarse de varias maneras. Con su exclusivo sistema de conexi\u00f3n de asas de 12 puntos, puedes construir f\u00e1cilmente tu estaci\u00f3n de atraque ideal para tu moto acu\u00e1tica, embarcaci\u00f3n auxiliar, Seabob, SUP y mucho m\u00e1s. Los materiales est\u00e9ticamente suaves, antideslizantes, resistentes al agua salada y a los rayos UV garantizan un confort lujoso y duradero. Lo m\u00e1s destacado es la parte superior extra\u00edble de cuero artificial YACHTBEACH: &#8211; suave y c\u00f3moda &#8211; superficie antideslizante &#8211; personaliza tu plataforma con el estilo o el logotipo de tu yate &#8211; elige la textura y el color de la superficie &#8211; duradera y renovable &#8211; dif\u00edcil de rayar &#8211; resistente a los rayos UV y al agua salada Constituci\u00f3n de la Plataforma YACHTBEACH 4,10 x 2,05 m &#8211; fabricada con Dropstich de doble capa reforzado de 20 cm &#8211; 4 Bolsas de lastre, &#8211; Top de cuero artificial Allegra Champagne Mat &#8211; 12 Asas YACHTBEACH, &#8211; incl. soporte para escalera de ba\u00f1o Accesorios incluidos: &#8211; 1 bomba de mano &#8211; 1 bolsa, &#8211; 1 manual &#8211; 3 correas de conexi\u00f3n YACHTBEACH &#8211; 4 anillas en D adicionales en las esquinas Tama\u00f1o del paquete YACHTBEACH 4.1: 210x48x38cm Peso con bolsa y bomba: 40 kg        <\/p>\n<hr>\n<p><strong>Medidas<\/strong>:<br \/>\nTama\u00f1o: 410x205cm &#8211; 13&#8217;x6,7?<br \/>\nPeso con bolsa: aprox. 42,2 kg &#8211; 93lbs<br \/>\nTama\u00f1o del embalaje: 218 x 26x 31  <\/p>\n<p><strong>Caracter\u00edsticas:<\/strong><br \/>\n&#8211; fabricado en punto de gota de 20 cm<br \/>\n&#8211; 4 bolsas de lastre<br \/>\n&#8211; 12 asas de metal Yachtbeach gratuitas<br \/>\n&#8211; superficie de teca EVA muy c\u00f3moda<br \/>\n&#8211; incluye soporte para escalera de ba\u00f1o<br \/>\n&#8211; incluye 4 anillas en la parte superior para numerosas opciones de conexi\u00f3n desde la superficie superior<br \/>\n&#8211; incluye 4 anillas en la parte inferior para plataforma de anclaje o conexi\u00f3n a otros productos hinchables y marcas   <\/p>\n","protected":false},"excerpt":{"rendered":"<p><strong>Medidas<\/strong>:<br \/>\nPlataforma &#8211; 410 x 205cm<\/p>\n<p><strong>Accesorios incluidos:<\/strong><br \/>\n&#8211; 1 x bolsa de embalaje<br \/>\n&#8211; 1 x manual<\/p>\n","protected":false},"featured_media":17610,"comment_status":"open","ping_status":"closed","template":"","meta":{"_acf_changed":false},"product_brand":[],"product_cat":[224,232,225],"product_tag":[],"class_list":{"0":"post-21448","1":"product","2":"type-product","3":"status-publish","4":"has-post-thumbnail","6":"product_cat-hinchables","7":"product_cat-plataformas","8":"product_cat-playa-del-yate","9":"repupress_customize_woocommerce_productom_class","11":"first","12":"instock","13":"taxable","14":"shipping-taxable","15":"purchasable","16":"product-type-simple"},"acf":[],"yoast_head":"<!-- This site is optimized with the Yoast SEO plugin v27.2 - https:\/\/yoast.com\/product\/yoast-seo-wordpress\/ -->\n<title>YachtBeach Plataforma Premium 4.10m Blanco Perla | Nauti Parts<\/title>\n<meta name=\"robots\" content=\"index, follow, max-snippet:-1, max-image-preview:large, max-video-preview:-1\" \/>\n<link rel=\"canonical\" href=\"https:\/\/nauti-parts.com\/es\/shop\/hinchables\/playa-del-yate\/yachtbeach-plataforma-premium-4-10m-blanco-perla\/\" \/>\n<meta property=\"og:locale\" content=\"es_ES\" \/>\n<meta property=\"og:type\" content=\"article\" \/>\n<meta property=\"og:title\" content=\"YachtBeach Plataforma Premium 4.10m Blanco Perla | Nauti Parts\" \/>\n<meta property=\"og:description\" content=\"Medidas: Plataforma - 410 x 205cm Accesorios incluidos: - 1 x bolsa de embalaje - 1 x manual\" \/>\n<meta property=\"og:url\" content=\"https:\/\/nauti-parts.com\/es\/shop\/hinchables\/playa-del-yate\/yachtbeach-plataforma-premium-4-10m-blanco-perla\/\" \/>\n<meta property=\"og:site_name\" content=\"Nauti Parts\" \/>\n<meta property=\"article:publisher\" content=\"https:\/\/www.facebook.com\/nautipartsspain\/\" \/>\n<meta property=\"og:image\" content=\"https:\/\/nauti-parts.com\/wp-content\/uploads\/2024\/01\/19604-yachtbeach-platform-1920x1080-1.png\" \/>\n\t<meta property=\"og:image:width\" content=\"1920\" \/>\n\t<meta property=\"og:image:height\" content=\"1080\" \/>\n\t<meta property=\"og:image:type\" content=\"image\/png\" \/>\n<meta name=\"twitter:card\" content=\"summary_large_image\" \/>\n<meta name=\"twitter:label1\" content=\"Tiempo de lectura\" \/>\n\t<meta name=\"twitter:data1\" content=\"2 minutos\" \/>\n<script type=\"application\/ld+json\" class=\"yoast-schema-graph\">{\"@context\":\"https:\/\/schema.org\",\"@graph\":[{\"@type\":\"WebPage\",\"@id\":\"https:\/\/nauti-parts.com\/es\/shop\/hinchables\/playa-del-yate\/yachtbeach-plataforma-premium-4-10m-blanco-perla\/\",\"url\":\"https:\/\/nauti-parts.com\/es\/shop\/hinchables\/playa-del-yate\/yachtbeach-plataforma-premium-4-10m-blanco-perla\/\",\"name\":\"YachtBeach Plataforma Premium 4.10m Blanco Perla | Nauti Parts\",\"isPartOf\":{\"@id\":\"https:\/\/nauti-parts.com\/es\/#website\"},\"primaryImageOfPage\":{\"@id\":\"https:\/\/nauti-parts.com\/es\/shop\/hinchables\/playa-del-yate\/yachtbeach-plataforma-premium-4-10m-blanco-perla\/#primaryimage\"},\"image\":{\"@id\":\"https:\/\/nauti-parts.com\/es\/shop\/hinchables\/playa-del-yate\/yachtbeach-plataforma-premium-4-10m-blanco-perla\/#primaryimage\"},\"thumbnailUrl\":\"https:\/\/nauti-parts.com\/wp-content\/uploads\/2024\/01\/19604-yachtbeach-platform-1920x1080-1.png\",\"datePublished\":\"2024-01-31T10:46:18+00:00\",\"breadcrumb\":{\"@id\":\"https:\/\/nauti-parts.com\/es\/shop\/hinchables\/playa-del-yate\/yachtbeach-plataforma-premium-4-10m-blanco-perla\/#breadcrumb\"},\"inLanguage\":\"es\",\"potentialAction\":[{\"@type\":\"ReadAction\",\"target\":[\"https:\/\/nauti-parts.com\/es\/shop\/hinchables\/playa-del-yate\/yachtbeach-plataforma-premium-4-10m-blanco-perla\/\"]}]},{\"@type\":\"ImageObject\",\"inLanguage\":\"es\",\"@id\":\"https:\/\/nauti-parts.com\/es\/shop\/hinchables\/playa-del-yate\/yachtbeach-plataforma-premium-4-10m-blanco-perla\/#primaryimage\",\"url\":\"https:\/\/nauti-parts.com\/wp-content\/uploads\/2024\/01\/19604-yachtbeach-platform-1920x1080-1.png\",\"contentUrl\":\"https:\/\/nauti-parts.com\/wp-content\/uploads\/2024\/01\/19604-yachtbeach-platform-1920x1080-1.png\",\"width\":1920,\"height\":1080},{\"@type\":\"BreadcrumbList\",\"@id\":\"https:\/\/nauti-parts.com\/es\/shop\/hinchables\/playa-del-yate\/yachtbeach-plataforma-premium-4-10m-blanco-perla\/#breadcrumb\",\"itemListElement\":[{\"@type\":\"ListItem\",\"position\":1,\"name\":\"Tienda\",\"item\":\"https:\/\/nauti-parts.com\/es\/tienda\/\"},{\"@type\":\"ListItem\",\"position\":2,\"name\":\"YachtBeach Plataforma Premium 4.10m Blanco Perla\"}]},{\"@type\":\"WebSite\",\"@id\":\"https:\/\/nauti-parts.com\/es\/#website\",\"url\":\"https:\/\/nauti-parts.com\/es\/\",\"name\":\"Nauti Parts\",\"description\":\"Sea-Doo Jet Ski - Seabob Dealer and Rentals | Water Toys Mallorca\",\"publisher\":{\"@id\":\"https:\/\/nauti-parts.com\/es\/#organization\"},\"potentialAction\":[{\"@type\":\"SearchAction\",\"target\":{\"@type\":\"EntryPoint\",\"urlTemplate\":\"https:\/\/nauti-parts.com\/es\/?s={search_term_string}\"},\"query-input\":{\"@type\":\"PropertyValueSpecification\",\"valueRequired\":true,\"valueName\":\"search_term_string\"}}],\"inLanguage\":\"es\"},{\"@type\":\"Organization\",\"@id\":\"https:\/\/nauti-parts.com\/es\/#organization\",\"name\":\"Piezas Nauti\",\"url\":\"https:\/\/nauti-parts.com\/es\/\",\"logo\":{\"@type\":\"ImageObject\",\"inLanguage\":\"es\",\"@id\":\"https:\/\/nauti-parts.com\/es\/#\/schema\/logo\/image\/\",\"url\":\"https:\/\/nauti-parts.com\/wp-content\/uploads\/2023\/10\/np-logo-black.png\",\"contentUrl\":\"https:\/\/nauti-parts.com\/wp-content\/uploads\/2023\/10\/np-logo-black.png\",\"width\":253,\"height\":100,\"caption\":\"Piezas Nauti\"},\"image\":{\"@id\":\"https:\/\/nauti-parts.com\/es\/#\/schema\/logo\/image\/\"},\"sameAs\":[\"https:\/\/www.facebook.com\/nautipartsspain\/\",\"https:\/\/www.instagram.com\/nautiparts\/\"]}]}<\/script>\n<!-- \/ Yoast SEO plugin. -->","yoast_head_json":{"title":"YachtBeach Plataforma Premium 4.10m Blanco Perla | Nauti Parts","robots":{"index":"index","follow":"follow","max-snippet":"max-snippet:-1","max-image-preview":"max-image-preview:large","max-video-preview":"max-video-preview:-1"},"canonical":"https:\/\/nauti-parts.com\/es\/shop\/hinchables\/playa-del-yate\/yachtbeach-plataforma-premium-4-10m-blanco-perla\/","og_locale":"es_ES","og_type":"article","og_title":"YachtBeach Plataforma Premium 4.10m Blanco Perla | Nauti Parts","og_description":"Medidas: Plataforma - 410 x 205cm Accesorios incluidos: - 1 x bolsa de embalaje - 1 x manual","og_url":"https:\/\/nauti-parts.com\/es\/shop\/hinchables\/playa-del-yate\/yachtbeach-plataforma-premium-4-10m-blanco-perla\/","og_site_name":"Nauti Parts","article_publisher":"https:\/\/www.facebook.com\/nautipartsspain\/","og_image":[{"width":1920,"height":1080,"url":"https:\/\/nauti-parts.com\/wp-content\/uploads\/2024\/01\/19604-yachtbeach-platform-1920x1080-1.png","type":"image\/png"}],"twitter_card":"summary_large_image","twitter_misc":{"Tiempo de lectura":"2 minutos"},"schema":{"@context":"https:\/\/schema.org","@graph":[{"@type":"WebPage","@id":"https:\/\/nauti-parts.com\/es\/shop\/hinchables\/playa-del-yate\/yachtbeach-plataforma-premium-4-10m-blanco-perla\/","url":"https:\/\/nauti-parts.com\/es\/shop\/hinchables\/playa-del-yate\/yachtbeach-plataforma-premium-4-10m-blanco-perla\/","name":"YachtBeach Plataforma Premium 4.10m Blanco Perla | Nauti Parts","isPartOf":{"@id":"https:\/\/nauti-parts.com\/es\/#website"},"primaryImageOfPage":{"@id":"https:\/\/nauti-parts.com\/es\/shop\/hinchables\/playa-del-yate\/yachtbeach-plataforma-premium-4-10m-blanco-perla\/#primaryimage"},"image":{"@id":"https:\/\/nauti-parts.com\/es\/shop\/hinchables\/playa-del-yate\/yachtbeach-plataforma-premium-4-10m-blanco-perla\/#primaryimage"},"thumbnailUrl":"https:\/\/nauti-parts.com\/wp-content\/uploads\/2024\/01\/19604-yachtbeach-platform-1920x1080-1.png","datePublished":"2024-01-31T10:46:18+00:00","breadcrumb":{"@id":"https:\/\/nauti-parts.com\/es\/shop\/hinchables\/playa-del-yate\/yachtbeach-plataforma-premium-4-10m-blanco-perla\/#breadcrumb"},"inLanguage":"es","potentialAction":[{"@type":"ReadAction","target":["https:\/\/nauti-parts.com\/es\/shop\/hinchables\/playa-del-yate\/yachtbeach-plataforma-premium-4-10m-blanco-perla\/"]}]},{"@type":"ImageObject","inLanguage":"es","@id":"https:\/\/nauti-parts.com\/es\/shop\/hinchables\/playa-del-yate\/yachtbeach-plataforma-premium-4-10m-blanco-perla\/#primaryimage","url":"https:\/\/nauti-parts.com\/wp-content\/uploads\/2024\/01\/19604-yachtbeach-platform-1920x1080-1.png","contentUrl":"https:\/\/nauti-parts.com\/wp-content\/uploads\/2024\/01\/19604-yachtbeach-platform-1920x1080-1.png","width":1920,"height":1080},{"@type":"BreadcrumbList","@id":"https:\/\/nauti-parts.com\/es\/shop\/hinchables\/playa-del-yate\/yachtbeach-plataforma-premium-4-10m-blanco-perla\/#breadcrumb","itemListElement":[{"@type":"ListItem","position":1,"name":"Tienda","item":"https:\/\/nauti-parts.com\/es\/tienda\/"},{"@type":"ListItem","position":2,"name":"YachtBeach Plataforma Premium 4.10m Blanco Perla"}]},{"@type":"WebSite","@id":"https:\/\/nauti-parts.com\/es\/#website","url":"https:\/\/nauti-parts.com\/es\/","name":"Nauti Parts","description":"Sea-Doo Jet Ski - Seabob Dealer and Rentals | Water Toys Mallorca","publisher":{"@id":"https:\/\/nauti-parts.com\/es\/#organization"},"potentialAction":[{"@type":"SearchAction","target":{"@type":"EntryPoint","urlTemplate":"https:\/\/nauti-parts.com\/es\/?s={search_term_string}"},"query-input":{"@type":"PropertyValueSpecification","valueRequired":true,"valueName":"search_term_string"}}],"inLanguage":"es"},{"@type":"Organization","@id":"https:\/\/nauti-parts.com\/es\/#organization","name":"Piezas Nauti","url":"https:\/\/nauti-parts.com\/es\/","logo":{"@type":"ImageObject","inLanguage":"es","@id":"https:\/\/nauti-parts.com\/es\/#\/schema\/logo\/image\/","url":"https:\/\/nauti-parts.com\/wp-content\/uploads\/2023\/10\/np-logo-black.png","contentUrl":"https:\/\/nauti-parts.com\/wp-content\/uploads\/2023\/10\/np-logo-black.png","width":253,"height":100,"caption":"Piezas Nauti"},"image":{"@id":"https:\/\/nauti-parts.com\/es\/#\/schema\/logo\/image\/"},"sameAs":["https:\/\/www.facebook.com\/nautipartsspain\/","https:\/\/www.instagram.com\/nautiparts\/"]}]}},"_links":{"self":[{"href":"https:\/\/nauti-parts.com\/es\/wp-json\/wp\/v2\/product\/21448","targetHints":{"allow":["GET"]}}],"collection":[{"href":"https:\/\/nauti-parts.com\/es\/wp-json\/wp\/v2\/product"}],"about":[{"href":"https:\/\/nauti-parts.com\/es\/wp-json\/wp\/v2\/types\/product"}],"replies":[{"embeddable":true,"href":"https:\/\/nauti-parts.com\/es\/wp-json\/wp\/v2\/comments?post=21448"}],"wp:featuredmedia":[{"embeddable":true,"href":"https:\/\/nauti-parts.com\/es\/wp-json\/wp\/v2\/media\/17610"}],"wp:attachment":[{"href":"https:\/\/nauti-parts.com\/es\/wp-json\/wp\/v2\/media?parent=21448"}],"wp:term":[{"taxonomy":"product_brand","embeddable":true,"href":"https:\/\/nauti-parts.com\/es\/wp-json\/wp\/v2\/product_brand?post=21448"},{"taxonomy":"product_cat","embeddable":true,"href":"https:\/\/nauti-parts.com\/es\/wp-json\/wp\/v2\/product_cat?post=21448"},{"taxonomy":"product_tag","embeddable":true,"href":"https:\/\/nauti-parts.com\/es\/wp-json\/wp\/v2\/product_tag?post=21448"}],"curies":[{"name":"wp","href":"https:\/\/api.w.org\/{rel}","templated":true}]}}