{"id":21420,"date":"2024-01-31T10:53:32","date_gmt":"2024-01-31T10:53:32","guid":{"rendered":"https:\/\/nauti-parts.com\/shop\/sin categor\u00eda\/yachtbeach-classic-piscina-4x4-metros\/"},"modified":"2024-01-31T10:53:32","modified_gmt":"2024-01-31T10:53:32","slug":"yachtbeach-classic-piscina-4x4-metros","status":"publish","type":"product","link":"https:\/\/nauti-parts.com\/es\/shop\/hinchables\/playa-del-yate\/yachtbeach-classic-piscina-4x4-metros\/","title":{"rendered":"YachtBeach Classic Piscina 4&#215;4 metros"},"content":{"rendered":"<p>Un concepto de piscina de yate completamente nuevo de Yachtbeach. Para <strong>disfrutar de maravillosos<\/strong> d\u00edas de piscina detr\u00e1s de tu yate. Creada para nadar <strong>sin<\/strong> escr\u00fapulos en el mar y disfrutar de maravillosos d\u00edas de piscina detr\u00e1s de tu yate. B\u00e1\u00f1ate en el mar <strong>sin<\/strong> que te molesten encuentros desagradables como medusas y otras criaturas marinas o part\u00edculas marinas. Gracias a la red de protecci\u00f3n interior de PVC de malla fina, estar\u00e1s <strong>perfectamente protegido<\/strong>. Piscina cl\u00e1sica Yachtbeach de 4&#215;4 m con tubo de 25 cm &#8211; Piscina exclusiva para yates      <\/p>\n<hr>\n<p><strong>Medidas:  <\/strong><\/p>\n<p>Dimensiones exteriores: 410x410cm &#8211; 13,5&#8217;x13,5&#8242;<br \/>\nProfundidad: 220cm &#8211; 7&#8242;<br \/>\nPeso aprox.: 45kg &#8211; 99lbs<br \/>\nDi\u00e1metro del tubo: 25cm &#8211; 10&#8243;<br \/>\nTama\u00f1o del paquete: 120x73x31cm &#8211; 47 &#8220;x28,7 &#8220;x12,2&#8221;<\/p>\n<p>&#8216; 16 asas de montaje y transporte de alta calidad que son<br \/>\nf\u00e1ciles de combinar con todos los dem\u00e1s productos Yacht Beach.<\/p>\n<p>&#8216; 8 asas para volver f\u00e1cilmente a la piscina oce\u00e1nica<\/p>\n<p>&#8216; PVC reforzado de 0,9 mm de grosor<\/p>\n","protected":false},"excerpt":{"rendered":"<h3>Piscina antimedusas 4 x 4 metros<\/h3>\n<p>Escalera con mosquet\u00f3n, 1x bolsa de transporte y 1x kit de reparaci\u00f3n sin pegamento incluidos<\/p>\n","protected":false},"featured_media":17618,"comment_status":"open","ping_status":"closed","template":"","meta":{"_acf_changed":false},"product_brand":[],"product_cat":[224,249,232,225],"product_tag":[],"class_list":{"0":"post-21420","1":"product","2":"type-product","3":"status-publish","4":"has-post-thumbnail","6":"product_cat-hinchables","7":"product_cat-piscina-antimedusas","8":"product_cat-plataformas","9":"product_cat-playa-del-yate","10":"repupress_customize_woocommerce_productom_class","12":"first","13":"instock","14":"taxable","15":"shipping-taxable","16":"purchasable","17":"product-type-simple"},"acf":[],"yoast_head":"<!-- This site is optimized with the Yoast SEO plugin v27.2 - https:\/\/yoast.com\/product\/yoast-seo-wordpress\/ -->\n<title>YachtBeach Classic Piscina 4x4 metros | Nauti Parts<\/title>\n<meta name=\"robots\" content=\"index, follow, max-snippet:-1, max-image-preview:large, max-video-preview:-1\" \/>\n<link rel=\"canonical\" href=\"https:\/\/nauti-parts.com\/es\/shop\/hinchables\/playa-del-yate\/yachtbeach-classic-piscina-4x4-metros\/\" \/>\n<meta property=\"og:locale\" content=\"es_ES\" \/>\n<meta property=\"og:type\" content=\"article\" \/>\n<meta property=\"og:title\" content=\"YachtBeach Classic Piscina 4x4 metros | Nauti Parts\" \/>\n<meta property=\"og:description\" content=\"Piscina antimedusas 4 x 4 metros Escalera con mosquet\u00f3n, 1x bolsa de transporte y 1x kit de reparaci\u00f3n sin pegamento incluidos\" \/>\n<meta property=\"og:url\" content=\"https:\/\/nauti-parts.com\/es\/shop\/hinchables\/playa-del-yate\/yachtbeach-classic-piscina-4x4-metros\/\" \/>\n<meta property=\"og:site_name\" content=\"Nauti Parts\" \/>\n<meta property=\"article:publisher\" content=\"https:\/\/www.facebook.com\/nautipartsspain\/\" \/>\n<meta property=\"og:image\" content=\"https:\/\/nauti-parts.com\/wp-content\/uploads\/2024\/01\/19740-01-yachtbeach-classic-pool-4x4-1920x1080-1.png\" \/>\n\t<meta property=\"og:image:width\" content=\"1920\" \/>\n\t<meta property=\"og:image:height\" content=\"1080\" \/>\n\t<meta property=\"og:image:type\" content=\"image\/png\" \/>\n<meta name=\"twitter:card\" content=\"summary_large_image\" \/>\n<meta name=\"twitter:label1\" content=\"Tiempo de lectura\" \/>\n\t<meta name=\"twitter:data1\" content=\"1 minuto\" \/>\n<script type=\"application\/ld+json\" class=\"yoast-schema-graph\">{\"@context\":\"https:\/\/schema.org\",\"@graph\":[{\"@type\":\"WebPage\",\"@id\":\"https:\/\/nauti-parts.com\/es\/shop\/hinchables\/playa-del-yate\/yachtbeach-classic-piscina-4x4-metros\/\",\"url\":\"https:\/\/nauti-parts.com\/es\/shop\/hinchables\/playa-del-yate\/yachtbeach-classic-piscina-4x4-metros\/\",\"name\":\"YachtBeach Classic Piscina 4x4 metros | Nauti Parts\",\"isPartOf\":{\"@id\":\"https:\/\/nauti-parts.com\/es\/#website\"},\"primaryImageOfPage\":{\"@id\":\"https:\/\/nauti-parts.com\/es\/shop\/hinchables\/playa-del-yate\/yachtbeach-classic-piscina-4x4-metros\/#primaryimage\"},\"image\":{\"@id\":\"https:\/\/nauti-parts.com\/es\/shop\/hinchables\/playa-del-yate\/yachtbeach-classic-piscina-4x4-metros\/#primaryimage\"},\"thumbnailUrl\":\"https:\/\/nauti-parts.com\/wp-content\/uploads\/2024\/01\/19740-01-yachtbeach-classic-pool-4x4-1920x1080-1.png\",\"datePublished\":\"2024-01-31T10:53:32+00:00\",\"breadcrumb\":{\"@id\":\"https:\/\/nauti-parts.com\/es\/shop\/hinchables\/playa-del-yate\/yachtbeach-classic-piscina-4x4-metros\/#breadcrumb\"},\"inLanguage\":\"es\",\"potentialAction\":[{\"@type\":\"ReadAction\",\"target\":[\"https:\/\/nauti-parts.com\/es\/shop\/hinchables\/playa-del-yate\/yachtbeach-classic-piscina-4x4-metros\/\"]}]},{\"@type\":\"ImageObject\",\"inLanguage\":\"es\",\"@id\":\"https:\/\/nauti-parts.com\/es\/shop\/hinchables\/playa-del-yate\/yachtbeach-classic-piscina-4x4-metros\/#primaryimage\",\"url\":\"https:\/\/nauti-parts.com\/wp-content\/uploads\/2024\/01\/19740-01-yachtbeach-classic-pool-4x4-1920x1080-1.png\",\"contentUrl\":\"https:\/\/nauti-parts.com\/wp-content\/uploads\/2024\/01\/19740-01-yachtbeach-classic-pool-4x4-1920x1080-1.png\",\"width\":1920,\"height\":1080},{\"@type\":\"BreadcrumbList\",\"@id\":\"https:\/\/nauti-parts.com\/es\/shop\/hinchables\/playa-del-yate\/yachtbeach-classic-piscina-4x4-metros\/#breadcrumb\",\"itemListElement\":[{\"@type\":\"ListItem\",\"position\":1,\"name\":\"Tienda\",\"item\":\"https:\/\/nauti-parts.com\/es\/tienda\/\"},{\"@type\":\"ListItem\",\"position\":2,\"name\":\"YachtBeach Classic Piscina 4&#215;4 metros\"}]},{\"@type\":\"WebSite\",\"@id\":\"https:\/\/nauti-parts.com\/es\/#website\",\"url\":\"https:\/\/nauti-parts.com\/es\/\",\"name\":\"Nauti Parts\",\"description\":\"Sea-Doo Jet Ski - Seabob Dealer and Rentals | Water Toys Mallorca\",\"publisher\":{\"@id\":\"https:\/\/nauti-parts.com\/es\/#organization\"},\"potentialAction\":[{\"@type\":\"SearchAction\",\"target\":{\"@type\":\"EntryPoint\",\"urlTemplate\":\"https:\/\/nauti-parts.com\/es\/?s={search_term_string}\"},\"query-input\":{\"@type\":\"PropertyValueSpecification\",\"valueRequired\":true,\"valueName\":\"search_term_string\"}}],\"inLanguage\":\"es\"},{\"@type\":\"Organization\",\"@id\":\"https:\/\/nauti-parts.com\/es\/#organization\",\"name\":\"Piezas Nauti\",\"url\":\"https:\/\/nauti-parts.com\/es\/\",\"logo\":{\"@type\":\"ImageObject\",\"inLanguage\":\"es\",\"@id\":\"https:\/\/nauti-parts.com\/es\/#\/schema\/logo\/image\/\",\"url\":\"https:\/\/nauti-parts.com\/wp-content\/uploads\/2023\/10\/np-logo-black.png\",\"contentUrl\":\"https:\/\/nauti-parts.com\/wp-content\/uploads\/2023\/10\/np-logo-black.png\",\"width\":253,\"height\":100,\"caption\":\"Piezas Nauti\"},\"image\":{\"@id\":\"https:\/\/nauti-parts.com\/es\/#\/schema\/logo\/image\/\"},\"sameAs\":[\"https:\/\/www.facebook.com\/nautipartsspain\/\",\"https:\/\/www.instagram.com\/nautiparts\/\"]}]}<\/script>\n<!-- \/ Yoast SEO plugin. -->","yoast_head_json":{"title":"YachtBeach Classic Piscina 4x4 metros | Nauti Parts","robots":{"index":"index","follow":"follow","max-snippet":"max-snippet:-1","max-image-preview":"max-image-preview:large","max-video-preview":"max-video-preview:-1"},"canonical":"https:\/\/nauti-parts.com\/es\/shop\/hinchables\/playa-del-yate\/yachtbeach-classic-piscina-4x4-metros\/","og_locale":"es_ES","og_type":"article","og_title":"YachtBeach Classic Piscina 4x4 metros | Nauti Parts","og_description":"Piscina antimedusas 4 x 4 metros Escalera con mosquet\u00f3n, 1x bolsa de transporte y 1x kit de reparaci\u00f3n sin pegamento incluidos","og_url":"https:\/\/nauti-parts.com\/es\/shop\/hinchables\/playa-del-yate\/yachtbeach-classic-piscina-4x4-metros\/","og_site_name":"Nauti Parts","article_publisher":"https:\/\/www.facebook.com\/nautipartsspain\/","og_image":[{"width":1920,"height":1080,"url":"https:\/\/nauti-parts.com\/wp-content\/uploads\/2024\/01\/19740-01-yachtbeach-classic-pool-4x4-1920x1080-1.png","type":"image\/png"}],"twitter_card":"summary_large_image","twitter_misc":{"Tiempo de lectura":"1 minuto"},"schema":{"@context":"https:\/\/schema.org","@graph":[{"@type":"WebPage","@id":"https:\/\/nauti-parts.com\/es\/shop\/hinchables\/playa-del-yate\/yachtbeach-classic-piscina-4x4-metros\/","url":"https:\/\/nauti-parts.com\/es\/shop\/hinchables\/playa-del-yate\/yachtbeach-classic-piscina-4x4-metros\/","name":"YachtBeach Classic Piscina 4x4 metros | Nauti Parts","isPartOf":{"@id":"https:\/\/nauti-parts.com\/es\/#website"},"primaryImageOfPage":{"@id":"https:\/\/nauti-parts.com\/es\/shop\/hinchables\/playa-del-yate\/yachtbeach-classic-piscina-4x4-metros\/#primaryimage"},"image":{"@id":"https:\/\/nauti-parts.com\/es\/shop\/hinchables\/playa-del-yate\/yachtbeach-classic-piscina-4x4-metros\/#primaryimage"},"thumbnailUrl":"https:\/\/nauti-parts.com\/wp-content\/uploads\/2024\/01\/19740-01-yachtbeach-classic-pool-4x4-1920x1080-1.png","datePublished":"2024-01-31T10:53:32+00:00","breadcrumb":{"@id":"https:\/\/nauti-parts.com\/es\/shop\/hinchables\/playa-del-yate\/yachtbeach-classic-piscina-4x4-metros\/#breadcrumb"},"inLanguage":"es","potentialAction":[{"@type":"ReadAction","target":["https:\/\/nauti-parts.com\/es\/shop\/hinchables\/playa-del-yate\/yachtbeach-classic-piscina-4x4-metros\/"]}]},{"@type":"ImageObject","inLanguage":"es","@id":"https:\/\/nauti-parts.com\/es\/shop\/hinchables\/playa-del-yate\/yachtbeach-classic-piscina-4x4-metros\/#primaryimage","url":"https:\/\/nauti-parts.com\/wp-content\/uploads\/2024\/01\/19740-01-yachtbeach-classic-pool-4x4-1920x1080-1.png","contentUrl":"https:\/\/nauti-parts.com\/wp-content\/uploads\/2024\/01\/19740-01-yachtbeach-classic-pool-4x4-1920x1080-1.png","width":1920,"height":1080},{"@type":"BreadcrumbList","@id":"https:\/\/nauti-parts.com\/es\/shop\/hinchables\/playa-del-yate\/yachtbeach-classic-piscina-4x4-metros\/#breadcrumb","itemListElement":[{"@type":"ListItem","position":1,"name":"Tienda","item":"https:\/\/nauti-parts.com\/es\/tienda\/"},{"@type":"ListItem","position":2,"name":"YachtBeach Classic Piscina 4&#215;4 metros"}]},{"@type":"WebSite","@id":"https:\/\/nauti-parts.com\/es\/#website","url":"https:\/\/nauti-parts.com\/es\/","name":"Nauti Parts","description":"Sea-Doo Jet Ski - Seabob Dealer and Rentals | Water Toys Mallorca","publisher":{"@id":"https:\/\/nauti-parts.com\/es\/#organization"},"potentialAction":[{"@type":"SearchAction","target":{"@type":"EntryPoint","urlTemplate":"https:\/\/nauti-parts.com\/es\/?s={search_term_string}"},"query-input":{"@type":"PropertyValueSpecification","valueRequired":true,"valueName":"search_term_string"}}],"inLanguage":"es"},{"@type":"Organization","@id":"https:\/\/nauti-parts.com\/es\/#organization","name":"Piezas Nauti","url":"https:\/\/nauti-parts.com\/es\/","logo":{"@type":"ImageObject","inLanguage":"es","@id":"https:\/\/nauti-parts.com\/es\/#\/schema\/logo\/image\/","url":"https:\/\/nauti-parts.com\/wp-content\/uploads\/2023\/10\/np-logo-black.png","contentUrl":"https:\/\/nauti-parts.com\/wp-content\/uploads\/2023\/10\/np-logo-black.png","width":253,"height":100,"caption":"Piezas Nauti"},"image":{"@id":"https:\/\/nauti-parts.com\/es\/#\/schema\/logo\/image\/"},"sameAs":["https:\/\/www.facebook.com\/nautipartsspain\/","https:\/\/www.instagram.com\/nautiparts\/"]}]}},"_links":{"self":[{"href":"https:\/\/nauti-parts.com\/es\/wp-json\/wp\/v2\/product\/21420","targetHints":{"allow":["GET"]}}],"collection":[{"href":"https:\/\/nauti-parts.com\/es\/wp-json\/wp\/v2\/product"}],"about":[{"href":"https:\/\/nauti-parts.com\/es\/wp-json\/wp\/v2\/types\/product"}],"replies":[{"embeddable":true,"href":"https:\/\/nauti-parts.com\/es\/wp-json\/wp\/v2\/comments?post=21420"}],"wp:featuredmedia":[{"embeddable":true,"href":"https:\/\/nauti-parts.com\/es\/wp-json\/wp\/v2\/media\/17618"}],"wp:attachment":[{"href":"https:\/\/nauti-parts.com\/es\/wp-json\/wp\/v2\/media?parent=21420"}],"wp:term":[{"taxonomy":"product_brand","embeddable":true,"href":"https:\/\/nauti-parts.com\/es\/wp-json\/wp\/v2\/product_brand?post=21420"},{"taxonomy":"product_cat","embeddable":true,"href":"https:\/\/nauti-parts.com\/es\/wp-json\/wp\/v2\/product_cat?post=21420"},{"taxonomy":"product_tag","embeddable":true,"href":"https:\/\/nauti-parts.com\/es\/wp-json\/wp\/v2\/product_tag?post=21420"}],"curies":[{"name":"wp","href":"https:\/\/api.w.org\/{rel}","templated":true}]}}