{"id":21405,"date":"2024-01-31T11:03:24","date_gmt":"2024-01-31T11:03:24","guid":{"rendered":"https:\/\/nauti-parts.com\/shop\/sin categor\u00eda\/yachtbeach-piscina-de-lujo-62-x-41-x-02-metros\/"},"modified":"2024-01-31T11:03:24","modified_gmt":"2024-01-31T11:03:24","slug":"yachtbeach-piscina-de-lujo-62-x-41-x-02-metros","status":"publish","type":"product","link":"https:\/\/nauti-parts.com\/es\/shop\/hinchables\/playa-del-yate\/yachtbeach-piscina-de-lujo-62-x-41-x-02-metros\/","title":{"rendered":"YachtBeach Piscina de lujo 6,2 x 4,1 x 0,2 metros"},"content":{"rendered":"<p>Disfruta de un tiempo sin preocupaciones detr\u00e1s de tu yate con tus seres queridos. En la nueva Piscina de Lujo de Yachtbeach, tienes espacio suficiente para ba\u00f1arte y nadar, as\u00ed como una zona de tumbonas integrada, que te invita a un largo ba\u00f1o de sol. La agradable superficie superior de espuma es extremadamente suave y c\u00f3moda, y el aspecto de teca llama la atenci\u00f3n. Cabe destacar que la Piscina de Lujo se puede combinar sin problemas con todos los dem\u00e1s productos Yachtbeach, lo que permite utilizar diversas combinaciones. No te preocupes por la inoportuna vida marina ni por las part\u00edculas marinas. Creada para nadar sin escr\u00fapulos en el mar y disfrutar de maravillosos d\u00edas de piscina detr\u00e1s de tu yate. B\u00e1\u00f1ate en el mar sin que te molesten encuentros desagradables como medusas o cualquier otra criatura marina y part\u00edculas marinas. Gracias a la red de protecci\u00f3n interior de PVC de malla fina, estar\u00e1n perfectamente protegidos de ellas.       <\/p>\n<hr>\n<p><strong>Medidas:  <\/strong><\/p>\n<p>Dimensiones exteriores: 616x410cm &#8211; 20&#8217;x13,5&#8242;<br \/>\nDimensiones interiores: 466x310cm (red protectora de malla fina)<br \/>\nProfundidad: 240cm &#8211; 7,8&#8242;<br \/>\nPeso: 83 kg &#8211; 185lbs<br \/>\nSuperficie tumbada: anchura de 100cm, Lateral: anchura de 50cm<br \/>\nTama\u00f1o del paquete: 184 x 70x 50<\/p>\n<p>&#8216; 24 asas de sujeci\u00f3n, montaje y transporte de alta calidad que son<br \/>\nf\u00e1ciles de combinar con todos los dem\u00e1s productos Yacht Beach<\/p>\n<p>&#8216; 2 v\u00e1lvulas de alta presi\u00f3n que permiten un llenado r\u00e1pido y f\u00e1cil, y la v\u00e1lvula limitadora de presi\u00f3n garantiza siempre la presi\u00f3n correcta en la piscina.<\/p>\n<p><strong>Grosor del material:<\/strong><br \/>\nPunto de gota reforzado con 20 cm de grosor, PVC reforzado con 0,9 mm de grosor<\/p>\n<p><strong>Tapa de espuma:<br \/>\n<\/strong>recubierta de teca artificial flexible<\/p>\n","protected":false},"excerpt":{"rendered":"<h3>Piscina antimedusas 616 x 410 cm<\/h3>\n<p>1x bolsa de transporte y 1x kit de reparaci\u00f3n sin pegamento incluidos<\/p>\n","protected":false},"featured_media":17633,"comment_status":"open","ping_status":"closed","template":"","meta":{"_acf_changed":false},"product_brand":[],"product_cat":[224,249,232,225],"product_tag":[],"class_list":{"0":"post-21405","1":"product","2":"type-product","3":"status-publish","4":"has-post-thumbnail","6":"product_cat-hinchables","7":"product_cat-piscina-antimedusas","8":"product_cat-plataformas","9":"product_cat-playa-del-yate","10":"repupress_customize_woocommerce_productom_class","12":"first","13":"instock","14":"taxable","15":"shipping-taxable","16":"purchasable","17":"product-type-simple"},"acf":[],"yoast_head":"<!-- This site is optimized with the Yoast SEO plugin v27.2 - https:\/\/yoast.com\/product\/yoast-seo-wordpress\/ -->\n<title>YachtBeach Piscina de lujo 6,2 x 4,1 x 0,2 metros | Nauti Parts<\/title>\n<meta name=\"robots\" content=\"index, follow, max-snippet:-1, max-image-preview:large, max-video-preview:-1\" \/>\n<link rel=\"canonical\" href=\"https:\/\/nauti-parts.com\/es\/shop\/hinchables\/playa-del-yate\/yachtbeach-piscina-de-lujo-62-x-41-x-02-metros\/\" \/>\n<meta property=\"og:locale\" content=\"es_ES\" \/>\n<meta property=\"og:type\" content=\"article\" \/>\n<meta property=\"og:title\" content=\"YachtBeach Piscina de lujo 6,2 x 4,1 x 0,2 metros | Nauti Parts\" \/>\n<meta property=\"og:description\" content=\"Piscina antimedusas 616 x 410 cm 1x bolsa de transporte y 1x kit de reparaci\u00f3n sin pegamento incluidos\" \/>\n<meta property=\"og:url\" content=\"https:\/\/nauti-parts.com\/es\/shop\/hinchables\/playa-del-yate\/yachtbeach-piscina-de-lujo-62-x-41-x-02-metros\/\" \/>\n<meta property=\"og:site_name\" content=\"Nauti Parts\" \/>\n<meta property=\"article:publisher\" content=\"https:\/\/www.facebook.com\/nautipartsspain\/\" \/>\n<meta property=\"og:image\" content=\"https:\/\/nauti-parts.com\/wp-content\/uploads\/2024\/01\/w19744-01-yachtbeach-pool-6-20.webp\" \/>\n\t<meta property=\"og:image:width\" content=\"1199\" \/>\n\t<meta property=\"og:image:height\" content=\"1200\" \/>\n\t<meta property=\"og:image:type\" content=\"image\/webp\" \/>\n<meta name=\"twitter:card\" content=\"summary_large_image\" \/>\n<meta name=\"twitter:label1\" content=\"Tiempo de lectura\" \/>\n\t<meta name=\"twitter:data1\" content=\"1 minuto\" \/>\n<script type=\"application\/ld+json\" class=\"yoast-schema-graph\">{\"@context\":\"https:\/\/schema.org\",\"@graph\":[{\"@type\":\"WebPage\",\"@id\":\"https:\/\/nauti-parts.com\/es\/shop\/hinchables\/playa-del-yate\/yachtbeach-piscina-de-lujo-62-x-41-x-02-metros\/\",\"url\":\"https:\/\/nauti-parts.com\/es\/shop\/hinchables\/playa-del-yate\/yachtbeach-piscina-de-lujo-62-x-41-x-02-metros\/\",\"name\":\"YachtBeach Piscina de lujo 6,2 x 4,1 x 0,2 metros | Nauti Parts\",\"isPartOf\":{\"@id\":\"https:\/\/nauti-parts.com\/es\/#website\"},\"primaryImageOfPage\":{\"@id\":\"https:\/\/nauti-parts.com\/es\/shop\/hinchables\/playa-del-yate\/yachtbeach-piscina-de-lujo-62-x-41-x-02-metros\/#primaryimage\"},\"image\":{\"@id\":\"https:\/\/nauti-parts.com\/es\/shop\/hinchables\/playa-del-yate\/yachtbeach-piscina-de-lujo-62-x-41-x-02-metros\/#primaryimage\"},\"thumbnailUrl\":\"https:\/\/nauti-parts.com\/wp-content\/uploads\/2024\/01\/w19744-01-yachtbeach-pool-6-20.webp\",\"datePublished\":\"2024-01-31T11:03:24+00:00\",\"breadcrumb\":{\"@id\":\"https:\/\/nauti-parts.com\/es\/shop\/hinchables\/playa-del-yate\/yachtbeach-piscina-de-lujo-62-x-41-x-02-metros\/#breadcrumb\"},\"inLanguage\":\"es\",\"potentialAction\":[{\"@type\":\"ReadAction\",\"target\":[\"https:\/\/nauti-parts.com\/es\/shop\/hinchables\/playa-del-yate\/yachtbeach-piscina-de-lujo-62-x-41-x-02-metros\/\"]}]},{\"@type\":\"ImageObject\",\"inLanguage\":\"es\",\"@id\":\"https:\/\/nauti-parts.com\/es\/shop\/hinchables\/playa-del-yate\/yachtbeach-piscina-de-lujo-62-x-41-x-02-metros\/#primaryimage\",\"url\":\"https:\/\/nauti-parts.com\/wp-content\/uploads\/2024\/01\/w19744-01-yachtbeach-pool-6-20.webp\",\"contentUrl\":\"https:\/\/nauti-parts.com\/wp-content\/uploads\/2024\/01\/w19744-01-yachtbeach-pool-6-20.webp\",\"width\":1199,\"height\":1200},{\"@type\":\"BreadcrumbList\",\"@id\":\"https:\/\/nauti-parts.com\/es\/shop\/hinchables\/playa-del-yate\/yachtbeach-piscina-de-lujo-62-x-41-x-02-metros\/#breadcrumb\",\"itemListElement\":[{\"@type\":\"ListItem\",\"position\":1,\"name\":\"Tienda\",\"item\":\"https:\/\/nauti-parts.com\/es\/tienda\/\"},{\"@type\":\"ListItem\",\"position\":2,\"name\":\"YachtBeach Piscina de lujo 6,2 x 4,1 x 0,2 metros\"}]},{\"@type\":\"WebSite\",\"@id\":\"https:\/\/nauti-parts.com\/es\/#website\",\"url\":\"https:\/\/nauti-parts.com\/es\/\",\"name\":\"Nauti Parts\",\"description\":\"Sea-Doo Jet Ski - Seabob Dealer and Rentals | Water Toys Mallorca\",\"publisher\":{\"@id\":\"https:\/\/nauti-parts.com\/es\/#organization\"},\"potentialAction\":[{\"@type\":\"SearchAction\",\"target\":{\"@type\":\"EntryPoint\",\"urlTemplate\":\"https:\/\/nauti-parts.com\/es\/?s={search_term_string}\"},\"query-input\":{\"@type\":\"PropertyValueSpecification\",\"valueRequired\":true,\"valueName\":\"search_term_string\"}}],\"inLanguage\":\"es\"},{\"@type\":\"Organization\",\"@id\":\"https:\/\/nauti-parts.com\/es\/#organization\",\"name\":\"Piezas Nauti\",\"url\":\"https:\/\/nauti-parts.com\/es\/\",\"logo\":{\"@type\":\"ImageObject\",\"inLanguage\":\"es\",\"@id\":\"https:\/\/nauti-parts.com\/es\/#\/schema\/logo\/image\/\",\"url\":\"https:\/\/nauti-parts.com\/wp-content\/uploads\/2023\/10\/np-logo-black.png\",\"contentUrl\":\"https:\/\/nauti-parts.com\/wp-content\/uploads\/2023\/10\/np-logo-black.png\",\"width\":253,\"height\":100,\"caption\":\"Piezas Nauti\"},\"image\":{\"@id\":\"https:\/\/nauti-parts.com\/es\/#\/schema\/logo\/image\/\"},\"sameAs\":[\"https:\/\/www.facebook.com\/nautipartsspain\/\",\"https:\/\/www.instagram.com\/nautiparts\/\"]}]}<\/script>\n<!-- \/ Yoast SEO plugin. -->","yoast_head_json":{"title":"YachtBeach Piscina de lujo 6,2 x 4,1 x 0,2 metros | Nauti Parts","robots":{"index":"index","follow":"follow","max-snippet":"max-snippet:-1","max-image-preview":"max-image-preview:large","max-video-preview":"max-video-preview:-1"},"canonical":"https:\/\/nauti-parts.com\/es\/shop\/hinchables\/playa-del-yate\/yachtbeach-piscina-de-lujo-62-x-41-x-02-metros\/","og_locale":"es_ES","og_type":"article","og_title":"YachtBeach Piscina de lujo 6,2 x 4,1 x 0,2 metros | Nauti Parts","og_description":"Piscina antimedusas 616 x 410 cm 1x bolsa de transporte y 1x kit de reparaci\u00f3n sin pegamento incluidos","og_url":"https:\/\/nauti-parts.com\/es\/shop\/hinchables\/playa-del-yate\/yachtbeach-piscina-de-lujo-62-x-41-x-02-metros\/","og_site_name":"Nauti Parts","article_publisher":"https:\/\/www.facebook.com\/nautipartsspain\/","og_image":[{"width":1199,"height":1200,"url":"https:\/\/nauti-parts.com\/wp-content\/uploads\/2024\/01\/w19744-01-yachtbeach-pool-6-20.webp","type":"image\/webp"}],"twitter_card":"summary_large_image","twitter_misc":{"Tiempo de lectura":"1 minuto"},"schema":{"@context":"https:\/\/schema.org","@graph":[{"@type":"WebPage","@id":"https:\/\/nauti-parts.com\/es\/shop\/hinchables\/playa-del-yate\/yachtbeach-piscina-de-lujo-62-x-41-x-02-metros\/","url":"https:\/\/nauti-parts.com\/es\/shop\/hinchables\/playa-del-yate\/yachtbeach-piscina-de-lujo-62-x-41-x-02-metros\/","name":"YachtBeach Piscina de lujo 6,2 x 4,1 x 0,2 metros | Nauti Parts","isPartOf":{"@id":"https:\/\/nauti-parts.com\/es\/#website"},"primaryImageOfPage":{"@id":"https:\/\/nauti-parts.com\/es\/shop\/hinchables\/playa-del-yate\/yachtbeach-piscina-de-lujo-62-x-41-x-02-metros\/#primaryimage"},"image":{"@id":"https:\/\/nauti-parts.com\/es\/shop\/hinchables\/playa-del-yate\/yachtbeach-piscina-de-lujo-62-x-41-x-02-metros\/#primaryimage"},"thumbnailUrl":"https:\/\/nauti-parts.com\/wp-content\/uploads\/2024\/01\/w19744-01-yachtbeach-pool-6-20.webp","datePublished":"2024-01-31T11:03:24+00:00","breadcrumb":{"@id":"https:\/\/nauti-parts.com\/es\/shop\/hinchables\/playa-del-yate\/yachtbeach-piscina-de-lujo-62-x-41-x-02-metros\/#breadcrumb"},"inLanguage":"es","potentialAction":[{"@type":"ReadAction","target":["https:\/\/nauti-parts.com\/es\/shop\/hinchables\/playa-del-yate\/yachtbeach-piscina-de-lujo-62-x-41-x-02-metros\/"]}]},{"@type":"ImageObject","inLanguage":"es","@id":"https:\/\/nauti-parts.com\/es\/shop\/hinchables\/playa-del-yate\/yachtbeach-piscina-de-lujo-62-x-41-x-02-metros\/#primaryimage","url":"https:\/\/nauti-parts.com\/wp-content\/uploads\/2024\/01\/w19744-01-yachtbeach-pool-6-20.webp","contentUrl":"https:\/\/nauti-parts.com\/wp-content\/uploads\/2024\/01\/w19744-01-yachtbeach-pool-6-20.webp","width":1199,"height":1200},{"@type":"BreadcrumbList","@id":"https:\/\/nauti-parts.com\/es\/shop\/hinchables\/playa-del-yate\/yachtbeach-piscina-de-lujo-62-x-41-x-02-metros\/#breadcrumb","itemListElement":[{"@type":"ListItem","position":1,"name":"Tienda","item":"https:\/\/nauti-parts.com\/es\/tienda\/"},{"@type":"ListItem","position":2,"name":"YachtBeach Piscina de lujo 6,2 x 4,1 x 0,2 metros"}]},{"@type":"WebSite","@id":"https:\/\/nauti-parts.com\/es\/#website","url":"https:\/\/nauti-parts.com\/es\/","name":"Nauti Parts","description":"Sea-Doo Jet Ski - Seabob Dealer and Rentals | Water Toys Mallorca","publisher":{"@id":"https:\/\/nauti-parts.com\/es\/#organization"},"potentialAction":[{"@type":"SearchAction","target":{"@type":"EntryPoint","urlTemplate":"https:\/\/nauti-parts.com\/es\/?s={search_term_string}"},"query-input":{"@type":"PropertyValueSpecification","valueRequired":true,"valueName":"search_term_string"}}],"inLanguage":"es"},{"@type":"Organization","@id":"https:\/\/nauti-parts.com\/es\/#organization","name":"Piezas Nauti","url":"https:\/\/nauti-parts.com\/es\/","logo":{"@type":"ImageObject","inLanguage":"es","@id":"https:\/\/nauti-parts.com\/es\/#\/schema\/logo\/image\/","url":"https:\/\/nauti-parts.com\/wp-content\/uploads\/2023\/10\/np-logo-black.png","contentUrl":"https:\/\/nauti-parts.com\/wp-content\/uploads\/2023\/10\/np-logo-black.png","width":253,"height":100,"caption":"Piezas Nauti"},"image":{"@id":"https:\/\/nauti-parts.com\/es\/#\/schema\/logo\/image\/"},"sameAs":["https:\/\/www.facebook.com\/nautipartsspain\/","https:\/\/www.instagram.com\/nautiparts\/"]}]}},"_links":{"self":[{"href":"https:\/\/nauti-parts.com\/es\/wp-json\/wp\/v2\/product\/21405","targetHints":{"allow":["GET"]}}],"collection":[{"href":"https:\/\/nauti-parts.com\/es\/wp-json\/wp\/v2\/product"}],"about":[{"href":"https:\/\/nauti-parts.com\/es\/wp-json\/wp\/v2\/types\/product"}],"replies":[{"embeddable":true,"href":"https:\/\/nauti-parts.com\/es\/wp-json\/wp\/v2\/comments?post=21405"}],"wp:featuredmedia":[{"embeddable":true,"href":"https:\/\/nauti-parts.com\/es\/wp-json\/wp\/v2\/media\/17633"}],"wp:attachment":[{"href":"https:\/\/nauti-parts.com\/es\/wp-json\/wp\/v2\/media?parent=21405"}],"wp:term":[{"taxonomy":"product_brand","embeddable":true,"href":"https:\/\/nauti-parts.com\/es\/wp-json\/wp\/v2\/product_brand?post=21405"},{"taxonomy":"product_cat","embeddable":true,"href":"https:\/\/nauti-parts.com\/es\/wp-json\/wp\/v2\/product_cat?post=21405"},{"taxonomy":"product_tag","embeddable":true,"href":"https:\/\/nauti-parts.com\/es\/wp-json\/wp\/v2\/product_tag?post=21405"}],"curies":[{"name":"wp","href":"https:\/\/api.w.org\/{rel}","templated":true}]}}