{"id":21395,"date":"2024-01-31T11:58:47","date_gmt":"2024-01-31T11:58:47","guid":{"rendered":"https:\/\/nauti-parts.com\/shop\/sin categor\u00eda\/yachtbeach-tobogan-magico-620-700-cm\/"},"modified":"2024-01-31T11:58:47","modified_gmt":"2024-01-31T11:58:47","slug":"yachtbeach-tobogan-magico-620-700-cm","status":"publish","type":"product","link":"https:\/\/nauti-parts.com\/es\/shop\/hinchables\/playa-del-yate\/yachtbeach-tobogan-magico-620-700-cm\/","title":{"rendered":"YachtBeach Tobog\u00e1n M\u00e1gico 620-700 cm"},"content":{"rendered":"<p>Los toboganes Yachtbeach Magic son <strong>el<\/strong> <strong>complemento<\/strong> perfecto para tu yate o barco, ya que proporcionan horas de diversi\u00f3n acu\u00e1tica para ti, tu familia y tus amigos. Con su <strong>dise\u00f1o de primera calidad<\/strong> y sus impresionantes caracter\u00edsticas, proporcionan momentos inolvidables en el agua. Opciones de tama\u00f1o: Ofrecemos los toboganes Yachtbeach Magic en tres tama\u00f1os diferentes para adaptarse a tus necesidades individuales.  <\/p>\n<p>Elige entre la opci\u00f3n 460-540 cm, o 540-620 cm para yates o barcos m\u00e1s compactos, la opci\u00f3n 620-700 cm para embarcaciones de tama\u00f1o medio, o la opci\u00f3n 700-780 cm para yates de lujo m\u00e1s grandes. Elijas el tama\u00f1o que elijas, \u00a1la diversi\u00f3n acu\u00e1tica para toda la familia y amigos est\u00e1 <strong>garantizada<\/strong>! Experimenta la emoci\u00f3n de deslizarte sobre el agua y crea recuerdos inolvidables con tus seres queridos. Materiales de alta calidad: cada tobog\u00e1n Yachtslide est\u00e1 fabricado con materiales duraderos y de alta calidad que garantizan una larga vida \u00fatil y fiabilidad. Las costuras resistentes y las juntas reforzadas garantizan que el tobog\u00e1n para yates resista los rigores del agua y el uso. F\u00e1cil de instalar: Los toboganes de yate Yachtbeach Magic son f\u00e1ciles de inflar e instalar.    <\/p>\n<p>Con la ayuda de una potente bomba el\u00e9ctrica, los toboganes est\u00e1n listos para usar en un santiam\u00e9n. El tobog\u00e1n se fija firmemente al lateral de tu yate y facilita el acceso al agua. <\/p>\n<hr>\n<p><strong>Medidas<\/strong>:<\/p>\n<p>Peso: 130 kg &#8211; 286lbs<br \/>\nTama\u00f1o del paquete: 110x80x80cm<\/p>\n","protected":false},"excerpt":{"rendered":"<p>Especialmente dise\u00f1ados para proporcionar una estimulante experiencia de deslizamiento. Con sus suaves curvas y superficies antideslizantes, garantizan un deslizamiento seguro y divertido en el agua fresca. J\u00f3venes o mayores, a todos les encantar\u00e1 la emoci\u00f3n y la alegr\u00eda de deslizarse por el agua.  <\/p>\n","protected":false},"featured_media":17694,"comment_status":"open","ping_status":"closed","template":"","meta":{"_acf_changed":false},"product_brand":[],"product_cat":[248,224,232,225],"product_tag":[],"class_list":{"0":"post-21395","1":"product","2":"type-product","3":"status-publish","4":"has-post-thumbnail","6":"product_cat-diapositivas","7":"product_cat-hinchables","8":"product_cat-plataformas","9":"product_cat-playa-del-yate","10":"repupress_customize_woocommerce_productom_class","12":"first","13":"instock","14":"taxable","15":"shipping-taxable","16":"purchasable","17":"product-type-simple"},"acf":[],"yoast_head":"<!-- This site is optimized with the Yoast SEO plugin v27.2 - https:\/\/yoast.com\/product\/yoast-seo-wordpress\/ -->\n<title>YachtBeach Tobog\u00e1n M\u00e1gico 620-700 cm | Nauti Parts<\/title>\n<meta name=\"robots\" content=\"index, follow, max-snippet:-1, max-image-preview:large, max-video-preview:-1\" \/>\n<link rel=\"canonical\" href=\"https:\/\/nauti-parts.com\/es\/shop\/hinchables\/playa-del-yate\/yachtbeach-tobogan-magico-620-700-cm\/\" \/>\n<meta property=\"og:locale\" content=\"es_ES\" \/>\n<meta property=\"og:type\" content=\"article\" \/>\n<meta property=\"og:title\" content=\"YachtBeach Tobog\u00e1n M\u00e1gico 620-700 cm | Nauti Parts\" \/>\n<meta property=\"og:description\" content=\"Especialmente dise\u00f1ados para proporcionar una estimulante experiencia de deslizamiento. Con sus suaves curvas y superficies antideslizantes, garantizan un deslizamiento seguro y divertido en el agua fresca. J\u00f3venes o mayores, a todos les encantar\u00e1 la emoci\u00f3n y la alegr\u00eda de deslizarse por el agua.\" \/>\n<meta property=\"og:url\" content=\"https:\/\/nauti-parts.com\/es\/shop\/hinchables\/playa-del-yate\/yachtbeach-tobogan-magico-620-700-cm\/\" \/>\n<meta property=\"og:site_name\" content=\"Nauti Parts\" \/>\n<meta property=\"article:publisher\" content=\"https:\/\/www.facebook.com\/nautipartsspain\/\" \/>\n<meta property=\"og:image\" content=\"https:\/\/nauti-parts.com\/wp-content\/uploads\/2024\/01\/w23238-02-yachtbeach-magic-slide-620-700.jpg\" \/>\n\t<meta property=\"og:image:width\" content=\"2000\" \/>\n\t<meta property=\"og:image:height\" content=\"2000\" \/>\n\t<meta property=\"og:image:type\" content=\"image\/jpeg\" \/>\n<meta name=\"twitter:card\" content=\"summary_large_image\" \/>\n<meta name=\"twitter:label1\" content=\"Tiempo de lectura\" \/>\n\t<meta name=\"twitter:data1\" content=\"1 minuto\" \/>\n<script type=\"application\/ld+json\" class=\"yoast-schema-graph\">{\"@context\":\"https:\/\/schema.org\",\"@graph\":[{\"@type\":\"WebPage\",\"@id\":\"https:\/\/nauti-parts.com\/es\/shop\/hinchables\/playa-del-yate\/yachtbeach-tobogan-magico-620-700-cm\/\",\"url\":\"https:\/\/nauti-parts.com\/es\/shop\/hinchables\/playa-del-yate\/yachtbeach-tobogan-magico-620-700-cm\/\",\"name\":\"YachtBeach Tobog\u00e1n M\u00e1gico 620-700 cm | Nauti Parts\",\"isPartOf\":{\"@id\":\"https:\/\/nauti-parts.com\/es\/#website\"},\"primaryImageOfPage\":{\"@id\":\"https:\/\/nauti-parts.com\/es\/shop\/hinchables\/playa-del-yate\/yachtbeach-tobogan-magico-620-700-cm\/#primaryimage\"},\"image\":{\"@id\":\"https:\/\/nauti-parts.com\/es\/shop\/hinchables\/playa-del-yate\/yachtbeach-tobogan-magico-620-700-cm\/#primaryimage\"},\"thumbnailUrl\":\"https:\/\/nauti-parts.com\/wp-content\/uploads\/2024\/01\/w23238-02-yachtbeach-magic-slide-620-700.jpg\",\"datePublished\":\"2024-01-31T11:58:47+00:00\",\"breadcrumb\":{\"@id\":\"https:\/\/nauti-parts.com\/es\/shop\/hinchables\/playa-del-yate\/yachtbeach-tobogan-magico-620-700-cm\/#breadcrumb\"},\"inLanguage\":\"es\",\"potentialAction\":[{\"@type\":\"ReadAction\",\"target\":[\"https:\/\/nauti-parts.com\/es\/shop\/hinchables\/playa-del-yate\/yachtbeach-tobogan-magico-620-700-cm\/\"]}]},{\"@type\":\"ImageObject\",\"inLanguage\":\"es\",\"@id\":\"https:\/\/nauti-parts.com\/es\/shop\/hinchables\/playa-del-yate\/yachtbeach-tobogan-magico-620-700-cm\/#primaryimage\",\"url\":\"https:\/\/nauti-parts.com\/wp-content\/uploads\/2024\/01\/w23238-02-yachtbeach-magic-slide-620-700.jpg\",\"contentUrl\":\"https:\/\/nauti-parts.com\/wp-content\/uploads\/2024\/01\/w23238-02-yachtbeach-magic-slide-620-700.jpg\",\"width\":2000,\"height\":2000},{\"@type\":\"BreadcrumbList\",\"@id\":\"https:\/\/nauti-parts.com\/es\/shop\/hinchables\/playa-del-yate\/yachtbeach-tobogan-magico-620-700-cm\/#breadcrumb\",\"itemListElement\":[{\"@type\":\"ListItem\",\"position\":1,\"name\":\"Tienda\",\"item\":\"https:\/\/nauti-parts.com\/es\/tienda\/\"},{\"@type\":\"ListItem\",\"position\":2,\"name\":\"YachtBeach Tobog\u00e1n M\u00e1gico 620-700 cm\"}]},{\"@type\":\"WebSite\",\"@id\":\"https:\/\/nauti-parts.com\/es\/#website\",\"url\":\"https:\/\/nauti-parts.com\/es\/\",\"name\":\"Nauti Parts\",\"description\":\"Sea-Doo Jet Ski - Seabob Dealer and Rentals | Water Toys Mallorca\",\"publisher\":{\"@id\":\"https:\/\/nauti-parts.com\/es\/#organization\"},\"potentialAction\":[{\"@type\":\"SearchAction\",\"target\":{\"@type\":\"EntryPoint\",\"urlTemplate\":\"https:\/\/nauti-parts.com\/es\/?s={search_term_string}\"},\"query-input\":{\"@type\":\"PropertyValueSpecification\",\"valueRequired\":true,\"valueName\":\"search_term_string\"}}],\"inLanguage\":\"es\"},{\"@type\":\"Organization\",\"@id\":\"https:\/\/nauti-parts.com\/es\/#organization\",\"name\":\"Piezas Nauti\",\"url\":\"https:\/\/nauti-parts.com\/es\/\",\"logo\":{\"@type\":\"ImageObject\",\"inLanguage\":\"es\",\"@id\":\"https:\/\/nauti-parts.com\/es\/#\/schema\/logo\/image\/\",\"url\":\"https:\/\/nauti-parts.com\/wp-content\/uploads\/2023\/10\/np-logo-black.png\",\"contentUrl\":\"https:\/\/nauti-parts.com\/wp-content\/uploads\/2023\/10\/np-logo-black.png\",\"width\":253,\"height\":100,\"caption\":\"Piezas Nauti\"},\"image\":{\"@id\":\"https:\/\/nauti-parts.com\/es\/#\/schema\/logo\/image\/\"},\"sameAs\":[\"https:\/\/www.facebook.com\/nautipartsspain\/\",\"https:\/\/www.instagram.com\/nautiparts\/\"]}]}<\/script>\n<!-- \/ Yoast SEO plugin. -->","yoast_head_json":{"title":"YachtBeach Tobog\u00e1n M\u00e1gico 620-700 cm | Nauti Parts","robots":{"index":"index","follow":"follow","max-snippet":"max-snippet:-1","max-image-preview":"max-image-preview:large","max-video-preview":"max-video-preview:-1"},"canonical":"https:\/\/nauti-parts.com\/es\/shop\/hinchables\/playa-del-yate\/yachtbeach-tobogan-magico-620-700-cm\/","og_locale":"es_ES","og_type":"article","og_title":"YachtBeach Tobog\u00e1n M\u00e1gico 620-700 cm | Nauti Parts","og_description":"Especialmente dise\u00f1ados para proporcionar una estimulante experiencia de deslizamiento. Con sus suaves curvas y superficies antideslizantes, garantizan un deslizamiento seguro y divertido en el agua fresca. J\u00f3venes o mayores, a todos les encantar\u00e1 la emoci\u00f3n y la alegr\u00eda de deslizarse por el agua.","og_url":"https:\/\/nauti-parts.com\/es\/shop\/hinchables\/playa-del-yate\/yachtbeach-tobogan-magico-620-700-cm\/","og_site_name":"Nauti Parts","article_publisher":"https:\/\/www.facebook.com\/nautipartsspain\/","og_image":[{"width":2000,"height":2000,"url":"https:\/\/nauti-parts.com\/wp-content\/uploads\/2024\/01\/w23238-02-yachtbeach-magic-slide-620-700.jpg","type":"image\/jpeg"}],"twitter_card":"summary_large_image","twitter_misc":{"Tiempo de lectura":"1 minuto"},"schema":{"@context":"https:\/\/schema.org","@graph":[{"@type":"WebPage","@id":"https:\/\/nauti-parts.com\/es\/shop\/hinchables\/playa-del-yate\/yachtbeach-tobogan-magico-620-700-cm\/","url":"https:\/\/nauti-parts.com\/es\/shop\/hinchables\/playa-del-yate\/yachtbeach-tobogan-magico-620-700-cm\/","name":"YachtBeach Tobog\u00e1n M\u00e1gico 620-700 cm | Nauti Parts","isPartOf":{"@id":"https:\/\/nauti-parts.com\/es\/#website"},"primaryImageOfPage":{"@id":"https:\/\/nauti-parts.com\/es\/shop\/hinchables\/playa-del-yate\/yachtbeach-tobogan-magico-620-700-cm\/#primaryimage"},"image":{"@id":"https:\/\/nauti-parts.com\/es\/shop\/hinchables\/playa-del-yate\/yachtbeach-tobogan-magico-620-700-cm\/#primaryimage"},"thumbnailUrl":"https:\/\/nauti-parts.com\/wp-content\/uploads\/2024\/01\/w23238-02-yachtbeach-magic-slide-620-700.jpg","datePublished":"2024-01-31T11:58:47+00:00","breadcrumb":{"@id":"https:\/\/nauti-parts.com\/es\/shop\/hinchables\/playa-del-yate\/yachtbeach-tobogan-magico-620-700-cm\/#breadcrumb"},"inLanguage":"es","potentialAction":[{"@type":"ReadAction","target":["https:\/\/nauti-parts.com\/es\/shop\/hinchables\/playa-del-yate\/yachtbeach-tobogan-magico-620-700-cm\/"]}]},{"@type":"ImageObject","inLanguage":"es","@id":"https:\/\/nauti-parts.com\/es\/shop\/hinchables\/playa-del-yate\/yachtbeach-tobogan-magico-620-700-cm\/#primaryimage","url":"https:\/\/nauti-parts.com\/wp-content\/uploads\/2024\/01\/w23238-02-yachtbeach-magic-slide-620-700.jpg","contentUrl":"https:\/\/nauti-parts.com\/wp-content\/uploads\/2024\/01\/w23238-02-yachtbeach-magic-slide-620-700.jpg","width":2000,"height":2000},{"@type":"BreadcrumbList","@id":"https:\/\/nauti-parts.com\/es\/shop\/hinchables\/playa-del-yate\/yachtbeach-tobogan-magico-620-700-cm\/#breadcrumb","itemListElement":[{"@type":"ListItem","position":1,"name":"Tienda","item":"https:\/\/nauti-parts.com\/es\/tienda\/"},{"@type":"ListItem","position":2,"name":"YachtBeach Tobog\u00e1n M\u00e1gico 620-700 cm"}]},{"@type":"WebSite","@id":"https:\/\/nauti-parts.com\/es\/#website","url":"https:\/\/nauti-parts.com\/es\/","name":"Nauti Parts","description":"Sea-Doo Jet Ski - Seabob Dealer and Rentals | Water Toys Mallorca","publisher":{"@id":"https:\/\/nauti-parts.com\/es\/#organization"},"potentialAction":[{"@type":"SearchAction","target":{"@type":"EntryPoint","urlTemplate":"https:\/\/nauti-parts.com\/es\/?s={search_term_string}"},"query-input":{"@type":"PropertyValueSpecification","valueRequired":true,"valueName":"search_term_string"}}],"inLanguage":"es"},{"@type":"Organization","@id":"https:\/\/nauti-parts.com\/es\/#organization","name":"Piezas Nauti","url":"https:\/\/nauti-parts.com\/es\/","logo":{"@type":"ImageObject","inLanguage":"es","@id":"https:\/\/nauti-parts.com\/es\/#\/schema\/logo\/image\/","url":"https:\/\/nauti-parts.com\/wp-content\/uploads\/2023\/10\/np-logo-black.png","contentUrl":"https:\/\/nauti-parts.com\/wp-content\/uploads\/2023\/10\/np-logo-black.png","width":253,"height":100,"caption":"Piezas Nauti"},"image":{"@id":"https:\/\/nauti-parts.com\/es\/#\/schema\/logo\/image\/"},"sameAs":["https:\/\/www.facebook.com\/nautipartsspain\/","https:\/\/www.instagram.com\/nautiparts\/"]}]}},"_links":{"self":[{"href":"https:\/\/nauti-parts.com\/es\/wp-json\/wp\/v2\/product\/21395","targetHints":{"allow":["GET"]}}],"collection":[{"href":"https:\/\/nauti-parts.com\/es\/wp-json\/wp\/v2\/product"}],"about":[{"href":"https:\/\/nauti-parts.com\/es\/wp-json\/wp\/v2\/types\/product"}],"replies":[{"embeddable":true,"href":"https:\/\/nauti-parts.com\/es\/wp-json\/wp\/v2\/comments?post=21395"}],"wp:featuredmedia":[{"embeddable":true,"href":"https:\/\/nauti-parts.com\/es\/wp-json\/wp\/v2\/media\/17694"}],"wp:attachment":[{"href":"https:\/\/nauti-parts.com\/es\/wp-json\/wp\/v2\/media?parent=21395"}],"wp:term":[{"taxonomy":"product_brand","embeddable":true,"href":"https:\/\/nauti-parts.com\/es\/wp-json\/wp\/v2\/product_brand?post=21395"},{"taxonomy":"product_cat","embeddable":true,"href":"https:\/\/nauti-parts.com\/es\/wp-json\/wp\/v2\/product_cat?post=21395"},{"taxonomy":"product_tag","embeddable":true,"href":"https:\/\/nauti-parts.com\/es\/wp-json\/wp\/v2\/product_tag?post=21395"}],"curies":[{"name":"wp","href":"https:\/\/api.w.org\/{rel}","templated":true}]}}