{"id":21375,"date":"2024-02-07T11:34:34","date_gmt":"2024-02-07T11:34:34","guid":{"rendered":"https:\/\/nauti-parts.com\/shop\/sin categor\u00eda\/toldo-bimini-yachtbeach-sun-top\/"},"modified":"2024-02-07T11:34:34","modified_gmt":"2024-02-07T11:34:34","slug":"toldo-bimini-yachtbeach-sun-top","status":"publish","type":"product","link":"https:\/\/nauti-parts.com\/es\/shop\/hinchables\/playa-del-yate\/toldo-bimini-yachtbeach-sun-top\/","title":{"rendered":"Toldo bimini YachtBeach Sun top"},"content":{"rendered":"<p>Se pueden instalar en casi cualquier tipo de embarcaci\u00f3n, ya sean neum\u00e1ticas, embarcaciones deportivas abiertas, embarcaciones deportivas con parabrisas, embarcaciones con camarote o en el flybridge de yates m\u00e1s grandes, &#8230; las posibilidades de aplicaci\u00f3n son enormes. Incluso en los d\u00edas m\u00e1s calurosos, los toldos solares garantizan una ventilaci\u00f3n agradable y pueden instalarse f\u00e1cilmente en varios lugares de la misma embarcaci\u00f3n. Ni que decir tiene que son f\u00e1ciles de montar y se pueden recoger y guardar en pocos minutos.  <\/p>\n<p>Todos los toldos vienen con una bolsa de nailon para poder guardarlos f\u00e1cilmente en el espacio de almacenamiento una vez plegados. tambi\u00e9n se pueden guardar en el espacio de almacenamiento. Toldo de sol BIMINI El modelo BIMINI es un toldo de sol robusto con un tercer puntal adicional y un mecanismo de plegado mejorado. Adecuado para embarcaciones a motor de mayor velocidad.   <\/p>\n<p>Material del tejido: 70% poli\u00e9ster, 30% PVC Altura: versiones 150, 170 y 185 con 180 cm, versi\u00f3n 215 con 110 cm Tubos: aluminio, herrajes: pl\u00e1stico de alta calidad, sin problemas y resistente a los rayos UV. Anchura de instalaci\u00f3n: disponible en las siguientes versiones: Versi\u00f3n 150 con una anchura de 140-160 cm Versi\u00f3n 170 con una anchura de 160-180 cm Versi\u00f3n 185 con una anchura de 185-215 cm Versi\u00f3n 215 con una anchura de 215-235 cm <\/p>\n","protected":false},"excerpt":{"rendered":"<p>CUBIERTAS PARA EL SOL Todas estas cubiertas est\u00e1n dise\u00f1adas para ser f\u00e1ciles de usar y ahorrar espacio al guardarlas, y al mismo tiempo permitir la m\u00e1xima libertad de movimientos. <\/p>\n","protected":false},"featured_media":17844,"comment_status":"open","ping_status":"closed","template":"","meta":{"_acf_changed":false},"product_brand":[],"product_cat":[224,232,225],"product_tag":[],"class_list":{"0":"post-21375","1":"product","2":"type-product","3":"status-publish","4":"has-post-thumbnail","6":"product_cat-hinchables","7":"product_cat-plataformas","8":"product_cat-playa-del-yate","9":"repupress_customize_woocommerce_productom_class","11":"first","12":"instock","13":"taxable","14":"shipping-taxable","15":"purchasable","16":"product-type-simple"},"acf":[],"yoast_head":"<!-- This site is optimized with the Yoast SEO plugin v27.2 - https:\/\/yoast.com\/product\/yoast-seo-wordpress\/ -->\n<title>Toldo bimini YachtBeach Sun top | Nauti Parts<\/title>\n<meta name=\"robots\" content=\"index, follow, max-snippet:-1, max-image-preview:large, max-video-preview:-1\" \/>\n<link rel=\"canonical\" href=\"https:\/\/nauti-parts.com\/es\/shop\/hinchables\/playa-del-yate\/toldo-bimini-yachtbeach-sun-top\/\" \/>\n<meta property=\"og:locale\" content=\"es_ES\" \/>\n<meta property=\"og:type\" content=\"article\" \/>\n<meta property=\"og:title\" content=\"Toldo bimini YachtBeach Sun top | Nauti Parts\" \/>\n<meta property=\"og:description\" content=\"CUBIERTAS PARA EL SOL Todas estas cubiertas est\u00e1n dise\u00f1adas para ser f\u00e1ciles de usar y ahorrar espacio al guardarlas, y al mismo tiempo permitir la m\u00e1xima libertad de movimientos.\" \/>\n<meta property=\"og:url\" content=\"https:\/\/nauti-parts.com\/es\/shop\/hinchables\/playa-del-yate\/toldo-bimini-yachtbeach-sun-top\/\" \/>\n<meta property=\"og:site_name\" content=\"Nauti Parts\" \/>\n<meta property=\"article:publisher\" content=\"https:\/\/www.facebook.com\/nautipartsspain\/\" \/>\n<meta property=\"og:image\" content=\"https:\/\/nauti-parts.com\/wp-content\/uploads\/2024\/02\/suntopbimini.webp\" \/>\n\t<meta property=\"og:image:width\" content=\"1371\" \/>\n\t<meta property=\"og:image:height\" content=\"1080\" \/>\n\t<meta property=\"og:image:type\" content=\"image\/webp\" \/>\n<meta name=\"twitter:card\" content=\"summary_large_image\" \/>\n<meta name=\"twitter:label1\" content=\"Tiempo de lectura\" \/>\n\t<meta name=\"twitter:data1\" content=\"1 minuto\" \/>\n<script type=\"application\/ld+json\" class=\"yoast-schema-graph\">{\"@context\":\"https:\/\/schema.org\",\"@graph\":[{\"@type\":\"WebPage\",\"@id\":\"https:\/\/nauti-parts.com\/es\/shop\/hinchables\/playa-del-yate\/toldo-bimini-yachtbeach-sun-top\/\",\"url\":\"https:\/\/nauti-parts.com\/es\/shop\/hinchables\/playa-del-yate\/toldo-bimini-yachtbeach-sun-top\/\",\"name\":\"Toldo bimini YachtBeach Sun top | Nauti Parts\",\"isPartOf\":{\"@id\":\"https:\/\/nauti-parts.com\/es\/#website\"},\"primaryImageOfPage\":{\"@id\":\"https:\/\/nauti-parts.com\/es\/shop\/hinchables\/playa-del-yate\/toldo-bimini-yachtbeach-sun-top\/#primaryimage\"},\"image\":{\"@id\":\"https:\/\/nauti-parts.com\/es\/shop\/hinchables\/playa-del-yate\/toldo-bimini-yachtbeach-sun-top\/#primaryimage\"},\"thumbnailUrl\":\"https:\/\/nauti-parts.com\/wp-content\/uploads\/2024\/02\/suntopbimini.webp\",\"datePublished\":\"2024-02-07T11:34:34+00:00\",\"breadcrumb\":{\"@id\":\"https:\/\/nauti-parts.com\/es\/shop\/hinchables\/playa-del-yate\/toldo-bimini-yachtbeach-sun-top\/#breadcrumb\"},\"inLanguage\":\"es\",\"potentialAction\":[{\"@type\":\"ReadAction\",\"target\":[\"https:\/\/nauti-parts.com\/es\/shop\/hinchables\/playa-del-yate\/toldo-bimini-yachtbeach-sun-top\/\"]}]},{\"@type\":\"ImageObject\",\"inLanguage\":\"es\",\"@id\":\"https:\/\/nauti-parts.com\/es\/shop\/hinchables\/playa-del-yate\/toldo-bimini-yachtbeach-sun-top\/#primaryimage\",\"url\":\"https:\/\/nauti-parts.com\/wp-content\/uploads\/2024\/02\/suntopbimini.webp\",\"contentUrl\":\"https:\/\/nauti-parts.com\/wp-content\/uploads\/2024\/02\/suntopbimini.webp\",\"width\":1371,\"height\":1080},{\"@type\":\"BreadcrumbList\",\"@id\":\"https:\/\/nauti-parts.com\/es\/shop\/hinchables\/playa-del-yate\/toldo-bimini-yachtbeach-sun-top\/#breadcrumb\",\"itemListElement\":[{\"@type\":\"ListItem\",\"position\":1,\"name\":\"Tienda\",\"item\":\"https:\/\/nauti-parts.com\/es\/tienda\/\"},{\"@type\":\"ListItem\",\"position\":2,\"name\":\"Toldo bimini YachtBeach Sun top\"}]},{\"@type\":\"WebSite\",\"@id\":\"https:\/\/nauti-parts.com\/es\/#website\",\"url\":\"https:\/\/nauti-parts.com\/es\/\",\"name\":\"Nauti Parts\",\"description\":\"Sea-Doo Jet Ski - Seabob Dealer and Rentals | Water Toys Mallorca\",\"publisher\":{\"@id\":\"https:\/\/nauti-parts.com\/es\/#organization\"},\"potentialAction\":[{\"@type\":\"SearchAction\",\"target\":{\"@type\":\"EntryPoint\",\"urlTemplate\":\"https:\/\/nauti-parts.com\/es\/?s={search_term_string}\"},\"query-input\":{\"@type\":\"PropertyValueSpecification\",\"valueRequired\":true,\"valueName\":\"search_term_string\"}}],\"inLanguage\":\"es\"},{\"@type\":\"Organization\",\"@id\":\"https:\/\/nauti-parts.com\/es\/#organization\",\"name\":\"Piezas Nauti\",\"url\":\"https:\/\/nauti-parts.com\/es\/\",\"logo\":{\"@type\":\"ImageObject\",\"inLanguage\":\"es\",\"@id\":\"https:\/\/nauti-parts.com\/es\/#\/schema\/logo\/image\/\",\"url\":\"https:\/\/nauti-parts.com\/wp-content\/uploads\/2023\/10\/np-logo-black.png\",\"contentUrl\":\"https:\/\/nauti-parts.com\/wp-content\/uploads\/2023\/10\/np-logo-black.png\",\"width\":253,\"height\":100,\"caption\":\"Piezas Nauti\"},\"image\":{\"@id\":\"https:\/\/nauti-parts.com\/es\/#\/schema\/logo\/image\/\"},\"sameAs\":[\"https:\/\/www.facebook.com\/nautipartsspain\/\",\"https:\/\/www.instagram.com\/nautiparts\/\"]}]}<\/script>\n<!-- \/ Yoast SEO plugin. -->","yoast_head_json":{"title":"Toldo bimini YachtBeach Sun top | Nauti Parts","robots":{"index":"index","follow":"follow","max-snippet":"max-snippet:-1","max-image-preview":"max-image-preview:large","max-video-preview":"max-video-preview:-1"},"canonical":"https:\/\/nauti-parts.com\/es\/shop\/hinchables\/playa-del-yate\/toldo-bimini-yachtbeach-sun-top\/","og_locale":"es_ES","og_type":"article","og_title":"Toldo bimini YachtBeach Sun top | Nauti Parts","og_description":"CUBIERTAS PARA EL SOL Todas estas cubiertas est\u00e1n dise\u00f1adas para ser f\u00e1ciles de usar y ahorrar espacio al guardarlas, y al mismo tiempo permitir la m\u00e1xima libertad de movimientos.","og_url":"https:\/\/nauti-parts.com\/es\/shop\/hinchables\/playa-del-yate\/toldo-bimini-yachtbeach-sun-top\/","og_site_name":"Nauti Parts","article_publisher":"https:\/\/www.facebook.com\/nautipartsspain\/","og_image":[{"width":1371,"height":1080,"url":"https:\/\/nauti-parts.com\/wp-content\/uploads\/2024\/02\/suntopbimini.webp","type":"image\/webp"}],"twitter_card":"summary_large_image","twitter_misc":{"Tiempo de lectura":"1 minuto"},"schema":{"@context":"https:\/\/schema.org","@graph":[{"@type":"WebPage","@id":"https:\/\/nauti-parts.com\/es\/shop\/hinchables\/playa-del-yate\/toldo-bimini-yachtbeach-sun-top\/","url":"https:\/\/nauti-parts.com\/es\/shop\/hinchables\/playa-del-yate\/toldo-bimini-yachtbeach-sun-top\/","name":"Toldo bimini YachtBeach Sun top | Nauti Parts","isPartOf":{"@id":"https:\/\/nauti-parts.com\/es\/#website"},"primaryImageOfPage":{"@id":"https:\/\/nauti-parts.com\/es\/shop\/hinchables\/playa-del-yate\/toldo-bimini-yachtbeach-sun-top\/#primaryimage"},"image":{"@id":"https:\/\/nauti-parts.com\/es\/shop\/hinchables\/playa-del-yate\/toldo-bimini-yachtbeach-sun-top\/#primaryimage"},"thumbnailUrl":"https:\/\/nauti-parts.com\/wp-content\/uploads\/2024\/02\/suntopbimini.webp","datePublished":"2024-02-07T11:34:34+00:00","breadcrumb":{"@id":"https:\/\/nauti-parts.com\/es\/shop\/hinchables\/playa-del-yate\/toldo-bimini-yachtbeach-sun-top\/#breadcrumb"},"inLanguage":"es","potentialAction":[{"@type":"ReadAction","target":["https:\/\/nauti-parts.com\/es\/shop\/hinchables\/playa-del-yate\/toldo-bimini-yachtbeach-sun-top\/"]}]},{"@type":"ImageObject","inLanguage":"es","@id":"https:\/\/nauti-parts.com\/es\/shop\/hinchables\/playa-del-yate\/toldo-bimini-yachtbeach-sun-top\/#primaryimage","url":"https:\/\/nauti-parts.com\/wp-content\/uploads\/2024\/02\/suntopbimini.webp","contentUrl":"https:\/\/nauti-parts.com\/wp-content\/uploads\/2024\/02\/suntopbimini.webp","width":1371,"height":1080},{"@type":"BreadcrumbList","@id":"https:\/\/nauti-parts.com\/es\/shop\/hinchables\/playa-del-yate\/toldo-bimini-yachtbeach-sun-top\/#breadcrumb","itemListElement":[{"@type":"ListItem","position":1,"name":"Tienda","item":"https:\/\/nauti-parts.com\/es\/tienda\/"},{"@type":"ListItem","position":2,"name":"Toldo bimini YachtBeach Sun top"}]},{"@type":"WebSite","@id":"https:\/\/nauti-parts.com\/es\/#website","url":"https:\/\/nauti-parts.com\/es\/","name":"Nauti Parts","description":"Sea-Doo Jet Ski - Seabob Dealer and Rentals | Water Toys Mallorca","publisher":{"@id":"https:\/\/nauti-parts.com\/es\/#organization"},"potentialAction":[{"@type":"SearchAction","target":{"@type":"EntryPoint","urlTemplate":"https:\/\/nauti-parts.com\/es\/?s={search_term_string}"},"query-input":{"@type":"PropertyValueSpecification","valueRequired":true,"valueName":"search_term_string"}}],"inLanguage":"es"},{"@type":"Organization","@id":"https:\/\/nauti-parts.com\/es\/#organization","name":"Piezas Nauti","url":"https:\/\/nauti-parts.com\/es\/","logo":{"@type":"ImageObject","inLanguage":"es","@id":"https:\/\/nauti-parts.com\/es\/#\/schema\/logo\/image\/","url":"https:\/\/nauti-parts.com\/wp-content\/uploads\/2023\/10\/np-logo-black.png","contentUrl":"https:\/\/nauti-parts.com\/wp-content\/uploads\/2023\/10\/np-logo-black.png","width":253,"height":100,"caption":"Piezas Nauti"},"image":{"@id":"https:\/\/nauti-parts.com\/es\/#\/schema\/logo\/image\/"},"sameAs":["https:\/\/www.facebook.com\/nautipartsspain\/","https:\/\/www.instagram.com\/nautiparts\/"]}]}},"_links":{"self":[{"href":"https:\/\/nauti-parts.com\/es\/wp-json\/wp\/v2\/product\/21375","targetHints":{"allow":["GET"]}}],"collection":[{"href":"https:\/\/nauti-parts.com\/es\/wp-json\/wp\/v2\/product"}],"about":[{"href":"https:\/\/nauti-parts.com\/es\/wp-json\/wp\/v2\/types\/product"}],"replies":[{"embeddable":true,"href":"https:\/\/nauti-parts.com\/es\/wp-json\/wp\/v2\/comments?post=21375"}],"wp:featuredmedia":[{"embeddable":true,"href":"https:\/\/nauti-parts.com\/es\/wp-json\/wp\/v2\/media\/17844"}],"wp:attachment":[{"href":"https:\/\/nauti-parts.com\/es\/wp-json\/wp\/v2\/media?parent=21375"}],"wp:term":[{"taxonomy":"product_brand","embeddable":true,"href":"https:\/\/nauti-parts.com\/es\/wp-json\/wp\/v2\/product_brand?post=21375"},{"taxonomy":"product_cat","embeddable":true,"href":"https:\/\/nauti-parts.com\/es\/wp-json\/wp\/v2\/product_cat?post=21375"},{"taxonomy":"product_tag","embeddable":true,"href":"https:\/\/nauti-parts.com\/es\/wp-json\/wp\/v2\/product_tag?post=21375"}],"curies":[{"name":"wp","href":"https:\/\/api.w.org\/{rel}","templated":true}]}}