{"id":21324,"date":"2024-02-16T10:40:45","date_gmt":"2024-02-16T10:40:45","guid":{"rendered":"https:\/\/nauti-parts.com\/shop\/sin categor\u00eda\/carpa-pabellon-yachtbeach-con-6-mastiles\/"},"modified":"2024-02-16T10:40:45","modified_gmt":"2024-02-16T10:40:45","slug":"carpa-pabellon-yachtbeach-con-6-mastiles","status":"publish","type":"product","link":"https:\/\/nauti-parts.com\/es\/shop\/hinchables\/playa-del-yate\/carpa-pabellon-yachtbeach-con-6-mastiles\/","title":{"rendered":"CARPA PABELL\u00d3N YACHTBEACH CON 6 M\u00c1STILES"},"content":{"rendered":"<p>Sentirse en conexi\u00f3n con el agua y disfrutar de la comodidad de El Pabell\u00f3n da m\u00e1s valor a cada montaje. Consta de diferentes elementos y es un sistema modular. Tenemos la plataforma base con opciones de suelo intercambiables y una carpa que te ofrece sombra y tambi\u00e9n tiene diferentes opciones para la cubierta superior. Cuando tengas problemas con el sol bajo, tambi\u00e9n hay un complemento disponible, puedes a\u00f1adir elementos de cortina en la carpa para tener mejor sombra en diferentes situaciones. Para obtener la m\u00e1xima comodidad, te ofrecemos el Sof\u00e1 Pabell\u00f3n y el Respaldo, as\u00ed como una mesa que encaja perfectamente en el centro. Estos elementos tambi\u00e9n se pueden utilizar por separado en la playa como una c\u00f3moda tumbona.     <\/p>\n<hr>\n<p><strong>Medidas de la tienda pabell\u00f3n con 6 varillas<\/strong><\/p>\n<p>Tama\u00f1o: 500\u00d7430 cm \/ 185 cm de altura abierta<br \/>\nPeso con bolsa: . 39 kg &#8211; 85lbs<br \/>\nTama\u00f1o del embalaje: 111x 69x51cm<br \/>\nCapacidad:<br \/>\nHasta 8 personas  <\/p>\n","protected":false},"excerpt":{"rendered":"<div class=\"elementor-element elementor-element-0c57f1e e-flex e-con-boxed e-con e-parent\" data-id=\"0c57f1e\" data-element_type=\"container\" data-settings=\"{\"content_width\":\"boxed\"}\" data-core-v316-plus=\"true\">\n<div class=\"e-con-inner\">\n<div class=\"elementor-element elementor-element-d2f0dd2 e-flex e-con-boxed e-con e-child\" data-id=\"d2f0dd2\" data-element_type=\"container\" data-settings=\"{\"background_background\":\"classic\",\"content_width\":\"boxed\"}\">\n<div class=\"e-con-inner\">\n<div class=\"elementor-element elementor-element-e481589 elementor-widget elementor-widget-text-editor\" data-id=\"e481589\" data-element_type=\"widget\" data-widget_type=\"text-editor.default\">\n<div class=\"elementor-widget-container\">El Pabell\u00f3n redefine la arquitectura de eventos con su estructura hinchable de punto de ca\u00edda, que proporciona un espacio elegante y resistente a la intemperie que combina a la perfecci\u00f3n el encanto del exterior con la comodidad del interior.<\/div>\n<\/div>\n<\/div>\n<\/div>\n<\/div>\n<\/div>\n","protected":false},"featured_media":17892,"comment_status":"open","ping_status":"closed","template":"","meta":{"_acf_changed":false},"product_brand":[],"product_cat":[224,232,225],"product_tag":[],"class_list":{"0":"post-21324","1":"product","2":"type-product","3":"status-publish","4":"has-post-thumbnail","6":"product_cat-hinchables","7":"product_cat-plataformas","8":"product_cat-playa-del-yate","9":"repupress_customize_woocommerce_productom_class","11":"first","12":"instock","13":"taxable","14":"shipping-taxable","15":"purchasable","16":"product-type-simple"},"acf":[],"yoast_head":"<!-- This site is optimized with the Yoast SEO plugin v27.2 - https:\/\/yoast.com\/product\/yoast-seo-wordpress\/ -->\n<title>CARPA PABELL\u00d3N YACHTBEACH CON 6 M\u00c1STILES | Nauti Parts<\/title>\n<meta name=\"robots\" content=\"index, follow, max-snippet:-1, max-image-preview:large, max-video-preview:-1\" \/>\n<link rel=\"canonical\" href=\"https:\/\/nauti-parts.com\/es\/shop\/hinchables\/playa-del-yate\/carpa-pabellon-yachtbeach-con-6-mastiles\/\" \/>\n<meta property=\"og:locale\" content=\"es_ES\" \/>\n<meta property=\"og:type\" content=\"article\" \/>\n<meta property=\"og:title\" content=\"CARPA PABELL\u00d3N YACHTBEACH CON 6 M\u00c1STILES | Nauti Parts\" \/>\n<meta property=\"og:description\" content=\"El Pabell\u00f3n redefine la arquitectura de eventos con su estructura hinchable de punto de ca\u00edda, que proporciona un espacio elegante y resistente a la intemperie que combina a la perfecci\u00f3n el encanto del exterior con la comodidad del interior.\" \/>\n<meta property=\"og:url\" content=\"https:\/\/nauti-parts.com\/es\/shop\/hinchables\/playa-del-yate\/carpa-pabellon-yachtbeach-con-6-mastiles\/\" \/>\n<meta property=\"og:site_name\" content=\"Nauti Parts\" \/>\n<meta property=\"article:publisher\" content=\"https:\/\/www.facebook.com\/nautipartsspain\/\" \/>\n<meta property=\"og:image\" content=\"https:\/\/nauti-parts.com\/wp-content\/uploads\/2024\/02\/tent.webp\" \/>\n\t<meta property=\"og:image:width\" content=\"1200\" \/>\n\t<meta property=\"og:image:height\" content=\"1200\" \/>\n\t<meta property=\"og:image:type\" content=\"image\/webp\" \/>\n<meta name=\"twitter:card\" content=\"summary_large_image\" \/>\n<meta name=\"twitter:label1\" content=\"Tiempo de lectura\" \/>\n\t<meta name=\"twitter:data1\" content=\"1 minuto\" \/>\n<script type=\"application\/ld+json\" class=\"yoast-schema-graph\">{\"@context\":\"https:\/\/schema.org\",\"@graph\":[{\"@type\":\"WebPage\",\"@id\":\"https:\/\/nauti-parts.com\/es\/shop\/hinchables\/playa-del-yate\/carpa-pabellon-yachtbeach-con-6-mastiles\/\",\"url\":\"https:\/\/nauti-parts.com\/es\/shop\/hinchables\/playa-del-yate\/carpa-pabellon-yachtbeach-con-6-mastiles\/\",\"name\":\"CARPA PABELL\u00d3N YACHTBEACH CON 6 M\u00c1STILES | Nauti Parts\",\"isPartOf\":{\"@id\":\"https:\/\/nauti-parts.com\/es\/#website\"},\"primaryImageOfPage\":{\"@id\":\"https:\/\/nauti-parts.com\/es\/shop\/hinchables\/playa-del-yate\/carpa-pabellon-yachtbeach-con-6-mastiles\/#primaryimage\"},\"image\":{\"@id\":\"https:\/\/nauti-parts.com\/es\/shop\/hinchables\/playa-del-yate\/carpa-pabellon-yachtbeach-con-6-mastiles\/#primaryimage\"},\"thumbnailUrl\":\"https:\/\/nauti-parts.com\/wp-content\/uploads\/2024\/02\/tent.webp\",\"datePublished\":\"2024-02-16T10:40:45+00:00\",\"breadcrumb\":{\"@id\":\"https:\/\/nauti-parts.com\/es\/shop\/hinchables\/playa-del-yate\/carpa-pabellon-yachtbeach-con-6-mastiles\/#breadcrumb\"},\"inLanguage\":\"es\",\"potentialAction\":[{\"@type\":\"ReadAction\",\"target\":[\"https:\/\/nauti-parts.com\/es\/shop\/hinchables\/playa-del-yate\/carpa-pabellon-yachtbeach-con-6-mastiles\/\"]}]},{\"@type\":\"ImageObject\",\"inLanguage\":\"es\",\"@id\":\"https:\/\/nauti-parts.com\/es\/shop\/hinchables\/playa-del-yate\/carpa-pabellon-yachtbeach-con-6-mastiles\/#primaryimage\",\"url\":\"https:\/\/nauti-parts.com\/wp-content\/uploads\/2024\/02\/tent.webp\",\"contentUrl\":\"https:\/\/nauti-parts.com\/wp-content\/uploads\/2024\/02\/tent.webp\",\"width\":1200,\"height\":1200},{\"@type\":\"BreadcrumbList\",\"@id\":\"https:\/\/nauti-parts.com\/es\/shop\/hinchables\/playa-del-yate\/carpa-pabellon-yachtbeach-con-6-mastiles\/#breadcrumb\",\"itemListElement\":[{\"@type\":\"ListItem\",\"position\":1,\"name\":\"Tienda\",\"item\":\"https:\/\/nauti-parts.com\/es\/tienda\/\"},{\"@type\":\"ListItem\",\"position\":2,\"name\":\"CARPA PABELL\u00d3N YACHTBEACH CON 6 M\u00c1STILES\"}]},{\"@type\":\"WebSite\",\"@id\":\"https:\/\/nauti-parts.com\/es\/#website\",\"url\":\"https:\/\/nauti-parts.com\/es\/\",\"name\":\"Nauti Parts\",\"description\":\"Sea-Doo Jet Ski - Seabob Dealer and Rentals | Water Toys Mallorca\",\"publisher\":{\"@id\":\"https:\/\/nauti-parts.com\/es\/#organization\"},\"potentialAction\":[{\"@type\":\"SearchAction\",\"target\":{\"@type\":\"EntryPoint\",\"urlTemplate\":\"https:\/\/nauti-parts.com\/es\/?s={search_term_string}\"},\"query-input\":{\"@type\":\"PropertyValueSpecification\",\"valueRequired\":true,\"valueName\":\"search_term_string\"}}],\"inLanguage\":\"es\"},{\"@type\":\"Organization\",\"@id\":\"https:\/\/nauti-parts.com\/es\/#organization\",\"name\":\"Piezas Nauti\",\"url\":\"https:\/\/nauti-parts.com\/es\/\",\"logo\":{\"@type\":\"ImageObject\",\"inLanguage\":\"es\",\"@id\":\"https:\/\/nauti-parts.com\/es\/#\/schema\/logo\/image\/\",\"url\":\"https:\/\/nauti-parts.com\/wp-content\/uploads\/2023\/10\/np-logo-black.png\",\"contentUrl\":\"https:\/\/nauti-parts.com\/wp-content\/uploads\/2023\/10\/np-logo-black.png\",\"width\":253,\"height\":100,\"caption\":\"Piezas Nauti\"},\"image\":{\"@id\":\"https:\/\/nauti-parts.com\/es\/#\/schema\/logo\/image\/\"},\"sameAs\":[\"https:\/\/www.facebook.com\/nautipartsspain\/\",\"https:\/\/www.instagram.com\/nautiparts\/\"]}]}<\/script>\n<!-- \/ Yoast SEO plugin. -->","yoast_head_json":{"title":"CARPA PABELL\u00d3N YACHTBEACH CON 6 M\u00c1STILES | Nauti Parts","robots":{"index":"index","follow":"follow","max-snippet":"max-snippet:-1","max-image-preview":"max-image-preview:large","max-video-preview":"max-video-preview:-1"},"canonical":"https:\/\/nauti-parts.com\/es\/shop\/hinchables\/playa-del-yate\/carpa-pabellon-yachtbeach-con-6-mastiles\/","og_locale":"es_ES","og_type":"article","og_title":"CARPA PABELL\u00d3N YACHTBEACH CON 6 M\u00c1STILES | Nauti Parts","og_description":"El Pabell\u00f3n redefine la arquitectura de eventos con su estructura hinchable de punto de ca\u00edda, que proporciona un espacio elegante y resistente a la intemperie que combina a la perfecci\u00f3n el encanto del exterior con la comodidad del interior.","og_url":"https:\/\/nauti-parts.com\/es\/shop\/hinchables\/playa-del-yate\/carpa-pabellon-yachtbeach-con-6-mastiles\/","og_site_name":"Nauti Parts","article_publisher":"https:\/\/www.facebook.com\/nautipartsspain\/","og_image":[{"width":1200,"height":1200,"url":"https:\/\/nauti-parts.com\/wp-content\/uploads\/2024\/02\/tent.webp","type":"image\/webp"}],"twitter_card":"summary_large_image","twitter_misc":{"Tiempo de lectura":"1 minuto"},"schema":{"@context":"https:\/\/schema.org","@graph":[{"@type":"WebPage","@id":"https:\/\/nauti-parts.com\/es\/shop\/hinchables\/playa-del-yate\/carpa-pabellon-yachtbeach-con-6-mastiles\/","url":"https:\/\/nauti-parts.com\/es\/shop\/hinchables\/playa-del-yate\/carpa-pabellon-yachtbeach-con-6-mastiles\/","name":"CARPA PABELL\u00d3N YACHTBEACH CON 6 M\u00c1STILES | Nauti Parts","isPartOf":{"@id":"https:\/\/nauti-parts.com\/es\/#website"},"primaryImageOfPage":{"@id":"https:\/\/nauti-parts.com\/es\/shop\/hinchables\/playa-del-yate\/carpa-pabellon-yachtbeach-con-6-mastiles\/#primaryimage"},"image":{"@id":"https:\/\/nauti-parts.com\/es\/shop\/hinchables\/playa-del-yate\/carpa-pabellon-yachtbeach-con-6-mastiles\/#primaryimage"},"thumbnailUrl":"https:\/\/nauti-parts.com\/wp-content\/uploads\/2024\/02\/tent.webp","datePublished":"2024-02-16T10:40:45+00:00","breadcrumb":{"@id":"https:\/\/nauti-parts.com\/es\/shop\/hinchables\/playa-del-yate\/carpa-pabellon-yachtbeach-con-6-mastiles\/#breadcrumb"},"inLanguage":"es","potentialAction":[{"@type":"ReadAction","target":["https:\/\/nauti-parts.com\/es\/shop\/hinchables\/playa-del-yate\/carpa-pabellon-yachtbeach-con-6-mastiles\/"]}]},{"@type":"ImageObject","inLanguage":"es","@id":"https:\/\/nauti-parts.com\/es\/shop\/hinchables\/playa-del-yate\/carpa-pabellon-yachtbeach-con-6-mastiles\/#primaryimage","url":"https:\/\/nauti-parts.com\/wp-content\/uploads\/2024\/02\/tent.webp","contentUrl":"https:\/\/nauti-parts.com\/wp-content\/uploads\/2024\/02\/tent.webp","width":1200,"height":1200},{"@type":"BreadcrumbList","@id":"https:\/\/nauti-parts.com\/es\/shop\/hinchables\/playa-del-yate\/carpa-pabellon-yachtbeach-con-6-mastiles\/#breadcrumb","itemListElement":[{"@type":"ListItem","position":1,"name":"Tienda","item":"https:\/\/nauti-parts.com\/es\/tienda\/"},{"@type":"ListItem","position":2,"name":"CARPA PABELL\u00d3N YACHTBEACH CON 6 M\u00c1STILES"}]},{"@type":"WebSite","@id":"https:\/\/nauti-parts.com\/es\/#website","url":"https:\/\/nauti-parts.com\/es\/","name":"Nauti Parts","description":"Sea-Doo Jet Ski - Seabob Dealer and Rentals | Water Toys Mallorca","publisher":{"@id":"https:\/\/nauti-parts.com\/es\/#organization"},"potentialAction":[{"@type":"SearchAction","target":{"@type":"EntryPoint","urlTemplate":"https:\/\/nauti-parts.com\/es\/?s={search_term_string}"},"query-input":{"@type":"PropertyValueSpecification","valueRequired":true,"valueName":"search_term_string"}}],"inLanguage":"es"},{"@type":"Organization","@id":"https:\/\/nauti-parts.com\/es\/#organization","name":"Piezas Nauti","url":"https:\/\/nauti-parts.com\/es\/","logo":{"@type":"ImageObject","inLanguage":"es","@id":"https:\/\/nauti-parts.com\/es\/#\/schema\/logo\/image\/","url":"https:\/\/nauti-parts.com\/wp-content\/uploads\/2023\/10\/np-logo-black.png","contentUrl":"https:\/\/nauti-parts.com\/wp-content\/uploads\/2023\/10\/np-logo-black.png","width":253,"height":100,"caption":"Piezas Nauti"},"image":{"@id":"https:\/\/nauti-parts.com\/es\/#\/schema\/logo\/image\/"},"sameAs":["https:\/\/www.facebook.com\/nautipartsspain\/","https:\/\/www.instagram.com\/nautiparts\/"]}]}},"_links":{"self":[{"href":"https:\/\/nauti-parts.com\/es\/wp-json\/wp\/v2\/product\/21324","targetHints":{"allow":["GET"]}}],"collection":[{"href":"https:\/\/nauti-parts.com\/es\/wp-json\/wp\/v2\/product"}],"about":[{"href":"https:\/\/nauti-parts.com\/es\/wp-json\/wp\/v2\/types\/product"}],"replies":[{"embeddable":true,"href":"https:\/\/nauti-parts.com\/es\/wp-json\/wp\/v2\/comments?post=21324"}],"wp:featuredmedia":[{"embeddable":true,"href":"https:\/\/nauti-parts.com\/es\/wp-json\/wp\/v2\/media\/17892"}],"wp:attachment":[{"href":"https:\/\/nauti-parts.com\/es\/wp-json\/wp\/v2\/media?parent=21324"}],"wp:term":[{"taxonomy":"product_brand","embeddable":true,"href":"https:\/\/nauti-parts.com\/es\/wp-json\/wp\/v2\/product_brand?post=21324"},{"taxonomy":"product_cat","embeddable":true,"href":"https:\/\/nauti-parts.com\/es\/wp-json\/wp\/v2\/product_cat?post=21324"},{"taxonomy":"product_tag","embeddable":true,"href":"https:\/\/nauti-parts.com\/es\/wp-json\/wp\/v2\/product_tag?post=21324"}],"curies":[{"name":"wp","href":"https:\/\/api.w.org\/{rel}","templated":true}]}}